{"id":6112,"date":"2019-10-21T11:16:11","date_gmt":"2019-10-21T09:16:11","guid":{"rendered":"https:\/\/www.trivec.aws-staging.swace.se\/?page_id=6112"},"modified":"2022-11-23T13:56:27","modified_gmt":"2022-11-23T12:56:27","slug":"malmo-ff-okar-forsaljningen-med-dubbla-procentenheter-med-kassasystem-fran-trivec","status":"publish","type":"page","link":"https:\/\/trivec.aws-staging.swace.se\/sv\/kunder\/malmo-ff-okar-forsaljningen-med-dubbla-procentenheter-med-kassasystem-fran-trivec\/","title":{"rendered":"Malm\u00f6 FF"},"content":{"rendered":"<div class=\"wpb-content-wrapper\"><p>[vc_row padding_bottom=&#8221;medium&#8221;][vc_column][vc_story heading_text=&#8221;Malm\u00f6 FF \u00f6kar f\u00f6rs\u00e4ljningen med dubbla procentenheter med kassasystem fr\u00e5n Trivec&#8221; preamble=&#8221;Med kapacitet p\u00e5 24 000 bes\u00f6kare har Stadion i Malm\u00f6 sedan invigningen 2009 s\u00e5lt ett och annat popcorn. Inte nog med att Stadion innefattar 56 kiosker, 2 folk\u00f6l-st\u00e5nd, 6 barer, 2 restauranger och drygt 40 loger, d\u00e4r all f\u00f6rs\u00e4ljning i Trivec sk\u00f6ts av 250\u2013300 timanst\u00e4llda. Det kr\u00e4vs noggrann planering med tydlig information f\u00f6r att en matchdag ska kunna genomf\u00f6ras s\u00f6ml\u00f6st.&#8221;][\/vc_story][\/vc_column][\/vc_row][vc_row padding_top=&#8221;none&#8221; padding_bottom=&#8221;none&#8221;][vc_column][vc_statistic_list][vc_statistic_list_item metric=&#8221;228 st&#8221;]Kassor, betalterminaler och iPads installerade p\u00e5 Stadion[\/vc_statistic_list_item][vc_statistic_list_item metric=&#8221;20s&#8221;]Tid som sparas in per kortbetalande kund[\/vc_statistic_list_item][vc_statistic_list_item metric=&#8221;200+&#8221;]Timanst\u00e4llda vid matchdag och stora arrangemang[\/vc_statistic_list_item][\/vc_statistic_list][\/vc_column][\/vc_row][vc_row equal_height=&#8221;yes&#8221; padding_top=&#8221;medium&#8221;][vc_column][vc_story]<\/p>\n<h2>MFF Event tog \u00f6ver driften p\u00e5 Stadion inf\u00f6r s\u00e4songen 2019<\/h2>\n<p>MFF Event AB driver som hel\u00e4gt dotterbolag till Malm\u00f6 Fotbollsf\u00f6rening all event-, restaurang- samt kioskverksamhet p\u00e5 Stadion i Malm\u00f6 sedan 1 januari 2019. Merparten av de nio heltidsanst\u00e4llda arbetade tidigare f\u00f6r den externa operat\u00f6ren som haft ansvar f\u00f6r verksamheten p\u00e5 arenan.<\/p>\n<p>Under matchdagar finns det uppemot 300 timanst\u00e4llda personer som arbetar p\u00e5 plats i n\u00e5gon av Stadions:<\/p>\n<ul>\n<li>56 kiosker<\/li>\n<li>2 folk\u00f6ls-st\u00e5nd<\/li>\n<li>6 barer<\/li>\n<li>1 restaurang med drygt 200 sittplatser<\/li>\n<li>1 st\u00f6rre restaurang f\u00f6r sponsorer och event med maxkapacitet p\u00e5 2 200 personer<\/li>\n<li>Drygt 40 loger med totalt plats f\u00f6r 560 personer<\/li>\n<\/ul>\n<p>&nbsp;<\/p>\n<h2><img loading=\"lazy\" decoding=\"async\" class=\"alignnone size-large wp-image-28931\" src=\"https:\/\/www.trivec.se\/wp\/uploads\/2022\/11\/MFF5-min-1024x683.jpg\" alt=\"Malm\u00f6 FF\" width=\"1024\" height=\"683\" srcset=\"https:\/\/trivec.aws-staging.swace.se\/wp\/uploads\/2022\/11\/MFF5-min-1024x683.jpg 1024w, https:\/\/trivec.aws-staging.swace.se\/wp\/uploads\/2022\/11\/MFF5-min-300x200.jpg 300w, https:\/\/trivec.aws-staging.swace.se\/wp\/uploads\/2022\/11\/MFF5-min-768x512.jpg 768w, https:\/\/trivec.aws-staging.swace.se\/wp\/uploads\/2022\/11\/MFF5-min-1536x1024.jpg 1536w, https:\/\/trivec.aws-staging.swace.se\/wp\/uploads\/2022\/11\/MFF5-min-2048x1365.jpg 2048w\" sizes=\"auto, (max-width: 1024px) 100vw, 1024px\" \/><\/h2>\n<h2>Trivec var r\u00e4tt leverant\u00f6r f\u00f6r MFF Event<\/h2>\n<p>Marcus Lehtonen, Head of Food &amp; Beverage ber\u00e4ttar om hur Trivec varit en viktig byggsten n\u00e4r MFF Event tog \u00f6ver driften p\u00e5 Stadion inf\u00f6r s\u00e4songen 2019.<\/p>\n<blockquote><p>D\u00e5 driften tidigare l\u00e5g hos extern akt\u00f6r var kassasystemet deras. Vi beh\u00f6vde ha ett nytt, v\u00e4lfungerande system som klarade av h\u00f6ga volymer transaktioner under kort tid. Jag hade tidigare bra erfarenhet av Trivecs kassasystem och support, ber\u00e4ttar Marcus Lehtonen, Head of Food &amp; Beverage.<\/p><\/blockquote>\n<p>Marcus forts\u00e4tter, \u201dTrivec passade oss eftersom vi beh\u00f6vde en stor akt\u00f6r med erfarenhet av en komplicerad verksamhet. Lokal f\u00f6rankring var ocks\u00e5 viktigt eftersom support p\u00e5 plats \u00e4r \u00f6nskv\u00e4rt vid matcher och st\u00f6rre arrangemang.\u201d<\/p>\n<p>Installerat p\u00e5 Stadion finns:<\/p>\n<ul>\n<li>72 kassor<\/li>\n<li>8 iPads<\/li>\n<li>148 kortterminaler, varav alla \u00e4r integrerade<\/li>\n<\/ul>\n<p>Det \u00e4r viktigt f\u00f6r Marcus att alla som arbetar p\u00e5 Stadion under en matchdag har ett system som \u00e4r enkelt och smidigt att l\u00e4ra sig p\u00e5 ett par minuter. \u201dVi valde Trivec mycket p\u00e5 grund av funktionalitet. Dels d\u00e5 det finns m\u00f6jlighet att f\u00e4rgkoda menyval \u2013 vilket g\u00f6r Trivec l\u00e4ttjobbat f\u00f6r de som bara \u00e4r p\u00e5 plats n\u00e5gon g\u00e5ng i m\u00e5naden\u201d ber\u00e4ttar Marcus och forts\u00e4tter \u201datt vi dessutom anv\u00e4nder integrerade kortterminaler \u00e4r direkt avg\u00f6rande. Jag uppskattar att vi sparar oss uppemot 15\u201320 sekunder per kortk\u00f6p gentemot det tidigare kassasystemet.\u201d<\/p>\n<p>&nbsp;<\/p>\n<h2>Supportrarna \u00e4r p\u00e5 plats \u2013 b\u00e5de Trivec och MFF:s!<\/h2>\n<p>Det \u00e4r inte bara MFF-supportrar som \u00e4r p\u00e5 plats n\u00e4r det vankas matchdag. \u00c4ven Trivecs support \u00e4r n\u00e4rvarande. En faktor som kvalificerade Trivec som en potentiell leverant\u00f6r av kassasystem var just att Trivec kunde erbjuda support p\u00e5 plats.<\/p>\n<p>&#8221;Att ha support p\u00e5 plats vid matchdagar och st\u00f6rre event \u00e4r en fantastisk service. Merkostnaden vi betalar \u00e4r ju liten i f\u00f6rh\u00e5llande till om en kassa g\u00e5r ner under en period,&#8221; f\u00f6rklarar Marcus.<\/p>\n<blockquote><p>Att ha support p\u00e5 plats vid matchdagar och st\u00f6rre event \u00e4r en fantastisk service. Merkostnaden vi betalar \u00e4r ju liten i f\u00f6rh\u00e5llande till om en kassa g\u00e5r ner under en period.<\/p><\/blockquote>\n<p>Ungef\u00e4r 3,5 timmar innan matchstart \u00e4r Trivecs support p\u00e5 plats p\u00e5 Stadion och hj\u00e4lper till. \u201dJag har gjort ett promenadschema f\u00f6r supportteknikerna att f\u00f6lja, och p\u00e5 s\u00e5 s\u00e4tt vet jag alltid var de \u00e4r om n\u00e5gonting dyker upp. Jag beh\u00f6ver alltid prioritera min personal, och d\u00e5 \u00e4r det en enorm trygghet att ha Trivec p\u00e5 plats.\u201d<\/p>\n<blockquote><p>Supporten tar \u00e4ven steg utanf\u00f6r vad de egentligen jobbar med om de uppt\u00e4cker att n\u00e5gonting i driften \u00e4r tokigt. D\u00e5 kan de notifiera mig p\u00e5 en g\u00e5ng ber\u00e4ttar Marcus, Head of Food &amp; Beverage hos Malm\u00f6 FF.<\/p><\/blockquote>\n<p>&nbsp;<\/p>\n<p>&nbsp;<\/p>\n<p>&nbsp;<\/p>\n<h2>Enkelt kassasystem f\u00f6r de hundratals eventanst\u00e4llda<\/h2>\n<p>En vanlig dag (inte matchdag) har Marcus personalansvar f\u00f6r 9 andra kollegor. En matchdag stiger den siffran bortemot 300 personer, och de allra flesta arbetar i Trivec. Det st\u00e4ller h\u00f6ga krav p\u00e5 ett system som \u00e4r enkelt och snabbt att l\u00e4ra sig.<\/p>\n<blockquote><p>V\u00e5r st\u00f6rsta utmaning \u00e4r och forts\u00e4tter vara att f\u00e5 fler \u00e4n 200 personer som arbetar n\u00e5gon enstaka g\u00e5ng per m\u00e5nad att l\u00e4ra sig ett nytt system. Vi har l\u00f6st detta tillsammans med Trivec genom att initialt ha ett mer begr\u00e4nsat sortiment som \u00e4r enkelt att hantera b\u00e5de operationellt samt i kassan, s\u00e4ger Marcus.<\/p><\/blockquote>\n<p>&nbsp;<\/p>\n<h2>F\u00f6rs\u00e4ljningen \u00f6kade med tv\u00e5siffriga procentenheter p\u00e5 bara n\u00e5gra m\u00e5nader<\/h2>\n<p>MFF Events f\u00f6rs\u00e4ljning har inte bara \u00f6kat sedan de tog \u00f6ver verksamheten p\u00e5 Stadion och b\u00f6rjade anv\u00e4nda Trivec, den har kort och gott skjutit i taket.<\/p>\n<p>&#8221;M\u00e5let \u00e4r att kassasystemet inom avtalsperioden skall vara sj\u00e4lvfinansierat genom \u00f6kad f\u00f6rs\u00e4ljning och l\u00f6nsamhet. Det m\u00e5let\u00a0kommer att \u00f6vertr\u00e4ffas med r\u00e5ge,&#8221; f\u00f6rklarar Marcus.<\/p>\n<blockquote><p>M\u00e5let \u00e4r att kassasystemet inom avtalsperioden skall vara sj\u00e4lvfinansierat genom \u00f6kad f\u00f6rs\u00e4ljning och l\u00f6nsamhet. Det m\u00e5let\u00a0kommer att \u00f6vertr\u00e4ffas med r\u00e5ge.<\/p><\/blockquote>\n<p>\u201dF\u00f6rs\u00e4ljningssiffrorna \u00f6kar med tv\u00e5siffriga procenttal oavsett hur vi m\u00e4ter. Vi har m\u00e4tt faktisk f\u00f6rs\u00e4ljning, snittcheckar och s\u00e5 vidare och trots en priss\u00e4nkning p\u00e5 9 %-enheter s\u00e5 \u00f6kar f\u00f6rs\u00e4ljningen som sagt med tv\u00e5siffriga procentenheter. Den reella \u00f6kningen \u00e4r allts\u00e5 v\u00e4ldigt stor.\u201d<\/p>\n<p>&nbsp;<\/p>\n<h2>Samarbetet med Trivec &#8211; nu och i framtiden<\/h2>\n<p>MFF Event har varit tydliga fr\u00e5n start, och tillsammans har tydliga m\u00e5l identifierats; b\u00e5de l\u00e5ngsiktiga och kortsiktiga m\u00e5l som utg\u00e5ngspunkter f\u00f6r samarbetet. Initialt \u00e4r m\u00e5let att s\u00e4kerst\u00e4lla att MFF Event kan genomf\u00f6ra driften inom ramar f\u00f6r alla lagar, avtal och dylikt. Kortsiktigt prioriteras upplevelsen f\u00f6r bes\u00f6karna p\u00e5 Stadion; b\u00e5de p\u00e5 matchdagar och icke matchdagar.<\/p>\n<p>\u201dSamarbetet med Trivec \u00e4r t\u00e4tt, flexibelt och givande,\u201d fastsl\u00e5r Marcus och forts\u00e4tter. \u201dAvtalet str\u00e4cker sig ett antal ytterligare \u00e5r fram\u00e5t och jag finner ingen anledning att ens \u00f6verv\u00e4ga en ny sonderingsrunda avseende kassasystem i nul\u00e4get.\u201d[\/vc_story][\/vc_column][\/vc_row][vc_row padding_top=&#8221;none&#8221;][vc_column width=&#8221;1\/6&#8243;][\/vc_column][vc_column width=&#8221;2\/3&#8243;][vc_color_box bg_color=&#8221;gray&#8221;][vc_column_text]<\/p>\n<h3>Om MFF Event AB<\/h3>\n<p>Malm\u00f6 FF \u00e4r en utav tv\u00e5 fotbollsf\u00f6reningar i Allsvenskan som sk\u00f6ter driften av sin Stadion. Malm\u00f6 FF \u00e4ger sj\u00e4lva Stadion, har eget ansvar f\u00f6r driften av fastigheten och sk\u00f6ter fr\u00e5n januari 2019 \u00e4ven driften av all servering p\u00e5 Stadion; s\u00e5v\u00e4l matchdagar som icke matchdagar. Malm\u00f6 FF \u00e4r den historiskt mest framg\u00e5ngsrika svenska fotbollsf\u00f6reningen med bland annat 20 SM-guld och 14 Cupsegrar. De senaste tio \u00e5ren har Malm\u00f6 FF vunnit fem guld samt \u00e4ven kvalificerat sig f\u00f6r Europeiskt gruppspel vid fem tillf\u00e4llen.[\/vc_column_text][vc_column_text]<\/p>\n<h3>Om Trivec<\/h3>\n<p>Trivec \u00e4r en ledande leverant\u00f6r av <a href=\"https:\/\/www.trivec.se\/produkter\/kassasystem-restaurang\/\">kassasystem<\/a> till den europeiska marknaden f\u00f6r restaurang, bar och<a href=\"https:\/\/www.trivec.se\/branscher-hotell\/\" target=\"_blank\" rel=\"noopener\">\u00a0hotell<\/a>. V\u00e5ra l\u00f6sningar f\u00f6renklar och optimerar betalningen samt underl\u00e4ttar styrningen av verksamheten. I Trivecs produkterbjudande ing\u00e5r kassasystem, <a href=\"https:\/\/www.trivec.se\/produkter\/kortterminaler\/\">kortterminaler<\/a>, handh\u00e5llna enheter och <a href=\"https:\/\/www.trivec.se\/produkter\/dryckessystem\/\">dryckessystem<\/a>, med flexibla alternativ f\u00f6r <a href=\"https:\/\/www.trivec.se\/produkter\/integrationer\/\">integration<\/a> med bokning, ekonomi, personal, ink\u00f6p och lagerfunktioner. Trivec grundades 1993 och har \u00f6ver 8000 kunder runt om i Europa och kontor i Sverige, Norge, Danmark, Belgien och Frankrike. L\u00e4s v\u00e5ra <a href=\"https:\/\/www.trivec.se\/kunder\/\">kundcase Trivec<\/a> h\u00e4r.[\/vc_column_text][vc_btn title=&#8221;L\u00e4s mer om Trivec&#8221; style=&#8221;read-more&#8221; link=&#8221;url:https%3A%2F%2Fwww.trivec.se%2F|title:L%C3%A4s%20mer%20om%20Trivec||&#8221;][\/vc_color_box][\/vc_column][vc_column width=&#8221;1\/6&#8243;][\/vc_column][\/vc_row]<\/p>\n<\/div>","protected":false},"excerpt":{"rendered":"<p>[vc_row padding_bottom=&#8221;medium&#8221;][vc_column][vc_story heading_text=&#8221;Malm\u00f6 FF \u00f6kar f\u00f6rs\u00e4ljningen med dubbla procentenheter med kassasystem fr\u00e5n Trivec&#8221; preamble=&#8221;Med kapacitet p\u00e5 24 000 bes\u00f6kare har Stadion i Malm\u00f6 sedan invigningen 2009 s\u00e5lt ett och annat popcorn. Inte nog med att Stadion innefattar 56 kiosker, 2 folk\u00f6l-st\u00e5nd, 6 barer, 2 restauranger och drygt 40 loger, d\u00e4r all f\u00f6rs\u00e4ljning i Trivec sk\u00f6ts [&hellip;]<\/p>\n","protected":false},"author":1,"featured_media":28931,"parent":129,"menu_order":4,"comment_status":"closed","ping_status":"closed","template":"","meta":{"_acf_changed":false,"content-type":"","footnotes":""},"class_list":["post-6112","page","type-page","status-publish","has-post-thumbnail","hentry"],"acf":[],"yoast_head":"<!-- This site is optimized with the Yoast SEO plugin v27.2 - https:\/\/yoast.com\/product\/yoast-seo-wordpress\/ -->\n<title>Malm\u00f6 FF och Trivec i samarbete<\/title>\n<meta name=\"description\" content=\"Malm\u00f6 FF i ett kundcase om hur de fick \u00f6kad f\u00f6rs\u00e4ljning tack vare nytt kassasystem f\u00f6r restaurang fr\u00e5n fr\u00e5n Trivec.\" \/>\n<meta name=\"robots\" content=\"noindex, follow\" \/>\n<meta property=\"og:locale\" content=\"sv_SE\" \/>\n<meta property=\"og:type\" content=\"article\" \/>\n<meta property=\"og:title\" content=\"Malm\u00f6 FF och Trivec i samarbete\" \/>\n<meta property=\"og:description\" content=\"Malm\u00f6 FF i ett kundcase om hur de fick \u00f6kad f\u00f6rs\u00e4ljning tack vare nytt kassasystem f\u00f6r restaurang fr\u00e5n fr\u00e5n Trivec.\" \/>\n<meta property=\"og:url\" content=\"https:\/\/trivec.aws-staging.swace.se\/sv\/kunder\/malmo-ff-okar-forsaljningen-med-dubbla-procentenheter-med-kassasystem-fran-trivec\/\" \/>\n<meta property=\"og:site_name\" content=\"Trivec\" \/>\n<meta property=\"article:modified_time\" content=\"2022-11-23T12:56:27+00:00\" \/>\n<meta property=\"og:image\" content=\"https:\/\/www.trivec.aws-staging.swace.se\/wp\/uploads\/2022\/11\/MFF5-min-scaled.jpg\" \/>\n\t<meta property=\"og:image:width\" content=\"2560\" \/>\n\t<meta property=\"og:image:height\" content=\"1707\" \/>\n\t<meta property=\"og:image:type\" content=\"image\/jpeg\" \/>\n<meta name=\"twitter:card\" content=\"summary_large_image\" \/>\n<meta name=\"twitter:label1\" content=\"Ber\u00e4knad l\u00e4stid\" \/>\n\t<meta name=\"twitter:data1\" content=\"6 minuter\" \/>\n<script type=\"application\/ld+json\" class=\"yoast-schema-graph\">{\"@context\":\"https:\/\/schema.org\",\"@graph\":[{\"@type\":\"WebPage\",\"@id\":\"https:\/\/trivec.aws-staging.swace.se\/sv\/kunder\/malmo-ff-okar-forsaljningen-med-dubbla-procentenheter-med-kassasystem-fran-trivec\/\",\"url\":\"https:\/\/trivec.aws-staging.swace.se\/sv\/kunder\/malmo-ff-okar-forsaljningen-med-dubbla-procentenheter-med-kassasystem-fran-trivec\/\",\"name\":\"Malm\u00f6 FF och Trivec i samarbete\",\"isPartOf\":{\"@id\":\"https:\/\/trivec.aws-staging.swace.se\/sv\/#website\"},\"primaryImageOfPage\":{\"@id\":\"https:\/\/trivec.aws-staging.swace.se\/sv\/kunder\/malmo-ff-okar-forsaljningen-med-dubbla-procentenheter-med-kassasystem-fran-trivec\/#primaryimage\"},\"image\":{\"@id\":\"https:\/\/trivec.aws-staging.swace.se\/sv\/kunder\/malmo-ff-okar-forsaljningen-med-dubbla-procentenheter-med-kassasystem-fran-trivec\/#primaryimage\"},\"thumbnailUrl\":\"https:\/\/trivec.aws-staging.swace.se\/wp\/uploads\/2022\/11\/MFF5-min-scaled.jpg\",\"datePublished\":\"2019-10-21T09:16:11+00:00\",\"dateModified\":\"2022-11-23T12:56:27+00:00\",\"description\":\"Malm\u00f6 FF i ett kundcase om hur de fick \u00f6kad f\u00f6rs\u00e4ljning tack vare nytt kassasystem f\u00f6r restaurang fr\u00e5n fr\u00e5n Trivec.\",\"breadcrumb\":{\"@id\":\"https:\/\/trivec.aws-staging.swace.se\/sv\/kunder\/malmo-ff-okar-forsaljningen-med-dubbla-procentenheter-med-kassasystem-fran-trivec\/#breadcrumb\"},\"inLanguage\":\"sv-SE\",\"potentialAction\":[{\"@type\":\"ReadAction\",\"target\":[\"https:\/\/trivec.aws-staging.swace.se\/sv\/kunder\/malmo-ff-okar-forsaljningen-med-dubbla-procentenheter-med-kassasystem-fran-trivec\/\"]}]},{\"@type\":\"ImageObject\",\"inLanguage\":\"sv-SE\",\"@id\":\"https:\/\/trivec.aws-staging.swace.se\/sv\/kunder\/malmo-ff-okar-forsaljningen-med-dubbla-procentenheter-med-kassasystem-fran-trivec\/#primaryimage\",\"url\":\"https:\/\/trivec.aws-staging.swace.se\/wp\/uploads\/2022\/11\/MFF5-min-scaled.jpg\",\"contentUrl\":\"https:\/\/trivec.aws-staging.swace.se\/wp\/uploads\/2022\/11\/MFF5-min-scaled.jpg\",\"width\":2560,\"height\":1707,\"caption\":\"Malm\u00f6 FF\"},{\"@type\":\"BreadcrumbList\",\"@id\":\"https:\/\/trivec.aws-staging.swace.se\/sv\/kunder\/malmo-ff-okar-forsaljningen-med-dubbla-procentenheter-med-kassasystem-fran-trivec\/#breadcrumb\",\"itemListElement\":[{\"@type\":\"ListItem\",\"position\":1,\"name\":\"Home\",\"item\":\"https:\/\/www.trivec.aws-staging.swace.se\/sv\/\"},{\"@type\":\"ListItem\",\"position\":2,\"name\":\"Kunder\",\"item\":\"https:\/\/www.trivec.aws-staging.swace.se\/sv\/kunder\/\"},{\"@type\":\"ListItem\",\"position\":3,\"name\":\"Malm\u00f6 FF\"}]},{\"@type\":\"WebSite\",\"@id\":\"https:\/\/trivec.aws-staging.swace.se\/sv\/#website\",\"url\":\"https:\/\/trivec.aws-staging.swace.se\/sv\/\",\"name\":\"Trivec\",\"description\":\"Kassasystem f\u00f6r restauranger, barer och hotell\",\"potentialAction\":[{\"@type\":\"SearchAction\",\"target\":{\"@type\":\"EntryPoint\",\"urlTemplate\":\"https:\/\/trivec.aws-staging.swace.se\/sv\/?s={search_term_string}\"},\"query-input\":{\"@type\":\"PropertyValueSpecification\",\"valueRequired\":true,\"valueName\":\"search_term_string\"}}],\"inLanguage\":\"sv-SE\"}]}<\/script>\n<!-- \/ Yoast SEO plugin. -->","yoast_head_json":{"title":"Malm\u00f6 FF och Trivec i samarbete","description":"Malm\u00f6 FF i ett kundcase om hur de fick \u00f6kad f\u00f6rs\u00e4ljning tack vare nytt kassasystem f\u00f6r restaurang fr\u00e5n fr\u00e5n Trivec.","robots":{"index":"noindex","follow":"follow"},"og_locale":"sv_SE","og_type":"article","og_title":"Malm\u00f6 FF och Trivec i samarbete","og_description":"Malm\u00f6 FF i ett kundcase om hur de fick \u00f6kad f\u00f6rs\u00e4ljning tack vare nytt kassasystem f\u00f6r restaurang fr\u00e5n fr\u00e5n Trivec.","og_url":"https:\/\/trivec.aws-staging.swace.se\/sv\/kunder\/malmo-ff-okar-forsaljningen-med-dubbla-procentenheter-med-kassasystem-fran-trivec\/","og_site_name":"Trivec","article_modified_time":"2022-11-23T12:56:27+00:00","og_image":[{"width":2560,"height":1707,"url":"https:\/\/www.trivec.aws-staging.swace.se\/wp\/uploads\/2022\/11\/MFF5-min-scaled.jpg","type":"image\/jpeg"}],"twitter_card":"summary_large_image","twitter_misc":{"Ber\u00e4knad l\u00e4stid":"6 minuter"},"schema":{"@context":"https:\/\/schema.org","@graph":[{"@type":"WebPage","@id":"https:\/\/trivec.aws-staging.swace.se\/sv\/kunder\/malmo-ff-okar-forsaljningen-med-dubbla-procentenheter-med-kassasystem-fran-trivec\/","url":"https:\/\/trivec.aws-staging.swace.se\/sv\/kunder\/malmo-ff-okar-forsaljningen-med-dubbla-procentenheter-med-kassasystem-fran-trivec\/","name":"Malm\u00f6 FF och Trivec i samarbete","isPartOf":{"@id":"https:\/\/trivec.aws-staging.swace.se\/sv\/#website"},"primaryImageOfPage":{"@id":"https:\/\/trivec.aws-staging.swace.se\/sv\/kunder\/malmo-ff-okar-forsaljningen-med-dubbla-procentenheter-med-kassasystem-fran-trivec\/#primaryimage"},"image":{"@id":"https:\/\/trivec.aws-staging.swace.se\/sv\/kunder\/malmo-ff-okar-forsaljningen-med-dubbla-procentenheter-med-kassasystem-fran-trivec\/#primaryimage"},"thumbnailUrl":"https:\/\/trivec.aws-staging.swace.se\/wp\/uploads\/2022\/11\/MFF5-min-scaled.jpg","datePublished":"2019-10-21T09:16:11+00:00","dateModified":"2022-11-23T12:56:27+00:00","description":"Malm\u00f6 FF i ett kundcase om hur de fick \u00f6kad f\u00f6rs\u00e4ljning tack vare nytt kassasystem f\u00f6r restaurang fr\u00e5n fr\u00e5n Trivec.","breadcrumb":{"@id":"https:\/\/trivec.aws-staging.swace.se\/sv\/kunder\/malmo-ff-okar-forsaljningen-med-dubbla-procentenheter-med-kassasystem-fran-trivec\/#breadcrumb"},"inLanguage":"sv-SE","potentialAction":[{"@type":"ReadAction","target":["https:\/\/trivec.aws-staging.swace.se\/sv\/kunder\/malmo-ff-okar-forsaljningen-med-dubbla-procentenheter-med-kassasystem-fran-trivec\/"]}]},{"@type":"ImageObject","inLanguage":"sv-SE","@id":"https:\/\/trivec.aws-staging.swace.se\/sv\/kunder\/malmo-ff-okar-forsaljningen-med-dubbla-procentenheter-med-kassasystem-fran-trivec\/#primaryimage","url":"https:\/\/trivec.aws-staging.swace.se\/wp\/uploads\/2022\/11\/MFF5-min-scaled.jpg","contentUrl":"https:\/\/trivec.aws-staging.swace.se\/wp\/uploads\/2022\/11\/MFF5-min-scaled.jpg","width":2560,"height":1707,"caption":"Malm\u00f6 FF"},{"@type":"BreadcrumbList","@id":"https:\/\/trivec.aws-staging.swace.se\/sv\/kunder\/malmo-ff-okar-forsaljningen-med-dubbla-procentenheter-med-kassasystem-fran-trivec\/#breadcrumb","itemListElement":[{"@type":"ListItem","position":1,"name":"Home","item":"https:\/\/www.trivec.aws-staging.swace.se\/sv\/"},{"@type":"ListItem","position":2,"name":"Kunder","item":"https:\/\/www.trivec.aws-staging.swace.se\/sv\/kunder\/"},{"@type":"ListItem","position":3,"name":"Malm\u00f6 FF"}]},{"@type":"WebSite","@id":"https:\/\/trivec.aws-staging.swace.se\/sv\/#website","url":"https:\/\/trivec.aws-staging.swace.se\/sv\/","name":"Trivec","description":"Kassasystem f\u00f6r restauranger, barer och hotell","potentialAction":[{"@type":"SearchAction","target":{"@type":"EntryPoint","urlTemplate":"https:\/\/trivec.aws-staging.swace.se\/sv\/?s={search_term_string}"},"query-input":{"@type":"PropertyValueSpecification","valueRequired":true,"valueName":"search_term_string"}}],"inLanguage":"sv-SE"}]}},"_links":{"self":[{"href":"https:\/\/trivec.aws-staging.swace.se\/sv\/wp-json\/wp\/v2\/pages\/6112","targetHints":{"allow":["GET"]}}],"collection":[{"href":"https:\/\/trivec.aws-staging.swace.se\/sv\/wp-json\/wp\/v2\/pages"}],"about":[{"href":"https:\/\/trivec.aws-staging.swace.se\/sv\/wp-json\/wp\/v2\/types\/page"}],"author":[{"embeddable":true,"href":"https:\/\/trivec.aws-staging.swace.se\/sv\/wp-json\/wp\/v2\/users\/1"}],"replies":[{"embeddable":true,"href":"https:\/\/trivec.aws-staging.swace.se\/sv\/wp-json\/wp\/v2\/comments?post=6112"}],"version-history":[{"count":16,"href":"https:\/\/trivec.aws-staging.swace.se\/sv\/wp-json\/wp\/v2\/pages\/6112\/revisions"}],"predecessor-version":[{"id":28938,"href":"https:\/\/trivec.aws-staging.swace.se\/sv\/wp-json\/wp\/v2\/pages\/6112\/revisions\/28938"}],"up":[{"embeddable":true,"href":"https:\/\/trivec.aws-staging.swace.se\/sv\/wp-json\/wp\/v2\/pages\/129"}],"wp:featuredmedia":[{"embeddable":true,"href":"https:\/\/trivec.aws-staging.swace.se\/sv\/wp-json\/wp\/v2\/media\/28931"}],"wp:attachment":[{"href":"https:\/\/trivec.aws-staging.swace.se\/sv\/wp-json\/wp\/v2\/media?parent=6112"}],"curies":[{"name":"wp","href":"https:\/\/api.w.org\/{rel}","templated":true}]}}