{"id":5599,"date":"2019-07-30T11:06:10","date_gmt":"2019-07-30T09:06:10","guid":{"rendered":"https:\/\/www.trivec.aws-staging.swace.se\/?page_id=5599"},"modified":"2022-10-25T14:12:31","modified_gmt":"2022-10-25T12:12:31","slug":"berns-salonger","status":"publish","type":"page","link":"https:\/\/trivec.aws-staging.swace.se\/sv\/kunder\/berns-salonger\/","title":{"rendered":"Berns Salonger"},"content":{"rendered":"<div class=\"wpb-content-wrapper\"><p>[vc_row][vc_column][vc_story heading_text=&#8221;Berns Salonger&#8221;]<strong>\u00a0Restaurangchef Anna Lundblad ber\u00e4ttar om Berns historia, festliga jubileum och hur Trivec har varit och kommer forts\u00e4tta vara en viktig del i Berns verksamhet.<\/strong>[\/vc_story][vc_statistic_list][vc_statistic_list_item metric=&#8221;39 kassor&#8221;]f\u00f6rdelade mellan restauranger, barer och hotell[\/vc_statistic_list_item][vc_statistic_list_item metric=&#8221;80 +&#8221;]integrerade kortterminaler i daglig drift[\/vc_statistic_list_item][vc_statistic_list_item metric=&#8221;2h \/ dag&#8221;]sparas tack vare digitala kassarapporter och drickshantering[\/vc_statistic_list_item][\/vc_statistic_list][vc_story]<img loading=\"lazy\" decoding=\"async\" class=\"alignnone wp-image-19050\" src=\"https:\/\/www.trivec.se\/wp\/uploads\/2021\/08\/berns-utifran.jpeg\" alt=\"\" width=\"700\" height=\"467\" srcset=\"https:\/\/trivec.aws-staging.swace.se\/wp\/uploads\/2021\/08\/berns-utifran.jpeg 400w, https:\/\/trivec.aws-staging.swace.se\/wp\/uploads\/2021\/08\/berns-utifran-300x200.jpeg 300w\" sizes=\"auto, (max-width: 700px) 100vw, 700px\" \/><\/p>\n<h2>Ins\u00e5g tidigt behovet av att byta kassasystem<\/h2>\n<p>N\u00e4r Anna tilltr\u00e4dde som restaurangchef f\u00f6r Berns Salonger under 2017 ins\u00e5g hon tidigt behovet av att byta leverant\u00f6r av kassasystem. \u201dDen tidigare leverant\u00f6ren hade problem med att f\u00e5 integrationer att fungera som de skulle, och vi fick l\u00e4gga mycket tid p\u00e5 manuellt arbete \u2013 som personalhantering och kassarapporter\u201d ber\u00e4ttar Anna.<\/p>\n<p>\u201dVi saknade viss funktionalitet som att kunna anpassa rapporter. Som restaurangchef med budgetansvar \u00e4r det ju sv\u00e5rt att visa hur restaurangen presterar n\u00e4r man inte kommer \u00e5t siffrorna\u201d<\/p>\n<p>Anna ber\u00e4ttar att hennes jobb som restaurangchef g\u00e5r ut p\u00e5 att f\u00e5 driften att fungera, och se till att personalen m\u00e5r bra. Optimera och maximera. D\u00e4rf\u00f6r var det dags att hitta en ny leverant\u00f6r som kunde st\u00f6tta Annas arbete.<\/p>\n<p>&nbsp;<\/p>\n<h2>Trivec Domino var r\u00e4tt f\u00f6r Berns<\/h2>\n<p>\u201dMina tidigare erfarenheter av Trivec fick mig att bjuda in dem till en dialog\u201d ber\u00e4ttar Anna. \u201dSystemet \u00e4r l\u00e4ttanv\u00e4nt, de flesta i v\u00e5r personal har tidigare erfarenhet av systemet och \u00e4ven om de inte har det s\u00e5 \u00e4r det l\u00e4tt att komma ig\u00e5ng.\u201d<\/p>\n<blockquote><p>Jag beh\u00f6vde inte j\u00e4mf\u00f6ra med n\u00e5gon annan, jag visste att Trivec var r\u00e4tt f\u00f6r oss.<\/p><\/blockquote>\n<p>Anna hade tidigare inte arbetat i <a href=\"https:\/\/www.trivec.se\/produkter\/kassasystem-restaurang\/\">Trivec Domino<\/a>, som \u00e4r den nyare Trivec-plattformen. \u201dJag blev positivt \u00f6verraskad av Domino. Jag hade varit borta fr\u00e5n Trivec under en period, vilket jag tror var en f\u00f6rdel d\u00e5 min f\u00f6rv\u00e4ntning var att det skulle vara samma som vanligt men Domino \u00f6vertr\u00e4ffade mina f\u00f6rv\u00e4ntningar\u201d<\/p>\n<p>&nbsp;<\/p>\n<p><img loading=\"lazy\" decoding=\"async\" class=\"alignnone wp-image-19043\" src=\"https:\/\/www.trivec.se\/wp\/uploads\/2021\/08\/berns-inne.jpeg\" alt=\"\" width=\"700\" height=\"467\" srcset=\"https:\/\/trivec.aws-staging.swace.se\/wp\/uploads\/2021\/08\/berns-inne.jpeg 400w, https:\/\/trivec.aws-staging.swace.se\/wp\/uploads\/2021\/08\/berns-inne-300x200.jpeg 300w\" sizes=\"auto, (max-width: 700px) 100vw, 700px\" \/><\/p>\n<h2>Integrationerna som saknades tidigare<\/h2>\n<h3>1. Personalhantering<\/h3>\n<p>Personalhantering \u00e4ter upp mycket tid f\u00f6r de som har ett manuellt arbetss\u00e4tt. Med den tidigare leverant\u00f6rens l\u00f6sning tvingades personalen p\u00e5 Berns att l\u00e4gga obefogat m\u00e5nga timmar p\u00e5 att l\u00f6sa bemanningsfr\u00e5gan och dricksen, dagligen. Det ska till\u00e4ggas att Berns \u00e4r en stor organisation med cirka 150 heltidsanst\u00e4llda, samt uppemot 200 extra timanst\u00e4llda.<\/p>\n<blockquote><p>Bemanningen fungerar superbra. Det \u00e4r enkelt att se hur mycket personal som beh\u00f6vs eftersom allt \u00e4r sammankopplat med kassan.<\/p><\/blockquote>\n<p>I och med att Berns \u00e4r en kontantfri verksamhet kan de \u00e4ven utnyttja den automatiserade och digitala dricksutbetalningen som finns i Trivec Domino. Eftersom personalsystemet \u00e4r integrerat med Domino kan systemet kalkylera dricks baserat p\u00e5 antal arbetade timmar, avdelning (servis, k\u00f6k, bar, hov, etc.) och sedan f\u00f6rdela summan r\u00e4ttvist. Helt utan m\u00e4nsklig handp\u00e5l\u00e4ggning.<\/p>\n<h3>2. Kassarapporter<\/h3>\n<p>P\u00e5 samma s\u00e4tt som Berns nu utnyttjar en automatiserad process f\u00f6r dricksutbetalningar kan de \u00e4ven spara m\u00e5nga timmar per dag p\u00e5 digitala kassarapporter.<\/p>\n<p>Totalt har Berns 39 installerade kassor och \u00f6ver 80 kortterminaler f\u00f6rdelade mellan de olika restaurangerna och hotellet. I kombination med det automatiserade drickshanteringen sparar processerna dem mellan 1\u20132 timmar om dagen. Det blir m\u00e5nga timmar p\u00e5 ett \u00e5r.<\/p>\n<h3>3. Anpassade rapporter<\/h3>\n<p>N\u00e4r Anna Lundblad b\u00f6rjade arbeta som restaurangchef p\u00e5 Berns slog det henne tidigt att rapporteringen skulle bli en stor utmaning. De rapporter som beh\u00f6vdes f\u00f6r att p\u00e5visa verksamhetens resultat fanns, men de kunde inte anpassas efter Berns behov.<\/p>\n<blockquote><p>Jag gillar att kunna skapa nya, specifika rapporter f\u00f6r olika syften. Det saknade jag hos v\u00e5r tidigare leverant\u00f6r, och det k\u00e4ndes kritiskt att f\u00e5 det p\u00e5 plats, s\u00e4ger Anna. Trivec tar fram de rapporter jag \u00f6nskar och det \u00e4r olika f\u00f6r olika enheter.<\/p><\/blockquote>\n<p>Trivec Dominos BackOffice har den funktionalitet som saknades p\u00e5 Berns, de skr\u00e4ddarsydda rapporterna som efterlystes i rapporteringssyfte till \u00e4gare och andra intressenter.<\/p>\n<p>&nbsp;<\/p>\n<h2>Trivecs support f\u00e5r en guldstj\u00e4rna<\/h2>\n<p>Anna ber\u00e4ttar att n\u00e5gra av de absolut mest avg\u00f6rande faktorerna till varf\u00f6r hon v\u00e4ljer Trivec \u00e4r support-teamet.<\/p>\n<blockquote><p>Supporten \u00e4r s\u00e5 bra, de svarar alltid och leveransen \u00e4r alltid personlig och snabb. Det funkar alltid, s\u00e4ger Anna om Trivecs support som \u00e4r tillg\u00e4nglig 24 timmar om dygnet, inklusive jouren.<\/p>\n<p>N\u00e5gonting jag uppskattar med Trivec \u00e4r att alla som arbetar d\u00e4r f\u00f6rst\u00e5r v\u00e5r vardag och v\u00e5ra utmaningar. Dem vi ringer in till och pratar med har tidigare erfarenhet av krogbranschen och pratar v\u00e5rt spr\u00e5k.<\/p><\/blockquote>\n<p>&nbsp;<\/p>\n<h2>Berns och Trivec i framtiden<\/h2>\n<p>Anna uttrycker att hon f\u00f6ruts\u00e4tter att arbetet med Trivec forts\u00e4tter vara v\u00e4ldigt n\u00e4ra. \u201dIbland k\u00e4nns det n\u00e4stan som att jag jobbar p\u00e5 Trivec, eller att dem jobbar p\u00e5 Berns. Det \u00e4r unikt. Man st\u00e4ller liksom alltid upp f\u00f6r varandra.\u201d<\/p>\n<blockquote><p>Anna ber\u00e4ttar att hon ser p\u00e5 Trivec som mer \u00e4n en leverant\u00f6r. Snarare ser hon Trivec som en samarbetspartner till Trivec, och att samarbetet bara blir tightare under de n\u00e4rmsta \u00e5ren. Man kan lita p\u00e5 Trivec.<\/p><\/blockquote>\n<p>[\/vc_story][\/vc_column][\/vc_row][vc_row padding_top=&#8221;none&#8221;][vc_column width=&#8221;1\/6&#8243;][\/vc_column][vc_column width=&#8221;2\/3&#8243;][vc_color_box bg_color=&#8221;gray&#8221;][vc_column_text]<\/p>\n<h3>Om Berns Salonger<\/h3>\n<p>Berns Salonger uppf\u00f6rdes och \u00f6ppnade sina portar f\u00f6r allm\u00e4nheten 1 augusti 1863, d\u00e5 best\u00e5ende av endast en salong med utsikt \u00f6ver Berzeliiparken och \u00d6stersj\u00f6n. Sedan dess har flera tillbyggnationer och renoveringar skett, och idag best\u00e5r verksamheten av flera restauranger, eventlokaler, nattklubbar, barer och hotell. Berns Salonger \u00e4gs av Stureplansgruppen.<\/p>\n<h4>75-\u00e5rsjubileum under 2019<\/h4>\n<p>Under m\u00e5nga \u00e5r ekade lokalerna p\u00e5 Berns tomma, och byggnadens vackra f\u00f6nster var \u00f6vert\u00e4ckta. Byggnaden s\u00e5g n\u00e4rmst f\u00f6rfallen ut. Vilket den ocks\u00e5 var till viss del. Men under 1900-talet rustades Berns upp igen, och \u00e5terst\u00e4lldes till tidigare skick \u2013 vilket \u00e4r vad vi f\u00e5r uppleva idag n\u00e4r vi bes\u00f6ker de enast\u00e5ende lokalerna.<\/p>\n<p>Anna Lundblad ber\u00e4ttar om ett 75-\u00e5rsjubileum som firades under februari m\u00e5nad (2019), d\u00e4r det serverades r\u00e4tter fr\u00e5n originalmenyn som hon hittat i lokalen. Menyn var fr\u00e5n n\u00e4r Berns f\u00f6rst startades, och under en av jubileumsdagarna kostade alla r\u00e4tter enligt originalpriser. Desserterna var det som var absolut dyrast p\u00e5 den tiden kostade mellan 3\u20135 svenska kronor, vilket ans\u00e5gs vara dyrt p\u00e5 den tiden. &#8221;<strong>Matr\u00e4tterna kostade ungef\u00e4r en krona \u2013 s\u00e5 notorna var inte s\u00e5 h\u00f6ga den dagen\u201d<\/strong>, ber\u00e4ttade Anna.<\/p>\n<h3>Om Trivec<\/h3>\n<p>Trivec \u00e4r en ledande leverant\u00f6r av <a href=\"https:\/\/www.trivec.se\/produkter\/kassasystem-restaurang\/\">kassasystem<\/a> till den europeiska marknaden f\u00f6r restaurang, bar och <a href=\"https:\/\/www.trivec.se\/branscher-hotell\/\">hotell<\/a>. V\u00e5ra l\u00f6sningar f\u00f6renklar och optimerar betalningen samt underl\u00e4ttar styrningen av verksamheten. I Trivecs produkterbjudande ing\u00e5r <a href=\"https:\/\/www.trivec.se\/produkter\/kassasystem-restaurang\/mobilt-kassasystem\/\">mobila kassasystem<\/a>, kortterminaler, <a href=\"https:\/\/www.trivec.se\/produkter\/qr-kod-restaurang\/\">QR-l\u00f6sningar<\/a>, <a href=\"https:\/\/www.trivec.se\/produkter\/kassasystem-restaurang\/bordsbestallning\/\">mobila best\u00e4llningar<\/a> och dryckessystem, med flexibla alternativ f\u00f6r integration med bokning, ekonomi, personal, ink\u00f6p och lagerfunktioner. Trivec grundades 1993 och har \u00f6ver 8000 kunder runt om i Europa och kontor i Sverige, Norge, Danmark, Belgien och Frankrike.[\/vc_column_text][\/vc_color_box][\/vc_column][vc_column width=&#8221;1\/6&#8243;][\/vc_column][\/vc_row]<\/p>\n<\/div>","protected":false},"excerpt":{"rendered":"<p>[vc_row][vc_column][vc_story heading_text=&#8221;Berns Salonger&#8221;]\u00a0Restaurangchef Anna Lundblad ber\u00e4ttar om Berns historia, festliga jubileum och hur Trivec har varit och kommer forts\u00e4tta vara en viktig del i Berns verksamhet.[\/vc_story][vc_statistic_list][vc_statistic_list_item metric=&#8221;39 kassor&#8221;]f\u00f6rdelade mellan restauranger, barer och hotell[\/vc_statistic_list_item][vc_statistic_list_item metric=&#8221;80 +&#8221;]integrerade kortterminaler i daglig drift[\/vc_statistic_list_item][vc_statistic_list_item metric=&#8221;2h \/ dag&#8221;]sparas tack vare digitala kassarapporter och drickshantering[\/vc_statistic_list_item][\/vc_statistic_list][vc_story] Ins\u00e5g tidigt behovet av att byta kassasystem [&hellip;]<\/p>\n","protected":false},"author":1,"featured_media":5627,"parent":129,"menu_order":8,"comment_status":"closed","ping_status":"closed","template":"","meta":{"_acf_changed":false,"content-type":"","footnotes":""},"class_list":["post-5599","page","type-page","status-publish","has-post-thumbnail","hentry"],"acf":[],"yoast_head":"<!-- This site is optimized with the Yoast SEO plugin v27.2 - https:\/\/yoast.com\/product\/yoast-seo-wordpress\/ -->\n<title>Berns Salonger - Trivec<\/title>\n<meta name=\"description\" content=\"Trivec k\u00e4ndes sj\u00e4lvklart f\u00f6r Berns Salonger. Det \u00e4r rapportfunktionen som lockar och m\u00f6jligheten med anpassade rapporter f\u00f6r analys.\" \/>\n<meta name=\"robots\" content=\"noindex, follow\" \/>\n<meta property=\"og:locale\" content=\"sv_SE\" \/>\n<meta property=\"og:type\" content=\"article\" \/>\n<meta property=\"og:title\" content=\"Berns Salonger - Trivec\" \/>\n<meta property=\"og:description\" content=\"Trivec k\u00e4ndes sj\u00e4lvklart f\u00f6r Berns Salonger. Det \u00e4r rapportfunktionen som lockar och m\u00f6jligheten med anpassade rapporter f\u00f6r analys.\" \/>\n<meta property=\"og:url\" content=\"https:\/\/trivec.aws-staging.swace.se\/sv\/kunder\/berns-salonger\/\" \/>\n<meta property=\"og:site_name\" content=\"Trivec\" \/>\n<meta property=\"article:modified_time\" content=\"2022-10-25T12:12:31+00:00\" \/>\n<meta property=\"og:image\" content=\"https:\/\/trivec.aws-staging.swace.se\/wp\/uploads\/2019\/07\/Berns_outside_Trivec_2.jpg\" \/>\n\t<meta property=\"og:image:width\" content=\"1100\" \/>\n\t<meta property=\"og:image:height\" content=\"733\" \/>\n\t<meta property=\"og:image:type\" content=\"image\/jpeg\" \/>\n<meta name=\"twitter:card\" content=\"summary_large_image\" \/>\n<meta name=\"twitter:label1\" content=\"Ber\u00e4knad l\u00e4stid\" \/>\n\t<meta name=\"twitter:data1\" content=\"5 minuter\" \/>\n<script type=\"application\/ld+json\" class=\"yoast-schema-graph\">{\"@context\":\"https:\/\/schema.org\",\"@graph\":[{\"@type\":\"WebPage\",\"@id\":\"https:\/\/trivec.aws-staging.swace.se\/sv\/kunder\/berns-salonger\/\",\"url\":\"https:\/\/trivec.aws-staging.swace.se\/sv\/kunder\/berns-salonger\/\",\"name\":\"Berns Salonger - Trivec\",\"isPartOf\":{\"@id\":\"https:\/\/trivec.aws-staging.swace.se\/sv\/#website\"},\"primaryImageOfPage\":{\"@id\":\"https:\/\/trivec.aws-staging.swace.se\/sv\/kunder\/berns-salonger\/#primaryimage\"},\"image\":{\"@id\":\"https:\/\/trivec.aws-staging.swace.se\/sv\/kunder\/berns-salonger\/#primaryimage\"},\"thumbnailUrl\":\"https:\/\/trivec.aws-staging.swace.se\/wp\/uploads\/2019\/07\/Berns_outside_Trivec_2.jpg\",\"datePublished\":\"2019-07-30T09:06:10+00:00\",\"dateModified\":\"2022-10-25T12:12:31+00:00\",\"description\":\"Trivec k\u00e4ndes sj\u00e4lvklart f\u00f6r Berns Salonger. Det \u00e4r rapportfunktionen som lockar och m\u00f6jligheten med anpassade rapporter f\u00f6r analys.\",\"breadcrumb\":{\"@id\":\"https:\/\/trivec.aws-staging.swace.se\/sv\/kunder\/berns-salonger\/#breadcrumb\"},\"inLanguage\":\"sv-SE\",\"potentialAction\":[{\"@type\":\"ReadAction\",\"target\":[\"https:\/\/trivec.aws-staging.swace.se\/sv\/kunder\/berns-salonger\/\"]}]},{\"@type\":\"ImageObject\",\"inLanguage\":\"sv-SE\",\"@id\":\"https:\/\/trivec.aws-staging.swace.se\/sv\/kunder\/berns-salonger\/#primaryimage\",\"url\":\"https:\/\/trivec.aws-staging.swace.se\/wp\/uploads\/2019\/07\/Berns_outside_Trivec_2.jpg\",\"contentUrl\":\"https:\/\/trivec.aws-staging.swace.se\/wp\/uploads\/2019\/07\/Berns_outside_Trivec_2.jpg\",\"width\":1100,\"height\":733,\"caption\":\"Berns-salonger-Trivec-kund\"},{\"@type\":\"BreadcrumbList\",\"@id\":\"https:\/\/trivec.aws-staging.swace.se\/sv\/kunder\/berns-salonger\/#breadcrumb\",\"itemListElement\":[{\"@type\":\"ListItem\",\"position\":1,\"name\":\"Home\",\"item\":\"https:\/\/www.trivec.aws-staging.swace.se\/sv\/\"},{\"@type\":\"ListItem\",\"position\":2,\"name\":\"Kunder\",\"item\":\"https:\/\/www.trivec.aws-staging.swace.se\/sv\/kunder\/\"},{\"@type\":\"ListItem\",\"position\":3,\"name\":\"Berns Salonger\"}]},{\"@type\":\"WebSite\",\"@id\":\"https:\/\/trivec.aws-staging.swace.se\/sv\/#website\",\"url\":\"https:\/\/trivec.aws-staging.swace.se\/sv\/\",\"name\":\"Trivec\",\"description\":\"Kassasystem f\u00f6r restauranger, barer och hotell\",\"potentialAction\":[{\"@type\":\"SearchAction\",\"target\":{\"@type\":\"EntryPoint\",\"urlTemplate\":\"https:\/\/trivec.aws-staging.swace.se\/sv\/?s={search_term_string}\"},\"query-input\":{\"@type\":\"PropertyValueSpecification\",\"valueRequired\":true,\"valueName\":\"search_term_string\"}}],\"inLanguage\":\"sv-SE\"}]}<\/script>\n<!-- \/ Yoast SEO plugin. -->","yoast_head_json":{"title":"Berns Salonger - Trivec","description":"Trivec k\u00e4ndes sj\u00e4lvklart f\u00f6r Berns Salonger. Det \u00e4r rapportfunktionen som lockar och m\u00f6jligheten med anpassade rapporter f\u00f6r analys.","robots":{"index":"noindex","follow":"follow"},"og_locale":"sv_SE","og_type":"article","og_title":"Berns Salonger - Trivec","og_description":"Trivec k\u00e4ndes sj\u00e4lvklart f\u00f6r Berns Salonger. Det \u00e4r rapportfunktionen som lockar och m\u00f6jligheten med anpassade rapporter f\u00f6r analys.","og_url":"https:\/\/trivec.aws-staging.swace.se\/sv\/kunder\/berns-salonger\/","og_site_name":"Trivec","article_modified_time":"2022-10-25T12:12:31+00:00","og_image":[{"width":1100,"height":733,"url":"https:\/\/trivec.aws-staging.swace.se\/wp\/uploads\/2019\/07\/Berns_outside_Trivec_2.jpg","type":"image\/jpeg"}],"twitter_card":"summary_large_image","twitter_misc":{"Ber\u00e4knad l\u00e4stid":"5 minuter"},"schema":{"@context":"https:\/\/schema.org","@graph":[{"@type":"WebPage","@id":"https:\/\/trivec.aws-staging.swace.se\/sv\/kunder\/berns-salonger\/","url":"https:\/\/trivec.aws-staging.swace.se\/sv\/kunder\/berns-salonger\/","name":"Berns Salonger - Trivec","isPartOf":{"@id":"https:\/\/trivec.aws-staging.swace.se\/sv\/#website"},"primaryImageOfPage":{"@id":"https:\/\/trivec.aws-staging.swace.se\/sv\/kunder\/berns-salonger\/#primaryimage"},"image":{"@id":"https:\/\/trivec.aws-staging.swace.se\/sv\/kunder\/berns-salonger\/#primaryimage"},"thumbnailUrl":"https:\/\/trivec.aws-staging.swace.se\/wp\/uploads\/2019\/07\/Berns_outside_Trivec_2.jpg","datePublished":"2019-07-30T09:06:10+00:00","dateModified":"2022-10-25T12:12:31+00:00","description":"Trivec k\u00e4ndes sj\u00e4lvklart f\u00f6r Berns Salonger. Det \u00e4r rapportfunktionen som lockar och m\u00f6jligheten med anpassade rapporter f\u00f6r analys.","breadcrumb":{"@id":"https:\/\/trivec.aws-staging.swace.se\/sv\/kunder\/berns-salonger\/#breadcrumb"},"inLanguage":"sv-SE","potentialAction":[{"@type":"ReadAction","target":["https:\/\/trivec.aws-staging.swace.se\/sv\/kunder\/berns-salonger\/"]}]},{"@type":"ImageObject","inLanguage":"sv-SE","@id":"https:\/\/trivec.aws-staging.swace.se\/sv\/kunder\/berns-salonger\/#primaryimage","url":"https:\/\/trivec.aws-staging.swace.se\/wp\/uploads\/2019\/07\/Berns_outside_Trivec_2.jpg","contentUrl":"https:\/\/trivec.aws-staging.swace.se\/wp\/uploads\/2019\/07\/Berns_outside_Trivec_2.jpg","width":1100,"height":733,"caption":"Berns-salonger-Trivec-kund"},{"@type":"BreadcrumbList","@id":"https:\/\/trivec.aws-staging.swace.se\/sv\/kunder\/berns-salonger\/#breadcrumb","itemListElement":[{"@type":"ListItem","position":1,"name":"Home","item":"https:\/\/www.trivec.aws-staging.swace.se\/sv\/"},{"@type":"ListItem","position":2,"name":"Kunder","item":"https:\/\/www.trivec.aws-staging.swace.se\/sv\/kunder\/"},{"@type":"ListItem","position":3,"name":"Berns Salonger"}]},{"@type":"WebSite","@id":"https:\/\/trivec.aws-staging.swace.se\/sv\/#website","url":"https:\/\/trivec.aws-staging.swace.se\/sv\/","name":"Trivec","description":"Kassasystem f\u00f6r restauranger, barer och hotell","potentialAction":[{"@type":"SearchAction","target":{"@type":"EntryPoint","urlTemplate":"https:\/\/trivec.aws-staging.swace.se\/sv\/?s={search_term_string}"},"query-input":{"@type":"PropertyValueSpecification","valueRequired":true,"valueName":"search_term_string"}}],"inLanguage":"sv-SE"}]}},"_links":{"self":[{"href":"https:\/\/trivec.aws-staging.swace.se\/sv\/wp-json\/wp\/v2\/pages\/5599","targetHints":{"allow":["GET"]}}],"collection":[{"href":"https:\/\/trivec.aws-staging.swace.se\/sv\/wp-json\/wp\/v2\/pages"}],"about":[{"href":"https:\/\/trivec.aws-staging.swace.se\/sv\/wp-json\/wp\/v2\/types\/page"}],"author":[{"embeddable":true,"href":"https:\/\/trivec.aws-staging.swace.se\/sv\/wp-json\/wp\/v2\/users\/1"}],"replies":[{"embeddable":true,"href":"https:\/\/trivec.aws-staging.swace.se\/sv\/wp-json\/wp\/v2\/comments?post=5599"}],"version-history":[{"count":13,"href":"https:\/\/trivec.aws-staging.swace.se\/sv\/wp-json\/wp\/v2\/pages\/5599\/revisions"}],"predecessor-version":[{"id":28593,"href":"https:\/\/trivec.aws-staging.swace.se\/sv\/wp-json\/wp\/v2\/pages\/5599\/revisions\/28593"}],"up":[{"embeddable":true,"href":"https:\/\/trivec.aws-staging.swace.se\/sv\/wp-json\/wp\/v2\/pages\/129"}],"wp:featuredmedia":[{"embeddable":true,"href":"https:\/\/trivec.aws-staging.swace.se\/sv\/wp-json\/wp\/v2\/media\/5627"}],"wp:attachment":[{"href":"https:\/\/trivec.aws-staging.swace.se\/sv\/wp-json\/wp\/v2\/media?parent=5599"}],"curies":[{"name":"wp","href":"https:\/\/api.w.org\/{rel}","templated":true}]}}