{"id":402,"date":"2018-12-11T15:27:05","date_gmt":"2018-12-11T15:27:05","guid":{"rendered":"https:\/\/www.trivec.se\/formular\/kontakta-oss-generellt-2\/"},"modified":"2023-03-08T16:14:20","modified_gmt":"2023-03-08T15:14:20","slug":"kontakta-mig-integrationer","status":"publish","type":"page","link":"https:\/\/trivec.aws-staging.swace.se\/sv\/formular\/kontakta-mig-integrationer\/","title":{"rendered":"Kontakta mig integrationer"},"content":{"rendered":"<div class=\"wpb-content-wrapper\"><p>[vc_row use_background_image=&#8221;yes&#8221; vertical_align_center=&#8221;yes&#8221;][vc_column width=&#8221;1\/2&#8243;][vc_headline icon=&#8221;&#8221;]Jag vill veta mer[\/vc_headline][vc_column_text]N\u00e4r du fyllt i dina uppgifter kommer du bli kontaktad av en expert p\u00e5 Trivec som ber\u00e4ttar mer om v\u00e5ra integrationer och till\u00e4ggstj\u00e4nster.[\/vc_column_text][vc_column_text]\n\t\t\t\t\t\t<script>\n\t\t\t\t\t\t\twindow.hsFormsOnReady = window.hsFormsOnReady || [];\n\t\t\t\t\t\t\twindow.hsFormsOnReady.push(()=>{\n\t\t\t\t\t\t\t\thbspt.forms.create({\n\t\t\t\t\t\t\t\t\tportalId: 4620018,\n\t\t\t\t\t\t\t\t\tformId: \"d3994e3c-6a4c-429f-8723-68101d846b91\",\n\t\t\t\t\t\t\t\t\ttarget: \"#hbspt-form-1775870481000-5699912876\",\n\t\t\t\t\t\t\t\t\tregion: \"\",\n\t\t\t\t\t\t\t\t\t\n\t\t\t\t\t\t\t})});\n\t\t\t\t\t\t<\/script>\n\t\t\t\t\t\t<div class=\"hbspt-form\" id=\"hbspt-form-1775870481000-5699912876\"><\/div>[\/vc_column_text][\/vc_column][vc_column width=&#8221;1\/2&#8243;][vc_single_image image=&#8221;27878&#8243;][\/vc_column][\/vc_row]<\/p>\n<\/div>","protected":false},"excerpt":{"rendered":"<p>[vc_row use_background_image=&#8221;yes&#8221; vertical_align_center=&#8221;yes&#8221;][vc_column width=&#8221;1\/2&#8243;][vc_headline icon=&#8221;&#8221;]Jag vill veta mer[\/vc_headline][vc_column_text]N\u00e4r du fyllt i dina uppgifter kommer du bli kontaktad av en expert p\u00e5 Trivec som ber\u00e4ttar mer om v\u00e5ra integrationer och till\u00e4ggstj\u00e4nster.[\/vc_column_text][vc_column_text][\/vc_column_text][\/vc_column][vc_column width=&#8221;1\/2&#8243;][vc_single_image image=&#8221;27878&#8243;][\/vc_column][\/vc_row]<\/p>\n","protected":false},"author":1,"featured_media":0,"parent":152,"menu_order":3,"comment_status":"closed","ping_status":"closed","template":"","meta":{"_acf_changed":false,"content-type":"","footnotes":""},"class_list":["post-402","page","type-page","status-publish","hentry"],"acf":[],"yoast_head":"<!-- This site is optimized with the Yoast SEO plugin v27.2 - https:\/\/yoast.com\/product\/yoast-seo-wordpress\/ -->\n<title>Kontakt - Trivec Systems<\/title>\n<meta name=\"description\" content=\"Om du vill ha kontakt med Trivec \u00e4r det enklast att du fyller i dina uppgifter. En expert fr\u00e5n Trivec ber\u00e4ttar mer om kassasystem..\" \/>\n<meta name=\"robots\" content=\"noindex, follow\" \/>\n<meta property=\"og:locale\" content=\"sv_SE\" \/>\n<meta property=\"og:type\" content=\"article\" \/>\n<meta property=\"og:title\" content=\"Kontakt - Trivec Systems\" \/>\n<meta property=\"og:description\" content=\"Om du vill ha kontakt med Trivec \u00e4r det enklast att du fyller i dina uppgifter. En expert fr\u00e5n Trivec ber\u00e4ttar mer om kassasystem..\" \/>\n<meta property=\"og:url\" content=\"https:\/\/trivec.aws-staging.swace.se\/sv\/formular\/kontakta-mig-integrationer\/\" \/>\n<meta property=\"og:site_name\" content=\"Trivec\" \/>\n<meta property=\"article:modified_time\" content=\"2023-03-08T15:14:20+00:00\" \/>\n<meta name=\"twitter:card\" content=\"summary_large_image\" \/>\n<meta name=\"twitter:label1\" content=\"Ber\u00e4knad l\u00e4stid\" \/>\n\t<meta name=\"twitter:data1\" content=\"1 minut\" \/>\n<script type=\"application\/ld+json\" class=\"yoast-schema-graph\">{\"@context\":\"https:\/\/schema.org\",\"@graph\":[{\"@type\":\"WebPage\",\"@id\":\"https:\/\/trivec.aws-staging.swace.se\/sv\/formular\/kontakta-mig-integrationer\/\",\"url\":\"https:\/\/trivec.aws-staging.swace.se\/sv\/formular\/kontakta-mig-integrationer\/\",\"name\":\"Kontakt - Trivec Systems\",\"isPartOf\":{\"@id\":\"https:\/\/trivec.aws-staging.swace.se\/sv\/#website\"},\"datePublished\":\"2018-12-11T15:27:05+00:00\",\"dateModified\":\"2023-03-08T15:14:20+00:00\",\"description\":\"Om du vill ha kontakt med Trivec \u00e4r det enklast att du fyller i dina uppgifter. En expert fr\u00e5n Trivec ber\u00e4ttar mer om kassasystem..\",\"breadcrumb\":{\"@id\":\"https:\/\/trivec.aws-staging.swace.se\/sv\/formular\/kontakta-mig-integrationer\/#breadcrumb\"},\"inLanguage\":\"sv-SE\",\"potentialAction\":[{\"@type\":\"ReadAction\",\"target\":[\"https:\/\/trivec.aws-staging.swace.se\/sv\/formular\/kontakta-mig-integrationer\/\"]}]},{\"@type\":\"BreadcrumbList\",\"@id\":\"https:\/\/trivec.aws-staging.swace.se\/sv\/formular\/kontakta-mig-integrationer\/#breadcrumb\",\"itemListElement\":[{\"@type\":\"ListItem\",\"position\":1,\"name\":\"Home\",\"item\":\"https:\/\/www.trivec.aws-staging.swace.se\/sv\/\"},{\"@type\":\"ListItem\",\"position\":2,\"name\":\"Formul\u00e4r\",\"item\":\"https:\/\/www.trivec.aws-staging.swace.se\/sv\/formular\/\"},{\"@type\":\"ListItem\",\"position\":3,\"name\":\"Kontakta mig integrationer\"}]},{\"@type\":\"WebSite\",\"@id\":\"https:\/\/trivec.aws-staging.swace.se\/sv\/#website\",\"url\":\"https:\/\/trivec.aws-staging.swace.se\/sv\/\",\"name\":\"Trivec\",\"description\":\"Kassasystem f\u00f6r restauranger, barer och hotell\",\"potentialAction\":[{\"@type\":\"SearchAction\",\"target\":{\"@type\":\"EntryPoint\",\"urlTemplate\":\"https:\/\/trivec.aws-staging.swace.se\/sv\/?s={search_term_string}\"},\"query-input\":{\"@type\":\"PropertyValueSpecification\",\"valueRequired\":true,\"valueName\":\"search_term_string\"}}],\"inLanguage\":\"sv-SE\"}]}<\/script>\n<!-- \/ Yoast SEO plugin. -->","yoast_head_json":{"title":"Kontakt - Trivec Systems","description":"Om du vill ha kontakt med Trivec \u00e4r det enklast att du fyller i dina uppgifter. En expert fr\u00e5n Trivec ber\u00e4ttar mer om kassasystem..","robots":{"index":"noindex","follow":"follow"},"og_locale":"sv_SE","og_type":"article","og_title":"Kontakt - Trivec Systems","og_description":"Om du vill ha kontakt med Trivec \u00e4r det enklast att du fyller i dina uppgifter. En expert fr\u00e5n Trivec ber\u00e4ttar mer om kassasystem..","og_url":"https:\/\/trivec.aws-staging.swace.se\/sv\/formular\/kontakta-mig-integrationer\/","og_site_name":"Trivec","article_modified_time":"2023-03-08T15:14:20+00:00","twitter_card":"summary_large_image","twitter_misc":{"Ber\u00e4knad l\u00e4stid":"1 minut"},"schema":{"@context":"https:\/\/schema.org","@graph":[{"@type":"WebPage","@id":"https:\/\/trivec.aws-staging.swace.se\/sv\/formular\/kontakta-mig-integrationer\/","url":"https:\/\/trivec.aws-staging.swace.se\/sv\/formular\/kontakta-mig-integrationer\/","name":"Kontakt - Trivec Systems","isPartOf":{"@id":"https:\/\/trivec.aws-staging.swace.se\/sv\/#website"},"datePublished":"2018-12-11T15:27:05+00:00","dateModified":"2023-03-08T15:14:20+00:00","description":"Om du vill ha kontakt med Trivec \u00e4r det enklast att du fyller i dina uppgifter. En expert fr\u00e5n Trivec ber\u00e4ttar mer om kassasystem..","breadcrumb":{"@id":"https:\/\/trivec.aws-staging.swace.se\/sv\/formular\/kontakta-mig-integrationer\/#breadcrumb"},"inLanguage":"sv-SE","potentialAction":[{"@type":"ReadAction","target":["https:\/\/trivec.aws-staging.swace.se\/sv\/formular\/kontakta-mig-integrationer\/"]}]},{"@type":"BreadcrumbList","@id":"https:\/\/trivec.aws-staging.swace.se\/sv\/formular\/kontakta-mig-integrationer\/#breadcrumb","itemListElement":[{"@type":"ListItem","position":1,"name":"Home","item":"https:\/\/www.trivec.aws-staging.swace.se\/sv\/"},{"@type":"ListItem","position":2,"name":"Formul\u00e4r","item":"https:\/\/www.trivec.aws-staging.swace.se\/sv\/formular\/"},{"@type":"ListItem","position":3,"name":"Kontakta mig integrationer"}]},{"@type":"WebSite","@id":"https:\/\/trivec.aws-staging.swace.se\/sv\/#website","url":"https:\/\/trivec.aws-staging.swace.se\/sv\/","name":"Trivec","description":"Kassasystem f\u00f6r restauranger, barer och hotell","potentialAction":[{"@type":"SearchAction","target":{"@type":"EntryPoint","urlTemplate":"https:\/\/trivec.aws-staging.swace.se\/sv\/?s={search_term_string}"},"query-input":{"@type":"PropertyValueSpecification","valueRequired":true,"valueName":"search_term_string"}}],"inLanguage":"sv-SE"}]}},"_links":{"self":[{"href":"https:\/\/trivec.aws-staging.swace.se\/sv\/wp-json\/wp\/v2\/pages\/402","targetHints":{"allow":["GET"]}}],"collection":[{"href":"https:\/\/trivec.aws-staging.swace.se\/sv\/wp-json\/wp\/v2\/pages"}],"about":[{"href":"https:\/\/trivec.aws-staging.swace.se\/sv\/wp-json\/wp\/v2\/types\/page"}],"author":[{"embeddable":true,"href":"https:\/\/trivec.aws-staging.swace.se\/sv\/wp-json\/wp\/v2\/users\/1"}],"replies":[{"embeddable":true,"href":"https:\/\/trivec.aws-staging.swace.se\/sv\/wp-json\/wp\/v2\/comments?post=402"}],"version-history":[{"count":5,"href":"https:\/\/trivec.aws-staging.swace.se\/sv\/wp-json\/wp\/v2\/pages\/402\/revisions"}],"predecessor-version":[{"id":32005,"href":"https:\/\/trivec.aws-staging.swace.se\/sv\/wp-json\/wp\/v2\/pages\/402\/revisions\/32005"}],"up":[{"embeddable":true,"href":"https:\/\/trivec.aws-staging.swace.se\/sv\/wp-json\/wp\/v2\/pages\/152"}],"wp:attachment":[{"href":"https:\/\/trivec.aws-staging.swace.se\/sv\/wp-json\/wp\/v2\/media?parent=402"}],"curies":[{"name":"wp","href":"https:\/\/api.w.org\/{rel}","templated":true}]}}