{"id":34921,"date":"2023-08-16T07:24:08","date_gmt":"2023-08-16T05:24:08","guid":{"rendered":"https:\/\/trivec.aws-staging.swace.se\/?page_id=34921"},"modified":"2023-08-16T08:14:57","modified_gmt":"2023-08-16T06:14:57","slug":"test-colums","status":"publish","type":"page","link":"https:\/\/trivec.aws-staging.swace.se\/sv\/test-colums\/","title":{"rendered":"Test colums"},"content":{"rendered":"<div class=\"wpb-content-wrapper\"><p>[vc_row mobile_invert_cols=&#8221;yes&#8221; padding_top=&#8221;none&#8221; padding_bottom=&#8221;none&#8221; vertical_align_center=&#8221;yes&#8221;][vc_column][vc_row_inner content_placement=&#8221;middle&#8221;][vc_column_inner width=&#8221;1\/3&#8243;][vc_single_image image=&#8221;34888&#8243;][\/vc_column_inner][vc_column_inner width=&#8221;2\/3&#8243;][vc_column_text]<\/p>\n<h3>Dela, \u00e5ter\u00f6ppna och splitta notor<\/h3>\n<p>Du kan enkelt dela upp notor p\u00e5 flera betalmetoder, s\u00e5som kort, kontanter, faktura eller digitala presentkort, utan n\u00e5gon f\u00f6rdr\u00f6jning. Kassasystemet visar exakt belopp som ska betalas, oavsett antalet g\u00e4ster som delar notan. Dessutom kan du redigera notor och \u00f6verf\u00f6ra varor fr\u00e5n en nota till en annan, eller flytta hela bordsbest\u00e4llningar till ett annat bord. Denna funktion \u00e4r s\u00e4rskilt anv\u00e4ndbar n\u00e4r g\u00e4ster byter bord eller ansluter sig till en st\u00f6rre grupp. Samt att du med Trivecs system kan \u00f6ppna tidigare st\u00e4ngda best\u00e4llningar och notor som \u00e4nnu inte har betalats. Denna funktion \u00e4r praktisk n\u00e4r g\u00e4sterna vill best\u00e4lla mer eller v\u00e4ljer en annan betalmetod.[\/vc_column_text][\/vc_column_inner][\/vc_row_inner][\/vc_column][\/vc_row][vc_row vertical_align_center=&#8221;yes&#8221;][vc_column width=&#8221;2\/3&#8243;][vc_column_text]I am text block. Click edit button to change this text. Lorem ipsum dolor sit amet, consectetur adipiscing elit. Ut elit tellus, luctus nec ullamcorper mattis, pulvinar dapibus leo.[\/vc_column_text][\/vc_column][vc_column width=&#8221;1\/3&#8243;][vc_single_image image=&#8221;34888&#8243;][\/vc_column][\/vc_row][vc_row mobile_invert_cols=&#8221;yes&#8221; vertical_align_center=&#8221;yes&#8221;][vc_column][vc_row_inner content_placement=&#8221;middle&#8221;][vc_column_inner width=&#8221;1\/3&#8243;][vc_single_image image=&#8221;34888&#8243;][\/vc_column_inner][vc_column_inner width=&#8221;2\/3&#8243;][vc_column_text]I am text block. Click edit button to change this text. Lorem ipsum dolor sit amet, consectetur adipiscing elit. Ut elit tellus, luctus nec ullamcorper mattis, pulvinar dapibus leo.[\/vc_column_text][\/vc_column_inner][\/vc_row_inner][\/vc_column][\/vc_row]<\/p>\n<\/div>","protected":false},"excerpt":{"rendered":"<p>[vc_row mobile_invert_cols=&#8221;yes&#8221; padding_top=&#8221;none&#8221; padding_bottom=&#8221;none&#8221; vertical_align_center=&#8221;yes&#8221;][vc_column][vc_row_inner content_placement=&#8221;middle&#8221;][vc_column_inner width=&#8221;1\/3&#8243;][vc_single_image image=&#8221;34888&#8243;][\/vc_column_inner][vc_column_inner width=&#8221;2\/3&#8243;][vc_column_text] Dela, \u00e5ter\u00f6ppna och splitta notor Du kan enkelt dela upp notor p\u00e5 flera betalmetoder, s\u00e5som kort, kontanter, faktura eller digitala presentkort, utan n\u00e5gon f\u00f6rdr\u00f6jning. Kassasystemet visar exakt belopp som ska betalas, oavsett antalet g\u00e4ster som delar notan. Dessutom kan du redigera notor och \u00f6verf\u00f6ra varor fr\u00e5n [&hellip;]<\/p>\n","protected":false},"author":1,"featured_media":0,"parent":0,"menu_order":0,"comment_status":"closed","ping_status":"closed","template":"","meta":{"_acf_changed":false,"content-type":"","footnotes":""},"class_list":["post-34921","page","type-page","status-publish","hentry"],"acf":[],"yoast_head":"<!-- This site is optimized with the Yoast SEO plugin v27.2 - https:\/\/yoast.com\/product\/yoast-seo-wordpress\/ -->\n<title>Test colums - Trivec<\/title>\n<meta name=\"robots\" content=\"noindex, follow\" \/>\n<meta property=\"og:locale\" content=\"sv_SE\" \/>\n<meta property=\"og:type\" content=\"article\" \/>\n<meta property=\"og:title\" content=\"Test colums - Trivec\" \/>\n<meta property=\"og:description\" content=\"[vc_row mobile_invert_cols=&#8221;yes&#8221; padding_top=&#8221;none&#8221; padding_bottom=&#8221;none&#8221; vertical_align_center=&#8221;yes&#8221;][vc_column][vc_row_inner content_placement=&#8221;middle&#8221;][vc_column_inner width=&#8221;1\/3&#8243;][vc_single_image image=&#8221;34888&#8243;][\/vc_column_inner][vc_column_inner width=&#8221;2\/3&#8243;][vc_column_text] Dela, \u00e5ter\u00f6ppna och splitta notor Du kan enkelt dela upp notor p\u00e5 flera betalmetoder, s\u00e5som kort, kontanter, faktura eller digitala presentkort, utan n\u00e5gon f\u00f6rdr\u00f6jning. Kassasystemet visar exakt belopp som ska betalas, oavsett antalet g\u00e4ster som delar notan. Dessutom kan du redigera notor och \u00f6verf\u00f6ra varor fr\u00e5n [&hellip;]\" \/>\n<meta property=\"og:url\" content=\"https:\/\/trivec.aws-staging.swace.se\/sv\/test-colums\/\" \/>\n<meta property=\"og:site_name\" content=\"Trivec\" \/>\n<meta property=\"article:modified_time\" content=\"2023-08-16T06:14:57+00:00\" \/>\n<meta name=\"twitter:card\" content=\"summary_large_image\" \/>\n<meta name=\"twitter:label1\" content=\"Ber\u00e4knad l\u00e4stid\" \/>\n\t<meta name=\"twitter:data1\" content=\"2 minuter\" \/>\n<script type=\"application\/ld+json\" class=\"yoast-schema-graph\">{\"@context\":\"https:\/\/schema.org\",\"@graph\":[{\"@type\":\"WebPage\",\"@id\":\"https:\/\/trivec.aws-staging.swace.se\/sv\/test-colums\/\",\"url\":\"https:\/\/trivec.aws-staging.swace.se\/sv\/test-colums\/\",\"name\":\"Test colums - Trivec\",\"isPartOf\":{\"@id\":\"https:\/\/trivec.aws-staging.swace.se\/sv\/#website\"},\"datePublished\":\"2023-08-16T05:24:08+00:00\",\"dateModified\":\"2023-08-16T06:14:57+00:00\",\"breadcrumb\":{\"@id\":\"https:\/\/trivec.aws-staging.swace.se\/sv\/test-colums\/#breadcrumb\"},\"inLanguage\":\"sv-SE\",\"potentialAction\":[{\"@type\":\"ReadAction\",\"target\":[\"https:\/\/trivec.aws-staging.swace.se\/sv\/test-colums\/\"]}]},{\"@type\":\"BreadcrumbList\",\"@id\":\"https:\/\/trivec.aws-staging.swace.se\/sv\/test-colums\/#breadcrumb\",\"itemListElement\":[{\"@type\":\"ListItem\",\"position\":1,\"name\":\"Home\",\"item\":\"https:\/\/www.trivec.aws-staging.swace.se\/sv\/\"},{\"@type\":\"ListItem\",\"position\":2,\"name\":\"Test colums\"}]},{\"@type\":\"WebSite\",\"@id\":\"https:\/\/trivec.aws-staging.swace.se\/sv\/#website\",\"url\":\"https:\/\/trivec.aws-staging.swace.se\/sv\/\",\"name\":\"Trivec\",\"description\":\"Kassasystem f\u00f6r restauranger, barer och hotell\",\"potentialAction\":[{\"@type\":\"SearchAction\",\"target\":{\"@type\":\"EntryPoint\",\"urlTemplate\":\"https:\/\/trivec.aws-staging.swace.se\/sv\/?s={search_term_string}\"},\"query-input\":{\"@type\":\"PropertyValueSpecification\",\"valueRequired\":true,\"valueName\":\"search_term_string\"}}],\"inLanguage\":\"sv-SE\"}]}<\/script>\n<!-- \/ Yoast SEO plugin. -->","yoast_head_json":{"title":"Test colums - Trivec","robots":{"index":"noindex","follow":"follow"},"og_locale":"sv_SE","og_type":"article","og_title":"Test colums - Trivec","og_description":"[vc_row mobile_invert_cols=&#8221;yes&#8221; padding_top=&#8221;none&#8221; padding_bottom=&#8221;none&#8221; vertical_align_center=&#8221;yes&#8221;][vc_column][vc_row_inner content_placement=&#8221;middle&#8221;][vc_column_inner width=&#8221;1\/3&#8243;][vc_single_image image=&#8221;34888&#8243;][\/vc_column_inner][vc_column_inner width=&#8221;2\/3&#8243;][vc_column_text] Dela, \u00e5ter\u00f6ppna och splitta notor Du kan enkelt dela upp notor p\u00e5 flera betalmetoder, s\u00e5som kort, kontanter, faktura eller digitala presentkort, utan n\u00e5gon f\u00f6rdr\u00f6jning. Kassasystemet visar exakt belopp som ska betalas, oavsett antalet g\u00e4ster som delar notan. Dessutom kan du redigera notor och \u00f6verf\u00f6ra varor fr\u00e5n [&hellip;]","og_url":"https:\/\/trivec.aws-staging.swace.se\/sv\/test-colums\/","og_site_name":"Trivec","article_modified_time":"2023-08-16T06:14:57+00:00","twitter_card":"summary_large_image","twitter_misc":{"Ber\u00e4knad l\u00e4stid":"2 minuter"},"schema":{"@context":"https:\/\/schema.org","@graph":[{"@type":"WebPage","@id":"https:\/\/trivec.aws-staging.swace.se\/sv\/test-colums\/","url":"https:\/\/trivec.aws-staging.swace.se\/sv\/test-colums\/","name":"Test colums - Trivec","isPartOf":{"@id":"https:\/\/trivec.aws-staging.swace.se\/sv\/#website"},"datePublished":"2023-08-16T05:24:08+00:00","dateModified":"2023-08-16T06:14:57+00:00","breadcrumb":{"@id":"https:\/\/trivec.aws-staging.swace.se\/sv\/test-colums\/#breadcrumb"},"inLanguage":"sv-SE","potentialAction":[{"@type":"ReadAction","target":["https:\/\/trivec.aws-staging.swace.se\/sv\/test-colums\/"]}]},{"@type":"BreadcrumbList","@id":"https:\/\/trivec.aws-staging.swace.se\/sv\/test-colums\/#breadcrumb","itemListElement":[{"@type":"ListItem","position":1,"name":"Home","item":"https:\/\/www.trivec.aws-staging.swace.se\/sv\/"},{"@type":"ListItem","position":2,"name":"Test colums"}]},{"@type":"WebSite","@id":"https:\/\/trivec.aws-staging.swace.se\/sv\/#website","url":"https:\/\/trivec.aws-staging.swace.se\/sv\/","name":"Trivec","description":"Kassasystem f\u00f6r restauranger, barer och hotell","potentialAction":[{"@type":"SearchAction","target":{"@type":"EntryPoint","urlTemplate":"https:\/\/trivec.aws-staging.swace.se\/sv\/?s={search_term_string}"},"query-input":{"@type":"PropertyValueSpecification","valueRequired":true,"valueName":"search_term_string"}}],"inLanguage":"sv-SE"}]}},"_links":{"self":[{"href":"https:\/\/trivec.aws-staging.swace.se\/sv\/wp-json\/wp\/v2\/pages\/34921","targetHints":{"allow":["GET"]}}],"collection":[{"href":"https:\/\/trivec.aws-staging.swace.se\/sv\/wp-json\/wp\/v2\/pages"}],"about":[{"href":"https:\/\/trivec.aws-staging.swace.se\/sv\/wp-json\/wp\/v2\/types\/page"}],"author":[{"embeddable":true,"href":"https:\/\/trivec.aws-staging.swace.se\/sv\/wp-json\/wp\/v2\/users\/1"}],"replies":[{"embeddable":true,"href":"https:\/\/trivec.aws-staging.swace.se\/sv\/wp-json\/wp\/v2\/comments?post=34921"}],"version-history":[{"count":17,"href":"https:\/\/trivec.aws-staging.swace.se\/sv\/wp-json\/wp\/v2\/pages\/34921\/revisions"}],"predecessor-version":[{"id":34938,"href":"https:\/\/trivec.aws-staging.swace.se\/sv\/wp-json\/wp\/v2\/pages\/34921\/revisions\/34938"}],"wp:attachment":[{"href":"https:\/\/trivec.aws-staging.swace.se\/sv\/wp-json\/wp\/v2\/media?parent=34921"}],"curies":[{"name":"wp","href":"https:\/\/api.w.org\/{rel}","templated":true}]}}