{"id":34801,"date":"2023-06-08T16:26:51","date_gmt":"2023-06-08T14:26:51","guid":{"rendered":"https:\/\/trivec.aws-staging.swace.se\/?page_id=34801"},"modified":"2023-06-09T09:44:01","modified_gmt":"2023-06-09T07:44:01","slug":"trivec-nobis","status":"publish","type":"page","link":"https:\/\/trivec.aws-staging.swace.se\/sv\/kunder\/trivec-nobis\/","title":{"rendered":"Nobis"},"content":{"rendered":"<div class=\"wpb-content-wrapper\"><p>[vc_row][vc_column][vc_column_text]<\/p>\n<h1><strong>\u00d6kad g\u00e4stn\u00f6jdhet och smidig hotellintegration n\u00e4r Nobis valde Trivec<\/strong><\/h1>\n<p>[\/vc_column_text][vc_row_inner][vc_column_inner][vc_single_image image=&#8221;34805&#8243; img_size=&#8221;2000&#215;500&#8243;][\/vc_column_inner][\/vc_row_inner][vc_row_inner][vc_column_inner][vc_column_text]<strong>F\u00f6r Guadalupe Banegas, COO, p\u00e5 Nobis Hotell Norrmalmstorg k\u00e4ndes Trivec som den sj\u00e4lvklara kassaleverant\u00f6ren. Ett kassasystem med m\u00e5nga betals\u00e4tt, enkla kassaavslut, smidig centralstyrning samt enkelhet vid programmering av nya produktgrupper avgjorde beslutet.<br \/>\n&#8211; Det fungerar j\u00e4ttebra med Trivec och varje g\u00e5ng vi ber om n\u00e5got s\u00e5 hj\u00e4lper de oss, s\u00e4ger Guadalupe.<\/strong><\/p>\n<p>I Nobis Hospitality Group ing\u00e5r Stallm\u00e4stareg\u00e5rden, Skeppsholmen, Miss Clara, Caf\u00e9 Opera och Opera K\u00e4llaren. Alla restauranger i hotellen inkl frukostmatsalar, lounger, festv\u00e5ningar och konferenslokaler har Trivecs kassasystem. Guadalupe \u00e4r n\u00f6jd med integrationen mellan hotellets PMS och Trivecs kassasystem. En f\u00f6rdel \u00e4r centralstyrningen av restaurangerna d\u00e4r alla enheter \u00e4r kopplade.<\/p>\n<p>&#8211; Alla kassor \u00e4r kopplade och vi ser d\u00e4rf\u00f6r menyer och priser centralt f\u00f6r alla restauranger. N\u00e4r vi vet hur mycket vin vi s\u00e4ljer p\u00e5 Norrmalmstorg en viss tid, s\u00e5 kan vi planera v\u00e5rt lager och omf\u00f6rdela. Vi f\u00e5r ocks\u00e5 statistik samt f\u00e5r en id\u00e9 till vilka priser de andra restaurangerna har p\u00e5 vissa produkter, s\u00e4ger hon.[\/vc_column_text][\/vc_column_inner][\/vc_row_inner][\/vc_column][\/vc_row][vc_row padding_top=&#8221;medium&#8221; padding_bottom=&#8221;medium&#8221; use_background_image=&#8221;yes&#8221; vertical_align_center=&#8221;yes&#8221;][vc_column width=&#8221;1\/2&#8243;][vc_single_image image=&#8221;28319&#8243;][\/vc_column][vc_column width=&#8221;1\/2&#8243;][vc_column_text]<\/p>\n<h2>S\u00e5 driver du ett l\u00f6nsamt hotell<\/h2>\n<p>[\/vc_column_text][vc_btn cta_text_color=&#8221;white&#8221; title=&#8221;L\u00e4s mer och ladda ner&#8221; link=&#8221;url:https%3A%2F%2Flp.trivec.aws-staging.swace.se%2Fsv%2Fladda-ner-driva-hotell|title:Driva%20hotell|target:_blank&#8221;][\/vc_column][\/vc_row][vc_row][vc_column][vc_column_text]<\/p>\n<h3><strong>Enkelt att f\u00f6rprogrammera nya produktgrupper<\/strong><\/h3>\n<p>Guadalupe gillar att Trivecs system \u00e4r enkla att programmera, till exempel vad g\u00e4ller nya produkter eller produktgrupper. Hon s\u00e4ger att det g\u00e5r snabbt att bygga produktknappar f\u00f6r antingen en r\u00e4tt eller en hel meny. Under meny-knappen g\u00e5r det ocks\u00e5 att framma r\u00e4tter och systemet f\u00f6rst\u00e5r d\u00e4rf\u00f6r n\u00e4r en g\u00e4st har \u00e4tit den f\u00f6rsta r\u00e4tten.<br \/>\n&#8211; Programmet \u00e4r smart och flexibelt, det gillar jag, s\u00e4ger hon.<\/p>\n<p>F\u00f6r g\u00e4sten g\u00e5r allt som \u00e4ts och dricks i restaurangerna givetvis att s\u00e4tta p\u00e5 rummet f\u00f6r att betalas vid utcheckning. Trivecs integrationer till andra system g\u00f6r detta m\u00f6jligt.<\/p>\n<p>&#8211; Vi f\u00e5r ocks\u00e5 kassaavslut varje dag, det k\u00f6rs p\u00e5 natten. Vi beh\u00f6ver aldrig r\u00e4kna ut n\u00e5gonting sj\u00e4lva. Varje morgon g\u00e5r jag igenom siffrorna f\u00f6r att se dagen. Jag kan ocks\u00e5 se siffror i realtid.<\/p>\n<h3><strong>\u00d6kad kundn\u00f6jdhet tack vare m\u00e5nga betals\u00e4tt<\/strong><\/h3>\n<p>Nobis valde Trivec f\u00f6r att alla olika betals\u00e4tt funkar i Trivec. Swish, liksom representation, kort, mobile pay och apple pay, ja alla betalmedel som man kan t\u00e4nka. F\u00f6retagsnummer eller hotellnummer g\u00e5r ocks\u00e5 bra. Ut\u00f6ver Trivec har Nobis inlett ett samarbete med Karma, f\u00f6r g\u00e4stbest\u00e4llningar via QR-kod i bar och restaurang. Karma \u00e4r helt integrerbart med Trivecs kassasystem. Samarbetet \u00e4r nyligen sj\u00f6satt men har fungerat v\u00e4ldigt bra s\u00e5 h\u00e4r l\u00e5ngt och Guadalupe s\u00e4nder ett s\u00e4rskilt tack till deras support som \u00e4r snabba att svara och duktiga.<\/p>\n<ul>\n<li>Varje g\u00e5ng vi ber om n\u00e5got p\u00e5 Trivec eller p\u00e5 Karma s\u00e5 hj\u00e4lper de oss. Det \u00e4r ett j\u00e4ttebra samarbete, avslutar Guadalupe.<\/li>\n<\/ul>\n<p>[\/vc_column_text][\/vc_column][\/vc_row]<\/p>\n<\/div>","protected":false},"excerpt":{"rendered":"<p>[vc_row][vc_column][vc_column_text] \u00d6kad g\u00e4stn\u00f6jdhet och smidig hotellintegration n\u00e4r Nobis valde Trivec [\/vc_column_text][vc_row_inner][vc_column_inner][vc_single_image image=&#8221;34805&#8243; img_size=&#8221;2000&#215;500&#8243;][\/vc_column_inner][\/vc_row_inner][vc_row_inner][vc_column_inner][vc_column_text]F\u00f6r Guadalupe Banegas, COO, p\u00e5 Nobis Hotell Norrmalmstorg k\u00e4ndes Trivec som den sj\u00e4lvklara kassaleverant\u00f6ren. Ett kassasystem med m\u00e5nga betals\u00e4tt, enkla kassaavslut, smidig centralstyrning samt enkelhet vid programmering av nya produktgrupper avgjorde beslutet. &#8211; Det fungerar j\u00e4ttebra med Trivec och varje g\u00e5ng vi ber [&hellip;]<\/p>\n","protected":false},"author":21,"featured_media":34805,"parent":129,"menu_order":0,"comment_status":"closed","ping_status":"closed","template":"","meta":{"_acf_changed":false,"content-type":"","footnotes":""},"class_list":["post-34801","page","type-page","status-publish","has-post-thumbnail","hentry"],"acf":[],"yoast_head":"<!-- This site is optimized with the Yoast SEO plugin v27.2 - https:\/\/yoast.com\/product\/yoast-seo-wordpress\/ -->\n<title>Nobis - Trivec<\/title>\n<meta name=\"description\" content=\"\u00d6kad g\u00e4stn\u00f6jdhet och smidig hotellintegration n\u00e4r Nobis valde Trivec. F\u00f6r Nobis Hotell k\u00e4ndes Trivec som den sj\u00e4lvklara kassaleverant\u00f6ren.\" \/>\n<meta name=\"robots\" content=\"noindex, follow\" \/>\n<meta property=\"og:locale\" content=\"sv_SE\" \/>\n<meta property=\"og:type\" content=\"article\" \/>\n<meta property=\"og:title\" content=\"Nobis - Trivec\" \/>\n<meta property=\"og:description\" content=\"\u00d6kad g\u00e4stn\u00f6jdhet och smidig hotellintegration n\u00e4r Nobis valde Trivec. F\u00f6r Nobis Hotell k\u00e4ndes Trivec som den sj\u00e4lvklara kassaleverant\u00f6ren.\" \/>\n<meta property=\"og:url\" content=\"https:\/\/trivec.aws-staging.swace.se\/sv\/kunder\/trivec-nobis\/\" \/>\n<meta property=\"og:site_name\" content=\"Trivec\" \/>\n<meta property=\"article:modified_time\" content=\"2023-06-09T07:44:01+00:00\" \/>\n<meta property=\"og:image\" content=\"https:\/\/www.trivec.aws-staging.swace.se\/wp\/uploads\/2023\/06\/Nobis_kundcase.jpg\" \/>\n\t<meta property=\"og:image:width\" content=\"1000\" \/>\n\t<meta property=\"og:image:height\" content=\"650\" \/>\n\t<meta property=\"og:image:type\" content=\"image\/jpeg\" \/>\n<meta name=\"twitter:card\" content=\"summary_large_image\" \/>\n<meta name=\"twitter:label1\" content=\"Ber\u00e4knad l\u00e4stid\" \/>\n\t<meta name=\"twitter:data1\" content=\"2 minuter\" \/>\n<script type=\"application\/ld+json\" class=\"yoast-schema-graph\">{\"@context\":\"https:\/\/schema.org\",\"@graph\":[{\"@type\":\"WebPage\",\"@id\":\"https:\/\/trivec.aws-staging.swace.se\/sv\/kunder\/trivec-nobis\/\",\"url\":\"https:\/\/trivec.aws-staging.swace.se\/sv\/kunder\/trivec-nobis\/\",\"name\":\"Nobis - Trivec\",\"isPartOf\":{\"@id\":\"https:\/\/trivec.aws-staging.swace.se\/sv\/#website\"},\"primaryImageOfPage\":{\"@id\":\"https:\/\/trivec.aws-staging.swace.se\/sv\/kunder\/trivec-nobis\/#primaryimage\"},\"image\":{\"@id\":\"https:\/\/trivec.aws-staging.swace.se\/sv\/kunder\/trivec-nobis\/#primaryimage\"},\"thumbnailUrl\":\"https:\/\/trivec.aws-staging.swace.se\/wp\/uploads\/2023\/06\/Nobis_kundcase.jpg\",\"datePublished\":\"2023-06-08T14:26:51+00:00\",\"dateModified\":\"2023-06-09T07:44:01+00:00\",\"description\":\"\u00d6kad g\u00e4stn\u00f6jdhet och smidig hotellintegration n\u00e4r Nobis valde Trivec. F\u00f6r Nobis Hotell k\u00e4ndes Trivec som den sj\u00e4lvklara kassaleverant\u00f6ren.\",\"breadcrumb\":{\"@id\":\"https:\/\/trivec.aws-staging.swace.se\/sv\/kunder\/trivec-nobis\/#breadcrumb\"},\"inLanguage\":\"sv-SE\",\"potentialAction\":[{\"@type\":\"ReadAction\",\"target\":[\"https:\/\/trivec.aws-staging.swace.se\/sv\/kunder\/trivec-nobis\/\"]}]},{\"@type\":\"ImageObject\",\"inLanguage\":\"sv-SE\",\"@id\":\"https:\/\/trivec.aws-staging.swace.se\/sv\/kunder\/trivec-nobis\/#primaryimage\",\"url\":\"https:\/\/trivec.aws-staging.swace.se\/wp\/uploads\/2023\/06\/Nobis_kundcase.jpg\",\"contentUrl\":\"https:\/\/trivec.aws-staging.swace.se\/wp\/uploads\/2023\/06\/Nobis_kundcase.jpg\",\"width\":1000,\"height\":650,\"caption\":\"Nobis och Trivec\"},{\"@type\":\"BreadcrumbList\",\"@id\":\"https:\/\/trivec.aws-staging.swace.se\/sv\/kunder\/trivec-nobis\/#breadcrumb\",\"itemListElement\":[{\"@type\":\"ListItem\",\"position\":1,\"name\":\"Home\",\"item\":\"https:\/\/www.trivec.aws-staging.swace.se\/sv\/\"},{\"@type\":\"ListItem\",\"position\":2,\"name\":\"Kunder\",\"item\":\"https:\/\/www.trivec.aws-staging.swace.se\/sv\/kunder\/\"},{\"@type\":\"ListItem\",\"position\":3,\"name\":\"Nobis\"}]},{\"@type\":\"WebSite\",\"@id\":\"https:\/\/trivec.aws-staging.swace.se\/sv\/#website\",\"url\":\"https:\/\/trivec.aws-staging.swace.se\/sv\/\",\"name\":\"Trivec\",\"description\":\"Kassasystem f\u00f6r restauranger, barer och hotell\",\"potentialAction\":[{\"@type\":\"SearchAction\",\"target\":{\"@type\":\"EntryPoint\",\"urlTemplate\":\"https:\/\/trivec.aws-staging.swace.se\/sv\/?s={search_term_string}\"},\"query-input\":{\"@type\":\"PropertyValueSpecification\",\"valueRequired\":true,\"valueName\":\"search_term_string\"}}],\"inLanguage\":\"sv-SE\"}]}<\/script>\n<!-- \/ Yoast SEO plugin. -->","yoast_head_json":{"title":"Nobis - Trivec","description":"\u00d6kad g\u00e4stn\u00f6jdhet och smidig hotellintegration n\u00e4r Nobis valde Trivec. F\u00f6r Nobis Hotell k\u00e4ndes Trivec som den sj\u00e4lvklara kassaleverant\u00f6ren.","robots":{"index":"noindex","follow":"follow"},"og_locale":"sv_SE","og_type":"article","og_title":"Nobis - Trivec","og_description":"\u00d6kad g\u00e4stn\u00f6jdhet och smidig hotellintegration n\u00e4r Nobis valde Trivec. F\u00f6r Nobis Hotell k\u00e4ndes Trivec som den sj\u00e4lvklara kassaleverant\u00f6ren.","og_url":"https:\/\/trivec.aws-staging.swace.se\/sv\/kunder\/trivec-nobis\/","og_site_name":"Trivec","article_modified_time":"2023-06-09T07:44:01+00:00","og_image":[{"width":1000,"height":650,"url":"https:\/\/www.trivec.aws-staging.swace.se\/wp\/uploads\/2023\/06\/Nobis_kundcase.jpg","type":"image\/jpeg"}],"twitter_card":"summary_large_image","twitter_misc":{"Ber\u00e4knad l\u00e4stid":"2 minuter"},"schema":{"@context":"https:\/\/schema.org","@graph":[{"@type":"WebPage","@id":"https:\/\/trivec.aws-staging.swace.se\/sv\/kunder\/trivec-nobis\/","url":"https:\/\/trivec.aws-staging.swace.se\/sv\/kunder\/trivec-nobis\/","name":"Nobis - Trivec","isPartOf":{"@id":"https:\/\/trivec.aws-staging.swace.se\/sv\/#website"},"primaryImageOfPage":{"@id":"https:\/\/trivec.aws-staging.swace.se\/sv\/kunder\/trivec-nobis\/#primaryimage"},"image":{"@id":"https:\/\/trivec.aws-staging.swace.se\/sv\/kunder\/trivec-nobis\/#primaryimage"},"thumbnailUrl":"https:\/\/trivec.aws-staging.swace.se\/wp\/uploads\/2023\/06\/Nobis_kundcase.jpg","datePublished":"2023-06-08T14:26:51+00:00","dateModified":"2023-06-09T07:44:01+00:00","description":"\u00d6kad g\u00e4stn\u00f6jdhet och smidig hotellintegration n\u00e4r Nobis valde Trivec. F\u00f6r Nobis Hotell k\u00e4ndes Trivec som den sj\u00e4lvklara kassaleverant\u00f6ren.","breadcrumb":{"@id":"https:\/\/trivec.aws-staging.swace.se\/sv\/kunder\/trivec-nobis\/#breadcrumb"},"inLanguage":"sv-SE","potentialAction":[{"@type":"ReadAction","target":["https:\/\/trivec.aws-staging.swace.se\/sv\/kunder\/trivec-nobis\/"]}]},{"@type":"ImageObject","inLanguage":"sv-SE","@id":"https:\/\/trivec.aws-staging.swace.se\/sv\/kunder\/trivec-nobis\/#primaryimage","url":"https:\/\/trivec.aws-staging.swace.se\/wp\/uploads\/2023\/06\/Nobis_kundcase.jpg","contentUrl":"https:\/\/trivec.aws-staging.swace.se\/wp\/uploads\/2023\/06\/Nobis_kundcase.jpg","width":1000,"height":650,"caption":"Nobis och Trivec"},{"@type":"BreadcrumbList","@id":"https:\/\/trivec.aws-staging.swace.se\/sv\/kunder\/trivec-nobis\/#breadcrumb","itemListElement":[{"@type":"ListItem","position":1,"name":"Home","item":"https:\/\/www.trivec.aws-staging.swace.se\/sv\/"},{"@type":"ListItem","position":2,"name":"Kunder","item":"https:\/\/www.trivec.aws-staging.swace.se\/sv\/kunder\/"},{"@type":"ListItem","position":3,"name":"Nobis"}]},{"@type":"WebSite","@id":"https:\/\/trivec.aws-staging.swace.se\/sv\/#website","url":"https:\/\/trivec.aws-staging.swace.se\/sv\/","name":"Trivec","description":"Kassasystem f\u00f6r restauranger, barer och hotell","potentialAction":[{"@type":"SearchAction","target":{"@type":"EntryPoint","urlTemplate":"https:\/\/trivec.aws-staging.swace.se\/sv\/?s={search_term_string}"},"query-input":{"@type":"PropertyValueSpecification","valueRequired":true,"valueName":"search_term_string"}}],"inLanguage":"sv-SE"}]}},"_links":{"self":[{"href":"https:\/\/trivec.aws-staging.swace.se\/sv\/wp-json\/wp\/v2\/pages\/34801","targetHints":{"allow":["GET"]}}],"collection":[{"href":"https:\/\/trivec.aws-staging.swace.se\/sv\/wp-json\/wp\/v2\/pages"}],"about":[{"href":"https:\/\/trivec.aws-staging.swace.se\/sv\/wp-json\/wp\/v2\/types\/page"}],"author":[{"embeddable":true,"href":"https:\/\/trivec.aws-staging.swace.se\/sv\/wp-json\/wp\/v2\/users\/21"}],"replies":[{"embeddable":true,"href":"https:\/\/trivec.aws-staging.swace.se\/sv\/wp-json\/wp\/v2\/comments?post=34801"}],"version-history":[{"count":6,"href":"https:\/\/trivec.aws-staging.swace.se\/sv\/wp-json\/wp\/v2\/pages\/34801\/revisions"}],"predecessor-version":[{"id":34826,"href":"https:\/\/trivec.aws-staging.swace.se\/sv\/wp-json\/wp\/v2\/pages\/34801\/revisions\/34826"}],"up":[{"embeddable":true,"href":"https:\/\/trivec.aws-staging.swace.se\/sv\/wp-json\/wp\/v2\/pages\/129"}],"wp:featuredmedia":[{"embeddable":true,"href":"https:\/\/trivec.aws-staging.swace.se\/sv\/wp-json\/wp\/v2\/media\/34805"}],"wp:attachment":[{"href":"https:\/\/trivec.aws-staging.swace.se\/sv\/wp-json\/wp\/v2\/media?parent=34801"}],"curies":[{"name":"wp","href":"https:\/\/api.w.org\/{rel}","templated":true}]}}