{"id":33316,"date":"2023-03-31T14:40:20","date_gmt":"2023-03-31T12:40:20","guid":{"rendered":"https:\/\/trivec.aws-staging.swace.se\/?page_id=33316"},"modified":"2023-03-31T15:09:36","modified_gmt":"2023-03-31T13:09:36","slug":"ravarukostnad","status":"publish","type":"page","link":"https:\/\/trivec.aws-staging.swace.se\/sv\/resurser\/whitepaper\/oppna-restaurang\/ravarukostnad\/","title":{"rendered":"Hur du ber\u00e4knar matkostnaderna f\u00f6r din restaurang?"},"content":{"rendered":"<div class=\"wpb-content-wrapper\"><p>[vc_row][vc_column][vc_single_image image=&#8221;33358&#8243; img_size=&#8221;2000&#215;600&#8243;][vc_row_inner][vc_column_inner][vc_column_text]<\/p>\n<h1>Hur du ber\u00e4knar matkostnaden f\u00f6r din restaurang?<\/h1>\n<p>Kostnadsprocent f\u00f6r mat \u00e4r en bra m\u00e4tare f\u00f6r restauranger och f\u00f6retag inom livsmedelsbranschen. Den representerar procentandelen av total int\u00e4kt som spenderas p\u00e5 att k\u00f6pa ingredienser och f\u00f6rn\u00f6denheter som beh\u00f6vs f\u00f6r att skapa de menyobjekt som erbjuds av f\u00f6retaget. Att bibeh\u00e5lla en rimlig kostnadsprocent f\u00f6r mat \u00e4r avg\u00f6rande f\u00f6r en framg\u00e5ngsrik verksamhet. I den h\u00e4r artikeln kommer vi att diskutera varf\u00f6r kostnadsprocent f\u00f6r mat \u00e4r s\u00e5 viktig samt hur du ber\u00e4knar r\u00e5varukostnader f\u00f6r din restaurang.<\/p>\n<p><strong>Hur du ber\u00e4knar r\u00e5varukostnaden:<\/strong><\/p>\n<h3>L\u00f6nsamhet<\/h3>\n<p>En av de fr\u00e4msta anledningarna till varf\u00f6r kostnadsprocent f\u00f6r mat \u00e4r s\u00e5 viktig \u00e4r att den direkt p\u00e5verkar l\u00f6nsamheten f\u00f6r f\u00f6retaget. Om kostnadsprocenten f\u00f6r mat \u00e4r f\u00f6r h\u00f6g kan den \u00e4ta upp vinstmarginalerna och f\u00f6retaget kanske inte kan generera tillr\u00e4cklig avkastning p\u00e5 investeringen. \u00c5 andra sidan, om kostnadsprocenten f\u00f6r mat \u00e4r f\u00f6r l\u00e5g kan det indikera att f\u00f6retaget inte k\u00f6per h\u00f6gkvalitativa ingredienser, vilket kan leda till minskad kundn\u00f6jdhet och l\u00e4gre f\u00f6rs\u00e4ljning.<\/p>\n<h3>Priss\u00e4ttningsstrategi<\/h3>\n<p>Kostnadsprocent f\u00f6r mat \u00e4r ocks\u00e5 viktig f\u00f6r att best\u00e4mma priss\u00e4ttningsstrategin f\u00f6r ett f\u00f6retag. Genom att k\u00e4nna till kostnaden f\u00f6r ingredienser och f\u00f6rn\u00f6denheter kan f\u00f6retaget best\u00e4mma l\u00e4mpligt pris att ta betalt f\u00f6r de olika r\u00e4tterna. Om kostnadsprocenten f\u00f6r mat \u00e4r f\u00f6r h\u00f6g kan f\u00f6retaget beh\u00f6va justera sin priss\u00e4ttningsstrategi f\u00f6r att se till att r\u00e4tterna \u00e4r konkurrenskraftigt prissatta. \u00c5 andra sidan kan f\u00f6retaget om kostnadsprocenten f\u00f6r mat \u00e4r f\u00f6r l\u00e5g ta premiumpriser f\u00f6r sina r\u00e4tter.<\/p>\n<h3>Lagerhantering<\/h3>\n<p>Kostnadsprocent f\u00f6r mat \u00e4r ocks\u00e5 avg\u00f6rande f\u00f6r att hantera lager. Genom att sp\u00e5ra kostnaden f\u00f6r ingredienser och f\u00f6rn\u00f6denheter kan f\u00f6retaget avg\u00f6ra m\u00e4ngden lager som beh\u00f6vs f\u00f6r att m\u00f6ta kundkrav. Om kostnadsprocenten f\u00f6r mat \u00e4r f\u00f6r h\u00f6g kan det indikera att f\u00f6retaget k\u00f6per f\u00f6r mycket lager, vilket kan leda till matsvinn och on\u00f6diga kostnader. \u00c5 andra sidan kan det om kostnadsprocenten f\u00f6r mat \u00e4r f\u00f6r l\u00e5g indikera att f\u00f6retaget inte k\u00f6per tillr\u00e4ckligt med lager, vilket kan leda till slut p\u00e5 lagret och missade f\u00f6rs\u00e4ljningsm\u00f6jligheter.<\/p>\n<h3>Kostnadskontroll<\/h3>\n<p>Kostnadsprocent f\u00f6r mat \u00e4r ett effektivt verktyg f\u00f6r att kontrollera kostnaderna. Genom att sp\u00e5ra kostnaden f\u00f6r ingredienser och f\u00f6rn\u00f6denheter kan f\u00f6retaget identifiera omr\u00e5den d\u00e4r det kan minska kostnaderna. Till exempel kan f\u00f6retaget f\u00f6rhandla om b\u00e4ttre priser med leverant\u00f6rer eller hitta alternativa ingredienser som \u00e4r mindre dyra men \u00e4nd\u00e5 uppfyller samma kvalitetsstandarder. Sammanfattningsvis \u00e4r kostnadsprocent f\u00f6r mat en v\u00e4sentlig m\u00e4tare f\u00f6r alla f\u00f6retag inom livsmedelsbranschen. Den p\u00e5verkar l\u00f6nsamheten f\u00f6r f\u00f6retaget, best\u00e4mmer priss\u00e4ttningsstrategin, hj\u00e4lper till att hantera lager och \u00e4r ett effektivt verktyg f\u00f6r kostnadskontroll. Genom att \u00f6vervaka kostnadsprocenten f\u00f6r mat och vidta l\u00e4mpliga \u00e5tg\u00e4rder kan f\u00f6retag bibeh\u00e5lla en h\u00e4lsosam balans mellan kostnad och kvalitet, vilket kan leda till \u00f6kad l\u00f6nsamhet och kundn\u00f6jdhet.[\/vc_column_text][\/vc_column_inner][\/vc_row_inner][\/vc_column][\/vc_row][vc_row padding_top=&#8221;medium&#8221; padding_bottom=&#8221;medium&#8221; use_background_image=&#8221;yes&#8221; vertical_align_center=&#8221;yes&#8221;][vc_column width=&#8221;1\/2&#8243;][vc_column_text]<\/p>\n<h2>Ladda ner v\u00e5r guide &#8221;\u00d6ppna restaurang&#8221;<\/h2>\n<p>[\/vc_column_text][vc_btn cta_text_color=&#8221;white&#8221; title=&#8221;Ladda ner: \u00d6ppna restaurang&#8221; link=&#8221;url:https%3A%2F%2Fwww.trivec.se%2Fresurser%2Fwhitepaper%2Foppna-restaurang%2F|title:%C3%96ppna%20restaurang|target:_blank&#8221;][\/vc_column][vc_column width=&#8221;1\/2&#8243;][vc_single_image image=&#8221;29325&#8243; img_size=&#8221;medium&#8221; alignment=&#8221;center&#8221;][\/vc_column][\/vc_row][vc_row][vc_column][vc_row_inner equal_height=&#8221;yes&#8221; content_placement=&#8221;middle&#8221;][vc_column_inner width=&#8221;1\/2&#8243;][vc_single_image image=&#8221;30088&#8243; alignment=&#8221;center&#8221;][\/vc_column_inner][vc_column_inner width=&#8221;1\/2&#8243;][vc_column_text]<\/p>\n<div class=\"group w-full text-gray-800 dark:text-gray-100 border-b border-black\/10 dark:border-gray-900\/50 bg-gray-50 dark:bg-[#444654]\">\n<div class=\"text-base gap-4 md:gap-6 md:max-w-2xl lg:max-w-2xl xl:max-w-3xl p-4 md:py-6 flex lg:px-0 m-auto\">\n<div class=\"relative flex w-[calc(100%-50px)] flex-col gap-1 md:gap-3 lg:w-[calc(100%-115px)]\">\n<div class=\"flex flex-grow flex-col gap-3\">\n<div class=\"min-h-[20px] flex flex-col items-start gap-4 whitespace-pre-wrap\">\n<div class=\"markdown prose w-full break-words dark:prose-invert light\">\n<h1>Hur ser formeln f\u00f6r att r\u00e4kna ut matkostnad ut?<\/h1>\n<p>Matkostnader \u00e4r kostnaderna f\u00f6r alla ingredienser och r\u00e5varor som kr\u00e4vs f\u00f6r att tillaga en r\u00e4tt. Att ber\u00e4kna matkostnader kan vara en utmaning, men det \u00e4r v\u00e4sentligt f\u00f6r alla restauranger att veta hur mycket de spenderar p\u00e5 mat f\u00f6r att bibeh\u00e5lla l\u00f6nsamhet och kontrollera kostnader. H\u00e4r \u00e4r stegen f\u00f6r att ber\u00e4kna matkostnader:<\/p>\n<p><strong>1.<\/strong> Best\u00e4m perioden f\u00f6r vilken du vill ber\u00e4kna matkostnaderna, till exempel en vecka eller en m\u00e5nad.<\/p>\n<p><strong>2.<\/strong> G\u00f6r en lista \u00f6ver alla ingredienser du anv\u00e4nde under den perioden.<\/p>\n<p><strong>3.<\/strong> Best\u00e4m den totala kostnaden f\u00f6r varje ingrediens genom att granska fakturor fr\u00e5n leverant\u00f6rer.<\/p>\n<p><strong>4.<\/strong> L\u00e4gg samman alla kostnader f\u00f6r ingredienserna f\u00f6r att ber\u00e4kna den totala kostnaden f\u00f6r ingredienserna.<\/p>\n<p><strong>5.<\/strong> L\u00e4gg till kostnaderna f\u00f6r alla andra f\u00f6rn\u00f6denheter, s\u00e5som f\u00f6rpackningar och reng\u00f6ringsmedel, till den totala kostnaden f\u00f6r ingredienserna f\u00f6r att ber\u00e4kna den totala matkostnaden.<\/p>\n<p><strong>6.<\/strong> Dela den totala matkostnaden med den totala int\u00e4kten f\u00f6r samma period och multiplicera detta med 100 f\u00f6r att ber\u00e4kna kostnadsprocenten f\u00f6r mat.<\/p>\n<p>Formel: <strong>(total kostnad f\u00f6r ingredienser + kostnad f\u00f6r andra r\u00e5varor)<\/strong> \/ total int\u00e4kt x 100 = kostnadsprocent f\u00f6r mat.<\/p>\n<p>Att \u00f6vervaka kostnadsprocenten f\u00f6r mat \u00e4r avg\u00f6rande f\u00f6r alla restauranger f\u00f6r att maximera l\u00f6nsamhet och kontrollera kostnader. Genom att ber\u00e4kna och f\u00f6lja kostnadsprocenten f\u00f6r mat kan f\u00f6retag hantera priser och kostnader samtidigt som de bibeh\u00e5ller kvaliteten p\u00e5 sin meny.<\/p>\n<\/div>\n<\/div>\n<\/div>\n<\/div>\n<\/div>\n<\/div>\n<p>[\/vc_column_text][\/vc_column_inner][\/vc_row_inner][\/vc_column][\/vc_row]<\/p>\n<\/div>","protected":false},"excerpt":{"rendered":"<p>[vc_row][vc_column][vc_single_image image=&#8221;33358&#8243; img_size=&#8221;2000&#215;600&#8243;][vc_row_inner][vc_column_inner][vc_column_text] Hur du ber\u00e4knar matkostnaden f\u00f6r din restaurang? Kostnadsprocent f\u00f6r mat \u00e4r en bra m\u00e4tare f\u00f6r restauranger och f\u00f6retag inom livsmedelsbranschen. Den representerar procentandelen av total int\u00e4kt som spenderas p\u00e5 att k\u00f6pa ingredienser och f\u00f6rn\u00f6denheter som beh\u00f6vs f\u00f6r att skapa de menyobjekt som erbjuds av f\u00f6retaget. Att bibeh\u00e5lla en rimlig kostnadsprocent f\u00f6r mat [&hellip;]<\/p>\n","protected":false},"author":21,"featured_media":0,"parent":21891,"menu_order":0,"comment_status":"closed","ping_status":"closed","template":"","meta":{"_acf_changed":false,"content-type":"","footnotes":""},"class_list":["post-33316","page","type-page","status-publish","hentry"],"acf":[],"yoast_head":"<!-- This site is optimized with the Yoast SEO plugin v27.2 - https:\/\/yoast.com\/product\/yoast-seo-wordpress\/ -->\n<title>Hur du ber\u00e4knar matkostnaderna f\u00f6r din restaurang?<\/title>\n<meta name=\"description\" content=\"Hur ber\u00e4knar man r\u00e5varukostnader f\u00f6r sin restaurang? Kostnadsprocent f\u00f6r mat \u00e4r en bra m\u00e4tare f\u00f6r restauranger som vill \u00f6ka marginalerna.\" \/>\n<meta name=\"robots\" content=\"noindex, follow\" \/>\n<meta property=\"og:locale\" content=\"sv_SE\" \/>\n<meta property=\"og:type\" content=\"article\" \/>\n<meta property=\"og:title\" content=\"Hur du ber\u00e4knar matkostnaderna f\u00f6r din restaurang?\" \/>\n<meta property=\"og:description\" content=\"Hur ber\u00e4knar man r\u00e5varukostnader f\u00f6r sin restaurang? Kostnadsprocent f\u00f6r mat \u00e4r en bra m\u00e4tare f\u00f6r restauranger som vill \u00f6ka marginalerna.\" \/>\n<meta property=\"og:url\" content=\"https:\/\/trivec.aws-staging.swace.se\/sv\/resurser\/whitepaper\/oppna-restaurang\/ravarukostnad\/\" \/>\n<meta property=\"og:site_name\" content=\"Trivec\" \/>\n<meta property=\"article:modified_time\" content=\"2023-03-31T13:09:36+00:00\" \/>\n<meta name=\"twitter:card\" content=\"summary_large_image\" \/>\n<meta name=\"twitter:label1\" content=\"Ber\u00e4knad l\u00e4stid\" \/>\n\t<meta name=\"twitter:data1\" content=\"3 minuter\" \/>\n<script type=\"application\/ld+json\" class=\"yoast-schema-graph\">{\"@context\":\"https:\/\/schema.org\",\"@graph\":[{\"@type\":\"WebPage\",\"@id\":\"https:\/\/trivec.aws-staging.swace.se\/sv\/resurser\/whitepaper\/oppna-restaurang\/ravarukostnad\/\",\"url\":\"https:\/\/trivec.aws-staging.swace.se\/sv\/resurser\/whitepaper\/oppna-restaurang\/ravarukostnad\/\",\"name\":\"Hur du ber\u00e4knar matkostnaderna f\u00f6r din restaurang?\",\"isPartOf\":{\"@id\":\"https:\/\/trivec.aws-staging.swace.se\/sv\/#website\"},\"datePublished\":\"2023-03-31T12:40:20+00:00\",\"dateModified\":\"2023-03-31T13:09:36+00:00\",\"description\":\"Hur ber\u00e4knar man r\u00e5varukostnader f\u00f6r sin restaurang? Kostnadsprocent f\u00f6r mat \u00e4r en bra m\u00e4tare f\u00f6r restauranger som vill \u00f6ka marginalerna.\",\"breadcrumb\":{\"@id\":\"https:\/\/trivec.aws-staging.swace.se\/sv\/resurser\/whitepaper\/oppna-restaurang\/ravarukostnad\/#breadcrumb\"},\"inLanguage\":\"sv-SE\",\"potentialAction\":[{\"@type\":\"ReadAction\",\"target\":[\"https:\/\/trivec.aws-staging.swace.se\/sv\/resurser\/whitepaper\/oppna-restaurang\/ravarukostnad\/\"]}]},{\"@type\":\"BreadcrumbList\",\"@id\":\"https:\/\/trivec.aws-staging.swace.se\/sv\/resurser\/whitepaper\/oppna-restaurang\/ravarukostnad\/#breadcrumb\",\"itemListElement\":[{\"@type\":\"ListItem\",\"position\":1,\"name\":\"Home\",\"item\":\"https:\/\/www.trivec.aws-staging.swace.se\/sv\/\"},{\"@type\":\"ListItem\",\"position\":2,\"name\":\"Resurser\",\"item\":\"https:\/\/www.trivec.aws-staging.swace.se\/sv\/resurser\/\"},{\"@type\":\"ListItem\",\"position\":3,\"name\":\"Whitepaper\",\"item\":\"https:\/\/trivec.aws-staging.swace.se\/sv\/resurser\/whitepaper\/\"},{\"@type\":\"ListItem\",\"position\":4,\"name\":\"\u00d6ppna restaurang\",\"item\":\"https:\/\/trivec.aws-staging.swace.se\/sv\/resurser\/whitepaper\/oppna-restaurang\/\"},{\"@type\":\"ListItem\",\"position\":5,\"name\":\"Hur du ber\u00e4knar matkostnaderna f\u00f6r din restaurang?\"}]},{\"@type\":\"WebSite\",\"@id\":\"https:\/\/trivec.aws-staging.swace.se\/sv\/#website\",\"url\":\"https:\/\/trivec.aws-staging.swace.se\/sv\/\",\"name\":\"Trivec\",\"description\":\"Kassasystem f\u00f6r restauranger, barer och hotell\",\"potentialAction\":[{\"@type\":\"SearchAction\",\"target\":{\"@type\":\"EntryPoint\",\"urlTemplate\":\"https:\/\/trivec.aws-staging.swace.se\/sv\/?s={search_term_string}\"},\"query-input\":{\"@type\":\"PropertyValueSpecification\",\"valueRequired\":true,\"valueName\":\"search_term_string\"}}],\"inLanguage\":\"sv-SE\"}]}<\/script>\n<!-- \/ Yoast SEO plugin. -->","yoast_head_json":{"title":"Hur du ber\u00e4knar matkostnaderna f\u00f6r din restaurang?","description":"Hur ber\u00e4knar man r\u00e5varukostnader f\u00f6r sin restaurang? Kostnadsprocent f\u00f6r mat \u00e4r en bra m\u00e4tare f\u00f6r restauranger som vill \u00f6ka marginalerna.","robots":{"index":"noindex","follow":"follow"},"og_locale":"sv_SE","og_type":"article","og_title":"Hur du ber\u00e4knar matkostnaderna f\u00f6r din restaurang?","og_description":"Hur ber\u00e4knar man r\u00e5varukostnader f\u00f6r sin restaurang? Kostnadsprocent f\u00f6r mat \u00e4r en bra m\u00e4tare f\u00f6r restauranger som vill \u00f6ka marginalerna.","og_url":"https:\/\/trivec.aws-staging.swace.se\/sv\/resurser\/whitepaper\/oppna-restaurang\/ravarukostnad\/","og_site_name":"Trivec","article_modified_time":"2023-03-31T13:09:36+00:00","twitter_card":"summary_large_image","twitter_misc":{"Ber\u00e4knad l\u00e4stid":"3 minuter"},"schema":{"@context":"https:\/\/schema.org","@graph":[{"@type":"WebPage","@id":"https:\/\/trivec.aws-staging.swace.se\/sv\/resurser\/whitepaper\/oppna-restaurang\/ravarukostnad\/","url":"https:\/\/trivec.aws-staging.swace.se\/sv\/resurser\/whitepaper\/oppna-restaurang\/ravarukostnad\/","name":"Hur du ber\u00e4knar matkostnaderna f\u00f6r din restaurang?","isPartOf":{"@id":"https:\/\/trivec.aws-staging.swace.se\/sv\/#website"},"datePublished":"2023-03-31T12:40:20+00:00","dateModified":"2023-03-31T13:09:36+00:00","description":"Hur ber\u00e4knar man r\u00e5varukostnader f\u00f6r sin restaurang? Kostnadsprocent f\u00f6r mat \u00e4r en bra m\u00e4tare f\u00f6r restauranger som vill \u00f6ka marginalerna.","breadcrumb":{"@id":"https:\/\/trivec.aws-staging.swace.se\/sv\/resurser\/whitepaper\/oppna-restaurang\/ravarukostnad\/#breadcrumb"},"inLanguage":"sv-SE","potentialAction":[{"@type":"ReadAction","target":["https:\/\/trivec.aws-staging.swace.se\/sv\/resurser\/whitepaper\/oppna-restaurang\/ravarukostnad\/"]}]},{"@type":"BreadcrumbList","@id":"https:\/\/trivec.aws-staging.swace.se\/sv\/resurser\/whitepaper\/oppna-restaurang\/ravarukostnad\/#breadcrumb","itemListElement":[{"@type":"ListItem","position":1,"name":"Home","item":"https:\/\/www.trivec.aws-staging.swace.se\/sv\/"},{"@type":"ListItem","position":2,"name":"Resurser","item":"https:\/\/www.trivec.aws-staging.swace.se\/sv\/resurser\/"},{"@type":"ListItem","position":3,"name":"Whitepaper","item":"https:\/\/trivec.aws-staging.swace.se\/sv\/resurser\/whitepaper\/"},{"@type":"ListItem","position":4,"name":"\u00d6ppna restaurang","item":"https:\/\/trivec.aws-staging.swace.se\/sv\/resurser\/whitepaper\/oppna-restaurang\/"},{"@type":"ListItem","position":5,"name":"Hur du ber\u00e4knar matkostnaderna f\u00f6r din restaurang?"}]},{"@type":"WebSite","@id":"https:\/\/trivec.aws-staging.swace.se\/sv\/#website","url":"https:\/\/trivec.aws-staging.swace.se\/sv\/","name":"Trivec","description":"Kassasystem f\u00f6r restauranger, barer och hotell","potentialAction":[{"@type":"SearchAction","target":{"@type":"EntryPoint","urlTemplate":"https:\/\/trivec.aws-staging.swace.se\/sv\/?s={search_term_string}"},"query-input":{"@type":"PropertyValueSpecification","valueRequired":true,"valueName":"search_term_string"}}],"inLanguage":"sv-SE"}]}},"_links":{"self":[{"href":"https:\/\/trivec.aws-staging.swace.se\/sv\/wp-json\/wp\/v2\/pages\/33316","targetHints":{"allow":["GET"]}}],"collection":[{"href":"https:\/\/trivec.aws-staging.swace.se\/sv\/wp-json\/wp\/v2\/pages"}],"about":[{"href":"https:\/\/trivec.aws-staging.swace.se\/sv\/wp-json\/wp\/v2\/types\/page"}],"author":[{"embeddable":true,"href":"https:\/\/trivec.aws-staging.swace.se\/sv\/wp-json\/wp\/v2\/users\/21"}],"replies":[{"embeddable":true,"href":"https:\/\/trivec.aws-staging.swace.se\/sv\/wp-json\/wp\/v2\/comments?post=33316"}],"version-history":[{"count":16,"href":"https:\/\/trivec.aws-staging.swace.se\/sv\/wp-json\/wp\/v2\/pages\/33316\/revisions"}],"predecessor-version":[{"id":33452,"href":"https:\/\/trivec.aws-staging.swace.se\/sv\/wp-json\/wp\/v2\/pages\/33316\/revisions\/33452"}],"up":[{"embeddable":true,"href":"https:\/\/trivec.aws-staging.swace.se\/sv\/wp-json\/wp\/v2\/pages\/21891"}],"wp:attachment":[{"href":"https:\/\/trivec.aws-staging.swace.se\/sv\/wp-json\/wp\/v2\/media?parent=33316"}],"curies":[{"name":"wp","href":"https:\/\/api.w.org\/{rel}","templated":true}]}}