{"id":33135,"date":"2023-03-31T08:17:13","date_gmt":"2023-03-31T06:17:13","guid":{"rendered":"https:\/\/trivec.aws-staging.swace.se\/?page_id=33135"},"modified":"2023-04-03T09:52:34","modified_gmt":"2023-04-03T07:52:34","slug":"kol-cocktails","status":"publish","type":"page","link":"https:\/\/trivec.aws-staging.swace.se\/sv\/kunder\/kol-cocktails\/","title":{"rendered":"Kol &#038; Cocktails"},"content":{"rendered":"<div class=\"wpb-content-wrapper\"><p>[vc_row][vc_column][vc_column_text]<\/p>\n<h1><strong>Smidig fakturering via e-mail tack vare Trivec\u2019s integration till Fortnox<\/strong><\/h1>\n<p>&nbsp;<\/p>\n<p>[\/vc_column_text][vc_single_image image=&#8221;33179&#8243; img_size=&#8221;full&#8221; alignment=&#8221;center&#8221;][vc_column_text]<strong>Michael, Mattias och Diana fr\u00e5n Kol &amp; Cocktails, har alla arbetat med Trivec i m\u00e5nga \u00e5r. Det var den smarta faktureringsmodulen i Fortnox som fick dem att titta n\u00e4rmare p\u00e5 den skr\u00e4ddarsydda integrationen som finns tillg\u00e4nglig mellan systemen. Modulen g\u00f6r att det g\u00e5r att fakturera g\u00e4ster direkt fr\u00e5n kassasystemet, smidigt via e-mail.<\/strong>[\/vc_column_text][vc_column_text]Vi m\u00f6tte Restaurangchef Diana Mathisen samt Mattias Tornblad och Michael Fogelqvist, tv\u00e5 av tre \u00e4gare till Kol &amp; Cocktails i Malm\u00f6 och Helsingborg. \u00c4garna driver ocks\u00e5 restaurang Yoko och Restaurangen i Rya Golfklubb utanf\u00f6r Helsingborg. Restaurangerna \u00e4r v\u00e4lbes\u00f6kta, utm\u00e4rker sig f\u00f6r sin goda mat och sin atmosf\u00e4r och lockar f\u00f6rutom privatpersoner ocks\u00e5 m\u00e5nga f\u00f6retag.<\/p>\n<h2><strong><br \/>\nFortnox smidiggjorde faktureringen<\/strong><\/h2>\n<p>N\u00e4r valet till slut f\u00f6ll p\u00e5 integrationen med Fortnox, hade de skrivit fakturor manuellt i Word, ett tidskr\u00e4vande och m\u00e5nga g\u00e5nger administrativt tungrott arbete. Med ett digitaliserat ekonomi-fl\u00f6de fick de en automatiserad process.<\/p>\n<blockquote><p>Faktureringen blev j\u00e4ttesmidig. S\u00e4llskap som ber om att f\u00e5 betala via faktura, uppger bara den person som st\u00e5r i Trivec och i Fortnox, fakturan skickas sen direkt till den mailadressen. Allt sker automatiskt, s\u00e4ger Diana.<\/p><\/blockquote>\n<h2><strong><br \/>\nAutomatisk \u00f6verf\u00f6ring till ekonomiavdelningen<\/strong><\/h2>\n<p>Michael och Mattias flikar in att integrationen till <a href=\"https:\/\/www.fortnox.se\/\">Fortnox<\/a> har sparat mycket tid och pengar och f\u00f6retagsfaktureringen har underl\u00e4ttats avsev\u00e4rt.<\/p>\n<blockquote><p>Det som m\u00e5ste vara p\u00e5 plats f\u00f6re bes\u00f6ket \u00e4r att kundgruppen (f\u00f6retaget) ligger inlagd som kundgrupp i Trivec och Fortnox, det hela \u00e4r j\u00e4ttel\u00e4tt, s\u00e4ger dem.<\/p><\/blockquote>\n<p>F\u00f6rutom smidig fakturering skickas alla siffror fr\u00e5n <a href=\"https:\/\/www.trivec.se\/produkter\/kassasystem-restaurang\/\">Trivecs kassasystem<\/a> till ekonomiavdelningen som s\u00e4tter ihop en rapport \u00f6ver siffrorna varje vecka eller m\u00e5nad beroende p\u00e5 hur man vill ha det. De sk\u00f6ter sedan bokf\u00f6ringen med hj\u00e4lp av filerna fr\u00e5n Trivec. Det finns tv\u00e5 moduler i Fortnox-integrationen, faktureringsmodulen och bokf\u00f6ringsmodulen, Kol &amp; Cocktails anv\u00e4nder b\u00e5da. Ingen beh\u00f6ver l\u00e4gga tid p\u00e5 att r\u00e4kna ut dagens f\u00f6rs\u00e4ljning efter ett hektiskt arbetspass i restaurangen. All f\u00f6rs\u00e4ljningsdata \u00f6verf\u00f6rs och tilldelas automatiskt r\u00e4tt kontokod.<\/p>\n<blockquote><p>Enkelt, smidigt och l\u00e4ttarbetat. Alla som jobbar med det f\u00f6rst\u00e5r det direkt, avslutar Diana.<\/p><\/blockquote>\n<p>[\/vc_column_text][\/vc_column][\/vc_row]<\/p>\n<\/div>","protected":false},"excerpt":{"rendered":"<p>[vc_row][vc_column][vc_column_text] Smidig fakturering via e-mail tack vare Trivec\u2019s integration till Fortnox &nbsp; [\/vc_column_text][vc_single_image image=&#8221;33179&#8243; img_size=&#8221;full&#8221; alignment=&#8221;center&#8221;][vc_column_text]Michael, Mattias och Diana fr\u00e5n Kol &amp; Cocktails, har alla arbetat med Trivec i m\u00e5nga \u00e5r. Det var den smarta faktureringsmodulen i Fortnox som fick dem att titta n\u00e4rmare p\u00e5 den skr\u00e4ddarsydda integrationen som finns tillg\u00e4nglig mellan systemen. Modulen g\u00f6r [&hellip;]<\/p>\n","protected":false},"author":21,"featured_media":33113,"parent":129,"menu_order":0,"comment_status":"closed","ping_status":"closed","template":"","meta":{"_acf_changed":false,"content-type":"","footnotes":""},"class_list":["post-33135","page","type-page","status-publish","has-post-thumbnail","hentry"],"acf":[],"yoast_head":"<!-- This site is optimized with the Yoast SEO plugin v27.2 - https:\/\/yoast.com\/product\/yoast-seo-wordpress\/ -->\n<title>Kol &amp; Cocktails - Trivec<\/title>\n<meta name=\"description\" content=\"Smidig fakturering via e-mail f\u00f6r Kol &amp; Cocktails med Trivecs integration till Fortnox. Siffror skickas direkt till ekonomiavdelningen.\" \/>\n<meta name=\"robots\" content=\"noindex, follow\" \/>\n<meta property=\"og:locale\" content=\"sv_SE\" \/>\n<meta property=\"og:type\" content=\"article\" \/>\n<meta property=\"og:title\" content=\"Kol &amp; Cocktails - Trivec\" \/>\n<meta property=\"og:description\" content=\"Smidig fakturering via e-mail f\u00f6r Kol &amp; Cocktails med Trivecs integration till Fortnox. Siffror skickas direkt till ekonomiavdelningen.\" \/>\n<meta property=\"og:url\" content=\"https:\/\/trivec.aws-staging.swace.se\/sv\/kunder\/kol-cocktails\/\" \/>\n<meta property=\"og:site_name\" content=\"Trivec\" \/>\n<meta property=\"article:modified_time\" content=\"2023-04-03T07:52:34+00:00\" \/>\n<meta property=\"og:image\" content=\"https:\/\/trivec.aws-staging.swace.se\/wp\/uploads\/2023\/03\/Agare_Kol_Cocktails-scaled.jpg\" \/>\n\t<meta property=\"og:image:width\" content=\"2560\" \/>\n\t<meta property=\"og:image:height\" content=\"1707\" \/>\n\t<meta property=\"og:image:type\" content=\"image\/jpeg\" \/>\n<meta name=\"twitter:card\" content=\"summary_large_image\" \/>\n<meta name=\"twitter:label1\" content=\"Ber\u00e4knad l\u00e4stid\" \/>\n\t<meta name=\"twitter:data1\" content=\"2 minuter\" \/>\n<script type=\"application\/ld+json\" class=\"yoast-schema-graph\">{\"@context\":\"https:\/\/schema.org\",\"@graph\":[{\"@type\":\"WebPage\",\"@id\":\"https:\/\/trivec.aws-staging.swace.se\/sv\/kunder\/kol-cocktails\/\",\"url\":\"https:\/\/trivec.aws-staging.swace.se\/sv\/kunder\/kol-cocktails\/\",\"name\":\"Kol & Cocktails - Trivec\",\"isPartOf\":{\"@id\":\"https:\/\/trivec.aws-staging.swace.se\/sv\/#website\"},\"primaryImageOfPage\":{\"@id\":\"https:\/\/trivec.aws-staging.swace.se\/sv\/kunder\/kol-cocktails\/#primaryimage\"},\"image\":{\"@id\":\"https:\/\/trivec.aws-staging.swace.se\/sv\/kunder\/kol-cocktails\/#primaryimage\"},\"thumbnailUrl\":\"https:\/\/trivec.aws-staging.swace.se\/wp\/uploads\/2023\/03\/Agare_Kol_Cocktails-scaled.jpg\",\"datePublished\":\"2023-03-31T06:17:13+00:00\",\"dateModified\":\"2023-04-03T07:52:34+00:00\",\"description\":\"Smidig fakturering via e-mail f\u00f6r Kol & Cocktails med Trivecs integration till Fortnox. Siffror skickas direkt till ekonomiavdelningen.\",\"breadcrumb\":{\"@id\":\"https:\/\/trivec.aws-staging.swace.se\/sv\/kunder\/kol-cocktails\/#breadcrumb\"},\"inLanguage\":\"sv-SE\",\"potentialAction\":[{\"@type\":\"ReadAction\",\"target\":[\"https:\/\/trivec.aws-staging.swace.se\/sv\/kunder\/kol-cocktails\/\"]}]},{\"@type\":\"ImageObject\",\"inLanguage\":\"sv-SE\",\"@id\":\"https:\/\/trivec.aws-staging.swace.se\/sv\/kunder\/kol-cocktails\/#primaryimage\",\"url\":\"https:\/\/trivec.aws-staging.swace.se\/wp\/uploads\/2023\/03\/Agare_Kol_Cocktails-scaled.jpg\",\"contentUrl\":\"https:\/\/trivec.aws-staging.swace.se\/wp\/uploads\/2023\/03\/Agare_Kol_Cocktails-scaled.jpg\",\"width\":2560,\"height\":1707,\"caption\":\"\u00c4gare Kol & Cocktails\"},{\"@type\":\"BreadcrumbList\",\"@id\":\"https:\/\/trivec.aws-staging.swace.se\/sv\/kunder\/kol-cocktails\/#breadcrumb\",\"itemListElement\":[{\"@type\":\"ListItem\",\"position\":1,\"name\":\"Home\",\"item\":\"https:\/\/www.trivec.aws-staging.swace.se\/sv\/\"},{\"@type\":\"ListItem\",\"position\":2,\"name\":\"Kunder\",\"item\":\"https:\/\/www.trivec.aws-staging.swace.se\/sv\/kunder\/\"},{\"@type\":\"ListItem\",\"position\":3,\"name\":\"Kol &#038; Cocktails\"}]},{\"@type\":\"WebSite\",\"@id\":\"https:\/\/trivec.aws-staging.swace.se\/sv\/#website\",\"url\":\"https:\/\/trivec.aws-staging.swace.se\/sv\/\",\"name\":\"Trivec\",\"description\":\"Kassasystem f\u00f6r restauranger, barer och hotell\",\"potentialAction\":[{\"@type\":\"SearchAction\",\"target\":{\"@type\":\"EntryPoint\",\"urlTemplate\":\"https:\/\/trivec.aws-staging.swace.se\/sv\/?s={search_term_string}\"},\"query-input\":{\"@type\":\"PropertyValueSpecification\",\"valueRequired\":true,\"valueName\":\"search_term_string\"}}],\"inLanguage\":\"sv-SE\"}]}<\/script>\n<!-- \/ Yoast SEO plugin. -->","yoast_head_json":{"title":"Kol & Cocktails - Trivec","description":"Smidig fakturering via e-mail f\u00f6r Kol & Cocktails med Trivecs integration till Fortnox. Siffror skickas direkt till ekonomiavdelningen.","robots":{"index":"noindex","follow":"follow"},"og_locale":"sv_SE","og_type":"article","og_title":"Kol & Cocktails - Trivec","og_description":"Smidig fakturering via e-mail f\u00f6r Kol & Cocktails med Trivecs integration till Fortnox. Siffror skickas direkt till ekonomiavdelningen.","og_url":"https:\/\/trivec.aws-staging.swace.se\/sv\/kunder\/kol-cocktails\/","og_site_name":"Trivec","article_modified_time":"2023-04-03T07:52:34+00:00","og_image":[{"width":2560,"height":1707,"url":"https:\/\/trivec.aws-staging.swace.se\/wp\/uploads\/2023\/03\/Agare_Kol_Cocktails-scaled.jpg","type":"image\/jpeg"}],"twitter_card":"summary_large_image","twitter_misc":{"Ber\u00e4knad l\u00e4stid":"2 minuter"},"schema":{"@context":"https:\/\/schema.org","@graph":[{"@type":"WebPage","@id":"https:\/\/trivec.aws-staging.swace.se\/sv\/kunder\/kol-cocktails\/","url":"https:\/\/trivec.aws-staging.swace.se\/sv\/kunder\/kol-cocktails\/","name":"Kol & Cocktails - Trivec","isPartOf":{"@id":"https:\/\/trivec.aws-staging.swace.se\/sv\/#website"},"primaryImageOfPage":{"@id":"https:\/\/trivec.aws-staging.swace.se\/sv\/kunder\/kol-cocktails\/#primaryimage"},"image":{"@id":"https:\/\/trivec.aws-staging.swace.se\/sv\/kunder\/kol-cocktails\/#primaryimage"},"thumbnailUrl":"https:\/\/trivec.aws-staging.swace.se\/wp\/uploads\/2023\/03\/Agare_Kol_Cocktails-scaled.jpg","datePublished":"2023-03-31T06:17:13+00:00","dateModified":"2023-04-03T07:52:34+00:00","description":"Smidig fakturering via e-mail f\u00f6r Kol & Cocktails med Trivecs integration till Fortnox. Siffror skickas direkt till ekonomiavdelningen.","breadcrumb":{"@id":"https:\/\/trivec.aws-staging.swace.se\/sv\/kunder\/kol-cocktails\/#breadcrumb"},"inLanguage":"sv-SE","potentialAction":[{"@type":"ReadAction","target":["https:\/\/trivec.aws-staging.swace.se\/sv\/kunder\/kol-cocktails\/"]}]},{"@type":"ImageObject","inLanguage":"sv-SE","@id":"https:\/\/trivec.aws-staging.swace.se\/sv\/kunder\/kol-cocktails\/#primaryimage","url":"https:\/\/trivec.aws-staging.swace.se\/wp\/uploads\/2023\/03\/Agare_Kol_Cocktails-scaled.jpg","contentUrl":"https:\/\/trivec.aws-staging.swace.se\/wp\/uploads\/2023\/03\/Agare_Kol_Cocktails-scaled.jpg","width":2560,"height":1707,"caption":"\u00c4gare Kol & Cocktails"},{"@type":"BreadcrumbList","@id":"https:\/\/trivec.aws-staging.swace.se\/sv\/kunder\/kol-cocktails\/#breadcrumb","itemListElement":[{"@type":"ListItem","position":1,"name":"Home","item":"https:\/\/www.trivec.aws-staging.swace.se\/sv\/"},{"@type":"ListItem","position":2,"name":"Kunder","item":"https:\/\/www.trivec.aws-staging.swace.se\/sv\/kunder\/"},{"@type":"ListItem","position":3,"name":"Kol &#038; Cocktails"}]},{"@type":"WebSite","@id":"https:\/\/trivec.aws-staging.swace.se\/sv\/#website","url":"https:\/\/trivec.aws-staging.swace.se\/sv\/","name":"Trivec","description":"Kassasystem f\u00f6r restauranger, barer och hotell","potentialAction":[{"@type":"SearchAction","target":{"@type":"EntryPoint","urlTemplate":"https:\/\/trivec.aws-staging.swace.se\/sv\/?s={search_term_string}"},"query-input":{"@type":"PropertyValueSpecification","valueRequired":true,"valueName":"search_term_string"}}],"inLanguage":"sv-SE"}]}},"_links":{"self":[{"href":"https:\/\/trivec.aws-staging.swace.se\/sv\/wp-json\/wp\/v2\/pages\/33135","targetHints":{"allow":["GET"]}}],"collection":[{"href":"https:\/\/trivec.aws-staging.swace.se\/sv\/wp-json\/wp\/v2\/pages"}],"about":[{"href":"https:\/\/trivec.aws-staging.swace.se\/sv\/wp-json\/wp\/v2\/types\/page"}],"author":[{"embeddable":true,"href":"https:\/\/trivec.aws-staging.swace.se\/sv\/wp-json\/wp\/v2\/users\/21"}],"replies":[{"embeddable":true,"href":"https:\/\/trivec.aws-staging.swace.se\/sv\/wp-json\/wp\/v2\/comments?post=33135"}],"version-history":[{"count":9,"href":"https:\/\/trivec.aws-staging.swace.se\/sv\/wp-json\/wp\/v2\/pages\/33135\/revisions"}],"predecessor-version":[{"id":33195,"href":"https:\/\/trivec.aws-staging.swace.se\/sv\/wp-json\/wp\/v2\/pages\/33135\/revisions\/33195"}],"up":[{"embeddable":true,"href":"https:\/\/trivec.aws-staging.swace.se\/sv\/wp-json\/wp\/v2\/pages\/129"}],"wp:featuredmedia":[{"embeddable":true,"href":"https:\/\/trivec.aws-staging.swace.se\/sv\/wp-json\/wp\/v2\/media\/33113"}],"wp:attachment":[{"href":"https:\/\/trivec.aws-staging.swace.se\/sv\/wp-json\/wp\/v2\/media?parent=33135"}],"curies":[{"name":"wp","href":"https:\/\/api.w.org\/{rel}","templated":true}]}}