{"id":3,"date":"2018-11-12T08:00:23","date_gmt":"2018-11-12T08:00:23","guid":{"rendered":"https:\/\/www.trivec.se\/?page_id=3"},"modified":"2022-10-19T16:17:11","modified_gmt":"2022-10-19T14:17:11","slug":"privacy-policy","status":"publish","type":"page","link":"https:\/\/trivec.aws-staging.swace.se\/sv\/privacy-policy\/","title":{"rendered":"Privacy Policy"},"content":{"rendered":"<div class=\"wpb-content-wrapper\"><p>[vc_row][vc_column][vc_story heading_text=&#8221;Privacy policy&#8221; preamble=&#8221;H\u00e4r presenteras Trivec&#8217;s privacy policy.&#8221;]I v\u00e5r privacy policy ber\u00e4ttar vi hur vi hanterar personuppgifter. De personuppgifter som vi samlar in om dig \u00e4r begr\u00e4nsade till s\u00e5dant som brukar st\u00e5 p\u00e5 visitkort, exempelvis namn, titel, f\u00f6retag, adress, e-post och telefonnummer. I vissa fall kan vi \u00e4ven be dig om ytterligare information relaterad till arbetet, som bransch och f\u00f6retagsstorlek.<\/p>\n<p>I v\u00e5r privacy policy kan du ocks\u00e5 l\u00e4sa hur vi via v\u00e5r webbplats samlar in och lagrar viss information automatiskt med anv\u00e4ndning av kakor (cookies) och liknande tekniker, till exempel IP-adresser, region, typ av webbl\u00e4sare samt information om anv\u00e4ndning.<\/p>\n<h4>Hur vi samlar in dina personuppgifter<\/h4>\n<p>Vi samlar in informationen n\u00e4r du fyller i ett formul\u00e4r p\u00e5 v\u00e5r webbplats, exempelvis bokning av demo, kontakta mig, eller nedladdning av ett dokument.<\/p>\n<h4>N\u00e4r du bes\u00f6ker v\u00e5r webbplats<\/h4>\n<p>Du kan bes\u00f6ka v\u00e5r webbplats utan att ge ifr\u00e5n dig n\u00e5gon personlig information. Trivec anv\u00e4nder Google Analytics och cookies f\u00f6r att f\u00f6rb\u00e4ttra v\u00e5r service och anv\u00e4ndarv\u00e4nlighet och f\u00f6r att analysera hur webbplatsen anv\u00e4nds. Bortsett fr\u00e5n IP-adressen \u00e4r informationen som Google Analytics samlar in mestadels anonym trafikdata som webbl\u00e4sarinformation, enhet och spr\u00e5k. Den insamlade informationen anv\u00e4nds fr\u00e4mst f\u00f6r att skapa en \u00f6verblick \u00f6ver hur webbplatsen anv\u00e4nds.<\/p>\n<h4>N\u00e4r du fyller i ett webbformul\u00e4r<\/h4>\n<p>Om du v\u00e4ljer att kontakta oss under ditt bes\u00f6k p\u00e5 v\u00e5r webbplats kommer personlig information sparas i v\u00e5rt marketing automation-verktyg Hubspot samt i v\u00e5rt CRM-system Lime CRM i enlighet med v\u00e5r privacy policy. Informationen du anger i ett formul\u00e4r hanteras och lagras s\u00e5 att vi kan kontakta dig och besvara din f\u00f6rfr\u00e5gan samt f\u00f6r marknadsf\u00f6rings\u00e4ndam\u00e5l f\u00f6r egen del.<\/p>\n<h4>Hur vi anv\u00e4nder cookies p\u00e5 v\u00e5r webbplats<\/h4>\n<p><a href=\"https:\/\/www.trivec.se\/privacy-policy\/cookie-policy\/\">L\u00e4s v\u00e5r cookie policy<\/a><\/p>\n<h4>Den lagliga grunden f\u00f6r v\u00e5r behandling av dina personuppgifter<\/h4>\n<p>Vi till\u00e4mpar etablerad praxis i enlighet med g\u00e4llande lag och best\u00e4mmelser om skydd av personuppgifter, bland annat EU:s dataskyddsf\u00f6rordning, General Data Protection Regulation (GDPR).<\/p>\n<p>V\u00e5r behandling av dina personuppgifter har sin legala grund i ber\u00e4ttigat intresse, och i vissa fall samtycke fr\u00e5n dig som bes\u00f6ker v\u00e5r webbplats. I de fall samtycke kr\u00e4vs kommer vi att be om det fr\u00e5n dig. I andra fall kan den lagliga grunden f\u00f6r v\u00e5r behandling av dina personuppgifter vara att vi fullg\u00f6r ett avtal med dig, exempelvis om du \u00e4r kund hos oss.<\/p>\n<h4>Dina r\u00e4ttigheter att beg\u00e4ra ut, \u00e4ndra och radera information<\/h4>\n<p>Du har alltid r\u00e4tt att beg\u00e4ra ut informationen vi har lagrad om dig i enlighet med v\u00e5r privacy policy. Du kan g\u00f6ra detta genom att kontakta oss p\u00e5 privacy@trivec.se Vi ser till att du f\u00e5r en kopia p\u00e5 informationen vi har om dig. F\u00f6r att kunna g\u00f6ra detta p\u00e5 ett s\u00e4kert s\u00e4tt kan vi komma att be dig verifiera din identitet. Vi skickar informationen digitalt till dig, s\u00e5vida du inte beg\u00e4r n\u00e5got annat.<\/p>\n<p>Om du anser att informationen vi har lagrat om dig \u00e4r felaktig eller inaktuell kontaktar du oss p\u00e5 privacy@trivec.se s\u00e5 att vi kan uppdatera den. Information som vi inte l\u00e4ngre har anv\u00e4ndning f\u00f6r raderas l\u00f6pande.<\/p>\n<p>Du kan n\u00e4rsomhelst f\u00e5 dina uppgifter raderade ur v\u00e5ra system och register. Om du vill bli borttagen ur v\u00e5ra system och register anm\u00e4ler du det till oss p\u00e5 privacy@trivec.se.<\/p>\n<p>Trivecs Personuppgiftspolicy eller privacy policy g\u00e4ller f\u00f6r insamlande av information via v\u00e5r webbplats. Den h\u00e4r versionen av policyn g\u00e4ller fr\u00e5n och med 13 december 2018 och l\u00f6per tillsvidare.<\/p>\n<p>Om du har ytterligare fr\u00e5gor om v\u00e5r hantering och lagring av dina personuppgifter eller om v\u00e5r privacy policy, v\u00e4nligen kontakta oss p\u00e5 privacy@trivec.se[\/vc_story][\/vc_column][\/vc_row]<\/p>\n<\/div>","protected":false},"excerpt":{"rendered":"<p>[vc_row][vc_column][vc_story heading_text=&#8221;Privacy policy&#8221; preamble=&#8221;H\u00e4r presenteras Trivec&#8217;s privacy policy.&#8221;]I v\u00e5r privacy policy ber\u00e4ttar vi hur vi hanterar personuppgifter. De personuppgifter som vi samlar in om dig \u00e4r begr\u00e4nsade till s\u00e5dant som brukar st\u00e5 p\u00e5 visitkort, exempelvis namn, titel, f\u00f6retag, adress, e-post och telefonnummer. I vissa fall kan vi \u00e4ven be dig om ytterligare information relaterad till [&hellip;]<\/p>\n","protected":false},"author":1,"featured_media":0,"parent":0,"menu_order":7,"comment_status":"closed","ping_status":"open","template":"","meta":{"_acf_changed":false,"content-type":"","footnotes":""},"class_list":["post-3","page","type-page","status-publish","hentry"],"acf":[],"yoast_head":"<!-- This site is optimized with the Yoast SEO plugin v27.2 - https:\/\/yoast.com\/product\/yoast-seo-wordpress\/ -->\n<title>Privacy policy - Trivec<\/title>\n<meta name=\"description\" content=\"I v\u00e5r privacy policy kan du l\u00e4sa om hur vi hanterar dina personuppgifter. L\u00e4s v\u00e5r presentation av Trivecs personuppgiftspolicy.\" \/>\n<meta name=\"robots\" content=\"noindex, follow\" \/>\n<meta property=\"og:locale\" content=\"sv_SE\" \/>\n<meta property=\"og:type\" content=\"article\" \/>\n<meta property=\"og:title\" content=\"Privacy policy - Trivec\" \/>\n<meta property=\"og:description\" content=\"I v\u00e5r privacy policy kan du l\u00e4sa om hur vi hanterar dina personuppgifter. L\u00e4s v\u00e5r presentation av Trivecs personuppgiftspolicy.\" \/>\n<meta property=\"og:url\" content=\"https:\/\/trivec.aws-staging.swace.se\/sv\/privacy-policy\/\" \/>\n<meta property=\"og:site_name\" content=\"Trivec\" \/>\n<meta property=\"article:modified_time\" content=\"2022-10-19T14:17:11+00:00\" \/>\n<meta name=\"twitter:card\" content=\"summary_large_image\" \/>\n<meta name=\"twitter:label1\" content=\"Ber\u00e4knad l\u00e4stid\" \/>\n\t<meta name=\"twitter:data1\" content=\"3 minuter\" \/>\n<script type=\"application\/ld+json\" class=\"yoast-schema-graph\">{\"@context\":\"https:\/\/schema.org\",\"@graph\":[{\"@type\":\"WebPage\",\"@id\":\"https:\/\/trivec.aws-staging.swace.se\/sv\/privacy-policy\/\",\"url\":\"https:\/\/trivec.aws-staging.swace.se\/sv\/privacy-policy\/\",\"name\":\"Privacy policy - Trivec\",\"isPartOf\":{\"@id\":\"https:\/\/trivec.aws-staging.swace.se\/sv\/#website\"},\"datePublished\":\"2018-11-12T08:00:23+00:00\",\"dateModified\":\"2022-10-19T14:17:11+00:00\",\"description\":\"I v\u00e5r privacy policy kan du l\u00e4sa om hur vi hanterar dina personuppgifter. L\u00e4s v\u00e5r presentation av Trivecs personuppgiftspolicy.\",\"breadcrumb\":{\"@id\":\"https:\/\/trivec.aws-staging.swace.se\/sv\/privacy-policy\/#breadcrumb\"},\"inLanguage\":\"sv-SE\",\"potentialAction\":[{\"@type\":\"ReadAction\",\"target\":[\"https:\/\/trivec.aws-staging.swace.se\/sv\/privacy-policy\/\"]}]},{\"@type\":\"BreadcrumbList\",\"@id\":\"https:\/\/trivec.aws-staging.swace.se\/sv\/privacy-policy\/#breadcrumb\",\"itemListElement\":[{\"@type\":\"ListItem\",\"position\":1,\"name\":\"Home\",\"item\":\"https:\/\/www.trivec.aws-staging.swace.se\/sv\/\"},{\"@type\":\"ListItem\",\"position\":2,\"name\":\"Privacy Policy\"}]},{\"@type\":\"WebSite\",\"@id\":\"https:\/\/trivec.aws-staging.swace.se\/sv\/#website\",\"url\":\"https:\/\/trivec.aws-staging.swace.se\/sv\/\",\"name\":\"Trivec\",\"description\":\"Kassasystem f\u00f6r restauranger, barer och hotell\",\"potentialAction\":[{\"@type\":\"SearchAction\",\"target\":{\"@type\":\"EntryPoint\",\"urlTemplate\":\"https:\/\/trivec.aws-staging.swace.se\/sv\/?s={search_term_string}\"},\"query-input\":{\"@type\":\"PropertyValueSpecification\",\"valueRequired\":true,\"valueName\":\"search_term_string\"}}],\"inLanguage\":\"sv-SE\"}]}<\/script>\n<!-- \/ Yoast SEO plugin. -->","yoast_head_json":{"title":"Privacy policy - Trivec","description":"I v\u00e5r privacy policy kan du l\u00e4sa om hur vi hanterar dina personuppgifter. L\u00e4s v\u00e5r presentation av Trivecs personuppgiftspolicy.","robots":{"index":"noindex","follow":"follow"},"og_locale":"sv_SE","og_type":"article","og_title":"Privacy policy - Trivec","og_description":"I v\u00e5r privacy policy kan du l\u00e4sa om hur vi hanterar dina personuppgifter. L\u00e4s v\u00e5r presentation av Trivecs personuppgiftspolicy.","og_url":"https:\/\/trivec.aws-staging.swace.se\/sv\/privacy-policy\/","og_site_name":"Trivec","article_modified_time":"2022-10-19T14:17:11+00:00","twitter_card":"summary_large_image","twitter_misc":{"Ber\u00e4knad l\u00e4stid":"3 minuter"},"schema":{"@context":"https:\/\/schema.org","@graph":[{"@type":"WebPage","@id":"https:\/\/trivec.aws-staging.swace.se\/sv\/privacy-policy\/","url":"https:\/\/trivec.aws-staging.swace.se\/sv\/privacy-policy\/","name":"Privacy policy - Trivec","isPartOf":{"@id":"https:\/\/trivec.aws-staging.swace.se\/sv\/#website"},"datePublished":"2018-11-12T08:00:23+00:00","dateModified":"2022-10-19T14:17:11+00:00","description":"I v\u00e5r privacy policy kan du l\u00e4sa om hur vi hanterar dina personuppgifter. L\u00e4s v\u00e5r presentation av Trivecs personuppgiftspolicy.","breadcrumb":{"@id":"https:\/\/trivec.aws-staging.swace.se\/sv\/privacy-policy\/#breadcrumb"},"inLanguage":"sv-SE","potentialAction":[{"@type":"ReadAction","target":["https:\/\/trivec.aws-staging.swace.se\/sv\/privacy-policy\/"]}]},{"@type":"BreadcrumbList","@id":"https:\/\/trivec.aws-staging.swace.se\/sv\/privacy-policy\/#breadcrumb","itemListElement":[{"@type":"ListItem","position":1,"name":"Home","item":"https:\/\/www.trivec.aws-staging.swace.se\/sv\/"},{"@type":"ListItem","position":2,"name":"Privacy Policy"}]},{"@type":"WebSite","@id":"https:\/\/trivec.aws-staging.swace.se\/sv\/#website","url":"https:\/\/trivec.aws-staging.swace.se\/sv\/","name":"Trivec","description":"Kassasystem f\u00f6r restauranger, barer och hotell","potentialAction":[{"@type":"SearchAction","target":{"@type":"EntryPoint","urlTemplate":"https:\/\/trivec.aws-staging.swace.se\/sv\/?s={search_term_string}"},"query-input":{"@type":"PropertyValueSpecification","valueRequired":true,"valueName":"search_term_string"}}],"inLanguage":"sv-SE"}]}},"_links":{"self":[{"href":"https:\/\/trivec.aws-staging.swace.se\/sv\/wp-json\/wp\/v2\/pages\/3","targetHints":{"allow":["GET"]}}],"collection":[{"href":"https:\/\/trivec.aws-staging.swace.se\/sv\/wp-json\/wp\/v2\/pages"}],"about":[{"href":"https:\/\/trivec.aws-staging.swace.se\/sv\/wp-json\/wp\/v2\/types\/page"}],"author":[{"embeddable":true,"href":"https:\/\/trivec.aws-staging.swace.se\/sv\/wp-json\/wp\/v2\/users\/1"}],"replies":[{"embeddable":true,"href":"https:\/\/trivec.aws-staging.swace.se\/sv\/wp-json\/wp\/v2\/comments?post=3"}],"version-history":[{"count":7,"href":"https:\/\/trivec.aws-staging.swace.se\/sv\/wp-json\/wp\/v2\/pages\/3\/revisions"}],"predecessor-version":[{"id":28464,"href":"https:\/\/trivec.aws-staging.swace.se\/sv\/wp-json\/wp\/v2\/pages\/3\/revisions\/28464"}],"wp:attachment":[{"href":"https:\/\/trivec.aws-staging.swace.se\/sv\/wp-json\/wp\/v2\/media?parent=3"}],"curies":[{"name":"wp","href":"https:\/\/api.w.org\/{rel}","templated":true}]}}