{"id":29807,"date":"2023-01-13T09:29:12","date_gmt":"2023-01-13T08:29:12","guid":{"rendered":"https:\/\/trivec.aws-staging.swace.se\/?page_id=29807"},"modified":"2023-01-16T13:32:03","modified_gmt":"2023-01-16T12:32:03","slug":"koncept","status":"publish","type":"page","link":"https:\/\/trivec.aws-staging.swace.se\/sv\/resurser\/whitepaper\/oppna-restaurang\/koncept\/","title":{"rendered":"Identifiera ditt restaurangkoncept"},"content":{"rendered":"<div class=\"wpb-content-wrapper\"><p>[vc_row][vc_column][vc_single_image image=&#8221;29179&#8243; img_size=&#8221;2000&#215;500&#8243;][vc_column_text]<\/p>\n<h1>Identifiera ett koncept f\u00f6r din restaurang<\/h1>\n<p>[\/vc_column_text][vc_column_text]Denna artikel \u00e4r f\u00f6rsta delen i en serie som kallas &#8221;<a href=\"https:\/\/www.trivec.se\/resurser\/whitepaper\/oppna-restaurang\/\" target=\"_blank\" rel=\"noopener\">\u00d6ppna restaurang<\/a>&#8221; &#8211; en guide f\u00f6r alla som vill \u00f6ppna en verksamhet inom matbranschen. I den h\u00e4r artikeln kommer vi att titta p\u00e5 hur man beh\u00e5ller sina dr\u00f6mmar intakta och omvandlar dem till ett konsekvent restaurangkoncept.[\/vc_column_text][vc_column_text]<\/p>\n<h2><strong>Planera din dr\u00f6m; b<\/strong><strong>\u00f6rja med ett tydligt koncept och varum\u00e4rke f\u00f6r din restaurang<\/strong><\/h2>\n<p>[\/vc_column_text][vc_column_text]F\u00f6rst och fr\u00e4mst m\u00e5ste du klart definiera ditt restaurangkoncept &#8211; s\u00e5som servicetyp, prisniv\u00e5, typ av mat och atmosf\u00e4r. \u00c4r du en lyxrestaurang, en enklare matservering eller ett snabbmatsst\u00e4lle? Kommer du att s\u00e4lja take-away, erbjuda hemleverans eller endast servera matg\u00e4ster p\u00e5 restaurangen. \u00c4ven om du tycker att du \u00e4r klar \u00f6ver ditt koncept, skriv ner det med s\u00e5 mycket detaljinformation som m\u00f6jligt. Att skapa en mood board eller ett enkelt kollage kan hj\u00e4lpa dig att komma ig\u00e5ng.<\/p>\n<p>Om ditt koncept \u00e4r en fast-casual restaurang \u00a0som serverar mexikansk mat, \u00e4r det detaljerna som kommer att skilja dig fr\u00e5n konkurrenterna. Du kanske vill erbjuda en blandning av lokal och mexikansk mat. Du kanske ocks\u00e5 \u00a0erbjuder best\u00e4llningar och betalningar online, sj\u00e4lvbetj\u00e4ningskiosker eller m\u00f6jligheten att ta ordrar och betalningar via QR-koder p\u00e5 borden. Det minimerar k\u00f6er n\u00e4r det \u00e4r h\u00f6gt tryck. \u00a0Och varf\u00f6r inte \u00a0erbjuda best\u00e4llningar \u00f6ver n\u00e4tet med m\u00f6jlighet till f\u00f6rbetalningar f\u00f6r att minska k\u00f6bildning under rusningstid.<\/p>\n<p>I takt med att du utvecklar ditt koncept, kom ih\u00e5g att g\u00f6ra research \u00f6ver dina konkurrenter. G\u00f6r \u00e4ven efterforskning kring vad som redan har testats och f\u00f6rs\u00f6k f\u00f6rst\u00e5 vilka koncept som fungerar b\u00e4st, och varf\u00f6r. P\u00e5 s\u00e5 s\u00e4tt kan du bygga vidare p\u00e5 n\u00e5got som kunderna gillar och \u00e4r villiga att betala f\u00f6r \u2013 och skapa din egen version utifr\u00e5n det. Titta \u00e4ven p\u00e5 vad som finns inom ditt n\u00e4romr\u00e5de och f\u00f6rs\u00f6k hitta luckor i marknaden. Du har kanske sett n\u00e5got p\u00e5 n\u00e5gon resa, som \u00e4nnu inte finns p\u00e5 hemmaplan.[\/vc_column_text][\/vc_column][\/vc_row][vc_row padding_top=&#8221;none&#8221; padding_bottom=&#8221;none&#8221; use_background_image=&#8221;yes&#8221; vertical_align_center=&#8221;yes&#8221;][vc_column width=&#8221;1\/2&#8243;][vc_column_text]<\/p>\n<h2>Ladda ner v\u00e5r guide gratis &#8221;\u00d6ppna restaurang 2023&#8221;!<\/h2>\n<p>[\/vc_column_text][vc_btn cta_text_color=&#8221;white&#8221; title=&#8221;\u00d6ppna restaurang 2023&#8243; link=&#8221;url:https%3A%2F%2Fwww.trivec.se%2Fresurser%2Fwhitepaper%2Foppna-restaurang%2F|title:%C3%96ppna%20restaurang|target:_blank&#8221;][\/vc_column][vc_column width=&#8221;1\/2&#8243;][vc_single_image image=&#8221;29325&#8243; img_size=&#8221;medium&#8221; alignment=&#8221;center&#8221;][\/vc_column][\/vc_row][vc_row][vc_column][vc_column_text]<\/p>\n<h2><strong>Vision och aff\u00e4rsid\u00e9 som h\u00e4nger ihop<\/strong><\/h2>\n<p>[\/vc_column_text][vc_column_text]Parallellt med ditt koncept beh\u00f6ver du en fungerande varum\u00e4rkesidentitet. Varum\u00e4rket f\u00f6rmedlar din restaurangs personlighet och identitet och ska inneh\u00e5lla en aff\u00e4rsid\u00e9 som sammanfattar dina m\u00e5l och v\u00e4rderingar. Ett varum\u00e4rke \u00f6kar lojalitet hos kunder och lockar samtidigt till sig nya g\u00e4ster som tilltalas av ditt varum\u00e4rke genom marknadsf\u00f6ring.<\/p>\n<p>Ditt varum\u00e4rke ska utg\u00e5 fr\u00e5n ditt restaurangkoncept och genomsyras av allting som omger din matservering, fr\u00e5n namn, logotype och marknadsf\u00f6ring, till atmosf\u00e4r, musik och mat. Ifall ditt koncept \u00e4r h\u00e4lsosam och lokalt producerad mat vill du kanske undvika en alltf\u00f6r r\u00f6rig restauranginteri\u00f6r och h\u00e5lla dig till stilrena bilder som p\u00e5minner om naturen, b\u00e5de p\u00e5 sociala medier, p\u00e5 menyer och andra marknadsf\u00f6ringskanaler.<\/p>\n<p>Det \u00e4r viktigt att ditt varum\u00e4rke och ditt koncept \u00e4r en reflektion av varandra och att de h\u00e4nger ihop. Den h\u00e4r kopplingen b\u00f6r \u00e4ven inkludera din n\u00e4rvaro p\u00e5 n\u00e4tet. En finkrog b\u00f6r kanske inte involvera sig i cyniska kommentarer p\u00e5 sociala medier, medan en kaxig fast-casual restaurang \u00a0kommer undan med det, eller till och med kan ha f\u00f6rdel av att visa lite attityd p\u00e5 n\u00e4tet.<\/p>\n<p>I den h\u00e4r fasen n\u00e4r du jobbar med ditt koncept och ditt varum\u00e4rke b\u00f6r du \u00e4ven ta fram de viktigaste r\u00e4tterna p\u00e5 din meny. Ett vettigt r\u00e5d \u00e4r att intressera kunderna f\u00f6r nya id\u00e9er avseende mat dom redan tycker om. Lite senare i guiden \u00e5terkommer vi till menyn f\u00f6r att diskutera design och hur du kan f\u00e5 menyn att arbeta f\u00f6r dig. Men att best\u00e4mma vad som ska finnas p\u00e5 menyn \u00e4r viktigt n\u00e4r man best\u00e4mmer vilken utrustning som beh\u00f6vs, vilken typ av personal som ska anst\u00e4llas och hur du ska g\u00f6ra verksamheten framg\u00e5ngsrik.[\/vc_column_text][vc_single_image image=&#8221;29186&#8243; img_size=&#8221;2000&#215;500&#8243;][vc_column_text]<\/p>\n<h2><strong>Hotell- och restauranginnovat\u00f6r v\u00e4ljer Trivec<\/strong><\/h2>\n<p>[\/vc_column_text][vc_column_text]<a href=\"https:\/\/www.joandjoe.com\/fr\/eat-drink\">JO&amp;JOE<\/a> i s\u00f6dra Frankrike har ett innovativt koncept inom hotell- och restaurangbranschen, ett \u00f6ppet hus som erbjuder \u00f6vernattning, fantastisk mat, events och seminarium och som riktar sig till alla fr\u00e5n familjer till artister och surfare. Detta \u00f6ppna och v\u00e4lkomnande koncept, som designats av Accor-koncernen, \u00e4r synbart i hela den vackra tr\u00e4dg\u00e5rden, den stora terrassen, kl\u00e4tterv\u00e4ggen, bordtennisborden och s\u00e5 vidare.<\/p>\n<p>F\u00f6r att g\u00e4ster ska k\u00e4nna sig v\u00e4lkomna m\u00e5ste servicen vara den b\u00e4sta. Under events s\u00e5som den v\u00e4lbes\u00f6kta surfingt\u00e4vlingen Quicksilver Pro, \u00e4r det viktigt att personalen \u00e4r v\u00e4lorganiserad och att de arbetar med r\u00e4tt verktyg.<\/p>\n<p>JO&amp;JOE \u00a0valde Trivecs kassasystem och elektroniska pucksystem f\u00f6r att snabba upp servicen. G\u00e4sterna f\u00e5r en elektronisk puck n\u00e4r de har best\u00e4llt och sitter ner vid ett bord. N\u00e4r best\u00e4llningen \u00e4r klar, b\u00f6rjar pucken vibrera. Under h\u00f6gs\u00e4song kan JO&amp;JOE betj\u00e4na 300 till 500 personer per dag. P\u00e5 JO&amp;JOE i Paris valde de \u00e4ven att arbeta med Trivecs dryckessystem och Trivecs \u00f6lv\u00e4gg f\u00f6r sj\u00e4lvservice f\u00f6r att h\u00f6ja servicen. Skulle det uppst\u00e5 n\u00e5got problem med kassasystemet,puckarna eller dryckessystemen, kan de f\u00f6rlita sig p\u00e5 Trivecs 24\/7 tekniska support.[\/vc_column_text][\/vc_column][\/vc_row][vc_row padding_top=&#8221;none&#8221; padding_bottom=&#8221;none&#8221; use_background_image=&#8221;yes&#8221; vertical_align_center=&#8221;yes&#8221;][vc_column width=&#8221;1\/2&#8243;][vc_single_image image=&#8221;29325&#8243; img_size=&#8221;medium&#8221; alignment=&#8221;center&#8221;][\/vc_column][vc_column width=&#8221;1\/2&#8243;][vc_column_text]<\/p>\n<h2>Ladda ner v\u00e5r guide gratis &#8221;\u00d6ppna restaurang 2023&#8221;!<\/h2>\n<p>[\/vc_column_text][vc_btn cta_text_color=&#8221;white&#8221; title=&#8221;\u00d6ppna restaurang 2023&#8243; link=&#8221;url:https%3A%2F%2Fwww.trivec.se%2Fresurser%2Fwhitepaper%2Foppna-restaurang%2F|title:%C3%96ppna%20restaurang|target:_blank&#8221;][\/vc_column][\/vc_row]<\/p>\n<\/div>","protected":false},"excerpt":{"rendered":"<p>[vc_row][vc_column][vc_single_image image=&#8221;29179&#8243; img_size=&#8221;2000&#215;500&#8243;][vc_column_text] Identifiera ett koncept f\u00f6r din restaurang [\/vc_column_text][vc_column_text]Denna artikel \u00e4r f\u00f6rsta delen i en serie som kallas &#8221;\u00d6ppna restaurang&#8221; &#8211; en guide f\u00f6r alla som vill \u00f6ppna en verksamhet inom matbranschen. I den h\u00e4r artikeln kommer vi att titta p\u00e5 hur man beh\u00e5ller sina dr\u00f6mmar intakta och omvandlar dem till ett konsekvent restaurangkoncept.[\/vc_column_text][vc_column_text] [&hellip;]<\/p>\n","protected":false},"author":21,"featured_media":29179,"parent":21891,"menu_order":0,"comment_status":"closed","ping_status":"closed","template":"","meta":{"_acf_changed":false,"content-type":"","footnotes":""},"class_list":["post-29807","page","type-page","status-publish","has-post-thumbnail","hentry"],"acf":[],"yoast_head":"<!-- This site is optimized with the Yoast SEO plugin v27.2 - https:\/\/yoast.com\/product\/yoast-seo-wordpress\/ -->\n<title>Koncept restaurang - Trivec<\/title>\n<meta name=\"description\" content=\"Med ett koncept f\u00f6r din restaurang blir det tydligare vad du erbjuder kunden. Genom att nischa sig vet m\u00e5lgruppen vad den har att v\u00e4nta sig.\" \/>\n<meta name=\"robots\" content=\"noindex, follow\" \/>\n<meta property=\"og:locale\" content=\"sv_SE\" \/>\n<meta property=\"og:type\" content=\"article\" \/>\n<meta property=\"og:title\" content=\"Koncept restaurang - Trivec\" \/>\n<meta property=\"og:description\" content=\"Med ett koncept f\u00f6r din restaurang blir det tydligare vad du erbjuder kunden. Genom att nischa sig vet m\u00e5lgruppen vad den har att v\u00e4nta sig.\" \/>\n<meta property=\"og:url\" content=\"https:\/\/trivec.aws-staging.swace.se\/sv\/resurser\/whitepaper\/oppna-restaurang\/koncept\/\" \/>\n<meta property=\"og:site_name\" content=\"Trivec\" \/>\n<meta property=\"article:modified_time\" content=\"2023-01-16T12:32:03+00:00\" \/>\n<meta property=\"og:image\" content=\"https:\/\/trivec.aws-staging.swace.se\/wp\/uploads\/2022\/12\/concept-restaurant.jpg\" \/>\n\t<meta property=\"og:image:width\" content=\"2000\" \/>\n\t<meta property=\"og:image:height\" content=\"1333\" \/>\n\t<meta property=\"og:image:type\" content=\"image\/jpeg\" \/>\n<meta name=\"twitter:card\" content=\"summary_large_image\" \/>\n<meta name=\"twitter:label1\" content=\"Ber\u00e4knad l\u00e4stid\" \/>\n\t<meta name=\"twitter:data1\" content=\"4 minuter\" \/>\n<script type=\"application\/ld+json\" class=\"yoast-schema-graph\">{\"@context\":\"https:\/\/schema.org\",\"@graph\":[{\"@type\":\"WebPage\",\"@id\":\"https:\/\/trivec.aws-staging.swace.se\/sv\/resurser\/whitepaper\/oppna-restaurang\/koncept\/\",\"url\":\"https:\/\/trivec.aws-staging.swace.se\/sv\/resurser\/whitepaper\/oppna-restaurang\/koncept\/\",\"name\":\"Koncept restaurang - Trivec\",\"isPartOf\":{\"@id\":\"https:\/\/trivec.aws-staging.swace.se\/sv\/#website\"},\"primaryImageOfPage\":{\"@id\":\"https:\/\/trivec.aws-staging.swace.se\/sv\/resurser\/whitepaper\/oppna-restaurang\/koncept\/#primaryimage\"},\"image\":{\"@id\":\"https:\/\/trivec.aws-staging.swace.se\/sv\/resurser\/whitepaper\/oppna-restaurang\/koncept\/#primaryimage\"},\"thumbnailUrl\":\"https:\/\/trivec.aws-staging.swace.se\/wp\/uploads\/2022\/12\/concept-restaurant.jpg\",\"datePublished\":\"2023-01-13T08:29:12+00:00\",\"dateModified\":\"2023-01-16T12:32:03+00:00\",\"description\":\"Med ett koncept f\u00f6r din restaurang blir det tydligare vad du erbjuder kunden. Genom att nischa sig vet m\u00e5lgruppen vad den har att v\u00e4nta sig.\",\"breadcrumb\":{\"@id\":\"https:\/\/trivec.aws-staging.swace.se\/sv\/resurser\/whitepaper\/oppna-restaurang\/koncept\/#breadcrumb\"},\"inLanguage\":\"sv-SE\",\"potentialAction\":[{\"@type\":\"ReadAction\",\"target\":[\"https:\/\/trivec.aws-staging.swace.se\/sv\/resurser\/whitepaper\/oppna-restaurang\/koncept\/\"]}]},{\"@type\":\"ImageObject\",\"inLanguage\":\"sv-SE\",\"@id\":\"https:\/\/trivec.aws-staging.swace.se\/sv\/resurser\/whitepaper\/oppna-restaurang\/koncept\/#primaryimage\",\"url\":\"https:\/\/trivec.aws-staging.swace.se\/wp\/uploads\/2022\/12\/concept-restaurant.jpg\",\"contentUrl\":\"https:\/\/trivec.aws-staging.swace.se\/wp\/uploads\/2022\/12\/concept-restaurant.jpg\",\"width\":2000,\"height\":1333,\"caption\":\"Restaurangconcept\"},{\"@type\":\"BreadcrumbList\",\"@id\":\"https:\/\/trivec.aws-staging.swace.se\/sv\/resurser\/whitepaper\/oppna-restaurang\/koncept\/#breadcrumb\",\"itemListElement\":[{\"@type\":\"ListItem\",\"position\":1,\"name\":\"Home\",\"item\":\"https:\/\/www.trivec.aws-staging.swace.se\/sv\/\"},{\"@type\":\"ListItem\",\"position\":2,\"name\":\"Resurser\",\"item\":\"https:\/\/www.trivec.aws-staging.swace.se\/sv\/resurser\/\"},{\"@type\":\"ListItem\",\"position\":3,\"name\":\"Whitepaper\",\"item\":\"https:\/\/trivec.aws-staging.swace.se\/sv\/resurser\/whitepaper\/\"},{\"@type\":\"ListItem\",\"position\":4,\"name\":\"\u00d6ppna restaurang\",\"item\":\"https:\/\/trivec.aws-staging.swace.se\/sv\/resurser\/whitepaper\/oppna-restaurang\/\"},{\"@type\":\"ListItem\",\"position\":5,\"name\":\"Identifiera ditt restaurangkoncept\"}]},{\"@type\":\"WebSite\",\"@id\":\"https:\/\/trivec.aws-staging.swace.se\/sv\/#website\",\"url\":\"https:\/\/trivec.aws-staging.swace.se\/sv\/\",\"name\":\"Trivec\",\"description\":\"Kassasystem f\u00f6r restauranger, barer och hotell\",\"potentialAction\":[{\"@type\":\"SearchAction\",\"target\":{\"@type\":\"EntryPoint\",\"urlTemplate\":\"https:\/\/trivec.aws-staging.swace.se\/sv\/?s={search_term_string}\"},\"query-input\":{\"@type\":\"PropertyValueSpecification\",\"valueRequired\":true,\"valueName\":\"search_term_string\"}}],\"inLanguage\":\"sv-SE\"}]}<\/script>\n<!-- \/ Yoast SEO plugin. -->","yoast_head_json":{"title":"Koncept restaurang - Trivec","description":"Med ett koncept f\u00f6r din restaurang blir det tydligare vad du erbjuder kunden. Genom att nischa sig vet m\u00e5lgruppen vad den har att v\u00e4nta sig.","robots":{"index":"noindex","follow":"follow"},"og_locale":"sv_SE","og_type":"article","og_title":"Koncept restaurang - Trivec","og_description":"Med ett koncept f\u00f6r din restaurang blir det tydligare vad du erbjuder kunden. Genom att nischa sig vet m\u00e5lgruppen vad den har att v\u00e4nta sig.","og_url":"https:\/\/trivec.aws-staging.swace.se\/sv\/resurser\/whitepaper\/oppna-restaurang\/koncept\/","og_site_name":"Trivec","article_modified_time":"2023-01-16T12:32:03+00:00","og_image":[{"width":2000,"height":1333,"url":"https:\/\/trivec.aws-staging.swace.se\/wp\/uploads\/2022\/12\/concept-restaurant.jpg","type":"image\/jpeg"}],"twitter_card":"summary_large_image","twitter_misc":{"Ber\u00e4knad l\u00e4stid":"4 minuter"},"schema":{"@context":"https:\/\/schema.org","@graph":[{"@type":"WebPage","@id":"https:\/\/trivec.aws-staging.swace.se\/sv\/resurser\/whitepaper\/oppna-restaurang\/koncept\/","url":"https:\/\/trivec.aws-staging.swace.se\/sv\/resurser\/whitepaper\/oppna-restaurang\/koncept\/","name":"Koncept restaurang - Trivec","isPartOf":{"@id":"https:\/\/trivec.aws-staging.swace.se\/sv\/#website"},"primaryImageOfPage":{"@id":"https:\/\/trivec.aws-staging.swace.se\/sv\/resurser\/whitepaper\/oppna-restaurang\/koncept\/#primaryimage"},"image":{"@id":"https:\/\/trivec.aws-staging.swace.se\/sv\/resurser\/whitepaper\/oppna-restaurang\/koncept\/#primaryimage"},"thumbnailUrl":"https:\/\/trivec.aws-staging.swace.se\/wp\/uploads\/2022\/12\/concept-restaurant.jpg","datePublished":"2023-01-13T08:29:12+00:00","dateModified":"2023-01-16T12:32:03+00:00","description":"Med ett koncept f\u00f6r din restaurang blir det tydligare vad du erbjuder kunden. Genom att nischa sig vet m\u00e5lgruppen vad den har att v\u00e4nta sig.","breadcrumb":{"@id":"https:\/\/trivec.aws-staging.swace.se\/sv\/resurser\/whitepaper\/oppna-restaurang\/koncept\/#breadcrumb"},"inLanguage":"sv-SE","potentialAction":[{"@type":"ReadAction","target":["https:\/\/trivec.aws-staging.swace.se\/sv\/resurser\/whitepaper\/oppna-restaurang\/koncept\/"]}]},{"@type":"ImageObject","inLanguage":"sv-SE","@id":"https:\/\/trivec.aws-staging.swace.se\/sv\/resurser\/whitepaper\/oppna-restaurang\/koncept\/#primaryimage","url":"https:\/\/trivec.aws-staging.swace.se\/wp\/uploads\/2022\/12\/concept-restaurant.jpg","contentUrl":"https:\/\/trivec.aws-staging.swace.se\/wp\/uploads\/2022\/12\/concept-restaurant.jpg","width":2000,"height":1333,"caption":"Restaurangconcept"},{"@type":"BreadcrumbList","@id":"https:\/\/trivec.aws-staging.swace.se\/sv\/resurser\/whitepaper\/oppna-restaurang\/koncept\/#breadcrumb","itemListElement":[{"@type":"ListItem","position":1,"name":"Home","item":"https:\/\/www.trivec.aws-staging.swace.se\/sv\/"},{"@type":"ListItem","position":2,"name":"Resurser","item":"https:\/\/www.trivec.aws-staging.swace.se\/sv\/resurser\/"},{"@type":"ListItem","position":3,"name":"Whitepaper","item":"https:\/\/trivec.aws-staging.swace.se\/sv\/resurser\/whitepaper\/"},{"@type":"ListItem","position":4,"name":"\u00d6ppna restaurang","item":"https:\/\/trivec.aws-staging.swace.se\/sv\/resurser\/whitepaper\/oppna-restaurang\/"},{"@type":"ListItem","position":5,"name":"Identifiera ditt restaurangkoncept"}]},{"@type":"WebSite","@id":"https:\/\/trivec.aws-staging.swace.se\/sv\/#website","url":"https:\/\/trivec.aws-staging.swace.se\/sv\/","name":"Trivec","description":"Kassasystem f\u00f6r restauranger, barer och hotell","potentialAction":[{"@type":"SearchAction","target":{"@type":"EntryPoint","urlTemplate":"https:\/\/trivec.aws-staging.swace.se\/sv\/?s={search_term_string}"},"query-input":{"@type":"PropertyValueSpecification","valueRequired":true,"valueName":"search_term_string"}}],"inLanguage":"sv-SE"}]}},"_links":{"self":[{"href":"https:\/\/trivec.aws-staging.swace.se\/sv\/wp-json\/wp\/v2\/pages\/29807","targetHints":{"allow":["GET"]}}],"collection":[{"href":"https:\/\/trivec.aws-staging.swace.se\/sv\/wp-json\/wp\/v2\/pages"}],"about":[{"href":"https:\/\/trivec.aws-staging.swace.se\/sv\/wp-json\/wp\/v2\/types\/page"}],"author":[{"embeddable":true,"href":"https:\/\/trivec.aws-staging.swace.se\/sv\/wp-json\/wp\/v2\/users\/21"}],"replies":[{"embeddable":true,"href":"https:\/\/trivec.aws-staging.swace.se\/sv\/wp-json\/wp\/v2\/comments?post=29807"}],"version-history":[{"count":13,"href":"https:\/\/trivec.aws-staging.swace.se\/sv\/wp-json\/wp\/v2\/pages\/29807\/revisions"}],"predecessor-version":[{"id":29878,"href":"https:\/\/trivec.aws-staging.swace.se\/sv\/wp-json\/wp\/v2\/pages\/29807\/revisions\/29878"}],"up":[{"embeddable":true,"href":"https:\/\/trivec.aws-staging.swace.se\/sv\/wp-json\/wp\/v2\/pages\/21891"}],"wp:featuredmedia":[{"embeddable":true,"href":"https:\/\/trivec.aws-staging.swace.se\/sv\/wp-json\/wp\/v2\/media\/29179"}],"wp:attachment":[{"href":"https:\/\/trivec.aws-staging.swace.se\/sv\/wp-json\/wp\/v2\/media?parent=29807"}],"curies":[{"name":"wp","href":"https:\/\/api.w.org\/{rel}","templated":true}]}}