{"id":27640,"date":"2022-09-02T10:43:13","date_gmt":"2022-09-02T08:43:13","guid":{"rendered":"https:\/\/trivec.aws-staging.swace.se\/?page_id=27640"},"modified":"2022-10-25T11:43:17","modified_gmt":"2022-10-25T09:43:17","slug":"salens-hogfjallshotell","status":"publish","type":"page","link":"https:\/\/trivec.aws-staging.swace.se\/sv\/kunder\/salens-hogfjallshotell\/","title":{"rendered":"S\u00e4lens h\u00f6gfj\u00e4llshotell"},"content":{"rendered":"<div class=\"wpb-content-wrapper\"><p>[vc_row padding_top=&#8221;medium&#8221;][vc_column][vc_story heading_text=&#8221;H\u00f6gre snittnotor p\u00e5 h\u00f6gfj\u00e4llshotellet tack vare Trivec Buddy&#8221; preamble=&#8221;Martin Sahlberg, operativ chef p\u00e5 S\u00e4lens H\u00f6gfj\u00e4llshotell samt Gammelg\u00e5rden i S\u00e4len, ser m\u00e5nga f\u00f6rdelar med Trivec Buddy, QR-koder och digitala menyer.<br \/>\n&#8211; Jobbar du p\u00e5 r\u00e4tt s\u00e4tt med Buddy, \u00f6kar snittnotorna samt servicen mot g\u00e4st, s\u00e4ger Martin.&#8221;]<img loading=\"lazy\" decoding=\"async\" class=\" wp-image-27757 aligncenter\" src=\"https:\/\/www.trivec.se\/wp\/uploads\/2022\/09\/Trivec_customer_Hogfjallshotellet_lattare_kundcase-300x300.jpg\" alt=\"S\u00e4lens H\u00f6gfj\u00e4llshotell och Trivec\" width=\"577\" height=\"577\" srcset=\"https:\/\/trivec.aws-staging.swace.se\/wp\/uploads\/2022\/09\/Trivec_customer_Hogfjallshotellet_lattare_kundcase-300x300.jpg 300w, https:\/\/trivec.aws-staging.swace.se\/wp\/uploads\/2022\/09\/Trivec_customer_Hogfjallshotellet_lattare_kundcase-1024x1024.jpg 1024w, https:\/\/trivec.aws-staging.swace.se\/wp\/uploads\/2022\/09\/Trivec_customer_Hogfjallshotellet_lattare_kundcase-150x150.jpg 150w, https:\/\/trivec.aws-staging.swace.se\/wp\/uploads\/2022\/09\/Trivec_customer_Hogfjallshotellet_lattare_kundcase-768x768.jpg 768w, https:\/\/trivec.aws-staging.swace.se\/wp\/uploads\/2022\/09\/Trivec_customer_Hogfjallshotellet_lattare_kundcase-1536x1536.jpg 1536w, https:\/\/trivec.aws-staging.swace.se\/wp\/uploads\/2022\/09\/Trivec_customer_Hogfjallshotellet_lattare_kundcase.jpg 2000w\" sizes=\"auto, (max-width: 577px) 100vw, 577px\" \/><\/p>\n<p>Med en \u00f6nskan om att g\u00f6ra det enkelt f\u00f6r g\u00e4sterna k\u00e4ndes det sj\u00e4lvklart f\u00f6r Martin att testa <a href=\"https:\/\/www.trivec.se\/produkter\/qr-kod-restaurang\/\">Trivec Buddy<\/a>. En l\u00f6sning d\u00e4r g\u00e4sten med hj\u00e4lp av sin telefon skannar in en QR-kod och best\u00e4ller fr\u00e5n en digital meny samt betalar direkt.<\/p>\n<blockquote><p>Det \u00e4r kombinationen av att best\u00e4lla och betala via QR-koder samt att ha personal p\u00e5 plats som g\u00f6r att det flyger, s\u00e4ger Martin.<\/p><\/blockquote>\n<p>Bland H\u00f6gfj\u00e4llshotellets och Gammelg\u00e5rdens kunder, som \u00e4r allt fr\u00e5n barnfamiljer och par till kollegor, kompisg\u00e4ng och pension\u00e4rer, s\u00e5 m\u00e4rker de att den digitala kunskapen \u00e4r h\u00f6g i alla grupper. Att g\u00e4ster inte skulle anv\u00e4nda Trivec Buddy p\u00e5 grund av en digital omognad \u00e4r n\u00e5got de s\u00e4llan m\u00f6ter. Men sj\u00e4lvklart kombinerar de Buddy med personal p\u00e5 plats om n\u00e5gon beh\u00f6ver hj\u00e4lp eller har gl\u00f6mt sin telefon.<\/p>\n<h2><strong>QR-koder \u00f6kar servicen mot g\u00e4st<\/strong><\/h2>\n<p>P\u00e5 Gammelg\u00e5rden anv\u00e4nds Buddy p\u00e5 uteserveringen under sommaren.<\/p>\n<blockquote><p>Det blir ett enormt tryck p\u00e5 uteserveringen p\u00e5 sommaren och den kan aldrig bemannas f\u00f6r att klara det trycket. Buddy g\u00f6r det smidigt att best\u00e4lla och betala och g\u00e4sten kan sitta lugnt kvar vid sitt bord.<\/p><\/blockquote>\n<p>F\u00f6r att fortsatt h\u00e5lla en h\u00f6g service finns det alltid servitriser och servit\u00f6rer p\u00e5 plats om n\u00e5gon vill best\u00e4lla manuellt. Personal ute bland borden \u00e4r ocks\u00e5 viktig f\u00f6r att prata med g\u00e4sterna och f\u00f6r att skapa en personlig k\u00e4nsla.<\/p>\n<blockquote><p>Kombinationen av digitala l\u00f6sningar och personal \u00e4r avg\u00f6rande f\u00f6r en bra kundupplevelse, forts\u00e4tter Martin.<\/p><\/blockquote>\n<h2><strong>\u201dSt\u00f6rsta f\u00f6rdelen med QR-koder f\u00f6r restaurang \u00e4r h\u00f6gre snittnotor\u201d<\/strong><\/h2>\n<p>S\u00e4lens h\u00f6gfj\u00e4llshotell, restaurang Jacks, serverar mat och \u00f6l. Martin m\u00e4rkte att snittnotorna \u00f6kade d\u00e5 Buddy gjorde det enklare f\u00f6r g\u00e4sterna att merk\u00f6pa en \u00f6l till eller en dessert efter den f\u00f6rsta best\u00e4llningen.<\/p>\n<blockquote><p>Med Buddy \u00f6kar merf\u00f6rs\u00e4ljningen eftersom de g\u00e4ster som exempelvis blivit sugna p\u00e5 mer pommes frites enkelt kan best\u00e4lla det, s\u00e4ger Martin.<\/p><\/blockquote>\n<p>Martin ber\u00e4ttar vidare hur han ocks\u00e5 erbjuder Buddy p\u00e5 en stor uteservering vid S\u00e4lens h\u00f6gfj\u00e4llshotell, QR-koden g\u00e5r d\u00e5 enbart till dryckeslistan. P\u00e5 s\u00e5 s\u00e4tt kan g\u00e4sterna sl\u00e5 sig ner och f\u00e5 sin dryck. Sedan kan de best\u00e4lla via serveringspersonalen n\u00e4r de \u00e4r redo f\u00f6r mat. P\u00e5 s\u00e5 s\u00e4tt kommer inte alla best\u00e4llningar p\u00e5 en g\u00e5ng, s\u00e4ger Martin.<\/p>\n<h2><strong>F\u00f6rdelar med digitala menyer<\/strong><\/h2>\n<p>F\u00f6rdelarna med digitala menyer \u00e4r att det g\u00e5r snabbt att g\u00f6ra f\u00f6r\u00e4ndringar och att \u00e4ndra priser. Det \u00e4r ocks\u00e5 l\u00e4tt att klicka bort vissa r\u00e4tter eller en dryck om n\u00e5got tagit slut, s\u00e5 att g\u00e4sterna alltid har en uppdaterad meny i sin telefon. En annan f\u00f6rdel \u00e4r ocks\u00e5 att m\u00e5nga drar ner p\u00e5 tryckta menyer.<\/p>\n<blockquote><p>I Trivec f\u00e5r vi bra bakomliggande statistik, samt att det \u00e4r enkelt att f\u00f6lja f\u00f6rs\u00e4ljningen, det \u00e4r l\u00e4tt att se om n\u00e5gon tycker att det har blivit fel och det \u00e4r enkelt att \u00e4ndra i systemet, vi \u00e4r v\u00e4ldigt n\u00f6jda, avslutar Martin.<\/p><\/blockquote>\n<h2><strong>Trivec Buddy<\/strong><\/h2>\n<p>Trivec Buddy \u00e4r en mobil, webbaserad betall\u00f6sning f\u00f6r best\u00e4llning och betalning direkt i mobilen (g\u00e4sterna beh\u00f6ver inte ladda ner n\u00e5gon app). Best\u00e4llningarna g\u00f6rs av restaurangg\u00e4sten direkt i telefonen genom att skanna en QR-kod framtagen f\u00f6r din restaurang,\u00a0g\u00e4sterna beh\u00f6ver varken registrera ett konto eller betalkort i f\u00f6rv\u00e4g.<strong>\u00a0<\/strong>[\/vc_story][\/vc_column][\/vc_row][vc_row][vc_column][vc_btn title=&#8221;L\u00e4s mer om Trivec Buddy h\u00e4r&#8221; align=&#8221;center&#8221; link=&#8221;url:https%3A%2F%2Fwww.trivec.se%2Fprodukter%2Fqr-kod-restaurang%2F|title:Trivec%20Buddy|target:_blank&#8221;][\/vc_column][\/vc_row]<\/p>\n<\/div>","protected":false},"excerpt":{"rendered":"<p>[vc_row padding_top=&#8221;medium&#8221;][vc_column][vc_story heading_text=&#8221;H\u00f6gre snittnotor p\u00e5 h\u00f6gfj\u00e4llshotellet tack vare Trivec Buddy&#8221; preamble=&#8221;Martin Sahlberg, operativ chef p\u00e5 S\u00e4lens H\u00f6gfj\u00e4llshotell samt Gammelg\u00e5rden i S\u00e4len, ser m\u00e5nga f\u00f6rdelar med Trivec Buddy, QR-koder och digitala menyer. &#8211; Jobbar du p\u00e5 r\u00e4tt s\u00e4tt med Buddy, \u00f6kar snittnotorna samt servicen mot g\u00e4st, s\u00e4ger Martin.&#8221;] Med en \u00f6nskan om att g\u00f6ra det enkelt [&hellip;]<\/p>\n","protected":false},"author":21,"featured_media":27757,"parent":129,"menu_order":0,"comment_status":"closed","ping_status":"closed","template":"","meta":{"_acf_changed":false,"content-type":"","footnotes":""},"class_list":["post-27640","page","type-page","status-publish","has-post-thumbnail","hentry"],"acf":[],"yoast_head":"<!-- This site is optimized with the Yoast SEO plugin v27.2 - https:\/\/yoast.com\/product\/yoast-seo-wordpress\/ -->\n<title>S\u00e4lens h\u00f6gfj\u00e4llshotell - Trivec<\/title>\n<meta name=\"description\" content=\"S\u00e4lens h\u00f6gfj\u00e4llshotell \u00e4r n\u00f6jda med Trivec Buddy. G\u00e4sten skannar in en QR-kod, best\u00e4ller fr\u00e5n en digital meny samt betalar direkt.\" \/>\n<meta name=\"robots\" content=\"noindex, follow\" \/>\n<meta property=\"og:locale\" content=\"sv_SE\" \/>\n<meta property=\"og:type\" content=\"article\" \/>\n<meta property=\"og:title\" content=\"S\u00e4lens h\u00f6gfj\u00e4llshotell - Trivec\" \/>\n<meta property=\"og:description\" content=\"S\u00e4lens h\u00f6gfj\u00e4llshotell \u00e4r n\u00f6jda med Trivec Buddy. G\u00e4sten skannar in en QR-kod, best\u00e4ller fr\u00e5n en digital meny samt betalar direkt.\" \/>\n<meta property=\"og:url\" content=\"https:\/\/trivec.aws-staging.swace.se\/sv\/kunder\/salens-hogfjallshotell\/\" \/>\n<meta property=\"og:site_name\" content=\"Trivec\" \/>\n<meta property=\"article:modified_time\" content=\"2022-10-25T09:43:17+00:00\" \/>\n<meta property=\"og:image\" content=\"https:\/\/www.trivec.aws-staging.swace.se\/wp\/uploads\/2022\/09\/Trivec_customer_Hogfjallshotellet_lattare_kundcase.jpg\" \/>\n\t<meta property=\"og:image:width\" content=\"2000\" \/>\n\t<meta property=\"og:image:height\" content=\"2000\" \/>\n\t<meta property=\"og:image:type\" content=\"image\/jpeg\" \/>\n<meta name=\"twitter:card\" content=\"summary_large_image\" \/>\n<meta name=\"twitter:label1\" content=\"Ber\u00e4knad l\u00e4stid\" \/>\n\t<meta name=\"twitter:data1\" content=\"3 minuter\" \/>\n<script type=\"application\/ld+json\" class=\"yoast-schema-graph\">{\"@context\":\"https:\/\/schema.org\",\"@graph\":[{\"@type\":\"WebPage\",\"@id\":\"https:\/\/trivec.aws-staging.swace.se\/sv\/kunder\/salens-hogfjallshotell\/\",\"url\":\"https:\/\/trivec.aws-staging.swace.se\/sv\/kunder\/salens-hogfjallshotell\/\",\"name\":\"S\u00e4lens h\u00f6gfj\u00e4llshotell - Trivec\",\"isPartOf\":{\"@id\":\"https:\/\/trivec.aws-staging.swace.se\/sv\/#website\"},\"primaryImageOfPage\":{\"@id\":\"https:\/\/trivec.aws-staging.swace.se\/sv\/kunder\/salens-hogfjallshotell\/#primaryimage\"},\"image\":{\"@id\":\"https:\/\/trivec.aws-staging.swace.se\/sv\/kunder\/salens-hogfjallshotell\/#primaryimage\"},\"thumbnailUrl\":\"https:\/\/trivec.aws-staging.swace.se\/wp\/uploads\/2022\/09\/Trivec_customer_Hogfjallshotellet_lattare_kundcase.jpg\",\"datePublished\":\"2022-09-02T08:43:13+00:00\",\"dateModified\":\"2022-10-25T09:43:17+00:00\",\"description\":\"S\u00e4lens h\u00f6gfj\u00e4llshotell \u00e4r n\u00f6jda med Trivec Buddy. G\u00e4sten skannar in en QR-kod, best\u00e4ller fr\u00e5n en digital meny samt betalar direkt.\",\"breadcrumb\":{\"@id\":\"https:\/\/trivec.aws-staging.swace.se\/sv\/kunder\/salens-hogfjallshotell\/#breadcrumb\"},\"inLanguage\":\"sv-SE\",\"potentialAction\":[{\"@type\":\"ReadAction\",\"target\":[\"https:\/\/trivec.aws-staging.swace.se\/sv\/kunder\/salens-hogfjallshotell\/\"]}]},{\"@type\":\"ImageObject\",\"inLanguage\":\"sv-SE\",\"@id\":\"https:\/\/trivec.aws-staging.swace.se\/sv\/kunder\/salens-hogfjallshotell\/#primaryimage\",\"url\":\"https:\/\/trivec.aws-staging.swace.se\/wp\/uploads\/2022\/09\/Trivec_customer_Hogfjallshotellet_lattare_kundcase.jpg\",\"contentUrl\":\"https:\/\/trivec.aws-staging.swace.se\/wp\/uploads\/2022\/09\/Trivec_customer_Hogfjallshotellet_lattare_kundcase.jpg\",\"width\":2000,\"height\":2000,\"caption\":\"S\u00e4lens H\u00f6gfj\u00e4llshotell och Trivec\"},{\"@type\":\"BreadcrumbList\",\"@id\":\"https:\/\/trivec.aws-staging.swace.se\/sv\/kunder\/salens-hogfjallshotell\/#breadcrumb\",\"itemListElement\":[{\"@type\":\"ListItem\",\"position\":1,\"name\":\"Home\",\"item\":\"https:\/\/www.trivec.aws-staging.swace.se\/sv\/\"},{\"@type\":\"ListItem\",\"position\":2,\"name\":\"Kunder\",\"item\":\"https:\/\/www.trivec.aws-staging.swace.se\/sv\/kunder\/\"},{\"@type\":\"ListItem\",\"position\":3,\"name\":\"S\u00e4lens h\u00f6gfj\u00e4llshotell\"}]},{\"@type\":\"WebSite\",\"@id\":\"https:\/\/trivec.aws-staging.swace.se\/sv\/#website\",\"url\":\"https:\/\/trivec.aws-staging.swace.se\/sv\/\",\"name\":\"Trivec\",\"description\":\"Kassasystem f\u00f6r restauranger, barer och hotell\",\"potentialAction\":[{\"@type\":\"SearchAction\",\"target\":{\"@type\":\"EntryPoint\",\"urlTemplate\":\"https:\/\/trivec.aws-staging.swace.se\/sv\/?s={search_term_string}\"},\"query-input\":{\"@type\":\"PropertyValueSpecification\",\"valueRequired\":true,\"valueName\":\"search_term_string\"}}],\"inLanguage\":\"sv-SE\"}]}<\/script>\n<!-- \/ Yoast SEO plugin. -->","yoast_head_json":{"title":"S\u00e4lens h\u00f6gfj\u00e4llshotell - Trivec","description":"S\u00e4lens h\u00f6gfj\u00e4llshotell \u00e4r n\u00f6jda med Trivec Buddy. G\u00e4sten skannar in en QR-kod, best\u00e4ller fr\u00e5n en digital meny samt betalar direkt.","robots":{"index":"noindex","follow":"follow"},"og_locale":"sv_SE","og_type":"article","og_title":"S\u00e4lens h\u00f6gfj\u00e4llshotell - Trivec","og_description":"S\u00e4lens h\u00f6gfj\u00e4llshotell \u00e4r n\u00f6jda med Trivec Buddy. G\u00e4sten skannar in en QR-kod, best\u00e4ller fr\u00e5n en digital meny samt betalar direkt.","og_url":"https:\/\/trivec.aws-staging.swace.se\/sv\/kunder\/salens-hogfjallshotell\/","og_site_name":"Trivec","article_modified_time":"2022-10-25T09:43:17+00:00","og_image":[{"width":2000,"height":2000,"url":"https:\/\/www.trivec.aws-staging.swace.se\/wp\/uploads\/2022\/09\/Trivec_customer_Hogfjallshotellet_lattare_kundcase.jpg","type":"image\/jpeg"}],"twitter_card":"summary_large_image","twitter_misc":{"Ber\u00e4knad l\u00e4stid":"3 minuter"},"schema":{"@context":"https:\/\/schema.org","@graph":[{"@type":"WebPage","@id":"https:\/\/trivec.aws-staging.swace.se\/sv\/kunder\/salens-hogfjallshotell\/","url":"https:\/\/trivec.aws-staging.swace.se\/sv\/kunder\/salens-hogfjallshotell\/","name":"S\u00e4lens h\u00f6gfj\u00e4llshotell - Trivec","isPartOf":{"@id":"https:\/\/trivec.aws-staging.swace.se\/sv\/#website"},"primaryImageOfPage":{"@id":"https:\/\/trivec.aws-staging.swace.se\/sv\/kunder\/salens-hogfjallshotell\/#primaryimage"},"image":{"@id":"https:\/\/trivec.aws-staging.swace.se\/sv\/kunder\/salens-hogfjallshotell\/#primaryimage"},"thumbnailUrl":"https:\/\/trivec.aws-staging.swace.se\/wp\/uploads\/2022\/09\/Trivec_customer_Hogfjallshotellet_lattare_kundcase.jpg","datePublished":"2022-09-02T08:43:13+00:00","dateModified":"2022-10-25T09:43:17+00:00","description":"S\u00e4lens h\u00f6gfj\u00e4llshotell \u00e4r n\u00f6jda med Trivec Buddy. G\u00e4sten skannar in en QR-kod, best\u00e4ller fr\u00e5n en digital meny samt betalar direkt.","breadcrumb":{"@id":"https:\/\/trivec.aws-staging.swace.se\/sv\/kunder\/salens-hogfjallshotell\/#breadcrumb"},"inLanguage":"sv-SE","potentialAction":[{"@type":"ReadAction","target":["https:\/\/trivec.aws-staging.swace.se\/sv\/kunder\/salens-hogfjallshotell\/"]}]},{"@type":"ImageObject","inLanguage":"sv-SE","@id":"https:\/\/trivec.aws-staging.swace.se\/sv\/kunder\/salens-hogfjallshotell\/#primaryimage","url":"https:\/\/trivec.aws-staging.swace.se\/wp\/uploads\/2022\/09\/Trivec_customer_Hogfjallshotellet_lattare_kundcase.jpg","contentUrl":"https:\/\/trivec.aws-staging.swace.se\/wp\/uploads\/2022\/09\/Trivec_customer_Hogfjallshotellet_lattare_kundcase.jpg","width":2000,"height":2000,"caption":"S\u00e4lens H\u00f6gfj\u00e4llshotell och Trivec"},{"@type":"BreadcrumbList","@id":"https:\/\/trivec.aws-staging.swace.se\/sv\/kunder\/salens-hogfjallshotell\/#breadcrumb","itemListElement":[{"@type":"ListItem","position":1,"name":"Home","item":"https:\/\/www.trivec.aws-staging.swace.se\/sv\/"},{"@type":"ListItem","position":2,"name":"Kunder","item":"https:\/\/www.trivec.aws-staging.swace.se\/sv\/kunder\/"},{"@type":"ListItem","position":3,"name":"S\u00e4lens h\u00f6gfj\u00e4llshotell"}]},{"@type":"WebSite","@id":"https:\/\/trivec.aws-staging.swace.se\/sv\/#website","url":"https:\/\/trivec.aws-staging.swace.se\/sv\/","name":"Trivec","description":"Kassasystem f\u00f6r restauranger, barer och hotell","potentialAction":[{"@type":"SearchAction","target":{"@type":"EntryPoint","urlTemplate":"https:\/\/trivec.aws-staging.swace.se\/sv\/?s={search_term_string}"},"query-input":{"@type":"PropertyValueSpecification","valueRequired":true,"valueName":"search_term_string"}}],"inLanguage":"sv-SE"}]}},"_links":{"self":[{"href":"https:\/\/trivec.aws-staging.swace.se\/sv\/wp-json\/wp\/v2\/pages\/27640","targetHints":{"allow":["GET"]}}],"collection":[{"href":"https:\/\/trivec.aws-staging.swace.se\/sv\/wp-json\/wp\/v2\/pages"}],"about":[{"href":"https:\/\/trivec.aws-staging.swace.se\/sv\/wp-json\/wp\/v2\/types\/page"}],"author":[{"embeddable":true,"href":"https:\/\/trivec.aws-staging.swace.se\/sv\/wp-json\/wp\/v2\/users\/21"}],"replies":[{"embeddable":true,"href":"https:\/\/trivec.aws-staging.swace.se\/sv\/wp-json\/wp\/v2\/comments?post=27640"}],"version-history":[{"count":15,"href":"https:\/\/trivec.aws-staging.swace.se\/sv\/wp-json\/wp\/v2\/pages\/27640\/revisions"}],"predecessor-version":[{"id":28583,"href":"https:\/\/trivec.aws-staging.swace.se\/sv\/wp-json\/wp\/v2\/pages\/27640\/revisions\/28583"}],"up":[{"embeddable":true,"href":"https:\/\/trivec.aws-staging.swace.se\/sv\/wp-json\/wp\/v2\/pages\/129"}],"wp:featuredmedia":[{"embeddable":true,"href":"https:\/\/trivec.aws-staging.swace.se\/sv\/wp-json\/wp\/v2\/media\/27757"}],"wp:attachment":[{"href":"https:\/\/trivec.aws-staging.swace.se\/sv\/wp-json\/wp\/v2\/media?parent=27640"}],"curies":[{"name":"wp","href":"https:\/\/api.w.org\/{rel}","templated":true}]}}