{"id":26293,"date":"2022-04-21T15:44:13","date_gmt":"2022-04-21T13:44:13","guid":{"rendered":"https:\/\/trivec.aws-staging.swace.se\/?page_id=26293"},"modified":"2022-10-25T11:38:48","modified_gmt":"2022-10-25T09:38:48","slug":"pivo","status":"publish","type":"page","link":"https:\/\/trivec.aws-staging.swace.se\/sv\/kunder\/pivo\/","title":{"rendered":"Pivo"},"content":{"rendered":"<div class=\"wpb-content-wrapper\"><p>[vc_row][vc_column][vc_story heading_text=&#8221;Trivec och Personalkollen sj\u00e4lvklara val f\u00f6r kr\u00f6garna Attila Tamas och Patrick Lucic&#8221;]<img loading=\"lazy\" decoding=\"async\" class=\"alignnone size-large wp-image-26298\" src=\"https:\/\/www.trivec.se\/wp\/uploads\/2022\/04\/Attila-och-Patrick-1024x803.jpg\" alt=\"Attila Tamas och Patrick Lucic\" width=\"1024\" height=\"803\" srcset=\"https:\/\/trivec.aws-staging.swace.se\/wp\/uploads\/2022\/04\/Attila-och-Patrick-1024x803.jpg 1024w, https:\/\/trivec.aws-staging.swace.se\/wp\/uploads\/2022\/04\/Attila-och-Patrick-300x235.jpg 300w, https:\/\/trivec.aws-staging.swace.se\/wp\/uploads\/2022\/04\/Attila-och-Patrick-768x603.jpg 768w, https:\/\/trivec.aws-staging.swace.se\/wp\/uploads\/2022\/04\/Attila-och-Patrick-1536x1205.jpg 1536w, https:\/\/trivec.aws-staging.swace.se\/wp\/uploads\/2022\/04\/Attila-och-Patrick-2048x1607.jpg 2048w\" sizes=\"auto, (max-width: 1024px) 100vw, 1024px\" \/><\/p>\n<p><strong>Attila Tamas och Patrick Lucic driver Restaurang Meet och Restaurang Pivo i G\u00f6teborg, tv\u00e5 sj\u00e4lvklara inslag p\u00e5 G\u00f6teborgs restaurangscen. De drivs av utmaningar och ser bekv\u00e4mlighet som sin fiende, nyfikenheten f\u00e5r aldrig avta! N\u00e4r det kommer till systemleverant\u00f6rer \u00e4r p\u00e5litlighet en viktig aspekt, d\u00e4rf\u00f6r har Trivec och Personalkollen varit sj\u00e4lvklara val.<\/strong><\/p>\n<h2>En god planering tar dig l\u00e5ngt<\/h2>\n<p>F\u00f6r att kunna planera f\u00f6r framtiden g\u00e4ller det att ha koll p\u00e5 historiken. H\u00e4r \u00e4r Personalkollen ett tryggt verktyg som ger b\u00e5de en prognos f\u00f6r personalkostnad och f\u00f6rs\u00e4ljning och en tydlig uppf\u00f6ljning av l\u00f6nsamheten. Personalkollen f\u00e5r f\u00f6rs\u00e4ljningsdata fr\u00e5n Trivec, vilket g\u00f6r att all v\u00e4sentlig information samlas p\u00e5 samma st\u00e4lle.<\/p>\n<blockquote><p>Vi jobbar effektivt och med sm\u00e5 marginaler, med Trivec och Personalkollen har vi de b\u00e4sta f\u00f6ruts\u00e4ttningarna att optimera arbetstiden. Jag kan f\u00f6lja l\u00f6nsamheten genom Personalkollen direkt i mobilen och har p\u00e5 s\u00e5 vis j\u00e4rnkoll p\u00e5 min verksamhet, s\u00e4ger Attila Tamas<\/p><\/blockquote>\n<h2>Det ska vara smidigt, det m\u00e5ste vara smidigt<\/h2>\n<p>P\u00e5 sommarhalv\u00e5ret n\u00e4r Pivo \u00f6ppnar sin uteservering \u00e4r Trivec Handy en ov\u00e4rderlig kollega. De mobila terminalerna tar emot best\u00e4llningar som direkt skickas till k\u00f6ket, vilket minskar b\u00e5de spring mellan borden och tids\u00e5tg\u00e5ng per bord. Alla terminaler \u00e4r kopplade till samma kassa och minskar b\u00e5de installationskostnader och tidskr\u00e4vande upps\u00e4ttningar. Trivecs detaljrapporter \u00e4r till stor hj\u00e4lp vid inventering och f\u00f6r planering av ink\u00f6p.<\/p>\n<blockquote><p>Jag ser tydligt i Trivecs kassasystem vilka produkter vi s\u00e4ljer mycket av eller hur mycket svinn vi har under olika perioder forts\u00e4tter Attila Tamas<\/p><\/blockquote>\n<h2>Trivec och Personalkollen \u00e4r tv\u00e5 viktiga pusselbitar<\/h2>\n<p>Attila och Patrick ser b\u00e5de Trivec och Personalkollen som givna partners och n\u00f6dv\u00e4ndiga pusselbitar i deras verksamheter. Det \u00e4r inte endast i det administrativa arbetet som Personalkollen och Trivec underl\u00e4ttar. I Personalkollens app visas s\u00e5v\u00e4l l\u00f6nespecifikationer som dricksbesked f\u00f6r de anst\u00e4llda. De ser \u00e4ven sina arbetade tider, sitt schema och kan byta pass med varandra.<\/p>\n<blockquote><p>B\u00e5de Personalkollen och Trivec \u00e4r v\u00e4l bepr\u00f6vade system som personalen \u00e4r bekv\u00e4m att jobba i. Dessutom har de b\u00e5da leverant\u00f6rerna en v\u00e4ldigt kunnig, trevlig och l\u00e4ttillg\u00e4nglig support som st\u00e4ller upp vad det \u00e4n g\u00e4ller \u2013 Attila Tamas<\/p><\/blockquote>\n<p>[\/vc_story][\/vc_column][\/vc_row]<\/p>\n<\/div>","protected":false},"excerpt":{"rendered":"<p>[vc_row][vc_column][vc_story heading_text=&#8221;Trivec och Personalkollen sj\u00e4lvklara val f\u00f6r kr\u00f6garna Attila Tamas och Patrick Lucic&#8221;] Attila Tamas och Patrick Lucic driver Restaurang Meet och Restaurang Pivo i G\u00f6teborg, tv\u00e5 sj\u00e4lvklara inslag p\u00e5 G\u00f6teborgs restaurangscen. De drivs av utmaningar och ser bekv\u00e4mlighet som sin fiende, nyfikenheten f\u00e5r aldrig avta! N\u00e4r det kommer till systemleverant\u00f6rer \u00e4r p\u00e5litlighet en viktig [&hellip;]<\/p>\n","protected":false},"author":2,"featured_media":26298,"parent":129,"menu_order":0,"comment_status":"closed","ping_status":"closed","template":"","meta":{"_acf_changed":false,"content-type":"","footnotes":""},"class_list":["post-26293","page","type-page","status-publish","has-post-thumbnail","hentry"],"acf":[],"yoast_head":"<!-- This site is optimized with the Yoast SEO plugin v27.2 - https:\/\/yoast.com\/product\/yoast-seo-wordpress\/ -->\n<title>Kundcase restaurang Pivo<\/title>\n<meta name=\"description\" content=\"Attila Tamas och Patrick Lucic driver Restaurang Pivo i G\u00f6teborg. Trivec och Personalkollen har varit sj\u00e4lvklara val f\u00f6r effektiviteten.\" \/>\n<meta name=\"robots\" content=\"noindex, follow\" \/>\n<meta property=\"og:locale\" content=\"sv_SE\" \/>\n<meta property=\"og:type\" content=\"article\" \/>\n<meta property=\"og:title\" content=\"Kundcase restaurang Pivo\" \/>\n<meta property=\"og:description\" content=\"Attila Tamas och Patrick Lucic driver Restaurang Pivo i G\u00f6teborg. Trivec och Personalkollen har varit sj\u00e4lvklara val f\u00f6r effektiviteten.\" \/>\n<meta property=\"og:url\" content=\"https:\/\/trivec.aws-staging.swace.se\/sv\/kunder\/pivo\/\" \/>\n<meta property=\"og:site_name\" content=\"Trivec\" \/>\n<meta property=\"article:modified_time\" content=\"2022-10-25T09:38:48+00:00\" \/>\n<meta property=\"og:image\" content=\"https:\/\/www.trivec.aws-staging.swace.se\/wp\/uploads\/2022\/04\/Attila-och-Patrick.jpg\" \/>\n\t<meta property=\"og:image:width\" content=\"2056\" \/>\n\t<meta property=\"og:image:height\" content=\"1613\" \/>\n\t<meta property=\"og:image:type\" content=\"image\/jpeg\" \/>\n<meta name=\"twitter:card\" content=\"summary_large_image\" \/>\n<meta name=\"twitter:label1\" content=\"Ber\u00e4knad l\u00e4stid\" \/>\n\t<meta name=\"twitter:data1\" content=\"2 minuter\" \/>\n<script type=\"application\/ld+json\" class=\"yoast-schema-graph\">{\"@context\":\"https:\/\/schema.org\",\"@graph\":[{\"@type\":\"WebPage\",\"@id\":\"https:\/\/trivec.aws-staging.swace.se\/sv\/kunder\/pivo\/\",\"url\":\"https:\/\/trivec.aws-staging.swace.se\/sv\/kunder\/pivo\/\",\"name\":\"Kundcase restaurang Pivo\",\"isPartOf\":{\"@id\":\"https:\/\/trivec.aws-staging.swace.se\/sv\/#website\"},\"primaryImageOfPage\":{\"@id\":\"https:\/\/trivec.aws-staging.swace.se\/sv\/kunder\/pivo\/#primaryimage\"},\"image\":{\"@id\":\"https:\/\/trivec.aws-staging.swace.se\/sv\/kunder\/pivo\/#primaryimage\"},\"thumbnailUrl\":\"https:\/\/trivec.aws-staging.swace.se\/wp\/uploads\/2022\/04\/Attila-och-Patrick.jpg\",\"datePublished\":\"2022-04-21T13:44:13+00:00\",\"dateModified\":\"2022-10-25T09:38:48+00:00\",\"description\":\"Attila Tamas och Patrick Lucic driver Restaurang Pivo i G\u00f6teborg. Trivec och Personalkollen har varit sj\u00e4lvklara val f\u00f6r effektiviteten.\",\"breadcrumb\":{\"@id\":\"https:\/\/trivec.aws-staging.swace.se\/sv\/kunder\/pivo\/#breadcrumb\"},\"inLanguage\":\"sv-SE\",\"potentialAction\":[{\"@type\":\"ReadAction\",\"target\":[\"https:\/\/trivec.aws-staging.swace.se\/sv\/kunder\/pivo\/\"]}]},{\"@type\":\"ImageObject\",\"inLanguage\":\"sv-SE\",\"@id\":\"https:\/\/trivec.aws-staging.swace.se\/sv\/kunder\/pivo\/#primaryimage\",\"url\":\"https:\/\/trivec.aws-staging.swace.se\/wp\/uploads\/2022\/04\/Attila-och-Patrick.jpg\",\"contentUrl\":\"https:\/\/trivec.aws-staging.swace.se\/wp\/uploads\/2022\/04\/Attila-och-Patrick.jpg\",\"width\":2056,\"height\":1613,\"caption\":\"Attila Tamas och Patrick Lucic\"},{\"@type\":\"BreadcrumbList\",\"@id\":\"https:\/\/trivec.aws-staging.swace.se\/sv\/kunder\/pivo\/#breadcrumb\",\"itemListElement\":[{\"@type\":\"ListItem\",\"position\":1,\"name\":\"Home\",\"item\":\"https:\/\/www.trivec.aws-staging.swace.se\/sv\/\"},{\"@type\":\"ListItem\",\"position\":2,\"name\":\"Kunder\",\"item\":\"https:\/\/www.trivec.aws-staging.swace.se\/sv\/kunder\/\"},{\"@type\":\"ListItem\",\"position\":3,\"name\":\"Pivo\"}]},{\"@type\":\"WebSite\",\"@id\":\"https:\/\/trivec.aws-staging.swace.se\/sv\/#website\",\"url\":\"https:\/\/trivec.aws-staging.swace.se\/sv\/\",\"name\":\"Trivec\",\"description\":\"Kassasystem f\u00f6r restauranger, barer och hotell\",\"potentialAction\":[{\"@type\":\"SearchAction\",\"target\":{\"@type\":\"EntryPoint\",\"urlTemplate\":\"https:\/\/trivec.aws-staging.swace.se\/sv\/?s={search_term_string}\"},\"query-input\":{\"@type\":\"PropertyValueSpecification\",\"valueRequired\":true,\"valueName\":\"search_term_string\"}}],\"inLanguage\":\"sv-SE\"}]}<\/script>\n<!-- \/ Yoast SEO plugin. -->","yoast_head_json":{"title":"Kundcase restaurang Pivo","description":"Attila Tamas och Patrick Lucic driver Restaurang Pivo i G\u00f6teborg. Trivec och Personalkollen har varit sj\u00e4lvklara val f\u00f6r effektiviteten.","robots":{"index":"noindex","follow":"follow"},"og_locale":"sv_SE","og_type":"article","og_title":"Kundcase restaurang Pivo","og_description":"Attila Tamas och Patrick Lucic driver Restaurang Pivo i G\u00f6teborg. Trivec och Personalkollen har varit sj\u00e4lvklara val f\u00f6r effektiviteten.","og_url":"https:\/\/trivec.aws-staging.swace.se\/sv\/kunder\/pivo\/","og_site_name":"Trivec","article_modified_time":"2022-10-25T09:38:48+00:00","og_image":[{"width":2056,"height":1613,"url":"https:\/\/www.trivec.aws-staging.swace.se\/wp\/uploads\/2022\/04\/Attila-och-Patrick.jpg","type":"image\/jpeg"}],"twitter_card":"summary_large_image","twitter_misc":{"Ber\u00e4knad l\u00e4stid":"2 minuter"},"schema":{"@context":"https:\/\/schema.org","@graph":[{"@type":"WebPage","@id":"https:\/\/trivec.aws-staging.swace.se\/sv\/kunder\/pivo\/","url":"https:\/\/trivec.aws-staging.swace.se\/sv\/kunder\/pivo\/","name":"Kundcase restaurang Pivo","isPartOf":{"@id":"https:\/\/trivec.aws-staging.swace.se\/sv\/#website"},"primaryImageOfPage":{"@id":"https:\/\/trivec.aws-staging.swace.se\/sv\/kunder\/pivo\/#primaryimage"},"image":{"@id":"https:\/\/trivec.aws-staging.swace.se\/sv\/kunder\/pivo\/#primaryimage"},"thumbnailUrl":"https:\/\/trivec.aws-staging.swace.se\/wp\/uploads\/2022\/04\/Attila-och-Patrick.jpg","datePublished":"2022-04-21T13:44:13+00:00","dateModified":"2022-10-25T09:38:48+00:00","description":"Attila Tamas och Patrick Lucic driver Restaurang Pivo i G\u00f6teborg. Trivec och Personalkollen har varit sj\u00e4lvklara val f\u00f6r effektiviteten.","breadcrumb":{"@id":"https:\/\/trivec.aws-staging.swace.se\/sv\/kunder\/pivo\/#breadcrumb"},"inLanguage":"sv-SE","potentialAction":[{"@type":"ReadAction","target":["https:\/\/trivec.aws-staging.swace.se\/sv\/kunder\/pivo\/"]}]},{"@type":"ImageObject","inLanguage":"sv-SE","@id":"https:\/\/trivec.aws-staging.swace.se\/sv\/kunder\/pivo\/#primaryimage","url":"https:\/\/trivec.aws-staging.swace.se\/wp\/uploads\/2022\/04\/Attila-och-Patrick.jpg","contentUrl":"https:\/\/trivec.aws-staging.swace.se\/wp\/uploads\/2022\/04\/Attila-och-Patrick.jpg","width":2056,"height":1613,"caption":"Attila Tamas och Patrick Lucic"},{"@type":"BreadcrumbList","@id":"https:\/\/trivec.aws-staging.swace.se\/sv\/kunder\/pivo\/#breadcrumb","itemListElement":[{"@type":"ListItem","position":1,"name":"Home","item":"https:\/\/www.trivec.aws-staging.swace.se\/sv\/"},{"@type":"ListItem","position":2,"name":"Kunder","item":"https:\/\/www.trivec.aws-staging.swace.se\/sv\/kunder\/"},{"@type":"ListItem","position":3,"name":"Pivo"}]},{"@type":"WebSite","@id":"https:\/\/trivec.aws-staging.swace.se\/sv\/#website","url":"https:\/\/trivec.aws-staging.swace.se\/sv\/","name":"Trivec","description":"Kassasystem f\u00f6r restauranger, barer och hotell","potentialAction":[{"@type":"SearchAction","target":{"@type":"EntryPoint","urlTemplate":"https:\/\/trivec.aws-staging.swace.se\/sv\/?s={search_term_string}"},"query-input":{"@type":"PropertyValueSpecification","valueRequired":true,"valueName":"search_term_string"}}],"inLanguage":"sv-SE"}]}},"_links":{"self":[{"href":"https:\/\/trivec.aws-staging.swace.se\/sv\/wp-json\/wp\/v2\/pages\/26293","targetHints":{"allow":["GET"]}}],"collection":[{"href":"https:\/\/trivec.aws-staging.swace.se\/sv\/wp-json\/wp\/v2\/pages"}],"about":[{"href":"https:\/\/trivec.aws-staging.swace.se\/sv\/wp-json\/wp\/v2\/types\/page"}],"author":[{"embeddable":true,"href":"https:\/\/trivec.aws-staging.swace.se\/sv\/wp-json\/wp\/v2\/users\/2"}],"replies":[{"embeddable":true,"href":"https:\/\/trivec.aws-staging.swace.se\/sv\/wp-json\/wp\/v2\/comments?post=26293"}],"version-history":[{"count":6,"href":"https:\/\/trivec.aws-staging.swace.se\/sv\/wp-json\/wp\/v2\/pages\/26293\/revisions"}],"predecessor-version":[{"id":26308,"href":"https:\/\/trivec.aws-staging.swace.se\/sv\/wp-json\/wp\/v2\/pages\/26293\/revisions\/26308"}],"up":[{"embeddable":true,"href":"https:\/\/trivec.aws-staging.swace.se\/sv\/wp-json\/wp\/v2\/pages\/129"}],"wp:featuredmedia":[{"embeddable":true,"href":"https:\/\/trivec.aws-staging.swace.se\/sv\/wp-json\/wp\/v2\/media\/26298"}],"wp:attachment":[{"href":"https:\/\/trivec.aws-staging.swace.se\/sv\/wp-json\/wp\/v2\/media?parent=26293"}],"curies":[{"name":"wp","href":"https:\/\/api.w.org\/{rel}","templated":true}]}}