{"id":21944,"date":"2021-11-19T15:22:55","date_gmt":"2021-11-19T14:22:55","guid":{"rendered":"https:\/\/trivec.aws-staging.swace.se\/?page_id=21944"},"modified":"2022-11-17T12:21:46","modified_gmt":"2022-11-17T11:21:46","slug":"affarsplan-restaurang","status":"publish","type":"page","link":"https:\/\/trivec.aws-staging.swace.se\/sv\/resurser\/whitepaper\/affarsplan-restaurang\/","title":{"rendered":"Aff\u00e4rsplan restaurang"},"content":{"rendered":"<div class=\"wpb-content-wrapper\"><p>[vc_row][vc_column][vc_pillarpage headline_xl_1=&#8221;Hur du skriver en aff\u00e4rsplan f\u00f6r din restaurang&#8221; text_xl=&#8221;En restaurangs aff\u00e4rsplan \u00e4r en viktig del av dess framg\u00e5ng. Din aff\u00e4rsplan kommer hj\u00e4lpa dig som restaurang\u00e4gare att fokusera p\u00e5 vad som \u00e4r viktigt och hj\u00e4lper dig att utveckla din verksamhet i r\u00e4tt riktning.<\/p>\n<p>I den h\u00e4r artikeln ger vi dig som restaurang\u00e4gare praktiska tips hur du skriver en aff\u00e4rsplan f\u00f6r din restaurang. Vi har inkluderat en aff\u00e4rsplans-mall som du kan ladda ner, f\u00f6r att hj\u00e4lpa dig komma ig\u00e5ng. Oavsett om du startar en restaurang eller redan \u00e4ger en restaurang kommer den h\u00e4r aff\u00e4rsplanen att vara anv\u00e4ndbar.&#8221; chapter_1=&#8221;Kapitel 1&#8243; headline_l_1=&#8221;Vad beh\u00f6ver du ha med i en aff\u00e4rsplan f\u00f6r restaurang?&#8221; text_l_1=&#8221;Den perfekta aff\u00e4rsplanen \u00e4r l\u00e4ttl\u00e4st, fokuserad och skriven f\u00f6r alla som arbetar inom din restaurangverksamhet.&#8221; chapter_2=&#8221;Kapitel 2&#8243; headline_l_2=&#8221;Definiera din restaurangid\u00e9&#8221; text_l_2=&#8221;Du b\u00f6r tydligt definiera din restaurangid\u00e9 och dina restaurangkoncept, till exempel servicestil, priss\u00e4ttning, typ av mat, menyalternativ och atmosf\u00e4r.&#8221; chapter_3=&#8221;Kapitel 3&#8243; headline_l_3=&#8221;Finansiell analys och finansiella prognoser&#8221; text_l_3=&#8221;Din restaurangplan beh\u00f6ver inneh\u00e5lla en uppskattning \u00f6ver dina totala startkostnader. F\u00e5 koll p\u00e5 hur mycket int\u00e4kter som beh\u00f6vs f\u00f6r att du din restaurang ska ha ett stabilt kassafl\u00f6de.&#8221; whitepaper_text=&#8221;Vad beh\u00f6ver finnas med i en aff\u00e4rsplan f\u00f6r restaurang?&#8221; download_button=&#8221;Ladda ner h\u00e4r&#8221; link_button=&#8221;url:https%3A%2F%2Flp.trivec.aws-staging.swace.se%2Fsv%2Fladda-ner-affarsplan-restaurang|title:Aff%C3%A4rsplan%20restaurang||&#8221; whitepaper_image_attachment=&#8221;22068&#8243;][vc_pillarpage_textblock headline_text=&#8221;Vad beh\u00f6ver du ha med i en aff\u00e4rsplan f\u00f6r restaurang?&#8221;]Aff\u00e4rsplaner b\u00f6r generellt vara kortfattade max tv\u00e5 sidor l\u00e5nga. L\u00e5nga dokument \u00e4r s\u00e4llan s\u00e5 anv\u00e4ndbara oftast samlar de damm n\u00e5gonstans eftersom ingen har tid eller ork att l\u00e4sa dem. Den perfekta aff\u00e4rsplanen \u00e4r l\u00e4ttl\u00e4st, fokuserad och skriven f\u00f6r alla som arbetar inom din restaurangverksamhet.<\/p>\n<p><strong>&#8211; Ditt restaurangkoncept (uppdragsbeskrivning)<\/strong><br \/>\nBeskriver ditt f\u00f6retagskoncept, varf\u00f6r du finns till.<\/p>\n<p><strong>&#8211; Din vision<\/strong><br \/>\nVad \u00e4r din vision, var vill du vara i framtiden? (Sikta h\u00f6gt).<\/p>\n<p><strong>&#8211; Dina v\u00e4rderingar<\/strong><br \/>\nVilka \u00e4r dina k\u00e4rnv\u00e4rden? Kan du beskriva dem?<\/p>\n<p><strong>&#8211; Dina nyckelaktiviteter<\/strong><br \/>\nVad beh\u00f6ver du kontinuerligt g\u00f6ra f\u00f6r att n\u00e5 dina m\u00e5l? Lista dem h\u00e4r.<\/p>\n<p><strong>&#8211; Dina erbjudanden<\/strong><br \/>\nVad erbjuder du som g\u00f6r dig till en attraktiv verksamhet p\u00e5 marknaden?<\/p>\n<p><strong>Dina nyckelresurser<\/strong><br \/>\nLista dina mest v\u00e4rdefulla tillg\u00e5ngar.<\/p>\n<p><strong>Dina kundsegment<\/strong><br \/>\nVem \u00e4r din m\u00e5lgrupp, vem \u00e4r din viktigaste kund och vem \u00e4r din dr\u00f6mkund? Notera dem h\u00e4r och t\u00e4nk p\u00e5 din \u00f6vergripande kundbas.<\/p>\n<p><strong>Dina f\u00f6rs\u00e4ljningskanaler<\/strong><br \/>\nVilka \u00e4r dina f\u00f6rs\u00e4ljningskanaler?<\/p>\n<p><strong>Dina int\u00e4kter<\/strong><br \/>\nVar och hur genererar du din inkomst?<\/p>\n<p><strong>Dina kostnader<\/strong><br \/>\nVar spenderar du pengar f\u00f6r att n\u00e5 dina m\u00e5l?<\/p>\n<p><strong>Dina partners<\/strong><br \/>\nVilka partners har du idag, och vilka skulle du vilja ha i framtiden?<\/p>\n<h6>*Mallen \u00e4r baserad p\u00e5 <a href=\"https:\/\/www.magnushelgesson.se\/\">Magnus Helgesson<\/a> strategier f\u00f6r aff\u00e4rsplan.<\/h6>\n<p>[\/vc_pillarpage_textblock][vc_pillarpage_textblock headline_text=&#8221;Definiera din restaurangid\u00e9&#8221;]F\u00f6r att inneh\u00e5llet i din restaurangplan ska vara kort och tydligt m\u00e5ste du g\u00f6ra lite f\u00f6rberedelser. Du b\u00f6r tydligt definiera din restaurangid\u00e9 och dina restaurangkoncept, till exempel servicestil, priss\u00e4ttning, typ av mat, menyalternativ och atmosf\u00e4r. Vad \u00e4r konkurrensf\u00f6rdelen som hj\u00e4lper dig att sticka ut fr\u00e5n m\u00e4ngden? Finns det n\u00e5gon branschanalys eller marknadsunders\u00f6kning f\u00f6r din m\u00e5lmarknad? Det \u00e4r alltid bra att ha s\u00e5 mycket information som m\u00f6jligt n\u00e4r man utformar en ny aff\u00e4rsplan.<\/p>\n<p>N\u00e4r du utvecklar ditt koncept, gl\u00f6m inte att kolla in konkurrenter. Ta reda p\u00e5 vilka koncept som fungerar b\u00e4st och varf\u00f6r. P\u00e5 s\u00e5 s\u00e4tt kommer du att kunna bygga vidare p\u00e5 n\u00e5got som kunder gillar, och \u00e4r villiga att betala f\u00f6r, och f\u00f6rvandla det till ditt eget. Titta ocks\u00e5 p\u00e5 demografi f\u00f6r att se om det passar ditt koncept och m\u00e5lkunder.[\/vc_pillarpage_textblock][vc_pillarpage_textblock headline_text=&#8221;Finansiell analys och finansiella prognoser&#8221;]Din restaurangplan beh\u00f6ver inneh\u00e5lla en uppskattning \u00f6ver dina totala startkostnader och hur mycket int\u00e4kter som beh\u00f6vs f\u00f6r att du din restaurang ska ha ett stabilt kassafl\u00f6de. Du b\u00f6r ocks\u00e5 ha en budget som f\u00f6rutsp\u00e5r det f\u00f6rsta \u00e5rets int\u00e4kter och kostnader f\u00f6r att veta hur mycket pengar du beh\u00f6ver f\u00f6r att forts\u00e4tta driva din verksamhet. Denna summa representerar dina finansieringsbehov och \u00e4r avg\u00f6rande f\u00f6r alla sm\u00e5f\u00f6retag eller nystartade bolag.<\/p>\n<p>Finansiering kan komma fr\u00e5n en m\u00e4ngd olika k\u00e4llor, till exempel ditt eget sparande, g\u00e5 ihop med en eller flera partners, locka till sig potentiella investerare eller traditionell finansiering fr\u00e5n en bank. Oavsett vad din strategi \u00e4r, \u00e4ven om det \u00e4r dina egna pengar, se till att ha sunda finansiella prognoser till hands.<\/p>\n<p><a href=\"https:\/\/lp.trivec.aws-staging.swace.se\/sv\/ladda-ner-affarsplan-restaurang\"><strong>Ladda ner din mall f\u00f6r att b\u00f6rja skapa en aff\u00e4rsplan<\/strong><\/a>[\/vc_pillarpage_textblock][\/vc_column][\/vc_row]<\/p>\n<\/div>","protected":false},"excerpt":{"rendered":"<p>[vc_row][vc_column][vc_pillarpage headline_xl_1=&#8221;Hur du skriver en aff\u00e4rsplan f\u00f6r din restaurang&#8221; text_xl=&#8221;En restaurangs aff\u00e4rsplan \u00e4r en viktig del av dess framg\u00e5ng. Din aff\u00e4rsplan kommer hj\u00e4lpa dig som restaurang\u00e4gare att fokusera p\u00e5 vad som \u00e4r viktigt och hj\u00e4lper dig att utveckla din verksamhet i r\u00e4tt riktning. I den h\u00e4r artikeln ger vi dig som restaurang\u00e4gare praktiska tips hur [&hellip;]<\/p>\n","protected":false},"author":21,"featured_media":0,"parent":21211,"menu_order":0,"comment_status":"closed","ping_status":"closed","template":"","meta":{"_acf_changed":false,"content-type":"","footnotes":""},"class_list":["post-21944","page","type-page","status-publish","hentry"],"acf":[],"yoast_head":"<!-- This site is optimized with the Yoast SEO plugin v27.2 - https:\/\/yoast.com\/product\/yoast-seo-wordpress\/ -->\n<title>Aff\u00e4rsplan restaurang - Trivec Systems<\/title>\n<meta name=\"description\" content=\"Din aff\u00e4rsplan f\u00f6r restaurang kommer att hj\u00e4lpa dig att utveckla din verksamhet i r\u00e4tt riktning. Ladda ner v\u00e5r enkla mall idag!\" \/>\n<meta name=\"robots\" content=\"noindex, follow\" \/>\n<meta property=\"og:locale\" content=\"sv_SE\" \/>\n<meta property=\"og:type\" content=\"article\" \/>\n<meta property=\"og:title\" content=\"Aff\u00e4rsplan restaurang - Trivec Systems\" \/>\n<meta property=\"og:description\" content=\"Din aff\u00e4rsplan f\u00f6r restaurang kommer att hj\u00e4lpa dig att utveckla din verksamhet i r\u00e4tt riktning. Ladda ner v\u00e5r enkla mall idag!\" \/>\n<meta property=\"og:url\" content=\"https:\/\/trivec.aws-staging.swace.se\/sv\/resurser\/whitepaper\/affarsplan-restaurang\/\" \/>\n<meta property=\"og:site_name\" content=\"Trivec\" \/>\n<meta property=\"article:modified_time\" content=\"2022-11-17T11:21:46+00:00\" \/>\n<meta name=\"twitter:card\" content=\"summary_large_image\" \/>\n<meta name=\"twitter:label1\" content=\"Ber\u00e4knad l\u00e4stid\" \/>\n\t<meta name=\"twitter:data1\" content=\"3 minuter\" \/>\n<script type=\"application\/ld+json\" class=\"yoast-schema-graph\">{\"@context\":\"https:\/\/schema.org\",\"@graph\":[{\"@type\":\"WebPage\",\"@id\":\"https:\/\/trivec.aws-staging.swace.se\/sv\/resurser\/whitepaper\/affarsplan-restaurang\/\",\"url\":\"https:\/\/trivec.aws-staging.swace.se\/sv\/resurser\/whitepaper\/affarsplan-restaurang\/\",\"name\":\"Aff\u00e4rsplan restaurang - Trivec Systems\",\"isPartOf\":{\"@id\":\"https:\/\/trivec.aws-staging.swace.se\/sv\/#website\"},\"datePublished\":\"2021-11-19T14:22:55+00:00\",\"dateModified\":\"2022-11-17T11:21:46+00:00\",\"description\":\"Din aff\u00e4rsplan f\u00f6r restaurang kommer att hj\u00e4lpa dig att utveckla din verksamhet i r\u00e4tt riktning. Ladda ner v\u00e5r enkla mall idag!\",\"breadcrumb\":{\"@id\":\"https:\/\/trivec.aws-staging.swace.se\/sv\/resurser\/whitepaper\/affarsplan-restaurang\/#breadcrumb\"},\"inLanguage\":\"sv-SE\",\"potentialAction\":[{\"@type\":\"ReadAction\",\"target\":[\"https:\/\/trivec.aws-staging.swace.se\/sv\/resurser\/whitepaper\/affarsplan-restaurang\/\"]}]},{\"@type\":\"BreadcrumbList\",\"@id\":\"https:\/\/trivec.aws-staging.swace.se\/sv\/resurser\/whitepaper\/affarsplan-restaurang\/#breadcrumb\",\"itemListElement\":[{\"@type\":\"ListItem\",\"position\":1,\"name\":\"Home\",\"item\":\"https:\/\/www.trivec.aws-staging.swace.se\/sv\/\"},{\"@type\":\"ListItem\",\"position\":2,\"name\":\"Resurser\",\"item\":\"https:\/\/www.trivec.aws-staging.swace.se\/sv\/resurser\/\"},{\"@type\":\"ListItem\",\"position\":3,\"name\":\"Whitepaper\",\"item\":\"https:\/\/trivec.aws-staging.swace.se\/sv\/resurser\/whitepaper\/\"},{\"@type\":\"ListItem\",\"position\":4,\"name\":\"Aff\u00e4rsplan restaurang\"}]},{\"@type\":\"WebSite\",\"@id\":\"https:\/\/trivec.aws-staging.swace.se\/sv\/#website\",\"url\":\"https:\/\/trivec.aws-staging.swace.se\/sv\/\",\"name\":\"Trivec\",\"description\":\"Kassasystem f\u00f6r restauranger, barer och hotell\",\"potentialAction\":[{\"@type\":\"SearchAction\",\"target\":{\"@type\":\"EntryPoint\",\"urlTemplate\":\"https:\/\/trivec.aws-staging.swace.se\/sv\/?s={search_term_string}\"},\"query-input\":{\"@type\":\"PropertyValueSpecification\",\"valueRequired\":true,\"valueName\":\"search_term_string\"}}],\"inLanguage\":\"sv-SE\"}]}<\/script>\n<!-- \/ Yoast SEO plugin. -->","yoast_head_json":{"title":"Aff\u00e4rsplan restaurang - Trivec Systems","description":"Din aff\u00e4rsplan f\u00f6r restaurang kommer att hj\u00e4lpa dig att utveckla din verksamhet i r\u00e4tt riktning. Ladda ner v\u00e5r enkla mall idag!","robots":{"index":"noindex","follow":"follow"},"og_locale":"sv_SE","og_type":"article","og_title":"Aff\u00e4rsplan restaurang - Trivec Systems","og_description":"Din aff\u00e4rsplan f\u00f6r restaurang kommer att hj\u00e4lpa dig att utveckla din verksamhet i r\u00e4tt riktning. Ladda ner v\u00e5r enkla mall idag!","og_url":"https:\/\/trivec.aws-staging.swace.se\/sv\/resurser\/whitepaper\/affarsplan-restaurang\/","og_site_name":"Trivec","article_modified_time":"2022-11-17T11:21:46+00:00","twitter_card":"summary_large_image","twitter_misc":{"Ber\u00e4knad l\u00e4stid":"3 minuter"},"schema":{"@context":"https:\/\/schema.org","@graph":[{"@type":"WebPage","@id":"https:\/\/trivec.aws-staging.swace.se\/sv\/resurser\/whitepaper\/affarsplan-restaurang\/","url":"https:\/\/trivec.aws-staging.swace.se\/sv\/resurser\/whitepaper\/affarsplan-restaurang\/","name":"Aff\u00e4rsplan restaurang - Trivec Systems","isPartOf":{"@id":"https:\/\/trivec.aws-staging.swace.se\/sv\/#website"},"datePublished":"2021-11-19T14:22:55+00:00","dateModified":"2022-11-17T11:21:46+00:00","description":"Din aff\u00e4rsplan f\u00f6r restaurang kommer att hj\u00e4lpa dig att utveckla din verksamhet i r\u00e4tt riktning. Ladda ner v\u00e5r enkla mall idag!","breadcrumb":{"@id":"https:\/\/trivec.aws-staging.swace.se\/sv\/resurser\/whitepaper\/affarsplan-restaurang\/#breadcrumb"},"inLanguage":"sv-SE","potentialAction":[{"@type":"ReadAction","target":["https:\/\/trivec.aws-staging.swace.se\/sv\/resurser\/whitepaper\/affarsplan-restaurang\/"]}]},{"@type":"BreadcrumbList","@id":"https:\/\/trivec.aws-staging.swace.se\/sv\/resurser\/whitepaper\/affarsplan-restaurang\/#breadcrumb","itemListElement":[{"@type":"ListItem","position":1,"name":"Home","item":"https:\/\/www.trivec.aws-staging.swace.se\/sv\/"},{"@type":"ListItem","position":2,"name":"Resurser","item":"https:\/\/www.trivec.aws-staging.swace.se\/sv\/resurser\/"},{"@type":"ListItem","position":3,"name":"Whitepaper","item":"https:\/\/trivec.aws-staging.swace.se\/sv\/resurser\/whitepaper\/"},{"@type":"ListItem","position":4,"name":"Aff\u00e4rsplan restaurang"}]},{"@type":"WebSite","@id":"https:\/\/trivec.aws-staging.swace.se\/sv\/#website","url":"https:\/\/trivec.aws-staging.swace.se\/sv\/","name":"Trivec","description":"Kassasystem f\u00f6r restauranger, barer och hotell","potentialAction":[{"@type":"SearchAction","target":{"@type":"EntryPoint","urlTemplate":"https:\/\/trivec.aws-staging.swace.se\/sv\/?s={search_term_string}"},"query-input":{"@type":"PropertyValueSpecification","valueRequired":true,"valueName":"search_term_string"}}],"inLanguage":"sv-SE"}]}},"_links":{"self":[{"href":"https:\/\/trivec.aws-staging.swace.se\/sv\/wp-json\/wp\/v2\/pages\/21944","targetHints":{"allow":["GET"]}}],"collection":[{"href":"https:\/\/trivec.aws-staging.swace.se\/sv\/wp-json\/wp\/v2\/pages"}],"about":[{"href":"https:\/\/trivec.aws-staging.swace.se\/sv\/wp-json\/wp\/v2\/types\/page"}],"author":[{"embeddable":true,"href":"https:\/\/trivec.aws-staging.swace.se\/sv\/wp-json\/wp\/v2\/users\/21"}],"replies":[{"embeddable":true,"href":"https:\/\/trivec.aws-staging.swace.se\/sv\/wp-json\/wp\/v2\/comments?post=21944"}],"version-history":[{"count":13,"href":"https:\/\/trivec.aws-staging.swace.se\/sv\/wp-json\/wp\/v2\/pages\/21944\/revisions"}],"predecessor-version":[{"id":33069,"href":"https:\/\/trivec.aws-staging.swace.se\/sv\/wp-json\/wp\/v2\/pages\/21944\/revisions\/33069"}],"up":[{"embeddable":true,"href":"https:\/\/trivec.aws-staging.swace.se\/sv\/wp-json\/wp\/v2\/pages\/21211"}],"wp:attachment":[{"href":"https:\/\/trivec.aws-staging.swace.se\/sv\/wp-json\/wp\/v2\/media?parent=21944"}],"curies":[{"name":"wp","href":"https:\/\/api.w.org\/{rel}","templated":true}]}}