{"id":21917,"date":"2021-11-19T13:57:17","date_gmt":"2021-11-19T12:57:17","guid":{"rendered":"https:\/\/trivec.aws-staging.swace.se\/?page_id=21917"},"modified":"2023-01-18T14:14:36","modified_gmt":"2023-01-18T13:14:36","slug":"oppna-bar","status":"publish","type":"page","link":"https:\/\/trivec.aws-staging.swace.se\/sv\/resurser\/whitepaper\/oppna-bar\/","title":{"rendered":"\u00d6ppna bar"},"content":{"rendered":"<div class=\"wpb-content-wrapper\"><p>[vc_row][vc_column][vc_pillarpage headline_xl_1=&#8221;\u00d6ppna bar effektivt&#8221; text_xl=&#8221;Att \u00f6ppna en bar effektivt och att driva en l\u00f6nsam bar \u00e4r s\u00e5klart m\u00e5let f\u00f6r dig som dr\u00f6mmer om en egen bar. Men vad finns det f\u00f6r hj\u00e4lpmedel som kan \u00f6ka dina chanser att lyckas? Idag finns det m\u00e5nga smarta tekniska l\u00f6sningar som hj\u00e4lper dig att f\u00f6rb\u00e4ttra dina processer och l\u00f6nsamhet. Men som \u00e4ven f\u00f6rb\u00e4ttrar dina g\u00e4sters upplevelse. I den h\u00e4r artikeln g\u00e5r vi igenom betall\u00f6sningar, hantering av svinn, effektivisera din bar, samt \u00f6ka l\u00f6nsamheten i baren.&#8221; chapter_1=&#8221;Kapitel 1&#8243; headline_l_1=&#8221;Integrera kassasystemet med dryckessystemet&#8221; text_l_1=&#8221;Kassasystemet (f\u00f6rs\u00e4ljningsst\u00e4llena) f\u00f6r en framg\u00e5ngsrik bar \u00e4r ofta utg\u00e5ngspunkten f\u00f6r g\u00e4stens betalupplevelse. Ett integrerat kassasystem \u00e4r d\u00e4rf\u00f6r viktigt samt m\u00e5nga betalst\u00e4llen f\u00f6r g\u00e4st.&#8221; chapter_2=&#8221;Kapitel 2&#8243; headline_l_2=&#8221;\u00d6ka l\u00f6nsamheten i din bar med ett dryckessystem (bar automation)&#8221; text_l_2=&#8221;Om du verkligen vill \u00f6ka l\u00f6nsamheten i din bar, ska du kika n\u00e4rmare p\u00e5 hur du kan arbeta med automatiska dryckessystem som \u00f6ltapp f\u00f6r bardisken, \u00f6lv\u00e4ggar och spritsystem. Ett automatiserat barsystem minskar spill och svinn. R\u00e4kna ut dina potentiella besparingar tillsammans med oss i v\u00e5r kalculator.&#8221; chapter_3=&#8221;Kapitel 3&#8243; headline_l_3=&#8221;\u00d6ka effektiviteten och int\u00e4kterna p\u00e5 \u00f6l och vin&#8221; text_l_3=&#8221;T\u00e4nk dig att en person i baren kan h\u00e4lla upp fyra samtidiga \u00f6lglas, och varje \u00f6lglas blir exakt 33cl med perfekt skum och du f\u00e5r betalt f\u00f6r alla fyra.&#8221; chapter_4=&#8221;Kapitel 4&#8243; headline_l_4=&#8221;Hur du skapar en bra kundupplevelse i din bar&#8221; text_l_4=&#8221;Barkulturen har blivit en integrerad del av v\u00e5rt samh\u00e4lle och barer av alla slag, klubbar, vinbarer, hotellbarer har blivit en plats d\u00e4r m\u00e4nniskor tr\u00e4ffas och h\u00e4nger. En bra kundupplevelse \u00e4r a och o idag.&#8221; chapter_5=&#8221;Kapitel 5&#8243; headline_l_5=&#8221;Hantera din barpersonal p\u00e5 r\u00e4tt s\u00e4tt och minska arbetskostnaderna&#8221; text_l_5=&#8221;Tack vare automatiseringen g\u00e5r du inte miste om n\u00e5gon inkomst, men du kommer ocks\u00e5 att spara pengar p\u00e5 personalkostnader och hj\u00e4lpa till att minska stressen hos din barpersonal.&#8221; whitepaper_text=&#8221;F\u00f6rdelarna med automatiserade dryckessystem&#8221; download_button=&#8221;Ladda ner nu&#8221; whitepaper_image_attachment=&#8221;29949&#8243; link_button=&#8221;url:https%3A%2F%2Flp.trivec.aws-staging.swace.se%2Fsv%2Fladda-ner-dryckessystem|||&#8221;][vc_pillarpage_textblock headline_text=&#8221;Integrera kassasystemet med dryckessystemet&#8221;]F\u00f6r dig som ska \u00f6ppna bar, f\u00f6rs\u00e4kra dig om att kassasystemet inte f\u00f6rs\u00e4mrar den personliga upplevelsen och enkelt och effektivt kan ta upp best\u00e4llningar och erbjuda m\u00e5nga olika betals\u00e4tt. Att det g\u00e5r snabbt att ta betalt i en bar \u00e4r v\u00e4ldigt viktigt, och att du kan g\u00f6ra flera samtidiga betalningar. S\u00e5<br \/>\nbarpersonalen kan h\u00e5lla ett bra tempo i baren.<\/p>\n<p>Det \u00e4r ocks\u00e5 viktigt att det valda kassasystemet inte bara erbjuder en betall\u00f6sning utan ocks\u00e5 kopplar ihop andra delar av din verksamhet som inventering, lagerstyrning, personal, och kan ge dig dagliga rapporter kring f\u00f6rs\u00e4ljning. S\u00e5 det blir enklare f\u00f6r dig att sk\u00f6ta den dagliga verksamheten och ha full kontroll p\u00e5 dina int\u00e4kter och kostnader.[\/vc_pillarpage_textblock][vc_pillarpage_textblock headline_text=&#8221;\u00d6ka l\u00f6nsamheten i din bar med ett dryckessystem (bar automation)&#8221;]Om du verkligen vill \u00f6ka l\u00f6nsamheten i din bar, ska du kika n\u00e4rmare p\u00e5 hur du kan arbeta med automatiska dryckessystem som \u00f6ltappar f\u00f6r bardisken, spritsystem, \u00f6lv\u00e4ggar, speed rail bars och vinsystem. Driver du en nattklubb kan du anv\u00e4nda \u201dbar-guns\u201d med f\u00e4rdigblandade drinkar f\u00f6r snabb service mot g\u00e4sterna. Testa g\u00e4rna v\u00e5r kalkylator d\u00e4r du kan r\u00e4kna ut dina besparingar p\u00e5 ett \u00e5r, beroende p\u00e5 m\u00e4ngd alkohol som du serverar.<\/p>\n<p><a href=\"https:\/\/trivec.aws-staging.swace.se\/products\/beverage-system\/bar-profit-margin-calculator\/\">Kalkylator f\u00f6r ber\u00e4kning av potentiella besparingar i baren.<\/a>[\/vc_pillarpage_textblock][vc_pillarpage_textblock headline_text=&#8221;\u00d6ka effektiviteten och int\u00e4kterna p\u00e5 \u00f6l och vin&#8221;]Om du vill \u00f6ka effektiviteten i baren \u00e4r v\u00e5ra \u00f6ltappar och vintappar utm\u00e4rkta. Vi erbjuder ett system med \u00f6lkranar d\u00e4r du kan h\u00e4lla upp manga \u00f6l samtidigt. Medan \u00f6len h\u00e4ller up sig sj\u00e4lv kan du \u00e4gna mer tid \u00e5t g\u00e4sterna. Passar \u00e4ven de barer som har ett h\u00f6gt tryck och f\u00e5 bartenders. V\u00e5ra vintappar serverar vinet I perfekt temperature och i r\u00e4tt dos. Doseringarna \u00e4r f\u00f6rprogrammerade samt ko\u00e5\u00e5lade till kassan s\u00e5 att du f\u00e5r en exakt \u00f6verblick \u00f6ver vad som s\u00e4ljs.[\/vc_pillarpage_textblock][vc_pillarpage_textblock headline_text=&#8221;Hur du skapar en bra kundupplevelse i din bar&#8221;]M\u00e5nga dr\u00f6mmer om att \u00f6ppna en bar som blir som en samlingsplats. Barkulturen har blivit en integrerad del av v\u00e5rt samh\u00e4lle och barer av alla slag, klubbar, vinbarer, hotellbarer har blivit en plats d\u00e4r m\u00e4nniskor tr\u00e4ffas och h\u00e4nger. Att skapa en h\u00e4rlig och minnesv\u00e4rd upplevelse f\u00f6r dina g\u00e4ster s\u00e4kerst\u00e4ller att din bar skiljer sig fr\u00e5n det stora urvalet av barer idag. Att anv\u00e4nda ett automatiserat dryckessystem som \u00f6kar servicehastigheten och ger utrymmet f\u00f6r din barpersonal att prata med g\u00e4sterna och att kunna ta upp fler best\u00e4llningar p\u00e5 kortare tid, \u00f6kar kundn\u00f6jdheten.<\/p>\n<p>Ett vinsystem, till exempel, som kan hantera flera samtidiga upph\u00e4llningar, eller en av v\u00e5ra \u00f6lautomater med flera kranar som g\u00f6r att du kan fylla flera glas samtidigt. Det h\u00e4r \u00e4r alla exempel p\u00e5 hur du kan minska v\u00e4ntetider f\u00f6r dina kunder och skapa en bra atmosf\u00e4r.[\/vc_pillarpage_textblock][vc_pillarpage_textblock headline_text=&#8221;Hantera din barpersonal p\u00e5 r\u00e4tt s\u00e4tt och minska arbetskostnaderna&#8221; long_text=&#8221;Tack vare automatiseringen g\u00e5r du inte miste om n\u00e5gon inkomst, men du kommer ocks\u00e5 att spara pengar p\u00e5 personalkostnader och hj\u00e4lpa till att minska stressen hos din barpersonal. Ett automatiserat system l\u00e5ter personalen h\u00e4lla upp flera drycker samtidigt vilket frig\u00f6r tid att fokusera p\u00e5 service och andra uppgifter. Du klarar av att sk\u00f6ta din bar p\u00e5 f\u00e4rre personal men inte dra ner p\u00e5 kvaliteten.<br \/>\nSammanfattningsvis kommer stora vinster att uppn\u00e5s med att b\u00f6rja anv\u00e4nda automtiserade dryckessystem. Automatisering ger dig b\u00e4ttre kontroll och \u00f6vervakning, hj\u00e4lper dig att minska svinn och inkomstbortfall och frig\u00f6r tid f\u00f6r dig och din personal, f\u00f6r att uppr\u00e4tth\u00e5lla konsekvens och h\u00f6g kvalitet.&#8221; link_button=&#8221;Funderar du \u00f6ver att starta nattklubb l\u00e4s mer h\u00e4r&#8221; link=&#8221;url:https%3A%2F%2Fwww.trivec.se%2Fresurser%2Fartiklar%2Fstarta-nattklubb%2F|target:_blank&#8221;][\/vc_pillarpage_textblock][\/vc_column][\/vc_row]<\/p>\n<\/div>","protected":false},"excerpt":{"rendered":"<p>[vc_row][vc_column][vc_pillarpage headline_xl_1=&#8221;\u00d6ppna bar effektivt&#8221; text_xl=&#8221;Att \u00f6ppna en bar effektivt och att driva en l\u00f6nsam bar \u00e4r s\u00e5klart m\u00e5let f\u00f6r dig som dr\u00f6mmer om en egen bar. Men vad finns det f\u00f6r hj\u00e4lpmedel som kan \u00f6ka dina chanser att lyckas? Idag finns det m\u00e5nga smarta tekniska l\u00f6sningar som hj\u00e4lper dig att f\u00f6rb\u00e4ttra dina processer och l\u00f6nsamhet. [&hellip;]<\/p>\n","protected":false},"author":21,"featured_media":0,"parent":21211,"menu_order":0,"comment_status":"closed","ping_status":"closed","template":"","meta":{"_acf_changed":false,"content-type":"","footnotes":""},"class_list":["post-21917","page","type-page","status-publish","hentry"],"acf":[],"yoast_head":"<!-- This site is optimized with the Yoast SEO plugin v27.2 - https:\/\/yoast.com\/product\/yoast-seo-wordpress\/ -->\n<title>\u00d6ppna bar - Trivec<\/title>\n<meta name=\"description\" content=\"Ska du \u00f6ppna en bar? Minska spill och svinn med exakt dosering och automatiserade dryckessystem. Integrerade med kassasystemet f\u00f6r statistik.\" \/>\n<meta name=\"robots\" content=\"noindex, follow\" \/>\n<meta property=\"og:locale\" content=\"sv_SE\" \/>\n<meta property=\"og:type\" content=\"article\" \/>\n<meta property=\"og:title\" content=\"\u00d6ppna bar - Trivec\" \/>\n<meta property=\"og:description\" content=\"Ska du \u00f6ppna en bar? Minska spill och svinn med exakt dosering och automatiserade dryckessystem. Integrerade med kassasystemet f\u00f6r statistik.\" \/>\n<meta property=\"og:url\" content=\"https:\/\/trivec.aws-staging.swace.se\/sv\/resurser\/whitepaper\/oppna-bar\/\" \/>\n<meta property=\"og:site_name\" content=\"Trivec\" \/>\n<meta property=\"article:modified_time\" content=\"2023-01-18T13:14:36+00:00\" \/>\n<meta name=\"twitter:card\" content=\"summary_large_image\" \/>\n<meta name=\"twitter:label1\" content=\"Ber\u00e4knad l\u00e4stid\" \/>\n\t<meta name=\"twitter:data1\" content=\"4 minuter\" \/>\n<script type=\"application\/ld+json\" class=\"yoast-schema-graph\">{\"@context\":\"https:\/\/schema.org\",\"@graph\":[{\"@type\":\"WebPage\",\"@id\":\"https:\/\/trivec.aws-staging.swace.se\/sv\/resurser\/whitepaper\/oppna-bar\/\",\"url\":\"https:\/\/trivec.aws-staging.swace.se\/sv\/resurser\/whitepaper\/oppna-bar\/\",\"name\":\"\u00d6ppna bar - Trivec\",\"isPartOf\":{\"@id\":\"https:\/\/trivec.aws-staging.swace.se\/sv\/#website\"},\"datePublished\":\"2021-11-19T12:57:17+00:00\",\"dateModified\":\"2023-01-18T13:14:36+00:00\",\"description\":\"Ska du \u00f6ppna en bar? Minska spill och svinn med exakt dosering och automatiserade dryckessystem. Integrerade med kassasystemet f\u00f6r statistik.\",\"breadcrumb\":{\"@id\":\"https:\/\/trivec.aws-staging.swace.se\/sv\/resurser\/whitepaper\/oppna-bar\/#breadcrumb\"},\"inLanguage\":\"sv-SE\",\"potentialAction\":[{\"@type\":\"ReadAction\",\"target\":[\"https:\/\/trivec.aws-staging.swace.se\/sv\/resurser\/whitepaper\/oppna-bar\/\"]}]},{\"@type\":\"BreadcrumbList\",\"@id\":\"https:\/\/trivec.aws-staging.swace.se\/sv\/resurser\/whitepaper\/oppna-bar\/#breadcrumb\",\"itemListElement\":[{\"@type\":\"ListItem\",\"position\":1,\"name\":\"Home\",\"item\":\"https:\/\/www.trivec.aws-staging.swace.se\/sv\/\"},{\"@type\":\"ListItem\",\"position\":2,\"name\":\"Resurser\",\"item\":\"https:\/\/www.trivec.aws-staging.swace.se\/sv\/resurser\/\"},{\"@type\":\"ListItem\",\"position\":3,\"name\":\"Whitepaper\",\"item\":\"https:\/\/trivec.aws-staging.swace.se\/sv\/resurser\/whitepaper\/\"},{\"@type\":\"ListItem\",\"position\":4,\"name\":\"\u00d6ppna bar\"}]},{\"@type\":\"WebSite\",\"@id\":\"https:\/\/trivec.aws-staging.swace.se\/sv\/#website\",\"url\":\"https:\/\/trivec.aws-staging.swace.se\/sv\/\",\"name\":\"Trivec\",\"description\":\"Kassasystem f\u00f6r restauranger, barer och hotell\",\"potentialAction\":[{\"@type\":\"SearchAction\",\"target\":{\"@type\":\"EntryPoint\",\"urlTemplate\":\"https:\/\/trivec.aws-staging.swace.se\/sv\/?s={search_term_string}\"},\"query-input\":{\"@type\":\"PropertyValueSpecification\",\"valueRequired\":true,\"valueName\":\"search_term_string\"}}],\"inLanguage\":\"sv-SE\"}]}<\/script>\n<!-- \/ Yoast SEO plugin. -->","yoast_head_json":{"title":"\u00d6ppna bar - Trivec","description":"Ska du \u00f6ppna en bar? Minska spill och svinn med exakt dosering och automatiserade dryckessystem. Integrerade med kassasystemet f\u00f6r statistik.","robots":{"index":"noindex","follow":"follow"},"og_locale":"sv_SE","og_type":"article","og_title":"\u00d6ppna bar - Trivec","og_description":"Ska du \u00f6ppna en bar? Minska spill och svinn med exakt dosering och automatiserade dryckessystem. Integrerade med kassasystemet f\u00f6r statistik.","og_url":"https:\/\/trivec.aws-staging.swace.se\/sv\/resurser\/whitepaper\/oppna-bar\/","og_site_name":"Trivec","article_modified_time":"2023-01-18T13:14:36+00:00","twitter_card":"summary_large_image","twitter_misc":{"Ber\u00e4knad l\u00e4stid":"4 minuter"},"schema":{"@context":"https:\/\/schema.org","@graph":[{"@type":"WebPage","@id":"https:\/\/trivec.aws-staging.swace.se\/sv\/resurser\/whitepaper\/oppna-bar\/","url":"https:\/\/trivec.aws-staging.swace.se\/sv\/resurser\/whitepaper\/oppna-bar\/","name":"\u00d6ppna bar - Trivec","isPartOf":{"@id":"https:\/\/trivec.aws-staging.swace.se\/sv\/#website"},"datePublished":"2021-11-19T12:57:17+00:00","dateModified":"2023-01-18T13:14:36+00:00","description":"Ska du \u00f6ppna en bar? Minska spill och svinn med exakt dosering och automatiserade dryckessystem. Integrerade med kassasystemet f\u00f6r statistik.","breadcrumb":{"@id":"https:\/\/trivec.aws-staging.swace.se\/sv\/resurser\/whitepaper\/oppna-bar\/#breadcrumb"},"inLanguage":"sv-SE","potentialAction":[{"@type":"ReadAction","target":["https:\/\/trivec.aws-staging.swace.se\/sv\/resurser\/whitepaper\/oppna-bar\/"]}]},{"@type":"BreadcrumbList","@id":"https:\/\/trivec.aws-staging.swace.se\/sv\/resurser\/whitepaper\/oppna-bar\/#breadcrumb","itemListElement":[{"@type":"ListItem","position":1,"name":"Home","item":"https:\/\/www.trivec.aws-staging.swace.se\/sv\/"},{"@type":"ListItem","position":2,"name":"Resurser","item":"https:\/\/www.trivec.aws-staging.swace.se\/sv\/resurser\/"},{"@type":"ListItem","position":3,"name":"Whitepaper","item":"https:\/\/trivec.aws-staging.swace.se\/sv\/resurser\/whitepaper\/"},{"@type":"ListItem","position":4,"name":"\u00d6ppna bar"}]},{"@type":"WebSite","@id":"https:\/\/trivec.aws-staging.swace.se\/sv\/#website","url":"https:\/\/trivec.aws-staging.swace.se\/sv\/","name":"Trivec","description":"Kassasystem f\u00f6r restauranger, barer och hotell","potentialAction":[{"@type":"SearchAction","target":{"@type":"EntryPoint","urlTemplate":"https:\/\/trivec.aws-staging.swace.se\/sv\/?s={search_term_string}"},"query-input":{"@type":"PropertyValueSpecification","valueRequired":true,"valueName":"search_term_string"}}],"inLanguage":"sv-SE"}]}},"_links":{"self":[{"href":"https:\/\/trivec.aws-staging.swace.se\/sv\/wp-json\/wp\/v2\/pages\/21917","targetHints":{"allow":["GET"]}}],"collection":[{"href":"https:\/\/trivec.aws-staging.swace.se\/sv\/wp-json\/wp\/v2\/pages"}],"about":[{"href":"https:\/\/trivec.aws-staging.swace.se\/sv\/wp-json\/wp\/v2\/types\/page"}],"author":[{"embeddable":true,"href":"https:\/\/trivec.aws-staging.swace.se\/sv\/wp-json\/wp\/v2\/users\/21"}],"replies":[{"embeddable":true,"href":"https:\/\/trivec.aws-staging.swace.se\/sv\/wp-json\/wp\/v2\/comments?post=21917"}],"version-history":[{"count":13,"href":"https:\/\/trivec.aws-staging.swace.se\/sv\/wp-json\/wp\/v2\/pages\/21917\/revisions"}],"predecessor-version":[{"id":29954,"href":"https:\/\/trivec.aws-staging.swace.se\/sv\/wp-json\/wp\/v2\/pages\/21917\/revisions\/29954"}],"up":[{"embeddable":true,"href":"https:\/\/trivec.aws-staging.swace.se\/sv\/wp-json\/wp\/v2\/pages\/21211"}],"wp:attachment":[{"href":"https:\/\/trivec.aws-staging.swace.se\/sv\/wp-json\/wp\/v2\/media?parent=21917"}],"curies":[{"name":"wp","href":"https:\/\/api.w.org\/{rel}","templated":true}]}}