{"id":18296,"date":"2021-06-24T13:29:48","date_gmt":"2021-06-24T11:29:48","guid":{"rendered":"https:\/\/trivec.aws-staging.swace.se\/?page_id=18296"},"modified":"2023-03-17T14:45:57","modified_gmt":"2023-03-17T13:45:57","slug":"digitalisera-restaurang","status":"publish","type":"page","link":"https:\/\/trivec.aws-staging.swace.se\/sv\/resurser\/whitepaper\/digitalisera-restaurang\/","title":{"rendered":"Digitalisera restaurang"},"content":{"rendered":"<div class=\"wpb-content-wrapper\"><p>[vc_row][vc_column][vc_pillarpage headline_xl_1=&#8221;Digitalisera din restaurang&#8221; text_xl=&#8221;Restauranglivet handlar fortfarande om god mat, service och atmosf\u00e4r, men nya generationer har nya f\u00f6rv\u00e4ntningar. De ser teknik som en naturlig del av sin livsstil. F\u00f6r dem \u00e4r enkla bordsreservationer, personlig service och smidiga betalningar ocks\u00e5 \u00e4r en del av restaurangupplevelsen.<br \/>\nAtt digitalisera handlar inte bara om att ta bordsreservationer digitalt, det handlar om ett fl\u00f6de. Det handlar om hur bordsbokning, personliga erbjudanden, best\u00e4llningar vid bordet samt smidiga betalningar m\u00e5ste fungerar optimalt. M\u00f6jligheten att samla data i dessa fl\u00f6den har \u00e4ven \u00f6ppnat helt nya s\u00e4tt att f\u00e5 kontakt med nya kunder.<br \/>\nVilka digitala fl\u00f6den du skapar eller har behov av beror p\u00e5 din typ av restaurang och vilka m\u00f6jligheter du och dina g\u00e4ster har mest nytta av. Men var s\u00e4ker, digitalisering kommer med en rad f\u00f6rdelar.&#8221; chapter_1=&#8221;Kapitel 1&#8243; headline_l_1=&#8221;Qr koder och digital meny f\u00f6r restaurang&#8221; text_l_1=&#8221;QR-koder f\u00f6r restaurangen anv\u00e4nds f\u00f6r olika \u00e4ndam\u00e5l. G\u00e4sterna kan skanna en digital meny vid bordet n\u00e4r de har satt sig ner. QR koder kan ocks\u00e5 anv\u00e4ndas som ett komplement till baren senare p\u00e5 kv\u00e4llen. Du kan ocks\u00e5 aktivera en nytt betalst\u00e4lle i byggnaden ex p\u00e5 en balkong eller terrass.&#8221; chapter_2=&#8221;Kapitel 2&#8243; headline_l_2=&#8221;Smidiga betalningar&#8221; text_l_2=&#8221;Genomt\u00e4nkta betalfl\u00f6den i restaurangen kan leda till fler k\u00f6p, att g\u00e4sterna stannar l\u00e4ngre p\u00e5 restaurangen samt f\u00e5r ett positivt helhetsintryck.&#8221; chapter_3=&#8221;Kapitel 3&#8243; headline_l_3=&#8221;Marknadsf\u00f6ra restaurang&#8221; text_l_3=&#8221;Sociala n\u00e4tverk och mobilapplikationer erbjuder nya s\u00e4tt f\u00f6r dig att marknadsf\u00f6ra din restaurang. Med User Generated Content (UGC) kan anv\u00e4ndarna sj\u00e4lva dela uppdateringar fr\u00e5n din restaurang. P\u00e5 s\u00e5 s\u00e4tt kan du n\u00e5 l\u00e5ngt utanf\u00f6r de som brukar bes\u00f6ka din restaurang.&#8221; chapter_4=&#8221;Kapitel 4&#8243; headline_l_4=&#8221;Dark kitchen&#8221; text_l_4=&#8221;En snabbt v\u00e4xande trend \u00e4r s\u00e5 kallade Dark kitchen \u2013 \u00e4ven kallade Ghost kitchen. Ett dark kitchen \u00e4r en digital front, en restaurang (k\u00f6k) enbart f\u00f6r hemk\u00f6rning eller avh\u00e4mtning.&#8221; whitepaper_text=&#8221;S\u00e5 \u00f6kar du l\u00f6nsamheten!&#8221; download_button=&#8221;Ladda ner h\u00e4r&#8221; link_button=&#8221;url:https%3A%2F%2Flp.trivec.aws-staging.swace.se%2Fsv%2Fladda-ner-framtidens-restaurang|title:Digitalisera%20restaurang|target:_blank&#8221; whitepaper_image_attachment=&#8221;30550&#8243;][vc_pillarpage_textblock headline_text=&#8221;QR koder och digital meny f\u00f6r restaurang&#8221;]Med en digital QR-kodmeny eliminerar du behovet av fysiska menyer. Dina matg\u00e4ster kan enkelt scanna och bl\u00e4ddra i en digital meny i sina mobiltelefoner utan hj\u00e4lp av en servit\u00f6r. Att best\u00e4lla via QR underl\u00e4ttar f\u00f6r din personal som kan fokusera p\u00e5 att servera. Best\u00e4llningar via QR koder och digitala menyer kan anv\u00e4ndas som ett komplement till baren kv\u00e4llstid eller f\u00f6r att \u00f6ppna upp en balkong eller en terrass f\u00f6r best\u00e4llningar. L\u00e4s mer om <a href=\"https:\/\/blog.trivec.aws-staging.swace.se\/sv\/varfor-restauranger-bor-anvanda-qr-koder\">varf\u00f6r restauranger b\u00f6r anv\u00e4nda qr koder<\/a>.<\/p>\n<p>Vi vet av erfarenhet att dagens kunder uppskattar att best\u00e4lla och betala online i realtid. Betalning via QR koder som \u00e4r integrerade med Trivecs kassasystem g\u00f6r det \u00e4nnu enklare och s\u00e4krare med kreditkortsbetalningar.<\/p>\n<p><a href=\"https:\/\/www.trivec.se\/resurser\/artiklar\/digital-meny\/\">L\u00e4s mer<\/a>[\/vc_pillarpage_textblock][vc_pillarpage_textblock headline_text=&#8221;Smidiga betalningar&#8221;]Vi vet hur viktigt det \u00e4r att underl\u00e4tta betalningar i restauranglokalen.<\/p>\n<p>F\u00f6r att f\u00e5 ett smidigt best\u00e4llnings- och betalfl\u00f6dei restaurangen kan det l\u00f6na sig att se \u00f6ver var kassasystemen st\u00e5r. Det \u00e4r ocks\u00e5 avg\u00f6rande hur g\u00e4st- och personalfl\u00f6det ser ut i restaurangen. Var uppst\u00e5r flaskhalsar? Var krockar personalen? Var f\u00f6redrar g\u00e4ster att best\u00e4lla en drink om inte i baren? Fr\u00e5gor av denna typ avg\u00f6r var kassasystemen b\u00f6r placeras samt vilka l\u00f6sningar som skulle passa er.<\/p>\n<p>Vi hj\u00e4lper g\u00e4rna till och ger r\u00e5d om var du ska placera dina kassasystem och vilka betall\u00f6sningar du skulle beh\u00f6va.<\/p>\n<p><a href=\"https:\/\/www.trivec.se\/resurser\/artiklar\/smidiga-betalningar\/\">L\u00e4s mer<\/a>[\/vc_pillarpage_textblock][vc_pillarpage_textblock headline_text=&#8221;Marknadsf\u00f6ra restaurang&#8221;]Hur fick du nys om din senaste restaurangupplevelse? Kanske var det ett st\u00e4lle du passerat m\u00e5nga g\u00e5nger och blivit nyfiken p\u00e5, eller n\u00e5got du sett en annons f\u00f6r? Eller var det kanske genom en rekommendation fr\u00e5n en v\u00e4n, eller en lockande bild p\u00e5 sociala medier?<\/p>\n<p>Det \u00e4r ingen nyhet att v\u00e4nners ord v\u00e4ger tungt. Det finns ett grundl\u00e4ggande f\u00f6rtroende som bryter igenom bruset och startar konversationer. En stor del av kontakten mellan m\u00e4nniskor sker idag via sociala medier. Det delas vardag, fest, gl\u00e4dje, sorg och \u00e4ventyr och blir d\u00e4rf\u00f6r ett kraftfullt verktyg, inte minst f\u00f6r marknadsf\u00f6ring. L\u00e5t oss gr\u00e4va djupare i detta.<\/p>\n<p><a href=\"https:\/\/www.trivec.se\/resurser\/artiklar\/marknadsfora-restaurang\/\">L\u00e4s mer<\/a>[\/vc_pillarpage_textblock][vc_pillarpage_textblock headline_text=&#8221;Dark kitchen&#8221;]Oavsett om du vill starta ett nytt brand eller om du vill utveckla din befintliga restaurang \u00e4r ett Dark kitchen en fantastisk m\u00f6jlighet.\u00a0 Catering, leverans och hemleverans v\u00e4xer snabbt. Restaurang-apparna g\u00f6r det l\u00e4ttare f\u00f6r dig att prova nya koncept och snabbt se vad som s\u00e4ljs. Genom att bemanna ett k\u00f6k, som inte har n\u00e5gon fysisk restaurang kan du enkelt leverera mat i omr\u00e5det. Med appar som Foodora och Ubereats \u00e4r det enkelt f\u00f6r g\u00e4sterna att best\u00e4lla och betala samt f\u00e5 levererat.<\/p>\n<p>L\u00e4s mer om hur du tj\u00e4nar pengar med ett <a href=\"https:\/\/www.trivec.se\/resurser\/artiklar\/dark-kitchen\/\">Dark kitchen<\/a>.[\/vc_pillarpage_textblock][\/vc_column][\/vc_row]<\/p>\n<\/div>","protected":false},"excerpt":{"rendered":"<p>[vc_row][vc_column][vc_pillarpage headline_xl_1=&#8221;Digitalisera din restaurang&#8221; text_xl=&#8221;Restauranglivet handlar fortfarande om god mat, service och atmosf\u00e4r, men nya generationer har nya f\u00f6rv\u00e4ntningar. De ser teknik som en naturlig del av sin livsstil. F\u00f6r dem \u00e4r enkla bordsreservationer, personlig service och smidiga betalningar ocks\u00e5 \u00e4r en del av restaurangupplevelsen. Att digitalisera handlar inte bara om att ta bordsreservationer digitalt, [&hellip;]<\/p>\n","protected":false},"author":18,"featured_media":0,"parent":21211,"menu_order":0,"comment_status":"closed","ping_status":"closed","template":"","meta":{"_acf_changed":false,"content-type":"","footnotes":""},"class_list":["post-18296","page","type-page","status-publish","hentry"],"acf":[],"yoast_head":"<!-- This site is optimized with the Yoast SEO plugin v27.2 - https:\/\/yoast.com\/product\/yoast-seo-wordpress\/ -->\n<title>Digitalisera restaurang - Trivec Systems<\/title>\n<meta name=\"description\" content=\"Att digitalisera sin restaurang handlar om hur best\u00e4llningar samt smidiga betalningar b\u00f6r fungerar f\u00f6r att \u00f6ka g\u00e4stupplevelse och service.\" \/>\n<meta name=\"robots\" content=\"noindex, follow\" \/>\n<meta property=\"og:locale\" content=\"sv_SE\" \/>\n<meta property=\"og:type\" content=\"article\" \/>\n<meta property=\"og:title\" content=\"Digitalisera restaurang - Trivec Systems\" \/>\n<meta property=\"og:description\" content=\"Att digitalisera sin restaurang handlar om hur best\u00e4llningar samt smidiga betalningar b\u00f6r fungerar f\u00f6r att \u00f6ka g\u00e4stupplevelse och service.\" \/>\n<meta property=\"og:url\" content=\"https:\/\/trivec.aws-staging.swace.se\/sv\/resurser\/whitepaper\/digitalisera-restaurang\/\" \/>\n<meta property=\"og:site_name\" content=\"Trivec\" \/>\n<meta property=\"article:modified_time\" content=\"2023-03-17T13:45:57+00:00\" \/>\n<meta name=\"twitter:card\" content=\"summary_large_image\" \/>\n<meta name=\"twitter:label1\" content=\"Ber\u00e4knad l\u00e4stid\" \/>\n\t<meta name=\"twitter:data1\" content=\"4 minuter\" \/>\n<script type=\"application\/ld+json\" class=\"yoast-schema-graph\">{\"@context\":\"https:\/\/schema.org\",\"@graph\":[{\"@type\":\"WebPage\",\"@id\":\"https:\/\/trivec.aws-staging.swace.se\/sv\/resurser\/whitepaper\/digitalisera-restaurang\/\",\"url\":\"https:\/\/trivec.aws-staging.swace.se\/sv\/resurser\/whitepaper\/digitalisera-restaurang\/\",\"name\":\"Digitalisera restaurang - Trivec Systems\",\"isPartOf\":{\"@id\":\"https:\/\/trivec.aws-staging.swace.se\/sv\/#website\"},\"datePublished\":\"2021-06-24T11:29:48+00:00\",\"dateModified\":\"2023-03-17T13:45:57+00:00\",\"description\":\"Att digitalisera sin restaurang handlar om hur best\u00e4llningar samt smidiga betalningar b\u00f6r fungerar f\u00f6r att \u00f6ka g\u00e4stupplevelse och service.\",\"breadcrumb\":{\"@id\":\"https:\/\/trivec.aws-staging.swace.se\/sv\/resurser\/whitepaper\/digitalisera-restaurang\/#breadcrumb\"},\"inLanguage\":\"sv-SE\",\"potentialAction\":[{\"@type\":\"ReadAction\",\"target\":[\"https:\/\/trivec.aws-staging.swace.se\/sv\/resurser\/whitepaper\/digitalisera-restaurang\/\"]}]},{\"@type\":\"BreadcrumbList\",\"@id\":\"https:\/\/trivec.aws-staging.swace.se\/sv\/resurser\/whitepaper\/digitalisera-restaurang\/#breadcrumb\",\"itemListElement\":[{\"@type\":\"ListItem\",\"position\":1,\"name\":\"Home\",\"item\":\"https:\/\/www.trivec.aws-staging.swace.se\/sv\/\"},{\"@type\":\"ListItem\",\"position\":2,\"name\":\"Resurser\",\"item\":\"https:\/\/www.trivec.aws-staging.swace.se\/sv\/resurser\/\"},{\"@type\":\"ListItem\",\"position\":3,\"name\":\"Whitepaper\",\"item\":\"https:\/\/trivec.aws-staging.swace.se\/sv\/resurser\/whitepaper\/\"},{\"@type\":\"ListItem\",\"position\":4,\"name\":\"Digitalisera restaurang\"}]},{\"@type\":\"WebSite\",\"@id\":\"https:\/\/trivec.aws-staging.swace.se\/sv\/#website\",\"url\":\"https:\/\/trivec.aws-staging.swace.se\/sv\/\",\"name\":\"Trivec\",\"description\":\"Kassasystem f\u00f6r restauranger, barer och hotell\",\"potentialAction\":[{\"@type\":\"SearchAction\",\"target\":{\"@type\":\"EntryPoint\",\"urlTemplate\":\"https:\/\/trivec.aws-staging.swace.se\/sv\/?s={search_term_string}\"},\"query-input\":{\"@type\":\"PropertyValueSpecification\",\"valueRequired\":true,\"valueName\":\"search_term_string\"}}],\"inLanguage\":\"sv-SE\"}]}<\/script>\n<!-- \/ Yoast SEO plugin. -->","yoast_head_json":{"title":"Digitalisera restaurang - Trivec Systems","description":"Att digitalisera sin restaurang handlar om hur best\u00e4llningar samt smidiga betalningar b\u00f6r fungerar f\u00f6r att \u00f6ka g\u00e4stupplevelse och service.","robots":{"index":"noindex","follow":"follow"},"og_locale":"sv_SE","og_type":"article","og_title":"Digitalisera restaurang - Trivec Systems","og_description":"Att digitalisera sin restaurang handlar om hur best\u00e4llningar samt smidiga betalningar b\u00f6r fungerar f\u00f6r att \u00f6ka g\u00e4stupplevelse och service.","og_url":"https:\/\/trivec.aws-staging.swace.se\/sv\/resurser\/whitepaper\/digitalisera-restaurang\/","og_site_name":"Trivec","article_modified_time":"2023-03-17T13:45:57+00:00","twitter_card":"summary_large_image","twitter_misc":{"Ber\u00e4knad l\u00e4stid":"4 minuter"},"schema":{"@context":"https:\/\/schema.org","@graph":[{"@type":"WebPage","@id":"https:\/\/trivec.aws-staging.swace.se\/sv\/resurser\/whitepaper\/digitalisera-restaurang\/","url":"https:\/\/trivec.aws-staging.swace.se\/sv\/resurser\/whitepaper\/digitalisera-restaurang\/","name":"Digitalisera restaurang - Trivec Systems","isPartOf":{"@id":"https:\/\/trivec.aws-staging.swace.se\/sv\/#website"},"datePublished":"2021-06-24T11:29:48+00:00","dateModified":"2023-03-17T13:45:57+00:00","description":"Att digitalisera sin restaurang handlar om hur best\u00e4llningar samt smidiga betalningar b\u00f6r fungerar f\u00f6r att \u00f6ka g\u00e4stupplevelse och service.","breadcrumb":{"@id":"https:\/\/trivec.aws-staging.swace.se\/sv\/resurser\/whitepaper\/digitalisera-restaurang\/#breadcrumb"},"inLanguage":"sv-SE","potentialAction":[{"@type":"ReadAction","target":["https:\/\/trivec.aws-staging.swace.se\/sv\/resurser\/whitepaper\/digitalisera-restaurang\/"]}]},{"@type":"BreadcrumbList","@id":"https:\/\/trivec.aws-staging.swace.se\/sv\/resurser\/whitepaper\/digitalisera-restaurang\/#breadcrumb","itemListElement":[{"@type":"ListItem","position":1,"name":"Home","item":"https:\/\/www.trivec.aws-staging.swace.se\/sv\/"},{"@type":"ListItem","position":2,"name":"Resurser","item":"https:\/\/www.trivec.aws-staging.swace.se\/sv\/resurser\/"},{"@type":"ListItem","position":3,"name":"Whitepaper","item":"https:\/\/trivec.aws-staging.swace.se\/sv\/resurser\/whitepaper\/"},{"@type":"ListItem","position":4,"name":"Digitalisera restaurang"}]},{"@type":"WebSite","@id":"https:\/\/trivec.aws-staging.swace.se\/sv\/#website","url":"https:\/\/trivec.aws-staging.swace.se\/sv\/","name":"Trivec","description":"Kassasystem f\u00f6r restauranger, barer och hotell","potentialAction":[{"@type":"SearchAction","target":{"@type":"EntryPoint","urlTemplate":"https:\/\/trivec.aws-staging.swace.se\/sv\/?s={search_term_string}"},"query-input":{"@type":"PropertyValueSpecification","valueRequired":true,"valueName":"search_term_string"}}],"inLanguage":"sv-SE"}]}},"_links":{"self":[{"href":"https:\/\/trivec.aws-staging.swace.se\/sv\/wp-json\/wp\/v2\/pages\/18296","targetHints":{"allow":["GET"]}}],"collection":[{"href":"https:\/\/trivec.aws-staging.swace.se\/sv\/wp-json\/wp\/v2\/pages"}],"about":[{"href":"https:\/\/trivec.aws-staging.swace.se\/sv\/wp-json\/wp\/v2\/types\/page"}],"author":[{"embeddable":true,"href":"https:\/\/trivec.aws-staging.swace.se\/sv\/wp-json\/wp\/v2\/users\/18"}],"replies":[{"embeddable":true,"href":"https:\/\/trivec.aws-staging.swace.se\/sv\/wp-json\/wp\/v2\/comments?post=18296"}],"version-history":[{"count":105,"href":"https:\/\/trivec.aws-staging.swace.se\/sv\/wp-json\/wp\/v2\/pages\/18296\/revisions"}],"predecessor-version":[{"id":32313,"href":"https:\/\/trivec.aws-staging.swace.se\/sv\/wp-json\/wp\/v2\/pages\/18296\/revisions\/32313"}],"up":[{"embeddable":true,"href":"https:\/\/trivec.aws-staging.swace.se\/sv\/wp-json\/wp\/v2\/pages\/21211"}],"wp:attachment":[{"href":"https:\/\/trivec.aws-staging.swace.se\/sv\/wp-json\/wp\/v2\/media?parent=18296"}],"curies":[{"name":"wp","href":"https:\/\/api.w.org\/{rel}","templated":true}]}}