{"id":144,"date":"2018-12-07T07:49:46","date_gmt":"2018-12-07T07:49:46","guid":{"rendered":"https:\/\/www.trivec.se\/?page_id=144"},"modified":"2022-11-17T12:19:54","modified_gmt":"2022-11-17T11:19:54","slug":"my-trivec","status":"publish","type":"page","link":"https:\/\/trivec.aws-staging.swace.se\/sv\/my-trivec\/","title":{"rendered":"My Trivec"},"content":{"rendered":"<div class=\"wpb-content-wrapper\"><p>[vc_row use_background_image=&#8221;yes&#8221; vertical_align_center=&#8221;yes&#8221;][vc_column width=&#8221;1\/2&#8243;][vc_single_image image=&#8221;822&#8243;][\/vc_column][vc_column width=&#8221;1\/2&#8243;][vc_headline icon=&#8221;&#8221;]MyTrivec[\/vc_headline][vc_column_text]Med v\u00e5r webbtj\u00e4nst My Trivec f\u00e5r du tillg\u00e5ng till all relevant data som r\u00f6r din restaurang. Du ser din f\u00f6rs\u00e4ljning i realtid och kan ta fram rapporter. Oavsett var du befinner dig s\u00e5 har du kontroll p\u00e5 din f\u00f6rs\u00e4ljning. Du kan \u00e4ven addera tj\u00e4nster i My Trivec och bygga ut portalen.\u00a0Tj\u00e4nsten \u00e4r kostnadsfri i grundutf\u00f6rande.<\/p>\n<p>Kom ig\u00e5ng idag genom att skapa ett konto p\u00e5 MyTrivec eller logga in p\u00e5 ditt existerande![\/vc_column_text][vc_btn cta_text_color=&#8221;white&#8221; title=&#8221;Till MyTrivec&#8221; link=&#8221;url:https%3A%2F%2Fmytrivec.com%2Flogin|||&#8221;][\/vc_column][\/vc_row]<\/p>\n<\/div>","protected":false},"excerpt":{"rendered":"<p>[vc_row use_background_image=&#8221;yes&#8221; vertical_align_center=&#8221;yes&#8221;][vc_column width=&#8221;1\/2&#8243;][vc_single_image image=&#8221;822&#8243;][\/vc_column][vc_column width=&#8221;1\/2&#8243;][vc_headline icon=&#8221;&#8221;]MyTrivec[\/vc_headline][vc_column_text]Med v\u00e5r webbtj\u00e4nst My Trivec f\u00e5r du tillg\u00e5ng till all relevant data som r\u00f6r din restaurang. Du ser din f\u00f6rs\u00e4ljning i realtid och kan ta fram rapporter. Oavsett var du befinner dig s\u00e5 har du kontroll p\u00e5 din f\u00f6rs\u00e4ljning. Du kan \u00e4ven addera tj\u00e4nster i My Trivec och bygga [&hellip;]<\/p>\n","protected":false},"author":1,"featured_media":0,"parent":0,"menu_order":14,"comment_status":"closed","ping_status":"closed","template":"","meta":{"_acf_changed":false,"content-type":"","footnotes":""},"class_list":["post-144","page","type-page","status-publish","hentry"],"acf":[],"yoast_head":"<!-- This site is optimized with the Yoast SEO plugin v27.2 - https:\/\/yoast.com\/product\/yoast-seo-wordpress\/ -->\n<title>My Trivec - Trivec Systems<\/title>\n<meta name=\"description\" content=\"Med v\u00e5r webbtj\u00e4nst My Trivec f\u00e5r du tillg\u00e5ng till all relevant data som r\u00f6r din restaurang. Se f\u00f6rs\u00e4ljning i realtid. Ta fram rapporter.\" \/>\n<meta name=\"robots\" content=\"noindex, follow\" \/>\n<meta property=\"og:locale\" content=\"sv_SE\" \/>\n<meta property=\"og:type\" content=\"article\" \/>\n<meta property=\"og:title\" content=\"My Trivec - Trivec Systems\" \/>\n<meta property=\"og:description\" content=\"Med v\u00e5r webbtj\u00e4nst My Trivec f\u00e5r du tillg\u00e5ng till all relevant data som r\u00f6r din restaurang. Se f\u00f6rs\u00e4ljning i realtid. Ta fram rapporter.\" \/>\n<meta property=\"og:url\" content=\"https:\/\/trivec.aws-staging.swace.se\/sv\/my-trivec\/\" \/>\n<meta property=\"og:site_name\" content=\"Trivec\" \/>\n<meta property=\"article:modified_time\" content=\"2022-11-17T11:19:54+00:00\" \/>\n<meta name=\"twitter:card\" content=\"summary_large_image\" \/>\n<meta name=\"twitter:label1\" content=\"Ber\u00e4knad l\u00e4stid\" \/>\n\t<meta name=\"twitter:data1\" content=\"1 minut\" \/>\n<script type=\"application\/ld+json\" class=\"yoast-schema-graph\">{\"@context\":\"https:\/\/schema.org\",\"@graph\":[{\"@type\":\"WebPage\",\"@id\":\"https:\/\/trivec.aws-staging.swace.se\/sv\/my-trivec\/\",\"url\":\"https:\/\/trivec.aws-staging.swace.se\/sv\/my-trivec\/\",\"name\":\"My Trivec - Trivec Systems\",\"isPartOf\":{\"@id\":\"https:\/\/trivec.aws-staging.swace.se\/sv\/#website\"},\"datePublished\":\"2018-12-07T07:49:46+00:00\",\"dateModified\":\"2022-11-17T11:19:54+00:00\",\"description\":\"Med v\u00e5r webbtj\u00e4nst My Trivec f\u00e5r du tillg\u00e5ng till all relevant data som r\u00f6r din restaurang. Se f\u00f6rs\u00e4ljning i realtid. Ta fram rapporter.\",\"breadcrumb\":{\"@id\":\"https:\/\/trivec.aws-staging.swace.se\/sv\/my-trivec\/#breadcrumb\"},\"inLanguage\":\"sv-SE\",\"potentialAction\":[{\"@type\":\"ReadAction\",\"target\":[\"https:\/\/trivec.aws-staging.swace.se\/sv\/my-trivec\/\"]}]},{\"@type\":\"BreadcrumbList\",\"@id\":\"https:\/\/trivec.aws-staging.swace.se\/sv\/my-trivec\/#breadcrumb\",\"itemListElement\":[{\"@type\":\"ListItem\",\"position\":1,\"name\":\"Home\",\"item\":\"https:\/\/www.trivec.aws-staging.swace.se\/sv\/\"},{\"@type\":\"ListItem\",\"position\":2,\"name\":\"My Trivec\"}]},{\"@type\":\"WebSite\",\"@id\":\"https:\/\/trivec.aws-staging.swace.se\/sv\/#website\",\"url\":\"https:\/\/trivec.aws-staging.swace.se\/sv\/\",\"name\":\"Trivec\",\"description\":\"Kassasystem f\u00f6r restauranger, barer och hotell\",\"potentialAction\":[{\"@type\":\"SearchAction\",\"target\":{\"@type\":\"EntryPoint\",\"urlTemplate\":\"https:\/\/trivec.aws-staging.swace.se\/sv\/?s={search_term_string}\"},\"query-input\":{\"@type\":\"PropertyValueSpecification\",\"valueRequired\":true,\"valueName\":\"search_term_string\"}}],\"inLanguage\":\"sv-SE\"}]}<\/script>\n<!-- \/ Yoast SEO plugin. -->","yoast_head_json":{"title":"My Trivec - Trivec Systems","description":"Med v\u00e5r webbtj\u00e4nst My Trivec f\u00e5r du tillg\u00e5ng till all relevant data som r\u00f6r din restaurang. Se f\u00f6rs\u00e4ljning i realtid. Ta fram rapporter.","robots":{"index":"noindex","follow":"follow"},"og_locale":"sv_SE","og_type":"article","og_title":"My Trivec - Trivec Systems","og_description":"Med v\u00e5r webbtj\u00e4nst My Trivec f\u00e5r du tillg\u00e5ng till all relevant data som r\u00f6r din restaurang. Se f\u00f6rs\u00e4ljning i realtid. Ta fram rapporter.","og_url":"https:\/\/trivec.aws-staging.swace.se\/sv\/my-trivec\/","og_site_name":"Trivec","article_modified_time":"2022-11-17T11:19:54+00:00","twitter_card":"summary_large_image","twitter_misc":{"Ber\u00e4knad l\u00e4stid":"1 minut"},"schema":{"@context":"https:\/\/schema.org","@graph":[{"@type":"WebPage","@id":"https:\/\/trivec.aws-staging.swace.se\/sv\/my-trivec\/","url":"https:\/\/trivec.aws-staging.swace.se\/sv\/my-trivec\/","name":"My Trivec - Trivec Systems","isPartOf":{"@id":"https:\/\/trivec.aws-staging.swace.se\/sv\/#website"},"datePublished":"2018-12-07T07:49:46+00:00","dateModified":"2022-11-17T11:19:54+00:00","description":"Med v\u00e5r webbtj\u00e4nst My Trivec f\u00e5r du tillg\u00e5ng till all relevant data som r\u00f6r din restaurang. Se f\u00f6rs\u00e4ljning i realtid. Ta fram rapporter.","breadcrumb":{"@id":"https:\/\/trivec.aws-staging.swace.se\/sv\/my-trivec\/#breadcrumb"},"inLanguage":"sv-SE","potentialAction":[{"@type":"ReadAction","target":["https:\/\/trivec.aws-staging.swace.se\/sv\/my-trivec\/"]}]},{"@type":"BreadcrumbList","@id":"https:\/\/trivec.aws-staging.swace.se\/sv\/my-trivec\/#breadcrumb","itemListElement":[{"@type":"ListItem","position":1,"name":"Home","item":"https:\/\/www.trivec.aws-staging.swace.se\/sv\/"},{"@type":"ListItem","position":2,"name":"My Trivec"}]},{"@type":"WebSite","@id":"https:\/\/trivec.aws-staging.swace.se\/sv\/#website","url":"https:\/\/trivec.aws-staging.swace.se\/sv\/","name":"Trivec","description":"Kassasystem f\u00f6r restauranger, barer och hotell","potentialAction":[{"@type":"SearchAction","target":{"@type":"EntryPoint","urlTemplate":"https:\/\/trivec.aws-staging.swace.se\/sv\/?s={search_term_string}"},"query-input":{"@type":"PropertyValueSpecification","valueRequired":true,"valueName":"search_term_string"}}],"inLanguage":"sv-SE"}]}},"_links":{"self":[{"href":"https:\/\/trivec.aws-staging.swace.se\/sv\/wp-json\/wp\/v2\/pages\/144","targetHints":{"allow":["GET"]}}],"collection":[{"href":"https:\/\/trivec.aws-staging.swace.se\/sv\/wp-json\/wp\/v2\/pages"}],"about":[{"href":"https:\/\/trivec.aws-staging.swace.se\/sv\/wp-json\/wp\/v2\/types\/page"}],"author":[{"embeddable":true,"href":"https:\/\/trivec.aws-staging.swace.se\/sv\/wp-json\/wp\/v2\/users\/1"}],"replies":[{"embeddable":true,"href":"https:\/\/trivec.aws-staging.swace.se\/sv\/wp-json\/wp\/v2\/comments?post=144"}],"version-history":[{"count":4,"href":"https:\/\/trivec.aws-staging.swace.se\/sv\/wp-json\/wp\/v2\/pages\/144\/revisions"}],"predecessor-version":[{"id":17336,"href":"https:\/\/trivec.aws-staging.swace.se\/sv\/wp-json\/wp\/v2\/pages\/144\/revisions\/17336"}],"wp:attachment":[{"href":"https:\/\/trivec.aws-staging.swace.se\/sv\/wp-json\/wp\/v2\/media?parent=144"}],"curies":[{"name":"wp","href":"https:\/\/api.w.org\/{rel}","templated":true}]}}