{"id":13564,"date":"2021-02-03T10:40:29","date_gmt":"2021-02-03T09:40:29","guid":{"rendered":"https:\/\/trivec.aws-staging.swace.se\/?page_id=13564"},"modified":"2023-03-17T12:05:12","modified_gmt":"2023-03-17T11:05:12","slug":"bordsbokningssystem","status":"publish","type":"page","link":"https:\/\/trivec.aws-staging.swace.se\/sv\/produkter\/bordsbokningssystem\/","title":{"rendered":"Bokningssystem restaurang"},"content":{"rendered":"","protected":false},"excerpt":{"rendered":"","protected":false},"author":2,"featured_media":0,"parent":64,"menu_order":0,"comment_status":"closed","ping_status":"closed","template":"","meta":{"_acf_changed":false,"content-type":"","footnotes":""},"class_list":["post-13564","page","type-page","status-publish","hentry"],"acf":[],"yoast_head":"<!-- This site is optimized with the Yoast SEO plugin v27.2 - https:\/\/yoast.com\/product\/yoast-seo-wordpress\/ -->\n<title>Bokningssystem restaurang - Trivec Systems<\/title>\n<meta name=\"description\" content=\"Mindre administration med bokningssystem f\u00f6r restaurang online! Skicka p\u00e5minnelser f\u00f6r att undvika no-shows. Spara information om dina kunder!\" \/>\n<meta name=\"robots\" content=\"noindex, follow\" \/>\n<meta property=\"og:locale\" content=\"sv_SE\" \/>\n<meta property=\"og:type\" content=\"article\" \/>\n<meta property=\"og:title\" content=\"Bokningssystem restaurang - Trivec Systems\" \/>\n<meta property=\"og:description\" content=\"Mindre administration med bokningssystem f\u00f6r restaurang online! Skicka p\u00e5minnelser f\u00f6r att undvika no-shows. Spara information om dina kunder!\" \/>\n<meta property=\"og:url\" content=\"https:\/\/trivec.aws-staging.swace.se\/sv\/produkter\/bordsbokningssystem\/\" \/>\n<meta property=\"og:site_name\" content=\"Trivec\" \/>\n<meta property=\"article:modified_time\" content=\"2023-03-17T11:05:12+00:00\" \/>\n<meta name=\"twitter:card\" content=\"summary_large_image\" \/>\n<script type=\"application\/ld+json\" class=\"yoast-schema-graph\">{\"@context\":\"https:\/\/schema.org\",\"@graph\":[{\"@type\":\"WebPage\",\"@id\":\"https:\/\/trivec.aws-staging.swace.se\/sv\/produkter\/bordsbokningssystem\/\",\"url\":\"https:\/\/trivec.aws-staging.swace.se\/sv\/produkter\/bordsbokningssystem\/\",\"name\":\"Bokningssystem restaurang - Trivec Systems\",\"isPartOf\":{\"@id\":\"https:\/\/trivec.aws-staging.swace.se\/sv\/#website\"},\"datePublished\":\"2021-02-03T09:40:29+00:00\",\"dateModified\":\"2023-03-17T11:05:12+00:00\",\"description\":\"Mindre administration med bokningssystem f\u00f6r restaurang online! Skicka p\u00e5minnelser f\u00f6r att undvika no-shows. Spara information om dina kunder!\",\"breadcrumb\":{\"@id\":\"https:\/\/trivec.aws-staging.swace.se\/sv\/produkter\/bordsbokningssystem\/#breadcrumb\"},\"inLanguage\":\"sv-SE\",\"potentialAction\":[{\"@type\":\"ReadAction\",\"target\":[\"https:\/\/trivec.aws-staging.swace.se\/sv\/produkter\/bordsbokningssystem\/\"]}]},{\"@type\":\"BreadcrumbList\",\"@id\":\"https:\/\/trivec.aws-staging.swace.se\/sv\/produkter\/bordsbokningssystem\/#breadcrumb\",\"itemListElement\":[{\"@type\":\"ListItem\",\"position\":1,\"name\":\"Home\",\"item\":\"https:\/\/www.trivec.aws-staging.swace.se\/sv\/\"},{\"@type\":\"ListItem\",\"position\":2,\"name\":\"Produkter\",\"item\":\"https:\/\/trivec.aws-staging.swace.se\/sv\/produkter\/\"},{\"@type\":\"ListItem\",\"position\":3,\"name\":\"Bokningssystem restaurang\"}]},{\"@type\":\"WebSite\",\"@id\":\"https:\/\/trivec.aws-staging.swace.se\/sv\/#website\",\"url\":\"https:\/\/trivec.aws-staging.swace.se\/sv\/\",\"name\":\"Trivec\",\"description\":\"Kassasystem f\u00f6r restauranger, barer och hotell\",\"potentialAction\":[{\"@type\":\"SearchAction\",\"target\":{\"@type\":\"EntryPoint\",\"urlTemplate\":\"https:\/\/trivec.aws-staging.swace.se\/sv\/?s={search_term_string}\"},\"query-input\":{\"@type\":\"PropertyValueSpecification\",\"valueRequired\":true,\"valueName\":\"search_term_string\"}}],\"inLanguage\":\"sv-SE\"}]}<\/script>\n<!-- \/ Yoast SEO plugin. -->","yoast_head_json":{"title":"Bokningssystem restaurang - Trivec Systems","description":"Mindre administration med bokningssystem f\u00f6r restaurang online! Skicka p\u00e5minnelser f\u00f6r att undvika no-shows. Spara information om dina kunder!","robots":{"index":"noindex","follow":"follow"},"og_locale":"sv_SE","og_type":"article","og_title":"Bokningssystem restaurang - Trivec Systems","og_description":"Mindre administration med bokningssystem f\u00f6r restaurang online! Skicka p\u00e5minnelser f\u00f6r att undvika no-shows. Spara information om dina kunder!","og_url":"https:\/\/trivec.aws-staging.swace.se\/sv\/produkter\/bordsbokningssystem\/","og_site_name":"Trivec","article_modified_time":"2023-03-17T11:05:12+00:00","twitter_card":"summary_large_image","schema":{"@context":"https:\/\/schema.org","@graph":[{"@type":"WebPage","@id":"https:\/\/trivec.aws-staging.swace.se\/sv\/produkter\/bordsbokningssystem\/","url":"https:\/\/trivec.aws-staging.swace.se\/sv\/produkter\/bordsbokningssystem\/","name":"Bokningssystem restaurang - Trivec Systems","isPartOf":{"@id":"https:\/\/trivec.aws-staging.swace.se\/sv\/#website"},"datePublished":"2021-02-03T09:40:29+00:00","dateModified":"2023-03-17T11:05:12+00:00","description":"Mindre administration med bokningssystem f\u00f6r restaurang online! Skicka p\u00e5minnelser f\u00f6r att undvika no-shows. Spara information om dina kunder!","breadcrumb":{"@id":"https:\/\/trivec.aws-staging.swace.se\/sv\/produkter\/bordsbokningssystem\/#breadcrumb"},"inLanguage":"sv-SE","potentialAction":[{"@type":"ReadAction","target":["https:\/\/trivec.aws-staging.swace.se\/sv\/produkter\/bordsbokningssystem\/"]}]},{"@type":"BreadcrumbList","@id":"https:\/\/trivec.aws-staging.swace.se\/sv\/produkter\/bordsbokningssystem\/#breadcrumb","itemListElement":[{"@type":"ListItem","position":1,"name":"Home","item":"https:\/\/www.trivec.aws-staging.swace.se\/sv\/"},{"@type":"ListItem","position":2,"name":"Produkter","item":"https:\/\/trivec.aws-staging.swace.se\/sv\/produkter\/"},{"@type":"ListItem","position":3,"name":"Bokningssystem restaurang"}]},{"@type":"WebSite","@id":"https:\/\/trivec.aws-staging.swace.se\/sv\/#website","url":"https:\/\/trivec.aws-staging.swace.se\/sv\/","name":"Trivec","description":"Kassasystem f\u00f6r restauranger, barer och hotell","potentialAction":[{"@type":"SearchAction","target":{"@type":"EntryPoint","urlTemplate":"https:\/\/trivec.aws-staging.swace.se\/sv\/?s={search_term_string}"},"query-input":{"@type":"PropertyValueSpecification","valueRequired":true,"valueName":"search_term_string"}}],"inLanguage":"sv-SE"}]}},"_links":{"self":[{"href":"https:\/\/trivec.aws-staging.swace.se\/sv\/wp-json\/wp\/v2\/pages\/13564","targetHints":{"allow":["GET"]}}],"collection":[{"href":"https:\/\/trivec.aws-staging.swace.se\/sv\/wp-json\/wp\/v2\/pages"}],"about":[{"href":"https:\/\/trivec.aws-staging.swace.se\/sv\/wp-json\/wp\/v2\/types\/page"}],"author":[{"embeddable":true,"href":"https:\/\/trivec.aws-staging.swace.se\/sv\/wp-json\/wp\/v2\/users\/2"}],"replies":[{"embeddable":true,"href":"https:\/\/trivec.aws-staging.swace.se\/sv\/wp-json\/wp\/v2\/comments?post=13564"}],"version-history":[{"count":34,"href":"https:\/\/trivec.aws-staging.swace.se\/sv\/wp-json\/wp\/v2\/pages\/13564\/revisions"}],"predecessor-version":[{"id":32262,"href":"https:\/\/trivec.aws-staging.swace.se\/sv\/wp-json\/wp\/v2\/pages\/13564\/revisions\/32262"}],"up":[{"embeddable":true,"href":"https:\/\/trivec.aws-staging.swace.se\/sv\/wp-json\/wp\/v2\/pages\/64"}],"wp:attachment":[{"href":"https:\/\/trivec.aws-staging.swace.se\/sv\/wp-json\/wp\/v2\/media?parent=13564"}],"curies":[{"name":"wp","href":"https:\/\/api.w.org\/{rel}","templated":true}]}}