{"id":13263,"date":"2020-12-18T09:29:06","date_gmt":"2020-12-18T08:29:06","guid":{"rendered":"https:\/\/trivec.aws-staging.swace.se\/arena-and-theme-parks\/"},"modified":"2023-04-07T09:02:08","modified_gmt":"2023-04-07T07:02:08","slug":"branscher-arenor-nojesparker","status":"publish","type":"page","link":"https:\/\/trivec.aws-staging.swace.se\/sv\/branscher-arenor-nojesparker\/","title":{"rendered":"Kassasystem arenor och n\u00f6jesparker"},"content":{"rendered":"","protected":false},"excerpt":{"rendered":"","protected":false},"author":21,"featured_media":0,"parent":0,"menu_order":0,"comment_status":"closed","ping_status":"closed","template":"","meta":{"_acf_changed":false,"content-type":"","footnotes":""},"class_list":["post-13263","page","type-page","status-publish","hentry"],"acf":[],"yoast_head":"<!-- This site is optimized with the Yoast SEO plugin v27.2 - https:\/\/yoast.com\/product\/yoast-seo-wordpress\/ -->\n<title>Kassasystem arenor och n\u00f6jesparker - Trivec<\/title>\n<meta name=\"description\" content=\"Anv\u00e4ndarv\u00e4nliga och drifts\u00e4kra kassasystem f\u00f6r arenor och n\u00f6jesparker. Trivec har l\u00e5ng erfaren av kassasystem f\u00f6r restaurang, bar och hotell.\" \/>\n<meta name=\"robots\" content=\"noindex, follow\" \/>\n<meta property=\"og:locale\" content=\"sv_SE\" \/>\n<meta property=\"og:type\" content=\"article\" \/>\n<meta property=\"og:title\" content=\"Kassasystem arenor och n\u00f6jesparker - Trivec\" \/>\n<meta property=\"og:description\" content=\"Anv\u00e4ndarv\u00e4nliga och drifts\u00e4kra kassasystem f\u00f6r arenor och n\u00f6jesparker. Trivec har l\u00e5ng erfaren av kassasystem f\u00f6r restaurang, bar och hotell.\" \/>\n<meta property=\"og:url\" content=\"https:\/\/trivec.aws-staging.swace.se\/sv\/branscher-arenor-nojesparker\/\" \/>\n<meta property=\"og:site_name\" content=\"Trivec\" \/>\n<meta property=\"article:modified_time\" content=\"2023-04-07T07:02:08+00:00\" \/>\n<meta name=\"twitter:card\" content=\"summary_large_image\" \/>\n<script type=\"application\/ld+json\" class=\"yoast-schema-graph\">{\"@context\":\"https:\/\/schema.org\",\"@graph\":[{\"@type\":\"WebPage\",\"@id\":\"https:\/\/trivec.aws-staging.swace.se\/sv\/branscher-arenor-nojesparker\/\",\"url\":\"https:\/\/trivec.aws-staging.swace.se\/sv\/branscher-arenor-nojesparker\/\",\"name\":\"Kassasystem arenor och n\u00f6jesparker - Trivec\",\"isPartOf\":{\"@id\":\"https:\/\/trivec.aws-staging.swace.se\/sv\/#website\"},\"datePublished\":\"2020-12-18T08:29:06+00:00\",\"dateModified\":\"2023-04-07T07:02:08+00:00\",\"description\":\"Anv\u00e4ndarv\u00e4nliga och drifts\u00e4kra kassasystem f\u00f6r arenor och n\u00f6jesparker. Trivec har l\u00e5ng erfaren av kassasystem f\u00f6r restaurang, bar och hotell.\",\"breadcrumb\":{\"@id\":\"https:\/\/trivec.aws-staging.swace.se\/sv\/branscher-arenor-nojesparker\/#breadcrumb\"},\"inLanguage\":\"sv-SE\",\"potentialAction\":[{\"@type\":\"ReadAction\",\"target\":[\"https:\/\/trivec.aws-staging.swace.se\/sv\/branscher-arenor-nojesparker\/\"]}]},{\"@type\":\"BreadcrumbList\",\"@id\":\"https:\/\/trivec.aws-staging.swace.se\/sv\/branscher-arenor-nojesparker\/#breadcrumb\",\"itemListElement\":[{\"@type\":\"ListItem\",\"position\":1,\"name\":\"Home\",\"item\":\"https:\/\/www.trivec.aws-staging.swace.se\/sv\/\"},{\"@type\":\"ListItem\",\"position\":2,\"name\":\"Kassasystem arenor och n\u00f6jesparker\"}]},{\"@type\":\"WebSite\",\"@id\":\"https:\/\/trivec.aws-staging.swace.se\/sv\/#website\",\"url\":\"https:\/\/trivec.aws-staging.swace.se\/sv\/\",\"name\":\"Trivec\",\"description\":\"Kassasystem f\u00f6r restauranger, barer och hotell\",\"potentialAction\":[{\"@type\":\"SearchAction\",\"target\":{\"@type\":\"EntryPoint\",\"urlTemplate\":\"https:\/\/trivec.aws-staging.swace.se\/sv\/?s={search_term_string}\"},\"query-input\":{\"@type\":\"PropertyValueSpecification\",\"valueRequired\":true,\"valueName\":\"search_term_string\"}}],\"inLanguage\":\"sv-SE\"}]}<\/script>\n<!-- \/ Yoast SEO plugin. -->","yoast_head_json":{"title":"Kassasystem arenor och n\u00f6jesparker - Trivec","description":"Anv\u00e4ndarv\u00e4nliga och drifts\u00e4kra kassasystem f\u00f6r arenor och n\u00f6jesparker. Trivec har l\u00e5ng erfaren av kassasystem f\u00f6r restaurang, bar och hotell.","robots":{"index":"noindex","follow":"follow"},"og_locale":"sv_SE","og_type":"article","og_title":"Kassasystem arenor och n\u00f6jesparker - Trivec","og_description":"Anv\u00e4ndarv\u00e4nliga och drifts\u00e4kra kassasystem f\u00f6r arenor och n\u00f6jesparker. Trivec har l\u00e5ng erfaren av kassasystem f\u00f6r restaurang, bar och hotell.","og_url":"https:\/\/trivec.aws-staging.swace.se\/sv\/branscher-arenor-nojesparker\/","og_site_name":"Trivec","article_modified_time":"2023-04-07T07:02:08+00:00","twitter_card":"summary_large_image","schema":{"@context":"https:\/\/schema.org","@graph":[{"@type":"WebPage","@id":"https:\/\/trivec.aws-staging.swace.se\/sv\/branscher-arenor-nojesparker\/","url":"https:\/\/trivec.aws-staging.swace.se\/sv\/branscher-arenor-nojesparker\/","name":"Kassasystem arenor och n\u00f6jesparker - Trivec","isPartOf":{"@id":"https:\/\/trivec.aws-staging.swace.se\/sv\/#website"},"datePublished":"2020-12-18T08:29:06+00:00","dateModified":"2023-04-07T07:02:08+00:00","description":"Anv\u00e4ndarv\u00e4nliga och drifts\u00e4kra kassasystem f\u00f6r arenor och n\u00f6jesparker. Trivec har l\u00e5ng erfaren av kassasystem f\u00f6r restaurang, bar och hotell.","breadcrumb":{"@id":"https:\/\/trivec.aws-staging.swace.se\/sv\/branscher-arenor-nojesparker\/#breadcrumb"},"inLanguage":"sv-SE","potentialAction":[{"@type":"ReadAction","target":["https:\/\/trivec.aws-staging.swace.se\/sv\/branscher-arenor-nojesparker\/"]}]},{"@type":"BreadcrumbList","@id":"https:\/\/trivec.aws-staging.swace.se\/sv\/branscher-arenor-nojesparker\/#breadcrumb","itemListElement":[{"@type":"ListItem","position":1,"name":"Home","item":"https:\/\/www.trivec.aws-staging.swace.se\/sv\/"},{"@type":"ListItem","position":2,"name":"Kassasystem arenor och n\u00f6jesparker"}]},{"@type":"WebSite","@id":"https:\/\/trivec.aws-staging.swace.se\/sv\/#website","url":"https:\/\/trivec.aws-staging.swace.se\/sv\/","name":"Trivec","description":"Kassasystem f\u00f6r restauranger, barer och hotell","potentialAction":[{"@type":"SearchAction","target":{"@type":"EntryPoint","urlTemplate":"https:\/\/trivec.aws-staging.swace.se\/sv\/?s={search_term_string}"},"query-input":{"@type":"PropertyValueSpecification","valueRequired":true,"valueName":"search_term_string"}}],"inLanguage":"sv-SE"}]}},"_links":{"self":[{"href":"https:\/\/trivec.aws-staging.swace.se\/sv\/wp-json\/wp\/v2\/pages\/13263","targetHints":{"allow":["GET"]}}],"collection":[{"href":"https:\/\/trivec.aws-staging.swace.se\/sv\/wp-json\/wp\/v2\/pages"}],"about":[{"href":"https:\/\/trivec.aws-staging.swace.se\/sv\/wp-json\/wp\/v2\/types\/page"}],"author":[{"embeddable":true,"href":"https:\/\/trivec.aws-staging.swace.se\/sv\/wp-json\/wp\/v2\/users\/21"}],"replies":[{"embeddable":true,"href":"https:\/\/trivec.aws-staging.swace.se\/sv\/wp-json\/wp\/v2\/comments?post=13263"}],"version-history":[{"count":48,"href":"https:\/\/trivec.aws-staging.swace.se\/sv\/wp-json\/wp\/v2\/pages\/13263\/revisions"}],"predecessor-version":[{"id":33638,"href":"https:\/\/trivec.aws-staging.swace.se\/sv\/wp-json\/wp\/v2\/pages\/13263\/revisions\/33638"}],"wp:attachment":[{"href":"https:\/\/trivec.aws-staging.swace.se\/sv\/wp-json\/wp\/v2\/media?parent=13263"}],"curies":[{"name":"wp","href":"https:\/\/api.w.org\/{rel}","templated":true}]}}