{"id":11748,"date":"2020-10-12T13:16:26","date_gmt":"2020-10-12T11:16:26","guid":{"rendered":"https:\/\/trivec.aws-staging.swace.se\/?page_id=11748"},"modified":"2022-10-25T12:49:44","modified_gmt":"2022-10-25T10:49:44","slug":"pepes-bodega","status":"publish","type":"page","link":"https:\/\/trivec.aws-staging.swace.se\/sv\/kunder\/pepes-bodega\/","title":{"rendered":"Pepe&#8217;s Bodega"},"content":{"rendered":"<div class=\"wpb-content-wrapper\"><p>[vc_row][vc_column][vc_story heading_text=&#8221;Trivec Buddy \u00f6ppnade upp f\u00f6r nya m\u00f6jligheter p\u00e5 Pepe&#8217;s Bodega&#8221; preamble=&#8221;Pepe&#8217;s Bodega startade som ett h\u00e5l i v\u00e4ggen i B\u00e5stad f\u00f6r \u00f6ver 30 \u00e5rs sedan, och \u00e4r idag en popul\u00e4r och v\u00e4lk\u00e4nd anl\u00e4ggning med tv\u00e5 restauranger och en nattklubb, uppdelat p\u00e5 tre v\u00e5ningar. Med lokaler f\u00f6r \u00f6ver 1 000 personer finns h\u00e4r gott om plats f\u00f6r god mat, dryck och n\u00f6jen.&#8221;]<img loading=\"lazy\" decoding=\"async\" class=\"aligncenter wp-image-11731 size-large\" src=\"https:\/\/trivec.aws-staging.swace.se\/wp\/uploads\/2020\/10\/jesper-svensson-1024x927.jpg\" alt=\"\" width=\"1024\" height=\"927\" srcset=\"https:\/\/trivec.aws-staging.swace.se\/wp\/uploads\/2020\/10\/jesper-svensson-1024x927.jpg 1024w, https:\/\/trivec.aws-staging.swace.se\/wp\/uploads\/2020\/10\/jesper-svensson-300x272.jpg 300w, https:\/\/trivec.aws-staging.swace.se\/wp\/uploads\/2020\/10\/jesper-svensson-768x695.jpg 768w, https:\/\/trivec.aws-staging.swace.se\/wp\/uploads\/2020\/10\/jesper-svensson.jpg 1067w\" sizes=\"auto, (max-width: 1024px) 100vw, 1024px\" \/><\/p>\n<p>Jesper Svensson \u00e4r VD f\u00f6r Pepe&#8217;s Bodega sedan tv\u00e5 \u00e5r tillbaka. Tidigare har han jobbat som platschef och hoppat in och hj\u00e4lpt till med driften under somrarna. Pepes Bodega bedrivs \u00e5ret om, men \u00e4r st\u00f6rst under sommarperioden d\u00e5 de har \u00f6ver 150 anst\u00e4llda. Verksamheten har samarbetat med Trivec sedan m\u00e5nga, m\u00e5nga \u00e5r tillbaka och har bland annat anv\u00e4nt kassasystemet Trivec Domino sedan det lanserades. Nytt f\u00f6r i \u00e5r \u00e4r den mobila best\u00e4llningsl\u00f6sningen Trivec Buddy \u2013 n\u00e5got som varit n\u00f6dv\u00e4ndigt f\u00f6r att \u00f6verleva sommaren.<\/p>\n<p>P\u00e5 grund av Covid-19 har restaurangbranschen beh\u00f6vt t\u00e4nka om och anpassa sina verksamheter efter den nya situationen. N\u00e4r m\u00f6jligheten att testa den nya best\u00e4llningsl\u00f6sningen Trivec Buddy d\u00f6k upp tog Pepe&#8217;s Bodega chansen.<\/p>\n<blockquote><p>M\u00f6jligheterna var st\u00f6rre \u00e4n riskerna, s\u00e4ger Jesper. N\u00e4r vi fick m\u00f6jlighet att \u00f6ka v\u00e5r uteservering med n\u00e4stan 500 kvm, och samtidigt var tvungna att h\u00e5lla avst\u00e5nd, var Trivec Buddy en perfekt l\u00f6sning f\u00f6r att minska interaktionerna och smittspridningen, samt att underl\u00e4tta f\u00f6r personalen.<\/p><\/blockquote>\n<h3><strong><br \/>\n\u00d6kad s\u00e4kerhet med Trivec Buddy<\/strong><\/h3>\n<p><strong>\u00a0<\/strong>Tack vare Trivec Buddy kan serveringspersonalen fokusera mer p\u00e5 att guida g\u00e4sterna r\u00e4tt och se till att alla rekommendationer och s\u00e4kerhets\u00e5tg\u00e4rder kan f\u00f6ljas p\u00e5 b\u00e4sta m\u00f6jliga s\u00e4tt. Fokus har inte varit att dra ner p\u00e5 personalkostnaderna, utan att se till att g\u00e4sterna f\u00e5r en s\u00e5 bra upplevelse som m\u00f6jligt och att de k\u00e4nner sig trygga.<\/p>\n<blockquote><p>Vi var r\u00e4dda att vi skulle beh\u00f6va s\u00e4ga nej till g\u00e4ster, f\u00f6r det \u00e4r sv\u00e5rt att veta hur man ska planera med personal i och med den ovisshet som har varit. D\u00e4r har Trivec Buddy fungerat som ett bra komplement till den personal som funnits p\u00e5 plats och har gjort att vi ofta sluppit s\u00e4ga nej.<\/p><\/blockquote>\n<p>Trots en annorlunda och oviss sommar ser oms\u00e4ttningen bra ut f\u00f6r Pepe&#8217;s Bodega. Under soliga och bra dagar drar de in runt 50 000 \u2013 70 000 SEK via Trivec Buddy.<\/p>\n<blockquote><p>Jag \u00e4r imponerad \u00f6ver att Buddy har levererat och klarat av ett h\u00f6gt tryck. Supporten har dessutom varit ett fantastiskt st\u00f6d som tycker det \u00e4r kul att hj\u00e4lpa till. Jag skojade lite med v\u00e5r bar-chef och sa att jag tror vi kan oms\u00e4tta mer p\u00e5 Trivec Buddy \u00e4n vad du klarar av att leverera i baren. Det trodde han inte p\u00e5, men han blev \u00f6verbevisad, s\u00e4ger Jesper.<\/p><\/blockquote>\n<p>Pepe&#8217;s Bodegas g\u00e4ster kan nu k\u00e4nna en trygghet i att sitta f\u00f6r sig sj\u00e4lva p\u00e5 uteserveringen och sk\u00f6ta best\u00e4llningen och betalningen p\u00e5 egen hand, utan att beh\u00f6va oroa sig f\u00f6r smittspridningen p\u00e5 samma s\u00e4tt. De slipper tr\u00e4ngas i tr\u00e5nga utrymmen eller k\u00f6er som tidigare.<\/p>\n<h3><strong><br \/>\n<\/strong><strong>Ett gott mottagande f\u00f6r Trivec Buddy b\u00e5de bland unga och \u00e4ldre <\/strong><strong>\u00a0<\/strong><\/h3>\n<p>Jesper k\u00e4nde till en b\u00f6rjan en viss oro \u00f6ver hur mottagandet av Buddy skulle vara hos g\u00e4sterna \u2013 framf\u00f6rallt hos de \u00e4ldre. Det digitala kan ofta k\u00e4nnas l\u00e4skigt och kr\u00e5ngligt f\u00f6r vissa m\u00e5lgrupper. Trots detta har de n\u00e4stan bara f\u00e5tt positiv feedback och den digitala l\u00f6sningen \u00e4r uppskattad hos m\u00e5nga.<\/p>\n<blockquote><p>Sj\u00e4lvklart finns det alltid n\u00e5gra som f\u00f6redrar att inte anv\u00e4nda mobilen, eller som har en \u00e4ldre mobil som inte \u00e4r optimal att anv\u00e4nda. Men d\u00e5 f\u00e5r man g\u00e5 in lite mer \u201dhands on\u201d och hj\u00e4lpa till att guida g\u00e4sterna, s\u00e4ger Jesper.<\/p><\/blockquote>\n<p>Jespers tips till andra restauranger \u00e4r att se vad som funkar f\u00f6r liknande restauranger och framf\u00f6rallt \u2013 v\u00e5ga testa nya l\u00f6sningar.<\/p>\n<blockquote><p>Alla f\u00f6rst\u00e5r att det \u00e4r en tuff och speciell tid vilket g\u00f6r att g\u00e4sterna har f\u00f6rst\u00e5else och \u00e4r mer \u00f6ppna f\u00f6r nya l\u00f6sningar.<\/p><\/blockquote>\n<p><img loading=\"lazy\" decoding=\"async\" class=\"aligncenter wp-image-11740 size-large\" src=\"https:\/\/trivec.aws-staging.swace.se\/wp\/uploads\/2020\/10\/pepes-bodega-1024x683.jpg\" alt=\"\" width=\"1024\" height=\"683\" srcset=\"https:\/\/trivec.aws-staging.swace.se\/wp\/uploads\/2020\/10\/pepes-bodega-1024x683.jpg 1024w, https:\/\/trivec.aws-staging.swace.se\/wp\/uploads\/2020\/10\/pepes-bodega-300x200.jpg 300w, https:\/\/trivec.aws-staging.swace.se\/wp\/uploads\/2020\/10\/pepes-bodega-768x512.jpg 768w, https:\/\/trivec.aws-staging.swace.se\/wp\/uploads\/2020\/10\/pepes-bodega-1536x1024.jpg 1536w, https:\/\/trivec.aws-staging.swace.se\/wp\/uploads\/2020\/10\/pepes-bodega.jpg 1920w\" sizes=\"auto, (max-width: 1024px) 100vw, 1024px\" \/>[\/vc_story][\/vc_column][\/vc_row]<\/p>\n<\/div>","protected":false},"excerpt":{"rendered":"<p>[vc_row][vc_column][vc_story heading_text=&#8221;Trivec Buddy \u00f6ppnade upp f\u00f6r nya m\u00f6jligheter p\u00e5 Pepe&#8217;s Bodega&#8221; preamble=&#8221;Pepe&#8217;s Bodega startade som ett h\u00e5l i v\u00e4ggen i B\u00e5stad f\u00f6r \u00f6ver 30 \u00e5rs sedan, och \u00e4r idag en popul\u00e4r och v\u00e4lk\u00e4nd anl\u00e4ggning med tv\u00e5 restauranger och en nattklubb, uppdelat p\u00e5 tre v\u00e5ningar. Med lokaler f\u00f6r \u00f6ver 1 000 personer finns h\u00e4r gott om [&hellip;]<\/p>\n","protected":false},"author":18,"featured_media":11737,"parent":129,"menu_order":3,"comment_status":"closed","ping_status":"closed","template":"","meta":{"_acf_changed":false,"content-type":"","footnotes":""},"class_list":["post-11748","page","type-page","status-publish","has-post-thumbnail","hentry"],"acf":[],"yoast_head":"<!-- This site is optimized with the Yoast SEO plugin v27.2 - https:\/\/yoast.com\/product\/yoast-seo-wordpress\/ -->\n<title>Pepe&#039;s Bodega<\/title>\n<meta name=\"description\" content=\"Pepe&#039;s Bodega \u00e4r en popul\u00e4r och v\u00e4lk\u00e4nd anl\u00e4ggning med tv\u00e5 restauranger och en nattklubb. L\u00e4s om hur de har anv\u00e4nt sig av QR-koder.\" \/>\n<meta name=\"robots\" content=\"noindex, follow\" \/>\n<meta property=\"og:locale\" content=\"sv_SE\" \/>\n<meta property=\"og:type\" content=\"article\" \/>\n<meta property=\"og:title\" content=\"Pepe&#039;s Bodega\" \/>\n<meta property=\"og:description\" content=\"Pepe&#039;s Bodega \u00e4r en popul\u00e4r och v\u00e4lk\u00e4nd anl\u00e4ggning med tv\u00e5 restauranger och en nattklubb. L\u00e4s om hur de har anv\u00e4nt sig av QR-koder.\" \/>\n<meta property=\"og:url\" content=\"https:\/\/trivec.aws-staging.swace.se\/sv\/kunder\/pepes-bodega\/\" \/>\n<meta property=\"og:site_name\" content=\"Trivec\" \/>\n<meta property=\"article:modified_time\" content=\"2022-10-25T10:49:44+00:00\" \/>\n<meta property=\"og:image\" content=\"https:\/\/www.trivec.aws-staging.swace.se\/wp\/uploads\/2020\/10\/jesper-svensson.jpg\" \/>\n\t<meta property=\"og:image:width\" content=\"1067\" \/>\n\t<meta property=\"og:image:height\" content=\"966\" \/>\n\t<meta property=\"og:image:type\" content=\"image\/jpeg\" \/>\n<meta name=\"twitter:card\" content=\"summary_large_image\" \/>\n<meta name=\"twitter:label1\" content=\"Ber\u00e4knad l\u00e4stid\" \/>\n\t<meta name=\"twitter:data1\" content=\"4 minuter\" \/>\n<script type=\"application\/ld+json\" class=\"yoast-schema-graph\">{\"@context\":\"https:\/\/schema.org\",\"@graph\":[{\"@type\":\"WebPage\",\"@id\":\"https:\/\/trivec.aws-staging.swace.se\/sv\/kunder\/pepes-bodega\/\",\"url\":\"https:\/\/trivec.aws-staging.swace.se\/sv\/kunder\/pepes-bodega\/\",\"name\":\"Pepe's Bodega\",\"isPartOf\":{\"@id\":\"https:\/\/trivec.aws-staging.swace.se\/sv\/#website\"},\"primaryImageOfPage\":{\"@id\":\"https:\/\/trivec.aws-staging.swace.se\/sv\/kunder\/pepes-bodega\/#primaryimage\"},\"image\":{\"@id\":\"https:\/\/trivec.aws-staging.swace.se\/sv\/kunder\/pepes-bodega\/#primaryimage\"},\"thumbnailUrl\":\"https:\/\/trivec.aws-staging.swace.se\/wp\/uploads\/2020\/10\/jesper-svensson.jpg\",\"datePublished\":\"2020-10-12T11:16:26+00:00\",\"dateModified\":\"2022-10-25T10:49:44+00:00\",\"description\":\"Pepe's Bodega \u00e4r en popul\u00e4r och v\u00e4lk\u00e4nd anl\u00e4ggning med tv\u00e5 restauranger och en nattklubb. L\u00e4s om hur de har anv\u00e4nt sig av QR-koder.\",\"breadcrumb\":{\"@id\":\"https:\/\/trivec.aws-staging.swace.se\/sv\/kunder\/pepes-bodega\/#breadcrumb\"},\"inLanguage\":\"sv-SE\",\"potentialAction\":[{\"@type\":\"ReadAction\",\"target\":[\"https:\/\/trivec.aws-staging.swace.se\/sv\/kunder\/pepes-bodega\/\"]}]},{\"@type\":\"ImageObject\",\"inLanguage\":\"sv-SE\",\"@id\":\"https:\/\/trivec.aws-staging.swace.se\/sv\/kunder\/pepes-bodega\/#primaryimage\",\"url\":\"https:\/\/trivec.aws-staging.swace.se\/wp\/uploads\/2020\/10\/jesper-svensson.jpg\",\"contentUrl\":\"https:\/\/trivec.aws-staging.swace.se\/wp\/uploads\/2020\/10\/jesper-svensson.jpg\",\"width\":1067,\"height\":966,\"caption\":\"Jesper Svensson \u00e4r VD f\u00f6r Pepe\u2019s Bodega\"},{\"@type\":\"BreadcrumbList\",\"@id\":\"https:\/\/trivec.aws-staging.swace.se\/sv\/kunder\/pepes-bodega\/#breadcrumb\",\"itemListElement\":[{\"@type\":\"ListItem\",\"position\":1,\"name\":\"Home\",\"item\":\"https:\/\/www.trivec.aws-staging.swace.se\/sv\/\"},{\"@type\":\"ListItem\",\"position\":2,\"name\":\"Kunder\",\"item\":\"https:\/\/www.trivec.aws-staging.swace.se\/sv\/kunder\/\"},{\"@type\":\"ListItem\",\"position\":3,\"name\":\"Pepe&#8217;s Bodega\"}]},{\"@type\":\"WebSite\",\"@id\":\"https:\/\/trivec.aws-staging.swace.se\/sv\/#website\",\"url\":\"https:\/\/trivec.aws-staging.swace.se\/sv\/\",\"name\":\"Trivec\",\"description\":\"Kassasystem f\u00f6r restauranger, barer och hotell\",\"potentialAction\":[{\"@type\":\"SearchAction\",\"target\":{\"@type\":\"EntryPoint\",\"urlTemplate\":\"https:\/\/trivec.aws-staging.swace.se\/sv\/?s={search_term_string}\"},\"query-input\":{\"@type\":\"PropertyValueSpecification\",\"valueRequired\":true,\"valueName\":\"search_term_string\"}}],\"inLanguage\":\"sv-SE\"}]}<\/script>\n<!-- \/ Yoast SEO plugin. -->","yoast_head_json":{"title":"Pepe's Bodega","description":"Pepe's Bodega \u00e4r en popul\u00e4r och v\u00e4lk\u00e4nd anl\u00e4ggning med tv\u00e5 restauranger och en nattklubb. L\u00e4s om hur de har anv\u00e4nt sig av QR-koder.","robots":{"index":"noindex","follow":"follow"},"og_locale":"sv_SE","og_type":"article","og_title":"Pepe's Bodega","og_description":"Pepe's Bodega \u00e4r en popul\u00e4r och v\u00e4lk\u00e4nd anl\u00e4ggning med tv\u00e5 restauranger och en nattklubb. L\u00e4s om hur de har anv\u00e4nt sig av QR-koder.","og_url":"https:\/\/trivec.aws-staging.swace.se\/sv\/kunder\/pepes-bodega\/","og_site_name":"Trivec","article_modified_time":"2022-10-25T10:49:44+00:00","og_image":[{"width":1067,"height":966,"url":"https:\/\/www.trivec.aws-staging.swace.se\/wp\/uploads\/2020\/10\/jesper-svensson.jpg","type":"image\/jpeg"}],"twitter_card":"summary_large_image","twitter_misc":{"Ber\u00e4knad l\u00e4stid":"4 minuter"},"schema":{"@context":"https:\/\/schema.org","@graph":[{"@type":"WebPage","@id":"https:\/\/trivec.aws-staging.swace.se\/sv\/kunder\/pepes-bodega\/","url":"https:\/\/trivec.aws-staging.swace.se\/sv\/kunder\/pepes-bodega\/","name":"Pepe's Bodega","isPartOf":{"@id":"https:\/\/trivec.aws-staging.swace.se\/sv\/#website"},"primaryImageOfPage":{"@id":"https:\/\/trivec.aws-staging.swace.se\/sv\/kunder\/pepes-bodega\/#primaryimage"},"image":{"@id":"https:\/\/trivec.aws-staging.swace.se\/sv\/kunder\/pepes-bodega\/#primaryimage"},"thumbnailUrl":"https:\/\/trivec.aws-staging.swace.se\/wp\/uploads\/2020\/10\/jesper-svensson.jpg","datePublished":"2020-10-12T11:16:26+00:00","dateModified":"2022-10-25T10:49:44+00:00","description":"Pepe's Bodega \u00e4r en popul\u00e4r och v\u00e4lk\u00e4nd anl\u00e4ggning med tv\u00e5 restauranger och en nattklubb. L\u00e4s om hur de har anv\u00e4nt sig av QR-koder.","breadcrumb":{"@id":"https:\/\/trivec.aws-staging.swace.se\/sv\/kunder\/pepes-bodega\/#breadcrumb"},"inLanguage":"sv-SE","potentialAction":[{"@type":"ReadAction","target":["https:\/\/trivec.aws-staging.swace.se\/sv\/kunder\/pepes-bodega\/"]}]},{"@type":"ImageObject","inLanguage":"sv-SE","@id":"https:\/\/trivec.aws-staging.swace.se\/sv\/kunder\/pepes-bodega\/#primaryimage","url":"https:\/\/trivec.aws-staging.swace.se\/wp\/uploads\/2020\/10\/jesper-svensson.jpg","contentUrl":"https:\/\/trivec.aws-staging.swace.se\/wp\/uploads\/2020\/10\/jesper-svensson.jpg","width":1067,"height":966,"caption":"Jesper Svensson \u00e4r VD f\u00f6r Pepe\u2019s Bodega"},{"@type":"BreadcrumbList","@id":"https:\/\/trivec.aws-staging.swace.se\/sv\/kunder\/pepes-bodega\/#breadcrumb","itemListElement":[{"@type":"ListItem","position":1,"name":"Home","item":"https:\/\/www.trivec.aws-staging.swace.se\/sv\/"},{"@type":"ListItem","position":2,"name":"Kunder","item":"https:\/\/www.trivec.aws-staging.swace.se\/sv\/kunder\/"},{"@type":"ListItem","position":3,"name":"Pepe&#8217;s Bodega"}]},{"@type":"WebSite","@id":"https:\/\/trivec.aws-staging.swace.se\/sv\/#website","url":"https:\/\/trivec.aws-staging.swace.se\/sv\/","name":"Trivec","description":"Kassasystem f\u00f6r restauranger, barer och hotell","potentialAction":[{"@type":"SearchAction","target":{"@type":"EntryPoint","urlTemplate":"https:\/\/trivec.aws-staging.swace.se\/sv\/?s={search_term_string}"},"query-input":{"@type":"PropertyValueSpecification","valueRequired":true,"valueName":"search_term_string"}}],"inLanguage":"sv-SE"}]}},"_links":{"self":[{"href":"https:\/\/trivec.aws-staging.swace.se\/sv\/wp-json\/wp\/v2\/pages\/11748","targetHints":{"allow":["GET"]}}],"collection":[{"href":"https:\/\/trivec.aws-staging.swace.se\/sv\/wp-json\/wp\/v2\/pages"}],"about":[{"href":"https:\/\/trivec.aws-staging.swace.se\/sv\/wp-json\/wp\/v2\/types\/page"}],"author":[{"embeddable":true,"href":"https:\/\/trivec.aws-staging.swace.se\/sv\/wp-json\/wp\/v2\/users\/18"}],"replies":[{"embeddable":true,"href":"https:\/\/trivec.aws-staging.swace.se\/sv\/wp-json\/wp\/v2\/comments?post=11748"}],"version-history":[{"count":3,"href":"https:\/\/trivec.aws-staging.swace.se\/sv\/wp-json\/wp\/v2\/pages\/11748\/revisions"}],"predecessor-version":[{"id":12120,"href":"https:\/\/trivec.aws-staging.swace.se\/sv\/wp-json\/wp\/v2\/pages\/11748\/revisions\/12120"}],"up":[{"embeddable":true,"href":"https:\/\/trivec.aws-staging.swace.se\/sv\/wp-json\/wp\/v2\/pages\/129"}],"wp:featuredmedia":[{"embeddable":true,"href":"https:\/\/trivec.aws-staging.swace.se\/sv\/wp-json\/wp\/v2\/media\/11737"}],"wp:attachment":[{"href":"https:\/\/trivec.aws-staging.swace.se\/sv\/wp-json\/wp\/v2\/media?parent=11748"}],"curies":[{"name":"wp","href":"https:\/\/api.w.org\/{rel}","templated":true}]}}