{"id":21834,"date":"2021-11-11T11:22:58","date_gmt":"2021-11-11T10:22:58","guid":{"rendered":"https:\/\/trivec.aws-staging.swace.se\/?page_id=21834"},"modified":"2022-04-04T12:20:34","modified_gmt":"2022-04-04T10:20:34","slug":"trender-restaurant","status":"publish","type":"page","link":"https:\/\/trivec.aws-staging.swace.se\/no\/mediebibliotek\/trender-restaurant\/","title":{"rendered":"Fem restauranttrender som vil definere 2022!"},"content":{"rendered":"<div class=\"wpb-content-wrapper\"><p>[vc_row][vc_column][vc_pillarpage headline_xl_1=&raquo;Fem restauranttrender som vil definere 2022!&raquo; text_xl=&raquo;\u00c5rets rapport fokuserer p\u00e5 fem restauranttrender i restaurantbransjen, fra helse, velv\u00e6re og mattrender til endringer knyttet til kundeopplevelser. Ingen trendrapport ville v\u00e6rt komplett uten \u00e5 ta for seg hvordan pandemien har p\u00e5virket bransjen. Vi ser ogs\u00e5 p\u00e5 hvordan teknologi bidrar til \u00e5 diversifisere inntektsstr\u00f8mmene, og andre teknologirelaterte temaer.<\/p>\n<p>Det har v\u00e6rt noen utfordrende \u00e5r for restaurantbransjen, men 2022 signaliserer nye muligheter. I takt med at Covid-19-pandemien n\u00e5 begynner \u00e5 vise tegn til endring, er verden sulten p\u00e5 unike opplevelser og matretter. Helse, velv\u00e6re og hvordan vi tar vare p\u00e5 kroppen v\u00e5r er fortsatt ting vi verdsetter h\u00f8yt \u2013 fersk, sunn, sesongbasert og b\u00e6rekraftig mat er n\u00f8kkelforutsetninger for restauranter som \u00f8nsker fremgang. Samtidig har vi n\u00e5 v\u00e6rt innend\u00f8rs s\u00e5 lenge at vi ogs\u00e5 lengter etter opplevelsene vi f\u00e5r av \u00e5 spise ute. Oppslukende matopplevelser og temarestauranter blir n\u00f8kkeltrender i \u00e5r.<\/p>\n<p>&raquo; chapter_1=&raquo;Restauranttrend 1&#8243; headline_l_1=&raquo;Helsebevisst mat vil dominere menyene&raquo; text_l_1=&raquo;Et \u00f8kende trend blant forbrukerne er et st\u00f8rre fokus p\u00e5 et friskt sinn og en sunn kropp og livsstil. Dette f\u00f8rer til \u00f8kt bevissthet rundt matvalg, noe som ogs\u00e5 gjenspeiles i dagens restaurantmenyer. &raquo; chapter_2=&raquo;Restauranttrend 2&#8243; headline_l_2=&raquo;Teknologi \u2013 digitale tilbud \u00f8ker&raquo; text_l_2=&raquo;Teknologi gir l\u00f8sninger p\u00e5 en rekke av restauranteieres utfordringer i \u00e5r \u2013 alt fra problemer med forsyningskjeder til det \u00e5 takle kundetrender og krav. &raquo; chapter_3=&raquo;Restauranttrend 3&#8243; headline_l_3=&raquo;Matopplevelser&raquo; text_l_3=&raquo;Mangfold, kvalitet og erfaring st\u00e5r h\u00f8yt p\u00e5 listen over kravene til restaurantgjester i 2022.&raquo; chapter_4=&raquo;Restauranttrend 4&#8243; headline_l_4=&raquo;\u00c5 drive en restaurant i 2022&#8243; text_l_4=&raquo;Vi er tilbake til (relativt) normale forhold \u2013 i hvert ut ifra den nye normalen \u2013 noe som betyr at vi legger stor vekt p\u00e5 \u00e5 ha en trygg, automatisert og godt utstyrt restaurant. &raquo; chapter_5=&raquo;Restauranttrend 5&#8243; headline_l_5=&raquo;\u00c5 finansiere en restaurant i 2022&#8243; text_l_5=&raquo;Det tradisjonelle restaurantkonseptet vil v\u00e6re n\u00f8dt til \u00e5 fortsette \u00e5 tilpasse seg gjennom 2022 i takt med at leiekostnader og det \u00f8konomiske presset \u00f8ker, og restauranteiere vil oppleve svingninger gjennom \u00e5ret. &raquo; whitepaper_text=&raquo;Last ned din kopi av Trendrapporten&raquo; download_button=&raquo;Last ned PDF&raquo; whitepaper_image_attachment=&raquo;25908&#8243; link_button=&raquo;url:https%3A%2F%2Flp.trivec.aws-staging.swace.se%2Fno-download-trendrapport|target:_blank&raquo;][vc_pillarpage_textblock headline_text=&raquo;Helsebevisst mat vil dominere menyene&raquo;]Et \u00f8kende trend blant forbrukerne er et st\u00f8rre fokus p\u00e5 et friskt sinn og en sunn kropp og livsstil. Dette f\u00f8rer til \u00f8kt bevissthet rundt matvalg, noe som ogs\u00e5 gjenspeiles i dagens restaurantmenyer. Vi ser et merkbart skifte i retning av rene og ferske r\u00e5varer i planteform. Og selv om kj\u00f8tt fortsatt er en stor del av forbrukerens kosthold, er m\u00e5ten dyrene har blitt oppdrettet og\/eller fanget p\u00e5 n\u00e5 b\u00e5de relevant og n\u00f8dvendig for at restaurantgjestene skal forst\u00e5 hvordan maten har n\u00e5dd tallerkenen deres.<\/p>\n<h3>Vi er mer bevisste p\u00e5 hva slags mat vi spiser<\/h3>\n<p>Pandemien gjorde oss alle oppmerksomme p\u00e5 viktigheten av helse og velv\u00e6re, og vi er mer bevisste enn noen gang f\u00f8r n\u00e5r det gjelder maten vi spiser og hvor den kommer fra. I 2022 sp\u00e5r vi at trenden med \u00f8kt fokus p\u00e5 sunn mat vil fortsette. Tradisjonelle restauranter, hurtigmatkjeder og til og med leveringsbaserte mattjenester tilbyr sunne menyelementer som en standard, og dette vil fortsette \u00e5 \u00f8ke i \u00e5r. Dette gjelder blant annet for selv de mest kjente hurtigmatkjedene \u2013 for eksempel McDonald&#8217;s, som har annonsert fem nye, ambisi\u00f8se Global Happy Meal-m\u00e5l som skal n\u00e5s innen utgangen av 2022. Dette inneb\u00e6rer \u00e5 tilby mer balanserte m\u00e5ltider, forenklede ingredienser, v\u00e6re mer transparent med ern\u00e6ringsinformasjon og drive med ansvarlig markedsf\u00f8ring.<\/p>\n<h3>Gjestene ser etter lokale r\u00e5varer<\/h3>\n<p>I 2022 vil restaurantgjestene i \u00f8kende grad se etter restauranter som serverer lokalt produserte varer. Trenden med \u00e5 kj\u00f8pe produkter fra lokale produsenter er fortsatt gjeldende. Ettersom problemene med forsyningskjeder fortsetter \u00e5 p\u00e5virke verden, er det ogs\u00e5 forretningsmessig smart \u00e5 kj\u00f8pe lokalt. Det reduserer de store fraktkostnadene forbundet med internasjonale varer og sikrer at produktene er ferske og av h\u00f8y kvalitet, siden de ikke har blitt fryst ned for \u00e5 forlenge holdbarheten. Dessuten st\u00f8tter denne trenden ogs\u00e5 det lokale \u00f8kosystemet og hjelper restauranter med \u00e5 redusere sine karbonutslipp.[\/vc_pillarpage_textblock][vc_pillarpage_textblock headline_text=&raquo;Teknologi \u2013 digitale tilbud \u00f8ker&raquo;]Teknologi gir l\u00f8sninger p\u00e5 en rekke av restauranteieres utfordringer i \u00e5r \u2013 alt fra problemer med forsyningskjeder til det \u00e5 takle kundetrender og krav. Uansett om en restaurant er ute etter \u00e5 gi en mer engasjerende eller interaktiv opplevelse, eller om de \u00f8nsker \u00e5 str\u00f8mlinjeforme prosessene i restauranten, b\u00f8r (og vil) teknologi v\u00e6re en voksende del av den suksessrike restauranteierens verkt\u00f8ykasse.<\/p>\n<h3>Trenden med \u00f8kt bruk av mobile menyer og digital betaling vil fortsette i 2022<\/h3>\n<p>Det har blitt stadig mer vanlig \u00e5 v\u00e6re tilgjengelig p\u00e5 tredjeparts leveringsapper, men det nytenkende konseptet med \u00e5 ta bestillinger p\u00e5 restaurantenes egne nettsteder vil fortsette \u00e5 utvikle seg i 2022. For virksomheter som hovedsakelig tar utgangspunkt i innend\u00f8rs servering vil det digitale tilbudet fortsatt v\u00e6re viktig i \u00e5r. Digitale menyer med mulighet for bordbestilling vil v\u00e6re h\u00f8yt prioritert blant restaurantgjestene. Det digitale tilbudet er n\u00e5 en stor del av restaurantenes hverdag, og det b\u00f8r tas hensyn til b\u00e5de i dagens og i fremtidige beslutningsprosesser for restaurantene.<\/p>\n<h3>90 prosent av gjestene unders\u00f8ker restauranter p\u00e5 nettet<\/h3>\n<p>Nettbaserte anmeldelsessider og sosiale medier blir mer brukt enn noen gang i restaurantbransjen, og det kommer ikke til \u00e5 endre seg, verken i \u00e5r eller i kommende \u00e5r. If\u00f8lge OpenTable, et reservasjonsselskap for restauranter, unders\u00f8ker <a href=\"https:\/\/press.opentable.com\/news-releases\/news-release-details\/opentable-research-reveals-what-diners-actually-want-technology\" target=\"_blank\" rel=\"noopener\">90 prosent av gjestene restauranten p\u00e5 nettet<\/a> (mer enn andre typer virksomheter) f\u00f8r de bestemmer seg for hvor de skal spise.<\/p>\n<p>I dag g\u00e5r folk nesten aldri hjemmefra uten telefonen eller en annen mobil enhet, noe som har resultert i \u00f8kt bruk av mobile interaksjoner i restaurantene. \u00d8nsket om at kundene skal kunne styre sin egen reise og foreta betalinger, vil f\u00f8re til at trenden rundt mobile menyer og digitale betalinger fortsette \u00e5 \u00f8ke i 2022.[\/vc_pillarpage_textblock][vc_pillarpage_textblock headline_text=&raquo;Matopplevelser&raquo;]Forandringene som skjer i vertskap- og restaurantbransjen inneb\u00e6rer at den samme kunden \u00e9n dag kan velge en eksklusiv matopplevelse som byr p\u00e5 flotte menyer og lokaler, for s\u00e5 \u00e5 velge en uformell eller rask matopplevelse allerede dagen etter.<\/p>\n<h3>Mangfold, kvalitet og erfaring st\u00e5r h\u00f8yt p\u00e5 listen over kravene til restaurantgjester i 2022.<\/h3>\n<p>Det har blitt mer viktig at restauranter skal v\u00e6re et sted hvor man b\u00e5de kan m\u00f8te folk, oppleve ting og nyte god mat. Dette t\u00f8yer grensene for sektoren og skaper mangfoldige matopplevelser. Restauranteiere som l\u00f8fter blikket utover bare kj\u00f8kkenet, og ser hva kunden og samfunnet virkelig \u00f8nsker og trenger av dem, vil blomstre i 2022. Det kan v\u00e6re en opplevelse helt utenom det vanlige, men ogs\u00e5 noe som er mer kjent for gjestene.<\/p>\n<h3>Restaurantene blir en scene i 2022<\/h3>\n<p>I 2022 er det mye som tilsier at restaurantene ogs\u00e5 vil bli en scene, ettersom restauranter som kan tilby mer en bare god mat og service vil f\u00e5 den st\u00f8rste utviklingen. \u00c5 la gjestene oppleve noe nytt og \u00e5 bringe liv til restauranten gjennom visuelle effekter, eller i noen tilfeller gjennom restaurantpersonalet selv, er noen av trendene vi forventer \u00e5 se mer av i \u00e5r. Ogs\u00e5 restaurantens oppbygging, design og struktur, kombinert med lyd og sensorisk teknologi, vil kunne bidra til dette.<\/p>\n<p>Restaurantgjestene s\u00f8ker opplevelser som de vil huske, og det vil de f\u00e5 i et milj\u00f8 som skaper stemning gjennom projeksjoner, animasjoner, kostymer, dans, sang, skuespill, historiefortelling, scenografi og interaktive forestillinger.[\/vc_pillarpage_textblock][vc_pillarpage_textblock headline_text=&raquo;\u00c5 drive en restaurant i 2022&#8243;]Vi er tilbake til (relativt) normale forhold \u2013 i hvert ut ifra den nye normalen \u2013 noe som betyr at vi legger stor vekt p\u00e5 \u00e5 ha en trygg, automatisert og godt utstyrt restaurant. Restaurantgjestene er sultne p\u00e5 opplevelser som f\u00f8les som fordums problemfrie dager, men i et milj\u00f8 som er rustet for bemanningsproblemer, smittevern og smidige prosesser, og som kan gi kunden kontrollen tilbake \u2013 gjerne via teknologi.<\/p>\n<h3>I 2022 vil teknologien hjelpe restauranter med \u00e5 yte bedre service<\/h3>\n<p>Pandemien vil, uansett hvilken retning den tar i fremtiden, fortsatt p\u00e5virke hvilke hensyn restaurantbransjen m\u00e5 ta i hverdagen \u2013 for eksempel med tanke p\u00e5 bemanning, fokus p\u00e5 trygge milj\u00f8er, den nye normalen og atferdsendringen til folk flest. Restauranter har integrert et stort grunnlag med effektive, automatiserte l\u00f8sninger i restaurantene sine. Det \u00e5 kunne reservere bord, se menyer, bestille mat og deretter betale p\u00e5 en selvbetjent m\u00e5te, uten \u00e5 v\u00e6re avhengig av et stort personale, har v\u00e6rt avgj\u00f8rende for at restauranter har klart \u00e5 holde \u00e5pent og fungere effektivt. Denne trenden vil fortsette \u00e5 utvikle seg i 2022. Den kan sikre en god kundeopplevelse, samtidig som man ogs\u00e5 sikrer at mangel p\u00e5 ansatte ikke f\u00f8rer til forsinkelser eller et fall i serviceniv\u00e5et.<\/p>\n<h3>Endringer i restaurantvanene<\/h3>\n<p>H\u00f8yere matvarepriser og problemer i den globale forsyningskjeden har f\u00f8rt til at lokale produkter st\u00e5r h\u00f8yt p\u00e5 agendaen i \u00e5r. Som vi har nevnt tidligere, har mange restauranter opplevd \u00f8kte inntekter gjennom takeaway og matlevering, men i 2022 forventer vi \u00e5 se at kundene ogs\u00e5 kommer fysisk tilbake til restaurantene \u2013 med en viss fornyet forsiktighet. Sunne alternativer vil bli viktig for folk flest \u2013 i noen tilfeller for \u00e5 motvirke de mindre sunne valgene som ble gjort under periodene med nedstengninger. Gjestene \u00f8nsker \u00e5 f\u00e5 \u00abrestaurantopplevelsen\u00bb, men \u00f8nsker samtidig sikkerheten til et kontaktl\u00f8st, sunt og smidig tilbud.[\/vc_pillarpage_textblock][vc_pillarpage_textblock headline_text=&raquo;\u00c5 finansiere en restaurant i 2022&#8243;]2022 blir et definerende \u00e5r for restaurantbransjen, ettersom restauranteiere tar fatt p\u00e5 de nye normalene. For de heldige vil ting g\u00e5 tilbake til normalen n\u00e5r kundestr\u00f8mmen n\u00e6rmer seg det niv\u00e5et den var p\u00e5 f\u00f8r pandemien. Men for mange vil det bli et \u00e5r med fleksibilitet og mangfold, samtidig som verden finner veien tilbake til normalen etter pandemien. De som er i stand til \u00e5 tilpasse tilbudene sine etter dette, vil klare seg best i \u00e5r.<\/p>\n<h3>Muligheter for investorer<\/h3>\n<p>Det tradisjonelle restaurantkonseptet vil v\u00e6re n\u00f8dt til \u00e5 fortsette \u00e5 tilpasse seg gjennom 2022 i takt med at leiekostnader og det \u00f8konomiske presset \u00f8ker, og restauranteiere vil oppleve svingninger gjennom \u00e5ret. Pop-up-restauranter, food trucks og sp\u00f8kelseskj\u00f8kken vil fortsette \u00e5 \u00f8ke i popularitet i \u00e5r ettersom bransjen blir stadig mer mangfoldig.<\/p>\n<p>I \u00e5r vil bransjen kjempe for \u00e5 komme seg p\u00e5 beina igjen, og vi forventer at det kommer til \u00e5 bli mer som et maraton enn en sprint. N\u00e5r bankene l\u00e5ner ut mindre penger og ikke st\u00f8tter nye virksomheter, vil det bli vanskeligere \u00e5 finansiere \u00e5pningen av nye restauranter i \u00e5r. Mange st\u00f8rre kjeder vil konsentrere seg om \u00e5 gj\u00f8re det beste ut av det de allerede har i stedet for \u00e5 ekspandere. \u00d8kende matpriser, leiekostnader og \u00f8konomisk press er noen av de ekstra utfordringene som restaurantene st\u00e5r overfor i \u00e5r. Vi h\u00e5per at ting bedrer seg raskt!<\/p>\n<p>Det \u00f8kende antallet tomme lokaler vil \u00e5pne nye d\u00f8rer for mulighetss\u00f8kende investorer i \u00e5r, enten det er for restauranter eller lignende virksomheter. Mathaller og sp\u00f8kelseskj\u00f8kken har blitt popul\u00e6re gjennom pandemien, og vi forventer \u00e5 se at disse fortsetter \u00e5 fylle tomme n\u00e6ringseiendommer i 2022.<\/p>\n<p><a href=\"https:\/\/lp.trivec.aws-staging.swace.se\/no-download-trendrapport\" target=\"_blank\" rel=\"noopener\"><strong>Last ned en gratis kopi av rapporten her!<\/strong><\/a>[\/vc_pillarpage_textblock][\/vc_column][\/vc_row]<\/p>\n<\/div>","protected":false},"excerpt":{"rendered":"<p>[vc_row][vc_column][vc_pillarpage headline_xl_1=&raquo;Fem restauranttrender som vil definere 2022!&raquo; text_xl=&raquo;\u00c5rets rapport fokuserer p\u00e5 fem restauranttrender i restaurantbransjen, fra helse, velv\u00e6re og mattrender til endringer knyttet til kundeopplevelser. Ingen trendrapport ville v\u00e6rt komplett uten \u00e5 ta for seg hvordan pandemien har p\u00e5virket bransjen. Vi ser ogs\u00e5 p\u00e5 hvordan teknologi bidrar til \u00e5 diversifisere inntektsstr\u00f8mmene, og andre teknologirelaterte temaer. [&hellip;]<\/p>\n","protected":false},"author":2,"featured_media":0,"parent":11160,"menu_order":0,"comment_status":"closed","ping_status":"closed","template":"","meta":{"_acf_changed":false,"content-type":"","footnotes":""},"class_list":["post-21834","page","type-page","status-publish","hentry"],"acf":[],"yoast_head":"<!-- This site is optimized with the Yoast SEO plugin v27.2 - https:\/\/yoast.com\/product\/yoast-seo-wordpress\/ -->\n<title>Fem restauranttrender som vil definere 2022! - Trivec<\/title>\n<meta name=\"description\" content=\"Fem restauranttrender i restaurantbransjen, fra helse, velv\u00e6re og mattrender til endringer knyttet til kundeopplevelser.\" \/>\n<meta name=\"robots\" content=\"noindex, follow\" \/>\n<meta property=\"og:locale\" content=\"nb_NO\" \/>\n<meta property=\"og:type\" content=\"article\" \/>\n<meta property=\"og:title\" content=\"Fem restauranttrender som vil definere 2022! - Trivec\" \/>\n<meta property=\"og:description\" content=\"Fem restauranttrender i restaurantbransjen, fra helse, velv\u00e6re og mattrender til endringer knyttet til kundeopplevelser.\" \/>\n<meta property=\"og:url\" content=\"https:\/\/trivec.aws-staging.swace.se\/no\/mediebibliotek\/trender-restaurant\/\" \/>\n<meta property=\"og:site_name\" content=\"Trivec\" \/>\n<meta property=\"article:modified_time\" content=\"2022-04-04T10:20:34+00:00\" \/>\n<meta name=\"twitter:card\" content=\"summary_large_image\" \/>\n<meta name=\"twitter:label1\" content=\"Ansl. lesetid\" \/>\n\t<meta name=\"twitter:data1\" content=\"8 minutter\" \/>\n<script type=\"application\/ld+json\" class=\"yoast-schema-graph\">{\"@context\":\"https:\/\/schema.org\",\"@graph\":[{\"@type\":\"WebPage\",\"@id\":\"https:\/\/trivec.aws-staging.swace.se\/no\/mediebibliotek\/trender-restaurant\/\",\"url\":\"https:\/\/trivec.aws-staging.swace.se\/no\/mediebibliotek\/trender-restaurant\/\",\"name\":\"Fem restauranttrender som vil definere 2022! - Trivec\",\"isPartOf\":{\"@id\":\"https:\/\/trivec.aws-staging.swace.se\/no\/#website\"},\"datePublished\":\"2021-11-11T10:22:58+00:00\",\"dateModified\":\"2022-04-04T10:20:34+00:00\",\"description\":\"Fem restauranttrender i restaurantbransjen, fra helse, velv\u00e6re og mattrender til endringer knyttet til kundeopplevelser.\",\"breadcrumb\":{\"@id\":\"https:\/\/trivec.aws-staging.swace.se\/no\/mediebibliotek\/trender-restaurant\/#breadcrumb\"},\"inLanguage\":\"nb-NO\",\"potentialAction\":[{\"@type\":\"ReadAction\",\"target\":[\"https:\/\/trivec.aws-staging.swace.se\/no\/mediebibliotek\/trender-restaurant\/\"]}]},{\"@type\":\"BreadcrumbList\",\"@id\":\"https:\/\/trivec.aws-staging.swace.se\/no\/mediebibliotek\/trender-restaurant\/#breadcrumb\",\"itemListElement\":[{\"@type\":\"ListItem\",\"position\":1,\"name\":\"Home\",\"item\":\"https:\/\/trivec.aws-staging.swace.se\/no\/\"},{\"@type\":\"ListItem\",\"position\":2,\"name\":\"Mediebibliotek\",\"item\":\"https:\/\/trivec.aws-staging.swace.se\/no\/mediebibliotek\/\"},{\"@type\":\"ListItem\",\"position\":3,\"name\":\"Fem restauranttrender som vil definere 2022!\"}]},{\"@type\":\"WebSite\",\"@id\":\"https:\/\/trivec.aws-staging.swace.se\/no\/#website\",\"url\":\"https:\/\/trivec.aws-staging.swace.se\/no\/\",\"name\":\"Trivec\",\"description\":\"Markedsledende kassasystemer til restauranter, barer og hotell\",\"potentialAction\":[{\"@type\":\"SearchAction\",\"target\":{\"@type\":\"EntryPoint\",\"urlTemplate\":\"https:\/\/trivec.aws-staging.swace.se\/no\/?s={search_term_string}\"},\"query-input\":{\"@type\":\"PropertyValueSpecification\",\"valueRequired\":true,\"valueName\":\"search_term_string\"}}],\"inLanguage\":\"nb-NO\"}]}<\/script>\n<!-- \/ Yoast SEO plugin. -->","yoast_head_json":{"title":"Fem restauranttrender som vil definere 2022! - Trivec","description":"Fem restauranttrender i restaurantbransjen, fra helse, velv\u00e6re og mattrender til endringer knyttet til kundeopplevelser.","robots":{"index":"noindex","follow":"follow"},"og_locale":"nb_NO","og_type":"article","og_title":"Fem restauranttrender som vil definere 2022! - Trivec","og_description":"Fem restauranttrender i restaurantbransjen, fra helse, velv\u00e6re og mattrender til endringer knyttet til kundeopplevelser.","og_url":"https:\/\/trivec.aws-staging.swace.se\/no\/mediebibliotek\/trender-restaurant\/","og_site_name":"Trivec","article_modified_time":"2022-04-04T10:20:34+00:00","twitter_card":"summary_large_image","twitter_misc":{"Ansl. lesetid":"8 minutter"},"schema":{"@context":"https:\/\/schema.org","@graph":[{"@type":"WebPage","@id":"https:\/\/trivec.aws-staging.swace.se\/no\/mediebibliotek\/trender-restaurant\/","url":"https:\/\/trivec.aws-staging.swace.se\/no\/mediebibliotek\/trender-restaurant\/","name":"Fem restauranttrender som vil definere 2022! - Trivec","isPartOf":{"@id":"https:\/\/trivec.aws-staging.swace.se\/no\/#website"},"datePublished":"2021-11-11T10:22:58+00:00","dateModified":"2022-04-04T10:20:34+00:00","description":"Fem restauranttrender i restaurantbransjen, fra helse, velv\u00e6re og mattrender til endringer knyttet til kundeopplevelser.","breadcrumb":{"@id":"https:\/\/trivec.aws-staging.swace.se\/no\/mediebibliotek\/trender-restaurant\/#breadcrumb"},"inLanguage":"nb-NO","potentialAction":[{"@type":"ReadAction","target":["https:\/\/trivec.aws-staging.swace.se\/no\/mediebibliotek\/trender-restaurant\/"]}]},{"@type":"BreadcrumbList","@id":"https:\/\/trivec.aws-staging.swace.se\/no\/mediebibliotek\/trender-restaurant\/#breadcrumb","itemListElement":[{"@type":"ListItem","position":1,"name":"Home","item":"https:\/\/trivec.aws-staging.swace.se\/no\/"},{"@type":"ListItem","position":2,"name":"Mediebibliotek","item":"https:\/\/trivec.aws-staging.swace.se\/no\/mediebibliotek\/"},{"@type":"ListItem","position":3,"name":"Fem restauranttrender som vil definere 2022!"}]},{"@type":"WebSite","@id":"https:\/\/trivec.aws-staging.swace.se\/no\/#website","url":"https:\/\/trivec.aws-staging.swace.se\/no\/","name":"Trivec","description":"Markedsledende kassasystemer til restauranter, barer og hotell","potentialAction":[{"@type":"SearchAction","target":{"@type":"EntryPoint","urlTemplate":"https:\/\/trivec.aws-staging.swace.se\/no\/?s={search_term_string}"},"query-input":{"@type":"PropertyValueSpecification","valueRequired":true,"valueName":"search_term_string"}}],"inLanguage":"nb-NO"}]}},"_links":{"self":[{"href":"https:\/\/trivec.aws-staging.swace.se\/no\/wp-json\/wp\/v2\/pages\/21834","targetHints":{"allow":["GET"]}}],"collection":[{"href":"https:\/\/trivec.aws-staging.swace.se\/no\/wp-json\/wp\/v2\/pages"}],"about":[{"href":"https:\/\/trivec.aws-staging.swace.se\/no\/wp-json\/wp\/v2\/types\/page"}],"author":[{"embeddable":true,"href":"https:\/\/trivec.aws-staging.swace.se\/no\/wp-json\/wp\/v2\/users\/2"}],"replies":[{"embeddable":true,"href":"https:\/\/trivec.aws-staging.swace.se\/no\/wp-json\/wp\/v2\/comments?post=21834"}],"version-history":[{"count":8,"href":"https:\/\/trivec.aws-staging.swace.se\/no\/wp-json\/wp\/v2\/pages\/21834\/revisions"}],"predecessor-version":[{"id":25921,"href":"https:\/\/trivec.aws-staging.swace.se\/no\/wp-json\/wp\/v2\/pages\/21834\/revisions\/25921"}],"up":[{"embeddable":true,"href":"https:\/\/trivec.aws-staging.swace.se\/no\/wp-json\/wp\/v2\/pages\/11160"}],"wp:attachment":[{"href":"https:\/\/trivec.aws-staging.swace.se\/no\/wp-json\/wp\/v2\/media?parent=21834"}],"curies":[{"name":"wp","href":"https:\/\/api.w.org\/{rel}","templated":true}]}}