{"id":1985,"date":"2018-12-05T14:37:53","date_gmt":"2018-12-05T14:37:53","guid":{"rendered":"https:\/\/www.trivec.se\/kunder\/scandinavian-resorts\/"},"modified":"2020-10-30T09:03:15","modified_gmt":"2020-10-30T08:03:15","slug":"scandinavian-resorts","status":"publish","type":"page","link":"https:\/\/trivec.aws-staging.swace.se\/no\/kunder\/scandinavian-resorts\/","title":{"rendered":"Scandinavian Resorts"},"content":{"rendered":"<div class=\"wpb-content-wrapper\"><p>[vc_row][vc_column][vc_story heading_text=&raquo;H\u00f8y tilgjengelighet og lokal tilstedev\u00e6relse var viktige faktorer for H\u00f6gfj\u00e4llshotellet&raquo; preamble=&raquo;13 restauranter og barer, i tillegg til de mange fasilitetene p\u00e5 anlegget, gj\u00f8r S\u00e4lens H\u00f6gfj\u00e4llshotell til en moderne klassiker i de svenske fjellene. &laquo;H\u00f6gis&laquo;-restaurantene \u00f8nsker \u00e5 tilby gjestene en rask service og fakturering. Dette krever en effektiv betalingsl\u00f8sning fra en leverand\u00f8r som alltid er tilgjengelig. Trivec tok utfordringen p\u00e5 strak arm.&raquo;]<img loading=\"lazy\" decoding=\"async\" class=\"alignnone size-full wp-image-700\" src=\"https:\/\/www.trivec.se\/app\/uploads\/2018\/12\/Fintpa\u030aGammelga\u030ardeniSa\u0308len.jpg\" alt=\"H\u00f6gfj\u00e4llshotellet i S\u00e4len\" width=\"1000\" height=\"538\" srcset=\"https:\/\/trivec.aws-staging.swace.se\/wp\/uploads\/2018\/12\/Fintpa\u030aGammelga\u030ardeniSa\u0308len.jpg 1000w, https:\/\/trivec.aws-staging.swace.se\/wp\/uploads\/2018\/12\/Fintpa\u030aGammelga\u030ardeniSa\u0308len-300x161.jpg 300w, https:\/\/trivec.aws-staging.swace.se\/wp\/uploads\/2018\/12\/Fintpa\u030aGammelga\u030ardeniSa\u0308len-768x413.jpg 768w\" sizes=\"auto, (max-width: 1000px) 100vw, 1000px\" \/><\/p>\n<p>H\u00f6gfj\u00e4llshotellet, som p\u00e5 folkemunne blir kalt \u00abH\u00f6gis\u00bb, er et klassisk reisem\u00e5l i de svenske fjellkjedene. Det mer enn bare de sn\u00f8dekte bakkene rundt hotellet som appellerer til gjestene. \u00abH\u00f6gis\u00bb ble etablert i 1930-\u00e5rene og har forblitt kjernen av S\u00e4len skiomr\u00e5de. En imponerende prestasjon, med tanke p\u00e5 at S\u00e4len er et av de mest popul\u00e6re turistm\u00e5lene i Norden. Hotellet har vokst siden 30-tallet og er i dag et moderne feriested med innretninger som kino, spa og store konferanse- og eventfasiliteter. Den tradisjonsrike hotellkjeden har ogs\u00e5 et stort utvalg av restauranter og barer. I dag har de 13 utsalgssteder med ulike konsepter; alt fra burgere til mer formelle restauranter p\u00e5 hotellet.<\/p>\n<h3>En p\u00e5litelig, tilpasset kassal\u00f8sning.<\/h3>\n<p>For \u00e5 administrere den store kjeden s\u00e5 effektivt som mulig, trenger H\u00f6gfj\u00e4llshotellet en p\u00e5litelig og fremtidssikker kassal\u00f8sning. Siden 2015, har Trivecs kassal\u00f8sning blitt brukt i restauranter, barer og andre utsalgssteder p\u00e5 senteret. Et annet S\u00e4len-senter som ogs\u00e5 har f\u00e5tt denne kassainstallasjonen, er Gammelg\u00e5rden.\u00a0 H\u00f6gfj\u00e4llshotellets hovedmotivasjon for \u00e5 bytte til et nytt kassa- og faktureringssystem, var at de trengte en l\u00f8sning med en p\u00e5litelig leverand\u00f8r og en lokal tilstedev\u00e6relse.<\/p>\n<blockquote><p>Den viktigste faktoren var at Trivec viste ekte interesse og et engasjement rundt \u00e5 f\u00e5 kassal\u00f8sningen til \u00e5 fungere for oss. N\u00e5 har vi et system som er tilpasset v\u00e5re behov, sier Thommy Backner, administrerende direkt\u00f8r i Scandinavian Resorts, H\u00f6gfj\u00e4llshotellets driftsselskap.<\/p><\/blockquote>\n<p>Scandinavian Resorts har selvsagt ogs\u00e5 funksjonelle og tekniske krav. Dette gjelder for eksempel produktivitet og brukervennlighet. Det viktigste er likevel at systemet fungerer hvor og n\u00e5r det trengs mest \u2014 p\u00e5 utsalgsstedet og n\u00e5r kunden skal betale.<\/p>\n<h4>Integrasjoner med hotelladministrasjon og \u00f8konomisystemer<\/h4>\n<p>Trivecs utfordring var \u00e5 kombinere alle de forskjellige kravene til H\u00f6gfj\u00e4llshotellet i kun \u00e9n plattform. If\u00f8lge personalet, har det v\u00e6rt et vellykket prosjekt. De poengterer at tilleggsfunksjonen som kontorst\u00f8ttesystem, er en bonus som gir en god oversikt over forretningsvirksomheten. Kassal\u00f8sningen m\u00e5tte ogs\u00e5 v\u00e6re kompatibel og kunne integreres med andre essensielle IT-funksjoner. Det var spesielt viktig med en planleggingsfunksjon og et \u00f8konomiprogram, som begge har blitt implementert i systemet.<\/p>\n<h4>Brukervennlig Kassal\u00f8sning<\/h4>\n<p>Scandinavian Resorts vil ha en brukervennlig kassal\u00f8sning som gjerne ogs\u00e5 effektiviserer hotelldriften. Tr\u00e5dl\u00f8se bestillings- og betalingsterminaler blir stadig bedre, mens skjermene blir mer brukervennlige. H\u00f6gfj\u00e4llshotellet har for eksempel installert kj\u00f8kkenskjermer som viser bestillinger og erstatter vanlige papirkvitteringer.<\/p>\n<p>Likevel, er det ikke bare teknologien som er viktig. For en sesongbasert virksomhet som \u00abH\u00f6gis\u00bb, er det viktigere at kassal\u00f8sningen er enkel \u00e5 bruke og rask \u00e5 l\u00e6re seg. Om vinteren har Scandinavian Resorts en restaurantstab p\u00e5 160. Mange av disse er nyansatte som trenger \u00e5 komme seg i gang raskt. Personalet blir dessuten ofte overf\u00f8rt mellom avdelinger med forskjellige kasseapparater.<\/p>\n<h4>Lokal kundesupport gir trygghet<\/h4>\n<p>I h\u00f8ysesongen er H\u00f6gfj\u00e4llshotellet i drift nesten hele d\u00f8gnet. Dette krever ikke bare effektive systemer. Det betyr ogs\u00e5 at man er avhengig av en leverand\u00f8r som reagerer raskt n\u00e5r de blir kontaktet. Trivecs bidrag til dette inkluderer kundesupport hele d\u00f8gnet. I tillegg gir de oppl\u00e6ring til de ansatte, slik at de kan administrere endringer via systemet. De kan for eksempel legge til eller fjerne ting p\u00e5 restaurantmenyen.<\/p>\n<blockquote><p>Vi f\u00f8ler oss trygge med Trivec. De er veldig tilgjengelige, noe vi savnet tidligere. Det er alltid noen som svarer n\u00e5r vi ringer, og vi f\u00e5r den hjelpen vi trenger for \u00e5 l\u00f8se problemene v\u00e5re, sier Thommy Backner.<\/p><\/blockquote>\n<h4>Om Scandinavian Resorts<\/h4>\n<p>Scandinavian Resorts driver S\u00e4lens H\u00f6gfj\u00e4llshotell (\u00abH\u00f6gis\u00bb) som ble etablert i 1937. De driver ogs\u00e5 Gammelg\u00e5rden Hotell &amp; Restaurang, som har aner helt tilbake til 1600-tallet. Feriestedet er en hel verden av opplevelser med blant annet 13 restauranter og barer, kino, spa, treningsstudio, skiutleie, sportsbutikk, portvakt og konferansefasiliteter med plass til 800 gjester. Over 30 store eventer blir holdt \u00e5rlig p\u00e5 \u00abH\u00f6gis\u00bb. Til sammen har Scandinavian Resorts 1800 gjestesenger p\u00e5 S\u00e4lens H\u00f6gfj\u00e4llshotell, ferieleiligheter og Gammelg\u00e5rden Hotell &amp; Restaurang.[\/vc_story][\/vc_column][\/vc_row]<\/p>\n<\/div>","protected":false},"excerpt":{"rendered":"<p>[vc_row][vc_column][vc_story heading_text=&raquo;H\u00f8y tilgjengelighet og lokal tilstedev\u00e6relse var viktige faktorer for H\u00f6gfj\u00e4llshotellet&raquo; preamble=&raquo;13 restauranter og barer, i tillegg til de mange fasilitetene p\u00e5 anlegget, gj\u00f8r S\u00e4lens H\u00f6gfj\u00e4llshotell til en moderne klassiker i de svenske fjellene. &laquo;H\u00f6gis&laquo;-restaurantene \u00f8nsker \u00e5 tilby gjestene en rask service og fakturering. Dette krever en effektiv betalingsl\u00f8sning fra en leverand\u00f8r som alltid er [&hellip;]<\/p>\n","protected":false},"author":2,"featured_media":19169,"parent":1102,"menu_order":1,"comment_status":"closed","ping_status":"closed","template":"","meta":{"_acf_changed":false,"content-type":"","footnotes":""},"class_list":["post-1985","page","type-page","status-publish","has-post-thumbnail","hentry"],"acf":[],"yoast_head":"<!-- This site is optimized with the Yoast SEO plugin v27.2 - https:\/\/yoast.com\/product\/yoast-seo-wordpress\/ -->\n<title>Scandinavian Resorts - Trivec<\/title>\n<meta name=\"robots\" content=\"noindex, follow\" \/>\n<meta property=\"og:locale\" content=\"nb_NO\" \/>\n<meta property=\"og:type\" content=\"article\" \/>\n<meta property=\"og:title\" content=\"Scandinavian Resorts - Trivec\" \/>\n<meta property=\"og:description\" content=\"[vc_row][vc_column][vc_story heading_text=&raquo;H\u00f8y tilgjengelighet og lokal tilstedev\u00e6relse var viktige faktorer for H\u00f6gfj\u00e4llshotellet&raquo; preamble=&raquo;13 restauranter og barer, i tillegg til de mange fasilitetene p\u00e5 anlegget, gj\u00f8r S\u00e4lens H\u00f6gfj\u00e4llshotell til en moderne klassiker i de svenske fjellene. &laquo;H\u00f6gis&laquo;-restaurantene \u00f8nsker \u00e5 tilby gjestene en rask service og fakturering. Dette krever en effektiv betalingsl\u00f8sning fra en leverand\u00f8r som alltid er [&hellip;]\" \/>\n<meta property=\"og:url\" content=\"https:\/\/trivec.aws-staging.swace.se\/no\/kunder\/scandinavian-resorts\/\" \/>\n<meta property=\"og:site_name\" content=\"Trivec\" \/>\n<meta property=\"article:modified_time\" content=\"2020-10-30T08:03:15+00:00\" \/>\n<meta property=\"og:image\" content=\"https:\/\/trivec.aws-staging.swace.se\/wp\/uploads\/2021\/08\/ThommyBackner_trivec_ver3-1024x685-1-min.jpeg\" \/>\n\t<meta property=\"og:image:width\" content=\"1024\" \/>\n\t<meta property=\"og:image:height\" content=\"685\" \/>\n\t<meta property=\"og:image:type\" content=\"image\/jpeg\" \/>\n<meta name=\"twitter:card\" content=\"summary_large_image\" \/>\n<meta name=\"twitter:label1\" content=\"Ansl. lesetid\" \/>\n\t<meta name=\"twitter:data1\" content=\"4 minutter\" \/>\n<script type=\"application\/ld+json\" class=\"yoast-schema-graph\">{\"@context\":\"https:\/\/schema.org\",\"@graph\":[{\"@type\":\"WebPage\",\"@id\":\"https:\/\/trivec.aws-staging.swace.se\/no\/kunder\/scandinavian-resorts\/\",\"url\":\"https:\/\/trivec.aws-staging.swace.se\/no\/kunder\/scandinavian-resorts\/\",\"name\":\"Scandinavian Resorts - Trivec\",\"isPartOf\":{\"@id\":\"https:\/\/trivec.aws-staging.swace.se\/no\/#website\"},\"primaryImageOfPage\":{\"@id\":\"https:\/\/trivec.aws-staging.swace.se\/no\/kunder\/scandinavian-resorts\/#primaryimage\"},\"image\":{\"@id\":\"https:\/\/trivec.aws-staging.swace.se\/no\/kunder\/scandinavian-resorts\/#primaryimage\"},\"thumbnailUrl\":\"https:\/\/trivec.aws-staging.swace.se\/wp\/uploads\/2021\/08\/ThommyBackner_trivec_ver3-1024x685-1-min.jpeg\",\"datePublished\":\"2018-12-05T14:37:53+00:00\",\"dateModified\":\"2020-10-30T08:03:15+00:00\",\"breadcrumb\":{\"@id\":\"https:\/\/trivec.aws-staging.swace.se\/no\/kunder\/scandinavian-resorts\/#breadcrumb\"},\"inLanguage\":\"nb-NO\",\"potentialAction\":[{\"@type\":\"ReadAction\",\"target\":[\"https:\/\/trivec.aws-staging.swace.se\/no\/kunder\/scandinavian-resorts\/\"]}]},{\"@type\":\"ImageObject\",\"inLanguage\":\"nb-NO\",\"@id\":\"https:\/\/trivec.aws-staging.swace.se\/no\/kunder\/scandinavian-resorts\/#primaryimage\",\"url\":\"https:\/\/trivec.aws-staging.swace.se\/wp\/uploads\/2021\/08\/ThommyBackner_trivec_ver3-1024x685-1-min.jpeg\",\"contentUrl\":\"https:\/\/trivec.aws-staging.swace.se\/wp\/uploads\/2021\/08\/ThommyBackner_trivec_ver3-1024x685-1-min.jpeg\",\"width\":1024,\"height\":685},{\"@type\":\"BreadcrumbList\",\"@id\":\"https:\/\/trivec.aws-staging.swace.se\/no\/kunder\/scandinavian-resorts\/#breadcrumb\",\"itemListElement\":[{\"@type\":\"ListItem\",\"position\":1,\"name\":\"Home\",\"item\":\"https:\/\/trivec.aws-staging.swace.se\/no\/\"},{\"@type\":\"ListItem\",\"position\":2,\"name\":\"Kunder\",\"item\":\"https:\/\/trivec.aws-staging.swace.se\/no\/kunder\/\"},{\"@type\":\"ListItem\",\"position\":3,\"name\":\"Scandinavian Resorts\"}]},{\"@type\":\"WebSite\",\"@id\":\"https:\/\/trivec.aws-staging.swace.se\/no\/#website\",\"url\":\"https:\/\/trivec.aws-staging.swace.se\/no\/\",\"name\":\"Trivec\",\"description\":\"Markedsledende kassasystemer til restauranter, barer og hotell\",\"potentialAction\":[{\"@type\":\"SearchAction\",\"target\":{\"@type\":\"EntryPoint\",\"urlTemplate\":\"https:\/\/trivec.aws-staging.swace.se\/no\/?s={search_term_string}\"},\"query-input\":{\"@type\":\"PropertyValueSpecification\",\"valueRequired\":true,\"valueName\":\"search_term_string\"}}],\"inLanguage\":\"nb-NO\"}]}<\/script>\n<!-- \/ Yoast SEO plugin. -->","yoast_head_json":{"title":"Scandinavian Resorts - Trivec","robots":{"index":"noindex","follow":"follow"},"og_locale":"nb_NO","og_type":"article","og_title":"Scandinavian Resorts - Trivec","og_description":"[vc_row][vc_column][vc_story heading_text=&raquo;H\u00f8y tilgjengelighet og lokal tilstedev\u00e6relse var viktige faktorer for H\u00f6gfj\u00e4llshotellet&raquo; preamble=&raquo;13 restauranter og barer, i tillegg til de mange fasilitetene p\u00e5 anlegget, gj\u00f8r S\u00e4lens H\u00f6gfj\u00e4llshotell til en moderne klassiker i de svenske fjellene. &laquo;H\u00f6gis&laquo;-restaurantene \u00f8nsker \u00e5 tilby gjestene en rask service og fakturering. Dette krever en effektiv betalingsl\u00f8sning fra en leverand\u00f8r som alltid er [&hellip;]","og_url":"https:\/\/trivec.aws-staging.swace.se\/no\/kunder\/scandinavian-resorts\/","og_site_name":"Trivec","article_modified_time":"2020-10-30T08:03:15+00:00","og_image":[{"width":1024,"height":685,"url":"https:\/\/trivec.aws-staging.swace.se\/wp\/uploads\/2021\/08\/ThommyBackner_trivec_ver3-1024x685-1-min.jpeg","type":"image\/jpeg"}],"twitter_card":"summary_large_image","twitter_misc":{"Ansl. lesetid":"4 minutter"},"schema":{"@context":"https:\/\/schema.org","@graph":[{"@type":"WebPage","@id":"https:\/\/trivec.aws-staging.swace.se\/no\/kunder\/scandinavian-resorts\/","url":"https:\/\/trivec.aws-staging.swace.se\/no\/kunder\/scandinavian-resorts\/","name":"Scandinavian Resorts - Trivec","isPartOf":{"@id":"https:\/\/trivec.aws-staging.swace.se\/no\/#website"},"primaryImageOfPage":{"@id":"https:\/\/trivec.aws-staging.swace.se\/no\/kunder\/scandinavian-resorts\/#primaryimage"},"image":{"@id":"https:\/\/trivec.aws-staging.swace.se\/no\/kunder\/scandinavian-resorts\/#primaryimage"},"thumbnailUrl":"https:\/\/trivec.aws-staging.swace.se\/wp\/uploads\/2021\/08\/ThommyBackner_trivec_ver3-1024x685-1-min.jpeg","datePublished":"2018-12-05T14:37:53+00:00","dateModified":"2020-10-30T08:03:15+00:00","breadcrumb":{"@id":"https:\/\/trivec.aws-staging.swace.se\/no\/kunder\/scandinavian-resorts\/#breadcrumb"},"inLanguage":"nb-NO","potentialAction":[{"@type":"ReadAction","target":["https:\/\/trivec.aws-staging.swace.se\/no\/kunder\/scandinavian-resorts\/"]}]},{"@type":"ImageObject","inLanguage":"nb-NO","@id":"https:\/\/trivec.aws-staging.swace.se\/no\/kunder\/scandinavian-resorts\/#primaryimage","url":"https:\/\/trivec.aws-staging.swace.se\/wp\/uploads\/2021\/08\/ThommyBackner_trivec_ver3-1024x685-1-min.jpeg","contentUrl":"https:\/\/trivec.aws-staging.swace.se\/wp\/uploads\/2021\/08\/ThommyBackner_trivec_ver3-1024x685-1-min.jpeg","width":1024,"height":685},{"@type":"BreadcrumbList","@id":"https:\/\/trivec.aws-staging.swace.se\/no\/kunder\/scandinavian-resorts\/#breadcrumb","itemListElement":[{"@type":"ListItem","position":1,"name":"Home","item":"https:\/\/trivec.aws-staging.swace.se\/no\/"},{"@type":"ListItem","position":2,"name":"Kunder","item":"https:\/\/trivec.aws-staging.swace.se\/no\/kunder\/"},{"@type":"ListItem","position":3,"name":"Scandinavian Resorts"}]},{"@type":"WebSite","@id":"https:\/\/trivec.aws-staging.swace.se\/no\/#website","url":"https:\/\/trivec.aws-staging.swace.se\/no\/","name":"Trivec","description":"Markedsledende kassasystemer til restauranter, barer og hotell","potentialAction":[{"@type":"SearchAction","target":{"@type":"EntryPoint","urlTemplate":"https:\/\/trivec.aws-staging.swace.se\/no\/?s={search_term_string}"},"query-input":{"@type":"PropertyValueSpecification","valueRequired":true,"valueName":"search_term_string"}}],"inLanguage":"nb-NO"}]}},"_links":{"self":[{"href":"https:\/\/trivec.aws-staging.swace.se\/no\/wp-json\/wp\/v2\/pages\/1985","targetHints":{"allow":["GET"]}}],"collection":[{"href":"https:\/\/trivec.aws-staging.swace.se\/no\/wp-json\/wp\/v2\/pages"}],"about":[{"href":"https:\/\/trivec.aws-staging.swace.se\/no\/wp-json\/wp\/v2\/types\/page"}],"author":[{"embeddable":true,"href":"https:\/\/trivec.aws-staging.swace.se\/no\/wp-json\/wp\/v2\/users\/2"}],"replies":[{"embeddable":true,"href":"https:\/\/trivec.aws-staging.swace.se\/no\/wp-json\/wp\/v2\/comments?post=1985"}],"version-history":[{"count":4,"href":"https:\/\/trivec.aws-staging.swace.se\/no\/wp-json\/wp\/v2\/pages\/1985\/revisions"}],"predecessor-version":[{"id":12223,"href":"https:\/\/trivec.aws-staging.swace.se\/no\/wp-json\/wp\/v2\/pages\/1985\/revisions\/12223"}],"up":[{"embeddable":true,"href":"https:\/\/trivec.aws-staging.swace.se\/no\/wp-json\/wp\/v2\/pages\/1102"}],"wp:featuredmedia":[{"embeddable":true,"href":"https:\/\/trivec.aws-staging.swace.se\/no\/wp-json\/wp\/v2\/media\/19169"}],"wp:attachment":[{"href":"https:\/\/trivec.aws-staging.swace.se\/no\/wp-json\/wp\/v2\/media?parent=1985"}],"curies":[{"name":"wp","href":"https:\/\/api.w.org\/{rel}","templated":true}]}}