{"id":13750,"date":"2021-02-03T15:50:50","date_gmt":"2021-02-03T14:50:50","guid":{"rendered":"https:\/\/trivec.aws-staging.swace.se\/?page_id=13750"},"modified":"2023-02-09T15:46:06","modified_gmt":"2023-02-09T14:46:06","slug":"personalstyring-restaurant","status":"publish","type":"page","link":"https:\/\/trivec.aws-staging.swace.se\/no\/produkter\/personalstyring-restaurant\/","title":{"rendered":"Oppretthold effektiv personalstyring restaurant"},"content":{"rendered":"","protected":false},"excerpt":{"rendered":"","protected":false},"author":21,"featured_media":0,"parent":1144,"menu_order":0,"comment_status":"closed","ping_status":"closed","template":"","meta":{"_acf_changed":false,"content-type":"","footnotes":""},"class_list":["post-13750","page","type-page","status-publish","hentry"],"acf":[],"yoast_head":"<!-- This site is optimized with the Yoast SEO plugin v27.2 - https:\/\/yoast.com\/product\/yoast-seo-wordpress\/ -->\n<title>Personalstyring restaurant - Trivec<\/title>\n<meta name=\"description\" content=\"Personalstyring til restaurant minimer tiden du bruker p\u00e5 administrative oppgaver ved \u00e5 integrere kassesystemet ditt med personalverkt\u00f8yet.\" \/>\n<meta name=\"robots\" content=\"noindex, follow\" \/>\n<meta property=\"og:locale\" content=\"nb_NO\" \/>\n<meta property=\"og:type\" content=\"article\" \/>\n<meta property=\"og:title\" content=\"Personalstyring restaurant - Trivec\" \/>\n<meta property=\"og:description\" content=\"Personalstyring til restaurant minimer tiden du bruker p\u00e5 administrative oppgaver ved \u00e5 integrere kassesystemet ditt med personalverkt\u00f8yet.\" \/>\n<meta property=\"og:url\" content=\"https:\/\/trivec.aws-staging.swace.se\/no\/produkter\/personalstyring-restaurant\/\" \/>\n<meta property=\"og:site_name\" content=\"Trivec\" \/>\n<meta property=\"article:modified_time\" content=\"2023-02-09T14:46:06+00:00\" \/>\n<meta name=\"twitter:card\" content=\"summary_large_image\" \/>\n<script type=\"application\/ld+json\" class=\"yoast-schema-graph\">{\"@context\":\"https:\/\/schema.org\",\"@graph\":[{\"@type\":\"WebPage\",\"@id\":\"https:\/\/trivec.aws-staging.swace.se\/no\/produkter\/personalstyring-restaurant\/\",\"url\":\"https:\/\/trivec.aws-staging.swace.se\/no\/produkter\/personalstyring-restaurant\/\",\"name\":\"Personalstyring restaurant - Trivec\",\"isPartOf\":{\"@id\":\"https:\/\/trivec.aws-staging.swace.se\/no\/#website\"},\"datePublished\":\"2021-02-03T14:50:50+00:00\",\"dateModified\":\"2023-02-09T14:46:06+00:00\",\"description\":\"Personalstyring til restaurant minimer tiden du bruker p\u00e5 administrative oppgaver ved \u00e5 integrere kassesystemet ditt med personalverkt\u00f8yet.\",\"breadcrumb\":{\"@id\":\"https:\/\/trivec.aws-staging.swace.se\/no\/produkter\/personalstyring-restaurant\/#breadcrumb\"},\"inLanguage\":\"nb-NO\",\"potentialAction\":[{\"@type\":\"ReadAction\",\"target\":[\"https:\/\/trivec.aws-staging.swace.se\/no\/produkter\/personalstyring-restaurant\/\"]}]},{\"@type\":\"BreadcrumbList\",\"@id\":\"https:\/\/trivec.aws-staging.swace.se\/no\/produkter\/personalstyring-restaurant\/#breadcrumb\",\"itemListElement\":[{\"@type\":\"ListItem\",\"position\":1,\"name\":\"Home\",\"item\":\"https:\/\/trivec.aws-staging.swace.se\/no\/\"},{\"@type\":\"ListItem\",\"position\":2,\"name\":\"Produkter\",\"item\":\"https:\/\/trivec.aws-staging.swace.se\/no\/produkter\/\"},{\"@type\":\"ListItem\",\"position\":3,\"name\":\"Oppretthold effektiv personalstyring restaurant\"}]},{\"@type\":\"WebSite\",\"@id\":\"https:\/\/trivec.aws-staging.swace.se\/no\/#website\",\"url\":\"https:\/\/trivec.aws-staging.swace.se\/no\/\",\"name\":\"Trivec\",\"description\":\"Markedsledende kassasystemer til restauranter, barer og hotell\",\"potentialAction\":[{\"@type\":\"SearchAction\",\"target\":{\"@type\":\"EntryPoint\",\"urlTemplate\":\"https:\/\/trivec.aws-staging.swace.se\/no\/?s={search_term_string}\"},\"query-input\":{\"@type\":\"PropertyValueSpecification\",\"valueRequired\":true,\"valueName\":\"search_term_string\"}}],\"inLanguage\":\"nb-NO\"}]}<\/script>\n<!-- \/ Yoast SEO plugin. -->","yoast_head_json":{"title":"Personalstyring restaurant - Trivec","description":"Personalstyring til restaurant minimer tiden du bruker p\u00e5 administrative oppgaver ved \u00e5 integrere kassesystemet ditt med personalverkt\u00f8yet.","robots":{"index":"noindex","follow":"follow"},"og_locale":"nb_NO","og_type":"article","og_title":"Personalstyring restaurant - Trivec","og_description":"Personalstyring til restaurant minimer tiden du bruker p\u00e5 administrative oppgaver ved \u00e5 integrere kassesystemet ditt med personalverkt\u00f8yet.","og_url":"https:\/\/trivec.aws-staging.swace.se\/no\/produkter\/personalstyring-restaurant\/","og_site_name":"Trivec","article_modified_time":"2023-02-09T14:46:06+00:00","twitter_card":"summary_large_image","schema":{"@context":"https:\/\/schema.org","@graph":[{"@type":"WebPage","@id":"https:\/\/trivec.aws-staging.swace.se\/no\/produkter\/personalstyring-restaurant\/","url":"https:\/\/trivec.aws-staging.swace.se\/no\/produkter\/personalstyring-restaurant\/","name":"Personalstyring restaurant - Trivec","isPartOf":{"@id":"https:\/\/trivec.aws-staging.swace.se\/no\/#website"},"datePublished":"2021-02-03T14:50:50+00:00","dateModified":"2023-02-09T14:46:06+00:00","description":"Personalstyring til restaurant minimer tiden du bruker p\u00e5 administrative oppgaver ved \u00e5 integrere kassesystemet ditt med personalverkt\u00f8yet.","breadcrumb":{"@id":"https:\/\/trivec.aws-staging.swace.se\/no\/produkter\/personalstyring-restaurant\/#breadcrumb"},"inLanguage":"nb-NO","potentialAction":[{"@type":"ReadAction","target":["https:\/\/trivec.aws-staging.swace.se\/no\/produkter\/personalstyring-restaurant\/"]}]},{"@type":"BreadcrumbList","@id":"https:\/\/trivec.aws-staging.swace.se\/no\/produkter\/personalstyring-restaurant\/#breadcrumb","itemListElement":[{"@type":"ListItem","position":1,"name":"Home","item":"https:\/\/trivec.aws-staging.swace.se\/no\/"},{"@type":"ListItem","position":2,"name":"Produkter","item":"https:\/\/trivec.aws-staging.swace.se\/no\/produkter\/"},{"@type":"ListItem","position":3,"name":"Oppretthold effektiv personalstyring restaurant"}]},{"@type":"WebSite","@id":"https:\/\/trivec.aws-staging.swace.se\/no\/#website","url":"https:\/\/trivec.aws-staging.swace.se\/no\/","name":"Trivec","description":"Markedsledende kassasystemer til restauranter, barer og hotell","potentialAction":[{"@type":"SearchAction","target":{"@type":"EntryPoint","urlTemplate":"https:\/\/trivec.aws-staging.swace.se\/no\/?s={search_term_string}"},"query-input":{"@type":"PropertyValueSpecification","valueRequired":true,"valueName":"search_term_string"}}],"inLanguage":"nb-NO"}]}},"_links":{"self":[{"href":"https:\/\/trivec.aws-staging.swace.se\/no\/wp-json\/wp\/v2\/pages\/13750","targetHints":{"allow":["GET"]}}],"collection":[{"href":"https:\/\/trivec.aws-staging.swace.se\/no\/wp-json\/wp\/v2\/pages"}],"about":[{"href":"https:\/\/trivec.aws-staging.swace.se\/no\/wp-json\/wp\/v2\/types\/page"}],"author":[{"embeddable":true,"href":"https:\/\/trivec.aws-staging.swace.se\/no\/wp-json\/wp\/v2\/users\/21"}],"replies":[{"embeddable":true,"href":"https:\/\/trivec.aws-staging.swace.se\/no\/wp-json\/wp\/v2\/comments?post=13750"}],"version-history":[{"count":11,"href":"https:\/\/trivec.aws-staging.swace.se\/no\/wp-json\/wp\/v2\/pages\/13750\/revisions"}],"predecessor-version":[{"id":30632,"href":"https:\/\/trivec.aws-staging.swace.se\/no\/wp-json\/wp\/v2\/pages\/13750\/revisions\/30632"}],"up":[{"embeddable":true,"href":"https:\/\/trivec.aws-staging.swace.se\/no\/wp-json\/wp\/v2\/pages\/1144"}],"wp:attachment":[{"href":"https:\/\/trivec.aws-staging.swace.se\/no\/wp-json\/wp\/v2\/media?parent=13750"}],"curies":[{"name":"wp","href":"https:\/\/api.w.org\/{rel}","templated":true}]}}