{"id":13639,"date":"2020-12-18T10:25:20","date_gmt":"2020-12-18T09:25:20","guid":{"rendered":"https:\/\/trivec.aws-staging.swace.se\/hurtigmat-takeaway-og-food-trucks\/"},"modified":"2023-04-11T08:30:49","modified_gmt":"2023-04-11T06:30:49","slug":"naeringer-hurtigmat","status":"publish","type":"page","link":"https:\/\/trivec.aws-staging.swace.se\/no\/naeringer-hurtigmat\/","title":{"rendered":"Hurtigmat"},"content":{"rendered":"","protected":false},"excerpt":{"rendered":"","protected":false},"author":21,"featured_media":0,"parent":0,"menu_order":0,"comment_status":"closed","ping_status":"closed","template":"","meta":{"_acf_changed":false,"content-type":"","footnotes":""},"class_list":["post-13639","page","type-page","status-publish","hentry"],"acf":[],"yoast_head":"<!-- This site is optimized with the Yoast SEO plugin v27.2 - https:\/\/yoast.com\/product\/yoast-seo-wordpress\/ -->\n<title>Kassesystem hurtigmat - Trivec<\/title>\n<meta name=\"description\" content=\"Med v\u00e5rt kassesystem for hurtigmat och med v\u00e5ra betalingsl\u00f8sningar kan du bestille og betale via mobiltelefonen. Persons\u00f8kingssystem for mindre k\u00f8.\" \/>\n<meta name=\"robots\" content=\"noindex, follow\" \/>\n<meta property=\"og:locale\" content=\"nb_NO\" \/>\n<meta property=\"og:type\" content=\"article\" \/>\n<meta property=\"og:title\" content=\"Kassesystem hurtigmat - Trivec\" \/>\n<meta property=\"og:description\" content=\"Med v\u00e5rt kassesystem for hurtigmat och med v\u00e5ra betalingsl\u00f8sningar kan du bestille og betale via mobiltelefonen. Persons\u00f8kingssystem for mindre k\u00f8.\" \/>\n<meta property=\"og:url\" content=\"https:\/\/trivec.aws-staging.swace.se\/no\/naeringer-hurtigmat\/\" \/>\n<meta property=\"og:site_name\" content=\"Trivec\" \/>\n<meta property=\"article:modified_time\" content=\"2023-04-11T06:30:49+00:00\" \/>\n<meta name=\"twitter:card\" content=\"summary_large_image\" \/>\n<script type=\"application\/ld+json\" class=\"yoast-schema-graph\">{\"@context\":\"https:\/\/schema.org\",\"@graph\":[{\"@type\":\"WebPage\",\"@id\":\"https:\/\/trivec.aws-staging.swace.se\/no\/naeringer-hurtigmat\/\",\"url\":\"https:\/\/trivec.aws-staging.swace.se\/no\/naeringer-hurtigmat\/\",\"name\":\"Kassesystem hurtigmat - Trivec\",\"isPartOf\":{\"@id\":\"https:\/\/trivec.aws-staging.swace.se\/no\/#website\"},\"datePublished\":\"2020-12-18T09:25:20+00:00\",\"dateModified\":\"2023-04-11T06:30:49+00:00\",\"description\":\"Med v\u00e5rt kassesystem for hurtigmat och med v\u00e5ra betalingsl\u00f8sningar kan du bestille og betale via mobiltelefonen. Persons\u00f8kingssystem for mindre k\u00f8.\",\"breadcrumb\":{\"@id\":\"https:\/\/trivec.aws-staging.swace.se\/no\/naeringer-hurtigmat\/#breadcrumb\"},\"inLanguage\":\"nb-NO\",\"potentialAction\":[{\"@type\":\"ReadAction\",\"target\":[\"https:\/\/trivec.aws-staging.swace.se\/no\/naeringer-hurtigmat\/\"]}]},{\"@type\":\"BreadcrumbList\",\"@id\":\"https:\/\/trivec.aws-staging.swace.se\/no\/naeringer-hurtigmat\/#breadcrumb\",\"itemListElement\":[{\"@type\":\"ListItem\",\"position\":1,\"name\":\"Home\",\"item\":\"https:\/\/trivec.aws-staging.swace.se\/no\/\"},{\"@type\":\"ListItem\",\"position\":2,\"name\":\"Hurtigmat\"}]},{\"@type\":\"WebSite\",\"@id\":\"https:\/\/trivec.aws-staging.swace.se\/no\/#website\",\"url\":\"https:\/\/trivec.aws-staging.swace.se\/no\/\",\"name\":\"Trivec\",\"description\":\"Markedsledende kassasystemer til restauranter, barer og hotell\",\"potentialAction\":[{\"@type\":\"SearchAction\",\"target\":{\"@type\":\"EntryPoint\",\"urlTemplate\":\"https:\/\/trivec.aws-staging.swace.se\/no\/?s={search_term_string}\"},\"query-input\":{\"@type\":\"PropertyValueSpecification\",\"valueRequired\":true,\"valueName\":\"search_term_string\"}}],\"inLanguage\":\"nb-NO\"}]}<\/script>\n<!-- \/ Yoast SEO plugin. -->","yoast_head_json":{"title":"Kassesystem hurtigmat - Trivec","description":"Med v\u00e5rt kassesystem for hurtigmat och med v\u00e5ra betalingsl\u00f8sningar kan du bestille og betale via mobiltelefonen. Persons\u00f8kingssystem for mindre k\u00f8.","robots":{"index":"noindex","follow":"follow"},"og_locale":"nb_NO","og_type":"article","og_title":"Kassesystem hurtigmat - Trivec","og_description":"Med v\u00e5rt kassesystem for hurtigmat och med v\u00e5ra betalingsl\u00f8sningar kan du bestille og betale via mobiltelefonen. Persons\u00f8kingssystem for mindre k\u00f8.","og_url":"https:\/\/trivec.aws-staging.swace.se\/no\/naeringer-hurtigmat\/","og_site_name":"Trivec","article_modified_time":"2023-04-11T06:30:49+00:00","twitter_card":"summary_large_image","schema":{"@context":"https:\/\/schema.org","@graph":[{"@type":"WebPage","@id":"https:\/\/trivec.aws-staging.swace.se\/no\/naeringer-hurtigmat\/","url":"https:\/\/trivec.aws-staging.swace.se\/no\/naeringer-hurtigmat\/","name":"Kassesystem hurtigmat - Trivec","isPartOf":{"@id":"https:\/\/trivec.aws-staging.swace.se\/no\/#website"},"datePublished":"2020-12-18T09:25:20+00:00","dateModified":"2023-04-11T06:30:49+00:00","description":"Med v\u00e5rt kassesystem for hurtigmat och med v\u00e5ra betalingsl\u00f8sningar kan du bestille og betale via mobiltelefonen. Persons\u00f8kingssystem for mindre k\u00f8.","breadcrumb":{"@id":"https:\/\/trivec.aws-staging.swace.se\/no\/naeringer-hurtigmat\/#breadcrumb"},"inLanguage":"nb-NO","potentialAction":[{"@type":"ReadAction","target":["https:\/\/trivec.aws-staging.swace.se\/no\/naeringer-hurtigmat\/"]}]},{"@type":"BreadcrumbList","@id":"https:\/\/trivec.aws-staging.swace.se\/no\/naeringer-hurtigmat\/#breadcrumb","itemListElement":[{"@type":"ListItem","position":1,"name":"Home","item":"https:\/\/trivec.aws-staging.swace.se\/no\/"},{"@type":"ListItem","position":2,"name":"Hurtigmat"}]},{"@type":"WebSite","@id":"https:\/\/trivec.aws-staging.swace.se\/no\/#website","url":"https:\/\/trivec.aws-staging.swace.se\/no\/","name":"Trivec","description":"Markedsledende kassasystemer til restauranter, barer og hotell","potentialAction":[{"@type":"SearchAction","target":{"@type":"EntryPoint","urlTemplate":"https:\/\/trivec.aws-staging.swace.se\/no\/?s={search_term_string}"},"query-input":{"@type":"PropertyValueSpecification","valueRequired":true,"valueName":"search_term_string"}}],"inLanguage":"nb-NO"}]}},"_links":{"self":[{"href":"https:\/\/trivec.aws-staging.swace.se\/no\/wp-json\/wp\/v2\/pages\/13639","targetHints":{"allow":["GET"]}}],"collection":[{"href":"https:\/\/trivec.aws-staging.swace.se\/no\/wp-json\/wp\/v2\/pages"}],"about":[{"href":"https:\/\/trivec.aws-staging.swace.se\/no\/wp-json\/wp\/v2\/types\/page"}],"author":[{"embeddable":true,"href":"https:\/\/trivec.aws-staging.swace.se\/no\/wp-json\/wp\/v2\/users\/21"}],"replies":[{"embeddable":true,"href":"https:\/\/trivec.aws-staging.swace.se\/no\/wp-json\/wp\/v2\/comments?post=13639"}],"version-history":[{"count":18,"href":"https:\/\/trivec.aws-staging.swace.se\/no\/wp-json\/wp\/v2\/pages\/13639\/revisions"}],"predecessor-version":[{"id":33664,"href":"https:\/\/trivec.aws-staging.swace.se\/no\/wp-json\/wp\/v2\/pages\/13639\/revisions\/33664"}],"wp:attachment":[{"href":"https:\/\/trivec.aws-staging.swace.se\/no\/wp-json\/wp\/v2\/media?parent=13639"}],"curies":[{"name":"wp","href":"https:\/\/api.w.org\/{rel}","templated":true}]}}