{"id":1183,"date":"2018-11-27T15:41:01","date_gmt":"2018-11-27T15:41:01","guid":{"rendered":"https:\/\/www.trivec.se\/kontakt\/"},"modified":"2022-03-01T13:23:04","modified_gmt":"2022-03-01T12:23:04","slug":"kontakt","status":"publish","type":"page","link":"https:\/\/trivec.aws-staging.swace.se\/no\/kontakt\/","title":{"rendered":"Kontakt"},"content":{"rendered":"<div class=\"wpb-content-wrapper\"><p>[vc_row padding_top=&raquo;none&raquo;][vc_column][vc_component_intro align=&raquo;center&raquo; heading_text=&raquo;Kontakt oss&raquo;][vc_row_inner][vc_column_inner width=&raquo;3\/12&#8243;][vc_color_box bg_color=&raquo;gray&raquo;][vc_headline icon=&raquo;icon icon-user&raquo; size=&raquo;small&raquo;]Logg inn i My Trivec[\/vc_headline][vc_btn cta_text_color=&raquo;white&raquo; title=&raquo;Logg inn&raquo; align=&raquo;left&raquo; link=&raquo;url:https%3A%2F%2Fmytrivec.com%2F%20|title:Till%20My%20Trivec|target:%20_blank|&raquo;][\/vc_color_box][\/vc_column_inner][vc_column_inner width=&raquo;6\/12&#8243;][vc_contact_box cta_text_color=&raquo;white&raquo; size=&raquo;l&raquo; heading_text=&raquo;&raquo; phone_number=&raquo;+47 473 95 859&#8243; phone_description=&raquo;For service p\u00e5 kveldstid og i helger, ring +47 473 95 859&#8243; phone_hours=&raquo;\u00c5pningstider 9.00\u201316.30&#8243; email_adress=&raquo;support@trivec.no&raquo; button_text=&raquo;Kontakt oss&raquo; button_link=&raquo;\/kontakt&raquo; link=&raquo;url:https%3A%2F%2Ftrivec.no%2Fformular%2Fkontakta-oss-generellt%2F|||&raquo;][\/vc_column_inner][vc_column_inner width=&raquo;3\/12&#8243;][vc_color_box bg_color=&raquo;gray&raquo;][vc_headline icon=&raquo;icon icon-select2&#8243; size=&raquo;small&raquo;]Vil du ha rask hjelp?[\/vc_headline][vc_column_text]<\/p>\n<p class=\"p1\"><span class=\"s1\">Last ned TeamViewer for \u00e5 kunne dele skjermen din med oss, slik at du kan f\u00e5 personlig hjelp hurtigere.<\/span><\/p>\n<p>[\/vc_column_text][vc_btn title=&raquo;Teamviewer&raquo; style=&raquo;read-more&raquo; link=&raquo;url:https%3A%2F%2Fget.teamviewer.com%2Ftrivecqs|title:Teamviewer|target:%20_blank|&raquo;][\/vc_color_box][\/vc_column_inner][\/vc_row_inner][\/vc_column][\/vc_row][vc_row][vc_column][vc_component_intro align=&raquo;center&raquo; heading_text=&raquo;Kontor&raquo;][vc_row_inner][vc_column_inner][vc_office_info office_name=&raquo;Oslo&raquo; phone_number=&raquo;+47 473 95 859&#8243;][vc_column_text]Nydalsveien 28<br \/>\n0484 Oslo<\/p>\n<p>[\/vc_column_text][vc_office_contact icon=&raquo;&raquo; department=&raquo;Salg&raquo; name=&raquo;Thomas Stenb\u00e6ck&raquo; phone=&raquo;+47 904 86 110&#8243; email=&raquo;thomas.stenback@trivec.no&raquo;][vc_office_contact icon=&raquo;&raquo; name=&raquo;Tobias Wallberg&raquo; phone=&raquo;+46 10 150 23 31&#8243; email=&raquo;tobias.wallberg@trivec.se&raquo;][\/vc_office_info][\/vc_column_inner][\/vc_row_inner][vc_row_inner][vc_column_inner][vc_btn title=&raquo;Se alle v\u00e5re kontorer&raquo; style=&raquo;outline&raquo; align=&raquo;center&raquo; link=&raquo;url:https%3A%2F%2Fwww.trivec.no%2Fkontakt%2Fvare-kontorer%2F|||&raquo;][\/vc_column_inner][\/vc_row_inner][vc_row_inner][vc_column_inner][\/vc_column_inner][\/vc_row_inner][vc_row_inner][vc_column_inner][vc_single_image image=&raquo;141&#8243; alignment=&raquo;center&raquo;][\/vc_column_inner][\/vc_row_inner][\/vc_column][\/vc_row][vc_row color_scheme=&raquo;dark&raquo;][vc_column][vc_row_inner][vc_column_inner width=&raquo;1\/2&#8243;][vc_headline icon=&raquo;&raquo; size=&raquo;medium-bold&raquo;]Vi er tett p\u00e5 deg![\/vc_headline][vc_column_text]<\/p>\n<p class=\"p1\"><span class=\"s1\">For oss er det ekstremt viktig \u00e5 v\u00e6re tett p\u00e5 kundene v\u00e5re, for \u00e5 kunne gi dem kontinuerlig god service. V\u00e5re kunder skal f\u00f8le seg trygge p\u00e5 at vi er tilgjengelige n\u00e5r noe ikke fungerer som det skal, eller n\u00e5r de kommer med \u00f8nsker om nye funksjoner eller forbedringer i v\u00e5re l\u00f8sninger. V\u00e5rt personale har stor kjennskap til restaurant- og servicebransjen, og kommer gjerne med forslag til l\u00f8sninger og id\u00e9er slik at du kan utvikle virksomheten din p\u00e5 best mulig m\u00e5te.<\/span><\/p>\n<p>[\/vc_column_text][\/vc_column_inner][vc_column_inner width=&raquo;1\/2&#8243;][vc_single_image image=&raquo;757&#8243; img_size=&raquo;600&#215;400&#8243;][\/vc_column_inner][\/vc_row_inner][vc_row_inner][vc_column_inner width=&raquo;1\/2&#8243;][vc_single_image image=&raquo;760&#8243; img_size=&raquo;600&#215;400&#8243;][\/vc_column_inner][vc_column_inner width=&raquo;1\/2&#8243;][vc_headline icon=&raquo;&raquo; size=&raquo;medium-bold&raquo;]I sterk vekst[\/vc_headline][vc_column_text]<\/p>\n<p class=\"p1\"><span class=\"s1\">Vi har i l\u00f8pet av de siste \u00e5rene hatt en kraftig vekst, b\u00e5de gjennom oppkj\u00f8p og organisk. Og vi er n\u00e5 tilgjengelige i Sverige, Norge, Danmark, Belgia, Frankrike og Nederland. V\u00e5rt m\u00e5l er \u00e5 bli den ledende europeiske samarbeidspartneren innen kassesystemer, restauranter, barer og kaf\u00e9er.<\/span><\/p>\n<p>[\/vc_column_text][\/vc_column_inner][\/vc_row_inner][\/vc_column][\/vc_row]<\/p>\n<\/div>","protected":false},"excerpt":{"rendered":"<p>[vc_row padding_top=&raquo;none&raquo;][vc_column][vc_component_intro align=&raquo;center&raquo; heading_text=&raquo;Kontakt oss&raquo;][vc_row_inner][vc_column_inner width=&raquo;3\/12&#8243;][vc_color_box bg_color=&raquo;gray&raquo;][vc_headline icon=&raquo;icon icon-user&raquo; size=&raquo;small&raquo;]Logg inn i My Trivec[\/vc_headline][vc_btn cta_text_color=&raquo;white&raquo; title=&raquo;Logg inn&raquo; align=&raquo;left&raquo; link=&raquo;url:https%3A%2F%2Fmytrivec.com%2F%20|title:Till%20My%20Trivec|target:%20_blank|&raquo;][\/vc_color_box][\/vc_column_inner][vc_column_inner width=&raquo;6\/12&#8243;][vc_contact_box cta_text_color=&raquo;white&raquo; size=&raquo;l&raquo; heading_text=&raquo;&raquo; phone_number=&raquo;+47 473 95 859&#8243; phone_description=&raquo;For service p\u00e5 kveldstid og i helger, ring +47 473 95 859&#8243; phone_hours=&raquo;\u00c5pningstider 9.00\u201316.30&#8243; email_adress=&raquo;support@trivec.no&raquo; button_text=&raquo;Kontakt oss&raquo; button_link=&raquo;\/kontakt&raquo; link=&raquo;url:https%3A%2F%2Ftrivec.no%2Fformular%2Fkontakta-oss-generellt%2F|||&raquo;][\/vc_column_inner][vc_column_inner width=&raquo;3\/12&#8243;][vc_color_box bg_color=&raquo;gray&raquo;][vc_headline icon=&raquo;icon icon-select2&#8243; size=&raquo;small&raquo;]Vil du ha rask hjelp?[\/vc_headline][vc_column_text] [&hellip;]<\/p>\n","protected":false},"author":1,"featured_media":0,"parent":0,"menu_order":11,"comment_status":"closed","ping_status":"closed","template":"","meta":{"_acf_changed":false,"content-type":"","footnotes":""},"class_list":["post-1183","page","type-page","status-publish","hentry"],"acf":[],"yoast_head":"<!-- This site is optimized with the Yoast SEO plugin v27.2 - https:\/\/yoast.com\/product\/yoast-seo-wordpress\/ -->\n<title>Kontakt - Trivec<\/title>\n<meta name=\"description\" content=\"Kontor i Oslo. \u00c5pningstider 9.00\u201316.30. +47 236 52 238.\" \/>\n<meta name=\"robots\" content=\"noindex, follow\" \/>\n<meta property=\"og:locale\" content=\"nb_NO\" \/>\n<meta property=\"og:type\" content=\"article\" \/>\n<meta property=\"og:title\" content=\"Kontakt - Trivec\" \/>\n<meta property=\"og:description\" content=\"Kontor i Oslo. \u00c5pningstider 9.00\u201316.30. +47 236 52 238.\" \/>\n<meta property=\"og:url\" content=\"https:\/\/trivec.aws-staging.swace.se\/no\/kontakt\/\" \/>\n<meta property=\"og:site_name\" content=\"Trivec\" \/>\n<meta property=\"article:modified_time\" content=\"2022-03-01T12:23:04+00:00\" \/>\n<meta name=\"twitter:card\" content=\"summary_large_image\" \/>\n<meta name=\"twitter:label1\" content=\"Ansl. lesetid\" \/>\n\t<meta name=\"twitter:data1\" content=\"2 minutter\" \/>\n<script type=\"application\/ld+json\" class=\"yoast-schema-graph\">{\"@context\":\"https:\/\/schema.org\",\"@graph\":[{\"@type\":\"WebPage\",\"@id\":\"https:\/\/trivec.aws-staging.swace.se\/no\/kontakt\/\",\"url\":\"https:\/\/trivec.aws-staging.swace.se\/no\/kontakt\/\",\"name\":\"Kontakt - Trivec\",\"isPartOf\":{\"@id\":\"https:\/\/trivec.aws-staging.swace.se\/no\/#website\"},\"datePublished\":\"2018-11-27T15:41:01+00:00\",\"dateModified\":\"2022-03-01T12:23:04+00:00\",\"description\":\"Kontor i Oslo. \u00c5pningstider 9.00\u201316.30. +47 236 52 238.\",\"breadcrumb\":{\"@id\":\"https:\/\/trivec.aws-staging.swace.se\/no\/kontakt\/#breadcrumb\"},\"inLanguage\":\"nb-NO\",\"potentialAction\":[{\"@type\":\"ReadAction\",\"target\":[\"https:\/\/trivec.aws-staging.swace.se\/no\/kontakt\/\"]}]},{\"@type\":\"BreadcrumbList\",\"@id\":\"https:\/\/trivec.aws-staging.swace.se\/no\/kontakt\/#breadcrumb\",\"itemListElement\":[{\"@type\":\"ListItem\",\"position\":1,\"name\":\"Home\",\"item\":\"https:\/\/trivec.aws-staging.swace.se\/no\/\"},{\"@type\":\"ListItem\",\"position\":2,\"name\":\"Kontakt\"}]},{\"@type\":\"WebSite\",\"@id\":\"https:\/\/trivec.aws-staging.swace.se\/no\/#website\",\"url\":\"https:\/\/trivec.aws-staging.swace.se\/no\/\",\"name\":\"Trivec\",\"description\":\"Markedsledende kassasystemer til restauranter, barer og hotell\",\"potentialAction\":[{\"@type\":\"SearchAction\",\"target\":{\"@type\":\"EntryPoint\",\"urlTemplate\":\"https:\/\/trivec.aws-staging.swace.se\/no\/?s={search_term_string}\"},\"query-input\":{\"@type\":\"PropertyValueSpecification\",\"valueRequired\":true,\"valueName\":\"search_term_string\"}}],\"inLanguage\":\"nb-NO\"}]}<\/script>\n<!-- \/ Yoast SEO plugin. -->","yoast_head_json":{"title":"Kontakt - Trivec","description":"Kontor i Oslo. \u00c5pningstider 9.00\u201316.30. +47 236 52 238.","robots":{"index":"noindex","follow":"follow"},"og_locale":"nb_NO","og_type":"article","og_title":"Kontakt - Trivec","og_description":"Kontor i Oslo. \u00c5pningstider 9.00\u201316.30. +47 236 52 238.","og_url":"https:\/\/trivec.aws-staging.swace.se\/no\/kontakt\/","og_site_name":"Trivec","article_modified_time":"2022-03-01T12:23:04+00:00","twitter_card":"summary_large_image","twitter_misc":{"Ansl. lesetid":"2 minutter"},"schema":{"@context":"https:\/\/schema.org","@graph":[{"@type":"WebPage","@id":"https:\/\/trivec.aws-staging.swace.se\/no\/kontakt\/","url":"https:\/\/trivec.aws-staging.swace.se\/no\/kontakt\/","name":"Kontakt - Trivec","isPartOf":{"@id":"https:\/\/trivec.aws-staging.swace.se\/no\/#website"},"datePublished":"2018-11-27T15:41:01+00:00","dateModified":"2022-03-01T12:23:04+00:00","description":"Kontor i Oslo. \u00c5pningstider 9.00\u201316.30. +47 236 52 238.","breadcrumb":{"@id":"https:\/\/trivec.aws-staging.swace.se\/no\/kontakt\/#breadcrumb"},"inLanguage":"nb-NO","potentialAction":[{"@type":"ReadAction","target":["https:\/\/trivec.aws-staging.swace.se\/no\/kontakt\/"]}]},{"@type":"BreadcrumbList","@id":"https:\/\/trivec.aws-staging.swace.se\/no\/kontakt\/#breadcrumb","itemListElement":[{"@type":"ListItem","position":1,"name":"Home","item":"https:\/\/trivec.aws-staging.swace.se\/no\/"},{"@type":"ListItem","position":2,"name":"Kontakt"}]},{"@type":"WebSite","@id":"https:\/\/trivec.aws-staging.swace.se\/no\/#website","url":"https:\/\/trivec.aws-staging.swace.se\/no\/","name":"Trivec","description":"Markedsledende kassasystemer til restauranter, barer og hotell","potentialAction":[{"@type":"SearchAction","target":{"@type":"EntryPoint","urlTemplate":"https:\/\/trivec.aws-staging.swace.se\/no\/?s={search_term_string}"},"query-input":{"@type":"PropertyValueSpecification","valueRequired":true,"valueName":"search_term_string"}}],"inLanguage":"nb-NO"}]}},"_links":{"self":[{"href":"https:\/\/trivec.aws-staging.swace.se\/no\/wp-json\/wp\/v2\/pages\/1183","targetHints":{"allow":["GET"]}}],"collection":[{"href":"https:\/\/trivec.aws-staging.swace.se\/no\/wp-json\/wp\/v2\/pages"}],"about":[{"href":"https:\/\/trivec.aws-staging.swace.se\/no\/wp-json\/wp\/v2\/types\/page"}],"author":[{"embeddable":true,"href":"https:\/\/trivec.aws-staging.swace.se\/no\/wp-json\/wp\/v2\/users\/1"}],"replies":[{"embeddable":true,"href":"https:\/\/trivec.aws-staging.swace.se\/no\/wp-json\/wp\/v2\/comments?post=1183"}],"version-history":[{"count":9,"href":"https:\/\/trivec.aws-staging.swace.se\/no\/wp-json\/wp\/v2\/pages\/1183\/revisions"}],"predecessor-version":[{"id":7589,"href":"https:\/\/trivec.aws-staging.swace.se\/no\/wp-json\/wp\/v2\/pages\/1183\/revisions\/7589"}],"wp:attachment":[{"href":"https:\/\/trivec.aws-staging.swace.se\/no\/wp-json\/wp\/v2\/media?parent=1183"}],"curies":[{"name":"wp","href":"https:\/\/api.w.org\/{rel}","templated":true}]}}