{"id":11635,"date":"2020-10-06T13:41:28","date_gmt":"2020-10-06T11:41:28","guid":{"rendered":"https:\/\/trivec.aws-staging.swace.se\/?page_id=11635"},"modified":"2020-10-30T09:03:02","modified_gmt":"2020-10-30T08:03:02","slug":"vin-og-colonialen","status":"publish","type":"page","link":"https:\/\/trivec.aws-staging.swace.se\/no\/kunder\/vin-og-colonialen\/","title":{"rendered":"Vin&#038;Colonialen"},"content":{"rendered":"<div class=\"wpb-content-wrapper\"><p>[vc_row][vc_column][vc_story heading_text=&raquo;Ny\u00e5pnede Vin&amp;Colonialen h\u00e5ller ikke igjen med kvaliteten \u2013 Trivecs mobile kassesystem er et opplagt valg&raquo; preamble=&raquo;Hvis du er tiltrukket av gode oster, fantastiske viner, cocktails og kaffe av rang, er Vin &amp; Colonialen en perfekt hit. Baren ble satt opp i 2020 av erfarne Edwin Razumov og Alexandrs Sadovskis og den fransk-inspirerte baren (og snart restauranten) vil kunne sjarmere Oslos innbyggere helt.&raquo;][\/vc_story][vc_story]<a href=\"https:\/\/www.trivec.no\/wp\/uploads\/2020\/10\/VinColonialen-Bild-1-005.jpg\"><img loading=\"lazy\" decoding=\"async\" class=\"aligncenter wp-image-11636 size-full\" src=\"https:\/\/www.trivec.no\/wp\/uploads\/2020\/10\/VinColonialen-Bild-1-005.jpg\" alt=\"Alexandr Sadovskis og Edwin Razumov Vin&amp;Colonialen Trivec kund\" width=\"479\" height=\"270\" srcset=\"https:\/\/trivec.aws-staging.swace.se\/wp\/uploads\/2020\/10\/VinColonialen-Bild-1-005.jpg 479w, https:\/\/trivec.aws-staging.swace.se\/wp\/uploads\/2020\/10\/VinColonialen-Bild-1-005-300x169.jpg 300w\" sizes=\"auto, (max-width: 479px) 100vw, 479px\" \/><\/a><\/p>\n<p>&nbsp;<\/p>\n<h2>Oslo-beboere sjarmert for \u00e5 bes\u00f8ke ny\u00e5pnet, fransk-inspirert bar<\/h2>\n<p>Vin&amp;Colonialen s\u00e5 dagens lys i juli 2020 og er en fransk-inspirert bar som fokuserer tungt p\u00e5 cocktails, viner, kaffe og velsmakende oster av alle slag.<\/p>\n<p>Grunnleggerne, som ogs\u00e5 er eiere, Edwin Razumov og Alexandrs Sadovskis, beskriver i alle sp\u00f8rsm\u00e5lene hvordan de m\u00e5tte ta p\u00e5 seg forskjellige roller, fra eiere til ledere, barback til h\u00e5ndverkere och og bartendere i perioden som f\u00f8rte dem til \u00e5pningsdagen. &laquo;Det er utfordringer som kreves n\u00e5r du starter din egen virksomhet,&raquo; beskriver de.<\/p>\n<p>Det er en legende om at Oslo-beboere er litt vanskelig \u00e5 sjarmere for \u00e5 bes\u00f8ke en ny\u00e5pnet bar eller restaurant. \u2013 Oslo-folkene liker sine personlige vannhull og restauranter, og vi vil at alle skal f\u00f8le seg hjemme her, b\u00e5de tidligere stamgjester og nye gjester, sier Alexandrs.<\/p>\n<blockquote><p>Oslo-folkene liker sine personlige vannhull og restauranter, og vi vil at alle skal f\u00f8le seg hjemme her, b\u00e5de tidligere stamgjester og nye gjester.<\/p><\/blockquote>\n<p>Til tross for dette har baren (som snart ogs\u00e5 vil \u00e5pne en restaurantseksjon) s\u00e5 langt v\u00e6rt en stor suksess og har begynt \u00e5 bygge en stabil kundebase av faste s\u00e5 vel som spontane gjester.<\/p>\n<p>&nbsp;<\/p>\n<h2>\u00d8nsket ikke \u00e5 h\u00e5lla igjen med kvaliteten n\u00e5r du velger kassesystem<\/h2>\n<p>For Vin&amp;Colonialen er det viktig \u00e5 gj\u00f8re en langsiktig investering i sin virksomhet. Det er et maraton \u00e5 l\u00f8pe, ikke en sprint.<\/p>\n<p>&laquo;Tallene er nye og vi er p\u00e5 den f\u00f8rste kilometeren av et maraton. Men dette er gode tall, s\u00e5 vi kan klappe oss selv p\u00e5 skulderen og fortsette \u00e5 l\u00f8pe. Vi tror veldig mye p\u00e5 samarbeidet med Trivec og f\u00f8ler oss ekstremt tatt vare p\u00e5&raquo;, sier Alexandrs.<\/p>\n<p>&laquo;Vi har jobbet med Trivec p\u00e5 v\u00e5r tidligere arbeidsplass og er vant til alle funksjoner, og derfor \u00f8nsket vi det samme systemet p\u00e5 Vin&amp;Colonialen&raquo;, sier de to eierne. &laquo;Vi \u00f8nsker ikke \u00e5 h\u00e5lla igjen med kvaliteten n\u00e5r det gjelder kassesystem. Vi vil ha noe som vi kan stole p\u00e5.&raquo;<\/p>\n<p><strong>&gt; <a href=\"https:\/\/www.trivec.no\/produkter\/\">Les mer om Trivecs kassesystem<\/a><\/strong><\/p>\n<blockquote><p>Vi \u00f8nsker ikke \u00e5 h\u00e5lla igjen med kvaliteten n\u00e5r det gjelder \u00e5 velge kassesystemer. Vi vil ha noe som vi kan stole p\u00e5.<\/p><\/blockquote>\n<h2><a href=\"https:\/\/www.trivec.no\/wp\/uploads\/2020\/10\/Case1.png\"><img loading=\"lazy\" decoding=\"async\" class=\"aligncenter wp-image-11649 size-large\" src=\"https:\/\/www.trivec.no\/wp\/uploads\/2020\/10\/Case1-1024x683.png\" alt=\"Vin&amp;Colonialen Trivec Customer\" width=\"1024\" height=\"683\" srcset=\"https:\/\/trivec.aws-staging.swace.se\/wp\/uploads\/2020\/10\/Case1-1024x683.png 1024w, https:\/\/trivec.aws-staging.swace.se\/wp\/uploads\/2020\/10\/Case1-300x200.png 300w, https:\/\/trivec.aws-staging.swace.se\/wp\/uploads\/2020\/10\/Case1-768x512.png 768w, https:\/\/trivec.aws-staging.swace.se\/wp\/uploads\/2020\/10\/Case1.png 1200w\" sizes=\"auto, (max-width: 1024px) 100vw, 1024px\" \/><\/a><\/h2>\n<p>&nbsp;<\/p>\n<h2>Behov for et mobilt pos-system<\/h2>\n<p>N\u00e5r det var p\u00e5 tide \u00e5 opprette en kravprofil for hvilken funksjonalitet som trengtes p\u00e5 Vin&amp;Colonialen, var mobilitet en sentral funksjon. Behovet for \u00e5 kunne plassere et kassaapparat p\u00e5 mindre overflater, for eksempel i baren eller p\u00e5 en utend\u00f8rs terrasse, var viktig. I tillegg er det restriksjoner som m\u00e5 leves opp til p\u00e5 grunn av covid-19 \u2013 kravet om \u00e5 tilby bordservice bidrar til ytterligere mobilitetsbehov.<\/p>\n<p>Trivec Go, et mobilt betalingssystem med samme kraftige funksjonalitet som POS-systemet fra Trivec var svaret. Hele betalingssystemet, og all funksjonalitet, samles i et Microsoft Surface Go-nettbrett som du enkelt og greit kan ta med deg og bevege deg etter hvert som behovet endres.<\/p>\n<p><strong>&gt; <a href=\"https:\/\/www.trivec.no\/mobilt-kassesystem\/\">Les mer om Trivec Go<\/a><\/strong><\/p>\n<p>&nbsp;<\/p>\n<p>&laquo;Vi valgte et POS-system fra Trivec\u00a0 som stasjon\u00e6r kassa i restauranten v\u00e5r som snart \u00e5pner opp naboen til baren fordi vi ikke vil flytte rundt p\u00e5 den. \u00a0Mens vi i baren gj\u00f8r bruk av Trivec Go som er lett \u00e5 flytte rundt, som er n\u00f8dvendig n\u00e5r plassen er begrenset. Friheten til \u00e5 skreddersy l\u00f8sningen p\u00e5 v\u00e5re behov veide tungt i v\u00e5r beslutning om \u00e5 velge Trivec,&raquo; sier Alexandrs.<\/p>\n<blockquote><p>Friheten til \u00e5 skreddersy l\u00f8sningen p\u00e5 v\u00e5re behov veide tungt i v\u00e5r beslutning om \u00e5 velge Trivec<\/p><\/blockquote>\n<h2>Viktig \u00e5 gj\u00f8re en langsiktig investering for Vin&amp;Colonialen<\/h2>\n<p>Betydningen av \u00e5 velge en leverand\u00f8r som arbeider p\u00e5 lang sikt er viktig for begge eierne. I stedet for \u00e5 velge noe for \u00e5 &laquo;bare komme i gang&raquo;, var detaljer og n\u00f8yaktighet viktig.<\/p>\n<p>&laquo;Vi valgte \u00e5 investere i Trivec fordi vi ikke \u00f8nsket \u00e5 h\u00e5lla igjen med noen detaljer, vi \u00f8nsket noe langsiktig og profesjonelt. Vi f\u00f8ler at Trivec er et selskap som alltid er i takt med utviklingen av nye produkter og har et system som man kan stole p\u00e5.&raquo;<\/p>\n<p>&laquo;Vi, som nye bedriftseiere, legger stor vekt p\u00e5 sikkerheten i \u00e5 f\u00e5 hjelp hvis det er ting som dykker opp med f.eks administrasjon, s\u00e5 det f\u00f8les bra at Trivec kan v\u00e6re der for oss p\u00e5 lang sikt,&raquo; legger Edwin til.<\/p>\n<p>Edwin og Alexandrs snakker om hvordan restauranten vil v\u00e6re neste del i full \u00e5pning, men at det ogs\u00e5 er andre planer for fremtiden. &laquo;Vi vil se p\u00e5 flere av Trivecs produkter og l\u00f8sninger i fremtiden. Vi ser frem til \u00e5 jobbe sammen, sier de.&raquo;[\/vc_story][\/vc_column][\/vc_row][vc_row padding_top=&raquo;none&raquo;][vc_column width=&raquo;1\/6&#8243;][\/vc_column][vc_column width=&raquo;2\/3&#8243;][vc_color_box bg_color=&raquo;gray&raquo;][vc_column_text large_font=&raquo;yes&raquo;]<\/p>\n<h3><strong>Om Vin&amp;Colonialen<\/strong><\/h3>\n<p>Vin&amp;Colonialen er en cocktailbar og restaurant som \u00e5pnet i 2020. Konseptet er franskinspirert og fokuserer hovedsakelig p\u00e5 fantastiske viner, cocktails, gode oster og god kaffe. Baren ligger p\u00e5 Oslo vestkant.<\/p>\n<p>For mer informasjon bes\u00f8k Vin&amp;Colonialen p\u00e5 instagram her: <a href=\"https:\/\/www.instagram.com\/vincolonialen\/\">@VinColonialen<\/a> eller via nettsiden: <a href=\"https:\/\/www.vinogcolonialen.com\/\">www.vinogcolonialen.com<\/a>[\/vc_column_text][\/vc_color_box][vc_btn cta_text_color=&raquo;white&raquo; title=&raquo;Les mer om v\u00e5re kunder&raquo; align=&raquo;center&raquo; link=&raquo;url:https%3A%2F%2Fwww.trivec.no%2Fkunder%2F|title:Kassesystemer%20til%20restauranter%2C%20barer%20og%20kaf%C3%A9er%20samt%20barautomatisering||&raquo;][\/vc_column][vc_column width=&raquo;1\/6&#8243;][\/vc_column][\/vc_row]<\/p>\n<\/div>","protected":false},"excerpt":{"rendered":"<p>[vc_row][vc_column][vc_story heading_text=&raquo;Ny\u00e5pnede Vin&amp;Colonialen h\u00e5ller ikke igjen med kvaliteten \u2013 Trivecs mobile kassesystem er et opplagt valg&raquo; preamble=&raquo;Hvis du er tiltrukket av gode oster, fantastiske viner, cocktails og kaffe av rang, er Vin &amp; Colonialen en perfekt hit. Baren ble satt opp i 2020 av erfarne Edwin Razumov og Alexandrs Sadovskis og den fransk-inspirerte baren (og [&hellip;]<\/p>\n","protected":false},"author":1,"featured_media":11636,"parent":1102,"menu_order":0,"comment_status":"closed","ping_status":"closed","template":"","meta":{"_acf_changed":false,"content-type":"","footnotes":""},"class_list":["post-11635","page","type-page","status-publish","has-post-thumbnail","hentry"],"acf":[],"yoast_head":"<!-- This site is optimized with the Yoast SEO plugin v27.2 - https:\/\/yoast.com\/product\/yoast-seo-wordpress\/ -->\n<title>Ny\u00e5pnede Vin&amp;Colonialen velger Trivecs mobile kassesystem<\/title>\n<meta name=\"description\" content=\"Vin&amp;Colonialen er en franskinspirert cocktailbar og restaurant som fokuserer hovedsakelig p\u00e5 fantastiske viner, cocktails, gode oster og god kaffe.\" \/>\n<meta name=\"robots\" content=\"noindex, follow\" \/>\n<meta property=\"og:locale\" content=\"nb_NO\" \/>\n<meta property=\"og:type\" content=\"article\" \/>\n<meta property=\"og:title\" content=\"Ny\u00e5pnede Vin&amp;Colonialen velger Trivecs mobile kassesystem\" \/>\n<meta property=\"og:description\" content=\"Vin&amp;Colonialen er en franskinspirert cocktailbar og restaurant som fokuserer hovedsakelig p\u00e5 fantastiske viner, cocktails, gode oster og god kaffe.\" \/>\n<meta property=\"og:url\" content=\"https:\/\/trivec.aws-staging.swace.se\/no\/kunder\/vin-og-colonialen\/\" \/>\n<meta property=\"og:site_name\" content=\"Trivec\" \/>\n<meta property=\"article:modified_time\" content=\"2020-10-30T08:03:02+00:00\" \/>\n<meta property=\"og:image\" content=\"https:\/\/www.trivec.aws-staging.swace.se\/wp\/uploads\/2020\/10\/VinColonialen-Bild-1-005.jpg\" \/>\n\t<meta property=\"og:image:width\" content=\"479\" \/>\n\t<meta property=\"og:image:height\" content=\"270\" \/>\n\t<meta property=\"og:image:type\" content=\"image\/jpeg\" \/>\n<meta name=\"twitter:card\" content=\"summary_large_image\" \/>\n<meta name=\"twitter:label1\" content=\"Ansl. lesetid\" \/>\n\t<meta name=\"twitter:data1\" content=\"5 minutter\" \/>\n<script type=\"application\/ld+json\" class=\"yoast-schema-graph\">{\"@context\":\"https:\/\/schema.org\",\"@graph\":[{\"@type\":\"WebPage\",\"@id\":\"https:\/\/trivec.aws-staging.swace.se\/no\/kunder\/vin-og-colonialen\/\",\"url\":\"https:\/\/trivec.aws-staging.swace.se\/no\/kunder\/vin-og-colonialen\/\",\"name\":\"Ny\u00e5pnede Vin&Colonialen velger Trivecs mobile kassesystem\",\"isPartOf\":{\"@id\":\"https:\/\/trivec.aws-staging.swace.se\/no\/#website\"},\"primaryImageOfPage\":{\"@id\":\"https:\/\/trivec.aws-staging.swace.se\/no\/kunder\/vin-og-colonialen\/#primaryimage\"},\"image\":{\"@id\":\"https:\/\/trivec.aws-staging.swace.se\/no\/kunder\/vin-og-colonialen\/#primaryimage\"},\"thumbnailUrl\":\"https:\/\/trivec.aws-staging.swace.se\/wp\/uploads\/2020\/10\/VinColonialen-Bild-1-005.jpg\",\"datePublished\":\"2020-10-06T11:41:28+00:00\",\"dateModified\":\"2020-10-30T08:03:02+00:00\",\"description\":\"Vin&Colonialen er en franskinspirert cocktailbar og restaurant som fokuserer hovedsakelig p\u00e5 fantastiske viner, cocktails, gode oster og god kaffe.\",\"breadcrumb\":{\"@id\":\"https:\/\/trivec.aws-staging.swace.se\/no\/kunder\/vin-og-colonialen\/#breadcrumb\"},\"inLanguage\":\"nb-NO\",\"potentialAction\":[{\"@type\":\"ReadAction\",\"target\":[\"https:\/\/trivec.aws-staging.swace.se\/no\/kunder\/vin-og-colonialen\/\"]}]},{\"@type\":\"ImageObject\",\"inLanguage\":\"nb-NO\",\"@id\":\"https:\/\/trivec.aws-staging.swace.se\/no\/kunder\/vin-og-colonialen\/#primaryimage\",\"url\":\"https:\/\/trivec.aws-staging.swace.se\/wp\/uploads\/2020\/10\/VinColonialen-Bild-1-005.jpg\",\"contentUrl\":\"https:\/\/trivec.aws-staging.swace.se\/wp\/uploads\/2020\/10\/VinColonialen-Bild-1-005.jpg\",\"width\":479,\"height\":270,\"caption\":\"Alexandr Sadovskis og Edwin Razumov Vin&Colonialen Trivec kund\"},{\"@type\":\"BreadcrumbList\",\"@id\":\"https:\/\/trivec.aws-staging.swace.se\/no\/kunder\/vin-og-colonialen\/#breadcrumb\",\"itemListElement\":[{\"@type\":\"ListItem\",\"position\":1,\"name\":\"Home\",\"item\":\"https:\/\/trivec.aws-staging.swace.se\/no\/\"},{\"@type\":\"ListItem\",\"position\":2,\"name\":\"Kunder\",\"item\":\"https:\/\/trivec.aws-staging.swace.se\/no\/kunder\/\"},{\"@type\":\"ListItem\",\"position\":3,\"name\":\"Vin&#038;Colonialen\"}]},{\"@type\":\"WebSite\",\"@id\":\"https:\/\/trivec.aws-staging.swace.se\/no\/#website\",\"url\":\"https:\/\/trivec.aws-staging.swace.se\/no\/\",\"name\":\"Trivec\",\"description\":\"Markedsledende kassasystemer til restauranter, barer og hotell\",\"potentialAction\":[{\"@type\":\"SearchAction\",\"target\":{\"@type\":\"EntryPoint\",\"urlTemplate\":\"https:\/\/trivec.aws-staging.swace.se\/no\/?s={search_term_string}\"},\"query-input\":{\"@type\":\"PropertyValueSpecification\",\"valueRequired\":true,\"valueName\":\"search_term_string\"}}],\"inLanguage\":\"nb-NO\"}]}<\/script>\n<!-- \/ Yoast SEO plugin. -->","yoast_head_json":{"title":"Ny\u00e5pnede Vin&Colonialen velger Trivecs mobile kassesystem","description":"Vin&Colonialen er en franskinspirert cocktailbar og restaurant som fokuserer hovedsakelig p\u00e5 fantastiske viner, cocktails, gode oster og god kaffe.","robots":{"index":"noindex","follow":"follow"},"og_locale":"nb_NO","og_type":"article","og_title":"Ny\u00e5pnede Vin&Colonialen velger Trivecs mobile kassesystem","og_description":"Vin&Colonialen er en franskinspirert cocktailbar og restaurant som fokuserer hovedsakelig p\u00e5 fantastiske viner, cocktails, gode oster og god kaffe.","og_url":"https:\/\/trivec.aws-staging.swace.se\/no\/kunder\/vin-og-colonialen\/","og_site_name":"Trivec","article_modified_time":"2020-10-30T08:03:02+00:00","og_image":[{"width":479,"height":270,"url":"https:\/\/www.trivec.aws-staging.swace.se\/wp\/uploads\/2020\/10\/VinColonialen-Bild-1-005.jpg","type":"image\/jpeg"}],"twitter_card":"summary_large_image","twitter_misc":{"Ansl. lesetid":"5 minutter"},"schema":{"@context":"https:\/\/schema.org","@graph":[{"@type":"WebPage","@id":"https:\/\/trivec.aws-staging.swace.se\/no\/kunder\/vin-og-colonialen\/","url":"https:\/\/trivec.aws-staging.swace.se\/no\/kunder\/vin-og-colonialen\/","name":"Ny\u00e5pnede Vin&Colonialen velger Trivecs mobile kassesystem","isPartOf":{"@id":"https:\/\/trivec.aws-staging.swace.se\/no\/#website"},"primaryImageOfPage":{"@id":"https:\/\/trivec.aws-staging.swace.se\/no\/kunder\/vin-og-colonialen\/#primaryimage"},"image":{"@id":"https:\/\/trivec.aws-staging.swace.se\/no\/kunder\/vin-og-colonialen\/#primaryimage"},"thumbnailUrl":"https:\/\/trivec.aws-staging.swace.se\/wp\/uploads\/2020\/10\/VinColonialen-Bild-1-005.jpg","datePublished":"2020-10-06T11:41:28+00:00","dateModified":"2020-10-30T08:03:02+00:00","description":"Vin&Colonialen er en franskinspirert cocktailbar og restaurant som fokuserer hovedsakelig p\u00e5 fantastiske viner, cocktails, gode oster og god kaffe.","breadcrumb":{"@id":"https:\/\/trivec.aws-staging.swace.se\/no\/kunder\/vin-og-colonialen\/#breadcrumb"},"inLanguage":"nb-NO","potentialAction":[{"@type":"ReadAction","target":["https:\/\/trivec.aws-staging.swace.se\/no\/kunder\/vin-og-colonialen\/"]}]},{"@type":"ImageObject","inLanguage":"nb-NO","@id":"https:\/\/trivec.aws-staging.swace.se\/no\/kunder\/vin-og-colonialen\/#primaryimage","url":"https:\/\/trivec.aws-staging.swace.se\/wp\/uploads\/2020\/10\/VinColonialen-Bild-1-005.jpg","contentUrl":"https:\/\/trivec.aws-staging.swace.se\/wp\/uploads\/2020\/10\/VinColonialen-Bild-1-005.jpg","width":479,"height":270,"caption":"Alexandr Sadovskis og Edwin Razumov Vin&Colonialen Trivec kund"},{"@type":"BreadcrumbList","@id":"https:\/\/trivec.aws-staging.swace.se\/no\/kunder\/vin-og-colonialen\/#breadcrumb","itemListElement":[{"@type":"ListItem","position":1,"name":"Home","item":"https:\/\/trivec.aws-staging.swace.se\/no\/"},{"@type":"ListItem","position":2,"name":"Kunder","item":"https:\/\/trivec.aws-staging.swace.se\/no\/kunder\/"},{"@type":"ListItem","position":3,"name":"Vin&#038;Colonialen"}]},{"@type":"WebSite","@id":"https:\/\/trivec.aws-staging.swace.se\/no\/#website","url":"https:\/\/trivec.aws-staging.swace.se\/no\/","name":"Trivec","description":"Markedsledende kassasystemer til restauranter, barer og hotell","potentialAction":[{"@type":"SearchAction","target":{"@type":"EntryPoint","urlTemplate":"https:\/\/trivec.aws-staging.swace.se\/no\/?s={search_term_string}"},"query-input":{"@type":"PropertyValueSpecification","valueRequired":true,"valueName":"search_term_string"}}],"inLanguage":"nb-NO"}]}},"_links":{"self":[{"href":"https:\/\/trivec.aws-staging.swace.se\/no\/wp-json\/wp\/v2\/pages\/11635","targetHints":{"allow":["GET"]}}],"collection":[{"href":"https:\/\/trivec.aws-staging.swace.se\/no\/wp-json\/wp\/v2\/pages"}],"about":[{"href":"https:\/\/trivec.aws-staging.swace.se\/no\/wp-json\/wp\/v2\/types\/page"}],"author":[{"embeddable":true,"href":"https:\/\/trivec.aws-staging.swace.se\/no\/wp-json\/wp\/v2\/users\/1"}],"replies":[{"embeddable":true,"href":"https:\/\/trivec.aws-staging.swace.se\/no\/wp-json\/wp\/v2\/comments?post=11635"}],"version-history":[{"count":18,"href":"https:\/\/trivec.aws-staging.swace.se\/no\/wp-json\/wp\/v2\/pages\/11635\/revisions"}],"predecessor-version":[{"id":12222,"href":"https:\/\/trivec.aws-staging.swace.se\/no\/wp-json\/wp\/v2\/pages\/11635\/revisions\/12222"}],"up":[{"embeddable":true,"href":"https:\/\/trivec.aws-staging.swace.se\/no\/wp-json\/wp\/v2\/pages\/1102"}],"wp:featuredmedia":[{"embeddable":true,"href":"https:\/\/trivec.aws-staging.swace.se\/no\/wp-json\/wp\/v2\/media\/11636"}],"wp:attachment":[{"href":"https:\/\/trivec.aws-staging.swace.se\/no\/wp-json\/wp\/v2\/media?parent=11635"}],"curies":[{"name":"wp","href":"https:\/\/api.w.org\/{rel}","templated":true}]}}