{"id":1133,"date":"2018-11-12T08:00:23","date_gmt":"2018-11-12T08:00:23","guid":{"rendered":"https:\/\/www.trivec.se\/privacy-policy\/"},"modified":"2022-06-21T13:57:26","modified_gmt":"2022-06-21T11:57:26","slug":"privacy-policy","status":"publish","type":"page","link":"https:\/\/trivec.aws-staging.swace.se\/no\/privacy-policy\/","title":{"rendered":"Privacy Policy"},"content":{"rendered":"<div class=\"wpb-content-wrapper\"><p>[vc_row][vc_column][vc_story heading_text=&raquo;Privacy Policy&raquo; preamble=&raquo;Her presenteres Trivecs personverneregler.&raquo;]<\/p>\n<p class=\"p1\"><span class=\"s1\">De personopplysningene som vi samler inn om deg, er begrenset til slikt som pleier \u00e5 st\u00e5 p\u00e5 visittkort, som for eksempel navn, tittel, virksomhet, adresse, e-post og telefonnummer. I enkelte tilfeller kan vi ogs\u00e5 be deg om ytterligere informasjon relatert til arbeidet, som bransje og virksomhetens st\u00f8rrelse.<\/span><\/p>\n<p class=\"p1\"><span class=\"s1\">P\u00e5 v\u00e5re nettsider samler vi ogs\u00e5 inn og lagrer en viss informasjon automatisk med bruk av cookies og liknende teknikker, som for eksempel IP-adresser, region, type nettleser samt informasjon om bruk.<\/span><\/p>\n<h4 class=\"p1\"><span class=\"s1\">Hvordan vi samler inn disse personopplysningene<\/span><\/h4>\n<p class=\"p1\"><span class=\"s1\">Vi samler inn informasjonen n\u00e5r du fyller ut et skjema p\u00e5 v\u00e5rt nettsted, for eksempel bestilling av demo, kontakt meg, eller nedlasting av et dokument.<\/span><\/p>\n<h4 class=\"p1\"><span class=\"s1\">N\u00e5r du bes\u00f8ker v\u00e5r nettside<\/span><\/h4>\n<p class=\"p1\"><span class=\"s1\">Du kan bes\u00f8ke v\u00e5r nettside uten \u00e5 gi fra deg personlig informasjon. Trivec benytter Google Analytics og cookies for \u00e5 forbedre v\u00e5r service og brukervennlighet, og for \u00e5 analysere hvordan nettstedet brukes. Bortsett fra IP-adressen, er informasjonen som Google Analytics samler inn for det meste anonym trafikkdata som nettleserinformasjon, enhet og spr\u00e5k. Den innsamlede informasjonen brukes f\u00f8rst og fremst for \u00e5 skape et overblikk over hvordan nettstedet brukes.<\/span><\/p>\n<h4 class=\"p1\"><span class=\"s1\">N\u00e5r du fyller ut et nettskjema<\/span><\/h4>\n<p class=\"p1\"><span class=\"s1\">Dersom du velger \u00e5 kontakte oss under ditt bes\u00f8k p\u00e5 v\u00e5rt nettsted, vil din personlige informasjon skjules i v\u00e5rt marketing-automasjonsverkt\u00f8y Hubspot, samt i v\u00e5rt CRM-system Lime CRM. Informasjonen du oppgir i et skjema h\u00e5ndteres og lagres slik at vi kan kontakte deg og besvare dine sp\u00f8rsm\u00e5l, samt at de benyttes til markedsf\u00f8ringsform\u00e5l for egen del.<\/span><\/p>\n<h4 class=\"p1\"><span class=\"s1\">Hvordan vi benytter cookies p\u00e5 v\u00e5rt nettsted<\/span><\/h4>\n<p class=\"p1\"><a href=\"https:\/\/www.trivec.no\/privacy-policy\/retningslinjer-for-bruk-av-informasjonskapsler\/\">Til Cookie policy<\/a><\/p>\n<h4 class=\"p1\"><span class=\"s1\">Den legitime grunnen for v\u00e5r behandling av dine personopplysninger <\/span><\/h4>\n<p class=\"p1\"><span class=\"s1\">Vi ut\u00f8ver etablert praksis i henhold til gjeldende lov og bestemmelser om beskyttelse av personopplysninger, blant annet EU\u2019s databeskyttelsesvern, General Data Protection Regulation (GDPR).<\/span><\/p>\n<p class=\"p1\"><span class=\"s1\">V\u00e5r behandling av dine personopplysninger har sin legitime grunn i berettiget interesse, og i enkelte tilfeller samtykke fra deg som bes\u00f8ker v\u00e5rt nettsted. I de tilfeller der samtykke kreves, kommer vi til \u00e5 be om det fra deg. I andre tilfeller kan den legitime grunnen for v\u00e5r behandling av dine personopplysninger v\u00e6re at vi inng\u00e5r en avtale med deg, for eksempel dersom du er kunde hos oss.<\/span><\/p>\n<h4 class=\"p1\"><span class=\"s1\">Dine rettigheter til \u00e5 be om \u00e5 endre eller slette informasjon<\/span><\/h4>\n<p class=\"p1\"><span class=\"s1\">Du har alltid rett til \u00e5 be om \u00e5 f\u00e5 ut de opplysninger vi har lagret om deg. Du kan gj\u00f8re dette ved \u00e5 kontakte oss p\u00e5 <a href=\"mailto:privacy@trivec.no\">privacy@trivec.no<\/a><span class=\"Apple-converted-space\">\u00a0<\/span>Vi s\u00f8rger for at du f\u00e5r en kopi av informasjonen vi har om deg. For \u00e5 kunne gj\u00f8re dette p\u00e5 en sikker m\u00e5te, kan vi komme til \u00e5 be deg verifisere din identitet. Vi sender deg informasjonen digitalt, s\u00e5fremt du ikke ber om noe annet.<\/span><\/p>\n<p class=\"p1\"><span class=\"s1\">Dersom du anser informasjonen vi har lagret om deg som feilaktig eller uaktuell, kontakter du oss p\u00e5 <a href=\"mailto:privacy@trivec.no\">privacy@trivec.no<\/a>, slik at vi kan oppdatere den. Informasjonen som vi ikke lenger har bruk for slettes fortl\u00f8pende.<\/span><\/p>\n<p class=\"p1\"><span class=\"s1\">Du kan n\u00e5r som helst f\u00e5 slettet dine opplysninger fra v\u00e5re systemer og registre. Dersom du vil fjernes fra v\u00e5re systemer og registre, anmelder du det til oss p\u00e5 <a href=\"mailto:privacy@trivec.no\">privacy@trivec.no<\/a>.<\/span><\/p>\n<p class=\"p1\"><span class=\"s1\">Trivecs Personopplysningsregler gjelder for innsamling av informasjon av v\u00e5rt nettsted. Denne versjonen av reglene gjelder fra og med 13. desember 2018 og l\u00f8per inntil videre.<\/span><\/p>\n<p class=\"p1\"><span class=\"s1\">Dersom du har ytterligere sp\u00f8rsm\u00e5l om v\u00e5r h\u00e5ndtering og lagring av dine personopplysninger, vennligst kontakt oss p\u00e5 <a href=\"mailto:privacy@trivec.no\">privacy@trivec.no<\/a><span class=\"s2\">.<\/span><\/span><\/p>\n<p>[\/vc_story][\/vc_column][\/vc_row]<\/p>\n<\/div>","protected":false},"excerpt":{"rendered":"<p>[vc_row][vc_column][vc_story heading_text=&raquo;Privacy Policy&raquo; preamble=&raquo;Her presenteres Trivecs personverneregler.&raquo;] De personopplysningene som vi samler inn om deg, er begrenset til slikt som pleier \u00e5 st\u00e5 p\u00e5 visittkort, som for eksempel navn, tittel, virksomhet, adresse, e-post og telefonnummer. I enkelte tilfeller kan vi ogs\u00e5 be deg om ytterligere informasjon relatert til arbeidet, som bransje og virksomhetens st\u00f8rrelse. P\u00e5 [&hellip;]<\/p>\n","protected":false},"author":1,"featured_media":0,"parent":0,"menu_order":7,"comment_status":"closed","ping_status":"open","template":"","meta":{"_acf_changed":false,"content-type":"","footnotes":""},"class_list":["post-1133","page","type-page","status-publish","hentry"],"acf":[],"yoast_head":"<!-- This site is optimized with the Yoast SEO plugin v27.2 - https:\/\/yoast.com\/product\/yoast-seo-wordpress\/ -->\n<title>Privacy Policy - Trivec<\/title>\n<meta name=\"robots\" content=\"noindex, follow\" \/>\n<meta property=\"og:locale\" content=\"nb_NO\" \/>\n<meta property=\"og:type\" content=\"article\" \/>\n<meta property=\"og:title\" content=\"Privacy Policy - Trivec\" \/>\n<meta property=\"og:description\" content=\"[vc_row][vc_column][vc_story heading_text=&raquo;Privacy Policy&raquo; preamble=&raquo;Her presenteres Trivecs personverneregler.&raquo;] De personopplysningene som vi samler inn om deg, er begrenset til slikt som pleier \u00e5 st\u00e5 p\u00e5 visittkort, som for eksempel navn, tittel, virksomhet, adresse, e-post og telefonnummer. I enkelte tilfeller kan vi ogs\u00e5 be deg om ytterligere informasjon relatert til arbeidet, som bransje og virksomhetens st\u00f8rrelse. P\u00e5 [&hellip;]\" \/>\n<meta property=\"og:url\" content=\"https:\/\/trivec.aws-staging.swace.se\/no\/privacy-policy\/\" \/>\n<meta property=\"og:site_name\" content=\"Trivec\" \/>\n<meta property=\"article:modified_time\" content=\"2022-06-21T11:57:26+00:00\" \/>\n<meta name=\"twitter:card\" content=\"summary_large_image\" \/>\n<meta name=\"twitter:label1\" content=\"Ansl. lesetid\" \/>\n\t<meta name=\"twitter:data1\" content=\"3 minutter\" \/>\n<script type=\"application\/ld+json\" class=\"yoast-schema-graph\">{\"@context\":\"https:\/\/schema.org\",\"@graph\":[{\"@type\":\"WebPage\",\"@id\":\"https:\/\/trivec.aws-staging.swace.se\/no\/privacy-policy\/\",\"url\":\"https:\/\/trivec.aws-staging.swace.se\/no\/privacy-policy\/\",\"name\":\"Privacy Policy - Trivec\",\"isPartOf\":{\"@id\":\"https:\/\/trivec.aws-staging.swace.se\/no\/#website\"},\"datePublished\":\"2018-11-12T08:00:23+00:00\",\"dateModified\":\"2022-06-21T11:57:26+00:00\",\"breadcrumb\":{\"@id\":\"https:\/\/trivec.aws-staging.swace.se\/no\/privacy-policy\/#breadcrumb\"},\"inLanguage\":\"nb-NO\",\"potentialAction\":[{\"@type\":\"ReadAction\",\"target\":[\"https:\/\/trivec.aws-staging.swace.se\/no\/privacy-policy\/\"]}]},{\"@type\":\"BreadcrumbList\",\"@id\":\"https:\/\/trivec.aws-staging.swace.se\/no\/privacy-policy\/#breadcrumb\",\"itemListElement\":[{\"@type\":\"ListItem\",\"position\":1,\"name\":\"Home\",\"item\":\"https:\/\/trivec.aws-staging.swace.se\/no\/\"},{\"@type\":\"ListItem\",\"position\":2,\"name\":\"Privacy Policy\"}]},{\"@type\":\"WebSite\",\"@id\":\"https:\/\/trivec.aws-staging.swace.se\/no\/#website\",\"url\":\"https:\/\/trivec.aws-staging.swace.se\/no\/\",\"name\":\"Trivec\",\"description\":\"Markedsledende kassasystemer til restauranter, barer og hotell\",\"potentialAction\":[{\"@type\":\"SearchAction\",\"target\":{\"@type\":\"EntryPoint\",\"urlTemplate\":\"https:\/\/trivec.aws-staging.swace.se\/no\/?s={search_term_string}\"},\"query-input\":{\"@type\":\"PropertyValueSpecification\",\"valueRequired\":true,\"valueName\":\"search_term_string\"}}],\"inLanguage\":\"nb-NO\"}]}<\/script>\n<!-- \/ Yoast SEO plugin. -->","yoast_head_json":{"title":"Privacy Policy - Trivec","robots":{"index":"noindex","follow":"follow"},"og_locale":"nb_NO","og_type":"article","og_title":"Privacy Policy - Trivec","og_description":"[vc_row][vc_column][vc_story heading_text=&raquo;Privacy Policy&raquo; preamble=&raquo;Her presenteres Trivecs personverneregler.&raquo;] De personopplysningene som vi samler inn om deg, er begrenset til slikt som pleier \u00e5 st\u00e5 p\u00e5 visittkort, som for eksempel navn, tittel, virksomhet, adresse, e-post og telefonnummer. I enkelte tilfeller kan vi ogs\u00e5 be deg om ytterligere informasjon relatert til arbeidet, som bransje og virksomhetens st\u00f8rrelse. P\u00e5 [&hellip;]","og_url":"https:\/\/trivec.aws-staging.swace.se\/no\/privacy-policy\/","og_site_name":"Trivec","article_modified_time":"2022-06-21T11:57:26+00:00","twitter_card":"summary_large_image","twitter_misc":{"Ansl. lesetid":"3 minutter"},"schema":{"@context":"https:\/\/schema.org","@graph":[{"@type":"WebPage","@id":"https:\/\/trivec.aws-staging.swace.se\/no\/privacy-policy\/","url":"https:\/\/trivec.aws-staging.swace.se\/no\/privacy-policy\/","name":"Privacy Policy - Trivec","isPartOf":{"@id":"https:\/\/trivec.aws-staging.swace.se\/no\/#website"},"datePublished":"2018-11-12T08:00:23+00:00","dateModified":"2022-06-21T11:57:26+00:00","breadcrumb":{"@id":"https:\/\/trivec.aws-staging.swace.se\/no\/privacy-policy\/#breadcrumb"},"inLanguage":"nb-NO","potentialAction":[{"@type":"ReadAction","target":["https:\/\/trivec.aws-staging.swace.se\/no\/privacy-policy\/"]}]},{"@type":"BreadcrumbList","@id":"https:\/\/trivec.aws-staging.swace.se\/no\/privacy-policy\/#breadcrumb","itemListElement":[{"@type":"ListItem","position":1,"name":"Home","item":"https:\/\/trivec.aws-staging.swace.se\/no\/"},{"@type":"ListItem","position":2,"name":"Privacy Policy"}]},{"@type":"WebSite","@id":"https:\/\/trivec.aws-staging.swace.se\/no\/#website","url":"https:\/\/trivec.aws-staging.swace.se\/no\/","name":"Trivec","description":"Markedsledende kassasystemer til restauranter, barer og hotell","potentialAction":[{"@type":"SearchAction","target":{"@type":"EntryPoint","urlTemplate":"https:\/\/trivec.aws-staging.swace.se\/no\/?s={search_term_string}"},"query-input":{"@type":"PropertyValueSpecification","valueRequired":true,"valueName":"search_term_string"}}],"inLanguage":"nb-NO"}]}},"_links":{"self":[{"href":"https:\/\/trivec.aws-staging.swace.se\/no\/wp-json\/wp\/v2\/pages\/1133","targetHints":{"allow":["GET"]}}],"collection":[{"href":"https:\/\/trivec.aws-staging.swace.se\/no\/wp-json\/wp\/v2\/pages"}],"about":[{"href":"https:\/\/trivec.aws-staging.swace.se\/no\/wp-json\/wp\/v2\/types\/page"}],"author":[{"embeddable":true,"href":"https:\/\/trivec.aws-staging.swace.se\/no\/wp-json\/wp\/v2\/users\/1"}],"replies":[{"embeddable":true,"href":"https:\/\/trivec.aws-staging.swace.se\/no\/wp-json\/wp\/v2\/comments?post=1133"}],"version-history":[{"count":8,"href":"https:\/\/trivec.aws-staging.swace.se\/no\/wp-json\/wp\/v2\/pages\/1133\/revisions"}],"predecessor-version":[{"id":27270,"href":"https:\/\/trivec.aws-staging.swace.se\/no\/wp-json\/wp\/v2\/pages\/1133\/revisions\/27270"}],"wp:attachment":[{"href":"https:\/\/trivec.aws-staging.swace.se\/no\/wp-json\/wp\/v2\/media?parent=1133"}],"curies":[{"name":"wp","href":"https:\/\/api.w.org\/{rel}","templated":true}]}}