{"id":8488,"date":"2020-03-09T11:15:14","date_gmt":"2020-03-09T10:15:14","guid":{"rendered":"https:\/\/www.trivec.aws-staging.swace.se\/?page_id=8488"},"modified":"2020-10-30T09:45:43","modified_gmt":"2020-10-30T08:45:43","slug":"h8-collection","status":"publish","type":"page","link":"https:\/\/trivec.aws-staging.swace.se\/fr\/clients\/h8-collection\/","title":{"rendered":"H8 Collection"},"content":{"rendered":"<div class=\"wpb-content-wrapper\"><p>[vc_row][vc_column][vc_story heading_text=\u00a0\u00bbH8 Collection\u00a0\u00bb preamble=\u00a0\u00bbDans une \u00e8re o\u00f9 la tendance est \u00e0 \u00ab l\u2019exp\u00e9rience unique \u00bb, le groupe d\u2019h\u00f4tels de luxe H8 Collection a su trouver sa place et s\u2019imposer. Fond\u00e9 par Jean Philippe Cartier, dont l\u2019esprit entrepreneurial remonte \u00e0 son plus jeune \u00e2ge, le groupe souhaite faire vivre \u00e0 ses clients une exp\u00e9rience d\u2019exception et faire d\u00e9couvrir aux \u00e9trangers les plus belles r\u00e9gions de France.\u00a0\u00bb]<\/p>\n<h1><img loading=\"lazy\" decoding=\"async\" class=\"aligncenter wp-image-8497 size-large\" src=\"https:\/\/www.trivec.fr\/app\/uploads\/\/2020\/03\/H8-collection-client-Trivec-1024x683.jpg\" alt=\"H\u00f4tel les Hauts de Loire H8 collection, client Trivec\" width=\"1024\" height=\"683\" srcset=\"https:\/\/trivec.aws-staging.swace.se\/wp\/uploads\/2020\/03\/H8-collection-client-Trivec-1024x683.jpg 1024w, https:\/\/trivec.aws-staging.swace.se\/wp\/uploads\/2020\/03\/H8-collection-client-Trivec-300x200.jpg 300w, https:\/\/trivec.aws-staging.swace.se\/wp\/uploads\/2020\/03\/H8-collection-client-Trivec-768x512.jpg 768w, https:\/\/trivec.aws-staging.swace.se\/wp\/uploads\/2020\/03\/H8-collection-client-Trivec.jpg 1200w\" sizes=\"auto, (max-width: 1024px) 100vw, 1024px\" \/><\/h1>\n<h2><\/h2>\n<h2>La renaissance de l\u2019h\u00f4tellerie fran\u00e7aise<\/h2>\n<p>Lorsque Jean Philippe Cartier acquiert en 2011 le Mas de la Fouque, \u00e9tablissement situ\u00e9 en Camargue, son objectif est surtout d\u2019en faire un lieu amical o\u00f9 ses amis pourront venir passer du bon temps et se ressourcer. C\u2019\u00e9tait sans compter sa croissance et son impact dans le monde de l\u2019h\u00f4tellerie. Par la suite, l\u2019entrepreneur d\u00e9cide de poursuivre l\u2019acquisition de ces lieux de charmes et rach\u00e8te en 2014 un deuxi\u00e8me h\u00f4tel\u00a0: Le domaine des Hauts de Loire. C\u2019est de l\u00e0 que na\u00eetra H8 collection.<\/p>\n<p>Aujourd\u2019hui le groupe compte huit \u00e9tablissements qui se situent aux quatre coins de la France, poss\u00e9dant chacun une forte identit\u00e9, propre \u00e0 leur r\u00e9gion\u00a0:<\/p>\n<ul>\n<li>Le Mas de la Fouque<\/li>\n<li>Domaine des Hauts de Loire<\/li>\n<li>Le vieux Castillon<\/li>\n<li>H\u00f4tel Mathis Paris<\/li>\n<li>H\u00f4tel Mont Blanc Chamonix<\/li>\n<li>Maison D\u2019Uz\u00e8s<\/li>\n<li>L\u2019Hermitage<\/li>\n<li>Castel Beau Site<\/li>\n<\/ul>\n<p><img loading=\"lazy\" decoding=\"async\" class=\"aligncenter wp-image-8504 size-large\" src=\"https:\/\/www.trivec.fr\/app\/uploads\/\/2020\/03\/H8-collection-client-trivec-1-1024x683.jpg\" alt=\"Chambre h\u00f4tel Les Hauts de Loire H8 collection, client Trivec\" width=\"1024\" height=\"683\" srcset=\"https:\/\/trivec.aws-staging.swace.se\/wp\/uploads\/2020\/03\/H8-collection-client-trivec-1-1024x683.jpg 1024w, https:\/\/trivec.aws-staging.swace.se\/wp\/uploads\/2020\/03\/H8-collection-client-trivec-1-300x200.jpg 300w, https:\/\/trivec.aws-staging.swace.se\/wp\/uploads\/2020\/03\/H8-collection-client-trivec-1-768x512.jpg 768w, https:\/\/trivec.aws-staging.swace.se\/wp\/uploads\/2020\/03\/H8-collection-client-trivec-1.jpg 1200w\" sizes=\"auto, (max-width: 1024px) 100vw, 1024px\" \/><\/p>\n<h2>Des lieux d\u2019exception<\/h2>\n<p>Le secret de l\u2019entrepreneur\u00a0: Acqu\u00e9rir de vieux ch\u00e2teaux ancr\u00e9s dans le patrimoine fran\u00e7ais et les remettre au go\u00fbt du jour pour en faire des lieux \u00e9l\u00e9gant et conviviaux, avec un service de qualit\u00e9.<\/p>\n<p>Gr\u00e2ce \u00e0 la modernisation de ces anciennes b\u00e2tisses, le groupe fait ressortir l\u2019\u00e2me de chaque h\u00f4tel afin de montrer au monde la beaut\u00e9 du pays.<\/p>\n<p>Ces lieux ne sont pas seulement ce qui fait la \u00ab\u00a0signature\u00a0\u00bb de H8 collection. Les h\u00f4tels proposent des exp\u00e9riences uniques, internes et externes, pour r\u00e9pondre aux besoins des h\u00f4tes\u00a0:<\/p>\n<ul>\n<li>Cours de cuisine<\/li>\n<li>Cin\u00e9ma ext\u00e9rieur<\/li>\n<li>Salle de sport<\/li>\n<li>Spa en partenariat avec la marque Clarins<\/li>\n<li>Club pour enfants<\/li>\n<li>Vols en montgolfi\u00e8re ou en h\u00e9licopt\u00e8re<\/li>\n<li>Rafting<\/li>\n<\/ul>\n<p>L\u2019offre H8 collection ne propose pas seulement du tourisme de loisir, mais \u00e9galement l\u2019organisation de mariages, d\u2019\u00e9v\u00e8nements d\u2019entreprise et de s\u00e9minaires. Ils ont par exemple accueilli, entre autres\u00a0: Clarins, Rossignol, Lacoste ainsi que des blogueurs renomm\u00e9s.<\/p>\n<p>Toutes ces exp\u00e9riences permettent d&rsquo;accro\u00eetre la visibilit\u00e9 de la marque, gr\u00e2ce \u00e0 une communication principalement bas\u00e9e sur les r\u00e9seaux sociaux et le bouche \u00e0 oreille.<\/p>\n<h2><\/h2>\n<h2>Un logiciel de gestion h\u00f4teli\u00e8re et restaurant complet<\/h2>\n<p>La grande majorit\u00e9 des h\u00f4tels H8 collection disposent d\u2019un restaurant, chacun repr\u00e9sentant \u00e0 la perfection le style et l\u2019ambiance de leur r\u00e9gion d\u2019implantation.<\/p>\n<p>Les chefs, dont certains sont \u00e9toil\u00e9s, proposent une cuisine fran\u00e7aise authentique et de saison, faite avec des produits locaux et des l\u00e9gumes tout droit sortis des potagers, qui saura \u00e9veiller les papilles.<\/p>\n<p>Afin de satisfaire chaque client, le groupe se doit de travailler avec les meilleurs outils de gestion des restaurants et des h\u00f4tels. C\u2019est pourquoi H8 collection utilise les caisses enregistreuses Trivec.<\/p>\n<p>\u00ab\u00a0Nous avons d\u00e9couvert Trivec en 2009 avec l\u2019acquisition d\u2019un restaurant sur les champs \u00c9lys\u00e9es qui utilisait leurs caisses enregistreuses \u00bb nous explique Sebastien Armoogum, directeur d\u2019exploitation et des achats du groupe.<\/p>\n<p>&nbsp;<\/p>\n<p><img loading=\"lazy\" decoding=\"async\" class=\"aligncenter wp-image-8511 size-large\" src=\"https:\/\/www.trivec.fr\/app\/uploads\/\/2020\/03\/H8-Collection-client-Trivec-2-683x1024.jpg\" alt=\"Bistrot Les Hauts de Loire H8 collection, client Trivec\" width=\"683\" height=\"1024\" srcset=\"https:\/\/trivec.aws-staging.swace.se\/wp\/uploads\/2020\/03\/H8-Collection-client-Trivec-2-683x1024.jpg 683w, https:\/\/trivec.aws-staging.swace.se\/wp\/uploads\/2020\/03\/H8-Collection-client-Trivec-2-200x300.jpg 200w, https:\/\/trivec.aws-staging.swace.se\/wp\/uploads\/2020\/03\/H8-Collection-client-Trivec-2-768x1152.jpg 768w, https:\/\/trivec.aws-staging.swace.se\/wp\/uploads\/2020\/03\/H8-Collection-client-Trivec-2.jpg 1200w\" sizes=\"auto, (max-width: 683px) 100vw, 683px\" \/><\/p>\n<p>&nbsp;<\/p>\n<p>Depuis ce jour H8 collection fait confiance \u00e0 Trivec pour sa gestion de point de vente et de stocks. \u00ab\u00a0C\u2019est un partenariat fort de dix ans\u00a0\u00bb ajoute Sebastien Armoogum.<\/p>\n<p>Du fait de leur nombre important d\u2019\u00e9tablissements, il est important pour H8 collection que Trivec soit constamment pr\u00e9sent en cas de besoin, c\u2019est pourquoi le service client reste accessible aussi bien le week-end qu\u2019en semaine. Sebastien Armoogum cite :<\/p>\n<blockquote><p>\u00ab\u00a0C\u2019est un partenariat qui r\u00e9pond totalement \u00e0 nos attentes avec des produits fiables. Les \u00e9quipes sont comp\u00e9tentes et r\u00e9actives, ce qui pour nous est tr\u00e8s important. \u00bb<\/p><\/blockquote>\n<p>Gr\u00e2ce au logiciel de gestion h\u00f4teli\u00e8re et de restauration centralis\u00e9 Domino, H8 collection gagne en productivit\u00e9 et en ma\u00eetrise. Il est important pour le groupe d\u2019avoir des solutions fiables, modernes et faciles d\u2019utilisation comme celles que proposent Trivec, afin de r\u00e9pondre aux attentes des clients d&rsquo;aujourd&rsquo;hui.<\/p>\n<blockquote><p>\u00ab\u00a0Les solutions de caisses enregistreuses Trivec sont les plus compl\u00e8tes sur le march\u00e9, tr\u00e8s facile \u00e0 comprendre et \u00e0 mettre en place. La facilit\u00e9 d\u2019explication et la fluidit\u00e9 sont \u00e9galement des atouts pour nos \u00e9quipes.\u00a0\u00bb<\/p><\/blockquote>\n<p>Lorsque l\u2019on interroge Sebastien Armoogum sur sa vision du partenariat entre Trivec et H8 collection, il est avant tout question de confiance : \u00ab Cela fait un peu plus de 10 ans que nous travaillons ensemble et il n\u2019y a jamais eu de soucis. Il existe de vraies relations humaines entre nous. \u00bb Nous esp\u00e9rons que cela continuera le plus longtemps possible, gr\u00e2ce \u00e0 nos solutions en constante \u00e9volution.<\/p>\n<p>[\/vc_story][\/vc_column][\/vc_row][vc_row][vc_column width=\u00a0\u00bb1\/6&Prime;][\/vc_column][vc_column width=\u00a0\u00bb2\/3&Prime;][vc_color_box bg_color=\u00a0\u00bbgray\u00a0\u00bb][vc_column_text]<\/p>\n<h3><strong>A propos de H8 Collection<\/strong><\/h3>\n<p>H8 collection est un groupe d\u2019h\u00f4tels de luxe situ\u00e9s dans plusieurs r\u00e9gions de France, valorisant le patrimoine fran\u00e7ais \u00e0 travers ses diff\u00e9rents \u00e9tablissements, gr\u00e2ce \u00e0 son savoir-faire dans de nombreux domaines.<\/p>\n<p>Ces h\u00f4tels, symbolisant la beaut\u00e9 des diff\u00e9rentes r\u00e9gions de la France, sont r\u00e9nov\u00e9s et modernis\u00e9s afin d\u2019accueillir une client\u00e8le jeune, de provenances vari\u00e9es, pour leur faire vivre une exp\u00e9rience unique.[\/vc_column_text][vc_btn title=\u00a0\u00bbVisitez le site H8 collection ici\u00a0\u00bb style=\u00a0\u00bbread-more\u00a0\u00bb link=\u00a0\u00bburl:https%3A%2F%2Fwww.h8-collection.com%2F|||\u00a0\u00bb][\/vc_color_box][\/vc_column][vc_column width=\u00a0\u00bb1\/6&Prime;][\/vc_column][\/vc_row][vc_row][vc_column][vc_btn cta_text_color=\u00a0\u00bbwhite\u00a0\u00bb title=\u00a0\u00bbD\u00e9couvrez plus de cas clients ici\u00a0\u00bb align=\u00a0\u00bbcenter\u00a0\u00bb link=\u00a0\u00bburl:https%3A%2F%2Fwww.trivec.fr%2Fclients%2F|||\u00a0\u00bb][\/vc_column][\/vc_row]<\/p>\n<\/div>","protected":false},"excerpt":{"rendered":"<p>[vc_row][vc_column][vc_story heading_text=\u00a0\u00bbH8 Collection\u00a0\u00bb preamble=\u00a0\u00bbDans une \u00e8re o\u00f9 la tendance est \u00e0 \u00ab l\u2019exp\u00e9rience unique \u00bb, le groupe d\u2019h\u00f4tels de luxe H8 Collection a su trouver sa place et s\u2019imposer. Fond\u00e9 par Jean Philippe Cartier, dont l\u2019esprit entrepreneurial remonte \u00e0 son plus jeune \u00e2ge, le groupe souhaite faire vivre \u00e0 ses clients une exp\u00e9rience d\u2019exception et [&hellip;]<\/p>\n","protected":false},"author":1,"featured_media":8497,"parent":1098,"menu_order":0,"comment_status":"closed","ping_status":"closed","template":"","meta":{"_acf_changed":false,"content-type":"","footnotes":""},"class_list":["post-8488","page","type-page","status-publish","has-post-thumbnail","hentry"],"acf":[],"yoast_head":"<!-- This site is optimized with the Yoast SEO plugin v27.2 - https:\/\/yoast.com\/product\/yoast-seo-wordpress\/ -->\n<title>H8 Collection - Trivec<\/title>\n<meta name=\"description\" content=\"H8 collection a choisi pour ses restaurants d&#039;h\u00f4tels, la caisse enregistreuse Trivec et nous explique les raisons de ce choix dans cet article.\" \/>\n<meta name=\"robots\" content=\"noindex, follow\" \/>\n<meta property=\"og:locale\" content=\"fr_FR\" \/>\n<meta property=\"og:type\" content=\"article\" \/>\n<meta property=\"og:title\" content=\"H8 Collection - Trivec\" \/>\n<meta property=\"og:description\" content=\"H8 collection a choisi pour ses restaurants d&#039;h\u00f4tels, la caisse enregistreuse Trivec et nous explique les raisons de ce choix dans cet article.\" \/>\n<meta property=\"og:url\" content=\"https:\/\/trivec.aws-staging.swace.se\/fr\/clients\/h8-collection\/\" \/>\n<meta property=\"og:site_name\" content=\"Trivec\" \/>\n<meta property=\"article:modified_time\" content=\"2020-10-30T08:45:43+00:00\" \/>\n<meta property=\"og:image\" content=\"https:\/\/trivec.aws-staging.swace.se\/wp\/uploads\/2020\/03\/H8-collection-client-Trivec.jpg\" \/>\n\t<meta property=\"og:image:width\" content=\"1200\" \/>\n\t<meta property=\"og:image:height\" content=\"800\" \/>\n\t<meta property=\"og:image:type\" content=\"image\/jpeg\" \/>\n<meta name=\"twitter:card\" content=\"summary_large_image\" \/>\n<meta name=\"twitter:label1\" content=\"Dur\u00e9e de lecture estim\u00e9e\" \/>\n\t<meta name=\"twitter:data1\" content=\"5 minutes\" \/>\n<script type=\"application\/ld+json\" class=\"yoast-schema-graph\">{\"@context\":\"https:\/\/schema.org\",\"@graph\":[{\"@type\":\"WebPage\",\"@id\":\"https:\/\/trivec.aws-staging.swace.se\/fr\/clients\/h8-collection\/\",\"url\":\"https:\/\/trivec.aws-staging.swace.se\/fr\/clients\/h8-collection\/\",\"name\":\"H8 Collection - Trivec\",\"isPartOf\":{\"@id\":\"https:\/\/trivec.aws-staging.swace.se\/fr\/#website\"},\"primaryImageOfPage\":{\"@id\":\"https:\/\/trivec.aws-staging.swace.se\/fr\/clients\/h8-collection\/#primaryimage\"},\"image\":{\"@id\":\"https:\/\/trivec.aws-staging.swace.se\/fr\/clients\/h8-collection\/#primaryimage\"},\"thumbnailUrl\":\"https:\/\/trivec.aws-staging.swace.se\/wp\/uploads\/2020\/03\/H8-collection-client-Trivec.jpg\",\"datePublished\":\"2020-03-09T10:15:14+00:00\",\"dateModified\":\"2020-10-30T08:45:43+00:00\",\"description\":\"H8 collection a choisi pour ses restaurants d'h\u00f4tels, la caisse enregistreuse Trivec et nous explique les raisons de ce choix dans cet article.\",\"breadcrumb\":{\"@id\":\"https:\/\/trivec.aws-staging.swace.se\/fr\/clients\/h8-collection\/#breadcrumb\"},\"inLanguage\":\"fr-FR\",\"potentialAction\":[{\"@type\":\"ReadAction\",\"target\":[\"https:\/\/trivec.aws-staging.swace.se\/fr\/clients\/h8-collection\/\"]}]},{\"@type\":\"ImageObject\",\"inLanguage\":\"fr-FR\",\"@id\":\"https:\/\/trivec.aws-staging.swace.se\/fr\/clients\/h8-collection\/#primaryimage\",\"url\":\"https:\/\/trivec.aws-staging.swace.se\/wp\/uploads\/2020\/03\/H8-collection-client-Trivec.jpg\",\"contentUrl\":\"https:\/\/trivec.aws-staging.swace.se\/wp\/uploads\/2020\/03\/H8-collection-client-Trivec.jpg\",\"width\":1200,\"height\":800,\"caption\":\"H\u00f4tel les Hauts de Loire H8 collection, client Trivec\"},{\"@type\":\"BreadcrumbList\",\"@id\":\"https:\/\/trivec.aws-staging.swace.se\/fr\/clients\/h8-collection\/#breadcrumb\",\"itemListElement\":[{\"@type\":\"ListItem\",\"position\":1,\"name\":\"Home\",\"item\":\"https:\/\/www.trivec.aws-staging.swace.se\/fr\/\"},{\"@type\":\"ListItem\",\"position\":2,\"name\":\"Clients\",\"item\":\"https:\/\/trivec.aws-staging.swace.se\/fr\/clients\/\"},{\"@type\":\"ListItem\",\"position\":3,\"name\":\"H8 Collection\"}]},{\"@type\":\"WebSite\",\"@id\":\"https:\/\/trivec.aws-staging.swace.se\/fr\/#website\",\"url\":\"https:\/\/trivec.aws-staging.swace.se\/fr\/\",\"name\":\"Trivec\",\"description\":\"Caisse Restaurant, Doseur \u00e9lectronique\",\"potentialAction\":[{\"@type\":\"SearchAction\",\"target\":{\"@type\":\"EntryPoint\",\"urlTemplate\":\"https:\/\/trivec.aws-staging.swace.se\/fr\/?s={search_term_string}\"},\"query-input\":{\"@type\":\"PropertyValueSpecification\",\"valueRequired\":true,\"valueName\":\"search_term_string\"}}],\"inLanguage\":\"fr-FR\"}]}<\/script>\n<!-- \/ Yoast SEO plugin. -->","yoast_head_json":{"title":"H8 Collection - Trivec","description":"H8 collection a choisi pour ses restaurants d'h\u00f4tels, la caisse enregistreuse Trivec et nous explique les raisons de ce choix dans cet article.","robots":{"index":"noindex","follow":"follow"},"og_locale":"fr_FR","og_type":"article","og_title":"H8 Collection - Trivec","og_description":"H8 collection a choisi pour ses restaurants d'h\u00f4tels, la caisse enregistreuse Trivec et nous explique les raisons de ce choix dans cet article.","og_url":"https:\/\/trivec.aws-staging.swace.se\/fr\/clients\/h8-collection\/","og_site_name":"Trivec","article_modified_time":"2020-10-30T08:45:43+00:00","og_image":[{"width":1200,"height":800,"url":"https:\/\/trivec.aws-staging.swace.se\/wp\/uploads\/2020\/03\/H8-collection-client-Trivec.jpg","type":"image\/jpeg"}],"twitter_card":"summary_large_image","twitter_misc":{"Dur\u00e9e de lecture estim\u00e9e":"5 minutes"},"schema":{"@context":"https:\/\/schema.org","@graph":[{"@type":"WebPage","@id":"https:\/\/trivec.aws-staging.swace.se\/fr\/clients\/h8-collection\/","url":"https:\/\/trivec.aws-staging.swace.se\/fr\/clients\/h8-collection\/","name":"H8 Collection - Trivec","isPartOf":{"@id":"https:\/\/trivec.aws-staging.swace.se\/fr\/#website"},"primaryImageOfPage":{"@id":"https:\/\/trivec.aws-staging.swace.se\/fr\/clients\/h8-collection\/#primaryimage"},"image":{"@id":"https:\/\/trivec.aws-staging.swace.se\/fr\/clients\/h8-collection\/#primaryimage"},"thumbnailUrl":"https:\/\/trivec.aws-staging.swace.se\/wp\/uploads\/2020\/03\/H8-collection-client-Trivec.jpg","datePublished":"2020-03-09T10:15:14+00:00","dateModified":"2020-10-30T08:45:43+00:00","description":"H8 collection a choisi pour ses restaurants d'h\u00f4tels, la caisse enregistreuse Trivec et nous explique les raisons de ce choix dans cet article.","breadcrumb":{"@id":"https:\/\/trivec.aws-staging.swace.se\/fr\/clients\/h8-collection\/#breadcrumb"},"inLanguage":"fr-FR","potentialAction":[{"@type":"ReadAction","target":["https:\/\/trivec.aws-staging.swace.se\/fr\/clients\/h8-collection\/"]}]},{"@type":"ImageObject","inLanguage":"fr-FR","@id":"https:\/\/trivec.aws-staging.swace.se\/fr\/clients\/h8-collection\/#primaryimage","url":"https:\/\/trivec.aws-staging.swace.se\/wp\/uploads\/2020\/03\/H8-collection-client-Trivec.jpg","contentUrl":"https:\/\/trivec.aws-staging.swace.se\/wp\/uploads\/2020\/03\/H8-collection-client-Trivec.jpg","width":1200,"height":800,"caption":"H\u00f4tel les Hauts de Loire H8 collection, client Trivec"},{"@type":"BreadcrumbList","@id":"https:\/\/trivec.aws-staging.swace.se\/fr\/clients\/h8-collection\/#breadcrumb","itemListElement":[{"@type":"ListItem","position":1,"name":"Home","item":"https:\/\/www.trivec.aws-staging.swace.se\/fr\/"},{"@type":"ListItem","position":2,"name":"Clients","item":"https:\/\/trivec.aws-staging.swace.se\/fr\/clients\/"},{"@type":"ListItem","position":3,"name":"H8 Collection"}]},{"@type":"WebSite","@id":"https:\/\/trivec.aws-staging.swace.se\/fr\/#website","url":"https:\/\/trivec.aws-staging.swace.se\/fr\/","name":"Trivec","description":"Caisse Restaurant, Doseur \u00e9lectronique","potentialAction":[{"@type":"SearchAction","target":{"@type":"EntryPoint","urlTemplate":"https:\/\/trivec.aws-staging.swace.se\/fr\/?s={search_term_string}"},"query-input":{"@type":"PropertyValueSpecification","valueRequired":true,"valueName":"search_term_string"}}],"inLanguage":"fr-FR"}]}},"_links":{"self":[{"href":"https:\/\/trivec.aws-staging.swace.se\/fr\/wp-json\/wp\/v2\/pages\/8488","targetHints":{"allow":["GET"]}}],"collection":[{"href":"https:\/\/trivec.aws-staging.swace.se\/fr\/wp-json\/wp\/v2\/pages"}],"about":[{"href":"https:\/\/trivec.aws-staging.swace.se\/fr\/wp-json\/wp\/v2\/types\/page"}],"author":[{"embeddable":true,"href":"https:\/\/trivec.aws-staging.swace.se\/fr\/wp-json\/wp\/v2\/users\/1"}],"replies":[{"embeddable":true,"href":"https:\/\/trivec.aws-staging.swace.se\/fr\/wp-json\/wp\/v2\/comments?post=8488"}],"version-history":[{"count":5,"href":"https:\/\/trivec.aws-staging.swace.se\/fr\/wp-json\/wp\/v2\/pages\/8488\/revisions"}],"predecessor-version":[{"id":12316,"href":"https:\/\/trivec.aws-staging.swace.se\/fr\/wp-json\/wp\/v2\/pages\/8488\/revisions\/12316"}],"up":[{"embeddable":true,"href":"https:\/\/trivec.aws-staging.swace.se\/fr\/wp-json\/wp\/v2\/pages\/1098"}],"wp:featuredmedia":[{"embeddable":true,"href":"https:\/\/trivec.aws-staging.swace.se\/fr\/wp-json\/wp\/v2\/media\/8497"}],"wp:attachment":[{"href":"https:\/\/trivec.aws-staging.swace.se\/fr\/wp-json\/wp\/v2\/media?parent=8488"}],"curies":[{"name":"wp","href":"https:\/\/api.w.org\/{rel}","templated":true}]}}