{"id":7516,"date":"2020-01-08T12:19:47","date_gmt":"2020-01-08T11:19:47","guid":{"rendered":"https:\/\/www.trivec.aws-staging.swace.se\/?page_id=7516"},"modified":"2021-08-05T09:13:23","modified_gmt":"2021-08-05T07:13:23","slug":"jo-and-joe-hossegor","status":"publish","type":"page","link":"https:\/\/trivec.aws-staging.swace.se\/fr\/clients\/jo-and-joe-hossegor\/","title":{"rendered":"Jo and Joe Hossegor"},"content":{"rendered":"<div class=\"wpb-content-wrapper\"><p>[vc_row padding_bottom=\u00a0\u00bbnone\u00a0\u00bb][vc_column][vc_story heading_text=\u00a0\u00bbJo and Joe Hossegor\u00a0\u00bb]<strong>Le nom d\u2019Hossegor, petite ville baln\u00e9aire dans le Sud-Ouest de la France, \u00e9galement surnomm\u00e9e le \u00ab paradis fran\u00e7ais des surfeurs \u00bb, n\u2019est surement pas inconnu \u00e0 vos oreilles. En effet, ce petit coin o\u00f9 l\u2019on y respire le bon air marin, regorge de bonnes adresses.<\/strong><br \/>\n<strong>C\u2019est ici que se trouve l\u2019un des concepts, imagin\u00e9 par le groupe AccorHotels et en collaboration avec la firme de v\u00eatements li\u00e9s au surf Quiksilver : L\u2019open house Jo and Joe.<\/strong><\/p>\n<h3><img loading=\"lazy\" decoding=\"async\" class=\"aligncenter wp-image-7524 size-large\" src=\"https:\/\/www.trivec.fr\/app\/uploads\/\/2020\/01\/Jo-and-Joe-Hossegor-1024x683.jpg\" alt=\"Chambre Jo and Joe Hossegor\" width=\"1024\" height=\"683\" srcset=\"https:\/\/trivec.aws-staging.swace.se\/wp\/uploads\/2020\/01\/Jo-and-Joe-Hossegor-1024x683.jpg 1024w, https:\/\/trivec.aws-staging.swace.se\/wp\/uploads\/2020\/01\/Jo-and-Joe-Hossegor-300x200.jpg 300w, https:\/\/trivec.aws-staging.swace.se\/wp\/uploads\/2020\/01\/Jo-and-Joe-Hossegor-768x512.jpg 768w, https:\/\/trivec.aws-staging.swace.se\/wp\/uploads\/2020\/01\/Jo-and-Joe-Hossegor.jpg 2048w\" sizes=\"auto, (max-width: 1024px) 100vw, 1024px\" \/><\/h3>\n<p>&nbsp;<\/p>\n<h2>Un concept innovant dans le milieu des CHR<\/h2>\n<p>Pens\u00e9 pour tous, cet endroit est un m\u00e9lange entre auberge de jeunesse et h\u00f4tel. Mais c\u2019est avant tout <em>\u00ab\u00a0un lieu de vie\u00a0\u00bb<\/em> comme nous le dit <em>Antoine Marque, Directeur<\/em> du Jo and Joe d\u2019Hossegor. <em>\u00ab\u00a0Nous accueillons des familles qui viennent manger le midi avant de recevoir 2000 personnes dans le jardin le soir, pour un \u00e9v\u00e8nement\u00a0\u00bb<\/em><\/p>\n<p><em>\u00ab\u00a0Des s\u00e9minaires, des mariages, des surfeurs, des artistes\u00a0; nous aimons recevoir et rassembler diff\u00e9rentes activit\u00e9s dans un m\u00eame espace\u00a0\u00bb<\/em> C\u2019est \u00e7a l\u2019esprit Jo ans Joe\u00a0<em>: \u00ab\u00a0des identit\u00e9s qui se mixent\u00a0\u00bb,<\/em> de la place pour tout le monde, et dans la bonne ambiance.<\/p>\n<p>Ce qu\u2019on peut y faire\u00a0?<\/p>\n<ul>\n<li>Dormir\u00a0: Vous pourrez s\u00e9journer dans l\u2019une des nombreuses chambres \u00e9conomiques aux designs originaux et avoir acc\u00e8s \u00e0 la laverie et aux espaces communs.<\/li>\n<li>Manger\u00a0: L\u2019open house dispose d\u2019un bar o\u00f9 vous pourrez vous rafraichir les pieds dans le sable et d\u2019un restaurant qui propose des produits frais et vari\u00e9s, pour le plus grand plaisir de tous.<\/li>\n<li>Assister \u00e0 des \u00e9v\u00e8nements : Jo and Joe Hossegor regorge de bonnes id\u00e9es pour vous faire passer du bon temps. Entre les cours de yoga, de surf, ou d\u2019escalade, il est aussi possible d\u2019assister \u00e0 des concerts gratuits.<\/li>\n<\/ul>\n<p>&nbsp;<\/p>\n<h2>Des caisses enregistreuses aux petits \u00e9quipements\u00a0: simples et efficaces<\/h2>\n<p>L\u2019open house, qui est ouvert pendant la saison d\u2019\u00e9t\u00e9, accueille chaque ann\u00e9e plus d\u2019un millier de visiteurs. Tous les ans, Jo and Joe organise des \u00e9v\u00e8nements dont la soir\u00e9e d\u2019ouverture de la prestigieuse comp\u00e9tition mondiale de surf, Le Quiksilver pro, o\u00f9 les plus grands athl\u00e8tes du surf viennent se m\u00ealer \u00e0 la foule.<\/p>\n<p>Lors de ces \u00e9v\u00e8nements, o\u00f9 plusieurs milliers de personnes foulent les lieux de l\u2019open house, il est important pour les \u00e9quipes qui y travaillent d\u2019\u00eatre bien organis\u00e9es, et pour ce faire, de travailler avec les bons outils.<\/p>\n<p>Pour les commandes, <em>\u00ab\u00a0il \u00e9tait important pour nous de\u00a0travailler avec le syst\u00e8me de bipeur, et peu d\u2019entreprises pouvaient r\u00e9pondre \u00e0 ce besoin\u00a0\u00bb, <\/em>nous dit Antoine Marque. Les bipeurs ou pagers Trivec permettent de diminuer le d\u00e9lai d\u2019attente pour vos clients. Chaque client re\u00e7oit un bipeur apr\u00e8s avoir command\u00e9 et s\u2019installe \u00e0 une table. Quand la commande est pr\u00eate, le bipeur se met \u00e0 vibrer, cela signifie que le client peut venir la r\u00e9cup\u00e9rer. Tr\u00e8s efficace !<\/p>\n<p>&nbsp;<\/p>\n<h3><img loading=\"lazy\" decoding=\"async\" class=\"alignnone wp-image-7517 size-large\" src=\"https:\/\/www.trivec.fr\/app\/uploads\/\/2020\/01\/burger-Jo-and-Joe-Hossegor-1024x682.jpg\" alt=\"\" width=\"1024\" height=\"682\" srcset=\"https:\/\/trivec.aws-staging.swace.se\/wp\/uploads\/2020\/01\/burger-Jo-and-Joe-Hossegor-1024x682.jpg 1024w, https:\/\/trivec.aws-staging.swace.se\/wp\/uploads\/2020\/01\/burger-Jo-and-Joe-Hossegor-300x200.jpg 300w, https:\/\/trivec.aws-staging.swace.se\/wp\/uploads\/2020\/01\/burger-Jo-and-Joe-Hossegor-768x512.jpg 768w, https:\/\/trivec.aws-staging.swace.se\/wp\/uploads\/2020\/01\/burger-Jo-and-Joe-Hossegor.jpg 2000w\" sizes=\"auto, (max-width: 1024px) 100vw, 1024px\" \/><\/h3>\n<p>&nbsp;<\/p>\n<h2>Un support technique toujours disponible<\/h2>\n<p>En haute saison, Jo and Joe peut accueillir 300 \u00e0 500 personnes en une seule journ\u00e9e. En cas de probl\u00e8me avec leur caisse enregistreuse ou les bipeurs, il est indispensable pour eux de pouvoir compter sur un support technique fiable et disponible. Trivec dispose d\u2019un support 24h \/ 24 et 7j \/ 7 afin d\u2019aider les \u00e9tablissements dans le besoin le mieux possible et dans les meilleurs d\u00e9lais.<\/p>\n<blockquote><p>\u00ab\u00a0Il y a une grande disponibilit\u00e9 de la part de vos \u00e9quipes. D\u00e8s le d\u00e9but, vous avez fait preuve de r\u00e9activit\u00e9 dans l\u2019installation et la formation aux caisses enregistreuses\u00a0\u00bb<\/p><\/blockquote>\n<h3>Une solution de caisse enregistreuse qui r\u00e9pond \u00e0 un objectif<\/h3>\n<p>Besoin d\u2019apporter des modifications \u00e0 votre carte\u00a0? D\u2019ajouter une option ou un outil suppl\u00e9mentaire sur votre caisse enregistreuse\u00a0? Trivec dispose d\u2019un grand nombre de services et permet de modifier facilement vos interfaces d\u00e8s que vous le souhaitez.<\/p>\n<p>Antoine Marque en a d\u2019ailleurs fait l\u2019exp\u00e9rience avec les caisses enregistreuses de l\u2019open house\u00a0: <em>\u00ab\u00a0La possibilit\u00e9 d\u2019un back office maniable tant dans la r\u00e9alisation de la carte que dans la cr\u00e9ation des <\/em><em>rapports divers est un atout. C\u2019est une <\/em><em>solution stable, qui comprend de nombreux types de paiement diff\u00e9rents, comme Lydia\u00a0\u00bb<\/em><\/p>\n<p>&nbsp;<\/p>\n<p><em><img loading=\"lazy\" decoding=\"async\" class=\"wp-image-19097 alignnone\" src=\"https:\/\/www.trivec.fr\/wp\/uploads\/2021\/08\/jo_and_joe.jpeg\" alt=\"\" width=\"656\" height=\"437\" srcset=\"https:\/\/trivec.aws-staging.swace.se\/wp\/uploads\/2021\/08\/jo_and_joe.jpeg 400w, https:\/\/trivec.aws-staging.swace.se\/wp\/uploads\/2021\/08\/jo_and_joe-300x200.jpeg 300w\" sizes=\"auto, (max-width: 656px) 100vw, 656px\" \/><\/em><\/p>\n<p>&nbsp;<\/p>\n<p>Vous ouvrez un nouvel \u00e9tablissement et souhaitez trouver le syst\u00e8me de caisse enregistreuse qui vous convient le mieux\u00a0? N\u2019h\u00e9sitez plus, et d\u00e9couvrez vite la caisse enregistreuse Trivec.<\/p>\n<blockquote><p>\u00ab\u00a0Trivec s\u2019assure pour tout \u00e9tablissement qu\u2019il pourra b\u00e9n\u00e9ficier d\u2019un r\u00e9el accompagnement humain au moment de son lancement\u00a0\u00bb, dit Antoine Marque.<\/p><\/blockquote>\n<p>[\/vc_story][\/vc_column][\/vc_row][vc_row padding_top=\u00a0\u00bbnone\u00a0\u00bb padding_bottom=\u00a0\u00bbmedium\u00a0\u00bb][vc_column width=\u00a0\u00bb1\/6&Prime;][\/vc_column][vc_column width=\u00a0\u00bb2\/3&Prime;][vc_color_box bg_color=\u00a0\u00bbgray\u00a0\u00bb][vc_column_text]<\/p>\n<h3>A propos de Jo and Joe<\/h3>\n<p>Jo and Joe a r\u00e9volutionn\u00e9 le monde de l&rsquo;hospitalit\u00e9 avec son nouveau concept: L&rsquo;Open House. Imagin\u00e9 par le Groupe Accor, ce lieu est un mix entre l&rsquo;auberge de jeunesse et l&rsquo;h\u00f4tel, avec ses propres particularit\u00e9s. Les personnes qui y viennent sont l\u00e0 pour partager, \u00e9changer et vivre une exp\u00e9rience. Jo and Joe n&rsquo;h\u00e9site pas \u00e0 communiquer ses valeurs et sa vision \u00e0 savoir: un endroit chaleureux au design original\u00a0 !<\/p>\n<p>Le groupe qui compte d\u00e9j\u00e0 deux lieux : Hossegor et Paris Gentilly,\u00a0 a pour projet de s&rsquo;\u00e9tendre \u00e0 l\u2019international d&rsquo;ici quelques ann\u00e9es et ainsi de conqu\u00e9rir le coeur de tous avec son concept du \u00ab\u00a0bien vivre ensemble\u00a0\u00bb.[\/vc_column_text][vc_btn title=\u00a0\u00bbVisitez le site de Jo and Joe Hossegor ici\u00a0\u00bb style=\u00a0\u00bbread-more\u00a0\u00bb center_on_mobile=\u00a0\u00bbtrue\u00a0\u00bb link=\u00a0\u00bburl:https%3A%2F%2Fwww.joandjoe.com%2Ffr%2Fhossegor|||\u00a0\u00bb][\/vc_color_box][\/vc_column][vc_column width=\u00a0\u00bb1\/6&Prime;][\/vc_column][\/vc_row][vc_row padding_top=\u00a0\u00bbnone\u00a0\u00bb][vc_column][vc_btn cta_text_color=\u00a0\u00bbwhite\u00a0\u00bb title=\u00a0\u00bbD\u00e9couvrez plus de cas clients ici\u00a0\u00bb align=\u00a0\u00bbcenter\u00a0\u00bb link=\u00a0\u00bburl:https%3A%2F%2Fwww.trivec.fr%2Fclients%2F|||\u00a0\u00bb][\/vc_column][\/vc_row]<\/p>\n<\/div>","protected":false},"excerpt":{"rendered":"<p>[vc_row padding_bottom=\u00a0\u00bbnone\u00a0\u00bb][vc_column][vc_story heading_text=\u00a0\u00bbJo and Joe Hossegor\u00a0\u00bb]Le nom d\u2019Hossegor, petite ville baln\u00e9aire dans le Sud-Ouest de la France, \u00e9galement surnomm\u00e9e le \u00ab paradis fran\u00e7ais des surfeurs \u00bb, n\u2019est surement pas inconnu \u00e0 vos oreilles. En effet, ce petit coin o\u00f9 l\u2019on y respire le bon air marin, regorge de bonnes adresses. C\u2019est ici que se trouve [&hellip;]<\/p>\n","protected":false},"author":1,"featured_media":7524,"parent":1098,"menu_order":0,"comment_status":"closed","ping_status":"closed","template":"","meta":{"_acf_changed":false,"content-type":"","footnotes":""},"class_list":["post-7516","page","type-page","status-publish","has-post-thumbnail","hentry"],"acf":[],"yoast_head":"<!-- This site is optimized with the Yoast SEO plugin v27.2 - https:\/\/yoast.com\/product\/yoast-seo-wordpress\/ -->\n<title>Jo and Joe Hossegor - Trivec<\/title>\n<meta name=\"description\" content=\"Jo and Joe \u00e0 Hossegor nous confie dans cet article, les raisons pour lesquelles ils ont choisi la solution de caisse enregistreuse Trivec.\" \/>\n<meta name=\"robots\" content=\"noindex, follow\" \/>\n<meta property=\"og:locale\" content=\"fr_FR\" \/>\n<meta property=\"og:type\" content=\"article\" \/>\n<meta property=\"og:title\" content=\"Jo and Joe Hossegor - Trivec\" \/>\n<meta property=\"og:description\" content=\"Jo and Joe \u00e0 Hossegor nous confie dans cet article, les raisons pour lesquelles ils ont choisi la solution de caisse enregistreuse Trivec.\" \/>\n<meta property=\"og:url\" content=\"https:\/\/trivec.aws-staging.swace.se\/fr\/clients\/jo-and-joe-hossegor\/\" \/>\n<meta property=\"og:site_name\" content=\"Trivec\" \/>\n<meta property=\"article:modified_time\" content=\"2021-08-05T07:13:23+00:00\" \/>\n<meta property=\"og:image\" content=\"https:\/\/trivec.aws-staging.swace.se\/wp\/uploads\/2020\/01\/Jo-and-Joe-Hossegor.jpg\" \/>\n\t<meta property=\"og:image:width\" content=\"2048\" \/>\n\t<meta property=\"og:image:height\" content=\"1365\" \/>\n\t<meta property=\"og:image:type\" content=\"image\/jpeg\" \/>\n<meta name=\"twitter:card\" content=\"summary_large_image\" \/>\n<meta name=\"twitter:label1\" content=\"Dur\u00e9e de lecture estim\u00e9e\" \/>\n\t<meta name=\"twitter:data1\" content=\"5 minutes\" \/>\n<script type=\"application\/ld+json\" class=\"yoast-schema-graph\">{\"@context\":\"https:\/\/schema.org\",\"@graph\":[{\"@type\":\"WebPage\",\"@id\":\"https:\/\/trivec.aws-staging.swace.se\/fr\/clients\/jo-and-joe-hossegor\/\",\"url\":\"https:\/\/trivec.aws-staging.swace.se\/fr\/clients\/jo-and-joe-hossegor\/\",\"name\":\"Jo and Joe Hossegor - Trivec\",\"isPartOf\":{\"@id\":\"https:\/\/trivec.aws-staging.swace.se\/fr\/#website\"},\"primaryImageOfPage\":{\"@id\":\"https:\/\/trivec.aws-staging.swace.se\/fr\/clients\/jo-and-joe-hossegor\/#primaryimage\"},\"image\":{\"@id\":\"https:\/\/trivec.aws-staging.swace.se\/fr\/clients\/jo-and-joe-hossegor\/#primaryimage\"},\"thumbnailUrl\":\"https:\/\/trivec.aws-staging.swace.se\/wp\/uploads\/2020\/01\/Jo-and-Joe-Hossegor.jpg\",\"datePublished\":\"2020-01-08T11:19:47+00:00\",\"dateModified\":\"2021-08-05T07:13:23+00:00\",\"description\":\"Jo and Joe \u00e0 Hossegor nous confie dans cet article, les raisons pour lesquelles ils ont choisi la solution de caisse enregistreuse Trivec.\",\"breadcrumb\":{\"@id\":\"https:\/\/trivec.aws-staging.swace.se\/fr\/clients\/jo-and-joe-hossegor\/#breadcrumb\"},\"inLanguage\":\"fr-FR\",\"potentialAction\":[{\"@type\":\"ReadAction\",\"target\":[\"https:\/\/trivec.aws-staging.swace.se\/fr\/clients\/jo-and-joe-hossegor\/\"]}]},{\"@type\":\"ImageObject\",\"inLanguage\":\"fr-FR\",\"@id\":\"https:\/\/trivec.aws-staging.swace.se\/fr\/clients\/jo-and-joe-hossegor\/#primaryimage\",\"url\":\"https:\/\/trivec.aws-staging.swace.se\/wp\/uploads\/2020\/01\/Jo-and-Joe-Hossegor.jpg\",\"contentUrl\":\"https:\/\/trivec.aws-staging.swace.se\/wp\/uploads\/2020\/01\/Jo-and-Joe-Hossegor.jpg\",\"width\":2048,\"height\":1365,\"caption\":\"Chambre Jo and Joe Hossegor\"},{\"@type\":\"BreadcrumbList\",\"@id\":\"https:\/\/trivec.aws-staging.swace.se\/fr\/clients\/jo-and-joe-hossegor\/#breadcrumb\",\"itemListElement\":[{\"@type\":\"ListItem\",\"position\":1,\"name\":\"Home\",\"item\":\"https:\/\/www.trivec.aws-staging.swace.se\/fr\/\"},{\"@type\":\"ListItem\",\"position\":2,\"name\":\"Clients\",\"item\":\"https:\/\/trivec.aws-staging.swace.se\/fr\/clients\/\"},{\"@type\":\"ListItem\",\"position\":3,\"name\":\"Jo and Joe Hossegor\"}]},{\"@type\":\"WebSite\",\"@id\":\"https:\/\/trivec.aws-staging.swace.se\/fr\/#website\",\"url\":\"https:\/\/trivec.aws-staging.swace.se\/fr\/\",\"name\":\"Trivec\",\"description\":\"Caisse Restaurant, Doseur \u00e9lectronique\",\"potentialAction\":[{\"@type\":\"SearchAction\",\"target\":{\"@type\":\"EntryPoint\",\"urlTemplate\":\"https:\/\/trivec.aws-staging.swace.se\/fr\/?s={search_term_string}\"},\"query-input\":{\"@type\":\"PropertyValueSpecification\",\"valueRequired\":true,\"valueName\":\"search_term_string\"}}],\"inLanguage\":\"fr-FR\"}]}<\/script>\n<!-- \/ Yoast SEO plugin. -->","yoast_head_json":{"title":"Jo and Joe Hossegor - Trivec","description":"Jo and Joe \u00e0 Hossegor nous confie dans cet article, les raisons pour lesquelles ils ont choisi la solution de caisse enregistreuse Trivec.","robots":{"index":"noindex","follow":"follow"},"og_locale":"fr_FR","og_type":"article","og_title":"Jo and Joe Hossegor - Trivec","og_description":"Jo and Joe \u00e0 Hossegor nous confie dans cet article, les raisons pour lesquelles ils ont choisi la solution de caisse enregistreuse Trivec.","og_url":"https:\/\/trivec.aws-staging.swace.se\/fr\/clients\/jo-and-joe-hossegor\/","og_site_name":"Trivec","article_modified_time":"2021-08-05T07:13:23+00:00","og_image":[{"width":2048,"height":1365,"url":"https:\/\/trivec.aws-staging.swace.se\/wp\/uploads\/2020\/01\/Jo-and-Joe-Hossegor.jpg","type":"image\/jpeg"}],"twitter_card":"summary_large_image","twitter_misc":{"Dur\u00e9e de lecture estim\u00e9e":"5 minutes"},"schema":{"@context":"https:\/\/schema.org","@graph":[{"@type":"WebPage","@id":"https:\/\/trivec.aws-staging.swace.se\/fr\/clients\/jo-and-joe-hossegor\/","url":"https:\/\/trivec.aws-staging.swace.se\/fr\/clients\/jo-and-joe-hossegor\/","name":"Jo and Joe Hossegor - Trivec","isPartOf":{"@id":"https:\/\/trivec.aws-staging.swace.se\/fr\/#website"},"primaryImageOfPage":{"@id":"https:\/\/trivec.aws-staging.swace.se\/fr\/clients\/jo-and-joe-hossegor\/#primaryimage"},"image":{"@id":"https:\/\/trivec.aws-staging.swace.se\/fr\/clients\/jo-and-joe-hossegor\/#primaryimage"},"thumbnailUrl":"https:\/\/trivec.aws-staging.swace.se\/wp\/uploads\/2020\/01\/Jo-and-Joe-Hossegor.jpg","datePublished":"2020-01-08T11:19:47+00:00","dateModified":"2021-08-05T07:13:23+00:00","description":"Jo and Joe \u00e0 Hossegor nous confie dans cet article, les raisons pour lesquelles ils ont choisi la solution de caisse enregistreuse Trivec.","breadcrumb":{"@id":"https:\/\/trivec.aws-staging.swace.se\/fr\/clients\/jo-and-joe-hossegor\/#breadcrumb"},"inLanguage":"fr-FR","potentialAction":[{"@type":"ReadAction","target":["https:\/\/trivec.aws-staging.swace.se\/fr\/clients\/jo-and-joe-hossegor\/"]}]},{"@type":"ImageObject","inLanguage":"fr-FR","@id":"https:\/\/trivec.aws-staging.swace.se\/fr\/clients\/jo-and-joe-hossegor\/#primaryimage","url":"https:\/\/trivec.aws-staging.swace.se\/wp\/uploads\/2020\/01\/Jo-and-Joe-Hossegor.jpg","contentUrl":"https:\/\/trivec.aws-staging.swace.se\/wp\/uploads\/2020\/01\/Jo-and-Joe-Hossegor.jpg","width":2048,"height":1365,"caption":"Chambre Jo and Joe Hossegor"},{"@type":"BreadcrumbList","@id":"https:\/\/trivec.aws-staging.swace.se\/fr\/clients\/jo-and-joe-hossegor\/#breadcrumb","itemListElement":[{"@type":"ListItem","position":1,"name":"Home","item":"https:\/\/www.trivec.aws-staging.swace.se\/fr\/"},{"@type":"ListItem","position":2,"name":"Clients","item":"https:\/\/trivec.aws-staging.swace.se\/fr\/clients\/"},{"@type":"ListItem","position":3,"name":"Jo and Joe Hossegor"}]},{"@type":"WebSite","@id":"https:\/\/trivec.aws-staging.swace.se\/fr\/#website","url":"https:\/\/trivec.aws-staging.swace.se\/fr\/","name":"Trivec","description":"Caisse Restaurant, Doseur \u00e9lectronique","potentialAction":[{"@type":"SearchAction","target":{"@type":"EntryPoint","urlTemplate":"https:\/\/trivec.aws-staging.swace.se\/fr\/?s={search_term_string}"},"query-input":{"@type":"PropertyValueSpecification","valueRequired":true,"valueName":"search_term_string"}}],"inLanguage":"fr-FR"}]}},"_links":{"self":[{"href":"https:\/\/trivec.aws-staging.swace.se\/fr\/wp-json\/wp\/v2\/pages\/7516","targetHints":{"allow":["GET"]}}],"collection":[{"href":"https:\/\/trivec.aws-staging.swace.se\/fr\/wp-json\/wp\/v2\/pages"}],"about":[{"href":"https:\/\/trivec.aws-staging.swace.se\/fr\/wp-json\/wp\/v2\/types\/page"}],"author":[{"embeddable":true,"href":"https:\/\/trivec.aws-staging.swace.se\/fr\/wp-json\/wp\/v2\/users\/1"}],"replies":[{"embeddable":true,"href":"https:\/\/trivec.aws-staging.swace.se\/fr\/wp-json\/wp\/v2\/comments?post=7516"}],"version-history":[{"count":7,"href":"https:\/\/trivec.aws-staging.swace.se\/fr\/wp-json\/wp\/v2\/pages\/7516\/revisions"}],"predecessor-version":[{"id":19104,"href":"https:\/\/trivec.aws-staging.swace.se\/fr\/wp-json\/wp\/v2\/pages\/7516\/revisions\/19104"}],"up":[{"embeddable":true,"href":"https:\/\/trivec.aws-staging.swace.se\/fr\/wp-json\/wp\/v2\/pages\/1098"}],"wp:featuredmedia":[{"embeddable":true,"href":"https:\/\/trivec.aws-staging.swace.se\/fr\/wp-json\/wp\/v2\/media\/7524"}],"wp:attachment":[{"href":"https:\/\/trivec.aws-staging.swace.se\/fr\/wp-json\/wp\/v2\/media?parent=7516"}],"curies":[{"name":"wp","href":"https:\/\/api.w.org\/{rel}","templated":true}]}}