{"id":7262,"date":"2019-12-16T12:00:19","date_gmt":"2019-12-16T11:00:19","guid":{"rendered":"https:\/\/www.trivec.aws-staging.swace.se\/?page_id=7262"},"modified":"2020-10-30T09:46:10","modified_gmt":"2020-10-30T08:46:10","slug":"mama-shelter","status":"publish","type":"page","link":"https:\/\/trivec.aws-staging.swace.se\/fr\/clients\/mama-shelter\/","title":{"rendered":"Mama Shelter"},"content":{"rendered":"<div class=\"wpb-content-wrapper\"><p>[vc_row][vc_column][vc_story heading_text=\u00a0\u00bbMama Shelter\u00a0\u00bb preamble=\u00a0\u00bbLe concept h\u00f4telier Mama Shelter, ne s\u2019arr\u00eate plus. Que vous veniez en famille, pour le travail, entre amis ou seul vous y trouverez toujours votre compte, puisque le concept est pens\u00e9 pour tous.<br \/>\nChez Mama Shelter, le principe est simple : Il faut profiter. Venez vous reposer, vous amuser, travailler ou d\u00e9guster un plat fait maison et pens\u00e9 par un chef \u00e9toil\u00e9. \u00c7a donne envie non ?\u00a0\u00bb]<img loading=\"lazy\" decoding=\"async\" class=\"aligncenter wp-image-7270 size-large\" src=\"https:\/\/www.trivec.fr\/app\/uploads\/\/2019\/12\/MicrosoftTeams-image-1-1024x768.jpg\" alt=\"Mama-Shelter-Paris-West\" width=\"1024\" height=\"768\" srcset=\"https:\/\/trivec.aws-staging.swace.se\/wp\/uploads\/2019\/12\/MicrosoftTeams-image-1-1024x768.jpg 1024w, https:\/\/trivec.aws-staging.swace.se\/wp\/uploads\/2019\/12\/MicrosoftTeams-image-1-300x225.jpg 300w, https:\/\/trivec.aws-staging.swace.se\/wp\/uploads\/2019\/12\/MicrosoftTeams-image-1-768x576.jpg 768w, https:\/\/trivec.aws-staging.swace.se\/wp\/uploads\/2019\/12\/MicrosoftTeams-image-1.jpg 2048w\" sizes=\"auto, (max-width: 1024px) 100vw, 1024px\" \/><\/p>\n<p>En pleine expansion, le groupe Mama Shelter, a int\u00e9gr\u00e9 le logiciel de caisse restaurant Trivec avec leur syst\u00e8mes h\u00f4teliers PMS Protel et Opera en toute aisance. \u00ab\u00a0Avec Trivec, le transfert de l\u2019addition restaurant ou bar vers le syst\u00e8me de r\u00e9servation h\u00f4telier est tr\u00e8s facile. C\u2019est une fonction indispensable dans l\u2019h\u00f4tellerie\u00a0\u00bb<strong>,<\/strong> dit Thierry Bernardi, Directeur Food &amp; Beverages de Mama Shelter. \u00ab\u00a0Un des avantages est la facilit\u00e9 d\u2019utilisation pour nos \u00e9quipes. Les formations sont aussi bien fa\u00eetes. Un autre gros avantage est l\u2019automatisation bar qui nous permet d\u2019avoir une visibilit\u00e9 au jour le jour et nous donne un grand contr\u00f4le sur notre gestion, ce qui est essentiel pour nous qui avons un tr\u00e8s gros chiffre d\u2019affaire au bar.\u00a0\u00bb<\/p>\n<blockquote><p>\u00a0Avec Trivec, le transfert de l\u2019addition restaurant ou bar vers le syst\u00e8me de r\u00e9servation h\u00f4telier est tr\u00e8s facile. C\u2019est une fonction indispensable dans l\u2019h\u00f4tellerie<\/p><\/blockquote>\n<p>&nbsp;<\/p>\n<h3><img loading=\"lazy\" decoding=\"async\" class=\"aligncenter wp-image-7298 size-large\" src=\"https:\/\/www.trivec.fr\/app\/uploads\/\/2019\/12\/MicrosoftTeams-image-2-1024x819.jpg\" alt=\"\" width=\"1024\" height=\"819\" srcset=\"https:\/\/trivec.aws-staging.swace.se\/wp\/uploads\/2019\/12\/MicrosoftTeams-image-2-1024x819.jpg 1024w, https:\/\/trivec.aws-staging.swace.se\/wp\/uploads\/2019\/12\/MicrosoftTeams-image-2-300x240.jpg 300w, https:\/\/trivec.aws-staging.swace.se\/wp\/uploads\/2019\/12\/MicrosoftTeams-image-2-768x614.jpg 768w, https:\/\/trivec.aws-staging.swace.se\/wp\/uploads\/2019\/12\/MicrosoftTeams-image-2.jpg 2048w\" sizes=\"auto, (max-width: 1024px) 100vw, 1024px\" \/><\/h3>\n<p>&nbsp;<\/p>\n<h3>A propos de Mama Shelter<\/h3>\n<p>Mama Shelter est bien plus qu\u2019une cha\u00eene h\u00f4teli\u00e8re. C\u2019est un endroit o\u00f9 l\u2019on y dort, mange, travaille et o\u00f9 on prend du plaisir = un vrai lieu de vie, au c\u00f4t\u00e9 atypique. Ce concept fond\u00e9 par Serge Trigano, Cyril Aouizerate et d&rsquo;autres investisseurs, ouvre son premier Mama shelter \u00e0 Paris en 2008.<\/p>\n<p>Ce \u00ab\u00a0restaurant avec des chambres au-dessus\u00a0\u00bb n\u2019est pas seulement pr\u00e9sent sur le territoire fran\u00e7ais mais \u00e9galement \u00e0 l\u2019international puisqu\u2019il poss\u00e8de \u00ab\u00a01668 chambres, 12\u00a0restaurants et 780 collaborateurs, dans 11\u00a0villes et 6 pays\u00a0\u00bb. Mama Shelter souhaite se d\u00e9velopper encore plus \u00e0 l\u2019avenir et atteindre les 20 adresses d\u2019ici 2021.<\/p>\n<p>&nbsp;<\/p>\n<p><a href=\"https:\/\/blog.trivec.aws-staging.swace.se\/fr\/cinq-raisons-dintegrer-votre-caisse-enregistreuse-restaurant-au-systeme-hotelier-pms-en-2020\"><span id=\"hs_cos_wrapper_post_body\" class=\"hs_cos_wrapper hs_cos_wrapper_meta_field hs_cos_wrapper_type_rich_text\" data-hs-cos-general-type=\"meta_field\" data-hs-cos-type=\"rich_text\"><strong>Pour en savoir plus sur Mama Shelter et pourquoi ils ont choisi Trivec, lisez l&rsquo;article complet ici\u00a0 \u21d2<\/strong><\/span><\/a><\/p>\n<p>&nbsp;<\/p>\n<p>[\/vc_story][\/vc_column][\/vc_row]<\/p>\n<\/div>","protected":false},"excerpt":{"rendered":"<p>[vc_row][vc_column][vc_story heading_text=\u00a0\u00bbMama Shelter\u00a0\u00bb preamble=\u00a0\u00bbLe concept h\u00f4telier Mama Shelter, ne s\u2019arr\u00eate plus. Que vous veniez en famille, pour le travail, entre amis ou seul vous y trouverez toujours votre compte, puisque le concept est pens\u00e9 pour tous. Chez Mama Shelter, le principe est simple : Il faut profiter. Venez vous reposer, vous amuser, travailler ou d\u00e9guster [&hellip;]<\/p>\n","protected":false},"author":1,"featured_media":7270,"parent":1098,"menu_order":0,"comment_status":"closed","ping_status":"closed","template":"","meta":{"_acf_changed":false,"content-type":"","footnotes":""},"class_list":["post-7262","page","type-page","status-publish","has-post-thumbnail","hentry"],"acf":[],"yoast_head":"<!-- This site is optimized with the Yoast SEO plugin v27.2 - https:\/\/yoast.com\/product\/yoast-seo-wordpress\/ -->\n<title>Mama Shelter - Trivec<\/title>\n<meta name=\"description\" content=\"Mama Shelter est aujourd&#039;hui un vrai lieu de vie. D\u00e9couvrez dans cet article, pourquoi ils ont choisi la caisse enregistreuse Trivec pour leurs restaurants.\" \/>\n<meta name=\"robots\" content=\"noindex, follow\" \/>\n<meta property=\"og:locale\" content=\"fr_FR\" \/>\n<meta property=\"og:type\" content=\"article\" \/>\n<meta property=\"og:title\" content=\"Mama Shelter - Trivec\" \/>\n<meta property=\"og:description\" content=\"Mama Shelter est aujourd&#039;hui un vrai lieu de vie. D\u00e9couvrez dans cet article, pourquoi ils ont choisi la caisse enregistreuse Trivec pour leurs restaurants.\" \/>\n<meta property=\"og:url\" content=\"https:\/\/trivec.aws-staging.swace.se\/fr\/clients\/mama-shelter\/\" \/>\n<meta property=\"og:site_name\" content=\"Trivec\" \/>\n<meta property=\"article:modified_time\" content=\"2020-10-30T08:46:10+00:00\" \/>\n<meta property=\"og:image\" content=\"https:\/\/trivec.aws-staging.swace.se\/wp\/uploads\/2019\/12\/MicrosoftTeams-image-1.jpg\" \/>\n\t<meta property=\"og:image:width\" content=\"2048\" \/>\n\t<meta property=\"og:image:height\" content=\"1536\" \/>\n\t<meta property=\"og:image:type\" content=\"image\/jpeg\" \/>\n<meta name=\"twitter:card\" content=\"summary_large_image\" \/>\n<meta name=\"twitter:label1\" content=\"Dur\u00e9e de lecture estim\u00e9e\" \/>\n\t<meta name=\"twitter:data1\" content=\"2 minutes\" \/>\n<script type=\"application\/ld+json\" class=\"yoast-schema-graph\">{\"@context\":\"https:\/\/schema.org\",\"@graph\":[{\"@type\":\"WebPage\",\"@id\":\"https:\/\/trivec.aws-staging.swace.se\/fr\/clients\/mama-shelter\/\",\"url\":\"https:\/\/trivec.aws-staging.swace.se\/fr\/clients\/mama-shelter\/\",\"name\":\"Mama Shelter - Trivec\",\"isPartOf\":{\"@id\":\"https:\/\/trivec.aws-staging.swace.se\/fr\/#website\"},\"primaryImageOfPage\":{\"@id\":\"https:\/\/trivec.aws-staging.swace.se\/fr\/clients\/mama-shelter\/#primaryimage\"},\"image\":{\"@id\":\"https:\/\/trivec.aws-staging.swace.se\/fr\/clients\/mama-shelter\/#primaryimage\"},\"thumbnailUrl\":\"https:\/\/trivec.aws-staging.swace.se\/wp\/uploads\/2019\/12\/MicrosoftTeams-image-1.jpg\",\"datePublished\":\"2019-12-16T11:00:19+00:00\",\"dateModified\":\"2020-10-30T08:46:10+00:00\",\"description\":\"Mama Shelter est aujourd'hui un vrai lieu de vie. D\u00e9couvrez dans cet article, pourquoi ils ont choisi la caisse enregistreuse Trivec pour leurs restaurants.\",\"breadcrumb\":{\"@id\":\"https:\/\/trivec.aws-staging.swace.se\/fr\/clients\/mama-shelter\/#breadcrumb\"},\"inLanguage\":\"fr-FR\",\"potentialAction\":[{\"@type\":\"ReadAction\",\"target\":[\"https:\/\/trivec.aws-staging.swace.se\/fr\/clients\/mama-shelter\/\"]}]},{\"@type\":\"ImageObject\",\"inLanguage\":\"fr-FR\",\"@id\":\"https:\/\/trivec.aws-staging.swace.se\/fr\/clients\/mama-shelter\/#primaryimage\",\"url\":\"https:\/\/trivec.aws-staging.swace.se\/wp\/uploads\/2019\/12\/MicrosoftTeams-image-1.jpg\",\"contentUrl\":\"https:\/\/trivec.aws-staging.swace.se\/wp\/uploads\/2019\/12\/MicrosoftTeams-image-1.jpg\",\"width\":2048,\"height\":1536,\"caption\":\"Restaurant Mama Shelter\"},{\"@type\":\"BreadcrumbList\",\"@id\":\"https:\/\/trivec.aws-staging.swace.se\/fr\/clients\/mama-shelter\/#breadcrumb\",\"itemListElement\":[{\"@type\":\"ListItem\",\"position\":1,\"name\":\"Home\",\"item\":\"https:\/\/www.trivec.aws-staging.swace.se\/fr\/\"},{\"@type\":\"ListItem\",\"position\":2,\"name\":\"Clients\",\"item\":\"https:\/\/trivec.aws-staging.swace.se\/fr\/clients\/\"},{\"@type\":\"ListItem\",\"position\":3,\"name\":\"Mama Shelter\"}]},{\"@type\":\"WebSite\",\"@id\":\"https:\/\/trivec.aws-staging.swace.se\/fr\/#website\",\"url\":\"https:\/\/trivec.aws-staging.swace.se\/fr\/\",\"name\":\"Trivec\",\"description\":\"Caisse Restaurant, Doseur \u00e9lectronique\",\"potentialAction\":[{\"@type\":\"SearchAction\",\"target\":{\"@type\":\"EntryPoint\",\"urlTemplate\":\"https:\/\/trivec.aws-staging.swace.se\/fr\/?s={search_term_string}\"},\"query-input\":{\"@type\":\"PropertyValueSpecification\",\"valueRequired\":true,\"valueName\":\"search_term_string\"}}],\"inLanguage\":\"fr-FR\"}]}<\/script>\n<!-- \/ Yoast SEO plugin. -->","yoast_head_json":{"title":"Mama Shelter - Trivec","description":"Mama Shelter est aujourd'hui un vrai lieu de vie. D\u00e9couvrez dans cet article, pourquoi ils ont choisi la caisse enregistreuse Trivec pour leurs restaurants.","robots":{"index":"noindex","follow":"follow"},"og_locale":"fr_FR","og_type":"article","og_title":"Mama Shelter - Trivec","og_description":"Mama Shelter est aujourd'hui un vrai lieu de vie. D\u00e9couvrez dans cet article, pourquoi ils ont choisi la caisse enregistreuse Trivec pour leurs restaurants.","og_url":"https:\/\/trivec.aws-staging.swace.se\/fr\/clients\/mama-shelter\/","og_site_name":"Trivec","article_modified_time":"2020-10-30T08:46:10+00:00","og_image":[{"width":2048,"height":1536,"url":"https:\/\/trivec.aws-staging.swace.se\/wp\/uploads\/2019\/12\/MicrosoftTeams-image-1.jpg","type":"image\/jpeg"}],"twitter_card":"summary_large_image","twitter_misc":{"Dur\u00e9e de lecture estim\u00e9e":"2 minutes"},"schema":{"@context":"https:\/\/schema.org","@graph":[{"@type":"WebPage","@id":"https:\/\/trivec.aws-staging.swace.se\/fr\/clients\/mama-shelter\/","url":"https:\/\/trivec.aws-staging.swace.se\/fr\/clients\/mama-shelter\/","name":"Mama Shelter - Trivec","isPartOf":{"@id":"https:\/\/trivec.aws-staging.swace.se\/fr\/#website"},"primaryImageOfPage":{"@id":"https:\/\/trivec.aws-staging.swace.se\/fr\/clients\/mama-shelter\/#primaryimage"},"image":{"@id":"https:\/\/trivec.aws-staging.swace.se\/fr\/clients\/mama-shelter\/#primaryimage"},"thumbnailUrl":"https:\/\/trivec.aws-staging.swace.se\/wp\/uploads\/2019\/12\/MicrosoftTeams-image-1.jpg","datePublished":"2019-12-16T11:00:19+00:00","dateModified":"2020-10-30T08:46:10+00:00","description":"Mama Shelter est aujourd'hui un vrai lieu de vie. D\u00e9couvrez dans cet article, pourquoi ils ont choisi la caisse enregistreuse Trivec pour leurs restaurants.","breadcrumb":{"@id":"https:\/\/trivec.aws-staging.swace.se\/fr\/clients\/mama-shelter\/#breadcrumb"},"inLanguage":"fr-FR","potentialAction":[{"@type":"ReadAction","target":["https:\/\/trivec.aws-staging.swace.se\/fr\/clients\/mama-shelter\/"]}]},{"@type":"ImageObject","inLanguage":"fr-FR","@id":"https:\/\/trivec.aws-staging.swace.se\/fr\/clients\/mama-shelter\/#primaryimage","url":"https:\/\/trivec.aws-staging.swace.se\/wp\/uploads\/2019\/12\/MicrosoftTeams-image-1.jpg","contentUrl":"https:\/\/trivec.aws-staging.swace.se\/wp\/uploads\/2019\/12\/MicrosoftTeams-image-1.jpg","width":2048,"height":1536,"caption":"Restaurant Mama Shelter"},{"@type":"BreadcrumbList","@id":"https:\/\/trivec.aws-staging.swace.se\/fr\/clients\/mama-shelter\/#breadcrumb","itemListElement":[{"@type":"ListItem","position":1,"name":"Home","item":"https:\/\/www.trivec.aws-staging.swace.se\/fr\/"},{"@type":"ListItem","position":2,"name":"Clients","item":"https:\/\/trivec.aws-staging.swace.se\/fr\/clients\/"},{"@type":"ListItem","position":3,"name":"Mama Shelter"}]},{"@type":"WebSite","@id":"https:\/\/trivec.aws-staging.swace.se\/fr\/#website","url":"https:\/\/trivec.aws-staging.swace.se\/fr\/","name":"Trivec","description":"Caisse Restaurant, Doseur \u00e9lectronique","potentialAction":[{"@type":"SearchAction","target":{"@type":"EntryPoint","urlTemplate":"https:\/\/trivec.aws-staging.swace.se\/fr\/?s={search_term_string}"},"query-input":{"@type":"PropertyValueSpecification","valueRequired":true,"valueName":"search_term_string"}}],"inLanguage":"fr-FR"}]}},"_links":{"self":[{"href":"https:\/\/trivec.aws-staging.swace.se\/fr\/wp-json\/wp\/v2\/pages\/7262","targetHints":{"allow":["GET"]}}],"collection":[{"href":"https:\/\/trivec.aws-staging.swace.se\/fr\/wp-json\/wp\/v2\/pages"}],"about":[{"href":"https:\/\/trivec.aws-staging.swace.se\/fr\/wp-json\/wp\/v2\/types\/page"}],"author":[{"embeddable":true,"href":"https:\/\/trivec.aws-staging.swace.se\/fr\/wp-json\/wp\/v2\/users\/1"}],"replies":[{"embeddable":true,"href":"https:\/\/trivec.aws-staging.swace.se\/fr\/wp-json\/wp\/v2\/comments?post=7262"}],"version-history":[{"count":6,"href":"https:\/\/trivec.aws-staging.swace.se\/fr\/wp-json\/wp\/v2\/pages\/7262\/revisions"}],"predecessor-version":[{"id":12319,"href":"https:\/\/trivec.aws-staging.swace.se\/fr\/wp-json\/wp\/v2\/pages\/7262\/revisions\/12319"}],"up":[{"embeddable":true,"href":"https:\/\/trivec.aws-staging.swace.se\/fr\/wp-json\/wp\/v2\/pages\/1098"}],"wp:featuredmedia":[{"embeddable":true,"href":"https:\/\/trivec.aws-staging.swace.se\/fr\/wp-json\/wp\/v2\/media\/7270"}],"wp:attachment":[{"href":"https:\/\/trivec.aws-staging.swace.se\/fr\/wp-json\/wp\/v2\/media?parent=7262"}],"curies":[{"name":"wp","href":"https:\/\/api.w.org\/{rel}","templated":true}]}}