{"id":33757,"date":"2023-04-21T11:25:04","date_gmt":"2023-04-21T09:25:04","guid":{"rendered":"https:\/\/trivec.aws-staging.swace.se\/?page_id=33757"},"modified":"2023-04-21T11:25:04","modified_gmt":"2023-04-21T09:25:04","slug":"marge-brute","status":"publish","type":"page","link":"https:\/\/trivec.aws-staging.swace.se\/fr\/ressources\/livre-blancs\/ouvrir-un-restaurant\/marge-brute\/","title":{"rendered":"Comment calculer la marge brute d\u2019un restaurant ?"},"content":{"rendered":"<div class=\"wpb-content-wrapper\"><p>[vc_row][vc_column][vc_single_image image=\u00a0\u00bb33355&Prime; img_size=\u00a0\u00bb2000&#215;500&Prime; alignment=\u00a0\u00bbcenter\u00a0\u00bb][vc_column_text]<\/p>\n<h1 style=\"margin: 0cm 0cm 15.0pt 0cm;\"><b><span lang=\"FR\" style=\"font-family: 'Segoe UI',sans-serif;\">Comment calculer la marge brute d\u2019un restaurant ?<\/span><\/b><\/h1>\n<p style=\"margin: 15.0pt 0cm 15.0pt 0cm;\"><span lang=\"FR\" style=\"font-family: 'Segoe UI',sans-serif;\">La marge brute d\u2019un restaurant correspond \u00e0 la somme des ventes moins le co\u00fbt des aliments et des fournitures. Le pourcentage du co\u00fbt des aliments est une mesure essentielle pour tout restaurant ou entreprise dans le secteur de la restauration. Il repr\u00e9sente le pourcentage du chiffre d&rsquo;affaires total qui est d\u00e9pens\u00e9 pour l&rsquo;achat des ingr\u00e9dients et des fournitures n\u00e9cessaires \u00e0 la cr\u00e9ation des plats propos\u00e9s par l&rsquo;entreprise. Maintenir un pourcentage raisonnable est crucial pour le succ\u00e8s d&rsquo;une entreprise ayant une cuisine. Dans cet article, nous discuterons des raisons pour lesquelles ce pourcentage est si important.<\/span><\/p>\n<h3 style=\"margin: 15.0pt 0cm 15.0pt 0cm;\"><b><span lang=\"FR\" style=\"font-family: 'Segoe UI',sans-serif;\">Rentabilit\u00e9 <\/span><\/b><\/h3>\n<p style=\"margin: 15.0pt 0cm 15.0pt 0cm;\"><span lang=\"FR\" style=\"font-family: 'Segoe UI',sans-serif;\">L&rsquo;une des raisons principales pour lesquelles le pourcentage du co\u00fbt des aliments est si important est qu&rsquo;il impacte directement la rentabilit\u00e9 de l&rsquo;entreprise. Si ce pourcentage est trop \u00e9lev\u00e9, cela peut r\u00e9duire les marges et l&rsquo;entreprise pourrait ne pas \u00eatre en mesure de g\u00e9n\u00e9rer un retour sur investissement suffisant. En revanche, si le pourcentage du co\u00fbt des aliments est trop faible, cela peut indiquer que l&rsquo;entreprise n&rsquo;ach\u00e8te pas d&rsquo;ingr\u00e9dients de haute qualit\u00e9, ce qui peut entra\u00eener une diminution de la satisfaction des clients et des ventes moins \u00e9lev\u00e9es.<\/span><\/p>\n<h3 style=\"margin: 15.0pt 0cm 15.0pt 0cm;\"><b><span lang=\"FR\" style=\"font-family: 'Segoe UI',sans-serif;\">Strat\u00e9gie de tarification <\/span><\/b><\/h3>\n<p style=\"margin: 15.0pt 0cm 15.0pt 0cm;\"><span lang=\"FR\" style=\"font-family: 'Segoe UI',sans-serif;\">Le pourcentage du co\u00fbt des aliments est \u00e9galement important pour d\u00e9terminer la strat\u00e9gie de tarification d&rsquo;une entreprise. En connaissant le co\u00fbt des ingr\u00e9dients et des fournitures, l&rsquo;entreprise peut d\u00e9terminer le prix appropri\u00e9 \u00e0 facturer pour les plats propos\u00e9s sur le menu. S\u2019il est trop \u00e9lev\u00e9, l&rsquo;entreprise peut devoir ajuster sa strat\u00e9gie de tarification pour s&rsquo;assurer que les plats du menu sont propos\u00e9s \u00e0 des prix comp\u00e9titifs. \u00c0 l&rsquo;inverse, si le pourcentage de co\u00fbt des aliments est trop faible, l&rsquo;entreprise peut \u00eatre en mesure de facturer un prix premium pour ses plats du menu.<\/span><\/p>\n<h3 style=\"margin: 15.0pt 0cm 15.0pt 0cm;\"><b><span lang=\"FR\" style=\"font-family: 'Segoe UI',sans-serif;\">Gestion des stocks <\/span><\/b><\/h3>\n<p style=\"margin: 15.0pt 0cm 15.0pt 0cm;\"><span lang=\"FR\" style=\"font-family: 'Segoe UI',sans-serif;\">Le pourcentage du co\u00fbt des aliments est \u00e9galement crucial pour la gestion des stocks. En suivant le co\u00fbt des ingr\u00e9dients et des fournitures, l&rsquo;entreprise peut d\u00e9terminer la quantit\u00e9 de stock \u00e0 acheter pour r\u00e9pondre \u00e0 la demande des clients. Si le pourcentage du co\u00fbt des aliments est trop \u00e9lev\u00e9, cela peut indiquer que l&rsquo;entreprise ach\u00e8te trop de stock, ce qui peut entra\u00eener un gaspillage alimentaire et des co\u00fbts inutiles. En revanche, s\u2019il est trop faible, cela peut indiquer que l&rsquo;entreprise n&rsquo;ach\u00e8te pas suffisamment de stock, ce qui peut entra\u00eener des ruptures et des opportunit\u00e9s de vente manqu\u00e9es.<\/span><\/p>\n<h3 style=\"margin: 15.0pt 0cm 15.0pt 0cm;\"><b><span lang=\"FR\" style=\"font-family: 'Segoe UI',sans-serif;\">Contr\u00f4le des co\u00fbts <\/span><\/b><\/h3>\n<p style=\"margin: 15.0pt 0cm 15.0pt 0cm;\"><span lang=\"FR\" style=\"font-family: 'Segoe UI',sans-serif;\">Le pourcentage du co\u00fbt des aliments est un outil efficace pour contr\u00f4ler les co\u00fbts. En suivant le co\u00fbt des ingr\u00e9dients et des fournitures, l&rsquo;entreprise peut identifier les domaines o\u00f9 elle peut les r\u00e9duire. Par exemple, l&rsquo;entreprise peut \u00eatre en mesure de n\u00e9gocier de meilleurs prix avec les fournisseurs ou trouver des ingr\u00e9dients alternatifs moins chers mais qui r\u00e9pondent toujours aux m\u00eames normes de qualit\u00e9.<\/span><\/p>\n<p style=\"margin: 15.0pt 0cm 0cm 0cm;\"><span lang=\"FR\" style=\"font-family: 'Segoe UI',sans-serif;\">En conclusion, le pourcentage du co\u00fbt des aliments est une mesure essentielle pour entreprise du secteur de la restauration. Il impacte la rentabilit\u00e9 de l&rsquo;entreprise, d\u00e9termine la strat\u00e9gie de tarification, aide \u00e0 g\u00e9rer les stocks et est un outil efficace pour le contr\u00f4le des co\u00fbts. En surveillant ce pourcentage et en prenant des mesures appropri\u00e9es, les entreprises peuvent maintenir un \u00e9quilibre sain entre le co\u00fbt et la qualit\u00e9, ce qui peut conduire \u00e0 une rentabilit\u00e9 accrue et \u00e0 la satisfaction de la client\u00e8le.<\/span><\/p>\n<p>[\/vc_column_text][\/vc_column][\/vc_row][vc_row padding_top=\u00a0\u00bbmedium\u00a0\u00bb padding_bottom=\u00a0\u00bbmedium\u00a0\u00bb use_background_image=\u00a0\u00bbyes\u00a0\u00bb vertical_align_center=\u00a0\u00bbyes\u00a0\u00bb][vc_column width=\u00a0\u00bb1\/2&Prime;][vc_column_text]<\/p>\n<h2>Ouvrir un restaurant en 2023 ? Voici ce que vous devez savoir !<\/h2>\n<p>[\/vc_column_text][vc_btn cta_text_color=\u00a0\u00bbwhite\u00a0\u00bb title=\u00a0\u00bbT\u00e8l\u00e8charger: Ouvrir un restaurant\u00a0\u00bb link=\u00a0\u00bburl:https%3A%2F%2Fwww.fr.trivec.be%2Fressources%2Flivre-blancs%2Fouvrir-un-restaurant%2F|title:Ouvrir%20un%20restaurant|target:_blank\u00a0\u00bb][\/vc_column][vc_column width=\u00a0\u00bb1\/2&Prime;][vc_single_image image=\u00a0\u00bb29305&Prime; img_size=\u00a0\u00bbmedium\u00a0\u00bb alignment=\u00a0\u00bbcenter\u00a0\u00bb][\/vc_column][\/vc_row][vc_row equal_height=\u00a0\u00bbyes\u00a0\u00bb][vc_column width=\u00a0\u00bb1\/2&Prime;][vc_single_image image=\u00a0\u00bb30082&Prime; alignment=\u00a0\u00bbcenter\u00a0\u00bb][\/vc_column][vc_column width=\u00a0\u00bb1\/2&Prime;][vc_column_text]<\/p>\n<h2>Comment calculer la formule du co\u00fbt des aliments ?<\/h2>\n<p>Les co\u00fbts des aliments est le co\u00fbt de tous les ingr\u00e9dients et fournitures n\u00e9cessaires pour pr\u00e9parer les plats du menu. Le calcul de ces co\u00fbts peut \u00eatre un d\u00e9fi, mais il est essentiel pour toute entreprise du secteur de la restauration de savoir combien elle d\u00e9pense pour ces menus afin de maintenir la rentabilit\u00e9 et de contr\u00f4ler les co\u00fbts. Voici les \u00e9tapes pour calculer le co\u00fbts des menus :<\/p>\n<p><strong>1. <\/strong>D\u00e9terminez la p\u00e9riode pour laquelle vous souhaitez calculer vos co\u00fbts, par exemple, pour une semaine ou un mois.<\/p>\n<p><strong>2.<\/strong> Faites une liste de tous les ingr\u00e9dients que vous avez utilis\u00e9s pendant cette p\u00e9riode.<\/p>\n<p><strong>3.<\/strong> D\u00e9terminez le co\u00fbt total de chaque ingr\u00e9dient en examinant les factures des fournisseurs.<\/p>\n<p><strong>4.<\/strong> Additionnez tous les co\u00fbts des ingr\u00e9dients pour calculer leur co\u00fbt total.<\/p>\n<p><strong>5.<\/strong> Ajoutez les co\u00fbts de toutes les autres fournitures, telles que les emballages et les produits de nettoyage, au co\u00fbt total des ingr\u00e9dients pour calculer le co\u00fbt total des menus.<\/p>\n<p><strong>6.<\/strong> Divisez le co\u00fbt total des menus par le total des revenus pour la m\u00eame p\u00e9riode et multipliez ce chiffre par 100 pour calculer le pourcentage. Formule : (co\u00fbt total des ingr\u00e9dients + co\u00fbt des autres fournitures) \/ total des revenus x 100 = pourcentage du co\u00fbt des aliments.<\/p>\n<p>Surveiller le pourcentage du co\u00fbt des aliments est crucial pour toute entreprise du secteur de la restauration afin de maximiser la rentabilit\u00e9 et de contr\u00f4ler les co\u00fbts. En calculant et en suivant ce pourcentage, les entreprises peuvent g\u00e9rer les prix et les co\u00fbts tout en maintenant la qualit\u00e9 de leurs plats du menu.[\/vc_column_text][\/vc_column][\/vc_row][vc_row padding_top=\u00a0\u00bbnone\u00a0\u00bb padding_bottom=\u00a0\u00bbnone\u00a0\u00bb use_background_image=\u00a0\u00bbyes\u00a0\u00bb vertical_align_center=\u00a0\u00bbyes\u00a0\u00bb][vc_column width=\u00a0\u00bb1\/2&Prime;][vc_column_text]<\/p>\n<h3>Int\u00e9grations pour le contr\u00f4le des co\u00fbts alimentaires<\/h3>\n<p>Trivec offre une gamme compl\u00e8te de <a href=\"https:\/\/www.fr.trivec.be\/produits\/integrations\/\">partenaires<\/a> pour une int\u00e9gration sans faille avec des outils tels que l&rsquo;analyse, la gestion des stocks et le contr\u00f4le des co\u00fbts alimentaires. Apicbase est un outil d&rsquo;analyse et de gestion des stocks qui peut aider votre entreprise \u00e0 atteindre son plein potentiel en am\u00e9liorant l&rsquo;efficacit\u00e9 op\u00e9rationnelle et le comportement d&rsquo;achat. Parmi ses offres de produits se trouvent un portail d&rsquo;achat pour tous vos fournisseurs, ainsi que des rapports et des statistiques, des rapports op\u00e9rationnels et des pr\u00e9visions.<\/p>\n<p>En int\u00e9grant de mani\u00e8re transparente votre syst\u00e8me de caisse Trivec avec le syst\u00e8me d&rsquo;inventaire et d&rsquo;analyse d&rsquo;Apicbase, vous pouvez optimiser encore davantage vos op\u00e9rations commerciales.[\/vc_column_text][\/vc_column][vc_column width=\u00a0\u00bb1\/2&Prime;][vc_single_image image=\u00a0\u00bb24144&Prime; alignment=\u00a0\u00bbcenter\u00a0\u00bb][\/vc_column][\/vc_row]<\/p>\n<\/div>","protected":false},"excerpt":{"rendered":"<p>[vc_row][vc_column][vc_single_image image=\u00a0\u00bb33355&Prime; img_size=\u00a0\u00bb2000&#215;500&Prime; alignment=\u00a0\u00bbcenter\u00a0\u00bb][vc_column_text] Comment calculer la marge brute d\u2019un restaurant ? La marge brute d\u2019un restaurant correspond \u00e0 la somme des ventes moins le co\u00fbt des aliments et des fournitures. Le pourcentage du co\u00fbt des aliments est une mesure essentielle pour tout restaurant ou entreprise dans le secteur de la restauration. Il repr\u00e9sente le [&hellip;]<\/p>\n","protected":false},"author":21,"featured_media":0,"parent":32378,"menu_order":0,"comment_status":"closed","ping_status":"closed","template":"","meta":{"_acf_changed":false,"content-type":"","footnotes":""},"class_list":["post-33757","page","type-page","status-publish","hentry"],"acf":[],"yoast_head":"<!-- This site is optimized with the Yoast SEO plugin v27.2 - https:\/\/yoast.com\/product\/yoast-seo-wordpress\/ -->\n<title>Comment calculer la marge brute d\u2019un restaurant ? - Trivec<\/title>\n<meta name=\"robots\" content=\"noindex, follow\" \/>\n<meta property=\"og:locale\" content=\"fr_FR\" \/>\n<meta property=\"og:type\" content=\"article\" \/>\n<meta property=\"og:title\" content=\"Comment calculer la marge brute d\u2019un restaurant ? - Trivec\" \/>\n<meta property=\"og:description\" content=\"[vc_row][vc_column][vc_single_image image=\u00a0\u00bb33355&Prime; img_size=\u00a0\u00bb2000&#215;500&Prime; alignment=\u00a0\u00bbcenter\u00a0\u00bb][vc_column_text] Comment calculer la marge brute d\u2019un restaurant ? La marge brute d\u2019un restaurant correspond \u00e0 la somme des ventes moins le co\u00fbt des aliments et des fournitures. Le pourcentage du co\u00fbt des aliments est une mesure essentielle pour tout restaurant ou entreprise dans le secteur de la restauration. Il repr\u00e9sente le [&hellip;]\" \/>\n<meta property=\"og:url\" content=\"https:\/\/trivec.aws-staging.swace.se\/fr\/ressources\/livre-blancs\/ouvrir-un-restaurant\/marge-brute\/\" \/>\n<meta property=\"og:site_name\" content=\"Trivec\" \/>\n<meta name=\"twitter:card\" content=\"summary_large_image\" \/>\n<meta name=\"twitter:label1\" content=\"Dur\u00e9e de lecture estim\u00e9e\" \/>\n\t<meta name=\"twitter:data1\" content=\"5 minutes\" \/>\n<script type=\"application\/ld+json\" class=\"yoast-schema-graph\">{\"@context\":\"https:\/\/schema.org\",\"@graph\":[{\"@type\":\"WebPage\",\"@id\":\"https:\/\/trivec.aws-staging.swace.se\/fr\/ressources\/livre-blancs\/ouvrir-un-restaurant\/marge-brute\/\",\"url\":\"https:\/\/trivec.aws-staging.swace.se\/fr\/ressources\/livre-blancs\/ouvrir-un-restaurant\/marge-brute\/\",\"name\":\"Comment calculer la marge brute d\u2019un restaurant ? - Trivec\",\"isPartOf\":{\"@id\":\"https:\/\/trivec.aws-staging.swace.se\/fr\/#website\"},\"datePublished\":\"2023-04-21T09:25:04+00:00\",\"breadcrumb\":{\"@id\":\"https:\/\/trivec.aws-staging.swace.se\/fr\/ressources\/livre-blancs\/ouvrir-un-restaurant\/marge-brute\/#breadcrumb\"},\"inLanguage\":\"fr-FR\",\"potentialAction\":[{\"@type\":\"ReadAction\",\"target\":[\"https:\/\/trivec.aws-staging.swace.se\/fr\/ressources\/livre-blancs\/ouvrir-un-restaurant\/marge-brute\/\"]}]},{\"@type\":\"BreadcrumbList\",\"@id\":\"https:\/\/trivec.aws-staging.swace.se\/fr\/ressources\/livre-blancs\/ouvrir-un-restaurant\/marge-brute\/#breadcrumb\",\"itemListElement\":[{\"@type\":\"ListItem\",\"position\":1,\"name\":\"Home\",\"item\":\"https:\/\/www.trivec.aws-staging.swace.se\/fr\/\"},{\"@type\":\"ListItem\",\"position\":2,\"name\":\"Ressources\",\"item\":\"https:\/\/www.trivec.aws-staging.swace.se\/fr\/ressources\/\"},{\"@type\":\"ListItem\",\"position\":3,\"name\":\"Livres blancs\",\"item\":\"https:\/\/www.trivec.aws-staging.swace.se\/fr\/ressources\/livre-blancs\/\"},{\"@type\":\"ListItem\",\"position\":4,\"name\":\"Ouvrir un restaurant\",\"item\":\"https:\/\/trivec.aws-staging.swace.se\/fr\/ressources\/livre-blancs\/ouvrir-un-restaurant\/\"},{\"@type\":\"ListItem\",\"position\":5,\"name\":\"Comment calculer la marge brute d\u2019un restaurant ?\"}]},{\"@type\":\"WebSite\",\"@id\":\"https:\/\/trivec.aws-staging.swace.se\/fr\/#website\",\"url\":\"https:\/\/trivec.aws-staging.swace.se\/fr\/\",\"name\":\"Trivec\",\"description\":\"Caisse Restaurant, Doseur \u00e9lectronique\",\"potentialAction\":[{\"@type\":\"SearchAction\",\"target\":{\"@type\":\"EntryPoint\",\"urlTemplate\":\"https:\/\/trivec.aws-staging.swace.se\/fr\/?s={search_term_string}\"},\"query-input\":{\"@type\":\"PropertyValueSpecification\",\"valueRequired\":true,\"valueName\":\"search_term_string\"}}],\"inLanguage\":\"fr-FR\"}]}<\/script>\n<!-- \/ Yoast SEO plugin. -->","yoast_head_json":{"title":"Comment calculer la marge brute d\u2019un restaurant ? - Trivec","robots":{"index":"noindex","follow":"follow"},"og_locale":"fr_FR","og_type":"article","og_title":"Comment calculer la marge brute d\u2019un restaurant ? - Trivec","og_description":"[vc_row][vc_column][vc_single_image image=\u00a0\u00bb33355&Prime; img_size=\u00a0\u00bb2000&#215;500&Prime; alignment=\u00a0\u00bbcenter\u00a0\u00bb][vc_column_text] Comment calculer la marge brute d\u2019un restaurant ? La marge brute d\u2019un restaurant correspond \u00e0 la somme des ventes moins le co\u00fbt des aliments et des fournitures. Le pourcentage du co\u00fbt des aliments est une mesure essentielle pour tout restaurant ou entreprise dans le secteur de la restauration. Il repr\u00e9sente le [&hellip;]","og_url":"https:\/\/trivec.aws-staging.swace.se\/fr\/ressources\/livre-blancs\/ouvrir-un-restaurant\/marge-brute\/","og_site_name":"Trivec","twitter_card":"summary_large_image","twitter_misc":{"Dur\u00e9e de lecture estim\u00e9e":"5 minutes"},"schema":{"@context":"https:\/\/schema.org","@graph":[{"@type":"WebPage","@id":"https:\/\/trivec.aws-staging.swace.se\/fr\/ressources\/livre-blancs\/ouvrir-un-restaurant\/marge-brute\/","url":"https:\/\/trivec.aws-staging.swace.se\/fr\/ressources\/livre-blancs\/ouvrir-un-restaurant\/marge-brute\/","name":"Comment calculer la marge brute d\u2019un restaurant ? - Trivec","isPartOf":{"@id":"https:\/\/trivec.aws-staging.swace.se\/fr\/#website"},"datePublished":"2023-04-21T09:25:04+00:00","breadcrumb":{"@id":"https:\/\/trivec.aws-staging.swace.se\/fr\/ressources\/livre-blancs\/ouvrir-un-restaurant\/marge-brute\/#breadcrumb"},"inLanguage":"fr-FR","potentialAction":[{"@type":"ReadAction","target":["https:\/\/trivec.aws-staging.swace.se\/fr\/ressources\/livre-blancs\/ouvrir-un-restaurant\/marge-brute\/"]}]},{"@type":"BreadcrumbList","@id":"https:\/\/trivec.aws-staging.swace.se\/fr\/ressources\/livre-blancs\/ouvrir-un-restaurant\/marge-brute\/#breadcrumb","itemListElement":[{"@type":"ListItem","position":1,"name":"Home","item":"https:\/\/www.trivec.aws-staging.swace.se\/fr\/"},{"@type":"ListItem","position":2,"name":"Ressources","item":"https:\/\/www.trivec.aws-staging.swace.se\/fr\/ressources\/"},{"@type":"ListItem","position":3,"name":"Livres blancs","item":"https:\/\/www.trivec.aws-staging.swace.se\/fr\/ressources\/livre-blancs\/"},{"@type":"ListItem","position":4,"name":"Ouvrir un restaurant","item":"https:\/\/trivec.aws-staging.swace.se\/fr\/ressources\/livre-blancs\/ouvrir-un-restaurant\/"},{"@type":"ListItem","position":5,"name":"Comment calculer la marge brute d\u2019un restaurant ?"}]},{"@type":"WebSite","@id":"https:\/\/trivec.aws-staging.swace.se\/fr\/#website","url":"https:\/\/trivec.aws-staging.swace.se\/fr\/","name":"Trivec","description":"Caisse Restaurant, Doseur \u00e9lectronique","potentialAction":[{"@type":"SearchAction","target":{"@type":"EntryPoint","urlTemplate":"https:\/\/trivec.aws-staging.swace.se\/fr\/?s={search_term_string}"},"query-input":{"@type":"PropertyValueSpecification","valueRequired":true,"valueName":"search_term_string"}}],"inLanguage":"fr-FR"}]}},"_links":{"self":[{"href":"https:\/\/trivec.aws-staging.swace.se\/fr\/wp-json\/wp\/v2\/pages\/33757","targetHints":{"allow":["GET"]}}],"collection":[{"href":"https:\/\/trivec.aws-staging.swace.se\/fr\/wp-json\/wp\/v2\/pages"}],"about":[{"href":"https:\/\/trivec.aws-staging.swace.se\/fr\/wp-json\/wp\/v2\/types\/page"}],"author":[{"embeddable":true,"href":"https:\/\/trivec.aws-staging.swace.se\/fr\/wp-json\/wp\/v2\/users\/21"}],"replies":[{"embeddable":true,"href":"https:\/\/trivec.aws-staging.swace.se\/fr\/wp-json\/wp\/v2\/comments?post=33757"}],"version-history":[{"count":7,"href":"https:\/\/trivec.aws-staging.swace.se\/fr\/wp-json\/wp\/v2\/pages\/33757\/revisions"}],"predecessor-version":[{"id":33822,"href":"https:\/\/trivec.aws-staging.swace.se\/fr\/wp-json\/wp\/v2\/pages\/33757\/revisions\/33822"}],"up":[{"embeddable":true,"href":"https:\/\/trivec.aws-staging.swace.se\/fr\/wp-json\/wp\/v2\/pages\/32378"}],"wp:attachment":[{"href":"https:\/\/trivec.aws-staging.swace.se\/fr\/wp-json\/wp\/v2\/media?parent=33757"}],"curies":[{"name":"wp","href":"https:\/\/api.w.org\/{rel}","templated":true}]}}