{"id":33733,"date":"2023-04-21T11:22:38","date_gmt":"2023-04-21T09:22:38","guid":{"rendered":"https:\/\/trivec.aws-staging.swace.se\/?page_id=33733"},"modified":"2023-05-16T14:57:15","modified_gmt":"2023-05-16T12:57:15","slug":"marge","status":"publish","type":"page","link":"https:\/\/trivec.aws-staging.swace.se\/fr\/ressources\/livre-blancs\/ouvrir-un-restaurant\/marge\/","title":{"rendered":"Comment augmenter la marge de votre restaurant ?"},"content":{"rendered":"<div class=\"wpb-content-wrapper\"><p>[vc_row][vc_column][vc_single_image image=\u00a0\u00bb24351&Prime; img_size=\u00a0\u00bb2000&#215;500&Prime; alignment=\u00a0\u00bbcenter\u00a0\u00bb][vc_row_inner][vc_column_inner][vc_column_text]<\/p>\n<h1 style=\"margin: 0cm 0cm 15.0pt 0cm;\"><b><span lang=\"FR\" style=\"font-family: 'Segoe UI',sans-serif;\">Comment augmenter la marge de votre restaurant\u00a0<\/span><\/b><\/h1>\n<p style=\"margin: 15.0pt 0cm 15.0pt 0cm;\"><span lang=\"FR\" style=\"font-family: 'Segoe UI',sans-serif;\">L&rsquo;un des aspects les plus importants pour g\u00e9rer avec succ\u00e8s une entreprise de restauration est de maximiser les marges. Et g\u00e9n\u00e9rer plus de profit est la pr\u00e9occupation centrale de nos jours. Dans cet article, nous explorerons comment augmenter les revenus et la marge de votre restaurant et pr\u00e9parer votre entreprise \u00e0 un succ\u00e8s durable.<\/span><\/p>\n<h3 style=\"margin: 15.0pt 0cm 15.0pt 0cm;\"><b><span lang=\"FR\" style=\"font-family: 'Segoe UI',sans-serif;\">R\u00e9inventez votre entreprise pour l&rsquo;avenir<\/span><\/b><\/h3>\n<p style=\"margin: 15.0pt 0cm 15.0pt 0cm;\"><span lang=\"FR\" style=\"font-family: 'Segoe UI',sans-serif;\">Afin d&rsquo;augmenter la marge de votre restaurant, vous devez \u00eatre pr\u00eat \u00e0 accepter le changement et \u00e0 vous adapter aux derni\u00e8res tendances de l&rsquo;industrie. Les restaurateurs qui investissent dans des caisses enregistreuses (POS) flexibles, \u00e0 grande \u00e9chelle, avec des analyses en temps r\u00e9el, des POS portatifs pour une rotation de table plus rapide, des programmes de fid\u00e9lit\u00e9 et de fid\u00e9lisation de la client\u00e8le, augmenteront le volume de leurs ventes et augmenteront leurs revenus. En somme, r\u00e9inventez votre entreprise pour l&rsquo;avenir et pour de nouveaux clients en investissant dans les bonnes technologies.<\/span><\/p>\n<p style=\"margin: 15.0pt 0cm 15.0pt 0cm;\"><span lang=\"FR\" style=\"font-family: 'Segoe UI',sans-serif;\">Un syst\u00e8me de caisse enregistreuse flexible \u00e0 grande \u00e9chelle et un POS portatif aideront \u00e0 organiser le personnel du restaurant, le personnel de cuisine et les barmans d\u2019une nouvelle mani\u00e8re. Avec un seul appareil de commande et de paiement portatif, vous pouvez avoir un serveur parmi les clients qui conna\u00eet les plats et les boissons, qui \u00e9change avec eux, pendant qu\u2019il prend les commandes et les paiements. En compl\u00e9ment d\u2019autres salari\u00e9s d\u00e9di\u00e9s, apportent les commandes et les boissons. Cela r\u00e9sout la p\u00e9nurie de personnel \u00e0 laquelle toute l&rsquo;industrie de la restauration est confront\u00e9e en ce moment m\u00eame, r\u00e9duit les co\u00fbts de main-d&rsquo;\u0153uvre et augmente les ventes incitatives.<\/span><\/p>\n<h3 style=\"margin: 15.0pt 0cm 15.0pt 0cm;\"><b><span lang=\"FR\" style=\"font-family: 'Segoe UI',sans-serif;\">Quelle est la marge b\u00e9n\u00e9ficiaire moyenne d&rsquo;un restaurant ? <\/span><\/b><\/h3>\n<p style=\"margin: 15.0pt 0cm 15.0pt 0cm;\"><span lang=\"FR\" style=\"font-family: 'Segoe UI',sans-serif;\">La marge b\u00e9n\u00e9ficiaire moyenne d&rsquo;un restaurant varie en fonction de plusieurs facteurs tels que l&#8217;emplacement, la taille et le type de restaurant. Selon la National Restaurant Association elle varie entre 3% et 5%. Cependant, ce chiffre peut \u00eatre augment\u00e9 en mettant en place certaines strat\u00e9gies que nous aborderons plus loin dans cet article.<\/span><\/p>\n<h3 style=\"margin: 15.0pt 0cm 15.0pt 0cm;\"><b><span lang=\"FR\" style=\"font-family: 'Segoe UI',sans-serif;\">Marges moyennes par type de restaurant <\/span><\/b><\/h3>\n<p style=\"margin: 15.0pt 0cm 15.0pt 0cm;\"><span lang=\"FR\" style=\"font-family: 'Segoe UI',sans-serif;\">Cette marge b\u00e9n\u00e9ficiaire de 3% \u00e0 5 % mentionn\u00e9e ci-dessus concerne g\u00e9n\u00e9ralement les restaurants \u00e0 service complet, qui sont des \u00e9tablissements comprenant g\u00e9n\u00e9ralement du personnel de cuisine, des g\u00e9rants, des serveurs, des barmans et un h\u00f4te, au minimum. Cependant, ces chiffres peuvent varier consid\u00e9rablement en fonction de facteurs tels que la taille du restaurant, la fourchette de prix, les taux de rotation, l&#8217;emplacement et plus encore.<\/span><\/p>\n<p>[\/vc_column_text][\/vc_column_inner][\/vc_row_inner][\/vc_column][\/vc_row][vc_row equal_height=\u00a0\u00bbyes\u00a0\u00bb padding_top=\u00a0\u00bbmedium\u00a0\u00bb padding_bottom=\u00a0\u00bbmedium\u00a0\u00bb][vc_column width=\u00a0\u00bb1\/2&Prime;][vc_single_image image=\u00a0\u00bb25743&Prime; alignment=\u00a0\u00bbcenter\u00a0\u00bb][\/vc_column][vc_column width=\u00a0\u00bb1\/2&Prime;][vc_column_text]<\/p>\n<h3><strong>Qu&rsquo;est-ce que la marge brute ? <\/strong><\/h3>\n<p>La marge brute fait r\u00e9f\u00e9rence \u00e0 la somme qu&rsquo;un restaurant gagne apr\u00e8s avoir d\u00e9duit le co\u00fbt des marchandises vendues de ses revenus. Cette marge comprend le co\u00fbt des ingr\u00e9dients, des fournitures de cuisine et d&rsquo;autres d\u00e9penses li\u00e9es \u00e0 la pr\u00e9paration des plats du menu. La marge brute est un indicateur important pour les restaurants, car il indique l&rsquo;efficacit\u00e9 avec laquelle un restaurant utilise ses ressources.<\/p>\n<h3><strong>Comment calculer la marge brute ? <\/strong><\/h3>\n<p>Pour calculer la marge brute, il faut soustraire le co\u00fbt des marchandises vendues du total des revenus. Par exemple, si un restaurant g\u00e9n\u00e8re 50 000 $ de revenus et a un co\u00fbt total des marchandises de 20 000 $, la marge brute sera de 30 000 $.<\/p>\n<h3><strong>Qu&rsquo;est-ce que le b\u00e9n\u00e9fice ? <\/strong><\/h3>\n<p>Le b\u00e9n\u00e9fice est la somme qu&rsquo;un restaurant gagne apr\u00e8s avoir d\u00e9duit toutes les d\u00e9penses, y compris les co\u00fbts d&rsquo;exploitation, les loyers, les salaires et les taxes de ses recettes. Le b\u00e9n\u00e9fice est l&rsquo;objectif ultime de toute entreprise car il indique la rentabilit\u00e9 de l&rsquo;entreprise dans son ensemble.<\/p>\n<h3><strong>Comment calculer le b\u00e9n\u00e9fice ?<\/strong><\/h3>\n<p>Pour calculer le b\u00e9n\u00e9fice, soustrayez toutes les d\u00e9penses du total des revenus. Pour calculer le calculer pour une certaine p\u00e9riode, vous avez besoin des informations suivantes : revenus, gains, d\u00e9penses et pertes.<\/p>\n<h3><strong>Pourquoi les marges des restaurants sont-elles si faibles ?<\/strong><\/h3>\n<p>Bien qu&rsquo;il existe de nombreux facteurs qui contribuent \u00e0 la faible marge b\u00e9n\u00e9ficiaire dans l&rsquo;industrie de la restauration, l&rsquo;une des principales raisons sont les trois principales d\u00e9penses, le co\u00fbt des marchandises vendues, le personnel et le loyer et l&rsquo;\u00e9lectricit\u00e9. Une fois que toutes ces d\u00e9penses sont pay\u00e9es, il reste g\u00e9n\u00e9ralement aux restaurants seulement 2% \u00e0 6 % du b\u00e9n\u00e9fice net.[\/vc_column_text][\/vc_column][\/vc_row][vc_row padding_top=\u00a0\u00bbmedium\u00a0\u00bb padding_bottom=\u00a0\u00bbmedium\u00a0\u00bb use_background_image=\u00a0\u00bbyes\u00a0\u00bb vertical_align_center=\u00a0\u00bbyes\u00a0\u00bb][vc_column width=\u00a0\u00bb1\/2&Prime;][vc_column_text]<\/p>\n<h2>Ouvrir un restaurant en 2023 ? Voici ce que vous devez savoir !<\/h2>\n<p>[\/vc_column_text][vc_btn cta_text_color=\u00a0\u00bbwhite\u00a0\u00bb title=\u00a0\u00bbT\u00e8l\u00e8charger: Ouvrir un restaurant\u00a0\u00bb link=\u00a0\u00bburl:https%3A%2F%2Fwww.trivec.fr%2Fressources%2Flivre-blancs%2Fouvrir-un-restaurant%2F|title:Ouvrir%20un%20restaurant|target:_blank\u00a0\u00bb][\/vc_column][vc_column width=\u00a0\u00bb1\/2&Prime;][vc_single_image image=\u00a0\u00bb29305&Prime; img_size=\u00a0\u00bbmedium\u00a0\u00bb alignment=\u00a0\u00bbcenter\u00a0\u00bb][\/vc_column][\/vc_row][vc_row][vc_column][vc_single_image image=\u00a0\u00bb19240&Prime; img_size=\u00a0\u00bb2000&#215;500&Prime; alignment=\u00a0\u00bbcenter\u00a0\u00bb][vc_row_inner][vc_column_inner][vc_column_text]<\/p>\n<h3 style=\"margin: 15.0pt 0cm 15.0pt 0cm;\"><b><span lang=\"FR\" style=\"font-family: 'Segoe UI',sans-serif;\">Comment augmenter les ventes de votre restaurant\u00a0<\/span><\/b><\/h3>\n<p style=\"margin: 15.0pt 0cm 15.0pt 0cm;\"><span lang=\"FR\" style=\"font-family: 'Segoe UI',sans-serif;\">Commen\u00e7ons par aborder comment augmenter le volume des ventes de votre restaurant. Voici trois choses que vous pouvez faire pour y parvenir : <\/span><\/p>\n<p style=\"margin: 15.0pt 0cm 15.0pt 0cm;\"><span lang=\"FR\" style=\"font-family: 'Segoe UI',sans-serif;\">a) Utilisez <a href=\"https:\/\/blog.trivec.aws-staging.swace.se\/fr\/menu-engineering-comment-rendre-votre-menu-rentable\">menu engneering<\/a>, r\u00e9fl\u00e9chissez attentivement \u00e0 la tarification du menu et utilisez des ingr\u00e9dients \u00e0 fort rendement, calculez les co\u00fbts des aliments et des gaspillages. Combinez votre caisse enregistreuse (POS) avec une application de calcul du gaspillage alimentaires par portion pour vous aider. <\/span><\/p>\n<p style=\"margin: 15.0pt 0cm 15.0pt 0cm;\"><span lang=\"FR\" style=\"font-family: 'Segoe UI',sans-serif;\">b) Am\u00e9liorez la rotation de vos tables avec un POS portatif. <\/span><\/p>\n<p style=\"margin: 15.0pt 0cm 15.0pt 0cm;\"><span lang=\"FR\" style=\"font-family: 'Segoe UI',sans-serif;\">c) Formez le personnel en proposant des formations \u00e0 quelques personnes travaillant directement avec les clients. Laissez ces personnes am\u00e9liorer le niveau de service gr\u00e2ce \u00e0 leurs connaissances. Combinez ces personnes avec des employ\u00e9s d\u00e9di\u00e9s qui s&rsquo;occupent des commandes et des boissons.<\/span><\/p>\n<p><span lang=\"FR\" style=\"font-family: 'Segoe UI',sans-serif;\">Ces conseils permettront d&rsquo;am\u00e9liorer l&rsquo;exp\u00e9rience des clients, les ventes totales et le chiffre d&rsquo;affaires global du restaurant. <\/span><\/p>\n<p style=\"margin: 15.0pt 0cm 15.0pt 0cm;\"><span lang=\"FR\" style=\"font-family: 'Segoe UI',sans-serif;\">Si vous souhaitez en savoir plus sur le marketing des restaurants, cliquez ici.<\/span><\/p>\n<p>[\/vc_column_text][\/vc_column_inner][\/vc_row_inner][\/vc_column][\/vc_row][vc_row padding_top=\u00a0\u00bbmedium\u00a0\u00bb padding_bottom=\u00a0\u00bbmedium\u00a0\u00bb use_background_image=\u00a0\u00bbyes\u00a0\u00bb][vc_column width=\u00a0\u00bb2\/3&Prime;][vc_column_text]<\/p>\n<h3><strong>D\u00e9couvrez les int\u00e9grations Trivec pour l&rsquo;analyse et le contr\u00f4le des co\u00fbts des aliments<\/strong><\/h3>\n<p>Trivec propose un vaste \u00e9cosyst\u00e8me de partenaires pour des int\u00e9grations simples telles que l&rsquo;analyse, la gestion des stocks et le contr\u00f4le du co\u00fbt des aliments. Comme outil d&rsquo;analyse et de gestion des stocks, Qvanti vous aide \u00e0 d\u00e9velopper votre entreprise en exploitant tout son potentiel gr\u00e2ce \u00e0 une \u00e9conomie op\u00e9rationnelle et des achats optimis\u00e9s. Qvanti propose dans son offre de produits : un portail d&rsquo;achat fournisseurs, des rapports et des statistiques, des rapports op\u00e9rationnels et des pr\u00e9visions.<\/p>\n<p>Int\u00e9grez en toute transparence votre syst\u00e8me de caisse Trivec avec le syst\u00e8me d&rsquo;inventaire et d&rsquo;analyse de Qvanti. Vous \u00e9conomiserez des heures de travail administratif et faciliterez la gestion de vos donn\u00e9es. En savoir plus sur les <a href=\"https:\/\/www.trivec.fr\/produits\/integrations\/\">int\u00e9grations<\/a> Trivec ici.[\/vc_column_text][\/vc_column][vc_column width=\u00a0\u00bb1\/3&Prime;][vc_single_image image=\u00a0\u00bb26906&Prime; img_size=\u00a0\u00bbmedium\u00a0\u00bb alignment=\u00a0\u00bbcenter\u00a0\u00bb][\/vc_column][\/vc_row]<\/p>\n<\/div>","protected":false},"excerpt":{"rendered":"<p>[vc_row][vc_column][vc_single_image image=\u00a0\u00bb24351&Prime; img_size=\u00a0\u00bb2000&#215;500&Prime; alignment=\u00a0\u00bbcenter\u00a0\u00bb][vc_row_inner][vc_column_inner][vc_column_text] Comment augmenter la marge de votre restaurant\u00a0 L&rsquo;un des aspects les plus importants pour g\u00e9rer avec succ\u00e8s une entreprise de restauration est de maximiser les marges. Et g\u00e9n\u00e9rer plus de profit est la pr\u00e9occupation centrale de nos jours. Dans cet article, nous explorerons comment augmenter les revenus et la marge de [&hellip;]<\/p>\n","protected":false},"author":21,"featured_media":0,"parent":32378,"menu_order":0,"comment_status":"closed","ping_status":"closed","template":"","meta":{"_acf_changed":false,"content-type":"","footnotes":""},"class_list":["post-33733","page","type-page","status-publish","hentry"],"acf":[],"yoast_head":"<!-- This site is optimized with the Yoast SEO plugin v27.2 - https:\/\/yoast.com\/product\/yoast-seo-wordpress\/ -->\n<title>Comment augmenter la marge de votre restaurant ? - Trivec<\/title>\n<meta name=\"description\" content=\"Comment augmenter la marge de votre restaurant ? L&#039;un des aspects les plus importants pour g\u00e9rer avec succ\u00e8s est de maximiser les marges.\" \/>\n<meta name=\"robots\" content=\"noindex, follow\" \/>\n<meta property=\"og:locale\" content=\"fr_FR\" \/>\n<meta property=\"og:type\" content=\"article\" \/>\n<meta property=\"og:title\" content=\"Comment augmenter la marge de votre restaurant ? - Trivec\" \/>\n<meta property=\"og:description\" content=\"Comment augmenter la marge de votre restaurant ? L&#039;un des aspects les plus importants pour g\u00e9rer avec succ\u00e8s est de maximiser les marges.\" \/>\n<meta property=\"og:url\" content=\"https:\/\/trivec.aws-staging.swace.se\/fr\/ressources\/livre-blancs\/ouvrir-un-restaurant\/marge\/\" \/>\n<meta property=\"og:site_name\" content=\"Trivec\" \/>\n<meta property=\"article:modified_time\" content=\"2023-05-16T12:57:15+00:00\" \/>\n<meta name=\"twitter:card\" content=\"summary_large_image\" \/>\n<meta name=\"twitter:label1\" content=\"Dur\u00e9e de lecture estim\u00e9e\" \/>\n\t<meta name=\"twitter:data1\" content=\"5 minutes\" \/>\n<script type=\"application\/ld+json\" class=\"yoast-schema-graph\">{\"@context\":\"https:\/\/schema.org\",\"@graph\":[{\"@type\":\"WebPage\",\"@id\":\"https:\/\/trivec.aws-staging.swace.se\/fr\/ressources\/livre-blancs\/ouvrir-un-restaurant\/marge\/\",\"url\":\"https:\/\/trivec.aws-staging.swace.se\/fr\/ressources\/livre-blancs\/ouvrir-un-restaurant\/marge\/\",\"name\":\"Comment augmenter la marge de votre restaurant ? - Trivec\",\"isPartOf\":{\"@id\":\"https:\/\/trivec.aws-staging.swace.se\/fr\/#website\"},\"datePublished\":\"2023-04-21T09:22:38+00:00\",\"dateModified\":\"2023-05-16T12:57:15+00:00\",\"description\":\"Comment augmenter la marge de votre restaurant ? L'un des aspects les plus importants pour g\u00e9rer avec succ\u00e8s est de maximiser les marges.\",\"breadcrumb\":{\"@id\":\"https:\/\/trivec.aws-staging.swace.se\/fr\/ressources\/livre-blancs\/ouvrir-un-restaurant\/marge\/#breadcrumb\"},\"inLanguage\":\"fr-FR\",\"potentialAction\":[{\"@type\":\"ReadAction\",\"target\":[\"https:\/\/trivec.aws-staging.swace.se\/fr\/ressources\/livre-blancs\/ouvrir-un-restaurant\/marge\/\"]}]},{\"@type\":\"BreadcrumbList\",\"@id\":\"https:\/\/trivec.aws-staging.swace.se\/fr\/ressources\/livre-blancs\/ouvrir-un-restaurant\/marge\/#breadcrumb\",\"itemListElement\":[{\"@type\":\"ListItem\",\"position\":1,\"name\":\"Home\",\"item\":\"https:\/\/www.trivec.aws-staging.swace.se\/fr\/\"},{\"@type\":\"ListItem\",\"position\":2,\"name\":\"Ressources\",\"item\":\"https:\/\/www.trivec.aws-staging.swace.se\/fr\/ressources\/\"},{\"@type\":\"ListItem\",\"position\":3,\"name\":\"Livres blancs\",\"item\":\"https:\/\/www.trivec.aws-staging.swace.se\/fr\/ressources\/livre-blancs\/\"},{\"@type\":\"ListItem\",\"position\":4,\"name\":\"Ouvrir un restaurant\",\"item\":\"https:\/\/trivec.aws-staging.swace.se\/fr\/ressources\/livre-blancs\/ouvrir-un-restaurant\/\"},{\"@type\":\"ListItem\",\"position\":5,\"name\":\"Comment augmenter la marge de votre restaurant ?\"}]},{\"@type\":\"WebSite\",\"@id\":\"https:\/\/trivec.aws-staging.swace.se\/fr\/#website\",\"url\":\"https:\/\/trivec.aws-staging.swace.se\/fr\/\",\"name\":\"Trivec\",\"description\":\"Caisse Restaurant, Doseur \u00e9lectronique\",\"potentialAction\":[{\"@type\":\"SearchAction\",\"target\":{\"@type\":\"EntryPoint\",\"urlTemplate\":\"https:\/\/trivec.aws-staging.swace.se\/fr\/?s={search_term_string}\"},\"query-input\":{\"@type\":\"PropertyValueSpecification\",\"valueRequired\":true,\"valueName\":\"search_term_string\"}}],\"inLanguage\":\"fr-FR\"}]}<\/script>\n<!-- \/ Yoast SEO plugin. -->","yoast_head_json":{"title":"Comment augmenter la marge de votre restaurant ? - Trivec","description":"Comment augmenter la marge de votre restaurant ? L'un des aspects les plus importants pour g\u00e9rer avec succ\u00e8s est de maximiser les marges.","robots":{"index":"noindex","follow":"follow"},"og_locale":"fr_FR","og_type":"article","og_title":"Comment augmenter la marge de votre restaurant ? - Trivec","og_description":"Comment augmenter la marge de votre restaurant ? L'un des aspects les plus importants pour g\u00e9rer avec succ\u00e8s est de maximiser les marges.","og_url":"https:\/\/trivec.aws-staging.swace.se\/fr\/ressources\/livre-blancs\/ouvrir-un-restaurant\/marge\/","og_site_name":"Trivec","article_modified_time":"2023-05-16T12:57:15+00:00","twitter_card":"summary_large_image","twitter_misc":{"Dur\u00e9e de lecture estim\u00e9e":"5 minutes"},"schema":{"@context":"https:\/\/schema.org","@graph":[{"@type":"WebPage","@id":"https:\/\/trivec.aws-staging.swace.se\/fr\/ressources\/livre-blancs\/ouvrir-un-restaurant\/marge\/","url":"https:\/\/trivec.aws-staging.swace.se\/fr\/ressources\/livre-blancs\/ouvrir-un-restaurant\/marge\/","name":"Comment augmenter la marge de votre restaurant ? - Trivec","isPartOf":{"@id":"https:\/\/trivec.aws-staging.swace.se\/fr\/#website"},"datePublished":"2023-04-21T09:22:38+00:00","dateModified":"2023-05-16T12:57:15+00:00","description":"Comment augmenter la marge de votre restaurant ? L'un des aspects les plus importants pour g\u00e9rer avec succ\u00e8s est de maximiser les marges.","breadcrumb":{"@id":"https:\/\/trivec.aws-staging.swace.se\/fr\/ressources\/livre-blancs\/ouvrir-un-restaurant\/marge\/#breadcrumb"},"inLanguage":"fr-FR","potentialAction":[{"@type":"ReadAction","target":["https:\/\/trivec.aws-staging.swace.se\/fr\/ressources\/livre-blancs\/ouvrir-un-restaurant\/marge\/"]}]},{"@type":"BreadcrumbList","@id":"https:\/\/trivec.aws-staging.swace.se\/fr\/ressources\/livre-blancs\/ouvrir-un-restaurant\/marge\/#breadcrumb","itemListElement":[{"@type":"ListItem","position":1,"name":"Home","item":"https:\/\/www.trivec.aws-staging.swace.se\/fr\/"},{"@type":"ListItem","position":2,"name":"Ressources","item":"https:\/\/www.trivec.aws-staging.swace.se\/fr\/ressources\/"},{"@type":"ListItem","position":3,"name":"Livres blancs","item":"https:\/\/www.trivec.aws-staging.swace.se\/fr\/ressources\/livre-blancs\/"},{"@type":"ListItem","position":4,"name":"Ouvrir un restaurant","item":"https:\/\/trivec.aws-staging.swace.se\/fr\/ressources\/livre-blancs\/ouvrir-un-restaurant\/"},{"@type":"ListItem","position":5,"name":"Comment augmenter la marge de votre restaurant ?"}]},{"@type":"WebSite","@id":"https:\/\/trivec.aws-staging.swace.se\/fr\/#website","url":"https:\/\/trivec.aws-staging.swace.se\/fr\/","name":"Trivec","description":"Caisse Restaurant, Doseur \u00e9lectronique","potentialAction":[{"@type":"SearchAction","target":{"@type":"EntryPoint","urlTemplate":"https:\/\/trivec.aws-staging.swace.se\/fr\/?s={search_term_string}"},"query-input":{"@type":"PropertyValueSpecification","valueRequired":true,"valueName":"search_term_string"}}],"inLanguage":"fr-FR"}]}},"_links":{"self":[{"href":"https:\/\/trivec.aws-staging.swace.se\/fr\/wp-json\/wp\/v2\/pages\/33733","targetHints":{"allow":["GET"]}}],"collection":[{"href":"https:\/\/trivec.aws-staging.swace.se\/fr\/wp-json\/wp\/v2\/pages"}],"about":[{"href":"https:\/\/trivec.aws-staging.swace.se\/fr\/wp-json\/wp\/v2\/types\/page"}],"author":[{"embeddable":true,"href":"https:\/\/trivec.aws-staging.swace.se\/fr\/wp-json\/wp\/v2\/users\/21"}],"replies":[{"embeddable":true,"href":"https:\/\/trivec.aws-staging.swace.se\/fr\/wp-json\/wp\/v2\/comments?post=33733"}],"version-history":[{"count":8,"href":"https:\/\/trivec.aws-staging.swace.se\/fr\/wp-json\/wp\/v2\/pages\/33733\/revisions"}],"predecessor-version":[{"id":34260,"href":"https:\/\/trivec.aws-staging.swace.se\/fr\/wp-json\/wp\/v2\/pages\/33733\/revisions\/34260"}],"up":[{"embeddable":true,"href":"https:\/\/trivec.aws-staging.swace.se\/fr\/wp-json\/wp\/v2\/pages\/32378"}],"wp:attachment":[{"href":"https:\/\/trivec.aws-staging.swace.se\/fr\/wp-json\/wp\/v2\/media?parent=33733"}],"curies":[{"name":"wp","href":"https:\/\/api.w.org\/{rel}","templated":true}]}}