{"id":32378,"date":"2023-04-06T09:27:34","date_gmt":"2023-04-06T07:27:34","guid":{"rendered":"https:\/\/trivec.aws-staging.swace.se\/?page_id=32378"},"modified":"2023-06-10T22:00:44","modified_gmt":"2023-06-10T20:00:44","slug":"ouvrir-un-restaurant","status":"publish","type":"page","link":"https:\/\/trivec.aws-staging.swace.se\/fr\/ressources\/livre-blancs\/ouvrir-un-restaurant\/","title":{"rendered":"Ouvrir un restaurant"},"content":{"rendered":"<div class=\"wpb-content-wrapper\"><p>[vc_row][vc_column][vc_single_image image=\u00a0\u00bb29203&Prime; img_size=\u00a0\u00bb2000*500&Prime; alignment=\u00a0\u00bbcenter\u00a0\u00bb][vc_column_text]<\/p>\n<div class=\"lp-top--image background overlay\">\n<div class=\"container container-wide\">\n<div class=\"row\">\n<div class=\"lp-top--image--inner col-md-8\">\n<h1 class=\"font-weight-light text-white\">Ouvrir un restaurant en 2023 ? Voici ce que vous devez savoir !<\/h1>\n<\/div>\n<\/div>\n<\/div>\n<\/div>\n<p>[\/vc_column_text][vc_column_text]La d\u00e9cision est prise, vous allez ouvrir un nouveau restaurant. Mais par o\u00f9 commencer ?<\/p>\n<p>Nous avons cr\u00e9\u00e9 cette checklist pour vous, afin de vous aider \u00e0 r\u00e9pondre \u00e0 vos questions sur la mani\u00e8re d&rsquo;ouvrir un restaurant, de planifier l&rsquo;expansion d&rsquo;un concept actuel ou simplement de donner une nouvelle dimension \u00e0 votre restaurant existant et d&rsquo;avoir besoin d&rsquo;inspiration pour d\u00e9marrer.[\/vc_column_text][vc_column_text]<\/p>\n<h2>Quatre chapitres : un pour chaque phase<\/h2>\n<p>[\/vc_column_text][vc_column_text]Nous avons divis\u00e9 la checklist en quatre chapitres. Chaque chapitre repr\u00e9sente une nouvelle phase de votre projet.<\/p>\n<p>Nous abordons des sujets tels que : l&rsquo;\u00e9tablissement d&rsquo;un concept et d&rsquo;une identit\u00e9 de marque avec un cahier des charges clair, les aspects juridiques de la cr\u00e9ation d&rsquo;un restaurant, l&#8217;emplacement et la technologie des restaurants. Et bien plus encore.<\/p>\n<p>Enfin, dans cet objectif de vous accompagner au mieux sur des sujets concrets, nous avons \u00e9galement tent\u00e9 de r\u00e9pondre \u00e0 deux grandes questions de votre phase de d\u00e9finition de projet : <a href=\"https:\/\/www.trivec.fr\/ressources\/articles\/quel-budget-prevoir-pour-ouvrir-un-restaurant\/\">Quel budget pr\u00e9voir pour ouvrir un restaurant ?<\/a> et <a href=\"https:\/\/www.trivec.fr\/ressources\/articles\/quelle-formation-pour-ouvrir-un-restaurant\/\">Quelle formation pour ouvrir un restaurant ?<\/a><\/p>\n<div class=\"wpb_text_column wpb_content_element \">\n<div class=\"wpb_wrapper\"><\/div>\n<\/div>\n<div class=\"wpb_text_column wpb_content_element \">\n<div class=\"wpb_wrapper\"><\/div>\n<\/div>\n<p>[\/vc_column_text][\/vc_column][\/vc_row][vc_row use_background_image=\u00a0\u00bbyes\u00a0\u00bb vertical_align_center=\u00a0\u00bbyes\u00a0\u00bb][vc_column width=\u00a0\u00bb2\/3&Prime;][vc_column_text]<\/p>\n<h2>T\u00e9l\u00e9chargez gratuitement notre mod\u00e8le<\/h2>\n<p>[\/vc_column_text][vc_btn cta_text_color=\u00a0\u00bbwhite\u00a0\u00bb title=\u00a0\u00bbMod\u00e8le Business Plan\u00a0\u00bb link=\u00a0\u00bburl:%20https%3A%2F%2Flp.trivec.aws-staging.swace.se%2Ffr%2Ftelecharger-business-plan-restaurant\u00a0\u00bb][\/vc_column][vc_column width=\u00a0\u00bb1\/3&Prime;][vc_single_image image=\u00a0\u00bb26283&Prime; img_size=\u00a0\u00bbmedium\u00a0\u00bb][\/vc_column][\/vc_row][vc_row][vc_column][vc_column_text]<\/p>\n<h3 id=\"Planifiez votre r\u00eave\"><a href=\"https:\/\/www.trivec.fr\/ressources\/livre-blancs\/ouvrir-un-restaurant\/concept\/\">Planifiez votre r\u00eave<\/a><\/h3>\n<p>[\/vc_column_text][vc_column_text]Il est recommand\u00e9 de planifier et de d\u00e9finir clairement le concept, en incluant le style de service, la gamme de prix, le type de plats et l&rsquo;ambiance. Il est \u00e9galement important d&rsquo;\u00e9tudier la concurrence pour identifier ce qui fonctionne le mieux. Parall\u00e8lement, il est crucial de d\u00e9velopper une identit\u00e9 de marque coh\u00e9rente qui refl\u00e8te le concept du restaurant. Cette identit\u00e9 de marque doit \u00eatre pr\u00e9sente dans tous les aspects, tels que le nom, le logo, le marketing, l&rsquo;ambiance et la nourriture. Enfin, le choix du menu, du personnel et des \u00e9quipements doivent \u00eatre en accord avec le concept.[\/vc_column_text][vc_column_text]<\/p>\n<h3 id=\"L'aspect commercial\"><a href=\"https:\/\/www.trivec.fr\/ressources\/livre-blancs\/ouvrir-un-restaurant\/business-plan\/\">L&rsquo;aspect commercial<\/a><\/h3>\n<p>[\/vc_column_text][vc_column_text]Un bon business plan permet de faire face \u00e0 la r\u00e9alit\u00e9 de la gestion d&rsquo;un restaurant avant m\u00eame d&rsquo;accueillir les premiers clients. Il doit \u00eatre bien structur\u00e9, d\u00e9taill\u00e9 et comprendre des \u00e9l\u00e9ments tels que le concept, la vision, les valeurs, l&rsquo;offre commerciale, une analyse de march\u00e9, les ressources cl\u00e9s, les segments de client\u00e8le, les canaux de vente, les informations financi\u00e8res bien \u00e9videmment et les fournisseurs et partenaires, sans oublier de prendre en compte les aspects administratifs et les exigences l\u00e9gales.[\/vc_column_text][vc_column_text]<\/p>\n<h3 id=\"L\u2019\u00e9laboration de votre restaurant\"><a href=\"https:\/\/www.trivec.fr\/ressources\/livre-blancs\/ouvrir-un-restaurant\/organisation\/\">L\u2019\u00e9laboration de votre restaurant<\/a><\/h3>\n<p>[\/vc_column_text][vc_column_text]L&#8217;emplacement et la digitalisation sont des \u00e9l\u00e9ments cl\u00e9s \u00e0 prendre en compte. L&#8217;emplacement id\u00e9al d\u00e9pend de la visibilit\u00e9, de l&rsquo;accessibilit\u00e9 et du concept du restaurant. Il est \u00e9galement important de penser \u00e0 la pr\u00e9sence en ligne, \u00e0 la conception de l&rsquo;espace int\u00e9rieur pour cr\u00e9er une ambiance correspondant au concept du restaurant, au menu, au recrutement de personnel exp\u00e9riment\u00e9 et \u00e0 la possibilit\u00e9 d&rsquo;automatiser certaines t\u00e2ches.[\/vc_column_text][vc_column_text]<\/p>\n<h3 id=\"La gestion du voyage\"><a href=\"https:\/\/www.trivec.fr\/ressources\/livre-blancs\/ouvrir-un-restaurant\/gestion\/\">La gestion du voyage<\/a><\/h3>\n<p>[\/vc_column_text][vc_column_text]Il est important de d\u00e9l\u00e9guer et d&rsquo;\u00eatre ouvert aux nouvelles id\u00e9es, tout en restant attentif aux tendances et aux demandes des clients. L&rsquo;utilisation de syst\u00e8mes num\u00e9riques et automatis\u00e9s est recommand\u00e9e pour se concentrer sur la gestion plut\u00f4t que sur les t\u00e2ches du quotidien. Le marketing est crucial pour attirer de nouveaux clients et fid\u00e9liser la client\u00e8le existante, en mettant l&rsquo;accent sur la pr\u00e9sence en ligne et les communications personnalis\u00e9es.[\/vc_column_text][vc_column_text]<\/p>\n<h3 id=\"La gestion du voyage\"><a href=\"https:\/\/www.trivec.fr\/ressources\/articles\/quelle-formation-pour-ouvrir-un-restaurant\/\">La formation<\/a><\/h3>\n<p>[\/vc_column_text][vc_column_text]Bien qu&rsquo;aucun dipl\u00f4me sp\u00e9cifique ne soit obligatoire, certaines formations sont indispensables pour respecter les proc\u00e9dures d&rsquo;ouverture, dont le permis d&rsquo;exploitation et la formation HACCP. En outre, des comp\u00e9tences en gestion, management, comptabilit\u00e9 et restauration sont recommand\u00e9es pour assurer le succ\u00e8s de l&rsquo;\u00e9tablissement.[\/vc_column_text][vc_column_text]<\/p>\n<h3 id=\"La gestion du voyage\"><a href=\"https:\/\/www.trivec.fr\/ressources\/articles\/quel-budget-prevoir-pour-ouvrir-un-restaurant\/\">Le budget<\/a><\/h3>\n<p>[\/vc_column_text][vc_column_text]Les frais de cr\u00e9ation comprennent les honoraires d&rsquo;avocats, de comptables et de juristes, ainsi que les formalit\u00e9s d&rsquo;immatriculation et les annonces l\u00e9gales. Le permis d&rsquo;exploitation et la licence de grande restauration sont \u00e9galement des co\u00fbts \u00e0 pr\u00e9voir. Le loyer d\u00e9pend de l&#8217;emplacement et des conditions du bail. Les \u00e9quipements de cuisine et le stock de marchandises repr\u00e9sentent d&rsquo;autres d\u00e9penses, tout comme les logiciels de gestion, les charges du personnel et les co\u00fbts de maintenance.[\/vc_column_text][vc_column_text]<\/p>\n<h2>Soyez inspir\u00e9s par les restaurateurs<\/h2>\n<p>[\/vc_column_text][vc_column_text]Deux chapitres pr\u00e9sentent des exemples concrets de restaurateurs qui ont ma\u00eetris\u00e9 les sujets abord\u00e9s. Rencontrez les utilisateurs de Trivec, JO&amp;JOE en France et Br\u00f6dernas &amp; Berns Salonger en Su\u00e8de, et d\u00e9couvrez leur travail exceptionnel en mati\u00e8re de strat\u00e9gie de marque pour leur entreprise.[\/vc_column_text][\/vc_column][\/vc_row][vc_row padding_top=\u00a0\u00bbnone\u00a0\u00bb][vc_column width=\u00a0\u00bb1\/3&Prime;][vc_single_image image=\u00a0\u00bb2772&Prime; alignment=\u00a0\u00bbcenter\u00a0\u00bb][\/vc_column][vc_column width=\u00a0\u00bb1\/3&Prime;][vc_single_image image=\u00a0\u00bb2838&Prime; alignment=\u00a0\u00bbcenter\u00a0\u00bb][\/vc_column][vc_column width=\u00a0\u00bb1\/3&Prime;][vc_single_image image=\u00a0\u00bb2716&Prime; alignment=\u00a0\u00bbcenter\u00a0\u00bb][\/vc_column][\/vc_row][vc_row use_background_image=\u00a0\u00bbyes\u00a0\u00bb][vc_column width=\u00a0\u00bb2\/3&Prime;][vc_column_text]<\/p>\n<h2>T\u00e9l\u00e9chargez gratuitement notre guide<\/h2>\n<p>[\/vc_column_text][vc_btn cta_text_color=\u00a0\u00bbwhite\u00a0\u00bb title=\u00a0\u00bbOuvrir un restaurant en 2023&Prime; link=\u00a0\u00bburl:https%3A%2F%2Flp.trivec.aws-staging.swace.se%2Ffr%2Fchecklist-ouvrir-un-restaurant\u00a0\u00bb][\/vc_column][vc_column width=\u00a0\u00bb1\/3&Prime;][vc_single_image image=\u00a0\u00bb29305&Prime; img_size=\u00a0\u00bbmedium\u00a0\u00bb][\/vc_column][\/vc_row]<\/p>\n<\/div>","protected":false},"excerpt":{"rendered":"<p>[vc_row][vc_column][vc_single_image image=\u00a0\u00bb29203&Prime; img_size=\u00a0\u00bb2000*500&Prime; alignment=\u00a0\u00bbcenter\u00a0\u00bb][vc_column_text] Ouvrir un restaurant en 2023 ? Voici ce que vous devez savoir ! [\/vc_column_text][vc_column_text]La d\u00e9cision est prise, vous allez ouvrir un nouveau restaurant. Mais par o\u00f9 commencer ? Nous avons cr\u00e9\u00e9 cette checklist pour vous, afin de vous aider \u00e0 r\u00e9pondre \u00e0 vos questions sur la mani\u00e8re d&rsquo;ouvrir un restaurant, de [&hellip;]<\/p>\n","protected":false},"author":24,"featured_media":0,"parent":21280,"menu_order":0,"comment_status":"closed","ping_status":"closed","template":"","meta":{"_acf_changed":false,"content-type":"","footnotes":""},"class_list":["post-32378","page","type-page","status-publish","hentry"],"acf":[],"yoast_head":"<!-- This site is optimized with the Yoast SEO plugin v27.2 - https:\/\/yoast.com\/product\/yoast-seo-wordpress\/ -->\n<title>Ouvrir un restaurant - Trivec<\/title>\n<meta name=\"robots\" content=\"noindex, follow\" \/>\n<meta property=\"og:locale\" content=\"fr_FR\" \/>\n<meta property=\"og:type\" content=\"article\" \/>\n<meta property=\"og:title\" content=\"Ouvrir un restaurant - Trivec\" \/>\n<meta property=\"og:description\" content=\"[vc_row][vc_column][vc_single_image image=\u00a0\u00bb29203&Prime; img_size=\u00a0\u00bb2000*500&Prime; alignment=\u00a0\u00bbcenter\u00a0\u00bb][vc_column_text] Ouvrir un restaurant en 2023 ? Voici ce que vous devez savoir ! [\/vc_column_text][vc_column_text]La d\u00e9cision est prise, vous allez ouvrir un nouveau restaurant. Mais par o\u00f9 commencer ? Nous avons cr\u00e9\u00e9 cette checklist pour vous, afin de vous aider \u00e0 r\u00e9pondre \u00e0 vos questions sur la mani\u00e8re d&rsquo;ouvrir un restaurant, de [&hellip;]\" \/>\n<meta property=\"og:url\" content=\"https:\/\/trivec.aws-staging.swace.se\/fr\/ressources\/livre-blancs\/ouvrir-un-restaurant\/\" \/>\n<meta property=\"og:site_name\" content=\"Trivec\" \/>\n<meta property=\"article:modified_time\" content=\"2023-06-10T20:00:44+00:00\" \/>\n<meta name=\"twitter:card\" content=\"summary_large_image\" \/>\n<meta name=\"twitter:label1\" content=\"Dur\u00e9e de lecture estim\u00e9e\" \/>\n\t<meta name=\"twitter:data1\" content=\"4 minutes\" \/>\n<script type=\"application\/ld+json\" class=\"yoast-schema-graph\">{\"@context\":\"https:\/\/schema.org\",\"@graph\":[{\"@type\":\"WebPage\",\"@id\":\"https:\/\/trivec.aws-staging.swace.se\/fr\/ressources\/livre-blancs\/ouvrir-un-restaurant\/\",\"url\":\"https:\/\/trivec.aws-staging.swace.se\/fr\/ressources\/livre-blancs\/ouvrir-un-restaurant\/\",\"name\":\"Ouvrir un restaurant - Trivec\",\"isPartOf\":{\"@id\":\"https:\/\/trivec.aws-staging.swace.se\/fr\/#website\"},\"datePublished\":\"2023-04-06T07:27:34+00:00\",\"dateModified\":\"2023-06-10T20:00:44+00:00\",\"breadcrumb\":{\"@id\":\"https:\/\/trivec.aws-staging.swace.se\/fr\/ressources\/livre-blancs\/ouvrir-un-restaurant\/#breadcrumb\"},\"inLanguage\":\"fr-FR\",\"potentialAction\":[{\"@type\":\"ReadAction\",\"target\":[\"https:\/\/trivec.aws-staging.swace.se\/fr\/ressources\/livre-blancs\/ouvrir-un-restaurant\/\"]}]},{\"@type\":\"BreadcrumbList\",\"@id\":\"https:\/\/trivec.aws-staging.swace.se\/fr\/ressources\/livre-blancs\/ouvrir-un-restaurant\/#breadcrumb\",\"itemListElement\":[{\"@type\":\"ListItem\",\"position\":1,\"name\":\"Home\",\"item\":\"https:\/\/www.trivec.aws-staging.swace.se\/fr\/\"},{\"@type\":\"ListItem\",\"position\":2,\"name\":\"Ressources\",\"item\":\"https:\/\/www.trivec.aws-staging.swace.se\/fr\/ressources\/\"},{\"@type\":\"ListItem\",\"position\":3,\"name\":\"Livres blancs\",\"item\":\"https:\/\/www.trivec.aws-staging.swace.se\/fr\/ressources\/livre-blancs\/\"},{\"@type\":\"ListItem\",\"position\":4,\"name\":\"Ouvrir un restaurant\"}]},{\"@type\":\"WebSite\",\"@id\":\"https:\/\/trivec.aws-staging.swace.se\/fr\/#website\",\"url\":\"https:\/\/trivec.aws-staging.swace.se\/fr\/\",\"name\":\"Trivec\",\"description\":\"Caisse Restaurant, Doseur \u00e9lectronique\",\"potentialAction\":[{\"@type\":\"SearchAction\",\"target\":{\"@type\":\"EntryPoint\",\"urlTemplate\":\"https:\/\/trivec.aws-staging.swace.se\/fr\/?s={search_term_string}\"},\"query-input\":{\"@type\":\"PropertyValueSpecification\",\"valueRequired\":true,\"valueName\":\"search_term_string\"}}],\"inLanguage\":\"fr-FR\"}]}<\/script>\n<!-- \/ Yoast SEO plugin. -->","yoast_head_json":{"title":"Ouvrir un restaurant - Trivec","robots":{"index":"noindex","follow":"follow"},"og_locale":"fr_FR","og_type":"article","og_title":"Ouvrir un restaurant - Trivec","og_description":"[vc_row][vc_column][vc_single_image image=\u00a0\u00bb29203&Prime; img_size=\u00a0\u00bb2000*500&Prime; alignment=\u00a0\u00bbcenter\u00a0\u00bb][vc_column_text] Ouvrir un restaurant en 2023 ? Voici ce que vous devez savoir ! [\/vc_column_text][vc_column_text]La d\u00e9cision est prise, vous allez ouvrir un nouveau restaurant. Mais par o\u00f9 commencer ? Nous avons cr\u00e9\u00e9 cette checklist pour vous, afin de vous aider \u00e0 r\u00e9pondre \u00e0 vos questions sur la mani\u00e8re d&rsquo;ouvrir un restaurant, de [&hellip;]","og_url":"https:\/\/trivec.aws-staging.swace.se\/fr\/ressources\/livre-blancs\/ouvrir-un-restaurant\/","og_site_name":"Trivec","article_modified_time":"2023-06-10T20:00:44+00:00","twitter_card":"summary_large_image","twitter_misc":{"Dur\u00e9e de lecture estim\u00e9e":"4 minutes"},"schema":{"@context":"https:\/\/schema.org","@graph":[{"@type":"WebPage","@id":"https:\/\/trivec.aws-staging.swace.se\/fr\/ressources\/livre-blancs\/ouvrir-un-restaurant\/","url":"https:\/\/trivec.aws-staging.swace.se\/fr\/ressources\/livre-blancs\/ouvrir-un-restaurant\/","name":"Ouvrir un restaurant - Trivec","isPartOf":{"@id":"https:\/\/trivec.aws-staging.swace.se\/fr\/#website"},"datePublished":"2023-04-06T07:27:34+00:00","dateModified":"2023-06-10T20:00:44+00:00","breadcrumb":{"@id":"https:\/\/trivec.aws-staging.swace.se\/fr\/ressources\/livre-blancs\/ouvrir-un-restaurant\/#breadcrumb"},"inLanguage":"fr-FR","potentialAction":[{"@type":"ReadAction","target":["https:\/\/trivec.aws-staging.swace.se\/fr\/ressources\/livre-blancs\/ouvrir-un-restaurant\/"]}]},{"@type":"BreadcrumbList","@id":"https:\/\/trivec.aws-staging.swace.se\/fr\/ressources\/livre-blancs\/ouvrir-un-restaurant\/#breadcrumb","itemListElement":[{"@type":"ListItem","position":1,"name":"Home","item":"https:\/\/www.trivec.aws-staging.swace.se\/fr\/"},{"@type":"ListItem","position":2,"name":"Ressources","item":"https:\/\/www.trivec.aws-staging.swace.se\/fr\/ressources\/"},{"@type":"ListItem","position":3,"name":"Livres blancs","item":"https:\/\/www.trivec.aws-staging.swace.se\/fr\/ressources\/livre-blancs\/"},{"@type":"ListItem","position":4,"name":"Ouvrir un restaurant"}]},{"@type":"WebSite","@id":"https:\/\/trivec.aws-staging.swace.se\/fr\/#website","url":"https:\/\/trivec.aws-staging.swace.se\/fr\/","name":"Trivec","description":"Caisse Restaurant, Doseur \u00e9lectronique","potentialAction":[{"@type":"SearchAction","target":{"@type":"EntryPoint","urlTemplate":"https:\/\/trivec.aws-staging.swace.se\/fr\/?s={search_term_string}"},"query-input":{"@type":"PropertyValueSpecification","valueRequired":true,"valueName":"search_term_string"}}],"inLanguage":"fr-FR"}]}},"_links":{"self":[{"href":"https:\/\/trivec.aws-staging.swace.se\/fr\/wp-json\/wp\/v2\/pages\/32378","targetHints":{"allow":["GET"]}}],"collection":[{"href":"https:\/\/trivec.aws-staging.swace.se\/fr\/wp-json\/wp\/v2\/pages"}],"about":[{"href":"https:\/\/trivec.aws-staging.swace.se\/fr\/wp-json\/wp\/v2\/types\/page"}],"author":[{"embeddable":true,"href":"https:\/\/trivec.aws-staging.swace.se\/fr\/wp-json\/wp\/v2\/users\/24"}],"replies":[{"embeddable":true,"href":"https:\/\/trivec.aws-staging.swace.se\/fr\/wp-json\/wp\/v2\/comments?post=32378"}],"version-history":[{"count":19,"href":"https:\/\/trivec.aws-staging.swace.se\/fr\/wp-json\/wp\/v2\/pages\/32378\/revisions"}],"predecessor-version":[{"id":34833,"href":"https:\/\/trivec.aws-staging.swace.se\/fr\/wp-json\/wp\/v2\/pages\/32378\/revisions\/34833"}],"up":[{"embeddable":true,"href":"https:\/\/trivec.aws-staging.swace.se\/fr\/wp-json\/wp\/v2\/pages\/21280"}],"wp:attachment":[{"href":"https:\/\/trivec.aws-staging.swace.se\/fr\/wp-json\/wp\/v2\/media?parent=32378"}],"curies":[{"name":"wp","href":"https:\/\/api.w.org\/{rel}","templated":true}]}}