{"id":26955,"date":"2022-06-14T15:54:51","date_gmt":"2022-06-14T13:54:51","guid":{"rendered":"https:\/\/trivec.aws-staging.swace.se\/?page_id=26955"},"modified":"2023-05-22T14:56:00","modified_gmt":"2023-05-22T12:56:00","slug":"the-room-club","status":"publish","type":"page","link":"https:\/\/trivec.aws-staging.swace.se\/fr\/clients\/the-room-club\/","title":{"rendered":"The Room Club"},"content":{"rendered":"<div class=\"wpb-content-wrapper\"><p>[vc_row][vc_column][vc_story heading_text=\u00a0\u00bbLe Room Club s\u2019\u00e9quipe des solutions de gestion de boisson automatis\u00e9s de Trivec pour fluidifier et augmenter ses ventes\u00a0\u00bb]<span data-contrast=\"auto\">Le <\/span><b><span data-contrast=\"auto\">Room Club<\/span><\/b><span data-contrast=\"auto\"> est un lieu de vie nocturne situ\u00e9 \u00e0 Poitiers et cr\u00e9e en 2014. Pierre Gaudineau, fondateur de l\u2019\u00e9tablissement s\u2019est entour\u00e9 des \u00e9quipes Trivec d\u00e8s l&rsquo;ouverture afin de <\/span><b><span data-contrast=\"auto\">mettre en place des solutions de syst\u00e8me de boissons<\/span><\/b><span data-contrast=\"auto\">.<\/span><span data-ccp-props=\"{&quot;201341983&quot;:0,&quot;335559739&quot;:160,&quot;335559740&quot;:259}\">\u00a0<\/span><\/p>\n<p><span data-contrast=\"auto\">Les probl\u00e9matiques rencontr\u00e9es par le Room Club sont li\u00e9es au m\u00e9tier et assez simples \u00e0 identifier, il s\u2019agit principalement de pouvoir<\/span><b><span data-contrast=\"auto\"> faire face \u00e0 la d\u00e9marque inconnu<\/span><\/b><span data-contrast=\"auto\"><strong>e<\/strong>. Pierre Gaudineau \u00e9tait \u00e0 la recherche d\u2019une solution lui permettant d\u2019avoir une v\u00e9ritable <\/span><b><span data-contrast=\"auto\">visibilit\u00e9 sur le d\u00e9bit de boisson<\/span><\/b><span data-contrast=\"auto\">, et d\u2019\u00eatre en mesure de suivre cela de tr\u00e8s pr\u00e8s chaque jour.<\/span><span data-ccp-props=\"{&quot;201341983&quot;:0,&quot;335559739&quot;:160,&quot;335559740&quot;:259}\">\u00a0<\/span><\/p>\n<p>&nbsp;<\/p>\n<h2><b><span data-contrast=\"auto\"><img loading=\"lazy\" decoding=\"async\" class=\"alignnone wp-image-27183 size-large\" src=\"https:\/\/www.trivec.fr\/wp\/uploads\/2022\/06\/The-Room-club-1024x1024.png\" alt=\"Client Trivec - The Room Club\" width=\"1024\" height=\"1024\" srcset=\"https:\/\/trivec.aws-staging.swace.se\/wp\/uploads\/2022\/06\/The-Room-club-1024x1024.png 1024w, https:\/\/trivec.aws-staging.swace.se\/wp\/uploads\/2022\/06\/The-Room-club-300x300.png 300w, https:\/\/trivec.aws-staging.swace.se\/wp\/uploads\/2022\/06\/The-Room-club-150x150.png 150w, https:\/\/trivec.aws-staging.swace.se\/wp\/uploads\/2022\/06\/The-Room-club-768x769.png 768w, https:\/\/trivec.aws-staging.swace.se\/wp\/uploads\/2022\/06\/The-Room-club.png 1074w\" sizes=\"auto, (max-width: 1024px) 100vw, 1024px\" \/><\/span><\/b><\/h2>\n<h2><b><span data-contrast=\"auto\">Obtenir une visibilit\u00e9 globale gr\u00e2ce au doseur de bar alcool<\/span><\/b> <span data-ccp-props=\"{&quot;201341983&quot;:0,&quot;335551550&quot;:1,&quot;335551620&quot;:1,&quot;335559739&quot;:160,&quot;335559740&quot;:259}\">\u00a0<\/span><\/h2>\n<p><span data-contrast=\"auto\">Au d\u00e9marrage, les <\/span><a href=\"https:\/\/www.trivec.fr\/produits\/doseur-electronique\/doseur-dalcool\/\"><b><span data-contrast=\"none\">doseurs de bar \u00e0 alcool<\/span><\/b><\/a><span data-contrast=\"auto\">, avec un syst\u00e8me de bague autour des bouteilles, ont \u00e9t\u00e9 les premi\u00e8res solutions mises en place. Selon Pierre Gaudineau, ce syst\u00e8me tr\u00e8s performant lui permettait d\u2019avoir une visibilit\u00e9 sur quasiment l\u2019exhaustivit\u00e9 de ce qu\u2019il travaille au bar, en termes de <\/span><b><span data-contrast=\"auto\">rentabilit\u00e9, de service et de compare<\/span><\/b><span data-contrast=\"auto\">.<\/span><span data-ccp-props=\"{&quot;201341983&quot;:0,&quot;335559739&quot;:160,&quot;335559740&quot;:259}\">\u00a0<\/span><\/p>\n<p><span data-contrast=\"auto\">L\u2019int\u00e9r\u00eat est multiple, puisqu\u2019il est en mesure de savoir quelle personne a servi n\u2019importe quel verre, \u00e0 quelle heure etc., en termes de tra\u00e7abilit\u00e9 il pense que c\u2019est extraordinaire. Au quotidien, cela lui permet de <\/span><b><span data-contrast=\"auto\">suivre les volumes pour am\u00e9liorer constamment la rentabilit\u00e9<\/span><\/b><span data-contrast=\"auto\">.<\/span><span data-ccp-props=\"{&quot;201341983&quot;:0,&quot;335559739&quot;:160,&quot;335559740&quot;:259}\">\u00a0<\/span><\/p>\n<p><span data-contrast=\"auto\">Pour pouvoir am\u00e9liorer son service, Le Room Club dispose aujourd\u2019hui d\u2019une nouvelle solution mise en place il y a quelques mois : les <\/span><a href=\"https:\/\/www.trivec.fr\/produits\/doseur-electronique\/pistolet-alcool\/\"><b><span data-contrast=\"none\">pistolets \u00e0 alcool<\/span><\/b><\/a><span data-contrast=\"auto\">. Selon Pierre Gaudineau, cette solution est encore plus avanc\u00e9e que la pr\u00e9c\u00e9dente car elle lui permet de ma\u00eetriser encore mieux les <\/span><b><span data-contrast=\"auto\">marges et la rentabilit\u00e9<\/span><\/b><span data-contrast=\"auto\">.<\/span><span data-ccp-props=\"{&quot;201341983&quot;:0,&quot;335559739&quot;:160,&quot;335559740&quot;:259}\">\u00a0<\/span><\/p>\n<p><span data-contrast=\"auto\">Aujourd\u2019hui, l\u2019\u00e9tablissement dispose d\u2019une <\/span><b><span data-contrast=\"auto\">caisse centrale<\/span><\/b><span data-contrast=\"auto\"> avec <\/span><b><span data-contrast=\"auto\">3 tiroirs caisse et 3 dispositifs de pistolets \u00e0 alcool<\/span><\/b><span data-contrast=\"auto\">, avec <\/span><b><span data-contrast=\"auto\">8 f\u00fbts de 18 litres<\/span><\/b><span data-contrast=\"auto\">. L\u2019ancien syst\u00e8me avec les bagues est surtout utilis\u00e9 pour les alcools sur lesquels il y a moins de d\u00e9bit. Coupler ces deux dispositifs permet au g\u00e9rant selon son souhait initial d\u2019avoir\u00a0de la <\/span><b><span data-contrast=\"auto\">visibilit\u00e9 exhaustive de tout ce qui se passe au bar<\/span><\/b><span data-contrast=\"auto\"> quand il n&rsquo;est pas sur place.\u00a0<\/span><span data-ccp-props=\"{&quot;201341983&quot;:0,&quot;335559739&quot;:160,&quot;335559740&quot;:259}\">\u00a0<\/span><\/p>\n<h2><b><span data-contrast=\"auto\">Fluidifier le service et augmenter les ventes gr\u00e2ce aux pistolets \u00e0 alcool <\/span><\/b><span data-ccp-props=\"{&quot;201341983&quot;:0,&quot;335559739&quot;:160,&quot;335559740&quot;:259}\">\u00a0<\/span><\/h2>\n<p><span data-contrast=\"auto\">Les pistolets \u00e0 alcool ont quant \u00e0 eux permis d\u2019adresser une probl\u00e9matique diff\u00e9rente, Pierre Gaudineau pr\u00e9cise\u00a0:<\/span><span data-ccp-props=\"{&quot;201341983&quot;:0,&quot;335559739&quot;:160,&quot;335559740&quot;:259}\">\u00a0<\/span><\/p>\n<blockquote><p><span data-contrast=\"auto\">\u201c<\/span><i><span data-contrast=\"auto\">Avant la mise en place des pistolets, j\u2019avais une probl\u00e9matique de fr\u00e9quentation, j\u2019avais beaucoup de monde ce qui fait que les clients attendaient longtemps au bar, au moins 15min en moyenne avant d\u2019avoir leur verre. Ce qui m\u2019a d\u00e9cid\u00e9 \u00e0 franchir le cap de cette nouvelle solution avec les pistolets c\u2019est la rapidit\u00e9 d\u2019ex\u00e9cution. <\/span><\/i><b><i><span data-contrast=\"auto\">Avant quand je servais 1 verre, j\u2019en sers maintenant 6<\/span><\/i><\/b><i><span data-contrast=\"auto\">, dans le m\u00eame temps imparti, et un client qui attendait pr\u00e9c\u00e9demment 15min attend aujourd\u2019hui entre 2 et 3 minutes. Sachant que le plus long dans la p\u00e9riode d\u2019attente c\u2019est l\u2019encaissement des TPE, donc qui n\u2019est pas inh\u00e9rent \u00e0 votre outil.<\/span><\/i><span data-contrast=\"auto\">\u201d<\/span><span data-ccp-props=\"{&quot;201341983&quot;:0,&quot;335559739&quot;:160,&quot;335559740&quot;:259}\">\u00a0<\/span><\/p>\n<p><span data-contrast=\"auto\">\u201c<\/span><i><span data-contrast=\"auto\">Le client qui avant attendait 15 minutes, attend aujourd\u2019hui 3 minutes, ce qui fait qu\u2019au bout de 15minutes, il recommande d\u00e9j\u00e0 un verre. En termes de chiffres, <\/span><\/i><b><i><span data-contrast=\"auto\">on note une augmentation qui se situe entre 20 \u00e0 30% <\/span><\/i><\/b><i><span data-contrast=\"auto\">par rapport \u00e0 ce qu\u2019on faisait avant, c\u2019est vraiment cons\u00e9quent.<\/span><\/i><span data-contrast=\"auto\">\u201d<\/span><span data-ccp-props=\"{&quot;201341983&quot;:0,&quot;335559739&quot;:160,&quot;335559740&quot;:259}\">\u00a0<\/span><\/p>\n<p><span data-contrast=\"auto\">Au sujet des pistolets \u00e0 alcool \u201c<\/span><i><span data-contrast=\"auto\">il y a des avantages multiples, \u00e0 la fois un gain de temps pour le client gain de rentabilit\u00e9 pour l\u2019\u00e9tablissement, et gain pour le serveur, <\/span><\/i><i><span data-contrast=\"auto\">\u00e7a tique beaucoup moins.<\/span><\/i> <i><span data-contrast=\"auto\">Ils sont moins dans le jus et ma\u00eetrise beaucoup mieux leur outil de travail<\/span><\/i><span data-contrast=\"auto\">\u201d<\/span><span data-ccp-props=\"{&quot;201341983&quot;:0,&quot;335559739&quot;:160,&quot;335559740&quot;:259}\">\u00a0<\/span><\/p><\/blockquote>\n<h2><b><span data-contrast=\"auto\">Une solution qui facilite la vie du g\u00e9rant, du personnel et de la client\u00e8le<\/span><\/b><span data-ccp-props=\"{&quot;201341983&quot;:0,&quot;335551550&quot;:1,&quot;335551620&quot;:1,&quot;335559739&quot;:160,&quot;335559740&quot;:259}\">\u00a0<\/span><\/h2>\n<p><span data-contrast=\"auto\">Au sujet de la prise en main de ces solutions par le personnel, au d\u00e9but le personnel qui est dans le m\u00e9tier depuis un moment \u00e9tait r\u00e9ticent, il craignait une perte de lien avec le client mais finalement il s&rsquo;est tr\u00e8s vite rendu compte que c\u2019\u00e9tait un <\/span><b><span data-contrast=\"auto\">outil qui les aidait <\/span><\/b><span data-contrast=\"auto\">consid\u00e9rablement dans <\/span><b><span data-contrast=\"auto\">l\u2019ex\u00e9cution des t\u00e2ches<\/span><\/b><span data-contrast=\"auto\"> au quotidien.<\/span><span data-ccp-props=\"{&quot;201341983&quot;:0,&quot;335559739&quot;:160,&quot;335559740&quot;:259}\">\u00a0<\/span><\/p>\n<p><span data-contrast=\"auto\">Lorsqu\u2019on interroge le g\u00e9rant sur son choix de partenaire pour \u00e9quiper son \u00e9tablissement, il nous indique avoir\u00a0choisi Trivec car c\u2019\u00e9tait une <\/span><b><span data-contrast=\"auto\">solution facile \u00e0 mettre en place<\/span><\/b><span data-contrast=\"auto\"> avec un logiciel ainsi qu\u2019un back-office simples\u00a0\u00e0 mettre \u00e0 jour et \u00e0 comprendre.<\/span><span data-ccp-props=\"{&quot;201341983&quot;:0,&quot;335559739&quot;:160,&quot;335559740&quot;:259}\">\u00a0<\/span><\/p>\n<p><span data-contrast=\"auto\">Le <\/span><b><span data-contrast=\"auto\">service client<\/span><\/b><span data-contrast=\"auto\"> est selon lui <\/span><b><span data-contrast=\"auto\">tr\u00e8s r\u00e9actif<\/span><\/b><span data-contrast=\"auto\">, surtout que lui travaille la nuit. Lors d\u2019une r\u00e9cente panne, il indique avoir appel\u00e9 le support et avoir \u00e9t\u00e9 rappel\u00e9 3 minutes apr\u00e8s. Le probl\u00e8me a \u00e9t\u00e9 r\u00e9solu rapidement, une \u201c<\/span><i><span data-contrast=\"auto\">r\u00e9activit\u00e9 qui est n\u00e9cessaire mais bien pr\u00e9sente<\/span><\/i><span data-contrast=\"auto\">\u201d selon lui.<\/span><span data-ccp-props=\"{&quot;201341983&quot;:0,&quot;335559739&quot;:160,&quot;335559740&quot;:259}\">\u00a0<\/span><\/p>\n<p><span data-contrast=\"auto\">Enfin quand on lui demande son avis sur ce type de solutions, le g\u00e9rant conseille de :<\/span><span data-ccp-props=\"{&quot;201341983&quot;:0,&quot;335559739&quot;:160,&quot;335559740&quot;:259}\">\u00a0<\/span><\/p>\n<blockquote><p><span data-contrast=\"auto\">\u201c<\/span><i><span data-contrast=\"auto\">Ne pas h\u00e9siter \u00e0 franchir le pas, le principal frein qu&rsquo;il peut y avoir \u00e0 la mise en place de ce syst\u00e8me l\u00e0 c\u2019est le prix parce que ce n\u2019est quand m\u00eame pas donn\u00e9, mais je ne peux que les inviter \u00e0 se poser \u00bd heure ou 1heure et \u00e0 regarder la rentabilit\u00e9 sur 1 an et l\u2019unanimit\u00e9 sera l\u00e0.<\/span><\/i><span data-contrast=\"auto\">\u201d. <\/span><span data-ccp-props=\"{&quot;201341983&quot;:0,&quot;335559739&quot;:160,&quot;335559740&quot;:259}\">\u00a0<\/span><\/p><\/blockquote>\n<p>[\/vc_story][vc_btn cta_text_color=\u00a0\u00bbwhite\u00a0\u00bb title=\u00a0\u00bbD\u00e9couvrez plus de cas clients ici\u00a0\u00bb align=\u00a0\u00bbcenter\u00a0\u00bb link=\u00a0\u00bburl:https%3A%2F%2Fwww.trivec.fr%2Fclients%2F\u00a0\u00bb][\/vc_column][\/vc_row]<\/p>\n<\/div>","protected":false},"excerpt":{"rendered":"<p>[vc_row][vc_column][vc_story heading_text=\u00a0\u00bbLe Room Club s\u2019\u00e9quipe des solutions de gestion de boisson automatis\u00e9s de Trivec pour fluidifier et augmenter ses ventes\u00a0\u00bb]Le Room Club est un lieu de vie nocturne situ\u00e9 \u00e0 Poitiers et cr\u00e9e en 2014. Pierre Gaudineau, fondateur de l\u2019\u00e9tablissement s\u2019est entour\u00e9 des \u00e9quipes Trivec d\u00e8s l&rsquo;ouverture afin de mettre en place des solutions de [&hellip;]<\/p>\n","protected":false},"author":30,"featured_media":27183,"parent":1098,"menu_order":0,"comment_status":"closed","ping_status":"closed","template":"","meta":{"_acf_changed":false,"content-type":"","footnotes":""},"class_list":["post-26955","page","type-page","status-publish","has-post-thumbnail","hentry"],"acf":[],"yoast_head":"<!-- This site is optimized with the Yoast SEO plugin v27.2 - https:\/\/yoast.com\/product\/yoast-seo-wordpress\/ -->\n<title>Le Room Club - Trivec<\/title>\n<meta name=\"description\" content=\"Le Room Club s\u2019est entour\u00e9 des \u00e9quipes Trivec d\u00e8s l&#039;ouverture afin de mettre en place des solutions de syst\u00e8me de boissons.\u00a0\" \/>\n<meta name=\"robots\" content=\"noindex, follow\" \/>\n<meta property=\"og:locale\" content=\"fr_FR\" \/>\n<meta property=\"og:type\" content=\"article\" \/>\n<meta property=\"og:title\" content=\"Le Room Club - Trivec\" \/>\n<meta property=\"og:description\" content=\"Le Room Club s\u2019est entour\u00e9 des \u00e9quipes Trivec d\u00e8s l&#039;ouverture afin de mettre en place des solutions de syst\u00e8me de boissons.\u00a0\" \/>\n<meta property=\"og:url\" content=\"https:\/\/trivec.aws-staging.swace.se\/fr\/clients\/the-room-club\/\" \/>\n<meta property=\"og:site_name\" content=\"Trivec\" \/>\n<meta property=\"article:modified_time\" content=\"2023-05-22T12:56:00+00:00\" \/>\n<meta property=\"og:image\" content=\"https:\/\/trivec.aws-staging.swace.se\/wp\/uploads\/2022\/06\/The-Room-club.png\" \/>\n\t<meta property=\"og:image:width\" content=\"1074\" \/>\n\t<meta property=\"og:image:height\" content=\"1075\" \/>\n\t<meta property=\"og:image:type\" content=\"image\/png\" \/>\n<meta name=\"twitter:card\" content=\"summary_large_image\" \/>\n<meta name=\"twitter:label1\" content=\"Dur\u00e9e de lecture estim\u00e9e\" \/>\n\t<meta name=\"twitter:data1\" content=\"4 minutes\" \/>\n<script type=\"application\/ld+json\" class=\"yoast-schema-graph\">{\"@context\":\"https:\/\/schema.org\",\"@graph\":[{\"@type\":\"WebPage\",\"@id\":\"https:\/\/trivec.aws-staging.swace.se\/fr\/clients\/the-room-club\/\",\"url\":\"https:\/\/trivec.aws-staging.swace.se\/fr\/clients\/the-room-club\/\",\"name\":\"Le Room Club - Trivec\",\"isPartOf\":{\"@id\":\"https:\/\/trivec.aws-staging.swace.se\/fr\/#website\"},\"primaryImageOfPage\":{\"@id\":\"https:\/\/trivec.aws-staging.swace.se\/fr\/clients\/the-room-club\/#primaryimage\"},\"image\":{\"@id\":\"https:\/\/trivec.aws-staging.swace.se\/fr\/clients\/the-room-club\/#primaryimage\"},\"thumbnailUrl\":\"https:\/\/trivec.aws-staging.swace.se\/wp\/uploads\/2022\/06\/The-Room-club.png\",\"datePublished\":\"2022-06-14T13:54:51+00:00\",\"dateModified\":\"2023-05-22T12:56:00+00:00\",\"description\":\"Le Room Club s\u2019est entour\u00e9 des \u00e9quipes Trivec d\u00e8s l'ouverture afin de mettre en place des solutions de syst\u00e8me de boissons.\u00a0\",\"breadcrumb\":{\"@id\":\"https:\/\/trivec.aws-staging.swace.se\/fr\/clients\/the-room-club\/#breadcrumb\"},\"inLanguage\":\"fr-FR\",\"potentialAction\":[{\"@type\":\"ReadAction\",\"target\":[\"https:\/\/trivec.aws-staging.swace.se\/fr\/clients\/the-room-club\/\"]}]},{\"@type\":\"ImageObject\",\"inLanguage\":\"fr-FR\",\"@id\":\"https:\/\/trivec.aws-staging.swace.se\/fr\/clients\/the-room-club\/#primaryimage\",\"url\":\"https:\/\/trivec.aws-staging.swace.se\/wp\/uploads\/2022\/06\/The-Room-club.png\",\"contentUrl\":\"https:\/\/trivec.aws-staging.swace.se\/wp\/uploads\/2022\/06\/The-Room-club.png\",\"width\":1074,\"height\":1075,\"caption\":\"Client Trivec - The Room Club\"},{\"@type\":\"BreadcrumbList\",\"@id\":\"https:\/\/trivec.aws-staging.swace.se\/fr\/clients\/the-room-club\/#breadcrumb\",\"itemListElement\":[{\"@type\":\"ListItem\",\"position\":1,\"name\":\"Home\",\"item\":\"https:\/\/www.trivec.aws-staging.swace.se\/fr\/\"},{\"@type\":\"ListItem\",\"position\":2,\"name\":\"Clients\",\"item\":\"https:\/\/trivec.aws-staging.swace.se\/fr\/clients\/\"},{\"@type\":\"ListItem\",\"position\":3,\"name\":\"The Room Club\"}]},{\"@type\":\"WebSite\",\"@id\":\"https:\/\/trivec.aws-staging.swace.se\/fr\/#website\",\"url\":\"https:\/\/trivec.aws-staging.swace.se\/fr\/\",\"name\":\"Trivec\",\"description\":\"Caisse Restaurant, Doseur \u00e9lectronique\",\"potentialAction\":[{\"@type\":\"SearchAction\",\"target\":{\"@type\":\"EntryPoint\",\"urlTemplate\":\"https:\/\/trivec.aws-staging.swace.se\/fr\/?s={search_term_string}\"},\"query-input\":{\"@type\":\"PropertyValueSpecification\",\"valueRequired\":true,\"valueName\":\"search_term_string\"}}],\"inLanguage\":\"fr-FR\"}]}<\/script>\n<!-- \/ Yoast SEO plugin. -->","yoast_head_json":{"title":"Le Room Club - Trivec","description":"Le Room Club s\u2019est entour\u00e9 des \u00e9quipes Trivec d\u00e8s l'ouverture afin de mettre en place des solutions de syst\u00e8me de boissons.\u00a0","robots":{"index":"noindex","follow":"follow"},"og_locale":"fr_FR","og_type":"article","og_title":"Le Room Club - Trivec","og_description":"Le Room Club s\u2019est entour\u00e9 des \u00e9quipes Trivec d\u00e8s l'ouverture afin de mettre en place des solutions de syst\u00e8me de boissons.\u00a0","og_url":"https:\/\/trivec.aws-staging.swace.se\/fr\/clients\/the-room-club\/","og_site_name":"Trivec","article_modified_time":"2023-05-22T12:56:00+00:00","og_image":[{"width":1074,"height":1075,"url":"https:\/\/trivec.aws-staging.swace.se\/wp\/uploads\/2022\/06\/The-Room-club.png","type":"image\/png"}],"twitter_card":"summary_large_image","twitter_misc":{"Dur\u00e9e de lecture estim\u00e9e":"4 minutes"},"schema":{"@context":"https:\/\/schema.org","@graph":[{"@type":"WebPage","@id":"https:\/\/trivec.aws-staging.swace.se\/fr\/clients\/the-room-club\/","url":"https:\/\/trivec.aws-staging.swace.se\/fr\/clients\/the-room-club\/","name":"Le Room Club - Trivec","isPartOf":{"@id":"https:\/\/trivec.aws-staging.swace.se\/fr\/#website"},"primaryImageOfPage":{"@id":"https:\/\/trivec.aws-staging.swace.se\/fr\/clients\/the-room-club\/#primaryimage"},"image":{"@id":"https:\/\/trivec.aws-staging.swace.se\/fr\/clients\/the-room-club\/#primaryimage"},"thumbnailUrl":"https:\/\/trivec.aws-staging.swace.se\/wp\/uploads\/2022\/06\/The-Room-club.png","datePublished":"2022-06-14T13:54:51+00:00","dateModified":"2023-05-22T12:56:00+00:00","description":"Le Room Club s\u2019est entour\u00e9 des \u00e9quipes Trivec d\u00e8s l'ouverture afin de mettre en place des solutions de syst\u00e8me de boissons.\u00a0","breadcrumb":{"@id":"https:\/\/trivec.aws-staging.swace.se\/fr\/clients\/the-room-club\/#breadcrumb"},"inLanguage":"fr-FR","potentialAction":[{"@type":"ReadAction","target":["https:\/\/trivec.aws-staging.swace.se\/fr\/clients\/the-room-club\/"]}]},{"@type":"ImageObject","inLanguage":"fr-FR","@id":"https:\/\/trivec.aws-staging.swace.se\/fr\/clients\/the-room-club\/#primaryimage","url":"https:\/\/trivec.aws-staging.swace.se\/wp\/uploads\/2022\/06\/The-Room-club.png","contentUrl":"https:\/\/trivec.aws-staging.swace.se\/wp\/uploads\/2022\/06\/The-Room-club.png","width":1074,"height":1075,"caption":"Client Trivec - The Room Club"},{"@type":"BreadcrumbList","@id":"https:\/\/trivec.aws-staging.swace.se\/fr\/clients\/the-room-club\/#breadcrumb","itemListElement":[{"@type":"ListItem","position":1,"name":"Home","item":"https:\/\/www.trivec.aws-staging.swace.se\/fr\/"},{"@type":"ListItem","position":2,"name":"Clients","item":"https:\/\/trivec.aws-staging.swace.se\/fr\/clients\/"},{"@type":"ListItem","position":3,"name":"The Room Club"}]},{"@type":"WebSite","@id":"https:\/\/trivec.aws-staging.swace.se\/fr\/#website","url":"https:\/\/trivec.aws-staging.swace.se\/fr\/","name":"Trivec","description":"Caisse Restaurant, Doseur \u00e9lectronique","potentialAction":[{"@type":"SearchAction","target":{"@type":"EntryPoint","urlTemplate":"https:\/\/trivec.aws-staging.swace.se\/fr\/?s={search_term_string}"},"query-input":{"@type":"PropertyValueSpecification","valueRequired":true,"valueName":"search_term_string"}}],"inLanguage":"fr-FR"}]}},"_links":{"self":[{"href":"https:\/\/trivec.aws-staging.swace.se\/fr\/wp-json\/wp\/v2\/pages\/26955","targetHints":{"allow":["GET"]}}],"collection":[{"href":"https:\/\/trivec.aws-staging.swace.se\/fr\/wp-json\/wp\/v2\/pages"}],"about":[{"href":"https:\/\/trivec.aws-staging.swace.se\/fr\/wp-json\/wp\/v2\/types\/page"}],"author":[{"embeddable":true,"href":"https:\/\/trivec.aws-staging.swace.se\/fr\/wp-json\/wp\/v2\/users\/30"}],"replies":[{"embeddable":true,"href":"https:\/\/trivec.aws-staging.swace.se\/fr\/wp-json\/wp\/v2\/comments?post=26955"}],"version-history":[{"count":7,"href":"https:\/\/trivec.aws-staging.swace.se\/fr\/wp-json\/wp\/v2\/pages\/26955\/revisions"}],"predecessor-version":[{"id":34495,"href":"https:\/\/trivec.aws-staging.swace.se\/fr\/wp-json\/wp\/v2\/pages\/26955\/revisions\/34495"}],"up":[{"embeddable":true,"href":"https:\/\/trivec.aws-staging.swace.se\/fr\/wp-json\/wp\/v2\/pages\/1098"}],"wp:featuredmedia":[{"embeddable":true,"href":"https:\/\/trivec.aws-staging.swace.se\/fr\/wp-json\/wp\/v2\/media\/27183"}],"wp:attachment":[{"href":"https:\/\/trivec.aws-staging.swace.se\/fr\/wp-json\/wp\/v2\/media?parent=26955"}],"curies":[{"name":"wp","href":"https:\/\/api.w.org\/{rel}","templated":true}]}}