{"id":26600,"date":"2022-05-09T10:33:41","date_gmt":"2022-05-09T08:33:41","guid":{"rendered":"https:\/\/trivec.aws-staging.swace.se\/?page_id=26600"},"modified":"2023-05-22T14:56:45","modified_gmt":"2023-05-22T12:56:45","slug":"the-warehouse","status":"publish","type":"page","link":"https:\/\/trivec.aws-staging.swace.se\/fr\/clients\/the-warehouse\/","title":{"rendered":"The Warehouse"},"content":{"rendered":"<div class=\"wpb-content-wrapper\"><p>[vc_row][vc_column][vc_story heading_text=\u00a0\u00bbLe Warehouse choisit l\u2019automatisation de bar de Trivec pour faciliter la gestion de son \u00e9tablissement et faire des \u00e9conomies sur la partie alcool\u00a0\u00bb]<span data-contrast=\"auto\">Situ\u00e9 \u00e0 Nantes et cr\u00e9\u00e9 en 2017, le Warehouse est une <\/span><b><span data-contrast=\"auto\">structure hybride<\/span><\/b><span data-contrast=\"auto\"> entre une salle de spectacle, un lieu de s\u00e9minaire et une discoth\u00e8que. L&rsquo;\u00e9tablissement\u00a0emploie plus de <strong>90 personnes<\/strong> et propose plus de <\/span><b><span data-contrast=\"auto\">200 \u00e9v\u00e9nements par an<\/span><\/b><span data-contrast=\"auto\"> pour une volum\u00e9trie de <\/span><b><span data-contrast=\"auto\">visiteurs importante<\/span><\/b><span data-contrast=\"auto\"> \u00e0 l\u2019ann\u00e9e de plus de 300 000 personnes.<\/span><span data-ccp-props=\"{&quot;201341983&quot;:0,&quot;335559739&quot;:160,&quot;335559740&quot;:259}\">\u00a0<\/span><\/p>\n<p><b><span data-contrast=\"auto\"><img loading=\"lazy\" decoding=\"async\" class=\"wp-image-26601 size-large aligncenter\" src=\"https:\/\/www.trivec.fr\/wp\/uploads\/2022\/04\/DSC08467-1024x683.jpg\" alt=\"The Warehouse - Trivec\" width=\"1024\" height=\"683\" srcset=\"https:\/\/trivec.aws-staging.swace.se\/wp\/uploads\/2022\/04\/DSC08467-1024x683.jpg 1024w, https:\/\/trivec.aws-staging.swace.se\/wp\/uploads\/2022\/04\/DSC08467-300x200.jpg 300w, https:\/\/trivec.aws-staging.swace.se\/wp\/uploads\/2022\/04\/DSC08467-768x512.jpg 768w, https:\/\/trivec.aws-staging.swace.se\/wp\/uploads\/2022\/04\/DSC08467-1536x1024.jpg 1536w, https:\/\/trivec.aws-staging.swace.se\/wp\/uploads\/2022\/04\/DSC08467-2048x1365.jpg 2048w\" sizes=\"auto, (max-width: 1024px) 100vw, 1024px\" \/><\/span><\/b><\/p>\n<h2><b><span data-contrast=\"auto\">De multiples challenges techniques \u00e0 r\u00e9soudre <\/span><\/b><span data-ccp-props=\"{&quot;201341983&quot;:0,&quot;335559739&quot;:160,&quot;335559740&quot;:259}\">\u00a0<\/span><\/h2>\n<p><span data-contrast=\"auto\">Le syst\u00e8me en place avant celui de Trivec \u00e9tait un syst\u00e8me maison h\u00e9rit\u00e9 de l\u2019ancien propri\u00e9taire du lieu, mais il y avait un <\/span><b><span data-contrast=\"auto\">probl\u00e8me de gestion et de suivi des stock<\/span><\/b><span data-contrast=\"auto\"><strong>s<\/strong>, ainsi qu\u2019une <\/span><b><span data-contrast=\"auto\">absence de suivi de la distribution et une complexit\u00e9 dans la r\u00e9alisation des caisses<\/span><\/b><span data-contrast=\"auto\"> (au vu du nombre important de bars) et tout le<\/span><b><span data-contrast=\"auto\"> travail comptable<\/span><\/b><span data-contrast=\"auto\"> \u00e0 r\u00e9aliser derri\u00e8re <\/span><b><span data-contrast=\"auto\">ne pouvait pas \u00eatre automatis\u00e9<\/span><\/b><span data-contrast=\"auto\">. <\/span><span data-ccp-props=\"{&quot;201341983&quot;:0,&quot;335559739&quot;:160,&quot;335559740&quot;:259}\">\u00a0<\/span><\/p>\n<p><span data-contrast=\"auto\">Aux vues de ces probl\u00e9matiques, choisir le bon syst\u00e8me de boisson n\u2019a donc pas \u00e9t\u00e9 chose ais\u00e9e pour le Warehouse. Leur <\/span><b><span data-contrast=\"auto\">besoin portait sur deux niveaux<\/span><\/b><span data-contrast=\"auto\"> : un c\u00f4t\u00e9 back avec la<\/span><b><span data-contrast=\"auto\"> partie gestion<\/span><\/b><span data-contrast=\"auto\"> et la facilit\u00e9 du travail comptable et le c\u00f4t\u00e9 front avec la <\/span><b><span data-contrast=\"auto\">distribution<\/span><\/b><span data-contrast=\"auto\"> et le fait d\u2019acc\u00e9l\u00e9rer les syst\u00e8mes de distribution pour<\/span><b><span data-contrast=\"auto\"> rendre le personnel plus efficace<\/span><\/b><span data-contrast=\"auto\">. <\/span><span data-ccp-props=\"{&quot;201341983&quot;:0,&quot;335559739&quot;:160,&quot;335559740&quot;:259}\">\u00a0<\/span><\/p>\n<p><b><span data-contrast=\"auto\"><img loading=\"lazy\" decoding=\"async\" class=\"aligncenter wp-image-26725 size-large\" src=\"https:\/\/www.trivec.fr\/wp\/uploads\/2022\/05\/Simon-Boisson-768x1024.jpg\" alt=\"Simon Boisson - The Warehouse\" width=\"768\" height=\"1024\" srcset=\"https:\/\/trivec.aws-staging.swace.se\/wp\/uploads\/2022\/05\/Simon-Boisson-768x1024.jpg 768w, https:\/\/trivec.aws-staging.swace.se\/wp\/uploads\/2022\/05\/Simon-Boisson-225x300.jpg 225w, https:\/\/trivec.aws-staging.swace.se\/wp\/uploads\/2022\/05\/Simon-Boisson.jpg 960w\" sizes=\"auto, (max-width: 768px) 100vw, 768px\" \/><\/span><\/b><\/p>\n<p><b><span data-contrast=\"auto\">Simon Boisson<\/span><\/b><span data-contrast=\"auto\">, co-g\u00e9rant du site et directeur technique, s\u2019occupe de la <\/span><b><span data-contrast=\"auto\">gestion de l\u2019entreprise<\/span><\/b><span data-contrast=\"auto\"> et de la <\/span><b><span data-contrast=\"auto\">gestion technique<\/span><\/b><span data-contrast=\"auto\"> sp\u00e9cifique aux m\u00e9tiers du spectacle. Il a \u00e9t\u00e9 particuli\u00e8rement exigeant lors du choix du syst\u00e8me et a conduit une v\u00e9ritable <\/span><b><span data-contrast=\"auto\">\u00e9tude technique<\/span><\/b><span data-contrast=\"auto\"> derri\u00e8re son choix, afin de conna\u00eetre la mani\u00e8re dont l&rsquo;automatisation de bar fonctionne chez Trivec. <\/span><span data-ccp-props=\"{&quot;201341983&quot;:0,&quot;335559739&quot;:160,&quot;335559740&quot;:259}\">\u00a0<\/span><\/p>\n<p><span data-contrast=\"auto\">Il aura fallu<\/span><b><span data-contrast=\"auto\"> 6 mois de r\u00e9flexion<\/span><\/b><span data-contrast=\"auto\"> avant de passer commande et avant la transformation du site, et c\u2019est avant tout pour le <\/span><b><span data-contrast=\"auto\">c\u00f4t\u00e9 technique<\/span><\/b><span data-contrast=\"auto\"> que <\/span><b><span data-contrast=\"auto\">son choix s\u2019est port\u00e9 sur Trivec<\/span><\/b><span data-contrast=\"auto\">, la <\/span><b><span data-contrast=\"auto\">distribution de bi\u00e8re<\/span><\/b><span data-contrast=\"auto\"> a \u00e9t\u00e9 l\u2019\u00e9l\u00e9ment qui diff\u00e9rait des autres solutions et le syst\u00e8me de Trivec a \u00e9t\u00e9 celui en qui ils ont eu le plus confiance.<\/span><span data-ccp-props=\"{&quot;201341983&quot;:0,&quot;335559739&quot;:160,&quot;335559740&quot;:259}\">\u00a0<\/span><\/p>\n<h2><b><span data-contrast=\"auto\">L\u2019automatisation de bar permet d&rsquo;\u00e9conomiser les co\u00fbts produits et de se concentrer sur les ventes<\/span><\/b><span data-ccp-props=\"{&quot;201341983&quot;:0,&quot;335559739&quot;:160,&quot;335559740&quot;:259}\">\u00a0<\/span><\/h2>\n<p><span data-contrast=\"auto\">En plus des <\/span><a href=\"https:\/\/www.trivec.fr\/produits\/caisse-enregistreuse-restaurant\/\"><span data-contrast=\"none\">syst\u00e8mes de caisse<\/span><\/a><span data-contrast=\"auto\"> (10 caisses sur site), le Warehouse s\u2019est donc \u00e9quip\u00e9 du <\/span><a href=\"https:\/\/www.trivec.fr\/produits\/doseur-electronique\/pistolet-alcool\/\"><b><span data-contrast=\"none\">syst\u00e8me de distribution d\u2019alcool au pistolet<\/span><\/b><\/a><span data-contrast=\"auto\"> de Trivec et de syst\u00e8mes de distribution de bi\u00e8re avec des <\/span><a href=\"https:\/\/www.trivec.fr\/produits\/doseur-electronique\/colonne-a-biere-automatisee\/\"><b><span data-contrast=\"none\">tireuses \u00e0 bi\u00e8re professionnelles<\/span><\/b><\/a><span data-contrast=\"auto\">. <\/span><span data-ccp-props=\"{&quot;201341983&quot;:0,&quot;335559739&quot;:160,&quot;335559740&quot;:259}\">\u00a0<\/span><\/p>\n<p><span data-contrast=\"auto\">Le Warehouse est tr\u00e8s satisfait de son installation et fait m\u00eame souvent office de showroom pour les \u00e9tablissements souhaitant s\u2019\u00e9quiper de syst\u00e8mes similaires. <\/span><span data-ccp-props=\"{&quot;201341983&quot;:0,&quot;335559739&quot;:160,&quot;335559740&quot;:259}\">\u00a0<\/span><\/p>\n<blockquote><p><span data-contrast=\"auto\">Pour Simon Boisson, co-g\u00e9rant et directeur technique : \u201c<\/span><i><span data-contrast=\"auto\">la partie bi\u00e8re est celle o\u00f9 le <\/span><\/i><b><i><span data-contrast=\"auto\">niveau de performance est le plus \u00e9lev\u00e9<\/span><\/i><\/b><i><span data-contrast=\"auto\"> avec le <\/span><\/i><b><i><span data-contrast=\"auto\">syst\u00e8me de d\u00e9tection de fin de f\u00fbts sur les bi\u00e8res<\/span><\/i><\/b><i><span data-contrast=\"auto\"> qui est extr\u00eamement efficace et \u00e9vite de faire de la perte dans les tuyaux, les lignes de distribution de bi\u00e8re.<\/span><\/i> <i><span data-contrast=\"auto\">C\u2019est le produit le plus impressionnant qui offre la <\/span><\/i><b><i><span data-contrast=\"auto\">plus grande progression<\/span><\/i><\/b><i><span data-contrast=\"auto\">, et par rapport aux autres technologies qui existent sur le march\u00e9, celle-ci fonctionne vraiment et elle est extr\u00eamement fiable.<\/span><\/i><span data-contrast=\"auto\">\u201d<\/span><span data-ccp-props=\"{&quot;201341983&quot;:0,&quot;335559739&quot;:160,&quot;335559740&quot;:259}\">\u00a0<\/span><\/p>\n<p><span data-contrast=\"auto\">S&rsquo;agissant des \u00e9conomies r\u00e9alis\u00e9es depuis l\u2019installation de la solution, Simon Boisson ajoute :<\/span><i><span data-contrast=\"auto\">\u00a0\u201cL\u00e0-dessus le gain est \u00e9norme, on parle de quasiment <\/span><\/i><b><i><span data-contrast=\"auto\">20% de co\u00fbts produit \u00e9conomis\u00e9s<\/span><\/i><\/b><i><span data-contrast=\"auto\">. Sur la partie alcool c\u2019est un double gain avec la pr\u00e9cision de la volum\u00e9trie, le fait d\u2019avoir des <\/span><\/i><b><i><span data-contrast=\"auto\">dosages extr\u00eamement pr\u00e9cis<\/span><\/i><\/b><i><span data-contrast=\"auto\"> et sur la qualit\u00e9 du suivi qui am\u00e8ne un niveau de contr\u00f4le sup\u00e9rieur et qui permet de r\u00e9duire le volume offert et les comportements qui peuvent atteindre la marge de l\u2019entreprise.<\/span><\/i><span data-contrast=\"auto\">\u201d<\/span><span data-ccp-props=\"{&quot;201341983&quot;:0,&quot;335559739&quot;:160,&quot;335559740&quot;:259}\">\u00a0<\/span><\/p><\/blockquote>\n<p><span data-contrast=\"auto\">L&rsquo;int\u00e9r\u00eat de la solution et la satisfaction produit n\u2019intervient pas uniquement du c\u00f4t\u00e9 de la direction mais aussi du c\u00f4t\u00e9 du personnel. S&rsquo;il a bien s\u00fbr fallu un temps d\u2019adaptation pour prendre en main le syst\u00e8me, cela s\u2019est fait assez vite, et au final tout le monde gagne \u00e9norm\u00e9ment de temps ! En effet, le syst\u00e8me de distribution d\u2019alcool, et le fait d\u2019avoir des cuves d\u2019alcool situ\u00e9es dans des caves\u00a0permet <\/span><b><span data-contrast=\"auto\">d\u2019\u00e9viter de devoir refaire du remplissage en cours d\u2019activit\u00e9<\/span><\/b><span data-contrast=\"auto\">. Certaines probl\u00e9matiques qui existaient avant n\u2019existent plus aujourd\u2019hui ce qui permet alors aux \u00e9quipes d\u2019\u00eatre plus concentr\u00e9es sur la vente.<\/span><span data-ccp-props=\"{&quot;201341983&quot;:0,&quot;335559739&quot;:160,&quot;335559740&quot;:259}\">\u00a0<\/span><\/p>\n<blockquote><p><span data-contrast=\"auto\">Sur l\u2019int\u00e9r\u00eat d\u2019avoir ce type de solution aujourd\u2019hui, Simon Boisson conclut : \u201c<\/span><i><span data-contrast=\"auto\">Aujourd\u2019hui c\u2019est une question qu\u2019il ne faut plus vraiment se poser, tous ces <\/span><\/i><b><i><span data-contrast=\"auto\">syst\u00e8mes permettent de travailler plus vite<\/span><\/i><\/b><i><span data-contrast=\"auto\">, au-del\u00e0 de la fiabilit\u00e9 qu\u2019on peut imposer aux utilisateurs, il y a quand m\u00eame une <\/span><\/i><b><i><span data-contrast=\"auto\">vraie \u00e9volutivit\u00e9 sur la vitesse<\/span><\/i><\/b><i><span data-contrast=\"auto\"> et la <\/span><\/i><b><i><span data-contrast=\"auto\">qualit\u00e9 du travail<\/span><\/i><\/b><i><span data-contrast=\"auto\"> qu\u2019on r\u00e9alise. C\u2019est incontournable aujourd\u2019hui si on a un \u00e9tablissement qui veut avoir un d\u00e9bit un peu \u00e9lev\u00e9.<\/span><\/i><span data-contrast=\"auto\">\u201d<\/span><span data-ccp-props=\"{&quot;201341983&quot;:0,&quot;335559739&quot;:160,&quot;335559740&quot;:259}\">\u00a0<\/span><\/p><\/blockquote>\n<p>[\/vc_story][vc_row_inner][vc_column_inner][vc_btn cta_text_color=\u00a0\u00bbwhite\u00a0\u00bb title=\u00a0\u00bbD\u00e9couvrez plus de cas clients ici\u00a0\u00bb align=\u00a0\u00bbcenter\u00a0\u00bb link=\u00a0\u00bburl:https%3A%2F%2Fwww.trivec.fr%2Fclients%2F\u00a0\u00bb][\/vc_column_inner][\/vc_row_inner][\/vc_column][\/vc_row]<\/p>\n<\/div>","protected":false},"excerpt":{"rendered":"<p>[vc_row][vc_column][vc_story heading_text=\u00a0\u00bbLe Warehouse choisit l\u2019automatisation de bar de Trivec pour faciliter la gestion de son \u00e9tablissement et faire des \u00e9conomies sur la partie alcool\u00a0\u00bb]Situ\u00e9 \u00e0 Nantes et cr\u00e9\u00e9 en 2017, le Warehouse est une structure hybride entre une salle de spectacle, un lieu de s\u00e9minaire et une discoth\u00e8que. L&rsquo;\u00e9tablissement\u00a0emploie plus de 90 personnes et propose [&hellip;]<\/p>\n","protected":false},"author":30,"featured_media":26601,"parent":1098,"menu_order":0,"comment_status":"closed","ping_status":"closed","template":"","meta":{"_acf_changed":false,"content-type":"","footnotes":""},"class_list":["post-26600","page","type-page","status-publish","has-post-thumbnail","hentry"],"acf":[],"yoast_head":"<!-- This site is optimized with the Yoast SEO plugin v27.2 - https:\/\/yoast.com\/product\/yoast-seo-wordpress\/ -->\n<title>The Warehouse - Trivec Systems<\/title>\n<meta name=\"description\" content=\"Situ\u00e9 \u00e0 Nantes et cr\u00e9\u00e9 en 2017, le Warehouse est une structure hybride entre une salle de spectacle, un lieu de s\u00e9minaire et une discoth\u00e8que.\" \/>\n<meta name=\"robots\" content=\"noindex, follow\" \/>\n<meta property=\"og:locale\" content=\"fr_FR\" \/>\n<meta property=\"og:type\" content=\"article\" \/>\n<meta property=\"og:title\" content=\"The Warehouse - Trivec Systems\" \/>\n<meta property=\"og:description\" content=\"Situ\u00e9 \u00e0 Nantes et cr\u00e9\u00e9 en 2017, le Warehouse est une structure hybride entre une salle de spectacle, un lieu de s\u00e9minaire et une discoth\u00e8que.\" \/>\n<meta property=\"og:url\" content=\"https:\/\/trivec.aws-staging.swace.se\/fr\/clients\/the-warehouse\/\" \/>\n<meta property=\"og:site_name\" content=\"Trivec\" \/>\n<meta property=\"article:modified_time\" content=\"2023-05-22T12:56:45+00:00\" \/>\n<meta property=\"og:image\" content=\"https:\/\/trivec.aws-staging.swace.se\/wp\/uploads\/2022\/04\/DSC08467-scaled.jpg\" \/>\n\t<meta property=\"og:image:width\" content=\"2560\" \/>\n\t<meta property=\"og:image:height\" content=\"1707\" \/>\n\t<meta property=\"og:image:type\" content=\"image\/jpeg\" \/>\n<meta name=\"twitter:card\" content=\"summary_large_image\" \/>\n<meta name=\"twitter:label1\" content=\"Dur\u00e9e de lecture estim\u00e9e\" \/>\n\t<meta name=\"twitter:data1\" content=\"4 minutes\" \/>\n<script type=\"application\/ld+json\" class=\"yoast-schema-graph\">{\"@context\":\"https:\/\/schema.org\",\"@graph\":[{\"@type\":\"WebPage\",\"@id\":\"https:\/\/trivec.aws-staging.swace.se\/fr\/clients\/the-warehouse\/\",\"url\":\"https:\/\/trivec.aws-staging.swace.se\/fr\/clients\/the-warehouse\/\",\"name\":\"The Warehouse - Trivec Systems\",\"isPartOf\":{\"@id\":\"https:\/\/trivec.aws-staging.swace.se\/fr\/#website\"},\"primaryImageOfPage\":{\"@id\":\"https:\/\/trivec.aws-staging.swace.se\/fr\/clients\/the-warehouse\/#primaryimage\"},\"image\":{\"@id\":\"https:\/\/trivec.aws-staging.swace.se\/fr\/clients\/the-warehouse\/#primaryimage\"},\"thumbnailUrl\":\"https:\/\/trivec.aws-staging.swace.se\/wp\/uploads\/2022\/04\/DSC08467-scaled.jpg\",\"datePublished\":\"2022-05-09T08:33:41+00:00\",\"dateModified\":\"2023-05-22T12:56:45+00:00\",\"description\":\"Situ\u00e9 \u00e0 Nantes et cr\u00e9\u00e9 en 2017, le Warehouse est une structure hybride entre une salle de spectacle, un lieu de s\u00e9minaire et une discoth\u00e8que.\",\"breadcrumb\":{\"@id\":\"https:\/\/trivec.aws-staging.swace.se\/fr\/clients\/the-warehouse\/#breadcrumb\"},\"inLanguage\":\"fr-FR\",\"potentialAction\":[{\"@type\":\"ReadAction\",\"target\":[\"https:\/\/trivec.aws-staging.swace.se\/fr\/clients\/the-warehouse\/\"]}]},{\"@type\":\"ImageObject\",\"inLanguage\":\"fr-FR\",\"@id\":\"https:\/\/trivec.aws-staging.swace.se\/fr\/clients\/the-warehouse\/#primaryimage\",\"url\":\"https:\/\/trivec.aws-staging.swace.se\/wp\/uploads\/2022\/04\/DSC08467-scaled.jpg\",\"contentUrl\":\"https:\/\/trivec.aws-staging.swace.se\/wp\/uploads\/2022\/04\/DSC08467-scaled.jpg\",\"width\":2560,\"height\":1707,\"caption\":\"The Warehouse - Trivec\"},{\"@type\":\"BreadcrumbList\",\"@id\":\"https:\/\/trivec.aws-staging.swace.se\/fr\/clients\/the-warehouse\/#breadcrumb\",\"itemListElement\":[{\"@type\":\"ListItem\",\"position\":1,\"name\":\"Home\",\"item\":\"https:\/\/www.trivec.aws-staging.swace.se\/fr\/\"},{\"@type\":\"ListItem\",\"position\":2,\"name\":\"Clients\",\"item\":\"https:\/\/trivec.aws-staging.swace.se\/fr\/clients\/\"},{\"@type\":\"ListItem\",\"position\":3,\"name\":\"The Warehouse\"}]},{\"@type\":\"WebSite\",\"@id\":\"https:\/\/trivec.aws-staging.swace.se\/fr\/#website\",\"url\":\"https:\/\/trivec.aws-staging.swace.se\/fr\/\",\"name\":\"Trivec\",\"description\":\"Caisse Restaurant, Doseur \u00e9lectronique\",\"potentialAction\":[{\"@type\":\"SearchAction\",\"target\":{\"@type\":\"EntryPoint\",\"urlTemplate\":\"https:\/\/trivec.aws-staging.swace.se\/fr\/?s={search_term_string}\"},\"query-input\":{\"@type\":\"PropertyValueSpecification\",\"valueRequired\":true,\"valueName\":\"search_term_string\"}}],\"inLanguage\":\"fr-FR\"}]}<\/script>\n<!-- \/ Yoast SEO plugin. -->","yoast_head_json":{"title":"The Warehouse - Trivec Systems","description":"Situ\u00e9 \u00e0 Nantes et cr\u00e9\u00e9 en 2017, le Warehouse est une structure hybride entre une salle de spectacle, un lieu de s\u00e9minaire et une discoth\u00e8que.","robots":{"index":"noindex","follow":"follow"},"og_locale":"fr_FR","og_type":"article","og_title":"The Warehouse - Trivec Systems","og_description":"Situ\u00e9 \u00e0 Nantes et cr\u00e9\u00e9 en 2017, le Warehouse est une structure hybride entre une salle de spectacle, un lieu de s\u00e9minaire et une discoth\u00e8que.","og_url":"https:\/\/trivec.aws-staging.swace.se\/fr\/clients\/the-warehouse\/","og_site_name":"Trivec","article_modified_time":"2023-05-22T12:56:45+00:00","og_image":[{"width":2560,"height":1707,"url":"https:\/\/trivec.aws-staging.swace.se\/wp\/uploads\/2022\/04\/DSC08467-scaled.jpg","type":"image\/jpeg"}],"twitter_card":"summary_large_image","twitter_misc":{"Dur\u00e9e de lecture estim\u00e9e":"4 minutes"},"schema":{"@context":"https:\/\/schema.org","@graph":[{"@type":"WebPage","@id":"https:\/\/trivec.aws-staging.swace.se\/fr\/clients\/the-warehouse\/","url":"https:\/\/trivec.aws-staging.swace.se\/fr\/clients\/the-warehouse\/","name":"The Warehouse - Trivec Systems","isPartOf":{"@id":"https:\/\/trivec.aws-staging.swace.se\/fr\/#website"},"primaryImageOfPage":{"@id":"https:\/\/trivec.aws-staging.swace.se\/fr\/clients\/the-warehouse\/#primaryimage"},"image":{"@id":"https:\/\/trivec.aws-staging.swace.se\/fr\/clients\/the-warehouse\/#primaryimage"},"thumbnailUrl":"https:\/\/trivec.aws-staging.swace.se\/wp\/uploads\/2022\/04\/DSC08467-scaled.jpg","datePublished":"2022-05-09T08:33:41+00:00","dateModified":"2023-05-22T12:56:45+00:00","description":"Situ\u00e9 \u00e0 Nantes et cr\u00e9\u00e9 en 2017, le Warehouse est une structure hybride entre une salle de spectacle, un lieu de s\u00e9minaire et une discoth\u00e8que.","breadcrumb":{"@id":"https:\/\/trivec.aws-staging.swace.se\/fr\/clients\/the-warehouse\/#breadcrumb"},"inLanguage":"fr-FR","potentialAction":[{"@type":"ReadAction","target":["https:\/\/trivec.aws-staging.swace.se\/fr\/clients\/the-warehouse\/"]}]},{"@type":"ImageObject","inLanguage":"fr-FR","@id":"https:\/\/trivec.aws-staging.swace.se\/fr\/clients\/the-warehouse\/#primaryimage","url":"https:\/\/trivec.aws-staging.swace.se\/wp\/uploads\/2022\/04\/DSC08467-scaled.jpg","contentUrl":"https:\/\/trivec.aws-staging.swace.se\/wp\/uploads\/2022\/04\/DSC08467-scaled.jpg","width":2560,"height":1707,"caption":"The Warehouse - Trivec"},{"@type":"BreadcrumbList","@id":"https:\/\/trivec.aws-staging.swace.se\/fr\/clients\/the-warehouse\/#breadcrumb","itemListElement":[{"@type":"ListItem","position":1,"name":"Home","item":"https:\/\/www.trivec.aws-staging.swace.se\/fr\/"},{"@type":"ListItem","position":2,"name":"Clients","item":"https:\/\/trivec.aws-staging.swace.se\/fr\/clients\/"},{"@type":"ListItem","position":3,"name":"The Warehouse"}]},{"@type":"WebSite","@id":"https:\/\/trivec.aws-staging.swace.se\/fr\/#website","url":"https:\/\/trivec.aws-staging.swace.se\/fr\/","name":"Trivec","description":"Caisse Restaurant, Doseur \u00e9lectronique","potentialAction":[{"@type":"SearchAction","target":{"@type":"EntryPoint","urlTemplate":"https:\/\/trivec.aws-staging.swace.se\/fr\/?s={search_term_string}"},"query-input":{"@type":"PropertyValueSpecification","valueRequired":true,"valueName":"search_term_string"}}],"inLanguage":"fr-FR"}]}},"_links":{"self":[{"href":"https:\/\/trivec.aws-staging.swace.se\/fr\/wp-json\/wp\/v2\/pages\/26600","targetHints":{"allow":["GET"]}}],"collection":[{"href":"https:\/\/trivec.aws-staging.swace.se\/fr\/wp-json\/wp\/v2\/pages"}],"about":[{"href":"https:\/\/trivec.aws-staging.swace.se\/fr\/wp-json\/wp\/v2\/types\/page"}],"author":[{"embeddable":true,"href":"https:\/\/trivec.aws-staging.swace.se\/fr\/wp-json\/wp\/v2\/users\/30"}],"replies":[{"embeddable":true,"href":"https:\/\/trivec.aws-staging.swace.se\/fr\/wp-json\/wp\/v2\/comments?post=26600"}],"version-history":[{"count":4,"href":"https:\/\/trivec.aws-staging.swace.se\/fr\/wp-json\/wp\/v2\/pages\/26600\/revisions"}],"predecessor-version":[{"id":34496,"href":"https:\/\/trivec.aws-staging.swace.se\/fr\/wp-json\/wp\/v2\/pages\/26600\/revisions\/34496"}],"up":[{"embeddable":true,"href":"https:\/\/trivec.aws-staging.swace.se\/fr\/wp-json\/wp\/v2\/pages\/1098"}],"wp:featuredmedia":[{"embeddable":true,"href":"https:\/\/trivec.aws-staging.swace.se\/fr\/wp-json\/wp\/v2\/media\/26601"}],"wp:attachment":[{"href":"https:\/\/trivec.aws-staging.swace.se\/fr\/wp-json\/wp\/v2\/media?parent=26600"}],"curies":[{"name":"wp","href":"https:\/\/api.w.org\/{rel}","templated":true}]}}