{"id":26248,"date":"2022-04-21T12:15:24","date_gmt":"2022-04-21T10:15:24","guid":{"rendered":"https:\/\/trivec.aws-staging.swace.se\/?page_id=26248"},"modified":"2023-05-22T14:58:31","modified_gmt":"2023-05-22T12:58:31","slug":"le-liberta","status":"publish","type":"page","link":"https:\/\/trivec.aws-staging.swace.se\/fr\/clients\/le-liberta\/","title":{"rendered":"Le Libert\u00e1"},"content":{"rendered":"<div class=\"wpb-content-wrapper\"><p>[vc_row][vc_column][vc_story heading_text=\u00a0\u00bbLe Libert\u00e1 choisit Trivec Buddy pour le click and collect\u00a0\u00bb]<\/p>\n<h2><strong><span data-contrast=\"auto\">Une cuisine napolitaine teint\u00e9e de touches corses <\/span><\/strong><span data-ccp-props=\"{&quot;201341983&quot;:0,&quot;335551550&quot;:1,&quot;335551620&quot;:1,&quot;335559739&quot;:160,&quot;335559740&quot;:259}\">\u00a0<\/span><\/h2>\n<p><span data-contrast=\"auto\">Situ\u00e9 en plein centre de la ville du Mans, le Libert\u00e1 est un restaurant italien corse festif nich\u00e9 au c\u0153ur d\u2019un ancien couvent r\u00e9affect\u00e9 en restaurant. L\u2019\u00e9tablissement propose de la <span style=\"font-weight: bold;\">cuisine napolitaine<\/span> avec des pizzas au feu de bois ainsi qu\u2019une <span style=\"font-weight: bold;\">d\u00e9clinaison corse<\/span> avec l\u2019accent du sud.<\/span><span data-ccp-props=\"{&quot;201341983&quot;:0,&quot;335551550&quot;:1,&quot;335551620&quot;:1,&quot;335559739&quot;:160,&quot;335559740&quot;:259}\">\u00a0<\/span><\/p>\n<p><span data-contrast=\"auto\">Ouvert depuis septembre 2019, juste avant la crise du Covid, le restaurant se diff\u00e9rencie au Mans de par son c\u00f4t\u00e9 festif puisqu\u2019il dispose d\u2019une\u00a0sc\u00e8ne, et organise des \u00e9v\u00e9nements tous les week-end.<\/span><span data-ccp-props=\"{&quot;201341983&quot;:0,&quot;335551550&quot;:1,&quot;335551620&quot;:1,&quot;335559739&quot;:160,&quot;335559740&quot;:259}\">\u00a0<\/span><\/p>\n<h2><strong><span data-contrast=\"auto\"><img loading=\"lazy\" decoding=\"async\" class=\"size-medium wp-image-26249 aligncenter\" src=\"https:\/\/www.trivec.fr\/wp\/uploads\/2022\/04\/Liberta-1-300x300.jpg\" alt=\"Logo Liberta\" width=\"300\" height=\"300\" srcset=\"https:\/\/trivec.aws-staging.swace.se\/wp\/uploads\/2022\/04\/Liberta-1-300x300.jpg 300w, https:\/\/trivec.aws-staging.swace.se\/wp\/uploads\/2022\/04\/Liberta-1-150x150.jpg 150w, https:\/\/trivec.aws-staging.swace.se\/wp\/uploads\/2022\/04\/Liberta-1-768x768.jpg 768w, https:\/\/trivec.aws-staging.swace.se\/wp\/uploads\/2022\/04\/Liberta-1.jpg 960w\" sizes=\"auto, (max-width: 300px) 100vw, 300px\" \/><\/span><\/strong><\/h2>\n<h2><strong><span data-contrast=\"auto\">5 p\u00f4les en cuisine : un challenge organisationnel \u00e0 relever <\/span><\/strong><span data-ccp-props=\"{&quot;201341983&quot;:0,&quot;335551550&quot;:1,&quot;335551620&quot;:1,&quot;335559739&quot;:160,&quot;335559740&quot;:259}\">\u00a0<\/span><\/h2>\n<p><span data-contrast=\"auto\">Rodolphe Laferrerie est g\u00e9rant du restaurant et s&rsquo;occupe de l\u2019aspect\u00a0administratif et de la gestion externe.<\/span><br \/>\n<span data-contrast=\"auto\">La <span style=\"font-weight: bold;\">principale probl\u00e9matique<\/span> du Libert\u00e1 vient de <span style=\"font-weight: bold;\">son mode d\u2019organisation<\/span>. L\u2019\u00e9tablissement a un grand espace qui fait beaucoup de volumes, le d\u00e9fi est\u00a0donc d\u2019avoir <span style=\"font-weight: bold;\">plusieurs salles \u00e0 servir<\/span> : 2 terrasses, 2 salles pour un total de 350m\u00b2. <\/span><span data-ccp-props=\"{&quot;201341983&quot;:0,&quot;335551550&quot;:1,&quot;335551620&quot;:1,&quot;335559739&quot;:160,&quot;335559740&quot;:259}\">\u00a0<\/span><\/p>\n<p><span data-contrast=\"auto\">A cela s\u2019ajoutent 5 p\u00f4les en cuisine : la partie pizzeria, son c\u0153ur de m\u00e9tier et la partie cuisine classique (plats chauds, p\u00e2tes, plats froids, et enfin les puccias c\u2019est \u00e0 dire les burgers napolitains). <\/span><span data-ccp-props=\"{&quot;201341983&quot;:0,&quot;335551550&quot;:1,&quot;335551620&quot;:1,&quot;335559739&quot;:160,&quot;335559740&quot;:259}\">\u00a0<\/span><\/p>\n<p><span data-contrast=\"auto\">La cuisine \u00e9tant divis\u00e9e en diff\u00e9rents p\u00f4les, il fallait \u00eatre en mesure de <span style=\"font-weight: bold;\">coordonner les commandes<\/span> gr\u00e2ce \u00e0 un <span style=\"font-weight: bold;\">syst\u00e8me de caisse performant<\/span> afin qu\u2019elles arrivent dans les bons p\u00f4les. Il fallait que ce soit fluide, et que les bons arrivent bien en cuisine aux bonnes personnes, et que ce soit <span style=\"font-weight: bold;\">plus pratique et lisible<\/span> pour tout le monde autant <span style=\"font-weight: bold;\">en salle qu&rsquo;en cuisine<\/span>.<\/span><span data-ccp-props=\"{&quot;201341983&quot;:0,&quot;335551550&quot;:1,&quot;335551620&quot;:1,&quot;335559739&quot;:160,&quot;335559740&quot;:259}\">\u00a0<\/span><\/p>\n<p><span data-contrast=\"auto\">Si \u00e0 une m\u00eame table un client commande une pizza cuite au feu de bois, et un autre un steak sauce gorgonzola il faut que le cuisinier comprenne que ces commandes concernent la m\u00eame table et qu\u2019il faut pr\u00e9parer cela de mani\u00e8re fluide et coordonn\u00e9e ce qui constitue un vrai challenge.<\/span><span data-ccp-props=\"{&quot;201341983&quot;:0,&quot;335551550&quot;:1,&quot;335551620&quot;:1,&quot;335559739&quot;:160,&quot;335559740&quot;:259}\">\u00a0<\/span><\/p>\n<p><span data-contrast=\"auto\">Avant son ouverture, Le Libert\u00e1\u00a0porte son choix sur un autre syst\u00e8me de caisse mais celui-ci ne convient pas, et n\u2019aura dur\u00e9 qu\u2019une semaine car les<span style=\"font-weight: bold;\"> bons n\u2019arrivaient pas en cuisine<\/span>. <\/span><span data-ccp-props=\"{&quot;201341983&quot;:0,&quot;335551550&quot;:1,&quot;335551620&quot;:1,&quot;335559739&quot;:160,&quot;335559740&quot;:259}\">\u00a0<\/span><\/p>\n<p><span data-contrast=\"auto\">Alors pourquoi avoir finalement port\u00e9 son choix sur Trivec ? <\/span><span data-contrast=\"auto\">Au vu de l\u2019urgence de la situation avec l\u2019ouverture de leur restaurant imminent et <span style=\"font-weight: bold;\">600 clients par jour !<\/span><\/span><\/p>\n<blockquote><p><span data-contrast=\"auto\"> \u201cT<\/span><i><span data-contrast=\"auto\">rivec a \u00e9t\u00e9 tr\u00e8s r\u00e9actif face \u00e0 nos probl\u00e9matiques. En 1 semaine tout \u00e9tait install\u00e9, pourtant il y avait un gros morceau, c\u2019est ce qui a fait la diff\u00e9rence au d\u00e9marrage. Aujourd\u2019hui au quotidien ce qui <span style=\"font-weight: bold;\">fait la diff\u00e9rence<\/span> c\u2019est la <span style=\"font-weight: bold;\">capacit\u00e9 d\u2019ajustement<\/span> et <span style=\"font-weight: bold;\">d\u2019adaptation<\/span> aux diff\u00e9rentes probl\u00e9matiques qu\u2019on peut rencontrer au quotidien. Un restaurant c\u2019est vivant et il y a toujours des ajustements \u00e0 faire, notamment avec la crise du Covid, avec la <span style=\"font-weight: bold;\">vente \u00e0 emporter<\/span>. Trivec s\u2019est tr\u00e8s bien adapt\u00e9 et on est assez content de cela aussi.<\/span><\/i><span data-contrast=\"auto\">\u201d commente Rodolphe Laferrerie, g\u00e9rant du Libert\u00e1. <\/span><span data-ccp-props=\"{&quot;201341983&quot;:0,&quot;335551550&quot;:1,&quot;335551620&quot;:1,&quot;335559739&quot;:160,&quot;335559740&quot;:259}\">\u00a0<\/span><\/p><\/blockquote>\n<h2><strong><span data-contrast=\"auto\">Des solutions harmonis\u00e9es pour faciliter le confort et le travail des \u00e9quipes<\/span><\/strong><span data-ccp-props=\"{&quot;201341983&quot;:0,&quot;335551550&quot;:1,&quot;335551620&quot;:1,&quot;335559739&quot;:160,&quot;335559740&quot;:259}\">\u00a0<\/span><\/h2>\n<p><span data-contrast=\"auto\">Au quotidien, diff\u00e9rentes solutions Trivec sont utilis\u00e9es par les diff\u00e9rentes \u00e9quipes afin de faciliter leur travail.<\/span><span data-ccp-props=\"{&quot;201341983&quot;:0,&quot;335551550&quot;:1,&quot;335551620&quot;:1,&quot;335559739&quot;:160,&quot;335559740&quot;:259}\">\u00a0<\/span><\/p>\n<p><span data-contrast=\"auto\">La <span style=\"font-weight: bold;\">vente \u00e0 emporter en click and collect<\/span> est possible gr\u00e2ce \u00e0 la <\/span><a href=\"https:\/\/www.trivec.fr\/produits\/commande-mobile\/\"><strong><span data-contrast=\"none\">solution Buddy.<\/span><\/strong><\/a><span data-contrast=\"auto\"> Ainsi, un lien est disponible sur le site internet du Libert\u00e1\u00a0permettant au client de voir\u00a0la carte \u00e0 emporter, de <span style=\"font-weight: bold;\">commander et de payer directement en ligne<\/span>. Quant \u00e0 la vente en livraison, elle est \u00e9galement possible gr\u00e2ce \u00e0 la connexion native de Trivec avec Deliverect permettant de remonter les organismes de vente comme Deliveroo ou UberEats. <\/span><span data-ccp-props=\"{&quot;201341983&quot;:0,&quot;335551550&quot;:1,&quot;335551620&quot;:1,&quot;335559739&quot;:160,&quot;335559740&quot;:259}\">\u00a0<\/span><\/p>\n<blockquote><p><span data-contrast=\"auto\">\u201c<\/span><i><span data-contrast=\"auto\">Ce qui nous a aid\u00e9 pendant le confinement c\u2019est l&rsquo;int\u00e9gration du logiciel Deliverect \u00e0 Trivec qui a permis de <span style=\"font-weight: bold;\">regrouper Buddy et les organismes de livraison (Deliveroo, UberEats)<\/span>\u00a0sur une m\u00eame plateforme ce qui nous a \u00e9vit\u00e9 d\u2019avoir un tas de tablettes qui rendaient les choses beaucoup plus compliqu\u00e9es pour l\u2019organisation.<\/span><\/i><span data-contrast=\"auto\">\u201d ajoute Rodolphe Laferrerie, g\u00e9rant du Libert\u00e1.<\/span><span data-ccp-props=\"{&quot;201341983&quot;:0,&quot;335551550&quot;:1,&quot;335551620&quot;:1,&quot;335559739&quot;:160,&quot;335559740&quot;:259}\">\u00a0<\/span><\/p><\/blockquote>\n<p><strong><span data-contrast=\"auto\">La <\/span><\/strong><a href=\"https:\/\/www.trivec.fr\/produits\/caisse-enregistreuse-restaurant\/commande-a-table\/\"><strong><span data-contrast=\"none\">solution Handy<\/span><\/strong><\/a><span data-contrast=\"auto\"> est utilis\u00e9e par le personnel de salle<\/span> <span data-contrast=\"auto\">pour <span style=\"font-weight: bold;\">faciliter la prise de commandes \u00e0 table<\/span>, tout le personnel dispose d\u2019un pad, et le restaurant en compte 6 ou 7 en tout.<\/span><span data-ccp-props=\"{&quot;201341983&quot;:0,&quot;335551550&quot;:1,&quot;335551620&quot;:1,&quot;335559739&quot;:160,&quot;335559740&quot;:259}\">\u00a0<\/span><\/p>\n<blockquote><p><span data-contrast=\"auto\">\u201c <\/span><i><span data-contrast=\"auto\">On gagne un temps fou car cela \u00e9vite aux chefs de rang de noter leurs commandes sur un carnet, et d\u2019ensuite aller sur les caisses pour retaper la commande pour les envoyer finalement en cuisine et au bar. Sans compter que le restaurant est assez grand, d\u2019un bout de la terrasse \u00e0 l\u2019autre bout du restaurant, il y a pas mal de chemin \u00e0 parcourir. Les pads sont vraiment un <span style=\"font-weight: bold;\">outil indispensable<\/span> pour nous.<\/span><\/i><span data-contrast=\"auto\"> \u201c d\u00e9taille Rodolphe Laferrerie, g\u00e9rant du Libert\u00e1. <\/span><span data-ccp-props=\"{&quot;201341983&quot;:0,&quot;335551550&quot;:1,&quot;335551620&quot;:1,&quot;335559739&quot;:160,&quot;335559740&quot;:259}\">\u00a0<\/span><\/p><\/blockquote>\n<p><span data-contrast=\"auto\">Les \u00e9quipes en cuisine ne sont pas en reste car il \u00e9tait primordial de faciliter \u00e9galement leur quotidien. L\u2019enjeu pour l\u2019\u00e9quipe de cuisine est la<span style=\"font-weight: bold;\"> lisibilit\u00e9<\/span>, c\u2019est \u00e0 dire savoir ce qu\u2019il y a \u00e0 pr\u00e9parer, pour quel timing, ou encore les plats \u00e0 suivre quand il y a des menus. Mettre en place la <\/span><a href=\"https:\/\/www.trivec.fr\/produits\/kitchen-display-system\/\"><span data-contrast=\"none\">solution d\u2019\u00e9crans cuisine Kitchen Display System<\/span><\/a><span data-contrast=\"auto\"> a permis de<span style=\"font-weight: bold;\"> coordonner l\u2019ensemble des p\u00f4les<\/span>. Le responsable de cuisine surveille les \u00e9crans de contr\u00f4le et peut en un clin d\u2019\u0153il savoir ce qu\u2019il a comme plat \u00e0 pr\u00e9parer, ce qu\u2019il faut anticiper, que faut-il coordonner pour que tout se passe bien et globalement cela les aide beaucoup.<\/span><span data-ccp-props=\"{&quot;201341983&quot;:0,&quot;335551550&quot;:1,&quot;335551620&quot;:1,&quot;335559739&quot;:160,&quot;335559740&quot;:259}\">\u00a0<\/span><\/p>\n<p><span data-contrast=\"auto\">Avant d&rsquo;utiliser cette solution, l&rsquo;\u00e9quipe utilisait des bons en cuisine et des imprimantes mais<span style=\"font-weight: bold;\"> l\u2019avantage de l\u2019\u00e9cran de cuisine<\/span> est d\u2019avoir <span style=\"font-weight: bold;\">tous les bons sous les yeux<\/span>. <\/span><span data-ccp-props=\"{&quot;201341983&quot;:0,&quot;335551550&quot;:1,&quot;335551620&quot;:1,&quot;335559739&quot;:160,&quot;335559740&quot;:259}\">\u00a0<\/span><\/p>\n<blockquote><p><span data-contrast=\"auto\">D&rsquo;apr\u00e8s Rodolphe, \u201c<\/span><i><span data-contrast=\"auto\">utiliser ces diff\u00e9rentes solutions aura permis un v\u00e9ritable <span style=\"font-weight: bold;\">gain de temps<\/span>, plus de s\u00e9r\u00e9nit\u00e9 pendant le service, une <span style=\"font-weight: bold;\">meilleure organisation<\/span>, chacun sait o\u00f9 il doit aller et ce qu&rsquo;il a\u00a0\u00e0 faire. Sur le long terme tout le monde est gagnant. Les salari\u00e9s ont un meilleur confort de travail, il y a moins de plaintes au niveau de la direction donc cette derni\u00e8re est plus sereine. \u201c<\/span><\/i><span data-ccp-props=\"{&quot;201341983&quot;:0,&quot;335551550&quot;:1,&quot;335551620&quot;:1,&quot;335559739&quot;:160,&quot;335559740&quot;:259}\">\u00a0<\/span><\/p><\/blockquote>\n<p><span data-contrast=\"auto\">Pour conclure, le conseil que le g\u00e9rant donne est de savoir\u00a0s\u2019adapter au monde qui change, si des outils peuvent nous faciliter la vie et celle de ses salari\u00e9s, tout le monde est gagnant !<\/span><span data-ccp-props=\"{&quot;201341983&quot;:0,&quot;335551550&quot;:1,&quot;335551620&quot;:1,&quot;335559739&quot;:160,&quot;335559740&quot;:259}\">\u00a0<\/span>[\/vc_story][vc_row_inner][vc_column_inner][vc_btn cta_text_color=\u00a0\u00bbwhite\u00a0\u00bb title=\u00a0\u00bbD\u00e9couvrez plus de cas clients ici\u00a0\u00bb align=\u00a0\u00bbcenter\u00a0\u00bb link=\u00a0\u00bburl:https%3A%2F%2Fwww.trivec.fr%2Fclients%2F\u00a0\u00bb][\/vc_column_inner][\/vc_row_inner][\/vc_column][\/vc_row]<\/p>\n<\/div>","protected":false},"excerpt":{"rendered":"<p>[vc_row][vc_column][vc_story heading_text=\u00a0\u00bbLe Libert\u00e1 choisit Trivec Buddy pour le click and collect\u00a0\u00bb] Une cuisine napolitaine teint\u00e9e de touches corses \u00a0 Situ\u00e9 en plein centre de la ville du Mans, le Libert\u00e1 est un restaurant italien corse festif nich\u00e9 au c\u0153ur d\u2019un ancien couvent r\u00e9affect\u00e9 en restaurant. L\u2019\u00e9tablissement propose de la cuisine napolitaine avec des pizzas au [&hellip;]<\/p>\n","protected":false},"author":30,"featured_media":26249,"parent":1098,"menu_order":0,"comment_status":"closed","ping_status":"closed","template":"","meta":{"_acf_changed":false,"content-type":"","footnotes":""},"class_list":["post-26248","page","type-page","status-publish","has-post-thumbnail","hentry"],"acf":[],"yoast_head":"<!-- This site is optimized with the Yoast SEO plugin v27.2 - https:\/\/yoast.com\/product\/yoast-seo-wordpress\/ -->\n<title>Le Libert\u00e1 - Trivec Systems<\/title>\n<meta name=\"description\" content=\"Situ\u00e9 en plein centre de la ville du Mans, le Libert\u00e1 est un restaurant italien nich\u00e9 au c\u0153ur d\u2019un ancien couvent r\u00e9affect\u00e9 en restaurant.\" \/>\n<meta name=\"robots\" content=\"noindex, follow\" \/>\n<meta property=\"og:locale\" content=\"fr_FR\" \/>\n<meta property=\"og:type\" content=\"article\" \/>\n<meta property=\"og:title\" content=\"Le Libert\u00e1 - Trivec Systems\" \/>\n<meta property=\"og:description\" content=\"Situ\u00e9 en plein centre de la ville du Mans, le Libert\u00e1 est un restaurant italien nich\u00e9 au c\u0153ur d\u2019un ancien couvent r\u00e9affect\u00e9 en restaurant.\" \/>\n<meta property=\"og:url\" content=\"https:\/\/trivec.aws-staging.swace.se\/fr\/clients\/le-liberta\/\" \/>\n<meta property=\"og:site_name\" content=\"Trivec\" \/>\n<meta property=\"article:modified_time\" content=\"2023-05-22T12:58:31+00:00\" \/>\n<meta property=\"og:image\" content=\"https:\/\/trivec.aws-staging.swace.se\/wp\/uploads\/2022\/04\/Liberta-1.jpg\" \/>\n\t<meta property=\"og:image:width\" content=\"960\" \/>\n\t<meta property=\"og:image:height\" content=\"960\" \/>\n\t<meta property=\"og:image:type\" content=\"image\/jpeg\" \/>\n<meta name=\"twitter:card\" content=\"summary_large_image\" \/>\n<meta name=\"twitter:label1\" content=\"Dur\u00e9e de lecture estim\u00e9e\" \/>\n\t<meta name=\"twitter:data1\" content=\"5 minutes\" \/>\n<script type=\"application\/ld+json\" class=\"yoast-schema-graph\">{\"@context\":\"https:\/\/schema.org\",\"@graph\":[{\"@type\":\"WebPage\",\"@id\":\"https:\/\/trivec.aws-staging.swace.se\/fr\/clients\/le-liberta\/\",\"url\":\"https:\/\/trivec.aws-staging.swace.se\/fr\/clients\/le-liberta\/\",\"name\":\"Le Libert\u00e1 - Trivec Systems\",\"isPartOf\":{\"@id\":\"https:\/\/trivec.aws-staging.swace.se\/fr\/#website\"},\"primaryImageOfPage\":{\"@id\":\"https:\/\/trivec.aws-staging.swace.se\/fr\/clients\/le-liberta\/#primaryimage\"},\"image\":{\"@id\":\"https:\/\/trivec.aws-staging.swace.se\/fr\/clients\/le-liberta\/#primaryimage\"},\"thumbnailUrl\":\"https:\/\/trivec.aws-staging.swace.se\/wp\/uploads\/2022\/04\/Liberta-1.jpg\",\"datePublished\":\"2022-04-21T10:15:24+00:00\",\"dateModified\":\"2023-05-22T12:58:31+00:00\",\"description\":\"Situ\u00e9 en plein centre de la ville du Mans, le Libert\u00e1 est un restaurant italien nich\u00e9 au c\u0153ur d\u2019un ancien couvent r\u00e9affect\u00e9 en restaurant.\",\"breadcrumb\":{\"@id\":\"https:\/\/trivec.aws-staging.swace.se\/fr\/clients\/le-liberta\/#breadcrumb\"},\"inLanguage\":\"fr-FR\",\"potentialAction\":[{\"@type\":\"ReadAction\",\"target\":[\"https:\/\/trivec.aws-staging.swace.se\/fr\/clients\/le-liberta\/\"]}]},{\"@type\":\"ImageObject\",\"inLanguage\":\"fr-FR\",\"@id\":\"https:\/\/trivec.aws-staging.swace.se\/fr\/clients\/le-liberta\/#primaryimage\",\"url\":\"https:\/\/trivec.aws-staging.swace.se\/wp\/uploads\/2022\/04\/Liberta-1.jpg\",\"contentUrl\":\"https:\/\/trivec.aws-staging.swace.se\/wp\/uploads\/2022\/04\/Liberta-1.jpg\",\"width\":960,\"height\":960,\"caption\":\"Logo Liberta\"},{\"@type\":\"BreadcrumbList\",\"@id\":\"https:\/\/trivec.aws-staging.swace.se\/fr\/clients\/le-liberta\/#breadcrumb\",\"itemListElement\":[{\"@type\":\"ListItem\",\"position\":1,\"name\":\"Home\",\"item\":\"https:\/\/www.trivec.aws-staging.swace.se\/fr\/\"},{\"@type\":\"ListItem\",\"position\":2,\"name\":\"Clients\",\"item\":\"https:\/\/trivec.aws-staging.swace.se\/fr\/clients\/\"},{\"@type\":\"ListItem\",\"position\":3,\"name\":\"Le Libert\u00e1\"}]},{\"@type\":\"WebSite\",\"@id\":\"https:\/\/trivec.aws-staging.swace.se\/fr\/#website\",\"url\":\"https:\/\/trivec.aws-staging.swace.se\/fr\/\",\"name\":\"Trivec\",\"description\":\"Caisse Restaurant, Doseur \u00e9lectronique\",\"potentialAction\":[{\"@type\":\"SearchAction\",\"target\":{\"@type\":\"EntryPoint\",\"urlTemplate\":\"https:\/\/trivec.aws-staging.swace.se\/fr\/?s={search_term_string}\"},\"query-input\":{\"@type\":\"PropertyValueSpecification\",\"valueRequired\":true,\"valueName\":\"search_term_string\"}}],\"inLanguage\":\"fr-FR\"}]}<\/script>\n<!-- \/ Yoast SEO plugin. -->","yoast_head_json":{"title":"Le Libert\u00e1 - Trivec Systems","description":"Situ\u00e9 en plein centre de la ville du Mans, le Libert\u00e1 est un restaurant italien nich\u00e9 au c\u0153ur d\u2019un ancien couvent r\u00e9affect\u00e9 en restaurant.","robots":{"index":"noindex","follow":"follow"},"og_locale":"fr_FR","og_type":"article","og_title":"Le Libert\u00e1 - Trivec Systems","og_description":"Situ\u00e9 en plein centre de la ville du Mans, le Libert\u00e1 est un restaurant italien nich\u00e9 au c\u0153ur d\u2019un ancien couvent r\u00e9affect\u00e9 en restaurant.","og_url":"https:\/\/trivec.aws-staging.swace.se\/fr\/clients\/le-liberta\/","og_site_name":"Trivec","article_modified_time":"2023-05-22T12:58:31+00:00","og_image":[{"width":960,"height":960,"url":"https:\/\/trivec.aws-staging.swace.se\/wp\/uploads\/2022\/04\/Liberta-1.jpg","type":"image\/jpeg"}],"twitter_card":"summary_large_image","twitter_misc":{"Dur\u00e9e de lecture estim\u00e9e":"5 minutes"},"schema":{"@context":"https:\/\/schema.org","@graph":[{"@type":"WebPage","@id":"https:\/\/trivec.aws-staging.swace.se\/fr\/clients\/le-liberta\/","url":"https:\/\/trivec.aws-staging.swace.se\/fr\/clients\/le-liberta\/","name":"Le Libert\u00e1 - Trivec Systems","isPartOf":{"@id":"https:\/\/trivec.aws-staging.swace.se\/fr\/#website"},"primaryImageOfPage":{"@id":"https:\/\/trivec.aws-staging.swace.se\/fr\/clients\/le-liberta\/#primaryimage"},"image":{"@id":"https:\/\/trivec.aws-staging.swace.se\/fr\/clients\/le-liberta\/#primaryimage"},"thumbnailUrl":"https:\/\/trivec.aws-staging.swace.se\/wp\/uploads\/2022\/04\/Liberta-1.jpg","datePublished":"2022-04-21T10:15:24+00:00","dateModified":"2023-05-22T12:58:31+00:00","description":"Situ\u00e9 en plein centre de la ville du Mans, le Libert\u00e1 est un restaurant italien nich\u00e9 au c\u0153ur d\u2019un ancien couvent r\u00e9affect\u00e9 en restaurant.","breadcrumb":{"@id":"https:\/\/trivec.aws-staging.swace.se\/fr\/clients\/le-liberta\/#breadcrumb"},"inLanguage":"fr-FR","potentialAction":[{"@type":"ReadAction","target":["https:\/\/trivec.aws-staging.swace.se\/fr\/clients\/le-liberta\/"]}]},{"@type":"ImageObject","inLanguage":"fr-FR","@id":"https:\/\/trivec.aws-staging.swace.se\/fr\/clients\/le-liberta\/#primaryimage","url":"https:\/\/trivec.aws-staging.swace.se\/wp\/uploads\/2022\/04\/Liberta-1.jpg","contentUrl":"https:\/\/trivec.aws-staging.swace.se\/wp\/uploads\/2022\/04\/Liberta-1.jpg","width":960,"height":960,"caption":"Logo Liberta"},{"@type":"BreadcrumbList","@id":"https:\/\/trivec.aws-staging.swace.se\/fr\/clients\/le-liberta\/#breadcrumb","itemListElement":[{"@type":"ListItem","position":1,"name":"Home","item":"https:\/\/www.trivec.aws-staging.swace.se\/fr\/"},{"@type":"ListItem","position":2,"name":"Clients","item":"https:\/\/trivec.aws-staging.swace.se\/fr\/clients\/"},{"@type":"ListItem","position":3,"name":"Le Libert\u00e1"}]},{"@type":"WebSite","@id":"https:\/\/trivec.aws-staging.swace.se\/fr\/#website","url":"https:\/\/trivec.aws-staging.swace.se\/fr\/","name":"Trivec","description":"Caisse Restaurant, Doseur \u00e9lectronique","potentialAction":[{"@type":"SearchAction","target":{"@type":"EntryPoint","urlTemplate":"https:\/\/trivec.aws-staging.swace.se\/fr\/?s={search_term_string}"},"query-input":{"@type":"PropertyValueSpecification","valueRequired":true,"valueName":"search_term_string"}}],"inLanguage":"fr-FR"}]}},"_links":{"self":[{"href":"https:\/\/trivec.aws-staging.swace.se\/fr\/wp-json\/wp\/v2\/pages\/26248","targetHints":{"allow":["GET"]}}],"collection":[{"href":"https:\/\/trivec.aws-staging.swace.se\/fr\/wp-json\/wp\/v2\/pages"}],"about":[{"href":"https:\/\/trivec.aws-staging.swace.se\/fr\/wp-json\/wp\/v2\/types\/page"}],"author":[{"embeddable":true,"href":"https:\/\/trivec.aws-staging.swace.se\/fr\/wp-json\/wp\/v2\/users\/30"}],"replies":[{"embeddable":true,"href":"https:\/\/trivec.aws-staging.swace.se\/fr\/wp-json\/wp\/v2\/comments?post=26248"}],"version-history":[{"count":7,"href":"https:\/\/trivec.aws-staging.swace.se\/fr\/wp-json\/wp\/v2\/pages\/26248\/revisions"}],"predecessor-version":[{"id":34498,"href":"https:\/\/trivec.aws-staging.swace.se\/fr\/wp-json\/wp\/v2\/pages\/26248\/revisions\/34498"}],"up":[{"embeddable":true,"href":"https:\/\/trivec.aws-staging.swace.se\/fr\/wp-json\/wp\/v2\/pages\/1098"}],"wp:featuredmedia":[{"embeddable":true,"href":"https:\/\/trivec.aws-staging.swace.se\/fr\/wp-json\/wp\/v2\/media\/26249"}],"wp:attachment":[{"href":"https:\/\/trivec.aws-staging.swace.se\/fr\/wp-json\/wp\/v2\/media?parent=26248"}],"curies":[{"name":"wp","href":"https:\/\/api.w.org\/{rel}","templated":true}]}}