{"id":22238,"date":"2021-11-26T15:29:01","date_gmt":"2021-11-26T14:29:01","guid":{"rendered":"https:\/\/trivec.aws-staging.swace.se\/?page_id=22238"},"modified":"2023-05-25T09:57:02","modified_gmt":"2023-05-25T07:57:02","slug":"modele-business-plan","status":"publish","type":"page","link":"https:\/\/trivec.aws-staging.swace.se\/fr\/ressources\/livre-blancs\/modele-business-plan\/","title":{"rendered":"Mod\u00e8le de business plan restaurant"},"content":{"rendered":"<div class=\"wpb-content-wrapper\"><p>[vc_row][vc_column][vc_pillarpage headline_xl_1=\u00a0\u00bbComment \u00e9tablir un bon business plan de restaurant ?\u00a0\u00bb text_xl=\u00a0\u00bbR\u00e9aliser le business plan d&rsquo;un restaurant est la base de toute cr\u00e9ation d&rsquo;entreprise. Dans le cadre de l&rsquo;ouverture d&rsquo;un restaurant, cela est d&rsquo;autant plus vrai. L&rsquo;ouverture d&rsquo;un fonds de commerce co\u00fbte cher et, si vous n&rsquo;\u00eates pas organis\u00e9, vous pourriez perdre \u00e9norm\u00e9ment d&rsquo;argent. En proposant un projet bien ficel\u00e9, complet et bien document\u00e9, vous mettez toutes les chances de votre c\u00f4t\u00e9 pour r\u00e9ussir mais \u00e9galement pour convaincre vos futurs partenaires, \u00e0 commencer par les banques ! Dans cet article, nous vous donnons quelques pistes vous permettant de mieux comprendre comment faire pour r\u00e9aliser un business plan solide et vous assurer un bon chiffre d\u2019affaires.\u00a0\u00bb whitepaper_text=\u00a0\u00bbAugmentez votre rentabilit\u00e9 avec notre mod\u00e8le de business plan !\u00a0\u00bb download_button=\u00a0\u00bbT\u00e9l\u00e9chargez-le ici\u00a0\u00bb link_button=\u00a0\u00bburl:https%3A%2F%2Flp.trivec.aws-staging.swace.se%2Ffr%2Ftelecharger-busines-plan-restaurant|||\u00a0\u00bb whitepaper_image_attachment=\u00a0\u00bb22463&Prime; chapter_1=\u00a0\u00bbPremier point\u00a0\u00bb headline_l_1=\u00a0\u00bbPoser le concept\u00a0\u00bb text_l_1=\u00a0\u00bbD\u00e9taillez l&rsquo;ambiance, les services, le nombre de couverts, les horaires, etc. Et expliquez comment et pourquoi votre \u00e9tablissement peut se d\u00e9marquer des autres.\u00a0\u00bb chapter_2=\u00a0\u00bbDeuxi\u00e8me point\u00a0\u00bb headline_l_2=\u00a0\u00bbInclure un exemple de menu\u00a0\u00bb text_l_2=\u00a0\u00bbParce que le secteur de la restauration est un secteur tr\u00e8s imag\u00e9. On vous recommande vivement d&rsquo;inclure un exemple de menu typique, que vous aimeriez proposer. Incluez des descriptions attrayantes.\u00a0\u00bb chapter_3=\u00a0\u00bbTroisi\u00e8me point\u00a0\u00bb headline_l_3=\u00a0\u00bbD\u00e9finissez votre march\u00e9 cible dans le mod\u00e8le de business plan de votre restaurant\u00a0\u00a0\u00bb text_l_3=\u00a0\u00bbEn travaillant autour d&rsquo;un buyer persona, vous pouvez facilement expliquer aux financeurs quel est le public que vous ciblez.\u00a0\u00bb chapter_4=\u00a0\u00bbQuatri\u00e8me point\u00a0\u00bb headline_l_4=\u00a0\u00bbMontez votre \u00e9quipe dans le business plan de votre restaurant\u00a0\u00bb text_l_4=\u00a0\u00bbL&rsquo;un des piliers du succ\u00e8s de votre restaurant est l&rsquo;\u00e9quipe qui vous accompagne. Dans votre business plan, d\u00e9taillez quels sont vos besoins : serveurs, barmans, cuisiniers, service d&rsquo;hygi\u00e8ne, de s\u00e9curit\u00e9.\u00a0\u00bb chapter_5=\u00a0\u00bbCinqui\u00e8me point\u00a0\u00bb headline_l_5=\u00a0\u00bb\u00c9tude de march\u00e9, marketing et \u00c9tablir un plan financier\u00a0\u00bb text_l_5=\u00a0\u00bbIl est primordial de proposer aux investisseurs une analyse de la concurrence, une pr\u00e9sentation de la strat\u00e9gie marketing et des outils et partenaires ext\u00e9rieurs que vous souhaitez inclure.<\/p>\n<p>\u00c9tablir un plan financier<\/p>\n<p>Cette partie vous permet \u00e9galement de r\u00e9aliser vos pr\u00e9visions financi\u00e8res sur une p\u00e9riode de 5 ans.\u00a0\u00bb][\/vc_column][\/vc_row][vc_row][vc_column][vc_pillarpage_textblock headline_text=\u00a0\u00bbPoser le concept\u00a0\u00bb]<\/p>\n<h3>1. Poser le concept<\/h3>\n<p>Poser le concept permet de donner un contexte \u00e0 votre projet. Il semble difficile d&rsquo;imaginer que le business plan d&rsquo;un restaurant entre dans le vif du sujet (les questions \u00e9conomiques), sans que l&rsquo;essence m\u00eame de l&rsquo;\u00e9tablissement n&rsquo;ait \u00e9t\u00e9 d\u00e9finie.<\/p>\n<p>Ici, vous pr\u00e9sentez votre id\u00e9e. Vous comptez ouvrir une petite sandwicherie ? Vous souhaitez ouvrir votre propre restaurant, bar dans lequel vous organiserez des concerts le soir venu ? Cuisine raffin\u00e9e, d\u00e9contract\u00e9e, ou sur le pouce ? Indiquez \u00e9galement le nombre de couverts, les horaires d&rsquo;ouverture, les services annexes (livraison, vente \u00e0 emporter), etc.<\/p>\n<p>La seconde partie d&rsquo;un\u00a0mod\u00e8le business plan est un peu plus d\u00e9taill\u00e9e, un peu plus pr\u00e9cise. \u00c0 la suite de votre description, entrez un peu plus dans le vif du sujet, en expliquant comment et pourquoi votre \u00e9tablissement peut se d\u00e9marquer des autres : qui est votre cible, qui vous conseille, qui pourrait se joindre \u00e0 vous dans ce projet etc.<\/p>\n<p>Peu importe votre ambition, il est essentiel d\u2019expliquer ce que vous comptez faire. Il s&rsquo;agit l\u00e0 d&rsquo;une partie importante du business plan, puisqu&rsquo;elle permet aux personnes qui le liront de se projeter et de se faire une premi\u00e8re id\u00e9e quant \u00e0 la faisabilit\u00e9 du projet de restaurant.[\/vc_pillarpage_textblock][vc_pillarpage_textblock headline_text=\u00a0\u00bbInclure un exemple de menu\u00a0\u00bb]<\/p>\n<h3><strong>2. Inclure un exemple de menu<\/strong><\/h3>\n<p>Le secteur de la restauration est un secteur tr\u00e8s imag\u00e9. Il est donc essentiel de donner du mat\u00e9riel \u00e0 l&rsquo;ensemble des personnes amen\u00e9es \u00e0 lire votre business plan. Pour cela, on vous recommande vivement d&rsquo;inclure un exemple de menu typique, que vous aimeriez proposer.<\/p>\n<p>\u00c0 vrai dire, ce que vous allez proposer \u00e0 manger \u00e0 vos clients, n&rsquo;est autre que le c\u0153ur de votre activit\u00e9. En consacrant un v\u00e9ritable effort \u00e0 cette partie du dossier, vous d\u00e9montrez que vous avez d\u00e9j\u00e0 un angle d&rsquo;attaque et une v\u00e9ritable vision. Ne n\u00e9gligez donc aucun d\u00e9tail, notamment le type de\u00a0mati\u00e8res premi\u00e8res\u00a0que vous comptez cuisiner, ou encore la\u00a0licence restaurant\u00a0que vous comptez exploiter, et qui d\u00e9finira ce que vous pourrez ou non servir \u00e0 boire.<\/p>\n<p>Ne vous contentez pas de tout lister, approchez vous le plus possible d&rsquo;un menu \u00e0 part enti\u00e8re. Incluez des descriptions attrayantes et utilisez un format intelligemment con\u00e7u. S&rsquo;il faut rester professionnel, cette partie-l\u00e0 peut vous aider \u00e0 marquer des points.[\/vc_pillarpage_textblock][vc_pillarpage_textblock headline_text=\u00a0\u00bbD\u00e9finissez votre march\u00e9 cible dans le mod\u00e8le de business plan de votre restaurant\u00a0\u00bb]<\/p>\n<h3><strong>3. D\u00e9finissez votre march\u00e9 cible dans le mod\u00e8le de business plan de votre restaurant\u00a0<\/strong><\/h3>\n<p>Cette partie-l\u00e0 du mod\u00e8le de business plan permet de d\u00e9montrer toute votre ma\u00eetrise de la psychologie client. En travaillant autour d&rsquo;un buyer persona, vous pouvez facilement expliquer aux financeurs quel est le public que vous ciblez.<\/p>\n<p>Admettons que vous souhaitiez ouvrir un restaurant gastronomique. La cible sera plut\u00f4t ais\u00e9e et\u00a0haut de gamme. On peut m\u00eame parler de couples ou cadres bien avanc\u00e9s dans leur carri\u00e8re. En revanche, si vous souhaitez ouvrir un \u00e9tablissement de\u00a0restauration rapide\u00a0(fast-food), un\u00a0food-truck\u00a0ou autre, votre cible sera bien plus jeune !<\/p>\n<p>Un buyer persona inclut de nombreux points, comme l&rsquo;\u00e2ge, le sexe, la CSP (cat\u00e9gorie socio professionnelle) et toutes les informations li\u00e9es \u00e0 ce qu&rsquo;on peut appeler leurs points faibles (revenus, longues attentes, ouverture tardive etc&#8230;)[\/vc_pillarpage_textblock][vc_pillarpage_textblock headline_text=\u00a0\u00bbMontez votre \u00e9quipe dans le business plan de votre restaurant\u00a0\u00bb]L&rsquo;un des piliers du succ\u00e8s de votre restaurant est l&rsquo;\u00e9quipe qui vous accompagne. Dans votre business plan, d\u00e9taillez quels sont vos besoins : serveurs, barmans, cuisiniers, service d&rsquo;hygi\u00e8ne, de s\u00e9curit\u00e9.<\/p>\n<p>Il est essentiel que les investisseurs comprennent \u00e0 qui ils auront \u00e0 faire. Si vous assurez \u00e0 tout le monde que vous pourrez g\u00e9rer cuisine, service et nettoyage, vous ne serez pas pris au s\u00e9rieux. L&rsquo;id\u00e9e est donc de b\u00e2tir une v\u00e9ritable arm\u00e9e, pr\u00eate \u00e0 vous accompagner ![\/vc_pillarpage_textblock][vc_pillarpage_textblock headline_text=\u00a0\u00bbEtude de march\u00e9 et Plan financier\u00a0\u00bb]<\/p>\n<h3><strong>5. Etude de march\u00e9, marketing et analyse concurrentielle<\/strong><\/h3>\n<p>La r\u00e9ussite de votre affaire passe par votre diff\u00e9renciation. Il est donc primordial de proposer aux investisseurs une vue globale sur ce qui se fait aux alentours. Si vous habitez dans un petit village, sans restaurant, mais \u00e0 fort potentiel touristique, vous pourrez bien tirer votre \u00e9pingle du jeu.<\/p>\n<p>L&rsquo;analyse de la concurrence, de ses forces et ses faiblesses est un point capital du business plan d&rsquo;un restaurant. Cette partie est \u00e9galement id\u00e9ale pour inclure une strat\u00e9gie marketing. Par exemple, comment ferez-vous la promotion de votre restaurant ? La communication sera-t-elle g\u00e9r\u00e9e en interne ou sous-trait\u00e9e ?<\/p>\n<p>Les \u00e9v\u00e9nements promotionnels, les\u00a0r\u00e9seaux sociaux\u00a0et les publicit\u00e9s payantes ne sont que quelques-unes des fa\u00e7ons dont vous pouvez aider votre restaurant \u00e0 d\u00e9marrer, et les investisseurs seront tr\u00e8s int\u00e9ress\u00e9s par ce que vous avez pr\u00e9vu.<\/p>\n<p>Enfin, d\u00e9terminez quels sont les outils et les partenaires ext\u00e9rieurs que vous souhaitez inclure. Trivec, par exemple, propose diverses solutions, comme une solution de\u00a0<a href=\"https:\/\/www.trivec.fr\/produits\/commande-mobile\/\">paiement mobile<\/a>\u00a0ou de\u00a0<a href=\"https:\/\/www.trivec.fr\/produits\/reservations-en-ligne\/\">r\u00e9servation en ligne<\/a>\u00a0! Des solutions qui permettent de faciliter les processus au sein de votre \u00e9tablissement et donc, de gagner du temps et de l&rsquo;argent.[\/vc_pillarpage_textblock][vc_pillarpage_textblock headline_text=\u00a0\u00bbEtude de march\u00e9 et Plan financier\u00a0\u00bb]<\/p>\n<h3><strong>6. \u00c9tablir un plan financier<\/strong><\/h3>\n<p>Vous ne ma\u00eetrisez pas parfaitement les notions de\u00a0pr\u00e9visionnel financier, de\u00a0compte de r\u00e9sultat pr\u00e9visionnel, de\u00a0soldes interm\u00e9diaires de gestion, de\u00a0bilan pr\u00e9visionnel, de\u00a0BFR, de\u00a0chiffre d&rsquo;affaires\u00a0pr\u00e9visionnel\u00a0?<\/p>\n<p>Pas de panique ! Pour cette ultime partie du\u00a0business plan\u00a0de votre restaurant, vous aurez probablement \u00e0 faire appel \u00e0 un\u00a0expert-comptable. L&rsquo;\u00e9tablissement d&rsquo;un budget vous aidera \u00e0 anticiper tous les co\u00fbts d&rsquo;ouverture de votre restaurant \u2013 il y en a toujours plus que pr\u00e9vu !<\/p>\n<p>Si vous demandez de l&rsquo;argent \u00e0 des investisseurs, ils voudront savoir exactement o\u00f9, comment et pourquoi cet argent est d\u00e9pens\u00e9. Un comptable exp\u00e9riment\u00e9 dans le secteur de la restauration sera en mesure de vous fournir tout ce que vous avez besoin de montrer aux investisseurs, \u00e0 savoir essentiellement une analyse de vos fonds de roulement, du seuil de rentabilit\u00e9, un budget des besoins en capital et un compte de r\u00e9sultat pour les premi\u00e8res ann\u00e9es.<\/p>\n<p>Cette partie vous permet \u00e9galement de r\u00e9aliser vos pr\u00e9visions financi\u00e8res sur une p\u00e9riode de 5 ans, si ce n&rsquo;est plus. Cela permet de d\u00e9montrer votre solidit\u00e9. Les investisseurs seront plus enclins \u00e0 investir s&rsquo;ils savent que le projet est solide et p\u00e9renne financi\u00e8rement.<\/p>\n<p>Vous avez maintenant toutes les clefs pour r\u00e9aliser le\u00a0plan d&rsquo;affaires\u00a0qui fera de votre restaurant un v\u00e9ritable succ\u00e8s, \u00e0 vous de jouer ![\/vc_pillarpage_textblock][\/vc_column][\/vc_row]<\/p>\n<\/div>","protected":false},"excerpt":{"rendered":"<p>[vc_row][vc_column][vc_pillarpage headline_xl_1=\u00a0\u00bbComment \u00e9tablir un bon business plan de restaurant ?\u00a0\u00bb text_xl=\u00a0\u00bbR\u00e9aliser le business plan d&rsquo;un restaurant est la base de toute cr\u00e9ation d&rsquo;entreprise. Dans le cadre de l&rsquo;ouverture d&rsquo;un restaurant, cela est d&rsquo;autant plus vrai. L&rsquo;ouverture d&rsquo;un fonds de commerce co\u00fbte cher et, si vous n&rsquo;\u00eates pas organis\u00e9, vous pourriez perdre \u00e9norm\u00e9ment d&rsquo;argent. En proposant [&hellip;]<\/p>\n","protected":false},"author":21,"featured_media":0,"parent":21280,"menu_order":0,"comment_status":"closed","ping_status":"closed","template":"","meta":{"_acf_changed":false,"content-type":"","footnotes":""},"class_list":["post-22238","page","type-page","status-publish","hentry"],"acf":[],"yoast_head":"<!-- This site is optimized with the Yoast SEO plugin v27.2 - https:\/\/yoast.com\/product\/yoast-seo-wordpress\/ -->\n<title>Mod\u00e8le de business plan pour restaurant - Trivec France<\/title>\n<meta name=\"description\" content=\"R\u00e9aliser le business plan d&#039;un restaurant est la base de toute cr\u00e9ation d&#039;entreprise. T\u00e9l\u00e9chargez notre mod\u00e8le de business plan restaurant.\" \/>\n<meta name=\"robots\" content=\"noindex, follow\" \/>\n<meta property=\"og:locale\" content=\"fr_FR\" \/>\n<meta property=\"og:type\" content=\"article\" \/>\n<meta property=\"og:title\" content=\"Mod\u00e8le de business plan pour restaurant - Trivec France\" \/>\n<meta property=\"og:description\" content=\"R\u00e9aliser le business plan d&#039;un restaurant est la base de toute cr\u00e9ation d&#039;entreprise. T\u00e9l\u00e9chargez notre mod\u00e8le de business plan restaurant.\" \/>\n<meta property=\"og:url\" content=\"https:\/\/trivec.aws-staging.swace.se\/fr\/ressources\/livre-blancs\/modele-business-plan\/\" \/>\n<meta property=\"og:site_name\" content=\"Trivec\" \/>\n<meta property=\"article:modified_time\" content=\"2023-05-25T07:57:02+00:00\" \/>\n<meta name=\"twitter:card\" content=\"summary_large_image\" \/>\n<meta name=\"twitter:label1\" content=\"Dur\u00e9e de lecture estim\u00e9e\" \/>\n\t<meta name=\"twitter:data1\" content=\"6 minutes\" \/>\n<script type=\"application\/ld+json\" class=\"yoast-schema-graph\">{\"@context\":\"https:\/\/schema.org\",\"@graph\":[{\"@type\":\"WebPage\",\"@id\":\"https:\/\/trivec.aws-staging.swace.se\/fr\/ressources\/livre-blancs\/modele-business-plan\/\",\"url\":\"https:\/\/trivec.aws-staging.swace.se\/fr\/ressources\/livre-blancs\/modele-business-plan\/\",\"name\":\"Mod\u00e8le de business plan pour restaurant - Trivec France\",\"isPartOf\":{\"@id\":\"https:\/\/trivec.aws-staging.swace.se\/fr\/#website\"},\"datePublished\":\"2021-11-26T14:29:01+00:00\",\"dateModified\":\"2023-05-25T07:57:02+00:00\",\"description\":\"R\u00e9aliser le business plan d'un restaurant est la base de toute cr\u00e9ation d'entreprise. T\u00e9l\u00e9chargez notre mod\u00e8le de business plan restaurant.\",\"breadcrumb\":{\"@id\":\"https:\/\/trivec.aws-staging.swace.se\/fr\/ressources\/livre-blancs\/modele-business-plan\/#breadcrumb\"},\"inLanguage\":\"fr-FR\",\"potentialAction\":[{\"@type\":\"ReadAction\",\"target\":[\"https:\/\/trivec.aws-staging.swace.se\/fr\/ressources\/livre-blancs\/modele-business-plan\/\"]}]},{\"@type\":\"BreadcrumbList\",\"@id\":\"https:\/\/trivec.aws-staging.swace.se\/fr\/ressources\/livre-blancs\/modele-business-plan\/#breadcrumb\",\"itemListElement\":[{\"@type\":\"ListItem\",\"position\":1,\"name\":\"Home\",\"item\":\"https:\/\/www.trivec.aws-staging.swace.se\/fr\/\"},{\"@type\":\"ListItem\",\"position\":2,\"name\":\"Ressources\",\"item\":\"https:\/\/www.trivec.aws-staging.swace.se\/fr\/ressources\/\"},{\"@type\":\"ListItem\",\"position\":3,\"name\":\"Livres blancs\",\"item\":\"https:\/\/www.trivec.aws-staging.swace.se\/fr\/ressources\/livre-blancs\/\"},{\"@type\":\"ListItem\",\"position\":4,\"name\":\"Mod\u00e8le de business plan restaurant\"}]},{\"@type\":\"WebSite\",\"@id\":\"https:\/\/trivec.aws-staging.swace.se\/fr\/#website\",\"url\":\"https:\/\/trivec.aws-staging.swace.se\/fr\/\",\"name\":\"Trivec\",\"description\":\"Caisse Restaurant, Doseur \u00e9lectronique\",\"potentialAction\":[{\"@type\":\"SearchAction\",\"target\":{\"@type\":\"EntryPoint\",\"urlTemplate\":\"https:\/\/trivec.aws-staging.swace.se\/fr\/?s={search_term_string}\"},\"query-input\":{\"@type\":\"PropertyValueSpecification\",\"valueRequired\":true,\"valueName\":\"search_term_string\"}}],\"inLanguage\":\"fr-FR\"}]}<\/script>\n<!-- \/ Yoast SEO plugin. -->","yoast_head_json":{"title":"Mod\u00e8le de business plan pour restaurant - Trivec France","description":"R\u00e9aliser le business plan d'un restaurant est la base de toute cr\u00e9ation d'entreprise. T\u00e9l\u00e9chargez notre mod\u00e8le de business plan restaurant.","robots":{"index":"noindex","follow":"follow"},"og_locale":"fr_FR","og_type":"article","og_title":"Mod\u00e8le de business plan pour restaurant - Trivec France","og_description":"R\u00e9aliser le business plan d'un restaurant est la base de toute cr\u00e9ation d'entreprise. T\u00e9l\u00e9chargez notre mod\u00e8le de business plan restaurant.","og_url":"https:\/\/trivec.aws-staging.swace.se\/fr\/ressources\/livre-blancs\/modele-business-plan\/","og_site_name":"Trivec","article_modified_time":"2023-05-25T07:57:02+00:00","twitter_card":"summary_large_image","twitter_misc":{"Dur\u00e9e de lecture estim\u00e9e":"6 minutes"},"schema":{"@context":"https:\/\/schema.org","@graph":[{"@type":"WebPage","@id":"https:\/\/trivec.aws-staging.swace.se\/fr\/ressources\/livre-blancs\/modele-business-plan\/","url":"https:\/\/trivec.aws-staging.swace.se\/fr\/ressources\/livre-blancs\/modele-business-plan\/","name":"Mod\u00e8le de business plan pour restaurant - Trivec France","isPartOf":{"@id":"https:\/\/trivec.aws-staging.swace.se\/fr\/#website"},"datePublished":"2021-11-26T14:29:01+00:00","dateModified":"2023-05-25T07:57:02+00:00","description":"R\u00e9aliser le business plan d'un restaurant est la base de toute cr\u00e9ation d'entreprise. T\u00e9l\u00e9chargez notre mod\u00e8le de business plan restaurant.","breadcrumb":{"@id":"https:\/\/trivec.aws-staging.swace.se\/fr\/ressources\/livre-blancs\/modele-business-plan\/#breadcrumb"},"inLanguage":"fr-FR","potentialAction":[{"@type":"ReadAction","target":["https:\/\/trivec.aws-staging.swace.se\/fr\/ressources\/livre-blancs\/modele-business-plan\/"]}]},{"@type":"BreadcrumbList","@id":"https:\/\/trivec.aws-staging.swace.se\/fr\/ressources\/livre-blancs\/modele-business-plan\/#breadcrumb","itemListElement":[{"@type":"ListItem","position":1,"name":"Home","item":"https:\/\/www.trivec.aws-staging.swace.se\/fr\/"},{"@type":"ListItem","position":2,"name":"Ressources","item":"https:\/\/www.trivec.aws-staging.swace.se\/fr\/ressources\/"},{"@type":"ListItem","position":3,"name":"Livres blancs","item":"https:\/\/www.trivec.aws-staging.swace.se\/fr\/ressources\/livre-blancs\/"},{"@type":"ListItem","position":4,"name":"Mod\u00e8le de business plan restaurant"}]},{"@type":"WebSite","@id":"https:\/\/trivec.aws-staging.swace.se\/fr\/#website","url":"https:\/\/trivec.aws-staging.swace.se\/fr\/","name":"Trivec","description":"Caisse Restaurant, Doseur \u00e9lectronique","potentialAction":[{"@type":"SearchAction","target":{"@type":"EntryPoint","urlTemplate":"https:\/\/trivec.aws-staging.swace.se\/fr\/?s={search_term_string}"},"query-input":{"@type":"PropertyValueSpecification","valueRequired":true,"valueName":"search_term_string"}}],"inLanguage":"fr-FR"}]}},"_links":{"self":[{"href":"https:\/\/trivec.aws-staging.swace.se\/fr\/wp-json\/wp\/v2\/pages\/22238","targetHints":{"allow":["GET"]}}],"collection":[{"href":"https:\/\/trivec.aws-staging.swace.se\/fr\/wp-json\/wp\/v2\/pages"}],"about":[{"href":"https:\/\/trivec.aws-staging.swace.se\/fr\/wp-json\/wp\/v2\/types\/page"}],"author":[{"embeddable":true,"href":"https:\/\/trivec.aws-staging.swace.se\/fr\/wp-json\/wp\/v2\/users\/21"}],"replies":[{"embeddable":true,"href":"https:\/\/trivec.aws-staging.swace.se\/fr\/wp-json\/wp\/v2\/comments?post=22238"}],"version-history":[{"count":26,"href":"https:\/\/trivec.aws-staging.swace.se\/fr\/wp-json\/wp\/v2\/pages\/22238\/revisions"}],"predecessor-version":[{"id":34602,"href":"https:\/\/trivec.aws-staging.swace.se\/fr\/wp-json\/wp\/v2\/pages\/22238\/revisions\/34602"}],"up":[{"embeddable":true,"href":"https:\/\/trivec.aws-staging.swace.se\/fr\/wp-json\/wp\/v2\/pages\/21280"}],"wp:attachment":[{"href":"https:\/\/trivec.aws-staging.swace.se\/fr\/wp-json\/wp\/v2\/media?parent=22238"}],"curies":[{"name":"wp","href":"https:\/\/api.w.org\/{rel}","templated":true}]}}