{"id":21791,"date":"2021-11-10T15:31:54","date_gmt":"2021-11-10T14:31:54","guid":{"rendered":"https:\/\/trivec.aws-staging.swace.se\/?page_id=21791"},"modified":"2023-02-15T17:39:50","modified_gmt":"2023-02-15T16:39:50","slug":"tendances-restauration","status":"publish","type":"page","link":"https:\/\/trivec.aws-staging.swace.se\/fr\/ressources\/livre-blancs\/tendances-restauration\/","title":{"rendered":"5 futures tendances dans la restauration qui vont d\u00e9finir 2023"},"content":{"rendered":"<div class=\"wpb-content-wrapper\"><p>[vc_row][vc_column][vc_pillarpage headline_xl_1=\u00a0\u00bb5 futures tendances dans la restauration qui vont d\u00e9finir 2023&Prime; text_xl=\u00a0\u00bbNous avons le plaisir de vous pr\u00e9senter notre \u00e9tude sur les tendances restauration pour 2023. Forts de nombreuses ann\u00e9es d\u2019exp\u00e9rience dans le secteur de l\u2019h\u00f4tellerie et de la restauration, nous faisons la lumi\u00e8re sur les tendances auxquelles vous pouvez vous<br \/>\nattendre en 2023.<\/p>\n<p>Nous attendons \u00e0 ce que les consommateurs fassent encore plus attention \u00e0 leurs choix alimentaires cette ann\u00e9e. L\u2019accent portera sur des plats plus durables et davantage d\u2019options v\u00e9g\u00e9tariennes, avec moins de viande au menu. Mais aussi sur les aliments qui affectent notre humeur. D\u00e9sormais, la sant\u00e9 ne se cantonne plus \u00e0 l\u2019aspect purement physique, mais englobe aussi le mental et l\u2019\u00e9motionnel, et cette \u00e9volution mettra les restaurateurs au d\u00e9fi de proposer des menus qui refl\u00e8tent ce changement soci\u00e9tal.<\/p>\n<p>Qu\u2019il s\u2019agisse de faire preuve de cr\u00e9ativit\u00e9 face \u00e0 l\u2019inflation et \u00e0 la hausse des prix des denr\u00e9es alimentaires ou encore d\u2019adapter intelligemment votre menu, voici nos conseils pour relever les d\u00e9fis qui se pr\u00e9sentent. La technologie reste une force motrice pour le secteur de la restauration, et nous allons vous montrer comment l\u2019exploiter \u00e0 votre avantage.\u00a0\u00bb chapter_1=\u00a0\u00bbTendance n\u00b01&Prime; headline_l_1=\u00a0\u00bbLes meilleurs moyens de lutter contre l\u2019inflation et la hausse des prix des denr\u00e9es alimentaires\u00a0\u00bb chapter_2=\u00a0\u00bbTendance n\u00b02&Prime; headline_l_2=\u00a0\u00bbIng\u00e9nierie des menus\u00a0\u00bb chapter_3=\u00a0\u00bbTendance n\u00b03&Prime; headline_l_3=\u00a0\u00bbGestion intelligente de la main-d\u2019oeuvre en 2023&Prime; chapter_4=\u00a0\u00bbTendance n\u00b04&Prime; headline_l_4=\u00a0\u00bbComment la technologie va transformer le secteur de la restauration en 2023&Prime; chapter_5=\u00a0\u00bbTendance n\u00b05&Prime; headline_l_5=\u00a0\u00bbTendances relatives aux plats et boissons\u00a0\u00bb download_button=\u00a0\u00bbT\u00e9l\u00e9chargez le rapport\u00a0\u00bb link_button=\u00a0\u00bburl:https%3A%2F%2Flp.trivec.aws-staging.swace.se%2Ffr%2Frapport-tendances|target:_blank\u00a0\u00bb whitepaper_image_attachment=\u00a0\u00bb29619&Prime; whitepaper_text=\u00a0\u00bbT\u00e9l\u00e9chargez le rapport des tendances de la restauration\u00a0\u00bb][vc_pillarpage_textblock headline_text=\u00a0\u00bbLes meilleurs moyens de lutter contre l\u2019inflation et la hausse des prix des denr\u00e9es alimentaires\u00a0\u00bb]Les restaurateurs devront faire preuve d\u2019ing\u00e9niosit\u00e9 et trouver des solutions innovantes pour affronter la temp\u00eate en 2023, comme r\u00e9duire la taille des portions, atteindre de nouveaux clients, appliquer l\u2019ing\u00e9nierie des menus, etc.<\/p>\n<blockquote><p>Lire l&rsquo;article <a href=\"https:\/\/www.trivec.fr\/ressources\/livre-blancs\/tendances-restauration\/hausse-prix-denrees-alimentaires\/\">Lutter contre la hausse des prix des denr\u00e9es alimentaires &#8211; Trivec<\/a><\/p><\/blockquote>\n<p>[\/vc_pillarpage_textblock][vc_pillarpage_textblock headline_text=\u00a0\u00bbIng\u00e9nierie des menus\u00a0\u00bb]En effet, une forte hausse des co\u00fbts ne peut se r\u00e9soudre par de petites modifications du menu. Ainsi, la strat\u00e9gie que l\u2019on appelle ing\u00e9nierie des menus deviendra monnaie courante en 2023.<\/p>\n<blockquote><p>Lire l&rsquo;article <a href=\"https:\/\/www.trivec.fr\/ressources\/livre-blancs\/tendances-restauration\/ingenierie-menus\/\">Ing\u00e9nierie des menus &#8211; Trivec<\/a><\/p><\/blockquote>\n<p>[\/vc_pillarpage_textblock][vc_pillarpage_textblock headline_text=\u00a0\u00bbGestion intelligente de la main-d\u2019oeuvre en 2023&Prime;]La pand\u00e9mie a eu de lourdes r\u00e9percussions sur le secteur de la restauration, notamment en ce qui concerne le recrutement de personnel en vue de r\u00e9pondre aux besoins de main-d\u2019\u0153uvre d\u2019une entreprise prosp\u00e8re. Comment l\u2019industrie peut-elle contrecarrer ces p\u00e9nuries de main-d\u2019\u0153uvre en 2023 ?<\/p>\n<blockquote><p>Lire l&rsquo;article <a href=\"https:\/\/www.trivec.fr\/ressources\/livre-blancs\/tendances-restauration\/gestion-personnel\/\">Gestion intelligente du personnel &#8211; Trivec<\/a><\/p><\/blockquote>\n<p>[\/vc_pillarpage_textblock][vc_pillarpage_textblock headline_text=\u00a0\u00bbComment la technologie va transformer le secteur de la restauration en 2023&Prime;]Depuis de nombreuses ann\u00e9es, la technologie permet aux entreprises du secteur de la restauration d\u2019atteindre rapidement et efficacement davantage de clients et les aide \u00e0 am\u00e9liorer le service et l\u2019exp\u00e9rience qu\u2019elles leur offrent. En 2023, nous nous attendons \u00e0 voir encore davantage de changements technologiques dans les tendances qui ont trait aux clients.<\/p>\n<blockquote><p>Lire l&rsquo;article <a href=\"https:\/\/www.trivec.fr\/ressources\/livre-blancs\/tendances-restauration\/technologie\/\">Technologie pour la restauration &#8211; Trivec<\/a><\/p><\/blockquote>\n<p>[\/vc_pillarpage_textblock][vc_pillarpage_textblock headline_text=\u00a0\u00bbTendances relatives aux plats et boissons\u00a0\u00bb]En 2023, nous nous attendons \u00e0 ce que les questions environnementales deviennent encore plus urgentes dans l\u2019agenda politique et au quotidien, car les consommateurs exigent des changements d\u00e9montrables. Ils r\u00e9clament des d\u00e9cisions claires sur les questions environnementales, les pratiques commerciales \u00e9thiques, la sant\u00e9 publique et d\u2019autres causes importantes.<\/p>\n<blockquote><p>Lire l&rsquo;article <a href=\"https:\/\/www.trivec.fr\/ressources\/livre-blancs\/tendances-restauration\/plats-boissons-2023\/\">Boissons tendance 2023 &#8211; Trivec<\/a><\/p><\/blockquote>\n<p>[\/vc_pillarpage_textblock][\/vc_column][\/vc_row]<\/p>\n<\/div>","protected":false},"excerpt":{"rendered":"<p>[vc_row][vc_column][vc_pillarpage headline_xl_1=\u00a0\u00bb5 futures tendances dans la restauration qui vont d\u00e9finir 2023&Prime; text_xl=\u00a0\u00bbNous avons le plaisir de vous pr\u00e9senter notre \u00e9tude sur les tendances restauration pour 2023. Forts de nombreuses ann\u00e9es d\u2019exp\u00e9rience dans le secteur de l\u2019h\u00f4tellerie et de la restauration, nous faisons la lumi\u00e8re sur les tendances auxquelles vous pouvez vous attendre en 2023. Nous [&hellip;]<\/p>\n","protected":false},"author":2,"featured_media":0,"parent":21280,"menu_order":0,"comment_status":"closed","ping_status":"closed","template":"","meta":{"_acf_changed":false,"content-type":"","footnotes":""},"class_list":["post-21791","page","type-page","status-publish","hentry"],"acf":[],"yoast_head":"<!-- This site is optimized with the Yoast SEO plugin v27.2 - https:\/\/yoast.com\/product\/yoast-seo-wordpress\/ -->\n<title>Tendances restauration 2023 - Trivec France<\/title>\n<meta name=\"description\" content=\"Dans cet article, nous avons rassembl\u00e9 les 5 tendances de restauration les plus importantes qui vont d\u00e9finir 2023.\" \/>\n<meta name=\"robots\" content=\"noindex, follow\" \/>\n<meta property=\"og:locale\" content=\"fr_FR\" \/>\n<meta property=\"og:type\" content=\"article\" \/>\n<meta property=\"og:title\" content=\"Tendances restauration 2023 - Trivec France\" \/>\n<meta property=\"og:description\" content=\"Dans cet article, nous avons rassembl\u00e9 les 5 tendances de restauration les plus importantes qui vont d\u00e9finir 2023.\" \/>\n<meta property=\"og:url\" content=\"https:\/\/trivec.aws-staging.swace.se\/fr\/ressources\/livre-blancs\/tendances-restauration\/\" \/>\n<meta property=\"og:site_name\" content=\"Trivec\" \/>\n<meta property=\"article:modified_time\" content=\"2023-02-15T16:39:50+00:00\" \/>\n<meta name=\"twitter:card\" content=\"summary_large_image\" \/>\n<meta name=\"twitter:label1\" content=\"Dur\u00e9e de lecture estim\u00e9e\" \/>\n\t<meta name=\"twitter:data1\" content=\"3 minutes\" \/>\n<script type=\"application\/ld+json\" class=\"yoast-schema-graph\">{\"@context\":\"https:\/\/schema.org\",\"@graph\":[{\"@type\":\"WebPage\",\"@id\":\"https:\/\/trivec.aws-staging.swace.se\/fr\/ressources\/livre-blancs\/tendances-restauration\/\",\"url\":\"https:\/\/trivec.aws-staging.swace.se\/fr\/ressources\/livre-blancs\/tendances-restauration\/\",\"name\":\"Tendances restauration 2023 - Trivec France\",\"isPartOf\":{\"@id\":\"https:\/\/trivec.aws-staging.swace.se\/fr\/#website\"},\"datePublished\":\"2021-11-10T14:31:54+00:00\",\"dateModified\":\"2023-02-15T16:39:50+00:00\",\"description\":\"Dans cet article, nous avons rassembl\u00e9 les 5 tendances de restauration les plus importantes qui vont d\u00e9finir 2023.\",\"breadcrumb\":{\"@id\":\"https:\/\/trivec.aws-staging.swace.se\/fr\/ressources\/livre-blancs\/tendances-restauration\/#breadcrumb\"},\"inLanguage\":\"fr-FR\",\"potentialAction\":[{\"@type\":\"ReadAction\",\"target\":[\"https:\/\/trivec.aws-staging.swace.se\/fr\/ressources\/livre-blancs\/tendances-restauration\/\"]}]},{\"@type\":\"BreadcrumbList\",\"@id\":\"https:\/\/trivec.aws-staging.swace.se\/fr\/ressources\/livre-blancs\/tendances-restauration\/#breadcrumb\",\"itemListElement\":[{\"@type\":\"ListItem\",\"position\":1,\"name\":\"Home\",\"item\":\"https:\/\/www.trivec.aws-staging.swace.se\/fr\/\"},{\"@type\":\"ListItem\",\"position\":2,\"name\":\"Ressources\",\"item\":\"https:\/\/www.trivec.aws-staging.swace.se\/fr\/ressources\/\"},{\"@type\":\"ListItem\",\"position\":3,\"name\":\"Livres blancs\",\"item\":\"https:\/\/www.trivec.aws-staging.swace.se\/fr\/ressources\/livre-blancs\/\"},{\"@type\":\"ListItem\",\"position\":4,\"name\":\"5 futures tendances dans la restauration qui vont d\u00e9finir 2023\"}]},{\"@type\":\"WebSite\",\"@id\":\"https:\/\/trivec.aws-staging.swace.se\/fr\/#website\",\"url\":\"https:\/\/trivec.aws-staging.swace.se\/fr\/\",\"name\":\"Trivec\",\"description\":\"Caisse Restaurant, Doseur \u00e9lectronique\",\"potentialAction\":[{\"@type\":\"SearchAction\",\"target\":{\"@type\":\"EntryPoint\",\"urlTemplate\":\"https:\/\/trivec.aws-staging.swace.se\/fr\/?s={search_term_string}\"},\"query-input\":{\"@type\":\"PropertyValueSpecification\",\"valueRequired\":true,\"valueName\":\"search_term_string\"}}],\"inLanguage\":\"fr-FR\"}]}<\/script>\n<!-- \/ Yoast SEO plugin. -->","yoast_head_json":{"title":"Tendances restauration 2023 - Trivec France","description":"Dans cet article, nous avons rassembl\u00e9 les 5 tendances de restauration les plus importantes qui vont d\u00e9finir 2023.","robots":{"index":"noindex","follow":"follow"},"og_locale":"fr_FR","og_type":"article","og_title":"Tendances restauration 2023 - Trivec France","og_description":"Dans cet article, nous avons rassembl\u00e9 les 5 tendances de restauration les plus importantes qui vont d\u00e9finir 2023.","og_url":"https:\/\/trivec.aws-staging.swace.se\/fr\/ressources\/livre-blancs\/tendances-restauration\/","og_site_name":"Trivec","article_modified_time":"2023-02-15T16:39:50+00:00","twitter_card":"summary_large_image","twitter_misc":{"Dur\u00e9e de lecture estim\u00e9e":"3 minutes"},"schema":{"@context":"https:\/\/schema.org","@graph":[{"@type":"WebPage","@id":"https:\/\/trivec.aws-staging.swace.se\/fr\/ressources\/livre-blancs\/tendances-restauration\/","url":"https:\/\/trivec.aws-staging.swace.se\/fr\/ressources\/livre-blancs\/tendances-restauration\/","name":"Tendances restauration 2023 - Trivec France","isPartOf":{"@id":"https:\/\/trivec.aws-staging.swace.se\/fr\/#website"},"datePublished":"2021-11-10T14:31:54+00:00","dateModified":"2023-02-15T16:39:50+00:00","description":"Dans cet article, nous avons rassembl\u00e9 les 5 tendances de restauration les plus importantes qui vont d\u00e9finir 2023.","breadcrumb":{"@id":"https:\/\/trivec.aws-staging.swace.se\/fr\/ressources\/livre-blancs\/tendances-restauration\/#breadcrumb"},"inLanguage":"fr-FR","potentialAction":[{"@type":"ReadAction","target":["https:\/\/trivec.aws-staging.swace.se\/fr\/ressources\/livre-blancs\/tendances-restauration\/"]}]},{"@type":"BreadcrumbList","@id":"https:\/\/trivec.aws-staging.swace.se\/fr\/ressources\/livre-blancs\/tendances-restauration\/#breadcrumb","itemListElement":[{"@type":"ListItem","position":1,"name":"Home","item":"https:\/\/www.trivec.aws-staging.swace.se\/fr\/"},{"@type":"ListItem","position":2,"name":"Ressources","item":"https:\/\/www.trivec.aws-staging.swace.se\/fr\/ressources\/"},{"@type":"ListItem","position":3,"name":"Livres blancs","item":"https:\/\/www.trivec.aws-staging.swace.se\/fr\/ressources\/livre-blancs\/"},{"@type":"ListItem","position":4,"name":"5 futures tendances dans la restauration qui vont d\u00e9finir 2023"}]},{"@type":"WebSite","@id":"https:\/\/trivec.aws-staging.swace.se\/fr\/#website","url":"https:\/\/trivec.aws-staging.swace.se\/fr\/","name":"Trivec","description":"Caisse Restaurant, Doseur \u00e9lectronique","potentialAction":[{"@type":"SearchAction","target":{"@type":"EntryPoint","urlTemplate":"https:\/\/trivec.aws-staging.swace.se\/fr\/?s={search_term_string}"},"query-input":{"@type":"PropertyValueSpecification","valueRequired":true,"valueName":"search_term_string"}}],"inLanguage":"fr-FR"}]}},"_links":{"self":[{"href":"https:\/\/trivec.aws-staging.swace.se\/fr\/wp-json\/wp\/v2\/pages\/21791","targetHints":{"allow":["GET"]}}],"collection":[{"href":"https:\/\/trivec.aws-staging.swace.se\/fr\/wp-json\/wp\/v2\/pages"}],"about":[{"href":"https:\/\/trivec.aws-staging.swace.se\/fr\/wp-json\/wp\/v2\/types\/page"}],"author":[{"embeddable":true,"href":"https:\/\/trivec.aws-staging.swace.se\/fr\/wp-json\/wp\/v2\/users\/2"}],"replies":[{"embeddable":true,"href":"https:\/\/trivec.aws-staging.swace.se\/fr\/wp-json\/wp\/v2\/comments?post=21791"}],"version-history":[{"count":33,"href":"https:\/\/trivec.aws-staging.swace.se\/fr\/wp-json\/wp\/v2\/pages\/21791\/revisions"}],"predecessor-version":[{"id":30955,"href":"https:\/\/trivec.aws-staging.swace.se\/fr\/wp-json\/wp\/v2\/pages\/21791\/revisions\/30955"}],"up":[{"embeddable":true,"href":"https:\/\/trivec.aws-staging.swace.se\/fr\/wp-json\/wp\/v2\/pages\/21280"}],"wp:attachment":[{"href":"https:\/\/trivec.aws-staging.swace.se\/fr\/wp-json\/wp\/v2\/media?parent=21791"}],"curies":[{"name":"wp","href":"https:\/\/api.w.org\/{rel}","templated":true}]}}