{"id":13435,"date":"2020-12-21T10:51:06","date_gmt":"2020-12-21T09:51:06","guid":{"rendered":"https:\/\/trivec.aws-staging.swace.se\/?page_id=13435"},"modified":"2023-03-20T11:33:48","modified_gmt":"2023-03-20T10:33:48","slug":"gestion-planning-restaurant","status":"publish","type":"page","link":"https:\/\/trivec.aws-staging.swace.se\/fr\/produits\/gestion-planning-restaurant\/","title":{"rendered":"Gestion de planning restaurant"},"content":{"rendered":"","protected":false},"excerpt":{"rendered":"","protected":false},"author":2,"featured_media":0,"parent":1026,"menu_order":0,"comment_status":"closed","ping_status":"closed","template":"","meta":{"_acf_changed":false,"content-type":"","footnotes":""},"class_list":["post-13435","page","type-page","status-publish","hentry"],"acf":[],"yoast_head":"<!-- This site is optimized with the Yoast SEO plugin v27.2 - https:\/\/yoast.com\/product\/yoast-seo-wordpress\/ -->\n<title>Gestion de planning restaurant - Trivec France<\/title>\n<meta name=\"description\" content=\"\u00c9conomisez du temps et de l&#039;argent gr\u00e2ce \u00e0 une gestion de planning restaurant. Obtenez un aper\u00e7u du personnel ! Convivial et fiable !\" \/>\n<meta name=\"robots\" content=\"noindex, follow\" \/>\n<meta property=\"og:locale\" content=\"fr_FR\" \/>\n<meta property=\"og:type\" content=\"article\" \/>\n<meta property=\"og:title\" content=\"Gestion de planning restaurant - Trivec France\" \/>\n<meta property=\"og:description\" content=\"\u00c9conomisez du temps et de l&#039;argent gr\u00e2ce \u00e0 une gestion de planning restaurant. Obtenez un aper\u00e7u du personnel ! Convivial et fiable !\" \/>\n<meta property=\"og:url\" content=\"https:\/\/trivec.aws-staging.swace.se\/fr\/produits\/gestion-planning-restaurant\/\" \/>\n<meta property=\"og:site_name\" content=\"Trivec\" \/>\n<meta property=\"article:modified_time\" content=\"2023-03-20T10:33:48+00:00\" \/>\n<meta name=\"twitter:card\" content=\"summary_large_image\" \/>\n<script type=\"application\/ld+json\" class=\"yoast-schema-graph\">{\"@context\":\"https:\/\/schema.org\",\"@graph\":[{\"@type\":\"WebPage\",\"@id\":\"https:\/\/trivec.aws-staging.swace.se\/fr\/produits\/gestion-planning-restaurant\/\",\"url\":\"https:\/\/trivec.aws-staging.swace.se\/fr\/produits\/gestion-planning-restaurant\/\",\"name\":\"Gestion de planning restaurant - Trivec France\",\"isPartOf\":{\"@id\":\"https:\/\/trivec.aws-staging.swace.se\/fr\/#website\"},\"datePublished\":\"2020-12-21T09:51:06+00:00\",\"dateModified\":\"2023-03-20T10:33:48+00:00\",\"description\":\"\u00c9conomisez du temps et de l'argent gr\u00e2ce \u00e0 une gestion de planning restaurant. Obtenez un aper\u00e7u du personnel ! Convivial et fiable !\",\"breadcrumb\":{\"@id\":\"https:\/\/trivec.aws-staging.swace.se\/fr\/produits\/gestion-planning-restaurant\/#breadcrumb\"},\"inLanguage\":\"fr-FR\",\"potentialAction\":[{\"@type\":\"ReadAction\",\"target\":[\"https:\/\/trivec.aws-staging.swace.se\/fr\/produits\/gestion-planning-restaurant\/\"]}]},{\"@type\":\"BreadcrumbList\",\"@id\":\"https:\/\/trivec.aws-staging.swace.se\/fr\/produits\/gestion-planning-restaurant\/#breadcrumb\",\"itemListElement\":[{\"@type\":\"ListItem\",\"position\":1,\"name\":\"Home\",\"item\":\"https:\/\/www.trivec.aws-staging.swace.se\/fr\/\"},{\"@type\":\"ListItem\",\"position\":2,\"name\":\"Produits\",\"item\":\"https:\/\/www.trivec.aws-staging.swace.se\/fr\/produits\/\"},{\"@type\":\"ListItem\",\"position\":3,\"name\":\"Gestion de planning restaurant\"}]},{\"@type\":\"WebSite\",\"@id\":\"https:\/\/trivec.aws-staging.swace.se\/fr\/#website\",\"url\":\"https:\/\/trivec.aws-staging.swace.se\/fr\/\",\"name\":\"Trivec\",\"description\":\"Caisse Restaurant, Doseur \u00e9lectronique\",\"potentialAction\":[{\"@type\":\"SearchAction\",\"target\":{\"@type\":\"EntryPoint\",\"urlTemplate\":\"https:\/\/trivec.aws-staging.swace.se\/fr\/?s={search_term_string}\"},\"query-input\":{\"@type\":\"PropertyValueSpecification\",\"valueRequired\":true,\"valueName\":\"search_term_string\"}}],\"inLanguage\":\"fr-FR\"}]}<\/script>\n<!-- \/ Yoast SEO plugin. -->","yoast_head_json":{"title":"Gestion de planning restaurant - Trivec France","description":"\u00c9conomisez du temps et de l'argent gr\u00e2ce \u00e0 une gestion de planning restaurant. Obtenez un aper\u00e7u du personnel ! Convivial et fiable !","robots":{"index":"noindex","follow":"follow"},"og_locale":"fr_FR","og_type":"article","og_title":"Gestion de planning restaurant - Trivec France","og_description":"\u00c9conomisez du temps et de l'argent gr\u00e2ce \u00e0 une gestion de planning restaurant. Obtenez un aper\u00e7u du personnel ! Convivial et fiable !","og_url":"https:\/\/trivec.aws-staging.swace.se\/fr\/produits\/gestion-planning-restaurant\/","og_site_name":"Trivec","article_modified_time":"2023-03-20T10:33:48+00:00","twitter_card":"summary_large_image","schema":{"@context":"https:\/\/schema.org","@graph":[{"@type":"WebPage","@id":"https:\/\/trivec.aws-staging.swace.se\/fr\/produits\/gestion-planning-restaurant\/","url":"https:\/\/trivec.aws-staging.swace.se\/fr\/produits\/gestion-planning-restaurant\/","name":"Gestion de planning restaurant - Trivec France","isPartOf":{"@id":"https:\/\/trivec.aws-staging.swace.se\/fr\/#website"},"datePublished":"2020-12-21T09:51:06+00:00","dateModified":"2023-03-20T10:33:48+00:00","description":"\u00c9conomisez du temps et de l'argent gr\u00e2ce \u00e0 une gestion de planning restaurant. Obtenez un aper\u00e7u du personnel ! Convivial et fiable !","breadcrumb":{"@id":"https:\/\/trivec.aws-staging.swace.se\/fr\/produits\/gestion-planning-restaurant\/#breadcrumb"},"inLanguage":"fr-FR","potentialAction":[{"@type":"ReadAction","target":["https:\/\/trivec.aws-staging.swace.se\/fr\/produits\/gestion-planning-restaurant\/"]}]},{"@type":"BreadcrumbList","@id":"https:\/\/trivec.aws-staging.swace.se\/fr\/produits\/gestion-planning-restaurant\/#breadcrumb","itemListElement":[{"@type":"ListItem","position":1,"name":"Home","item":"https:\/\/www.trivec.aws-staging.swace.se\/fr\/"},{"@type":"ListItem","position":2,"name":"Produits","item":"https:\/\/www.trivec.aws-staging.swace.se\/fr\/produits\/"},{"@type":"ListItem","position":3,"name":"Gestion de planning restaurant"}]},{"@type":"WebSite","@id":"https:\/\/trivec.aws-staging.swace.se\/fr\/#website","url":"https:\/\/trivec.aws-staging.swace.se\/fr\/","name":"Trivec","description":"Caisse Restaurant, Doseur \u00e9lectronique","potentialAction":[{"@type":"SearchAction","target":{"@type":"EntryPoint","urlTemplate":"https:\/\/trivec.aws-staging.swace.se\/fr\/?s={search_term_string}"},"query-input":{"@type":"PropertyValueSpecification","valueRequired":true,"valueName":"search_term_string"}}],"inLanguage":"fr-FR"}]}},"_links":{"self":[{"href":"https:\/\/trivec.aws-staging.swace.se\/fr\/wp-json\/wp\/v2\/pages\/13435","targetHints":{"allow":["GET"]}}],"collection":[{"href":"https:\/\/trivec.aws-staging.swace.se\/fr\/wp-json\/wp\/v2\/pages"}],"about":[{"href":"https:\/\/trivec.aws-staging.swace.se\/fr\/wp-json\/wp\/v2\/types\/page"}],"author":[{"embeddable":true,"href":"https:\/\/trivec.aws-staging.swace.se\/fr\/wp-json\/wp\/v2\/users\/2"}],"replies":[{"embeddable":true,"href":"https:\/\/trivec.aws-staging.swace.se\/fr\/wp-json\/wp\/v2\/comments?post=13435"}],"version-history":[{"count":23,"href":"https:\/\/trivec.aws-staging.swace.se\/fr\/wp-json\/wp\/v2\/pages\/13435\/revisions"}],"predecessor-version":[{"id":32361,"href":"https:\/\/trivec.aws-staging.swace.se\/fr\/wp-json\/wp\/v2\/pages\/13435\/revisions\/32361"}],"up":[{"embeddable":true,"href":"https:\/\/trivec.aws-staging.swace.se\/fr\/wp-json\/wp\/v2\/pages\/1026"}],"wp:attachment":[{"href":"https:\/\/trivec.aws-staging.swace.se\/fr\/wp-json\/wp\/v2\/media?parent=13435"}],"curies":[{"name":"wp","href":"https:\/\/api.w.org\/{rel}","templated":true}]}}