{"id":13347,"date":"2020-12-18T10:28:27","date_gmt":"2020-12-18T09:28:27","guid":{"rendered":"https:\/\/trivec.aws-staging.swace.se\/hotel-and-hotel-chains\/"},"modified":"2023-03-14T11:43:31","modified_gmt":"2023-03-14T10:43:31","slug":"lesindustries-hotels","status":"publish","type":"page","link":"https:\/\/trivec.aws-staging.swace.se\/fr\/lesindustries-hotels\/","title":{"rendered":"Caisse enregistreuse h\u00f4tel"},"content":{"rendered":"","protected":false},"excerpt":{"rendered":"","protected":false},"author":21,"featured_media":0,"parent":0,"menu_order":0,"comment_status":"closed","ping_status":"closed","template":"","meta":{"_acf_changed":false,"content-type":"","footnotes":""},"class_list":["post-13347","page","type-page","status-publish","hentry"],"acf":[],"yoast_head":"<!-- This site is optimized with the Yoast SEO plugin v27.2 - https:\/\/yoast.com\/product\/yoast-seo-wordpress\/ -->\n<title>Caisse enregistreuse h\u00f4tel - Trivec France<\/title>\n<meta name=\"description\" content=\"Int\u00e9grations simple entre la caisse enregistreuse h\u00f4tel et les syst\u00e8mes de gestion h\u00f4teli\u00e8re les plus populaires. Des paiements fiables !\" \/>\n<meta name=\"robots\" content=\"noindex, follow\" \/>\n<meta property=\"og:locale\" content=\"fr_FR\" \/>\n<meta property=\"og:type\" content=\"article\" \/>\n<meta property=\"og:title\" content=\"Caisse enregistreuse h\u00f4tel - Trivec France\" \/>\n<meta property=\"og:description\" content=\"Int\u00e9grations simple entre la caisse enregistreuse h\u00f4tel et les syst\u00e8mes de gestion h\u00f4teli\u00e8re les plus populaires. Des paiements fiables !\" \/>\n<meta property=\"og:url\" content=\"https:\/\/trivec.aws-staging.swace.se\/fr\/lesindustries-hotels\/\" \/>\n<meta property=\"og:site_name\" content=\"Trivec\" \/>\n<meta property=\"article:modified_time\" content=\"2023-03-14T10:43:31+00:00\" \/>\n<meta name=\"twitter:card\" content=\"summary_large_image\" \/>\n<script type=\"application\/ld+json\" class=\"yoast-schema-graph\">{\"@context\":\"https:\/\/schema.org\",\"@graph\":[{\"@type\":\"WebPage\",\"@id\":\"https:\/\/trivec.aws-staging.swace.se\/fr\/lesindustries-hotels\/\",\"url\":\"https:\/\/trivec.aws-staging.swace.se\/fr\/lesindustries-hotels\/\",\"name\":\"Caisse enregistreuse h\u00f4tel - Trivec France\",\"isPartOf\":{\"@id\":\"https:\/\/trivec.aws-staging.swace.se\/fr\/#website\"},\"datePublished\":\"2020-12-18T09:28:27+00:00\",\"dateModified\":\"2023-03-14T10:43:31+00:00\",\"description\":\"Int\u00e9grations simple entre la caisse enregistreuse h\u00f4tel et les syst\u00e8mes de gestion h\u00f4teli\u00e8re les plus populaires. Des paiements fiables !\",\"breadcrumb\":{\"@id\":\"https:\/\/trivec.aws-staging.swace.se\/fr\/lesindustries-hotels\/#breadcrumb\"},\"inLanguage\":\"fr-FR\",\"potentialAction\":[{\"@type\":\"ReadAction\",\"target\":[\"https:\/\/trivec.aws-staging.swace.se\/fr\/lesindustries-hotels\/\"]}]},{\"@type\":\"BreadcrumbList\",\"@id\":\"https:\/\/trivec.aws-staging.swace.se\/fr\/lesindustries-hotels\/#breadcrumb\",\"itemListElement\":[{\"@type\":\"ListItem\",\"position\":1,\"name\":\"Home\",\"item\":\"https:\/\/www.trivec.aws-staging.swace.se\/fr\/\"},{\"@type\":\"ListItem\",\"position\":2,\"name\":\"Caisse enregistreuse h\u00f4tel\"}]},{\"@type\":\"WebSite\",\"@id\":\"https:\/\/trivec.aws-staging.swace.se\/fr\/#website\",\"url\":\"https:\/\/trivec.aws-staging.swace.se\/fr\/\",\"name\":\"Trivec\",\"description\":\"Caisse Restaurant, Doseur \u00e9lectronique\",\"potentialAction\":[{\"@type\":\"SearchAction\",\"target\":{\"@type\":\"EntryPoint\",\"urlTemplate\":\"https:\/\/trivec.aws-staging.swace.se\/fr\/?s={search_term_string}\"},\"query-input\":{\"@type\":\"PropertyValueSpecification\",\"valueRequired\":true,\"valueName\":\"search_term_string\"}}],\"inLanguage\":\"fr-FR\"}]}<\/script>\n<!-- \/ Yoast SEO plugin. -->","yoast_head_json":{"title":"Caisse enregistreuse h\u00f4tel - Trivec France","description":"Int\u00e9grations simple entre la caisse enregistreuse h\u00f4tel et les syst\u00e8mes de gestion h\u00f4teli\u00e8re les plus populaires. Des paiements fiables !","robots":{"index":"noindex","follow":"follow"},"og_locale":"fr_FR","og_type":"article","og_title":"Caisse enregistreuse h\u00f4tel - Trivec France","og_description":"Int\u00e9grations simple entre la caisse enregistreuse h\u00f4tel et les syst\u00e8mes de gestion h\u00f4teli\u00e8re les plus populaires. Des paiements fiables !","og_url":"https:\/\/trivec.aws-staging.swace.se\/fr\/lesindustries-hotels\/","og_site_name":"Trivec","article_modified_time":"2023-03-14T10:43:31+00:00","twitter_card":"summary_large_image","schema":{"@context":"https:\/\/schema.org","@graph":[{"@type":"WebPage","@id":"https:\/\/trivec.aws-staging.swace.se\/fr\/lesindustries-hotels\/","url":"https:\/\/trivec.aws-staging.swace.se\/fr\/lesindustries-hotels\/","name":"Caisse enregistreuse h\u00f4tel - Trivec France","isPartOf":{"@id":"https:\/\/trivec.aws-staging.swace.se\/fr\/#website"},"datePublished":"2020-12-18T09:28:27+00:00","dateModified":"2023-03-14T10:43:31+00:00","description":"Int\u00e9grations simple entre la caisse enregistreuse h\u00f4tel et les syst\u00e8mes de gestion h\u00f4teli\u00e8re les plus populaires. Des paiements fiables !","breadcrumb":{"@id":"https:\/\/trivec.aws-staging.swace.se\/fr\/lesindustries-hotels\/#breadcrumb"},"inLanguage":"fr-FR","potentialAction":[{"@type":"ReadAction","target":["https:\/\/trivec.aws-staging.swace.se\/fr\/lesindustries-hotels\/"]}]},{"@type":"BreadcrumbList","@id":"https:\/\/trivec.aws-staging.swace.se\/fr\/lesindustries-hotels\/#breadcrumb","itemListElement":[{"@type":"ListItem","position":1,"name":"Home","item":"https:\/\/www.trivec.aws-staging.swace.se\/fr\/"},{"@type":"ListItem","position":2,"name":"Caisse enregistreuse h\u00f4tel"}]},{"@type":"WebSite","@id":"https:\/\/trivec.aws-staging.swace.se\/fr\/#website","url":"https:\/\/trivec.aws-staging.swace.se\/fr\/","name":"Trivec","description":"Caisse Restaurant, Doseur \u00e9lectronique","potentialAction":[{"@type":"SearchAction","target":{"@type":"EntryPoint","urlTemplate":"https:\/\/trivec.aws-staging.swace.se\/fr\/?s={search_term_string}"},"query-input":{"@type":"PropertyValueSpecification","valueRequired":true,"valueName":"search_term_string"}}],"inLanguage":"fr-FR"}]}},"_links":{"self":[{"href":"https:\/\/trivec.aws-staging.swace.se\/fr\/wp-json\/wp\/v2\/pages\/13347","targetHints":{"allow":["GET"]}}],"collection":[{"href":"https:\/\/trivec.aws-staging.swace.se\/fr\/wp-json\/wp\/v2\/pages"}],"about":[{"href":"https:\/\/trivec.aws-staging.swace.se\/fr\/wp-json\/wp\/v2\/types\/page"}],"author":[{"embeddable":true,"href":"https:\/\/trivec.aws-staging.swace.se\/fr\/wp-json\/wp\/v2\/users\/21"}],"replies":[{"embeddable":true,"href":"https:\/\/trivec.aws-staging.swace.se\/fr\/wp-json\/wp\/v2\/comments?post=13347"}],"version-history":[{"count":44,"href":"https:\/\/trivec.aws-staging.swace.se\/fr\/wp-json\/wp\/v2\/pages\/13347\/revisions"}],"predecessor-version":[{"id":32152,"href":"https:\/\/trivec.aws-staging.swace.se\/fr\/wp-json\/wp\/v2\/pages\/13347\/revisions\/32152"}],"wp:attachment":[{"href":"https:\/\/trivec.aws-staging.swace.se\/fr\/wp-json\/wp\/v2\/media?parent=13347"}],"curies":[{"name":"wp","href":"https:\/\/api.w.org\/{rel}","templated":true}]}}