{"id":12532,"date":"2020-11-13T10:41:18","date_gmt":"2020-11-13T09:41:18","guid":{"rendered":"https:\/\/trivec.aws-staging.swace.se\/?page_id=12532"},"modified":"2022-09-22T11:15:51","modified_gmt":"2022-09-22T09:15:51","slug":"la-rhumerie-paris","status":"publish","type":"page","link":"https:\/\/trivec.aws-staging.swace.se\/fr\/clients\/la-rhumerie-paris\/","title":{"rendered":"La Rhumerie Paris"},"content":{"rendered":"<div class=\"wpb-content-wrapper\"><p>[vc_row][vc_column][vc_story heading_text=\u00a0\u00bbLa Rhumerie Paris : Gagner en efficacit\u00e9 et en performance gr\u00e2ce \u00e0 TRIVEC Domino\u00a0\u00bb preamble=\u00a0\u00bbLa Rhumerie est un lieu embl\u00e9matique de Saint Germain des Pr\u00e9s, quartier mythique du 8\u00e8me arrondissement de Paris qui existe depuis 1932. Depuis plus de 15 ans, TRIVEC accompagne cette institution dans la gestion de ses commandes et de son syst\u00e8me de caisse. Une collaboration qui s\u2019est accentu\u00e9e il y a trois ans avec un passage sur l\u2019\u00e9volution des postes Domino, et notamment l\u2019utilisation de pods, qui permettent de prendre les commandes \u00e0 distance.<\/p>\n<p>Nous avons rencontr\u00e9 \u00c9ric Lafantin, g\u00e9rant de l\u2019\u00e9tablissement, pour qu\u2019il nous parle de son utilisation de Trivec Domino, et des avantages que cet outil repr\u00e9sente pour son restaurant.\u00a0\u00bb]<\/p>\n<h2><img loading=\"lazy\" decoding=\"async\" class=\"aligncenter wp-image-12537 size-full\" src=\"https:\/\/www.trivec.fr\/wp\/uploads\/2020\/11\/larhumerie-trivec.jpg\" alt=\"La Rhumerie\" width=\"1080\" height=\"1080\" srcset=\"https:\/\/trivec.aws-staging.swace.se\/wp\/uploads\/2020\/11\/larhumerie-trivec.jpg 1080w, https:\/\/trivec.aws-staging.swace.se\/wp\/uploads\/2020\/11\/larhumerie-trivec-300x300.jpg 300w, https:\/\/trivec.aws-staging.swace.se\/wp\/uploads\/2020\/11\/larhumerie-trivec-1024x1024.jpg 1024w, https:\/\/trivec.aws-staging.swace.se\/wp\/uploads\/2020\/11\/larhumerie-trivec-150x150.jpg 150w, https:\/\/trivec.aws-staging.swace.se\/wp\/uploads\/2020\/11\/larhumerie-trivec-768x768.jpg 768w\" sizes=\"auto, (max-width: 1080px) 100vw, 1080px\" \/><\/h2>\n<h2><\/h2>\n<h2>Domino\u00a0: un gain d\u2019\u00e9nergie pour toute l\u2019\u00e9quipe<\/h2>\n<p>La Rhumerie est \u00e9quip\u00e9e avec une caisse centrale qui fonctionne de la m\u00eame mani\u00e8re qu\u2019un ordinateur, et qui r\u00e9cup\u00e8re toutes les informations de chaque pod. Chaque serveur est \u00e9quip\u00e9 de son pod, et va pouvoir passer ses commandes, suivre ses tables, encaisser, faire ses s\u00e9parations de tables\u2026 Ils ont directement acc\u00e8s \u00e0 toutes les fonctions d\u2019une caisse, et peuvent donc limiter les aller-retours vers la caisse ou le point de vente.<\/p>\n<blockquote><p>\u00ab C\u2019est aussi et surtout le temps de travail qui est \u00e9conomis\u00e9. \u00bb<\/p><\/blockquote>\n<p>\u00ab Ce n\u2019est pas seulement une question de disponibilit\u00e9 du personnel pour les clients, qui est d\u00e9j\u00e0 tr\u00e8s importante. \u00bb, remarque \u00c9ric Lafantin,<\/p>\n<p>\u00ab C\u2019est aussi et surtout le temps de travail qui est \u00e9conomis\u00e9. On a un personnel beaucoup moins stress\u00e9 pendant le service. Et en plus ils \u00e9conomisent leur \u00e9nergie, ce qui leur pla\u00eet \u00e0 eux ! \u00bb.<\/p>\n<p>Le g\u00e9rant\u00a0 n\u2019oublie pas d\u2019adresser un mot \u00e0 ses confr\u00e8res du secteur de la restauration durant cette p\u00e9riode difficile.<\/p>\n<blockquote><p>\u00ab\u00a0Les temps sont tr\u00e8s tr\u00e8s durs. Il faut que tout le monde s\u2019entraide. Les restaurateurs ont commenc\u00e9 \u00e0 bouger et \u00e0 s\u2019entraider. J\u2019encourage tout le monde \u00e0 continuer \u00e0 le faire, et j\u2019esp\u00e8re que tout le monde va r\u00e9ussir \u00e0 sortir de l\u00e0 pour encha\u00eener en 2022 en pleine forme. Bon courage \u00e0 tous\u00a0!\u201d<\/p><\/blockquote>\n<p>[\/vc_story][\/vc_column][\/vc_row][vc_row][vc_column][vc_video link=\u00a0\u00bbhttps:\/\/vimeo.com\/478802642\/478802642&Prime;][\/vc_column][\/vc_row][vc_row][vc_column][vc_btn cta_text_color=\u00a0\u00bbwhite\u00a0\u00bb title=\u00a0\u00bbD\u00e9couvrez plus de cas clients ici\u00a0\u00bb align=\u00a0\u00bbcenter\u00a0\u00bb link=\u00a0\u00bburl:https%3A%2F%2Fwww.trivec.fr%2Fclients%2F|||\u00a0\u00bb][\/vc_column][\/vc_row]<\/p>\n<\/div>","protected":false},"excerpt":{"rendered":"<p>[vc_row][vc_column][vc_story heading_text=\u00a0\u00bbLa Rhumerie Paris : Gagner en efficacit\u00e9 et en performance gr\u00e2ce \u00e0 TRIVEC Domino\u00a0\u00bb preamble=\u00a0\u00bbLa Rhumerie est un lieu embl\u00e9matique de Saint Germain des Pr\u00e9s, quartier mythique du 8\u00e8me arrondissement de Paris qui existe depuis 1932. Depuis plus de 15 ans, TRIVEC accompagne cette institution dans la gestion de ses commandes et de son [&hellip;]<\/p>\n","protected":false},"author":18,"featured_media":12537,"parent":1098,"menu_order":0,"comment_status":"closed","ping_status":"closed","template":"","meta":{"_acf_changed":false,"content-type":"","footnotes":""},"class_list":["post-12532","page","type-page","status-publish","has-post-thumbnail","hentry"],"acf":[],"yoast_head":"<!-- This site is optimized with the Yoast SEO plugin v27.2 - https:\/\/yoast.com\/product\/yoast-seo-wordpress\/ -->\n<title>La Rhumerie - Trivec Systems France<\/title>\n<meta name=\"description\" content=\"Chaque serveur est \u00e9quip\u00e9 de son pod, et va pouvoir passer ses commandes, suivre ses tables, encaisser, faire ses s\u00e9parations de tables.\" \/>\n<meta name=\"robots\" content=\"noindex, follow\" \/>\n<meta property=\"og:locale\" content=\"fr_FR\" \/>\n<meta property=\"og:type\" content=\"article\" \/>\n<meta property=\"og:title\" content=\"La Rhumerie - Trivec Systems France\" \/>\n<meta property=\"og:description\" content=\"Chaque serveur est \u00e9quip\u00e9 de son pod, et va pouvoir passer ses commandes, suivre ses tables, encaisser, faire ses s\u00e9parations de tables.\" \/>\n<meta property=\"og:url\" content=\"https:\/\/trivec.aws-staging.swace.se\/fr\/clients\/la-rhumerie-paris\/\" \/>\n<meta property=\"og:site_name\" content=\"Trivec\" \/>\n<meta property=\"article:modified_time\" content=\"2022-09-22T09:15:51+00:00\" \/>\n<meta property=\"og:image\" content=\"https:\/\/trivec.aws-staging.swace.se\/wp\/uploads\/2020\/11\/larhumerie-trivec.jpg\" \/>\n\t<meta property=\"og:image:width\" content=\"1080\" \/>\n\t<meta property=\"og:image:height\" content=\"1080\" \/>\n\t<meta property=\"og:image:type\" content=\"image\/jpeg\" \/>\n<meta name=\"twitter:card\" content=\"summary_large_image\" \/>\n<meta name=\"twitter:label1\" content=\"Dur\u00e9e de lecture estim\u00e9e\" \/>\n\t<meta name=\"twitter:data1\" content=\"2 minutes\" \/>\n<script type=\"application\/ld+json\" class=\"yoast-schema-graph\">{\"@context\":\"https:\/\/schema.org\",\"@graph\":[{\"@type\":\"WebPage\",\"@id\":\"https:\/\/trivec.aws-staging.swace.se\/fr\/clients\/la-rhumerie-paris\/\",\"url\":\"https:\/\/trivec.aws-staging.swace.se\/fr\/clients\/la-rhumerie-paris\/\",\"name\":\"La Rhumerie - Trivec Systems France\",\"isPartOf\":{\"@id\":\"https:\/\/trivec.aws-staging.swace.se\/fr\/#website\"},\"primaryImageOfPage\":{\"@id\":\"https:\/\/trivec.aws-staging.swace.se\/fr\/clients\/la-rhumerie-paris\/#primaryimage\"},\"image\":{\"@id\":\"https:\/\/trivec.aws-staging.swace.se\/fr\/clients\/la-rhumerie-paris\/#primaryimage\"},\"thumbnailUrl\":\"https:\/\/trivec.aws-staging.swace.se\/wp\/uploads\/2020\/11\/larhumerie-trivec.jpg\",\"datePublished\":\"2020-11-13T09:41:18+00:00\",\"dateModified\":\"2022-09-22T09:15:51+00:00\",\"description\":\"Chaque serveur est \u00e9quip\u00e9 de son pod, et va pouvoir passer ses commandes, suivre ses tables, encaisser, faire ses s\u00e9parations de tables.\",\"breadcrumb\":{\"@id\":\"https:\/\/trivec.aws-staging.swace.se\/fr\/clients\/la-rhumerie-paris\/#breadcrumb\"},\"inLanguage\":\"fr-FR\",\"potentialAction\":[{\"@type\":\"ReadAction\",\"target\":[\"https:\/\/trivec.aws-staging.swace.se\/fr\/clients\/la-rhumerie-paris\/\"]}]},{\"@type\":\"ImageObject\",\"inLanguage\":\"fr-FR\",\"@id\":\"https:\/\/trivec.aws-staging.swace.se\/fr\/clients\/la-rhumerie-paris\/#primaryimage\",\"url\":\"https:\/\/trivec.aws-staging.swace.se\/wp\/uploads\/2020\/11\/larhumerie-trivec.jpg\",\"contentUrl\":\"https:\/\/trivec.aws-staging.swace.se\/wp\/uploads\/2020\/11\/larhumerie-trivec.jpg\",\"width\":1080,\"height\":1080},{\"@type\":\"BreadcrumbList\",\"@id\":\"https:\/\/trivec.aws-staging.swace.se\/fr\/clients\/la-rhumerie-paris\/#breadcrumb\",\"itemListElement\":[{\"@type\":\"ListItem\",\"position\":1,\"name\":\"Home\",\"item\":\"https:\/\/www.trivec.aws-staging.swace.se\/fr\/\"},{\"@type\":\"ListItem\",\"position\":2,\"name\":\"Clients\",\"item\":\"https:\/\/trivec.aws-staging.swace.se\/fr\/clients\/\"},{\"@type\":\"ListItem\",\"position\":3,\"name\":\"La Rhumerie Paris\"}]},{\"@type\":\"WebSite\",\"@id\":\"https:\/\/trivec.aws-staging.swace.se\/fr\/#website\",\"url\":\"https:\/\/trivec.aws-staging.swace.se\/fr\/\",\"name\":\"Trivec\",\"description\":\"Caisse Restaurant, Doseur \u00e9lectronique\",\"potentialAction\":[{\"@type\":\"SearchAction\",\"target\":{\"@type\":\"EntryPoint\",\"urlTemplate\":\"https:\/\/trivec.aws-staging.swace.se\/fr\/?s={search_term_string}\"},\"query-input\":{\"@type\":\"PropertyValueSpecification\",\"valueRequired\":true,\"valueName\":\"search_term_string\"}}],\"inLanguage\":\"fr-FR\"}]}<\/script>\n<!-- \/ Yoast SEO plugin. -->","yoast_head_json":{"title":"La Rhumerie - Trivec Systems France","description":"Chaque serveur est \u00e9quip\u00e9 de son pod, et va pouvoir passer ses commandes, suivre ses tables, encaisser, faire ses s\u00e9parations de tables.","robots":{"index":"noindex","follow":"follow"},"og_locale":"fr_FR","og_type":"article","og_title":"La Rhumerie - Trivec Systems France","og_description":"Chaque serveur est \u00e9quip\u00e9 de son pod, et va pouvoir passer ses commandes, suivre ses tables, encaisser, faire ses s\u00e9parations de tables.","og_url":"https:\/\/trivec.aws-staging.swace.se\/fr\/clients\/la-rhumerie-paris\/","og_site_name":"Trivec","article_modified_time":"2022-09-22T09:15:51+00:00","og_image":[{"width":1080,"height":1080,"url":"https:\/\/trivec.aws-staging.swace.se\/wp\/uploads\/2020\/11\/larhumerie-trivec.jpg","type":"image\/jpeg"}],"twitter_card":"summary_large_image","twitter_misc":{"Dur\u00e9e de lecture estim\u00e9e":"2 minutes"},"schema":{"@context":"https:\/\/schema.org","@graph":[{"@type":"WebPage","@id":"https:\/\/trivec.aws-staging.swace.se\/fr\/clients\/la-rhumerie-paris\/","url":"https:\/\/trivec.aws-staging.swace.se\/fr\/clients\/la-rhumerie-paris\/","name":"La Rhumerie - Trivec Systems France","isPartOf":{"@id":"https:\/\/trivec.aws-staging.swace.se\/fr\/#website"},"primaryImageOfPage":{"@id":"https:\/\/trivec.aws-staging.swace.se\/fr\/clients\/la-rhumerie-paris\/#primaryimage"},"image":{"@id":"https:\/\/trivec.aws-staging.swace.se\/fr\/clients\/la-rhumerie-paris\/#primaryimage"},"thumbnailUrl":"https:\/\/trivec.aws-staging.swace.se\/wp\/uploads\/2020\/11\/larhumerie-trivec.jpg","datePublished":"2020-11-13T09:41:18+00:00","dateModified":"2022-09-22T09:15:51+00:00","description":"Chaque serveur est \u00e9quip\u00e9 de son pod, et va pouvoir passer ses commandes, suivre ses tables, encaisser, faire ses s\u00e9parations de tables.","breadcrumb":{"@id":"https:\/\/trivec.aws-staging.swace.se\/fr\/clients\/la-rhumerie-paris\/#breadcrumb"},"inLanguage":"fr-FR","potentialAction":[{"@type":"ReadAction","target":["https:\/\/trivec.aws-staging.swace.se\/fr\/clients\/la-rhumerie-paris\/"]}]},{"@type":"ImageObject","inLanguage":"fr-FR","@id":"https:\/\/trivec.aws-staging.swace.se\/fr\/clients\/la-rhumerie-paris\/#primaryimage","url":"https:\/\/trivec.aws-staging.swace.se\/wp\/uploads\/2020\/11\/larhumerie-trivec.jpg","contentUrl":"https:\/\/trivec.aws-staging.swace.se\/wp\/uploads\/2020\/11\/larhumerie-trivec.jpg","width":1080,"height":1080},{"@type":"BreadcrumbList","@id":"https:\/\/trivec.aws-staging.swace.se\/fr\/clients\/la-rhumerie-paris\/#breadcrumb","itemListElement":[{"@type":"ListItem","position":1,"name":"Home","item":"https:\/\/www.trivec.aws-staging.swace.se\/fr\/"},{"@type":"ListItem","position":2,"name":"Clients","item":"https:\/\/trivec.aws-staging.swace.se\/fr\/clients\/"},{"@type":"ListItem","position":3,"name":"La Rhumerie Paris"}]},{"@type":"WebSite","@id":"https:\/\/trivec.aws-staging.swace.se\/fr\/#website","url":"https:\/\/trivec.aws-staging.swace.se\/fr\/","name":"Trivec","description":"Caisse Restaurant, Doseur \u00e9lectronique","potentialAction":[{"@type":"SearchAction","target":{"@type":"EntryPoint","urlTemplate":"https:\/\/trivec.aws-staging.swace.se\/fr\/?s={search_term_string}"},"query-input":{"@type":"PropertyValueSpecification","valueRequired":true,"valueName":"search_term_string"}}],"inLanguage":"fr-FR"}]}},"_links":{"self":[{"href":"https:\/\/trivec.aws-staging.swace.se\/fr\/wp-json\/wp\/v2\/pages\/12532","targetHints":{"allow":["GET"]}}],"collection":[{"href":"https:\/\/trivec.aws-staging.swace.se\/fr\/wp-json\/wp\/v2\/pages"}],"about":[{"href":"https:\/\/trivec.aws-staging.swace.se\/fr\/wp-json\/wp\/v2\/types\/page"}],"author":[{"embeddable":true,"href":"https:\/\/trivec.aws-staging.swace.se\/fr\/wp-json\/wp\/v2\/users\/18"}],"replies":[{"embeddable":true,"href":"https:\/\/trivec.aws-staging.swace.se\/fr\/wp-json\/wp\/v2\/comments?post=12532"}],"version-history":[{"count":8,"href":"https:\/\/trivec.aws-staging.swace.se\/fr\/wp-json\/wp\/v2\/pages\/12532\/revisions"}],"predecessor-version":[{"id":27980,"href":"https:\/\/trivec.aws-staging.swace.se\/fr\/wp-json\/wp\/v2\/pages\/12532\/revisions\/27980"}],"up":[{"embeddable":true,"href":"https:\/\/trivec.aws-staging.swace.se\/fr\/wp-json\/wp\/v2\/pages\/1098"}],"wp:featuredmedia":[{"embeddable":true,"href":"https:\/\/trivec.aws-staging.swace.se\/fr\/wp-json\/wp\/v2\/media\/12537"}],"wp:attachment":[{"href":"https:\/\/trivec.aws-staging.swace.se\/fr\/wp-json\/wp\/v2\/media?parent=12532"}],"curies":[{"name":"wp","href":"https:\/\/api.w.org\/{rel}","templated":true}]}}