{"id":1126,"date":"2018-12-11T15:27:05","date_gmt":"2018-12-11T15:27:05","guid":{"rendered":"https:\/\/www.trivec.se\/formular\/kontakta-mig-integrationer\/"},"modified":"2021-09-27T10:22:28","modified_gmt":"2021-09-27T08:22:28","slug":"contact-services-supplementaires","status":"publish","type":"page","link":"https:\/\/trivec.aws-staging.swace.se\/fr\/contact-services-supplementaires\/","title":{"rendered":"Services suppl\u00e9mentaires"},"content":{"rendered":"<div class=\"wpb-content-wrapper\"><p>[vc_row use_background_image=\u00a0\u00bbyes\u00a0\u00bb vertical_align_center=\u00a0\u00bbyes\u00a0\u00bb][vc_column width=\u00a0\u00bb1\/2&Prime;][vc_headline icon=\u00a0\u00bb\u00a0\u00bb]Je veux en savoir plus[\/vc_headline][vc_column_text]Lorsque vous aurez inscrit vos coordonn\u00e9es, vous serez contact\u00e9s par un expert de Trivec qui vous en dira plus sur nos int\u00e9grations et services suppl\u00e9mentaires.[\/vc_column_text][vc_column_text]\n\t\t\t\t\t\t<script>\n\t\t\t\t\t\t\twindow.hsFormsOnReady = window.hsFormsOnReady || [];\n\t\t\t\t\t\t\twindow.hsFormsOnReady.push(()=>{\n\t\t\t\t\t\t\t\thbspt.forms.create({\n\t\t\t\t\t\t\t\t\tportalId: 4620018,\n\t\t\t\t\t\t\t\t\tformId: \"1f3cb980-135f-4241-bc5f-81d75c52d47a\",\n\t\t\t\t\t\t\t\t\ttarget: \"#hbspt-form-1775870479000-3902893066\",\n\t\t\t\t\t\t\t\t\tregion: \"\",\n\t\t\t\t\t\t\t\t\t\n\t\t\t\t\t\t\t})});\n\t\t\t\t\t\t<\/script>\n\t\t\t\t\t\t<div class=\"hbspt-form\" id=\"hbspt-form-1775870479000-3902893066\"><\/div>[\/vc_column_text][\/vc_column][vc_column width=\u00a0\u00bb1\/2&Prime;][vc_single_image image=\u00a0\u00bb19938&Prime;][\/vc_column][\/vc_row]<\/p>\n<\/div>","protected":false},"excerpt":{"rendered":"<p>[vc_row use_background_image=\u00a0\u00bbyes\u00a0\u00bb vertical_align_center=\u00a0\u00bbyes\u00a0\u00bb][vc_column width=\u00a0\u00bb1\/2&Prime;][vc_headline icon=\u00a0\u00bb\u00a0\u00bb]Je veux en savoir plus[\/vc_headline][vc_column_text]Lorsque vous aurez inscrit vos coordonn\u00e9es, vous serez contact\u00e9s par un expert de Trivec qui vous en dira plus sur nos int\u00e9grations et services suppl\u00e9mentaires.[\/vc_column_text][vc_column_text][\/vc_column_text][\/vc_column][vc_column width=\u00a0\u00bb1\/2&Prime;][vc_single_image image=\u00a0\u00bb19938&Prime;][\/vc_column][\/vc_row]<\/p>\n","protected":false},"author":1,"featured_media":0,"parent":0,"menu_order":3,"comment_status":"closed","ping_status":"closed","template":"","meta":{"_acf_changed":false,"content-type":"","footnotes":""},"class_list":["post-1126","page","type-page","status-publish","hentry"],"acf":[],"yoast_head":"<!-- This site is optimized with the Yoast SEO plugin v27.2 - https:\/\/yoast.com\/product\/yoast-seo-wordpress\/ -->\n<title>Service supplementaires - L\u00b4int\u00e9grations - Trivec System<\/title>\n<meta name=\"description\" content=\"Envie d&#039;en savoir plus et d&#039;\u00eatre contact\u00e9 par l&#039;un de nos experts Trivec. Remplissez ici vos coordonn\u00e9es et nous vous contacterons d\u00e9s que possible.\" \/>\n<meta name=\"robots\" content=\"noindex, follow\" \/>\n<meta property=\"og:locale\" content=\"fr_FR\" \/>\n<meta property=\"og:type\" content=\"article\" \/>\n<meta property=\"og:title\" content=\"Service supplementaires - L\u00b4int\u00e9grations - Trivec System\" \/>\n<meta property=\"og:description\" content=\"Envie d&#039;en savoir plus et d&#039;\u00eatre contact\u00e9 par l&#039;un de nos experts Trivec. Remplissez ici vos coordonn\u00e9es et nous vous contacterons d\u00e9s que possible.\" \/>\n<meta property=\"og:url\" content=\"https:\/\/trivec.aws-staging.swace.se\/fr\/contact-services-supplementaires\/\" \/>\n<meta property=\"og:site_name\" content=\"Trivec\" \/>\n<meta property=\"article:modified_time\" content=\"2021-09-27T08:22:28+00:00\" \/>\n<meta name=\"twitter:card\" content=\"summary_large_image\" \/>\n<meta name=\"twitter:label1\" content=\"Dur\u00e9e de lecture estim\u00e9e\" \/>\n\t<meta name=\"twitter:data1\" content=\"1 minute\" \/>\n<script type=\"application\/ld+json\" class=\"yoast-schema-graph\">{\"@context\":\"https:\/\/schema.org\",\"@graph\":[{\"@type\":\"WebPage\",\"@id\":\"https:\/\/trivec.aws-staging.swace.se\/fr\/contact-services-supplementaires\/\",\"url\":\"https:\/\/trivec.aws-staging.swace.se\/fr\/contact-services-supplementaires\/\",\"name\":\"Service supplementaires - L\u00b4int\u00e9grations - Trivec System\",\"isPartOf\":{\"@id\":\"https:\/\/trivec.aws-staging.swace.se\/fr\/#website\"},\"datePublished\":\"2018-12-11T15:27:05+00:00\",\"dateModified\":\"2021-09-27T08:22:28+00:00\",\"description\":\"Envie d'en savoir plus et d'\u00eatre contact\u00e9 par l'un de nos experts Trivec. Remplissez ici vos coordonn\u00e9es et nous vous contacterons d\u00e9s que possible.\",\"breadcrumb\":{\"@id\":\"https:\/\/trivec.aws-staging.swace.se\/fr\/contact-services-supplementaires\/#breadcrumb\"},\"inLanguage\":\"fr-FR\",\"potentialAction\":[{\"@type\":\"ReadAction\",\"target\":[\"https:\/\/trivec.aws-staging.swace.se\/fr\/contact-services-supplementaires\/\"]}]},{\"@type\":\"BreadcrumbList\",\"@id\":\"https:\/\/trivec.aws-staging.swace.se\/fr\/contact-services-supplementaires\/#breadcrumb\",\"itemListElement\":[{\"@type\":\"ListItem\",\"position\":1,\"name\":\"Home\",\"item\":\"https:\/\/www.trivec.aws-staging.swace.se\/fr\/\"},{\"@type\":\"ListItem\",\"position\":2,\"name\":\"Services suppl\u00e9mentaires\"}]},{\"@type\":\"WebSite\",\"@id\":\"https:\/\/trivec.aws-staging.swace.se\/fr\/#website\",\"url\":\"https:\/\/trivec.aws-staging.swace.se\/fr\/\",\"name\":\"Trivec\",\"description\":\"Caisse Restaurant, Doseur \u00e9lectronique\",\"potentialAction\":[{\"@type\":\"SearchAction\",\"target\":{\"@type\":\"EntryPoint\",\"urlTemplate\":\"https:\/\/trivec.aws-staging.swace.se\/fr\/?s={search_term_string}\"},\"query-input\":{\"@type\":\"PropertyValueSpecification\",\"valueRequired\":true,\"valueName\":\"search_term_string\"}}],\"inLanguage\":\"fr-FR\"}]}<\/script>\n<!-- \/ Yoast SEO plugin. -->","yoast_head_json":{"title":"Service supplementaires - L\u00b4int\u00e9grations - Trivec System","description":"Envie d'en savoir plus et d'\u00eatre contact\u00e9 par l'un de nos experts Trivec. Remplissez ici vos coordonn\u00e9es et nous vous contacterons d\u00e9s que possible.","robots":{"index":"noindex","follow":"follow"},"og_locale":"fr_FR","og_type":"article","og_title":"Service supplementaires - L\u00b4int\u00e9grations - Trivec System","og_description":"Envie d'en savoir plus et d'\u00eatre contact\u00e9 par l'un de nos experts Trivec. Remplissez ici vos coordonn\u00e9es et nous vous contacterons d\u00e9s que possible.","og_url":"https:\/\/trivec.aws-staging.swace.se\/fr\/contact-services-supplementaires\/","og_site_name":"Trivec","article_modified_time":"2021-09-27T08:22:28+00:00","twitter_card":"summary_large_image","twitter_misc":{"Dur\u00e9e de lecture estim\u00e9e":"1 minute"},"schema":{"@context":"https:\/\/schema.org","@graph":[{"@type":"WebPage","@id":"https:\/\/trivec.aws-staging.swace.se\/fr\/contact-services-supplementaires\/","url":"https:\/\/trivec.aws-staging.swace.se\/fr\/contact-services-supplementaires\/","name":"Service supplementaires - L\u00b4int\u00e9grations - Trivec System","isPartOf":{"@id":"https:\/\/trivec.aws-staging.swace.se\/fr\/#website"},"datePublished":"2018-12-11T15:27:05+00:00","dateModified":"2021-09-27T08:22:28+00:00","description":"Envie d'en savoir plus et d'\u00eatre contact\u00e9 par l'un de nos experts Trivec. Remplissez ici vos coordonn\u00e9es et nous vous contacterons d\u00e9s que possible.","breadcrumb":{"@id":"https:\/\/trivec.aws-staging.swace.se\/fr\/contact-services-supplementaires\/#breadcrumb"},"inLanguage":"fr-FR","potentialAction":[{"@type":"ReadAction","target":["https:\/\/trivec.aws-staging.swace.se\/fr\/contact-services-supplementaires\/"]}]},{"@type":"BreadcrumbList","@id":"https:\/\/trivec.aws-staging.swace.se\/fr\/contact-services-supplementaires\/#breadcrumb","itemListElement":[{"@type":"ListItem","position":1,"name":"Home","item":"https:\/\/www.trivec.aws-staging.swace.se\/fr\/"},{"@type":"ListItem","position":2,"name":"Services suppl\u00e9mentaires"}]},{"@type":"WebSite","@id":"https:\/\/trivec.aws-staging.swace.se\/fr\/#website","url":"https:\/\/trivec.aws-staging.swace.se\/fr\/","name":"Trivec","description":"Caisse Restaurant, Doseur \u00e9lectronique","potentialAction":[{"@type":"SearchAction","target":{"@type":"EntryPoint","urlTemplate":"https:\/\/trivec.aws-staging.swace.se\/fr\/?s={search_term_string}"},"query-input":{"@type":"PropertyValueSpecification","valueRequired":true,"valueName":"search_term_string"}}],"inLanguage":"fr-FR"}]}},"_links":{"self":[{"href":"https:\/\/trivec.aws-staging.swace.se\/fr\/wp-json\/wp\/v2\/pages\/1126","targetHints":{"allow":["GET"]}}],"collection":[{"href":"https:\/\/trivec.aws-staging.swace.se\/fr\/wp-json\/wp\/v2\/pages"}],"about":[{"href":"https:\/\/trivec.aws-staging.swace.se\/fr\/wp-json\/wp\/v2\/types\/page"}],"author":[{"embeddable":true,"href":"https:\/\/trivec.aws-staging.swace.se\/fr\/wp-json\/wp\/v2\/users\/1"}],"replies":[{"embeddable":true,"href":"https:\/\/trivec.aws-staging.swace.se\/fr\/wp-json\/wp\/v2\/comments?post=1126"}],"version-history":[{"count":6,"href":"https:\/\/trivec.aws-staging.swace.se\/fr\/wp-json\/wp\/v2\/pages\/1126\/revisions"}],"predecessor-version":[{"id":20083,"href":"https:\/\/trivec.aws-staging.swace.se\/fr\/wp-json\/wp\/v2\/pages\/1126\/revisions\/20083"}],"wp:attachment":[{"href":"https:\/\/trivec.aws-staging.swace.se\/fr\/wp-json\/wp\/v2\/media?parent=1126"}],"curies":[{"name":"wp","href":"https:\/\/api.w.org\/{rel}","templated":true}]}}