{"id":1106,"date":"2018-12-07T07:49:46","date_gmt":"2018-12-07T07:49:46","guid":{"rendered":"https:\/\/www.trivec.se\/login\/"},"modified":"2021-05-19T13:21:06","modified_gmt":"2021-05-19T11:21:06","slug":"mytrivec","status":"publish","type":"page","link":"https:\/\/trivec.aws-staging.swace.se\/fr\/mytrivec\/","title":{"rendered":"MyTrivec"},"content":{"rendered":"<div class=\"wpb-content-wrapper\"><p>[vc_row use_background_image=\u00a0\u00bbyes\u00a0\u00bb vertical_align_center=\u00a0\u00bbyes\u00a0\u00bb][vc_column width=\u00a0\u00bb1\/2&Prime;][vc_single_image image=\u00a0\u00bb822&Prime;][\/vc_column][vc_column width=\u00a0\u00bb1\/2&Prime;][vc_headline icon=\u00a0\u00bb\u00a0\u00bb]MyTrivec[\/vc_headline][vc_column_text]Avec notre service en ligne MyTrivec, vous avez un acc\u00e8s direct \u00e0 toutes les donn\u00e9es pertinentes relatives \u00e0 votre restaurant dans un tableau de bord facile \u00e0 utiliser. Vous voyez vos chiffres de ventes en temps r\u00e9el et pouvez facilement obtenir des rapports personnalis\u00e9s. Peu importe o\u00f9 vous vous trouvez, vous contr\u00f4lez votre restaurant. Vous pouvez \u00e9galement ajouter des extensions \u00e0 MyTrivec en fonction de vos besoins. La version basique du service est gratuite.<\/p>\n<p>Commencez d\u00e8s aujourd\u2019hui en cr\u00e9ant un compte ou connectez-vous \u00e0 votre compte existant![\/vc_column_text][vc_btn cta_text_color=\u00a0\u00bbwhite\u00a0\u00bb title=\u00a0\u00bbMyTrivec\u00a0\u00bb link=\u00a0\u00bburl:https%3A%2F%2Fmytrivec.com%2Flogin|||\u00a0\u00bb][\/vc_column][\/vc_row]<\/p>\n<\/div>","protected":false},"excerpt":{"rendered":"<p>[vc_row use_background_image=\u00a0\u00bbyes\u00a0\u00bb vertical_align_center=\u00a0\u00bbyes\u00a0\u00bb][vc_column width=\u00a0\u00bb1\/2&Prime;][vc_single_image image=\u00a0\u00bb822&Prime;][\/vc_column][vc_column width=\u00a0\u00bb1\/2&Prime;][vc_headline icon=\u00a0\u00bb\u00a0\u00bb]MyTrivec[\/vc_headline][vc_column_text]Avec notre service en ligne MyTrivec, vous avez un acc\u00e8s direct \u00e0 toutes les donn\u00e9es pertinentes relatives \u00e0 votre restaurant dans un tableau de bord facile \u00e0 utiliser. Vous voyez vos chiffres de ventes en temps r\u00e9el et pouvez facilement obtenir des rapports personnalis\u00e9s. Peu importe o\u00f9 vous vous [&hellip;]<\/p>\n","protected":false},"author":1,"featured_media":0,"parent":0,"menu_order":14,"comment_status":"closed","ping_status":"closed","template":"","meta":{"_acf_changed":false,"content-type":"","footnotes":""},"class_list":["post-1106","page","type-page","status-publish","hentry"],"acf":[],"yoast_head":"<!-- This site is optimized with the Yoast SEO plugin v27.2 - https:\/\/yoast.com\/product\/yoast-seo-wordpress\/ -->\n<title>MyTrivec - Trivec<\/title>\n<meta name=\"description\" content=\"Avec notre service en ligne MyTrivec, vous avez un acc\u00e8s direct \u00e0 toutes les donn\u00e9es pertinentes relatives \u00e0 votre restaurant dans un tableau de bord...\" \/>\n<meta name=\"robots\" content=\"noindex, follow\" \/>\n<meta property=\"og:locale\" content=\"fr_FR\" \/>\n<meta property=\"og:type\" content=\"article\" \/>\n<meta property=\"og:title\" content=\"MyTrivec - Trivec\" \/>\n<meta property=\"og:description\" content=\"Avec notre service en ligne MyTrivec, vous avez un acc\u00e8s direct \u00e0 toutes les donn\u00e9es pertinentes relatives \u00e0 votre restaurant dans un tableau de bord...\" \/>\n<meta property=\"og:url\" content=\"https:\/\/trivec.aws-staging.swace.se\/fr\/mytrivec\/\" \/>\n<meta property=\"og:site_name\" content=\"Trivec\" \/>\n<meta property=\"article:modified_time\" content=\"2021-05-19T11:21:06+00:00\" \/>\n<meta name=\"twitter:card\" content=\"summary_large_image\" \/>\n<meta name=\"twitter:label1\" content=\"Dur\u00e9e de lecture estim\u00e9e\" \/>\n\t<meta name=\"twitter:data1\" content=\"1 minute\" \/>\n<script type=\"application\/ld+json\" class=\"yoast-schema-graph\">{\"@context\":\"https:\/\/schema.org\",\"@graph\":[{\"@type\":\"WebPage\",\"@id\":\"https:\/\/trivec.aws-staging.swace.se\/fr\/mytrivec\/\",\"url\":\"https:\/\/trivec.aws-staging.swace.se\/fr\/mytrivec\/\",\"name\":\"MyTrivec - Trivec\",\"isPartOf\":{\"@id\":\"https:\/\/trivec.aws-staging.swace.se\/fr\/#website\"},\"datePublished\":\"2018-12-07T07:49:46+00:00\",\"dateModified\":\"2021-05-19T11:21:06+00:00\",\"description\":\"Avec notre service en ligne MyTrivec, vous avez un acc\u00e8s direct \u00e0 toutes les donn\u00e9es pertinentes relatives \u00e0 votre restaurant dans un tableau de bord...\",\"breadcrumb\":{\"@id\":\"https:\/\/trivec.aws-staging.swace.se\/fr\/mytrivec\/#breadcrumb\"},\"inLanguage\":\"fr-FR\",\"potentialAction\":[{\"@type\":\"ReadAction\",\"target\":[\"https:\/\/trivec.aws-staging.swace.se\/fr\/mytrivec\/\"]}]},{\"@type\":\"BreadcrumbList\",\"@id\":\"https:\/\/trivec.aws-staging.swace.se\/fr\/mytrivec\/#breadcrumb\",\"itemListElement\":[{\"@type\":\"ListItem\",\"position\":1,\"name\":\"Home\",\"item\":\"https:\/\/www.trivec.aws-staging.swace.se\/fr\/\"},{\"@type\":\"ListItem\",\"position\":2,\"name\":\"MyTrivec\"}]},{\"@type\":\"WebSite\",\"@id\":\"https:\/\/trivec.aws-staging.swace.se\/fr\/#website\",\"url\":\"https:\/\/trivec.aws-staging.swace.se\/fr\/\",\"name\":\"Trivec\",\"description\":\"Caisse Restaurant, Doseur \u00e9lectronique\",\"potentialAction\":[{\"@type\":\"SearchAction\",\"target\":{\"@type\":\"EntryPoint\",\"urlTemplate\":\"https:\/\/trivec.aws-staging.swace.se\/fr\/?s={search_term_string}\"},\"query-input\":{\"@type\":\"PropertyValueSpecification\",\"valueRequired\":true,\"valueName\":\"search_term_string\"}}],\"inLanguage\":\"fr-FR\"}]}<\/script>\n<!-- \/ Yoast SEO plugin. -->","yoast_head_json":{"title":"MyTrivec - Trivec","description":"Avec notre service en ligne MyTrivec, vous avez un acc\u00e8s direct \u00e0 toutes les donn\u00e9es pertinentes relatives \u00e0 votre restaurant dans un tableau de bord...","robots":{"index":"noindex","follow":"follow"},"og_locale":"fr_FR","og_type":"article","og_title":"MyTrivec - Trivec","og_description":"Avec notre service en ligne MyTrivec, vous avez un acc\u00e8s direct \u00e0 toutes les donn\u00e9es pertinentes relatives \u00e0 votre restaurant dans un tableau de bord...","og_url":"https:\/\/trivec.aws-staging.swace.se\/fr\/mytrivec\/","og_site_name":"Trivec","article_modified_time":"2021-05-19T11:21:06+00:00","twitter_card":"summary_large_image","twitter_misc":{"Dur\u00e9e de lecture estim\u00e9e":"1 minute"},"schema":{"@context":"https:\/\/schema.org","@graph":[{"@type":"WebPage","@id":"https:\/\/trivec.aws-staging.swace.se\/fr\/mytrivec\/","url":"https:\/\/trivec.aws-staging.swace.se\/fr\/mytrivec\/","name":"MyTrivec - Trivec","isPartOf":{"@id":"https:\/\/trivec.aws-staging.swace.se\/fr\/#website"},"datePublished":"2018-12-07T07:49:46+00:00","dateModified":"2021-05-19T11:21:06+00:00","description":"Avec notre service en ligne MyTrivec, vous avez un acc\u00e8s direct \u00e0 toutes les donn\u00e9es pertinentes relatives \u00e0 votre restaurant dans un tableau de bord...","breadcrumb":{"@id":"https:\/\/trivec.aws-staging.swace.se\/fr\/mytrivec\/#breadcrumb"},"inLanguage":"fr-FR","potentialAction":[{"@type":"ReadAction","target":["https:\/\/trivec.aws-staging.swace.se\/fr\/mytrivec\/"]}]},{"@type":"BreadcrumbList","@id":"https:\/\/trivec.aws-staging.swace.se\/fr\/mytrivec\/#breadcrumb","itemListElement":[{"@type":"ListItem","position":1,"name":"Home","item":"https:\/\/www.trivec.aws-staging.swace.se\/fr\/"},{"@type":"ListItem","position":2,"name":"MyTrivec"}]},{"@type":"WebSite","@id":"https:\/\/trivec.aws-staging.swace.se\/fr\/#website","url":"https:\/\/trivec.aws-staging.swace.se\/fr\/","name":"Trivec","description":"Caisse Restaurant, Doseur \u00e9lectronique","potentialAction":[{"@type":"SearchAction","target":{"@type":"EntryPoint","urlTemplate":"https:\/\/trivec.aws-staging.swace.se\/fr\/?s={search_term_string}"},"query-input":{"@type":"PropertyValueSpecification","valueRequired":true,"valueName":"search_term_string"}}],"inLanguage":"fr-FR"}]}},"_links":{"self":[{"href":"https:\/\/trivec.aws-staging.swace.se\/fr\/wp-json\/wp\/v2\/pages\/1106","targetHints":{"allow":["GET"]}}],"collection":[{"href":"https:\/\/trivec.aws-staging.swace.se\/fr\/wp-json\/wp\/v2\/pages"}],"about":[{"href":"https:\/\/trivec.aws-staging.swace.se\/fr\/wp-json\/wp\/v2\/types\/page"}],"author":[{"embeddable":true,"href":"https:\/\/trivec.aws-staging.swace.se\/fr\/wp-json\/wp\/v2\/users\/1"}],"replies":[{"embeddable":true,"href":"https:\/\/trivec.aws-staging.swace.se\/fr\/wp-json\/wp\/v2\/comments?post=1106"}],"version-history":[{"count":10,"href":"https:\/\/trivec.aws-staging.swace.se\/fr\/wp-json\/wp\/v2\/pages\/1106\/revisions"}],"predecessor-version":[{"id":17341,"href":"https:\/\/trivec.aws-staging.swace.se\/fr\/wp-json\/wp\/v2\/pages\/1106\/revisions\/17341"}],"wp:attachment":[{"href":"https:\/\/trivec.aws-staging.swace.se\/fr\/wp-json\/wp\/v2\/media?parent=1106"}],"curies":[{"name":"wp","href":"https:\/\/api.w.org\/{rel}","templated":true}]}}