{"id":1024,"date":"2018-11-13T08:41:26","date_gmt":"2018-11-13T08:41:26","guid":{"rendered":"https:\/\/www.trivec.se\/startsida\/"},"modified":"2024-05-13T08:45:32","modified_gmt":"2024-05-13T06:45:32","slug":"startsida","status":"publish","type":"page","link":"https:\/\/trivec.aws-staging.swace.se\/fr\/","title":{"rendered":"Trivec Systems"},"content":{"rendered":"<div class=\"wpb-content-wrapper\"><p>[vc_row][vc_column][vc_headline_module headline_xl=\u00a0\u00bb8000 clients en Europe\u00a0\u00bb][vc_row_inner][vc_column_inner width=\u00a0\u00bb1\/6&Prime;][vc_single_image image=\u00a0\u00bb2712&Prime; alignment=\u00a0\u00bbcenter\u00a0\u00bb][\/vc_column_inner][vc_column_inner width=\u00a0\u00bb1\/6&Prime;][vc_single_image image=\u00a0\u00bb2772&Prime; alignment=\u00a0\u00bbcenter\u00a0\u00bb][\/vc_column_inner][vc_column_inner width=\u00a0\u00bb1\/6&Prime;][vc_single_image image=\u00a0\u00bb2841&Prime; alignment=\u00a0\u00bbcenter\u00a0\u00bb][\/vc_column_inner][vc_column_inner width=\u00a0\u00bb1\/6&Prime;][vc_single_image image=\u00a0\u00bb2695&Prime; alignment=\u00a0\u00bbcenter\u00a0\u00bb][\/vc_column_inner][vc_column_inner width=\u00a0\u00bb1\/6&Prime;][vc_single_image image=\u00a0\u00bb11968&Prime; alignment=\u00a0\u00bbcenter\u00a0\u00bb][\/vc_column_inner][vc_column_inner width=\u00a0\u00bb1\/6&Prime;][vc_single_image image=\u00a0\u00bb2716&Prime; alignment=\u00a0\u00bbcenter\u00a0\u00bb][\/vc_column_inner][\/vc_row_inner][\/vc_column][\/vc_row][vc_row padding_top=\u00a0\u00bbmedium\u00a0\u00bb][vc_column][vc_grid_columns headline_xl=\u00a0\u00bbPourquoi les restaurants nous font confiance\u00a0\u00bb heading_1=\u00a0\u00bbSolutions fiables\u00a0\u00bb heading_2=\u00a0\u00bbDe nombreuses int\u00e9grations\u00a0\u00bb heading_3=\u00a0\u00bbRapports personnalis\u00e9s\u00a0\u00bb short_desc_1=\u00a0\u00bbNos solutions fiables de caisse enregistreuse restaurant sont tr\u00e8s appr\u00e9ci\u00e9es de nos clients. Nous vous accompagnons avant, pendant et apr\u00e8s l&rsquo;installation.\u00a0\u00bb short_desc_2=\u00a0\u00bbNos caisses restaurant s&rsquo;int\u00e8grent avec des syst\u00e8mes de gestion d&rsquo;inventaire, de finance, de gestion du personnel et plus encore.\u00a0\u00bb short_desc_3=\u00a0\u00bbAcc\u00e9dez \u00e0 toutes les donn\u00e9es indispensables de votre restaurant via une plateforme en ligne. D\u00e9couvrez les chiffres de vos ventes en temps r\u00e9el par exemple.\u00a0\u00bb short_desc_1_content=\u00a0\u00bbNos%20solutions%20fiables%20de%20caisse%20enregistreuse%20restaurant%20sont%20tr%C3%A8s%20appr%C3%A9ci%C3%A9es%20de%20nos%20clients.%20Nous%20vous%20accompagnons%20avant,%20pendant%20et%20apr%C3%A8s%20l&rsquo;installation.%0A\u00a0\u00bb short_desc_2_content=\u00a0\u00bbNos%20caisses%20restaurant%20s&rsquo;int%C3%A8grent%20avec%20des%20syst%C3%A8mes%20de%20gestion%20d&rsquo;inventaire,%20de%20finance,%20de%20gestion%20du%20personnel%20et%20plus%20encore.\u00a0\u00bb short_desc_3_content=\u00a0\u00bbAcc%C3%A9dez%20%C3%A0%20toutes%20les%20donn%C3%A9es%20indispensables%20de%20votre%20restaurant%20via%20une%20plateforme%20en%20ligne.%20D%C3%A9couvrez%20les%20chiffres%20de%20vos%20ventes%20en%20temps%20r%C3%A9el%20par%20exemple.\u00a0\u00bb][\/vc_column][\/vc_row][vc_row use_background_image=\u00a0\u00bbyes\u00a0\u00bb background_image_source_selection=\u00a0\u00bbattachment\u00a0\u00bb background_image_attachment=\u00a0\u00bb25198&Prime;][vc_column][vc_row_image][\/vc_column][\/vc_row][vc_row][vc_column][vc_tabmodule_solutions headline_xl=\u00a0\u00bbDes caisses restaurant connect\u00e9es\u00a0\u00bb customer_1_button=\u00a0\u00bbAugmentation du chiffre d&rsquo;affaires\u00a0\u00bb customer_2_button=\u00a0\u00bbDonn\u00e9es et rapports\u00a0\u00bb customer_3_button=\u00a0\u00bbT\u00e2ches quotidiennes fluides\u00a0\u00bb desc_customer_1=\u00a0\u00bbSolutions de paiement intelligentes et durables avec lesquelles vous pouvez \u00e9voluer et augmenter votre efficacit\u00e9 et vos profits.\u00a0\u00bb customer_11_image=\u00a0\u00bb25206&Prime; customer_12_image=\u00a0\u00bb25213&Prime; customer_13_image=\u00a0\u00bb29488&Prime; heading_11=\u00a0\u00bbTrivec POS\u00a0\u00bb heading_12=\u00a0\u00bbTrivec Buddy\u00a0\u00bb heading_13=\u00a0\u00bbTrivec HandyPay\u00a0\u00bb short_desc_11=\u00a0\u00bbNotre syst\u00e8me POS restaurant est fiable, facilement int\u00e9grable et offre plusieurs moyens de paiement. Vous obtenez un POS restaurant qui soutient votre entreprise.\u00a0\u00bb short_desc_12=\u00a0\u00bbSolution de commande et de paiement facile \u00e0 utiliser pour des restaurants n\u00e9cessitant plus de points de vente dans leurs \u00e9tablissements. Pourquoi ne pas ouvrir votre terrasse ext\u00e9rieure !\u00a0\u00bb short_desc_13=\u00a0\u00bbHandyPay est un pad de commande et de paiement, dans un seul terminal. Envoyez vos commandes directement au bar ou en cuisine. Cela vous permet de diminuer vos aller-retours jusqu&rsquo;\u00e0 la caisse.\u00a0\u00bb link_customer_11=\u00a0\u00bburl:https%3A%2F%2Fwww.trivec.fr%2Fproduits%2Fcaisse-enregistreuse-restaurant%2F|title:caisse-enregistreuse-restaurant\u00a0\u00bb link_customer_12=\u00a0\u00bburl:https%3A%2F%2Fwww.trivec.fr%2Fproduits%2Fcommande-mobile%2F|title:Commande%20mobile%20Trivec%20Buddy\u00a0\u00bb link_customer_13=\u00a0\u00bburl:https%3A%2F%2Fwww.trivec.fr%2Fproduits%2Fcaisse-enregistreuse-restaurant%2Fcommande-a-table%2F|title:commande-a-table\u00a0\u00bb desc_customer_2=\u00a0\u00bbLa caisse restaurant de Trivec s&rsquo;int\u00e8gre avec des syst\u00e8mes de gestion d&rsquo;inventaire, de finance, de gestion du personnel. Vous pouvez recevoir facilement des rapports personnalis\u00e9s automatiquement.\u00a0\u00bb customer_21_image=\u00a0\u00bb25248&Prime; customer_22_image=\u00a0\u00bb25227&Prime; customer_23_image=\u00a0\u00bb25234&Prime; heading_21=\u00a0\u00bbMyTrivec\u00a0\u00bb heading_22=\u00a0\u00bbAnalyses de donn\u00e9es\u00a0\u00bb heading_23=\u00a0\u00bbPartenaires et int\u00e9grations\u00a0\u00bb short_desc_21=\u00a0\u00bbAcc\u00e9dez \u00e0 toutes les donn\u00e9es indispensables de votre restaurant gr\u00e2ce \u00e0 un tableau de bord facile \u00e0 utiliser. Vous voyez les chiffres de vos ventes en temps r\u00e9el et pouvez param\u00e9trer facilement des rapports personnalis\u00e9s.\u00a0\u00bb short_desc_22=\u00a0\u00bbD\u00e9couvrez les habitudes et les besoins de vos clients gr\u00e2ce \u00e0 vos donn\u00e9es restaurant. Effectuez des analyses pouss\u00e9es en int\u00e9grant le POS restaurant \u00e0 un outil d&rsquo;analyse.\u00a0\u00bb short_desc_23=\u00a0\u00bbNous disposons d&rsquo;un large r\u00e9seau de partenaires avec des int\u00e9grations fluides \u00e0 notre POS restaurant. Nous avons pour projet de simplifier votre quotidien de restaurateur et de vous aider \u00e0 augmenter vos profits.\u00a0\u00bb desc_customer_3=\u00a0\u00bbNos syst\u00e8mes fiables rationalisent les flux de commandes et de paiement dans votre restaurant.\u00a0\u00bb customer_31_image=\u00a0\u00bb25255&Prime; customer_32_image=\u00a0\u00bb25262&Prime; customer_33_image=\u00a0\u00bb25241&Prime; heading_31=\u00a0\u00bbTrivec Handy\u00a0\u00bb heading_32=\u00a0\u00bbKitchen Display System\u00a0\u00bb heading_33=\u00a0\u00bbNous vous aidons de A \u00e0 Z\u00a0\u00bb short_desc_31=\u00a0\u00bbEnvoyez les commandes directement \u00e0 votre POS. Gr\u00e2ce \u00e0 un flux de commande fluide vous pouvez augmenter vos revenus et passer plus de temps avec vos clients.\u00a0\u00bb short_desc_32=\u00a0\u00bbSimplifiez le flux de commandes vers la cuisine. Int\u00e9gr\u00e9 au syst\u00e8me de caisse Trivec, plus besoin d&rsquo;imprimante, vous voyez toutes les commandes sur l&rsquo;\u00e9cran.\u00a0\u00bb short_desc_33=\u00a0\u00bbNous vous aidons avant, pendant et apr\u00e8s l&rsquo;installation. Nous formons votre personnel \u00e0 utiliser la solution. Le support de Trivec est disponible 24h\/24 et 7j\/7.\u00a0\u00bb link_customer_31=\u00a0\u00bburl:https%3A%2F%2Fwww.trivec.fr%2Fproduits%2Fcaisse-enregistreuse-restaurant%2Fcommande-a-table%2F|title:Commander%20%C3%A0%20table%20-%20Handy\u00a0\u00bb link_customer_32=\u00a0\u00bburl:https%3A%2F%2Fwww.trivec.fr%2Fproduits%2Fkitchen-display-system%2F|title:Kitchen%20Display%20System\u00a0\u00bb link_customer_33=\u00a0\u00bburl:https%3A%2F%2Fwww.trivec.fr%2Fnous-vous-accompagnons-de-a-a-z%2F|title:Nous%20vous%20accompagnons\u00a0\u00bb read_more_button=\u00a0\u00bbEn savoir plus\u00a0\u00bb link_customer_21=\u00a0\u00bburl:https%3A%2F%2Fwww.trivec.fr%2Fmytrivec%2F|title:My%20Trivec\u00a0\u00bb link_customer_22=\u00a0\u00bburl:https%3A%2F%2Fwww.trivec.fr%2Fproduits%2Flanalyse-de-donnees-restaurant%2F|title:Analyse%20de%20donn%C3%A9es\u00a0\u00bb link_customer_23=\u00a0\u00bburl:https%3A%2F%2Fwww.trivec.fr%2Fproduits%2Fservices-supplementaires%2F|title:Partenaires%20%26%20Int%C3%A9grations\u00a0\u00bb][\/vc_column][\/vc_row][vc_row use_background_image=\u00a0\u00bbyes\u00a0\u00bb background_image_source_selection=\u00a0\u00bbattachment\u00a0\u00bb background_image_attachment=\u00a0\u00bb25270&Prime;][vc_column][vc_row_heading_button size=\u00a0\u00bblarge\u00a0\u00bb color=\u00a0\u00bbwhite\u00a0\u00bb read_more_button=\u00a0\u00bbEn savoir plus\u00a0\u00bb link_button=\u00a0\u00bburl:https%3A%2F%2Fwww.trivec.fr%2Fproduits%2Fservices-supplementaires%2F|title:Partenaires%20%26%20Int%C3%A9grations\u00a0\u00bb]Recevez automatiquement les commandes de Deliveroo, Uber Eats et plus.[\/vc_row_heading_button][\/vc_column][\/vc_row][vc_row][vc_column][vc_tabmodule_customers headline_xl=\u00a0\u00bbT\u00e9moignages client\u00a0\u00bb customer_1_button=\u00a0\u00bbLa Rhumerie Paris\u00a0\u00bb customer_2_button=\u00a0\u00bbH\u00f4tel Explorers\u00a0\u00bb customer_3_button=\u00a0\u00bbMama Shelter\u00a0\u00bb customer_1_image=\u00a0\u00bb12537&Prime; customer_2_image=\u00a0\u00bb25357&Prime; customer_3_image=\u00a0\u00bb7360&Prime; headline_customer_1=\u00a0\u00bbLa Rhumerie Paris\u00a0\u00bb headline_customer_2=\u00a0\u00bbH\u00f4tel Explorers\u00a0\u00bb headline_customer_3=\u00a0\u00bbMama Shelter\u00a0\u00bb desc_customer_1=\u00a0\u00bbLa Rhumerie est un lieu embl\u00e9matique de Saint Germain des Pr\u00e9s, quartier mythique du 8\u00e8me arrondissement de Paris qui existe depuis 1932. Depuis plus de 15 ans, TRIVEC accompagne cette institution dans la gestion de ses commandes et de son syst\u00e8me de caisse. Une collaboration qui s\u2019est accentu\u00e9e il y a trois ans avec un passage sur l\u2019\u00e9volution des postes Domino, et notamment l\u2019utilisation de pods, qui permettent de prendre les commandes \u00e0 distance.\u00a0\u00bb desc_customer_2=\u00a0\u00bbL\u2019h\u00f4tel Explorers, cr\u00e9\u00e9 en partenariat avec le parc d\u2019attractions Disneyland Paris, se situe en bord de lac. Plus qu\u2019un simple lieu de s\u00e9jour, c\u2019est un \u00ab petit paradis pour les enfants \u00bb. Ses 390 chambres, aux d\u00e9corations inspir\u00e9es des r\u00eaves d\u2019enfants, offrent un cadre de repos apaisant aux petits comme aux grands, y compris pour les familles nombreuses.\u00a0\u00bb desc_customer_3=\u00a0\u00bbLe concept h\u00f4telier Mama Shelter, ne s\u2019arr\u00eate plus. Que vous veniez en famille, pour le travail, entre amis ou seul vous y trouverez toujours votre compte, puisque le concept est pens\u00e9 pour tous.<br \/>\nChez Mama Shelter, le principe est simple : Il faut profiter. Venez vous reposer, vous amuser, travailler ou d\u00e9guster un plat fait maison et pens\u00e9 par un chef \u00e9toil\u00e9. \u00c7a donne envie non ?\u00a0\u00bb bullet_point_11=\u00a0\u00bbClient depuis plus de 15 ans\u00a0\u00bb bullet_point_12=\u00a0\u00bbEconomie de 15% en co\u00fbt du personnel\u00a0\u00bb bullet_point_13=\u00a0\u00bbGain de 20% en efficacit\u00e9\u00a0\u00bb bullet_point_21=\u00a0\u00bb7 points de vente\u00a0\u00bb bullet_point_22=\u00a0\u00bb1200 personnes par jour\u00a0\u00bb bullet_point_23=\u00a0\u00bbAugmentation de la productivit\u00e9 et r\u00e9duction des co\u00fbts\u00a0\u00bb bullet_point_31=\u00a0\u00bbInt\u00e9gration du POS avec les PMS Protel et Opera\u00a0\u00bb bullet_point_32=\u00a0\u00bb12 restaurants\u00a0\u00bb bullet_point_33=\u00a0\u00bbTransfert d&rsquo;addition du restaurant ou bar vers le PMS\u00a0\u00bb read_more_button=\u00a0\u00bbEn savoir plus\u00a0\u00bb link_customer_1=\u00a0\u00bburl:https%3A%2F%2Fwww.trivec.fr%2Fclients%2Fla-rhumerie-paris%2F|title:La%20Rhumerie%20Paris\u00a0\u00bb link_customer_2=\u00a0\u00bburl:https%3A%2F%2Fwww.trivec.fr%2Fclients%2Fhotel-explorers%2F|title:H%C3%B4tel%20Explorers\u00a0\u00bb link_customer_3=\u00a0\u00bburl:https%3A%2F%2Fwww.trivec.fr%2Fclients%2Fmama-shelter%2F|title:Mama%20Shelter\u00a0\u00bb][\/vc_column][\/vc_row][vc_row][vc_column][vc_column_text_image headline_xl=\u00a0\u00bbNous avons d\u00e9velopp\u00e9 des int\u00e9grations avec HoistGroup, sunday, Deliverect, The Fork, Overfull et plus\u00a0\u00bb text_xl=\u00a0\u00bbLes secteurs que nous accompagnons\u00a0\u00bb col_1_image=\u00a0\u00bb25308&Prime; col_2_image=\u00a0\u00bb25323&Prime; col_3_image=\u00a0\u00bb25301&Prime; heading_1=\u00a0\u00bbRestaurants et cha\u00eenes de restaurants\u00a0\u00bb heading_2=\u00a0\u00bbH\u00f4tels et cha\u00eenes h\u00f4teli\u00e8res\u00a0\u00bb heading_3=\u00a0\u00bbBars et discoth\u00e8ques\u00a0\u00bb short_desc_1=\u00a0\u00bbLa caisse restaurant de Trivec est simple \u00e0 utiliser sans connaissances techniques pr\u00e9alables. Prenez des commandes \u00e0 table, laissez les clients scanner et payer via leur mobile ou augmentez l&rsquo;efficacit\u00e9 de votre cuisine.\u00a0\u00bb short_desc_2=\u00a0\u00bbLa caisse restaurant soutient votre h\u00f4tel restaurant de la prise de r\u00e9servations et de commandes \u00e0 la logistique, la gestion de l&rsquo;inventaire ou encore les paiement. Nos solutions de paiement sont int\u00e9gr\u00e9es avec les syst\u00e8mes h\u00f4teliers les plus r\u00e9pandus. (PMS)\u00a0\u00bb short_desc_3=\u00a0\u00bbNotre caisse restaurant pour bars est fiable et performante, vous pouvez alors servir plus de clients par minute. Vous pouvez \u00e9galement connecter plusieurs terminaux de paiement \u00e0 une caisse enregistreuse afin que plus de clients puissent payer au m\u00eame moment.\u00a0\u00bb read_more_button=\u00a0\u00bbEn savoir plus\u00a0\u00bb link_button=\u00a0\u00bburl:https%3A%2F%2Fwww.trivec.fr%2Fproduits%2Fservices-supplementaires%2F|title:Partenaires%20%26%20Int%C3%A9grations\u00a0\u00bb read_more_column=\u00a0\u00bbEn savoir plus\u00a0\u00bb link_column_1=\u00a0\u00bburl:https%3A%2F%2Fwww.trivec.fr%2Flesindustries-pos-restaurant%2F\u00a0\u00bb link_column_2=\u00a0\u00bburl:https%3A%2F%2Fwww.trivec.fr%2Flesindustries-hotels%2F\u00a0\u00bb link_column_3=\u00a0\u00bburl:https%3A%2F%2Fwww.trivec.fr%2Flesindustries-bars%2F\u00a0\u00bb][\/vc_column][\/vc_row]<\/p>\n<\/div>","protected":false},"excerpt":{"rendered":"<p>[vc_row][vc_column][vc_headline_module headline_xl=\u00a0\u00bb8000 clients en Europe\u00a0\u00bb][vc_row_inner][vc_column_inner width=\u00a0\u00bb1\/6&Prime;][vc_single_image image=\u00a0\u00bb2712&Prime; alignment=\u00a0\u00bbcenter\u00a0\u00bb][\/vc_column_inner][vc_column_inner width=\u00a0\u00bb1\/6&Prime;][vc_single_image image=\u00a0\u00bb2772&Prime; alignment=\u00a0\u00bbcenter\u00a0\u00bb][\/vc_column_inner][vc_column_inner width=\u00a0\u00bb1\/6&Prime;][vc_single_image image=\u00a0\u00bb2841&Prime; alignment=\u00a0\u00bbcenter\u00a0\u00bb][\/vc_column_inner][vc_column_inner width=\u00a0\u00bb1\/6&Prime;][vc_single_image image=\u00a0\u00bb2695&Prime; alignment=\u00a0\u00bbcenter\u00a0\u00bb][\/vc_column_inner][vc_column_inner width=\u00a0\u00bb1\/6&Prime;][vc_single_image image=\u00a0\u00bb11968&Prime; alignment=\u00a0\u00bbcenter\u00a0\u00bb][\/vc_column_inner][vc_column_inner width=\u00a0\u00bb1\/6&Prime;][vc_single_image image=\u00a0\u00bb2716&Prime; alignment=\u00a0\u00bbcenter\u00a0\u00bb][\/vc_column_inner][\/vc_row_inner][\/vc_column][\/vc_row][vc_row padding_top=\u00a0\u00bbmedium\u00a0\u00bb][vc_column][vc_grid_columns headline_xl=\u00a0\u00bbPourquoi les restaurants nous font confiance\u00a0\u00bb heading_1=\u00a0\u00bbSolutions fiables\u00a0\u00bb heading_2=\u00a0\u00bbDe nombreuses int\u00e9grations\u00a0\u00bb heading_3=\u00a0\u00bbRapports personnalis\u00e9s\u00a0\u00bb short_desc_1=\u00a0\u00bbNos solutions fiables de caisse enregistreuse restaurant sont tr\u00e8s appr\u00e9ci\u00e9es de nos clients. Nous vous accompagnons avant, pendant [&hellip;]<\/p>\n","protected":false},"author":1,"featured_media":0,"parent":0,"menu_order":8,"comment_status":"closed","ping_status":"closed","template":"","meta":{"_acf_changed":false,"content-type":"","footnotes":""},"class_list":["post-1024","page","type-page","status-publish","hentry"],"acf":[],"yoast_head":"<!-- This site is optimized with the Yoast SEO plugin v27.2 - https:\/\/yoast.com\/product\/yoast-seo-wordpress\/ -->\n<title>Caisse restaurant - Trivec France<\/title>\n<meta name=\"description\" content=\"Pourquoi une caisse restaurant Trivec est le bon choix pour votre \u00e9tablissement ? Assistance 24 heures sur 24. Conviviale, Tactile.\" \/>\n<meta name=\"robots\" content=\"noindex, follow\" \/>\n<meta property=\"og:locale\" content=\"fr_FR\" \/>\n<meta property=\"og:type\" content=\"article\" \/>\n<meta property=\"og:title\" content=\"Caisse restaurant - Trivec France\" \/>\n<meta property=\"og:description\" content=\"Pourquoi une caisse restaurant Trivec est le bon choix pour votre \u00e9tablissement ? Assistance 24 heures sur 24. Conviviale, Tactile.\" \/>\n<meta property=\"og:url\" content=\"https:\/\/trivec.aws-staging.swace.se\/fr\/\" \/>\n<meta property=\"og:site_name\" content=\"Trivec\" \/>\n<meta property=\"article:modified_time\" content=\"2024-05-13T06:45:32+00:00\" \/>\n<meta name=\"twitter:card\" content=\"summary_large_image\" \/>\n<meta name=\"twitter:label1\" content=\"Dur\u00e9e de lecture estim\u00e9e\" \/>\n\t<meta name=\"twitter:data1\" content=\"5 minutes\" \/>\n<script type=\"application\/ld+json\" class=\"yoast-schema-graph\">{\"@context\":\"https:\/\/schema.org\",\"@graph\":[{\"@type\":\"WebPage\",\"@id\":\"https:\/\/trivec.aws-staging.swace.se\/fr\/\",\"url\":\"https:\/\/trivec.aws-staging.swace.se\/fr\/\",\"name\":\"Caisse restaurant - Trivec France\",\"isPartOf\":{\"@id\":\"https:\/\/trivec.aws-staging.swace.se\/fr\/#website\"},\"datePublished\":\"2018-11-13T08:41:26+00:00\",\"dateModified\":\"2024-05-13T06:45:32+00:00\",\"description\":\"Pourquoi une caisse restaurant Trivec est le bon choix pour votre \u00e9tablissement ? Assistance 24 heures sur 24. Conviviale, Tactile.\",\"breadcrumb\":{\"@id\":\"https:\/\/trivec.aws-staging.swace.se\/fr\/#breadcrumb\"},\"inLanguage\":\"fr-FR\",\"potentialAction\":[{\"@type\":\"ReadAction\",\"target\":[\"https:\/\/trivec.aws-staging.swace.se\/fr\/\"]}]},{\"@type\":\"BreadcrumbList\",\"@id\":\"https:\/\/trivec.aws-staging.swace.se\/fr\/#breadcrumb\",\"itemListElement\":[{\"@type\":\"ListItem\",\"position\":1,\"name\":\"Home\",\"item\":\"https:\/\/www.trivec.aws-staging.swace.se\/fr\/\"},{\"@type\":\"ListItem\",\"position\":2,\"name\":\"Trivec Systems\"}]},{\"@type\":\"WebSite\",\"@id\":\"https:\/\/trivec.aws-staging.swace.se\/fr\/#website\",\"url\":\"https:\/\/trivec.aws-staging.swace.se\/fr\/\",\"name\":\"Trivec\",\"description\":\"Caisse Restaurant, Doseur \u00e9lectronique\",\"potentialAction\":[{\"@type\":\"SearchAction\",\"target\":{\"@type\":\"EntryPoint\",\"urlTemplate\":\"https:\/\/trivec.aws-staging.swace.se\/fr\/?s={search_term_string}\"},\"query-input\":{\"@type\":\"PropertyValueSpecification\",\"valueRequired\":true,\"valueName\":\"search_term_string\"}}],\"inLanguage\":\"fr-FR\"}]}<\/script>\n<!-- \/ Yoast SEO plugin. -->","yoast_head_json":{"title":"Caisse restaurant - Trivec France","description":"Pourquoi une caisse restaurant Trivec est le bon choix pour votre \u00e9tablissement ? Assistance 24 heures sur 24. Conviviale, Tactile.","robots":{"index":"noindex","follow":"follow"},"og_locale":"fr_FR","og_type":"article","og_title":"Caisse restaurant - Trivec France","og_description":"Pourquoi une caisse restaurant Trivec est le bon choix pour votre \u00e9tablissement ? Assistance 24 heures sur 24. Conviviale, Tactile.","og_url":"https:\/\/trivec.aws-staging.swace.se\/fr\/","og_site_name":"Trivec","article_modified_time":"2024-05-13T06:45:32+00:00","twitter_card":"summary_large_image","twitter_misc":{"Dur\u00e9e de lecture estim\u00e9e":"5 minutes"},"schema":{"@context":"https:\/\/schema.org","@graph":[{"@type":"WebPage","@id":"https:\/\/trivec.aws-staging.swace.se\/fr\/","url":"https:\/\/trivec.aws-staging.swace.se\/fr\/","name":"Caisse restaurant - Trivec France","isPartOf":{"@id":"https:\/\/trivec.aws-staging.swace.se\/fr\/#website"},"datePublished":"2018-11-13T08:41:26+00:00","dateModified":"2024-05-13T06:45:32+00:00","description":"Pourquoi une caisse restaurant Trivec est le bon choix pour votre \u00e9tablissement ? Assistance 24 heures sur 24. Conviviale, Tactile.","breadcrumb":{"@id":"https:\/\/trivec.aws-staging.swace.se\/fr\/#breadcrumb"},"inLanguage":"fr-FR","potentialAction":[{"@type":"ReadAction","target":["https:\/\/trivec.aws-staging.swace.se\/fr\/"]}]},{"@type":"BreadcrumbList","@id":"https:\/\/trivec.aws-staging.swace.se\/fr\/#breadcrumb","itemListElement":[{"@type":"ListItem","position":1,"name":"Home","item":"https:\/\/www.trivec.aws-staging.swace.se\/fr\/"},{"@type":"ListItem","position":2,"name":"Trivec Systems"}]},{"@type":"WebSite","@id":"https:\/\/trivec.aws-staging.swace.se\/fr\/#website","url":"https:\/\/trivec.aws-staging.swace.se\/fr\/","name":"Trivec","description":"Caisse Restaurant, Doseur \u00e9lectronique","potentialAction":[{"@type":"SearchAction","target":{"@type":"EntryPoint","urlTemplate":"https:\/\/trivec.aws-staging.swace.se\/fr\/?s={search_term_string}"},"query-input":{"@type":"PropertyValueSpecification","valueRequired":true,"valueName":"search_term_string"}}],"inLanguage":"fr-FR"}]}},"_links":{"self":[{"href":"https:\/\/trivec.aws-staging.swace.se\/fr\/wp-json\/wp\/v2\/pages\/1024","targetHints":{"allow":["GET"]}}],"collection":[{"href":"https:\/\/trivec.aws-staging.swace.se\/fr\/wp-json\/wp\/v2\/pages"}],"about":[{"href":"https:\/\/trivec.aws-staging.swace.se\/fr\/wp-json\/wp\/v2\/types\/page"}],"author":[{"embeddable":true,"href":"https:\/\/trivec.aws-staging.swace.se\/fr\/wp-json\/wp\/v2\/users\/1"}],"replies":[{"embeddable":true,"href":"https:\/\/trivec.aws-staging.swace.se\/fr\/wp-json\/wp\/v2\/comments?post=1024"}],"version-history":[{"count":89,"href":"https:\/\/trivec.aws-staging.swace.se\/fr\/wp-json\/wp\/v2\/pages\/1024\/revisions"}],"predecessor-version":[{"id":35285,"href":"https:\/\/trivec.aws-staging.swace.se\/fr\/wp-json\/wp\/v2\/pages\/1024\/revisions\/35285"}],"wp:attachment":[{"href":"https:\/\/trivec.aws-staging.swace.se\/fr\/wp-json\/wp\/v2\/media?parent=1024"}],"curies":[{"name":"wp","href":"https:\/\/api.w.org\/{rel}","templated":true}]}}