{"id":6546,"date":"2019-11-01T09:24:16","date_gmt":"2019-11-01T08:24:16","guid":{"rendered":"https:\/\/www.trivec.aws-staging.swace.se\/?page_id=6546"},"modified":"2022-09-26T14:46:19","modified_gmt":"2022-09-26T12:46:19","slug":"malmo-ff-oger-salget-med-kassesystemer-fra-trivec","status":"publish","type":"page","link":"https:\/\/trivec.aws-staging.swace.se\/da\/kunder\/malmo-ff-oger-salget-med-kassesystemer-fra-trivec\/","title":{"rendered":"Malm\u00f8 FF"},"content":{"rendered":"<div class=\"wpb-content-wrapper\"><p>[vc_row padding_bottom=&#8221;medium&#8221;][vc_column][vc_story heading_text=&#8221;Malm\u00f8 FF \u00f8ger salget med kassesystemer fra Trivec&#8221; preamble=&#8221;Stadion i Malm\u00f8 har en kapacitet p\u00e5 24.000 tilskuere og har siden indvielsen i 2009 solgt en hel del popcorn. Stedet har 56 kiosker, 2 fad\u00f8lsstande, 6 barer, 2 restauranter og godt 40 loger, der bemandes af 250-300 timeansatte. Skal kampdagen forl\u00f8be gnidningsfrit, kr\u00e6ver det derfor en n\u00f8je planl\u00e6gning, herunder en klar kommunikation.&#8221;][\/vc_story][\/vc_column][\/vc_row][vc_row padding_top=&#8221;none&#8221; padding_bottom=&#8221;none&#8221;][vc_column][vc_statistic_list][vc_statistic_list_item metric=&#8221;228 stk&#8221;]Kasseapparater, betalingsterminaler og iPads, der er installeret p\u00e5 stadion[\/vc_statistic_list_item][vc_statistic_list_item metric=&#8221;20s&#8221;]Tid sparet per kortbetalende kunde[\/vc_statistic_list_item][vc_statistic_list_item metric=&#8221;200+&#8221;]Timeansatte p\u00e5 kampdage samt ved store arrangementer[\/vc_statistic_list_item][\/vc_statistic_list][\/vc_column][\/vc_row][vc_row padding_top=&#8221;medium&#8221;][vc_column][vc_story]<\/p>\n<h2>MFF Event overtog stadiondriften f\u00f8r 2019-s\u00e6sonen<\/h2>\n<p>MFF Event AB har siden 1. januar 2019 st\u00e5et for det samlede restaurant- og kiosksalg p\u00e5 Malm\u00f8 Stadion. Hovedparten af de 9 fuldtidsansatte arbejdede tidligere for den eksterne leverand\u00f8r, der var ansvarlig for salget p\u00e5 stadionet.<\/p>\n<p>P\u00e5 kampdage arbejder der op mod 300 timeansatte personer de forskellige steder:<\/p>\n<ul>\n<li>56 kiosker<\/li>\n<li>2 fad\u00f8lsstande<\/li>\n<li>6 barer<\/li>\n<li>1 restaurant med godt 200 siddepladser<\/li>\n<li>1 st\u00f8rre restaurant for sponsorer og events med en max. kapacitet p\u00e5 2200 personer<\/li>\n<li>Godt 40 loger med plads til 560 personer<\/li>\n<\/ul>\n<p>&nbsp;<\/p>\n<p><img loading=\"lazy\" decoding=\"async\" class=\"alignnone wp-image-25365\" src=\"https:\/\/www.trivec.dk\/wp\/uploads\/2022\/03\/MFF5-300x200.jpeg\" alt=\"MFF Trivec\" width=\"512\" height=\"341\" srcset=\"https:\/\/trivec.aws-staging.swace.se\/wp\/uploads\/2022\/03\/MFF5-300x200.jpeg 300w, https:\/\/trivec.aws-staging.swace.se\/wp\/uploads\/2022\/03\/MFF5-1024x683.jpeg 1024w, https:\/\/trivec.aws-staging.swace.se\/wp\/uploads\/2022\/03\/MFF5-768x512.jpeg 768w, https:\/\/trivec.aws-staging.swace.se\/wp\/uploads\/2022\/03\/MFF5.jpeg 1200w\" sizes=\"auto, (max-width: 512px) 100vw, 512px\" \/><\/p>\n<h2>Trivec var den rette leverand\u00f8r for MFF Event<\/h2>\n<p>Marcus Lehtonen er Head of Food &amp; Beverage, og han fort\u00e6ller her om, hvorfor Trivec var en vigtig byggesten, da MFF Event overtog stadiondriften f\u00f8r 2019-s\u00e6sonen:<\/p>\n<p>\u201dDa driften tidligere l\u00e5 hos en ekstern akt\u00f8r, var hele kassesystemet ogs\u00e5 deres. Af samme grund havde vi brug for et nyt og velfungerende system, der kunne klare et h\u00f8jt antal transaktioner p\u00e5 kort tid. Jeg havde fra tidligere god erfaring med Trivecs kassesystemer og support.\u201d<\/p>\n<p>Lehtonen fort\u00e6ller endvidere: \u201dTrivec passede til os, fordi vi havde brug for en partner, der havde erfaring med vanskelige salgsbetingelser. Lokal forankring var ogs\u00e5 et vigtigt element, da en hurtig og effektiv support er afg\u00f8rende i forbindelse med kampe og st\u00f8rre arrangementer.\u201d<\/p>\n<p>P\u00e5 stadion er der installeret:<\/p>\n<ul>\n<li>72 kasseapparater<\/li>\n<li>8 iPads<\/li>\n<li>148 kortterminaler \u2013 alle integrerede<\/li>\n<\/ul>\n<p>Det er vigtigt for Marcus Lehtonen, at alle, som arbejder p\u00e5 stadion, har adgang til et enkelt system, der kan l\u00e6res p\u00e5 et par minutter. \u201cVi valgte i h\u00f8j grad Trivec p\u00e5 grund af funktionaliteten. Det er smart, at man kan farvekode menuvalgene \u2013 det g\u00f8r Trivec nemmere at bruge for medarbejdere, der kun er til stede et par gange om m\u00e5neden [\u2026] At vi desuden anvender integrerede kortterminaler, er direkte afg\u00f8rende. Jeg vurderer, at vi sparer op til 15-20 sekunder per kortk\u00f8b i sammenligning med det tidligere kassesystem.<\/p>\n<p>&nbsp;<\/p>\n<h2>Supporterne er p\u00e5 plads \u2013 b\u00e5de Trivecs og Malm\u00f8 FF\u2019s!<\/h2>\n<p>Det er ikke kun Malm\u00f8 FF\u2019s supporters, der er p\u00e5 plads, n\u00e5r det er kampdag. Det samme g\u00e6lder for Trivecs supportteam:<\/p>\n<p>\u201cAt have support tilstede p\u00e5 stadion i forbindelse med kampdage og ved st\u00f8rre events er en fantastisk service. Den meromkostning, vi betaler, er jo lille i forhold til en situation, hvor en kasse m\u00e5ske er nede i l\u00e6ngere tid\u201d.<\/p>\n<blockquote><p>At have support tilstede p\u00e5 stadion i forbindelse med kampdage og ved st\u00f8rre events er en fantastisk service. Den meromkostning, vi betaler, er jo lille i forhold til en situation, hvor en kasse m\u00e5ske er nede i l\u00e6ngere tid.<\/p><\/blockquote>\n<p>Cirka 3 \u00bd time inden kampstart dukker Trivecs supportteam op p\u00e5 stadion og hj\u00e6lper til: \u201cJeg har udarbejdet et genneml\u00f8bsskema, som supportteknikerne kan f\u00f8lge, s\u00e5 jeg altid ved, hvor de befinder sig, hvis noget skulle dukke op.\u201d<\/p>\n<p>\u201cSupporterne opdager endda, hvis noget uden for deres kompetenceomr\u00e5de ikke rigtig fungerer. S\u00e5 giver de mig ogs\u00e5 lige besked\u201d, fort\u00e6ller Marcus Lehtonen og griner.<\/p>\n<p>&nbsp;<\/p>\n<p><img loading=\"lazy\" decoding=\"async\" class=\"aligncenter wp-image-6143 size-large\" src=\"https:\/\/www.trivec.se\/app\/uploads\/\/2019\/10\/MFF6-1024x683.jpg\" alt=\"MFF Event AB bruger Trivec p\u00e5 Stadion\" width=\"1024\" height=\"683\" srcset=\"https:\/\/trivec.aws-staging.swace.se\/wp\/uploads\/2019\/10\/MFF6-1024x683.jpg 1024w, https:\/\/trivec.aws-staging.swace.se\/wp\/uploads\/2019\/10\/MFF6-300x200.jpg 300w, https:\/\/trivec.aws-staging.swace.se\/wp\/uploads\/2019\/10\/MFF6-768x512.jpg 768w, https:\/\/trivec.aws-staging.swace.se\/wp\/uploads\/2019\/10\/MFF6.jpg 1200w\" sizes=\"auto, (max-width: 1024px) 100vw, 1024px\" \/><\/p>\n<p>&nbsp;<\/p>\n<h2>Enkelt kassesystem for de hundredvis af eventansatte<\/h2>\n<p>P\u00e5 en almindelig dag har Marcus Lehtonen ansvaret for 9 kolleger. P\u00e5 kampdage stiger dette tal til 300 personer, og de allerfleste arbejder i Trivecs system. Det stiller h\u00f8je krav til, at systemet b\u00e5de er enkelt, hurtigt samt let at h\u00e5ndtere.<\/p>\n<p>Marcus Lehtonen uddyber: \u201dVores st\u00f8rste udfordring er fortsat, at mere end 200 personer, som kun arbejder enkelte gange om m\u00e5neden, skal l\u00e6re at bruge systemet. Vi har l\u00f8st denne udfordring sammen med Trivec ved indledningsvis at have et mere begr\u00e6nset sortiment, der er nemmere at h\u00e5ndtere.\u201d<\/p>\n<p>&nbsp;<\/p>\n<h2>Salget blev \u00f8get med tocifrede procentsatser p\u00e5 blot f\u00e5 m\u00e5neder<\/h2>\n<p>MFF Events salg er ikke blot \u00f8get, siden de begyndte at anvende Trivec, det er ganske enkelt skudt i vejret.<\/p>\n<p>\u201dM\u00e5let er, at kassesystemet skal finansiere sig selv, inden aftaleperioden udl\u00f8ber. Det skal ske via et \u00f8get salg samt en st\u00f8rre rentabilitet. Det m\u00e5l vil vi opn\u00e5 til overm\u00e5l\u201d, forklarer Marcus Lehtonen.<\/p>\n<blockquote><p>M\u00e5let er, at kassesystemet skal finansiere sig selv, inden aftaleperioden udl\u00f8ber. Det skal ske via et \u00f8get salg samt en st\u00f8rre rentabilitet. Det m\u00e5l vil vi opn\u00e5 til overm\u00e5l.<\/p><\/blockquote>\n<p>\u201dSalgscifrene er blevet \u00f8get med tocifrede procentsatser, uanset hvordan vi m\u00e5ler det; b\u00e5de p\u00e5 reelt salg, gennemsnit osv. har vi set en stigning med tocifrede procentsatser. Den reelle for\u00f8gelse er alts\u00e5 virkelig h\u00f8j.\u201d<\/p>\n<p>&nbsp;<\/p>\n<h2>Samarbejdet med Trivec \u2013 nu og i fremtiden<\/h2>\n<p>MFF Event har lige fra begyndelsen skabt helt tydelige m\u00e5l for samarbejdet \u2013 b\u00e5de p\u00e5 den korte og lange bane. M\u00e5let var, at MFF Event kunne gennemf\u00f8re driften inden for lovens rammer og samtidig overholde deres indg\u00e5ede aftaler. Den kortsigtede plan var at prioritere oplevelsen for de bes\u00f8gende p\u00e5 stadion, b\u00e5de p\u00e5 hverdage og kampdage.<\/p>\n<p>\u201cSamarbejdet med Trivec er t\u00e6t, fleksibelt og givende\u201d, fastsl\u00e5r Marcus Lehtonen og forts\u00e6tter: \u201cAftalen str\u00e6kker sig over de kommende \u00e5r, og indtil videre ser jeg ingen grund til at overveje en ny udbudsrunde for kassesystemet.\u201d[\/vc_story][vc_row_inner][vc_column_inner][vc_btn cta_text_color=&#8221;white&#8221; title=&#8221;Customer Story: Malm\u00f8 FF (PDF)&#8221; align=&#8221;center&#8221; link=&#8221;url:https%3A%2F%2Fcdn2.hubspot.net%2Fhubfs%2F4620018%2FPDF%2FCustomer-Story-MFF-DK.pdf|||&#8221;][\/vc_column_inner][\/vc_row_inner][\/vc_column][\/vc_row][vc_row padding_top=&#8221;none&#8221;][vc_column width=&#8221;1\/6&#8243;][\/vc_column][vc_column width=&#8221;2\/3&#8243;][vc_color_box bg_color=&#8221;gray&#8221;][vc_column_text]<\/p>\n<h3>Om MFF Event AB<\/h3>\n<p>Malm\u00f8 FF er en af to fodboldklubber i den bedste svenske liga, Allsvenskan, som selv har ansvaret for driften af deres stadion. Klubben ejer stadionet og har siden januar 2019 ogs\u00e5 st\u00e5et for den samlede servering p\u00e5 stadion. Malm\u00f8 FF er historisk set den mest succesrige svenske fodboldklub, med blandt andet 20 mesterskaber og 14 pokaltitler. De seneste 10 \u00e5r har Malm\u00f8 FF vundet 5 guldmedaljer samt kvalificeret sig 5 gange til det europ\u00e6iske gruppespil.<\/p>\n<h3>Om Trivec<\/h3>\n<p>Trivec er en f\u00f8rende leverand\u00f8r af kassesystemer til restauranter, barer, hoteller og caf\u00e9er p\u00e5 det europ\u00e6iske marked. Vores digitale l\u00f8sninger forenkler og optimerer betalingen, men g\u00f8r ogs\u00e5 driften v\u00e6sentligt nemmere. I Trivecs tilbud indg\u00e5r der kassesystemer, kortterminaler, h\u00e5ndholdte enheder og systemer for drikkevarer. Trivec blev grundlagt tilbage i 1993 og har i dag over 8000 kunder rundt om i Europa med kontorer i Sverige, Norge, Danmark, Belgien og Frankrig.[\/vc_column_text][vc_btn title=&#8221;L\u00e6s mere om Trivec&#8221; style=&#8221;read-more&#8221; link=&#8221;url:http%3A%2F%2Fwww.trivec.dk|||&#8221;][\/vc_color_box][\/vc_column][vc_column width=&#8221;1\/6&#8243;][\/vc_column][\/vc_row]<\/p>\n<\/div>","protected":false},"excerpt":{"rendered":"<p>[vc_row padding_bottom=&#8221;medium&#8221;][vc_column][vc_story heading_text=&#8221;Malm\u00f8 FF \u00f8ger salget med kassesystemer fra Trivec&#8221; preamble=&#8221;Stadion i Malm\u00f8 har en kapacitet p\u00e5 24.000 tilskuere og har siden indvielsen i 2009 solgt en hel del popcorn. Stedet har 56 kiosker, 2 fad\u00f8lsstande, 6 barer, 2 restauranter og godt 40 loger, der bemandes af 250-300 timeansatte. Skal kampdagen forl\u00f8be gnidningsfrit, kr\u00e6ver det [&hellip;]<\/p>\n","protected":false},"author":1,"featured_media":6193,"parent":1097,"menu_order":4,"comment_status":"closed","ping_status":"closed","template":"","meta":{"_acf_changed":false,"content-type":"","footnotes":""},"class_list":["post-6546","page","type-page","status-publish","has-post-thumbnail","hentry"],"acf":[],"yoast_head":"<!-- This site is optimized with the Yoast SEO plugin v27.2 - https:\/\/yoast.com\/product\/yoast-seo-wordpress\/ -->\n<title>Malm\u00f8 FF - Trivec<\/title>\n<meta name=\"description\" content=\"Malm\u00f8 FF Event AB overtog driften af Malm\u00f8 Stadion f\u00f8r 2019-s\u00e6sonen og har via kassesystemerne fra Trivec \u00f8get salget med tocifrede procentsatser.\" \/>\n<meta name=\"robots\" content=\"noindex, follow\" \/>\n<meta property=\"og:locale\" content=\"da_DK\" \/>\n<meta property=\"og:type\" content=\"article\" \/>\n<meta property=\"og:title\" content=\"Malm\u00f8 FF - Trivec\" \/>\n<meta property=\"og:description\" content=\"Malm\u00f8 FF Event AB overtog driften af Malm\u00f8 Stadion f\u00f8r 2019-s\u00e6sonen og har via kassesystemerne fra Trivec \u00f8get salget med tocifrede procentsatser.\" \/>\n<meta property=\"og:url\" content=\"https:\/\/trivec.aws-staging.swace.se\/da\/kunder\/malmo-ff-oger-salget-med-kassesystemer-fra-trivec\/\" \/>\n<meta property=\"og:site_name\" content=\"Trivec\" \/>\n<meta property=\"article:modified_time\" content=\"2022-09-26T12:46:19+00:00\" \/>\n<meta property=\"og:image\" content=\"https:\/\/www.trivec.aws-staging.swace.se\/wp\/uploads\/2019\/10\/MFF5.jpg\" \/>\n\t<meta property=\"og:image:width\" content=\"1200\" \/>\n\t<meta property=\"og:image:height\" content=\"800\" \/>\n\t<meta property=\"og:image:type\" content=\"image\/jpeg\" \/>\n<meta name=\"twitter:card\" content=\"summary_large_image\" \/>\n<meta name=\"twitter:label1\" content=\"Estimeret l\u00e6setid\" \/>\n\t<meta name=\"twitter:data1\" content=\"6 minutter\" \/>\n<script type=\"application\/ld+json\" class=\"yoast-schema-graph\">{\"@context\":\"https:\/\/schema.org\",\"@graph\":[{\"@type\":\"WebPage\",\"@id\":\"https:\/\/trivec.aws-staging.swace.se\/da\/kunder\/malmo-ff-oger-salget-med-kassesystemer-fra-trivec\/\",\"url\":\"https:\/\/trivec.aws-staging.swace.se\/da\/kunder\/malmo-ff-oger-salget-med-kassesystemer-fra-trivec\/\",\"name\":\"Malm\u00f8 FF - Trivec\",\"isPartOf\":{\"@id\":\"https:\/\/trivec.aws-staging.swace.se\/da\/#website\"},\"primaryImageOfPage\":{\"@id\":\"https:\/\/trivec.aws-staging.swace.se\/da\/kunder\/malmo-ff-oger-salget-med-kassesystemer-fra-trivec\/#primaryimage\"},\"image\":{\"@id\":\"https:\/\/trivec.aws-staging.swace.se\/da\/kunder\/malmo-ff-oger-salget-med-kassesystemer-fra-trivec\/#primaryimage\"},\"thumbnailUrl\":\"https:\/\/trivec.aws-staging.swace.se\/wp\/uploads\/2019\/10\/MFF5.jpg\",\"datePublished\":\"2019-11-01T08:24:16+00:00\",\"dateModified\":\"2022-09-26T12:46:19+00:00\",\"description\":\"Malm\u00f8 FF Event AB overtog driften af Malm\u00f8 Stadion f\u00f8r 2019-s\u00e6sonen og har via kassesystemerne fra Trivec \u00f8get salget med tocifrede procentsatser.\",\"breadcrumb\":{\"@id\":\"https:\/\/trivec.aws-staging.swace.se\/da\/kunder\/malmo-ff-oger-salget-med-kassesystemer-fra-trivec\/#breadcrumb\"},\"inLanguage\":\"da-DK\",\"potentialAction\":[{\"@type\":\"ReadAction\",\"target\":[\"https:\/\/trivec.aws-staging.swace.se\/da\/kunder\/malmo-ff-oger-salget-med-kassesystemer-fra-trivec\/\"]}]},{\"@type\":\"ImageObject\",\"inLanguage\":\"da-DK\",\"@id\":\"https:\/\/trivec.aws-staging.swace.se\/da\/kunder\/malmo-ff-oger-salget-med-kassesystemer-fra-trivec\/#primaryimage\",\"url\":\"https:\/\/trivec.aws-staging.swace.se\/wp\/uploads\/2019\/10\/MFF5.jpg\",\"contentUrl\":\"https:\/\/trivec.aws-staging.swace.se\/wp\/uploads\/2019\/10\/MFF5.jpg\",\"width\":1200,\"height\":800,\"caption\":\"Marcus Lehtonen, Head of Food and Beverage for MFF Event AB\"},{\"@type\":\"BreadcrumbList\",\"@id\":\"https:\/\/trivec.aws-staging.swace.se\/da\/kunder\/malmo-ff-oger-salget-med-kassesystemer-fra-trivec\/#breadcrumb\",\"itemListElement\":[{\"@type\":\"ListItem\",\"position\":1,\"name\":\"Home\",\"item\":\"https:\/\/trivec.aws-staging.swace.se\/da\/\"},{\"@type\":\"ListItem\",\"position\":2,\"name\":\"Kunder\",\"item\":\"https:\/\/www.trivec.aws-staging.swace.se\/da\/kunder\/\"},{\"@type\":\"ListItem\",\"position\":3,\"name\":\"Malm\u00f8 FF\"}]},{\"@type\":\"WebSite\",\"@id\":\"https:\/\/trivec.aws-staging.swace.se\/da\/#website\",\"url\":\"https:\/\/trivec.aws-staging.swace.se\/da\/\",\"name\":\"Trivec\",\"description\":\"Markedsledende kassesystem til restauranter, hotel og barer\",\"potentialAction\":[{\"@type\":\"SearchAction\",\"target\":{\"@type\":\"EntryPoint\",\"urlTemplate\":\"https:\/\/trivec.aws-staging.swace.se\/da\/?s={search_term_string}\"},\"query-input\":{\"@type\":\"PropertyValueSpecification\",\"valueRequired\":true,\"valueName\":\"search_term_string\"}}],\"inLanguage\":\"da-DK\"}]}<\/script>\n<!-- \/ Yoast SEO plugin. -->","yoast_head_json":{"title":"Malm\u00f8 FF - Trivec","description":"Malm\u00f8 FF Event AB overtog driften af Malm\u00f8 Stadion f\u00f8r 2019-s\u00e6sonen og har via kassesystemerne fra Trivec \u00f8get salget med tocifrede procentsatser.","robots":{"index":"noindex","follow":"follow"},"og_locale":"da_DK","og_type":"article","og_title":"Malm\u00f8 FF - Trivec","og_description":"Malm\u00f8 FF Event AB overtog driften af Malm\u00f8 Stadion f\u00f8r 2019-s\u00e6sonen og har via kassesystemerne fra Trivec \u00f8get salget med tocifrede procentsatser.","og_url":"https:\/\/trivec.aws-staging.swace.se\/da\/kunder\/malmo-ff-oger-salget-med-kassesystemer-fra-trivec\/","og_site_name":"Trivec","article_modified_time":"2022-09-26T12:46:19+00:00","og_image":[{"width":1200,"height":800,"url":"https:\/\/www.trivec.aws-staging.swace.se\/wp\/uploads\/2019\/10\/MFF5.jpg","type":"image\/jpeg"}],"twitter_card":"summary_large_image","twitter_misc":{"Estimeret l\u00e6setid":"6 minutter"},"schema":{"@context":"https:\/\/schema.org","@graph":[{"@type":"WebPage","@id":"https:\/\/trivec.aws-staging.swace.se\/da\/kunder\/malmo-ff-oger-salget-med-kassesystemer-fra-trivec\/","url":"https:\/\/trivec.aws-staging.swace.se\/da\/kunder\/malmo-ff-oger-salget-med-kassesystemer-fra-trivec\/","name":"Malm\u00f8 FF - Trivec","isPartOf":{"@id":"https:\/\/trivec.aws-staging.swace.se\/da\/#website"},"primaryImageOfPage":{"@id":"https:\/\/trivec.aws-staging.swace.se\/da\/kunder\/malmo-ff-oger-salget-med-kassesystemer-fra-trivec\/#primaryimage"},"image":{"@id":"https:\/\/trivec.aws-staging.swace.se\/da\/kunder\/malmo-ff-oger-salget-med-kassesystemer-fra-trivec\/#primaryimage"},"thumbnailUrl":"https:\/\/trivec.aws-staging.swace.se\/wp\/uploads\/2019\/10\/MFF5.jpg","datePublished":"2019-11-01T08:24:16+00:00","dateModified":"2022-09-26T12:46:19+00:00","description":"Malm\u00f8 FF Event AB overtog driften af Malm\u00f8 Stadion f\u00f8r 2019-s\u00e6sonen og har via kassesystemerne fra Trivec \u00f8get salget med tocifrede procentsatser.","breadcrumb":{"@id":"https:\/\/trivec.aws-staging.swace.se\/da\/kunder\/malmo-ff-oger-salget-med-kassesystemer-fra-trivec\/#breadcrumb"},"inLanguage":"da-DK","potentialAction":[{"@type":"ReadAction","target":["https:\/\/trivec.aws-staging.swace.se\/da\/kunder\/malmo-ff-oger-salget-med-kassesystemer-fra-trivec\/"]}]},{"@type":"ImageObject","inLanguage":"da-DK","@id":"https:\/\/trivec.aws-staging.swace.se\/da\/kunder\/malmo-ff-oger-salget-med-kassesystemer-fra-trivec\/#primaryimage","url":"https:\/\/trivec.aws-staging.swace.se\/wp\/uploads\/2019\/10\/MFF5.jpg","contentUrl":"https:\/\/trivec.aws-staging.swace.se\/wp\/uploads\/2019\/10\/MFF5.jpg","width":1200,"height":800,"caption":"Marcus Lehtonen, Head of Food and Beverage for MFF Event AB"},{"@type":"BreadcrumbList","@id":"https:\/\/trivec.aws-staging.swace.se\/da\/kunder\/malmo-ff-oger-salget-med-kassesystemer-fra-trivec\/#breadcrumb","itemListElement":[{"@type":"ListItem","position":1,"name":"Home","item":"https:\/\/trivec.aws-staging.swace.se\/da\/"},{"@type":"ListItem","position":2,"name":"Kunder","item":"https:\/\/www.trivec.aws-staging.swace.se\/da\/kunder\/"},{"@type":"ListItem","position":3,"name":"Malm\u00f8 FF"}]},{"@type":"WebSite","@id":"https:\/\/trivec.aws-staging.swace.se\/da\/#website","url":"https:\/\/trivec.aws-staging.swace.se\/da\/","name":"Trivec","description":"Markedsledende kassesystem til restauranter, hotel og barer","potentialAction":[{"@type":"SearchAction","target":{"@type":"EntryPoint","urlTemplate":"https:\/\/trivec.aws-staging.swace.se\/da\/?s={search_term_string}"},"query-input":{"@type":"PropertyValueSpecification","valueRequired":true,"valueName":"search_term_string"}}],"inLanguage":"da-DK"}]}},"_links":{"self":[{"href":"https:\/\/trivec.aws-staging.swace.se\/da\/wp-json\/wp\/v2\/pages\/6546","targetHints":{"allow":["GET"]}}],"collection":[{"href":"https:\/\/trivec.aws-staging.swace.se\/da\/wp-json\/wp\/v2\/pages"}],"about":[{"href":"https:\/\/trivec.aws-staging.swace.se\/da\/wp-json\/wp\/v2\/types\/page"}],"author":[{"embeddable":true,"href":"https:\/\/trivec.aws-staging.swace.se\/da\/wp-json\/wp\/v2\/users\/1"}],"replies":[{"embeddable":true,"href":"https:\/\/trivec.aws-staging.swace.se\/da\/wp-json\/wp\/v2\/comments?post=6546"}],"version-history":[{"count":7,"href":"https:\/\/trivec.aws-staging.swace.se\/da\/wp-json\/wp\/v2\/pages\/6546\/revisions"}],"predecessor-version":[{"id":28114,"href":"https:\/\/trivec.aws-staging.swace.se\/da\/wp-json\/wp\/v2\/pages\/6546\/revisions\/28114"}],"up":[{"embeddable":true,"href":"https:\/\/trivec.aws-staging.swace.se\/da\/wp-json\/wp\/v2\/pages\/1097"}],"wp:featuredmedia":[{"embeddable":true,"href":"https:\/\/trivec.aws-staging.swace.se\/da\/wp-json\/wp\/v2\/media\/6193"}],"wp:attachment":[{"href":"https:\/\/trivec.aws-staging.swace.se\/da\/wp-json\/wp\/v2\/media?parent=6546"}],"curies":[{"name":"wp","href":"https:\/\/api.w.org\/{rel}","templated":true}]}}