{"id":2585,"date":"2018-12-05T14:37:53","date_gmt":"2018-12-05T14:37:53","guid":{"rendered":"https:\/\/www.trivec.se\/kunder\/hard-rock-cafe\/"},"modified":"2020-10-30T09:19:18","modified_gmt":"2020-10-30T08:19:18","slug":"hard-rock-cafe","status":"publish","type":"page","link":"https:\/\/trivec.aws-staging.swace.se\/da\/kunder\/hard-rock-cafe\/","title":{"rendered":"Hard Rock Cafe"},"content":{"rendered":"<div class=\"wpb-content-wrapper\"><p>[vc_row][vc_column][vc_story heading_text=&#8221;Et fremtidsikret POS-system med lokal support&#8221; preamble=&#8221;\u201dAvenyn\u201d i G\u00f6teborg er ikke kun byens st\u00f8rste boulevard, det er ogs\u00e5 et popul\u00e6rt omr\u00e5de for restauranter og natteliv. Tre af de st\u00f8rste restauranter, Hard Rock Caf\u00e9, O\u2019Learys og Joe Farelli er praktisk talt naboer p\u00e5 denne travle gade. De har tilsammen 630 siddepladser, og p\u00e5 en typisk l\u00f8rdag betjener de omkring 1500 g\u00e6ster.&#8221;]<img loading=\"lazy\" decoding=\"async\" class=\"alignnone size-full wp-image-290\" src=\"https:\/\/www.trivec.se\/app\/uploads\/2018\/12\/trivec_HD_webb_hardrockcafe-2.jpg\" alt=\"Anders Winblad COO Hard Rock Caf\u00e9\" width=\"2100\" height=\"1402\" srcset=\"https:\/\/trivec.aws-staging.swace.se\/wp\/uploads\/2018\/12\/trivec_HD_webb_hardrockcafe-2.jpg 2100w, https:\/\/trivec.aws-staging.swace.se\/wp\/uploads\/2018\/12\/trivec_HD_webb_hardrockcafe-2-300x200.jpg 300w, https:\/\/trivec.aws-staging.swace.se\/wp\/uploads\/2018\/12\/trivec_HD_webb_hardrockcafe-2-768x513.jpg 768w, https:\/\/trivec.aws-staging.swace.se\/wp\/uploads\/2018\/12\/trivec_HD_webb_hardrockcafe-2-1024x684.jpg 1024w\" sizes=\"auto, (max-width: 2100px) 100vw, 2100px\" \/><\/p>\n<p>Restauranterne administreres af det samme selskab, Nordic Restaurant Group, som ogs\u00e5 driver Hard Rock Caf\u00e9-franchises i Stockholm, Helsinki og Oslo. Nordic Restaurant Group har l\u00e6nge brugt et POS-system som i store tr\u00e6k fungerede godt. Forholdet til leverand\u00f8ren var dog knap s\u00e5 godt. Den svenske supportafdeling lukkede hvilket bet\u00f8d, at betydelig viden om det lokale marked ogs\u00e5 gik tabt.<\/p>\n<h3><b><span lang=\"DA\">Stigende krav til support <\/span><\/b><\/h3>\n<p>Nordic Restaurant Group havde foretaget en \u00e6ndring i organisationen hvilket ogs\u00e5 bet\u00f8d nye krav til IT-support. Virksomheden plejede at have en ansat til IT-opgaver, herunder styring af POS-systemet og intern support ved mindre problemer. Vi \u00f8nskede at bruge f\u00e6rre interne ressourcer p\u00e5 IT hvilket bet\u00f8d, at vi m\u00e5tte foretage en \u00e6ndring i rollerne. Restauranterne havde derfor mere behov for support fra leverand\u00f8ren, siger Anders Winblad, Chief Operating Officer hos Nordic Restaurant Group.<\/p>\n<p>P\u00e5 baggrund af dette kiggede Nordic Restaurant Group p\u00e5 en ny POS-l\u00f8sning. Det grundl\u00e6ggende krav var at der skulle v\u00e6re mulighed for lokal support hele tiden. Og ligesom tidligere \u00f8nskede man at POS-systemet skulle implementeres p\u00e5 tv\u00e6rs af virksomheden, men styres centralt. P\u00e5 denne m\u00e5de kan mange administrative opgaver, s\u00e5som opdatering af menuer, benyttes p\u00e5 alle restauranter uden at flere personer beh\u00f8ver at g\u00f8re det samme arbejde.<\/p>\n<blockquote><p>At have lokal support er vigtigt, men vi \u00f8nsker ogs\u00e5 et POS-system der udvikles og vokser over tid, tilbyder nye smarte tekniske features som restauranterne kan benytte, s\u00e5ledes at vores medarbejdere kan bruge mere tid p\u00e5 g\u00e6sterne. Med Trivec fandt vi den l\u00f8sning, siger Anders Winblad.<\/p><\/blockquote>\n<h4>Centralt POS med integrationer<\/h4>\n<p>Trivec kunne tilbyde det centraliserede POS-system som Nordic Restaurant Group ledte efter, herunder de n\u00f8dvendige integrationer. Trivec begyndte f\u00f8rst samarbejdet med Nordic Restaurant Group i 2012 da virksomheden \u00e5bnede sin O\u2019Learys sportsbar i G\u00f6teborg. Denne positive oplevelse, sammen med det faktum at Trivec tilb\u00f8d en l\u00f8sning, som ville passe til hele virksomheden, viste sig at v\u00e6re afg\u00f8rende for valget.<\/p>\n<blockquote><p>Som kunde er det klart lettere for os at arbejde med Trivec end med vores tidligere leverand\u00f8r. En fordel er at mange af vores nye ansatte allerede kender systemet, da det bruges mange andre steder, siger Anders Winblad.<\/p><\/blockquote>\n<p>I begyndelsen havde Nordic Restaurant Group installeret Trivec i deres svenske Hard Rock Caf\u00e9- og Joe Farelli-restauranter. Under installeringen blev der opsat sk\u00e6rme i k\u00f8kkenet,som skulle erstatte de gamle printede kvitteringer.<br \/>\nN\u00e6ste gang er det Hard Rock Caf\u00e9-restauranter i Norge og Finland. Anders Winblad forventer ingen sprogbarriere under disse implementeringer da virksomhedens interne processer og systemer allerede er p\u00e5 engelsk.<\/p>\n<h4>Om Nordic Restaurant Group<\/h4>\n<p>Administrerer Hard Rock Caf\u00e9-franchises i Norden og O\u2019Learys- og Joe Farelli-restauranter p\u00e5 Avenyn I G\u00f6teborg. Virksomheden har knap 350 ansatte og en \u00e5rligt oms\u00e6tning p\u00e5 280 mio. SEK i deres seks forretningsenheder. Fire af disse benytter Trivecs POS-l\u00f8sning med i alt 31 kasseapparater.[\/vc_story][\/vc_column][\/vc_row]<\/p>\n<\/div>","protected":false},"excerpt":{"rendered":"<p>[vc_row][vc_column][vc_story heading_text=&#8221;Et fremtidsikret POS-system med lokal support&#8221; preamble=&#8221;\u201dAvenyn\u201d i G\u00f6teborg er ikke kun byens st\u00f8rste boulevard, det er ogs\u00e5 et popul\u00e6rt omr\u00e5de for restauranter og natteliv. Tre af de st\u00f8rste restauranter, Hard Rock Caf\u00e9, O\u2019Learys og Joe Farelli er praktisk talt naboer p\u00e5 denne travle gade. De har tilsammen 630 siddepladser, og p\u00e5 en typisk [&hellip;]<\/p>\n","protected":false},"author":2,"featured_media":555,"parent":1097,"menu_order":2,"comment_status":"closed","ping_status":"closed","template":"","meta":{"_acf_changed":false,"content-type":"","footnotes":""},"class_list":["post-2585","page","type-page","status-publish","has-post-thumbnail","hentry"],"acf":[],"yoast_head":"<!-- This site is optimized with the Yoast SEO plugin v27.2 - https:\/\/yoast.com\/product\/yoast-seo-wordpress\/ -->\n<title>Hard Rock Cafe - Trivec<\/title>\n<meta name=\"robots\" content=\"noindex, follow\" \/>\n<meta property=\"og:locale\" content=\"da_DK\" \/>\n<meta property=\"og:type\" content=\"article\" \/>\n<meta property=\"og:title\" content=\"Hard Rock Cafe - Trivec\" \/>\n<meta property=\"og:description\" content=\"[vc_row][vc_column][vc_story heading_text=&#8221;Et fremtidsikret POS-system med lokal support&#8221; preamble=&#8221;\u201dAvenyn\u201d i G\u00f6teborg er ikke kun byens st\u00f8rste boulevard, det er ogs\u00e5 et popul\u00e6rt omr\u00e5de for restauranter og natteliv. Tre af de st\u00f8rste restauranter, Hard Rock Caf\u00e9, O\u2019Learys og Joe Farelli er praktisk talt naboer p\u00e5 denne travle gade. De har tilsammen 630 siddepladser, og p\u00e5 en typisk [&hellip;]\" \/>\n<meta property=\"og:url\" content=\"https:\/\/trivec.aws-staging.swace.se\/da\/kunder\/hard-rock-cafe\/\" \/>\n<meta property=\"og:site_name\" content=\"Trivec\" \/>\n<meta property=\"article:modified_time\" content=\"2020-10-30T08:19:18+00:00\" \/>\n<meta property=\"og:image\" content=\"https:\/\/trivec.aws-staging.swace.se\/wp\/uploads\/2018\/12\/trivec_HD_portra\u0308tt_hardrockcafe.jpg\" \/>\n\t<meta property=\"og:image:width\" content=\"2100\" \/>\n\t<meta property=\"og:image:height\" content=\"1019\" \/>\n\t<meta property=\"og:image:type\" content=\"image\/jpeg\" \/>\n<meta name=\"twitter:card\" content=\"summary_large_image\" \/>\n<meta name=\"twitter:label1\" content=\"Estimeret l\u00e6setid\" \/>\n\t<meta name=\"twitter:data1\" content=\"3 minutter\" \/>\n<script type=\"application\/ld+json\" class=\"yoast-schema-graph\">{\"@context\":\"https:\/\/schema.org\",\"@graph\":[{\"@type\":\"WebPage\",\"@id\":\"https:\/\/trivec.aws-staging.swace.se\/da\/kunder\/hard-rock-cafe\/\",\"url\":\"https:\/\/trivec.aws-staging.swace.se\/da\/kunder\/hard-rock-cafe\/\",\"name\":\"Hard Rock Cafe - Trivec\",\"isPartOf\":{\"@id\":\"https:\/\/trivec.aws-staging.swace.se\/da\/#website\"},\"primaryImageOfPage\":{\"@id\":\"https:\/\/trivec.aws-staging.swace.se\/da\/kunder\/hard-rock-cafe\/#primaryimage\"},\"image\":{\"@id\":\"https:\/\/trivec.aws-staging.swace.se\/da\/kunder\/hard-rock-cafe\/#primaryimage\"},\"thumbnailUrl\":\"https:\/\/trivec.aws-staging.swace.se\/wp\/uploads\/2018\/12\/trivec_HD_portra\u0308tt_hardrockcafe.jpg\",\"datePublished\":\"2018-12-05T14:37:53+00:00\",\"dateModified\":\"2020-10-30T08:19:18+00:00\",\"breadcrumb\":{\"@id\":\"https:\/\/trivec.aws-staging.swace.se\/da\/kunder\/hard-rock-cafe\/#breadcrumb\"},\"inLanguage\":\"da-DK\",\"potentialAction\":[{\"@type\":\"ReadAction\",\"target\":[\"https:\/\/trivec.aws-staging.swace.se\/da\/kunder\/hard-rock-cafe\/\"]}]},{\"@type\":\"ImageObject\",\"inLanguage\":\"da-DK\",\"@id\":\"https:\/\/trivec.aws-staging.swace.se\/da\/kunder\/hard-rock-cafe\/#primaryimage\",\"url\":\"https:\/\/trivec.aws-staging.swace.se\/wp\/uploads\/2018\/12\/trivec_HD_portra\u0308tt_hardrockcafe.jpg\",\"contentUrl\":\"https:\/\/trivec.aws-staging.swace.se\/wp\/uploads\/2018\/12\/trivec_HD_portra\u0308tt_hardrockcafe.jpg\",\"width\":2100,\"height\":1019,\"caption\":\"Anders Winblad COO Hard Rock Caf\u00e9\"},{\"@type\":\"BreadcrumbList\",\"@id\":\"https:\/\/trivec.aws-staging.swace.se\/da\/kunder\/hard-rock-cafe\/#breadcrumb\",\"itemListElement\":[{\"@type\":\"ListItem\",\"position\":1,\"name\":\"Home\",\"item\":\"https:\/\/trivec.aws-staging.swace.se\/da\/\"},{\"@type\":\"ListItem\",\"position\":2,\"name\":\"Kunder\",\"item\":\"https:\/\/www.trivec.aws-staging.swace.se\/da\/kunder\/\"},{\"@type\":\"ListItem\",\"position\":3,\"name\":\"Hard Rock Cafe\"}]},{\"@type\":\"WebSite\",\"@id\":\"https:\/\/trivec.aws-staging.swace.se\/da\/#website\",\"url\":\"https:\/\/trivec.aws-staging.swace.se\/da\/\",\"name\":\"Trivec\",\"description\":\"Markedsledende kassesystem til restauranter, hotel og barer\",\"potentialAction\":[{\"@type\":\"SearchAction\",\"target\":{\"@type\":\"EntryPoint\",\"urlTemplate\":\"https:\/\/trivec.aws-staging.swace.se\/da\/?s={search_term_string}\"},\"query-input\":{\"@type\":\"PropertyValueSpecification\",\"valueRequired\":true,\"valueName\":\"search_term_string\"}}],\"inLanguage\":\"da-DK\"}]}<\/script>\n<!-- \/ Yoast SEO plugin. -->","yoast_head_json":{"title":"Hard Rock Cafe - Trivec","robots":{"index":"noindex","follow":"follow"},"og_locale":"da_DK","og_type":"article","og_title":"Hard Rock Cafe - Trivec","og_description":"[vc_row][vc_column][vc_story heading_text=&#8221;Et fremtidsikret POS-system med lokal support&#8221; preamble=&#8221;\u201dAvenyn\u201d i G\u00f6teborg er ikke kun byens st\u00f8rste boulevard, det er ogs\u00e5 et popul\u00e6rt omr\u00e5de for restauranter og natteliv. Tre af de st\u00f8rste restauranter, Hard Rock Caf\u00e9, O\u2019Learys og Joe Farelli er praktisk talt naboer p\u00e5 denne travle gade. De har tilsammen 630 siddepladser, og p\u00e5 en typisk [&hellip;]","og_url":"https:\/\/trivec.aws-staging.swace.se\/da\/kunder\/hard-rock-cafe\/","og_site_name":"Trivec","article_modified_time":"2020-10-30T08:19:18+00:00","og_image":[{"width":2100,"height":1019,"url":"https:\/\/trivec.aws-staging.swace.se\/wp\/uploads\/2018\/12\/trivec_HD_portra\u0308tt_hardrockcafe.jpg","type":"image\/jpeg"}],"twitter_card":"summary_large_image","twitter_misc":{"Estimeret l\u00e6setid":"3 minutter"},"schema":{"@context":"https:\/\/schema.org","@graph":[{"@type":"WebPage","@id":"https:\/\/trivec.aws-staging.swace.se\/da\/kunder\/hard-rock-cafe\/","url":"https:\/\/trivec.aws-staging.swace.se\/da\/kunder\/hard-rock-cafe\/","name":"Hard Rock Cafe - Trivec","isPartOf":{"@id":"https:\/\/trivec.aws-staging.swace.se\/da\/#website"},"primaryImageOfPage":{"@id":"https:\/\/trivec.aws-staging.swace.se\/da\/kunder\/hard-rock-cafe\/#primaryimage"},"image":{"@id":"https:\/\/trivec.aws-staging.swace.se\/da\/kunder\/hard-rock-cafe\/#primaryimage"},"thumbnailUrl":"https:\/\/trivec.aws-staging.swace.se\/wp\/uploads\/2018\/12\/trivec_HD_portra\u0308tt_hardrockcafe.jpg","datePublished":"2018-12-05T14:37:53+00:00","dateModified":"2020-10-30T08:19:18+00:00","breadcrumb":{"@id":"https:\/\/trivec.aws-staging.swace.se\/da\/kunder\/hard-rock-cafe\/#breadcrumb"},"inLanguage":"da-DK","potentialAction":[{"@type":"ReadAction","target":["https:\/\/trivec.aws-staging.swace.se\/da\/kunder\/hard-rock-cafe\/"]}]},{"@type":"ImageObject","inLanguage":"da-DK","@id":"https:\/\/trivec.aws-staging.swace.se\/da\/kunder\/hard-rock-cafe\/#primaryimage","url":"https:\/\/trivec.aws-staging.swace.se\/wp\/uploads\/2018\/12\/trivec_HD_portra\u0308tt_hardrockcafe.jpg","contentUrl":"https:\/\/trivec.aws-staging.swace.se\/wp\/uploads\/2018\/12\/trivec_HD_portra\u0308tt_hardrockcafe.jpg","width":2100,"height":1019,"caption":"Anders Winblad COO Hard Rock Caf\u00e9"},{"@type":"BreadcrumbList","@id":"https:\/\/trivec.aws-staging.swace.se\/da\/kunder\/hard-rock-cafe\/#breadcrumb","itemListElement":[{"@type":"ListItem","position":1,"name":"Home","item":"https:\/\/trivec.aws-staging.swace.se\/da\/"},{"@type":"ListItem","position":2,"name":"Kunder","item":"https:\/\/www.trivec.aws-staging.swace.se\/da\/kunder\/"},{"@type":"ListItem","position":3,"name":"Hard Rock Cafe"}]},{"@type":"WebSite","@id":"https:\/\/trivec.aws-staging.swace.se\/da\/#website","url":"https:\/\/trivec.aws-staging.swace.se\/da\/","name":"Trivec","description":"Markedsledende kassesystem til restauranter, hotel og barer","potentialAction":[{"@type":"SearchAction","target":{"@type":"EntryPoint","urlTemplate":"https:\/\/trivec.aws-staging.swace.se\/da\/?s={search_term_string}"},"query-input":{"@type":"PropertyValueSpecification","valueRequired":true,"valueName":"search_term_string"}}],"inLanguage":"da-DK"}]}},"_links":{"self":[{"href":"https:\/\/trivec.aws-staging.swace.se\/da\/wp-json\/wp\/v2\/pages\/2585","targetHints":{"allow":["GET"]}}],"collection":[{"href":"https:\/\/trivec.aws-staging.swace.se\/da\/wp-json\/wp\/v2\/pages"}],"about":[{"href":"https:\/\/trivec.aws-staging.swace.se\/da\/wp-json\/wp\/v2\/types\/page"}],"author":[{"embeddable":true,"href":"https:\/\/trivec.aws-staging.swace.se\/da\/wp-json\/wp\/v2\/users\/2"}],"replies":[{"embeddable":true,"href":"https:\/\/trivec.aws-staging.swace.se\/da\/wp-json\/wp\/v2\/comments?post=2585"}],"version-history":[{"count":5,"href":"https:\/\/trivec.aws-staging.swace.se\/da\/wp-json\/wp\/v2\/pages\/2585\/revisions"}],"predecessor-version":[{"id":12260,"href":"https:\/\/trivec.aws-staging.swace.se\/da\/wp-json\/wp\/v2\/pages\/2585\/revisions\/12260"}],"up":[{"embeddable":true,"href":"https:\/\/trivec.aws-staging.swace.se\/da\/wp-json\/wp\/v2\/pages\/1097"}],"wp:featuredmedia":[{"embeddable":true,"href":"https:\/\/trivec.aws-staging.swace.se\/da\/wp-json\/wp\/v2\/media\/555"}],"wp:attachment":[{"href":"https:\/\/trivec.aws-staging.swace.se\/da\/wp-json\/wp\/v2\/media?parent=2585"}],"curies":[{"name":"wp","href":"https:\/\/api.w.org\/{rel}","templated":true}]}}