{"id":2574,"date":"2018-12-05T14:37:53","date_gmt":"2018-12-05T14:37:53","guid":{"rendered":"https:\/\/www.trivec.se\/kunder\/scandinavian-resorts\/"},"modified":"2021-08-05T11:25:30","modified_gmt":"2021-08-05T09:25:30","slug":"scandinavian-resorts","status":"publish","type":"page","link":"https:\/\/trivec.aws-staging.swace.se\/da\/kunder\/scandinavian-resorts\/","title":{"rendered":"Scandinavian Resorts"},"content":{"rendered":"<div class=\"wpb-content-wrapper\"><p>[vc_row][vc_column][vc_story heading_text=&#8221;H\u00f8j tilg\u00e6ngelighed og lokal tilstedev\u00e6relse er vigtige faktorer&#8221; preamble=&#8221;Med 13 restauranter og barer samt en r\u00e6kke andre feriesteder er S\u00e4lens H\u00f6gfj\u00e4llshotell en moderne klassiker i de svenske bjerge. En god service og hurtig fakturering af g\u00e6sterne kr\u00e6ver en effektiv betalingsl\u00f8sning underst\u00f8ttet af en leverand\u00f8r der altid er indenfor r\u00e6kkevidde. Trivec har accepteret udfordringen fra alle \u2019\u2019H\u00f6gis\u2019\u2019 restauranter og deres g\u00e6ster.&#8221;]<img loading=\"lazy\" decoding=\"async\" class=\"alignnone size-full wp-image-700\" src=\"https:\/\/www.trivec.se\/app\/uploads\/2018\/12\/Fintpa\u030aGammelga\u030ardeniSa\u0308len.jpg\" alt=\"H\u00f6gfj\u00e4llshotellet i S\u00e4len\" width=\"1000\" height=\"538\" srcset=\"https:\/\/trivec.aws-staging.swace.se\/wp\/uploads\/2018\/12\/Fintpa\u030aGammelga\u030ardeniSa\u0308len.jpg 1000w, https:\/\/trivec.aws-staging.swace.se\/wp\/uploads\/2018\/12\/Fintpa\u030aGammelga\u030ardeniSa\u0308len-300x161.jpg 300w, https:\/\/trivec.aws-staging.swace.se\/wp\/uploads\/2018\/12\/Fintpa\u030aGammelga\u030ardeniSa\u0308len-768x413.jpg 768w\" sizes=\"auto, (max-width: 1000px) 100vw, 1000px\" \/><\/p>\n<p>H\u00f6gfj\u00e4llshotellet, popul\u00e6rt kaldet \u201cH\u00f6gis\u2019\u2019, er et klassisk turistm\u00e5l i de svenske bjerge. Og i dag kommer g\u00e6sterne til omr\u00e5det for mere end blot de sned\u00e6kkede bjerge der omgiver hotellet. \u2019\u2019H\u00f6gis\u2019\u2019 blev etableret i 1930\u2019erne og ligger i hjertet af skiomr\u00e5det S\u00e4len som er det st\u00f8rste turistm\u00e5l i Norden. Hotellet er vokset og har udviklet sig til at v\u00e6re et moderne resort med faciliteter der inkluderer biograf, spa og store konferencelokaler.<br \/>\nDu finder her et stort udvalg af restauranter og barer. I dag er der 13 forretninger med forskellige koncepter lige fra burgere til sultne skil\u00f8bere til en fin restaurant p\u00e5 hotellet.<\/p>\n<h3>P\u00e5lidelig og tilpasset POS-l\u00f8sning<\/h3>\n<p>For at kunne styre sin virksomhed p\u00e5 den mest effektive m\u00e5de har H\u00f6gfj\u00e4llshotellet behov for en p\u00e5lidelig og fremtidssikker l\u00f8sning. Siden 2015 benyttes Trivecs POS-l\u00f8sning i restauranter, barer og andre forretninger p\u00e5 feriestedet. Installeringen omfatter ogs\u00e5 en anden forretning i S\u00e4len ved navn Gammelg\u00e5rden. Den st\u00f8rste motivation for at skifte til et nyt POS- og faktureringssystem var at H\u00f6gfj\u00e4llshotellet havde behov for en l\u00f8sning med en p\u00e5lidelig leverand\u00f8r med lokal tilstedev\u00e6relse.<\/p>\n<blockquote><p>Den vigtigste faktor var at Trivec viste en \u00e6gte interesse og forpligtede sig til at f\u00e5 POS-l\u00f8sningen til at fungere for os. Vi har et system som er tilpasset vores behov, siger Thommy Backner, administrerende direkt\u00f8r for Scandinavian Resorts, H\u00f6gfj\u00e4llshotellets driftsselskab.<\/p><\/blockquote>\n<p>Scandinavian Resorts har selvf\u00f8lgelig ogs\u00e5 funktionelle og tekniske krav som f.eks. produktivitet og brugervenlighed, men det vigtigste er at systemet skal fungere der hvor det er vigtigst \u2013 n\u00e5r der ydes service, og n\u00e5r det er tid til at betale.<\/p>\n<h4>Integrationer med hotelmanagement og \u00f8konomisystemer<\/h4>\n<p>Det var en udfordring for Trivec at opfylde alle H\u00f6gfj\u00e4llshotellets krav og samtidig passe ind i deres sprudlende milj\u00f8. If\u00f8lge personalet var det en succes, og de fremh\u00e6vede back-office funktionen som en bonus da den har v\u00e6rkt\u00f8jer, der hj\u00e6lper dem med at f\u00e5 et godt overblik over forretningsaktiviteterne.<br \/>\nEt andet grundl\u00e6ggende krav var at POS-l\u00f8sningen skulle v\u00e6re kompatibel med og kunne integreres med andre vigtigt it-funktioner \u2013 is\u00e6r planl\u00e6gning som er en del at systemerne for hotelmanagement og \u00f8konomi.<\/p>\n<h4>Let at bruge POS-l\u00f8sningen<\/h4>\n<p>Scandinavian Resorts \u00f8nsker en POS-l\u00f8sning der tilbyder brugervenlighed til medarbejderne samt potentiale for at str\u00f8mline serviceaktiviteterne. Funktioner med tr\u00e5dl\u00f8se terminaler til bestilling og betaling forbedres l\u00f8bende, og sk\u00e6rme bliver mere og mere nyttige. For eksempel har H\u00f6gfj\u00e4llshotellet installeret k\u00f8kkenmonitorer til visning af bestillinger der skal erstatte de gammeldags trykte kvitteringer.<\/p>\n<p>Teknologien er dog aldrig et m\u00e5l i sig selv. For en tydelig s\u00e6sonbetonet virksomhed som \u2019\u2019H\u00f6gis\u2019\u2019 er det nemlig meget vigtigt at POS-l\u00f8sningen er nem at bruge og hurtig at l\u00e6re. Om vinteren har Scandinavian Resorts et restaurantpersonale p\u00e5 160 personer hvoraf en stor del er nye medarbejdere, der skal l\u00e6res op hurtigt. Medarbejderne vil ogs\u00e5 ofte skifte mellem afdelinger hvor kasseapparater bliver benyttet forskelligt<\/p>\n<h4>Lokal st\u00f8tte giver sikkerhed<\/h4>\n<p>I h\u00f8js\u00e6sonen er H\u00f6gfj\u00e4llshotellet et foretagende der har \u00e5bent n\u00e6rmest d\u00f8gnet rundt. Dette kr\u00e6ver ikke kun effektive systemer, men i praksis afh\u00e6nger det ogs\u00e5 af en leverand\u00f8r der reagerer hurtigt, n\u00e5r der er behov for det. Trivecs l\u00f8bende assistance omfatter support 24\/7 og uddannelse af medarbejdere der g\u00f8r det muligt for dem at administrere opdateringer s\u00e5som fornyelse af menuer i systemet.<\/p>\n<blockquote><p>Vi f\u00f8ler os trygge med Trivec da de opretholder et h\u00f8jt niveau af tilg\u00e6ngelighed, som vi tidligere har efterspurgt og manglet. Der er altid nogen til at svare n\u00e5r vi ringer, og vi f\u00e5r opm\u00e6rksomhed omkring de problemer som vi fremh\u00e6ver, siger Thommy Backner.<\/p><\/blockquote>\n<h4>Om Scandinavian Resorts<\/h4>\n<p>Scandinavian Resorts driver S\u00e4lens H\u00f6gfj\u00e4llshotel (H\u00f6gis), etableret i 1937, og Gammelg\u00e5rden Hotel &amp; Restaurant med r\u00f8dder i det 17. \u00e5rhundrede. Resortet er en oplevelse i verdensklasse med sine 13 restauranter og barer, biograf, spa, fitnesscenter, skiudlejning, sportsbutik, concierge og konferencefaciliteter. Der finder hvert \u00e5r mere end 30 store arrangementer sted p\u00e5 \u2019\u2019H\u00f6gis\u2019\u2019. I alt tilbyder Scandinavian Resorts 1800 g\u00e6stesenge p\u00e5 S\u00e4lens H\u00f6gfj\u00e4llshotel, i turistlejligheder og p\u00e5 Gammelg\u00e5rden Hotel &amp; Restaurant.[\/vc_story][\/vc_column][\/vc_row]<\/p>\n<\/div>","protected":false},"excerpt":{"rendered":"<p>[vc_row][vc_column][vc_story heading_text=&#8221;H\u00f8j tilg\u00e6ngelighed og lokal tilstedev\u00e6relse er vigtige faktorer&#8221; preamble=&#8221;Med 13 restauranter og barer samt en r\u00e6kke andre feriesteder er S\u00e4lens H\u00f6gfj\u00e4llshotell en moderne klassiker i de svenske bjerge. En god service og hurtig fakturering af g\u00e6sterne kr\u00e6ver en effektiv betalingsl\u00f8sning underst\u00f8ttet af en leverand\u00f8r der altid er indenfor r\u00e6kkevidde. Trivec har accepteret udfordringen fra [&hellip;]<\/p>\n","protected":false},"author":2,"featured_media":19166,"parent":1097,"menu_order":1,"comment_status":"closed","ping_status":"closed","template":"","meta":{"_acf_changed":false,"content-type":"","footnotes":""},"class_list":["post-2574","page","type-page","status-publish","has-post-thumbnail","hentry"],"acf":[],"yoast_head":"<!-- This site is optimized with the Yoast SEO plugin v27.2 - https:\/\/yoast.com\/product\/yoast-seo-wordpress\/ -->\n<title>Scandinavian Resorts - Trivec<\/title>\n<meta name=\"robots\" content=\"noindex, follow\" \/>\n<meta property=\"og:locale\" content=\"da_DK\" \/>\n<meta property=\"og:type\" content=\"article\" \/>\n<meta property=\"og:title\" content=\"Scandinavian Resorts - Trivec\" \/>\n<meta property=\"og:description\" content=\"[vc_row][vc_column][vc_story heading_text=&#8221;H\u00f8j tilg\u00e6ngelighed og lokal tilstedev\u00e6relse er vigtige faktorer&#8221; preamble=&#8221;Med 13 restauranter og barer samt en r\u00e6kke andre feriesteder er S\u00e4lens H\u00f6gfj\u00e4llshotell en moderne klassiker i de svenske bjerge. En god service og hurtig fakturering af g\u00e6sterne kr\u00e6ver en effektiv betalingsl\u00f8sning underst\u00f8ttet af en leverand\u00f8r der altid er indenfor r\u00e6kkevidde. Trivec har accepteret udfordringen fra [&hellip;]\" \/>\n<meta property=\"og:url\" content=\"https:\/\/trivec.aws-staging.swace.se\/da\/kunder\/scandinavian-resorts\/\" \/>\n<meta property=\"og:site_name\" content=\"Trivec\" \/>\n<meta property=\"article:modified_time\" content=\"2021-08-05T09:25:30+00:00\" \/>\n<meta property=\"og:image\" content=\"https:\/\/trivec.aws-staging.swace.se\/wp\/uploads\/2021\/08\/ThommyBackner_trivec_ver3-1024x685-1-min.jpeg\" \/>\n\t<meta property=\"og:image:width\" content=\"1024\" \/>\n\t<meta property=\"og:image:height\" content=\"685\" \/>\n\t<meta property=\"og:image:type\" content=\"image\/jpeg\" \/>\n<meta name=\"twitter:card\" content=\"summary_large_image\" \/>\n<meta name=\"twitter:label1\" content=\"Estimeret l\u00e6setid\" \/>\n\t<meta name=\"twitter:data1\" content=\"4 minutter\" \/>\n<script type=\"application\/ld+json\" class=\"yoast-schema-graph\">{\"@context\":\"https:\/\/schema.org\",\"@graph\":[{\"@type\":\"WebPage\",\"@id\":\"https:\/\/trivec.aws-staging.swace.se\/da\/kunder\/scandinavian-resorts\/\",\"url\":\"https:\/\/trivec.aws-staging.swace.se\/da\/kunder\/scandinavian-resorts\/\",\"name\":\"Scandinavian Resorts - Trivec\",\"isPartOf\":{\"@id\":\"https:\/\/trivec.aws-staging.swace.se\/da\/#website\"},\"primaryImageOfPage\":{\"@id\":\"https:\/\/trivec.aws-staging.swace.se\/da\/kunder\/scandinavian-resorts\/#primaryimage\"},\"image\":{\"@id\":\"https:\/\/trivec.aws-staging.swace.se\/da\/kunder\/scandinavian-resorts\/#primaryimage\"},\"thumbnailUrl\":\"https:\/\/trivec.aws-staging.swace.se\/wp\/uploads\/2021\/08\/ThommyBackner_trivec_ver3-1024x685-1-min.jpeg\",\"datePublished\":\"2018-12-05T14:37:53+00:00\",\"dateModified\":\"2021-08-05T09:25:30+00:00\",\"breadcrumb\":{\"@id\":\"https:\/\/trivec.aws-staging.swace.se\/da\/kunder\/scandinavian-resorts\/#breadcrumb\"},\"inLanguage\":\"da-DK\",\"potentialAction\":[{\"@type\":\"ReadAction\",\"target\":[\"https:\/\/trivec.aws-staging.swace.se\/da\/kunder\/scandinavian-resorts\/\"]}]},{\"@type\":\"ImageObject\",\"inLanguage\":\"da-DK\",\"@id\":\"https:\/\/trivec.aws-staging.swace.se\/da\/kunder\/scandinavian-resorts\/#primaryimage\",\"url\":\"https:\/\/trivec.aws-staging.swace.se\/wp\/uploads\/2021\/08\/ThommyBackner_trivec_ver3-1024x685-1-min.jpeg\",\"contentUrl\":\"https:\/\/trivec.aws-staging.swace.se\/wp\/uploads\/2021\/08\/ThommyBackner_trivec_ver3-1024x685-1-min.jpeg\",\"width\":1024,\"height\":685},{\"@type\":\"BreadcrumbList\",\"@id\":\"https:\/\/trivec.aws-staging.swace.se\/da\/kunder\/scandinavian-resorts\/#breadcrumb\",\"itemListElement\":[{\"@type\":\"ListItem\",\"position\":1,\"name\":\"Home\",\"item\":\"https:\/\/trivec.aws-staging.swace.se\/da\/\"},{\"@type\":\"ListItem\",\"position\":2,\"name\":\"Kunder\",\"item\":\"https:\/\/www.trivec.aws-staging.swace.se\/da\/kunder\/\"},{\"@type\":\"ListItem\",\"position\":3,\"name\":\"Scandinavian Resorts\"}]},{\"@type\":\"WebSite\",\"@id\":\"https:\/\/trivec.aws-staging.swace.se\/da\/#website\",\"url\":\"https:\/\/trivec.aws-staging.swace.se\/da\/\",\"name\":\"Trivec\",\"description\":\"Markedsledende kassesystem til restauranter, hotel og barer\",\"potentialAction\":[{\"@type\":\"SearchAction\",\"target\":{\"@type\":\"EntryPoint\",\"urlTemplate\":\"https:\/\/trivec.aws-staging.swace.se\/da\/?s={search_term_string}\"},\"query-input\":{\"@type\":\"PropertyValueSpecification\",\"valueRequired\":true,\"valueName\":\"search_term_string\"}}],\"inLanguage\":\"da-DK\"}]}<\/script>\n<!-- \/ Yoast SEO plugin. -->","yoast_head_json":{"title":"Scandinavian Resorts - Trivec","robots":{"index":"noindex","follow":"follow"},"og_locale":"da_DK","og_type":"article","og_title":"Scandinavian Resorts - Trivec","og_description":"[vc_row][vc_column][vc_story heading_text=&#8221;H\u00f8j tilg\u00e6ngelighed og lokal tilstedev\u00e6relse er vigtige faktorer&#8221; preamble=&#8221;Med 13 restauranter og barer samt en r\u00e6kke andre feriesteder er S\u00e4lens H\u00f6gfj\u00e4llshotell en moderne klassiker i de svenske bjerge. En god service og hurtig fakturering af g\u00e6sterne kr\u00e6ver en effektiv betalingsl\u00f8sning underst\u00f8ttet af en leverand\u00f8r der altid er indenfor r\u00e6kkevidde. Trivec har accepteret udfordringen fra [&hellip;]","og_url":"https:\/\/trivec.aws-staging.swace.se\/da\/kunder\/scandinavian-resorts\/","og_site_name":"Trivec","article_modified_time":"2021-08-05T09:25:30+00:00","og_image":[{"width":1024,"height":685,"url":"https:\/\/trivec.aws-staging.swace.se\/wp\/uploads\/2021\/08\/ThommyBackner_trivec_ver3-1024x685-1-min.jpeg","type":"image\/jpeg"}],"twitter_card":"summary_large_image","twitter_misc":{"Estimeret l\u00e6setid":"4 minutter"},"schema":{"@context":"https:\/\/schema.org","@graph":[{"@type":"WebPage","@id":"https:\/\/trivec.aws-staging.swace.se\/da\/kunder\/scandinavian-resorts\/","url":"https:\/\/trivec.aws-staging.swace.se\/da\/kunder\/scandinavian-resorts\/","name":"Scandinavian Resorts - Trivec","isPartOf":{"@id":"https:\/\/trivec.aws-staging.swace.se\/da\/#website"},"primaryImageOfPage":{"@id":"https:\/\/trivec.aws-staging.swace.se\/da\/kunder\/scandinavian-resorts\/#primaryimage"},"image":{"@id":"https:\/\/trivec.aws-staging.swace.se\/da\/kunder\/scandinavian-resorts\/#primaryimage"},"thumbnailUrl":"https:\/\/trivec.aws-staging.swace.se\/wp\/uploads\/2021\/08\/ThommyBackner_trivec_ver3-1024x685-1-min.jpeg","datePublished":"2018-12-05T14:37:53+00:00","dateModified":"2021-08-05T09:25:30+00:00","breadcrumb":{"@id":"https:\/\/trivec.aws-staging.swace.se\/da\/kunder\/scandinavian-resorts\/#breadcrumb"},"inLanguage":"da-DK","potentialAction":[{"@type":"ReadAction","target":["https:\/\/trivec.aws-staging.swace.se\/da\/kunder\/scandinavian-resorts\/"]}]},{"@type":"ImageObject","inLanguage":"da-DK","@id":"https:\/\/trivec.aws-staging.swace.se\/da\/kunder\/scandinavian-resorts\/#primaryimage","url":"https:\/\/trivec.aws-staging.swace.se\/wp\/uploads\/2021\/08\/ThommyBackner_trivec_ver3-1024x685-1-min.jpeg","contentUrl":"https:\/\/trivec.aws-staging.swace.se\/wp\/uploads\/2021\/08\/ThommyBackner_trivec_ver3-1024x685-1-min.jpeg","width":1024,"height":685},{"@type":"BreadcrumbList","@id":"https:\/\/trivec.aws-staging.swace.se\/da\/kunder\/scandinavian-resorts\/#breadcrumb","itemListElement":[{"@type":"ListItem","position":1,"name":"Home","item":"https:\/\/trivec.aws-staging.swace.se\/da\/"},{"@type":"ListItem","position":2,"name":"Kunder","item":"https:\/\/www.trivec.aws-staging.swace.se\/da\/kunder\/"},{"@type":"ListItem","position":3,"name":"Scandinavian Resorts"}]},{"@type":"WebSite","@id":"https:\/\/trivec.aws-staging.swace.se\/da\/#website","url":"https:\/\/trivec.aws-staging.swace.se\/da\/","name":"Trivec","description":"Markedsledende kassesystem til restauranter, hotel og barer","potentialAction":[{"@type":"SearchAction","target":{"@type":"EntryPoint","urlTemplate":"https:\/\/trivec.aws-staging.swace.se\/da\/?s={search_term_string}"},"query-input":{"@type":"PropertyValueSpecification","valueRequired":true,"valueName":"search_term_string"}}],"inLanguage":"da-DK"}]}},"_links":{"self":[{"href":"https:\/\/trivec.aws-staging.swace.se\/da\/wp-json\/wp\/v2\/pages\/2574","targetHints":{"allow":["GET"]}}],"collection":[{"href":"https:\/\/trivec.aws-staging.swace.se\/da\/wp-json\/wp\/v2\/pages"}],"about":[{"href":"https:\/\/trivec.aws-staging.swace.se\/da\/wp-json\/wp\/v2\/types\/page"}],"author":[{"embeddable":true,"href":"https:\/\/trivec.aws-staging.swace.se\/da\/wp-json\/wp\/v2\/users\/2"}],"replies":[{"embeddable":true,"href":"https:\/\/trivec.aws-staging.swace.se\/da\/wp-json\/wp\/v2\/comments?post=2574"}],"version-history":[{"count":6,"href":"https:\/\/trivec.aws-staging.swace.se\/da\/wp-json\/wp\/v2\/pages\/2574\/revisions"}],"predecessor-version":[{"id":12259,"href":"https:\/\/trivec.aws-staging.swace.se\/da\/wp-json\/wp\/v2\/pages\/2574\/revisions\/12259"}],"up":[{"embeddable":true,"href":"https:\/\/trivec.aws-staging.swace.se\/da\/wp-json\/wp\/v2\/pages\/1097"}],"wp:featuredmedia":[{"embeddable":true,"href":"https:\/\/trivec.aws-staging.swace.se\/da\/wp-json\/wp\/v2\/media\/19166"}],"wp:attachment":[{"href":"https:\/\/trivec.aws-staging.swace.se\/da\/wp-json\/wp\/v2\/media?parent=2574"}],"curies":[{"name":"wp","href":"https:\/\/api.w.org\/{rel}","templated":true}]}}