{"id":21818,"date":"2021-11-10T15:56:19","date_gmt":"2021-11-10T14:56:19","guid":{"rendered":"https:\/\/trivec.aws-staging.swace.se\/?page_id=21818"},"modified":"2023-01-04T10:18:02","modified_gmt":"2023-01-04T09:18:02","slug":"restauranttrends-som-du-ikke-maa-ignorer","status":"publish","type":"page","link":"https:\/\/trivec.aws-staging.swace.se\/da\/mediebibliotek\/restauranttrends-som-du-ikke-maa-ignorer\/","title":{"rendered":"5 trends for restauranter, som kommer til at definere 2022!"},"content":{"rendered":"<div class=\"wpb-content-wrapper\"><p>[vc_row][vc_column][vc_pillarpage headline_xl_1=&#8221;5 trends for restauranter, som kommer til at definere 2023!&#8221; text_xl=&#8221;Velkommen til vores rapport om tendenser i restaurationsbranchen 2023. Vi har kombineret vores mange \u00e5rs erfaring i restaurationsbranchen for at belyse de tendenser, som du kan forvente at se i 2023.<\/p>\n<p>Vi forventer, at forbrugerne vil v\u00e6re endnu mere opm\u00e6rksomme p\u00e5 de f\u00f8devarer, de v\u00e6lger at spise i \u00e5r med v\u00e6gt p\u00e5 mere b\u00e6redygtige retter og flere plantebaserede muligheder med mindre k\u00f8d p\u00e5 menuen. Men ogs\u00e5 et fokus p\u00e5 f\u00f8devarer, der p\u00e5virker vores hum\u00f8r. Sundhed omfatter nu ikke kun fysiske aspekter, men ogs\u00e5 mentale og f\u00f8lelsesm\u00e6ssige aspekter, hvilket vil give restaurat\u00f8rer den udfordring at sikre, at deres menuer afspejler denne samfunds\u00e6ndring.<\/p>\n<p>Vi giver nogle tips til, hvordan man kreativt navigerer rundt i stigende inflation og f\u00f8devareomkostninger og \u00e6ndrer sin menu p\u00e5 den smartest mulige m\u00e5de, og hvordan man kan reagere p\u00e5 de udfordringer, der stilles os over for. Teknologi er ogs\u00e5 fortsat en drivkraft for restaurationsbranchen, og vi viser dig, hvordan du kan bruge den til din fordel.&#8221; chapter_1=&#8221;Restauranttrend 1&#8243; headline_l_1=&#8221;De bedste m\u00e5der at tackle inflation og h\u00f8jere f\u00f8devarepriser p\u00e5&#8221; text_l_1=&#8221;Restaurat\u00f8rer bliver n\u00f8dt til at t\u00e6nke smartere og finde p\u00e5 innovative m\u00e5der at klare stormen i 2023 p\u00e5, lige fra mindre portioner, stigende priser til at n\u00e5 nye kunder, menukortudvikling og meget mere.&#8221; chapter_2=&#8221;Restauranttrend 2&#8243; headline_l_2=&#8221;Menu engineering&#8221; text_l_2=&#8221;I sidste ende kan en kraftig stigning i omkostningerne ikke h\u00e5ndteres med sm\u00e5 justeringer af en menu, faktisk vil det, der kaldes menu engineering, blive langt mere almindeligt i 2023.&#8221; chapter_3=&#8221;Restauranttrend 3&#8243; headline_l_3=&#8221;Smarte tendenser inden for arbejdskraft&#8221; text_l_3=&#8221;Eftervirkningerne af pandemien har v\u00e6ret en udfordring for restaurationsbranchen, is\u00e6r med hensyn til at rekruttere personale for at lette det arbejdskraftbehov, der f\u00f8lger med driften af en succesfuld forretning. Hvordan kan branchen modvirke denne mangel p\u00e5 arbejdskraft i 2023?&#8221; chapter_4=&#8221;Restauranttrend 4&#8243; headline_l_4=&#8221;S\u00e5dan vil teknologien \u00e6ndre restaurationsbranchen i 2023&#8243; text_l_4=&#8221;I mange \u00e5r har teknologien gjort det muligt for virksomheder i restaurationsbranchen at n\u00e5 ud til flere kunder hurtigt og effektivt og har hjulpet os med at betjene og forbedre oplevelsen for betalende kunder. I 2023 forventer vi at se endnu flere teknologidrevne skift i kundetrends.&#8221; chapter_5=&#8221;Restauranttrend 5&#8243; headline_l_5=&#8221;Tendenser inden for mad og drikkevarer&#8221; text_l_5=&#8221;I 2023 forventer vi, at milj\u00f8sp\u00f8rgsm\u00e5l bliver endnu mere presserende p\u00e5 den politiske og daglige dagsorden, da forbrugerne kr\u00e6ver p\u00e5viselige \u00e6ndringer. Forbrugerne er sultne efter lederskab i milj\u00f8sp\u00f8rgsm\u00e5l, etiske forretningsmetoder, folkesundhed og andre vigtige sager.&#8221; whitepaper_image_attachment=&#8221;29632&#8243; whitepaper_text=&#8221;Download din kopi af Trend Report i dag&#8221; download_button=&#8221;Download PDF&#8221; link_button=&#8221;url:https%3A%2F%2Flp.trivec.aws-staging.swace.se%2Fdk-download-trendrapporten&#8221;][vc_pillarpage_textblock headline_text=&#8221;Sundhedsbevidst mad vil dominere restaurantmenuerne&#8221;]Det stigende fokus p\u00e5 en sund livsstil skaber en \u00f8get bevidsthed om madvalg, hvilket i sidste ende afspejles i de aktuelle menuer. Vi ser et bem\u00e6rkelsesv\u00e6rdigt skift mod rene og friske r\u00e5varer i planteform, og selvom k\u00f8d i h\u00f8j grad stadig er en del af forbrugernes kost, er det nu b\u00e5de relevant og n\u00f8dvendigt for spisestedet at videreformidle, hvordan r\u00e5varerne er blevet opdr\u00e6ttet, fanget eller dyrket, s\u00e5 restaurantg\u00e6sterne f\u00e5r en dybere forst\u00e5else for, hvordan de er n\u00e5et frem til tallerkenen.<\/p>\n<p><strong>\u00a0<\/strong><\/p>\n<h3>Vi er nu i endnu h\u00f8jere grad opm\u00e6rksomme p\u00e5 de f\u00f8devarer, vi indtager<\/h3>\n<p>Pandemien viste os alle vigtigheden af sundhed og velv\u00e6re, og vi er nu langt mere opm\u00e6rksomme p\u00e5 den mad, vi nyder, og hvor den stammer fra. I 2022 forudser vi, at tendensen med sunde f\u00f8devarer vil forts\u00e6tte med hastige skridt. Traditionelle spisesteder, fastfood-virksomheder og endda leveringsbaserede virksomheder inden for f\u00f8devarebranchen kommer til at tilbyde sunde menuer som standard, og dette vil v\u00e6re en trend, der forts\u00e6tter fremadrettet.\u00a0 Eksempelvis har selv de mest kendte fastfoodk\u00e6der som McDonald&#8217;s annonceret 5 nye og meget ambiti\u00f8se globale Happy Meal-m\u00e5l, der skal n\u00e5s inden udgangen af 2022. Disse omfatter, at man tilbyder mere afbalancerede m\u00e5ltider, g\u00f8r brug af forenklede ingredienser, er mere transparente med ern\u00e6ringsoplysningerne og markedsf\u00f8rer sig p\u00e5 ansvarlig vis.<\/p>\n<h3>G\u00e6sterne er p\u00e5 udkig efter lokale r\u00e5varer<\/h3>\n<p>I 2022 vil g\u00e6sterne i stigende grad bes\u00f8ge de restauranter, der serverer lokalt producerede r\u00e5varer. Trenden med at k\u00f8be, hvad der nu engang skal k\u00f8bes, p\u00e5 de lokale g\u00e5rde, er ikke sat i v\u00e6rk overalt. Problemer i forsyningsk\u00e6derne forts\u00e6tter imidlertid med at p\u00e5virke verden, s\u00e5 rent forretningsm\u00e6ssigt giver det bedst mening at k\u00f8be varerne lokalt. Det sparer p\u00e5 de forsendelsesomkostninger, som er forbundet med internationale produkter, og sikrer, at produkterne er af en frisk kvalitet, da produkterne ikke er frosset ned for at forl\u00e6nge holdbarheden. Lokale indk\u00f8b underst\u00f8tter ogs\u00e5 det lokale \u00f8kosystem og hj\u00e6lper restauranterne med at reducere deres CO2-fodaftryk.[\/vc_pillarpage_textblock][vc_pillarpage_textblock headline_text=&#8221;De bedste m\u00e5der at tackle inflation og h\u00f8jere f\u00f8devarepriser p\u00e5&#8221;]De globale f\u00f8devarepriser har v\u00e6ret st\u00e6rkt stigende siden 2020. Verdensf\u00f8devarebankens f\u00f8devareprisindeks for r\u00e5varer n\u00e5ede et rekordh\u00f8jt niveau i 2022 og er mere end 80 % h\u00f8jere end to \u00e5r tidligere. Flere faktorer er skyld i denne stigning, herunder \u00f8konomisk genopretning efter pandemien, der har presset priserne op, h\u00f8jere fragtomkostninger, stigende omkostninger til g\u00f8dning og \u00f8gede eksportrestriktioner. Krigen i Ukraine har yderligere forv\u00e6rret problemet, og med den usikkerhed, der omgiver situationen, forventes f\u00f8devarepriserne at forts\u00e6tte med at stige i \u00e5r.<\/p>\n<h3>Restaurat\u00f8rerne bliver n\u00f8dt til at t\u00e6nke smartere<\/h3>\n<p>De stigende f\u00f8devarepriser vil sandsynligvis f\u00e5 store konsekvenser for restaurationsbranchen. I en rundsp\u00f8rge foretaget af 66 % af de uafh\u00e6ngige restauranter, der oplever en nedgang i salget som f\u00f8lge af inflationen, viser en unders\u00f8gelse fra det lille erhvervsnetv\u00e6rk <a href=\"https:\/\/www.alignable.com\/\" target=\"_blank\" rel=\"noopener\">Alignable<\/a>, at halvdelen af ejerne af sm\u00e5 virksomheder og n\u00e6sten tre fjerdedele af restaurat\u00f8rerne frygter, at inflationen vil drive dem ud af markedet. Unders\u00f8gelsen viste ogs\u00e5, at over 66 % af de uafh\u00e6ngige restauranter oplever en nedgang i salget som f\u00f8lge af inflationen.<\/p>\n<p>Restaurat\u00f8rer bliver n\u00f8dt til at t\u00e6nke smartere og finde p\u00e5 innovative m\u00e5der at klare stormen p\u00e5 i 2023, lige fra mindre portioner, stigende priser til at n\u00e5 nye kunder, menusteknologi og meget mere. Det er ikke en mulighed at sk\u00e6re ned p\u00e5 service og kvalitet. N\u00e5r g\u00e6sterne g\u00e5r ud f\u00e6rre gange om ugen, skal du s\u00f8rge for, at de kommer til dig.[\/vc_pillarpage_textblock][vc_pillarpage_textblock headline_text=&#8221;Menu engineering&#8221;]At h\u00e5ndtere stigende f\u00f8devare- og l\u00f8nomkostninger og samtidig forblive konkurrencedygtig er noget, som mange kreative t\u00e6nkere og strateger vil arbejde p\u00e5 i 2023. I sidste ende kan en kraftig stigning i omkostningerne ikke tackles med sm\u00e5 justeringer af en menu, faktisk vil det, der kaldes menu engineering, blive langt mere almindeligt i 2023. Menu engineering er en ramme til at evaluere og optimere din restaurantmenus prisfasts\u00e6ttelse og design for at skabe en mere rentabel menu og forretning generelt. Det indeb\u00e6rer, at alle menupunkter kategoriseres i en af fire menu engineering-kategorier, baseret p\u00e5 den enkelte menupunkters rentabilitet og popularitet.<\/p>\n<h3>Nogle af de menustrends, som vi forventer at se i 2023, omfatter bl.a:<\/h3>\n<p>H\u00f8jt oppe p\u00e5 siden for profit<\/p>\n<p>Str\u00f8mlinede menuer<\/p>\n<p>S\u00e6sonbestemte og lokale ingredienser<\/p>\n<p>Restaurantprognoser[\/vc_pillarpage_textblock][vc_pillarpage_textblock headline_text=&#8221;Smarte tendenser inden for arbejdskraft&#8221;]<\/p>\n<h3>Rekruttere smart<\/h3>\n<p>Den konventionelle model med rekruttering af personale via et bureau eller virksomheders markedsf\u00f8ringsmetoder er kun en del af rekrutteringsprocessen. Faktisk giver sociale medier og personaleincitamenter bedre og hurtigere resultater med f\u00e6rre omkostninger forbundet med ans\u00e6ttelse af nye medarbejdere.<\/p>\n<h3>Fasthold talenter<\/h3>\n<p>Den n\u00e6ste udfordring er at holde p\u00e5 de nye medarbejdere. En forst\u00e5else af, hvordan det ser ud, n\u00e5r dit team er engageret og passende bel\u00f8nnet, vil give udbytte.[\/vc_pillarpage_textblock][vc_pillarpage_textblock headline_text=&#8221;S\u00e5dan vil teknologien \u00e6ndre restaurationsbranchen i 2023&#8243;]<\/p>\n<h3>Delivery er vigtigere end nogensinde!<\/h3>\n<p>Det globale marked for levering af mad udg\u00f8r en stadig st\u00f8rre del af restaurationsbranchen. If\u00f8lge en rapport fra Statista vil online-madleverancerens andel af det globale marked v\u00e6re over 20 % i 2025, hvilket er en stigning fra 13 % markedsandel i 2020. Faktisk voksede markedet for online-madleverancer med ansl\u00e5et 27 % alene i 2020.<\/p>\n<h3>Smart digital teknologi forbedrer effektiviteten og marginerne<\/h3>\n<p>Indf\u00f8relsen af tjenere, der bruger h\u00e5ndholdte bestillings- og betalingsapparater til hurtigere behandling af ordrer og betalinger. Eller QR-koder til selvbetjening. For ikke at n\u00e6vne det faktum, at det skaber en nem kontaktl\u00f8s betalingsmulighed for spisende g\u00e6ster.<\/p>\n<p>Kunderne bliver mere og mere vant til og nyder muligheden for selvbetjening, idet de bruger v\u00e6rkt\u00f8jer som QR-koder til at se menuer via smartphones og tablets for eksempel. Kunderne kan bestille og betale i deres fritid og er i nogle tilf\u00e6lde ikke afh\u00e6ngige af serveringspersonale.[\/vc_pillarpage_textblock][vc_pillarpage_textblock headline_text=&#8221;Tendenser inden for mad og drikkevarer&#8221;]I overensstemmelse med forbrugernes milj\u00f8hensyn skal restauranterne sikre, at milj\u00f8, b\u00e6redygtighed og sundhed er i fokus p\u00e5 deres menuer. Sund mad er helt sikkert tilbage i stor stil i 2023.<\/p>\n<h3>Sunde juicer og smoothies<\/h3>\n<p>If\u00f8lge rapporten Global Fruit Juice Market Trends Report n\u00e5ede det globale marked for frugtsaft en v\u00e6rdi af 141 mia. USD i 2021, og markedet forventes at n\u00e5 182 mia. USD i 2027. Forbruget af sodavand, s\u00e5som cola og sodavand med smag, er globalt set faldende, da de har et h\u00f8jt sukkerindhold, kunstige farvestoffer, fosforsyre, kunstige s\u00f8demidler og koffein, som kan have negative virkninger p\u00e5 menneskekroppen. P\u00e5 grund af dette skifter et stort antal forbrugere fra kulsyreholdige drikkevarer til naturlige frugtsafter.<\/p>\n<h3>F\u00f8devaretendenser<\/h3>\n<p>Plantebaserede f\u00f8devarer vil fortsat tage f\u00f8ringen i 2023 drevet af millennials. Men ogs\u00e5 svampe og fisk er store p\u00e5 listen over f\u00f8devaretrends i 2023. New York Times erkl\u00e6rede svampe som &#8220;\u00c5rets ingrediens i 2022&#8221;. De giver en r\u00e6kke sundhedsfordele og spiller hovedrollen i folks yndlingsretter &#8211; pasta, pizza og endda desserter. Svampe forudses at blive endnu mere popul\u00e6re i de kommende \u00e5r.[\/vc_pillarpage_textblock][\/vc_column][\/vc_row]<\/p>\n<\/div>","protected":false},"excerpt":{"rendered":"<p>[vc_row][vc_column][vc_pillarpage headline_xl_1=&#8221;5 trends for restauranter, som kommer til at definere 2023!&#8221; text_xl=&#8221;Velkommen til vores rapport om tendenser i restaurationsbranchen 2023. Vi har kombineret vores mange \u00e5rs erfaring i restaurationsbranchen for at belyse de tendenser, som du kan forvente at se i 2023. Vi forventer, at forbrugerne vil v\u00e6re endnu mere opm\u00e6rksomme p\u00e5 de f\u00f8devarer, de [&hellip;]<\/p>\n","protected":false},"author":2,"featured_media":0,"parent":11159,"menu_order":0,"comment_status":"closed","ping_status":"closed","template":"","meta":{"_acf_changed":false,"content-type":"","footnotes":""},"class_list":["post-21818","page","type-page","status-publish","hentry"],"acf":[],"yoast_head":"<!-- This site is optimized with the Yoast SEO plugin v27.2 - https:\/\/yoast.com\/product\/yoast-seo-wordpress\/ -->\n<title>5 trends for restauranter, som kommer til at definere 2022! - Trivec<\/title>\n<meta name=\"robots\" content=\"noindex, follow\" \/>\n<meta property=\"og:locale\" content=\"da_DK\" \/>\n<meta property=\"og:type\" content=\"article\" \/>\n<meta property=\"og:title\" content=\"5 trends for restauranter, som kommer til at definere 2022! - Trivec\" \/>\n<meta property=\"og:description\" content=\"[vc_row][vc_column][vc_pillarpage headline_xl_1=&#8221;5 trends for restauranter, som kommer til at definere 2023!&#8221; text_xl=&#8221;Velkommen til vores rapport om tendenser i restaurationsbranchen 2023. Vi har kombineret vores mange \u00e5rs erfaring i restaurationsbranchen for at belyse de tendenser, som du kan forvente at se i 2023. Vi forventer, at forbrugerne vil v\u00e6re endnu mere opm\u00e6rksomme p\u00e5 de f\u00f8devarer, de [&hellip;]\" \/>\n<meta property=\"og:url\" content=\"https:\/\/trivec.aws-staging.swace.se\/da\/mediebibliotek\/restauranttrends-som-du-ikke-maa-ignorer\/\" \/>\n<meta property=\"og:site_name\" content=\"Trivec\" \/>\n<meta property=\"article:modified_time\" content=\"2023-01-04T09:18:02+00:00\" \/>\n<meta name=\"twitter:card\" content=\"summary_large_image\" \/>\n<meta name=\"twitter:label1\" content=\"Estimeret l\u00e6setid\" \/>\n\t<meta name=\"twitter:data1\" content=\"7 minutter\" \/>\n<script type=\"application\/ld+json\" class=\"yoast-schema-graph\">{\"@context\":\"https:\/\/schema.org\",\"@graph\":[{\"@type\":\"WebPage\",\"@id\":\"https:\/\/trivec.aws-staging.swace.se\/da\/mediebibliotek\/restauranttrends-som-du-ikke-maa-ignorer\/\",\"url\":\"https:\/\/trivec.aws-staging.swace.se\/da\/mediebibliotek\/restauranttrends-som-du-ikke-maa-ignorer\/\",\"name\":\"5 trends for restauranter, som kommer til at definere 2022! - Trivec\",\"isPartOf\":{\"@id\":\"https:\/\/trivec.aws-staging.swace.se\/da\/#website\"},\"datePublished\":\"2021-11-10T14:56:19+00:00\",\"dateModified\":\"2023-01-04T09:18:02+00:00\",\"breadcrumb\":{\"@id\":\"https:\/\/trivec.aws-staging.swace.se\/da\/mediebibliotek\/restauranttrends-som-du-ikke-maa-ignorer\/#breadcrumb\"},\"inLanguage\":\"da-DK\",\"potentialAction\":[{\"@type\":\"ReadAction\",\"target\":[\"https:\/\/trivec.aws-staging.swace.se\/da\/mediebibliotek\/restauranttrends-som-du-ikke-maa-ignorer\/\"]}]},{\"@type\":\"BreadcrumbList\",\"@id\":\"https:\/\/trivec.aws-staging.swace.se\/da\/mediebibliotek\/restauranttrends-som-du-ikke-maa-ignorer\/#breadcrumb\",\"itemListElement\":[{\"@type\":\"ListItem\",\"position\":1,\"name\":\"Home\",\"item\":\"https:\/\/trivec.aws-staging.swace.se\/da\/\"},{\"@type\":\"ListItem\",\"position\":2,\"name\":\"Mediebibliotek\",\"item\":\"https:\/\/trivec.aws-staging.swace.se\/da\/mediebibliotek\/\"},{\"@type\":\"ListItem\",\"position\":3,\"name\":\"5 trends for restauranter, som kommer til at definere 2022!\"}]},{\"@type\":\"WebSite\",\"@id\":\"https:\/\/trivec.aws-staging.swace.se\/da\/#website\",\"url\":\"https:\/\/trivec.aws-staging.swace.se\/da\/\",\"name\":\"Trivec\",\"description\":\"Markedsledende kassesystem til restauranter, hotel og barer\",\"potentialAction\":[{\"@type\":\"SearchAction\",\"target\":{\"@type\":\"EntryPoint\",\"urlTemplate\":\"https:\/\/trivec.aws-staging.swace.se\/da\/?s={search_term_string}\"},\"query-input\":{\"@type\":\"PropertyValueSpecification\",\"valueRequired\":true,\"valueName\":\"search_term_string\"}}],\"inLanguage\":\"da-DK\"}]}<\/script>\n<!-- \/ Yoast SEO plugin. -->","yoast_head_json":{"title":"5 trends for restauranter, som kommer til at definere 2022! - Trivec","robots":{"index":"noindex","follow":"follow"},"og_locale":"da_DK","og_type":"article","og_title":"5 trends for restauranter, som kommer til at definere 2022! - Trivec","og_description":"[vc_row][vc_column][vc_pillarpage headline_xl_1=&#8221;5 trends for restauranter, som kommer til at definere 2023!&#8221; text_xl=&#8221;Velkommen til vores rapport om tendenser i restaurationsbranchen 2023. Vi har kombineret vores mange \u00e5rs erfaring i restaurationsbranchen for at belyse de tendenser, som du kan forvente at se i 2023. Vi forventer, at forbrugerne vil v\u00e6re endnu mere opm\u00e6rksomme p\u00e5 de f\u00f8devarer, de [&hellip;]","og_url":"https:\/\/trivec.aws-staging.swace.se\/da\/mediebibliotek\/restauranttrends-som-du-ikke-maa-ignorer\/","og_site_name":"Trivec","article_modified_time":"2023-01-04T09:18:02+00:00","twitter_card":"summary_large_image","twitter_misc":{"Estimeret l\u00e6setid":"7 minutter"},"schema":{"@context":"https:\/\/schema.org","@graph":[{"@type":"WebPage","@id":"https:\/\/trivec.aws-staging.swace.se\/da\/mediebibliotek\/restauranttrends-som-du-ikke-maa-ignorer\/","url":"https:\/\/trivec.aws-staging.swace.se\/da\/mediebibliotek\/restauranttrends-som-du-ikke-maa-ignorer\/","name":"5 trends for restauranter, som kommer til at definere 2022! - Trivec","isPartOf":{"@id":"https:\/\/trivec.aws-staging.swace.se\/da\/#website"},"datePublished":"2021-11-10T14:56:19+00:00","dateModified":"2023-01-04T09:18:02+00:00","breadcrumb":{"@id":"https:\/\/trivec.aws-staging.swace.se\/da\/mediebibliotek\/restauranttrends-som-du-ikke-maa-ignorer\/#breadcrumb"},"inLanguage":"da-DK","potentialAction":[{"@type":"ReadAction","target":["https:\/\/trivec.aws-staging.swace.se\/da\/mediebibliotek\/restauranttrends-som-du-ikke-maa-ignorer\/"]}]},{"@type":"BreadcrumbList","@id":"https:\/\/trivec.aws-staging.swace.se\/da\/mediebibliotek\/restauranttrends-som-du-ikke-maa-ignorer\/#breadcrumb","itemListElement":[{"@type":"ListItem","position":1,"name":"Home","item":"https:\/\/trivec.aws-staging.swace.se\/da\/"},{"@type":"ListItem","position":2,"name":"Mediebibliotek","item":"https:\/\/trivec.aws-staging.swace.se\/da\/mediebibliotek\/"},{"@type":"ListItem","position":3,"name":"5 trends for restauranter, som kommer til at definere 2022!"}]},{"@type":"WebSite","@id":"https:\/\/trivec.aws-staging.swace.se\/da\/#website","url":"https:\/\/trivec.aws-staging.swace.se\/da\/","name":"Trivec","description":"Markedsledende kassesystem til restauranter, hotel og barer","potentialAction":[{"@type":"SearchAction","target":{"@type":"EntryPoint","urlTemplate":"https:\/\/trivec.aws-staging.swace.se\/da\/?s={search_term_string}"},"query-input":{"@type":"PropertyValueSpecification","valueRequired":true,"valueName":"search_term_string"}}],"inLanguage":"da-DK"}]}},"_links":{"self":[{"href":"https:\/\/trivec.aws-staging.swace.se\/da\/wp-json\/wp\/v2\/pages\/21818","targetHints":{"allow":["GET"]}}],"collection":[{"href":"https:\/\/trivec.aws-staging.swace.se\/da\/wp-json\/wp\/v2\/pages"}],"about":[{"href":"https:\/\/trivec.aws-staging.swace.se\/da\/wp-json\/wp\/v2\/types\/page"}],"author":[{"embeddable":true,"href":"https:\/\/trivec.aws-staging.swace.se\/da\/wp-json\/wp\/v2\/users\/2"}],"replies":[{"embeddable":true,"href":"https:\/\/trivec.aws-staging.swace.se\/da\/wp-json\/wp\/v2\/comments?post=21818"}],"version-history":[{"count":7,"href":"https:\/\/trivec.aws-staging.swace.se\/da\/wp-json\/wp\/v2\/pages\/21818\/revisions"}],"predecessor-version":[{"id":25610,"href":"https:\/\/trivec.aws-staging.swace.se\/da\/wp-json\/wp\/v2\/pages\/21818\/revisions\/25610"}],"up":[{"embeddable":true,"href":"https:\/\/trivec.aws-staging.swace.se\/da\/wp-json\/wp\/v2\/pages\/11159"}],"wp:attachment":[{"href":"https:\/\/trivec.aws-staging.swace.se\/da\/wp-json\/wp\/v2\/media?parent=21818"}],"curies":[{"name":"wp","href":"https:\/\/api.w.org\/{rel}","templated":true}]}}