{"id":13695,"date":"2020-12-21T17:21:02","date_gmt":"2020-12-21T16:21:02","guid":{"rendered":"https:\/\/trivec.aws-staging.swace.se\/?page_id=13695"},"modified":"2023-03-17T17:13:42","modified_gmt":"2023-03-17T16:13:42","slug":"hotel-system","status":"publish","type":"page","link":"https:\/\/trivec.aws-staging.swace.se\/da\/produkter\/hotel-system\/","title":{"rendered":"Hotel POS"},"content":{"rendered":"","protected":false},"excerpt":{"rendered":"","protected":false},"author":2,"featured_media":0,"parent":1141,"menu_order":0,"comment_status":"closed","ping_status":"closed","template":"","meta":{"_acf_changed":false,"content-type":"","footnotes":""},"class_list":["post-13695","page","type-page","status-publish","hentry"],"acf":[],"yoast_head":"<!-- This site is optimized with the Yoast SEO plugin v27.2 - https:\/\/yoast.com\/product\/yoast-seo-wordpress\/ -->\n<title>Hotel POS - Trivec<\/title>\n<meta name=\"description\" content=\"Nem betaling p\u00e5 dit hotel. Vores POS system til hotel tilbyder integrationer til de mest popul\u00e6re PMS-system. L\u00e6s mere!\" \/>\n<meta name=\"robots\" content=\"noindex, follow\" \/>\n<meta property=\"og:locale\" content=\"da_DK\" \/>\n<meta property=\"og:type\" content=\"article\" \/>\n<meta property=\"og:title\" content=\"Hotel POS - Trivec\" \/>\n<meta property=\"og:description\" content=\"Nem betaling p\u00e5 dit hotel. Vores POS system til hotel tilbyder integrationer til de mest popul\u00e6re PMS-system. L\u00e6s mere!\" \/>\n<meta property=\"og:url\" content=\"https:\/\/trivec.aws-staging.swace.se\/da\/produkter\/hotel-system\/\" \/>\n<meta property=\"og:site_name\" content=\"Trivec\" \/>\n<meta property=\"article:modified_time\" content=\"2023-03-17T16:13:42+00:00\" \/>\n<meta name=\"twitter:card\" content=\"summary_large_image\" \/>\n<script type=\"application\/ld+json\" class=\"yoast-schema-graph\">{\"@context\":\"https:\/\/schema.org\",\"@graph\":[{\"@type\":\"WebPage\",\"@id\":\"https:\/\/trivec.aws-staging.swace.se\/da\/produkter\/hotel-system\/\",\"url\":\"https:\/\/trivec.aws-staging.swace.se\/da\/produkter\/hotel-system\/\",\"name\":\"Hotel POS - Trivec\",\"isPartOf\":{\"@id\":\"https:\/\/trivec.aws-staging.swace.se\/da\/#website\"},\"datePublished\":\"2020-12-21T16:21:02+00:00\",\"dateModified\":\"2023-03-17T16:13:42+00:00\",\"description\":\"Nem betaling p\u00e5 dit hotel. Vores POS system til hotel tilbyder integrationer til de mest popul\u00e6re PMS-system. L\u00e6s mere!\",\"breadcrumb\":{\"@id\":\"https:\/\/trivec.aws-staging.swace.se\/da\/produkter\/hotel-system\/#breadcrumb\"},\"inLanguage\":\"da-DK\",\"potentialAction\":[{\"@type\":\"ReadAction\",\"target\":[\"https:\/\/trivec.aws-staging.swace.se\/da\/produkter\/hotel-system\/\"]}]},{\"@type\":\"BreadcrumbList\",\"@id\":\"https:\/\/trivec.aws-staging.swace.se\/da\/produkter\/hotel-system\/#breadcrumb\",\"itemListElement\":[{\"@type\":\"ListItem\",\"position\":1,\"name\":\"Home\",\"item\":\"https:\/\/trivec.aws-staging.swace.se\/da\/\"},{\"@type\":\"ListItem\",\"position\":2,\"name\":\"Produkter\",\"item\":\"https:\/\/trivec.aws-staging.swace.se\/da\/produkter\/\"},{\"@type\":\"ListItem\",\"position\":3,\"name\":\"Hotel POS\"}]},{\"@type\":\"WebSite\",\"@id\":\"https:\/\/trivec.aws-staging.swace.se\/da\/#website\",\"url\":\"https:\/\/trivec.aws-staging.swace.se\/da\/\",\"name\":\"Trivec\",\"description\":\"Markedsledende kassesystem til restauranter, hotel og barer\",\"potentialAction\":[{\"@type\":\"SearchAction\",\"target\":{\"@type\":\"EntryPoint\",\"urlTemplate\":\"https:\/\/trivec.aws-staging.swace.se\/da\/?s={search_term_string}\"},\"query-input\":{\"@type\":\"PropertyValueSpecification\",\"valueRequired\":true,\"valueName\":\"search_term_string\"}}],\"inLanguage\":\"da-DK\"}]}<\/script>\n<!-- \/ Yoast SEO plugin. -->","yoast_head_json":{"title":"Hotel POS - Trivec","description":"Nem betaling p\u00e5 dit hotel. Vores POS system til hotel tilbyder integrationer til de mest popul\u00e6re PMS-system. L\u00e6s mere!","robots":{"index":"noindex","follow":"follow"},"og_locale":"da_DK","og_type":"article","og_title":"Hotel POS - Trivec","og_description":"Nem betaling p\u00e5 dit hotel. Vores POS system til hotel tilbyder integrationer til de mest popul\u00e6re PMS-system. L\u00e6s mere!","og_url":"https:\/\/trivec.aws-staging.swace.se\/da\/produkter\/hotel-system\/","og_site_name":"Trivec","article_modified_time":"2023-03-17T16:13:42+00:00","twitter_card":"summary_large_image","schema":{"@context":"https:\/\/schema.org","@graph":[{"@type":"WebPage","@id":"https:\/\/trivec.aws-staging.swace.se\/da\/produkter\/hotel-system\/","url":"https:\/\/trivec.aws-staging.swace.se\/da\/produkter\/hotel-system\/","name":"Hotel POS - Trivec","isPartOf":{"@id":"https:\/\/trivec.aws-staging.swace.se\/da\/#website"},"datePublished":"2020-12-21T16:21:02+00:00","dateModified":"2023-03-17T16:13:42+00:00","description":"Nem betaling p\u00e5 dit hotel. Vores POS system til hotel tilbyder integrationer til de mest popul\u00e6re PMS-system. L\u00e6s mere!","breadcrumb":{"@id":"https:\/\/trivec.aws-staging.swace.se\/da\/produkter\/hotel-system\/#breadcrumb"},"inLanguage":"da-DK","potentialAction":[{"@type":"ReadAction","target":["https:\/\/trivec.aws-staging.swace.se\/da\/produkter\/hotel-system\/"]}]},{"@type":"BreadcrumbList","@id":"https:\/\/trivec.aws-staging.swace.se\/da\/produkter\/hotel-system\/#breadcrumb","itemListElement":[{"@type":"ListItem","position":1,"name":"Home","item":"https:\/\/trivec.aws-staging.swace.se\/da\/"},{"@type":"ListItem","position":2,"name":"Produkter","item":"https:\/\/trivec.aws-staging.swace.se\/da\/produkter\/"},{"@type":"ListItem","position":3,"name":"Hotel POS"}]},{"@type":"WebSite","@id":"https:\/\/trivec.aws-staging.swace.se\/da\/#website","url":"https:\/\/trivec.aws-staging.swace.se\/da\/","name":"Trivec","description":"Markedsledende kassesystem til restauranter, hotel og barer","potentialAction":[{"@type":"SearchAction","target":{"@type":"EntryPoint","urlTemplate":"https:\/\/trivec.aws-staging.swace.se\/da\/?s={search_term_string}"},"query-input":{"@type":"PropertyValueSpecification","valueRequired":true,"valueName":"search_term_string"}}],"inLanguage":"da-DK"}]}},"_links":{"self":[{"href":"https:\/\/trivec.aws-staging.swace.se\/da\/wp-json\/wp\/v2\/pages\/13695","targetHints":{"allow":["GET"]}}],"collection":[{"href":"https:\/\/trivec.aws-staging.swace.se\/da\/wp-json\/wp\/v2\/pages"}],"about":[{"href":"https:\/\/trivec.aws-staging.swace.se\/da\/wp-json\/wp\/v2\/types\/page"}],"author":[{"embeddable":true,"href":"https:\/\/trivec.aws-staging.swace.se\/da\/wp-json\/wp\/v2\/users\/2"}],"replies":[{"embeddable":true,"href":"https:\/\/trivec.aws-staging.swace.se\/da\/wp-json\/wp\/v2\/comments?post=13695"}],"version-history":[{"count":17,"href":"https:\/\/trivec.aws-staging.swace.se\/da\/wp-json\/wp\/v2\/pages\/13695\/revisions"}],"predecessor-version":[{"id":32349,"href":"https:\/\/trivec.aws-staging.swace.se\/da\/wp-json\/wp\/v2\/pages\/13695\/revisions\/32349"}],"up":[{"embeddable":true,"href":"https:\/\/trivec.aws-staging.swace.se\/da\/wp-json\/wp\/v2\/pages\/1141"}],"wp:attachment":[{"href":"https:\/\/trivec.aws-staging.swace.se\/da\/wp-json\/wp\/v2\/media?parent=13695"}],"curies":[{"name":"wp","href":"https:\/\/api.w.org\/{rel}","templated":true}]}}