{"id":13692,"date":"2020-12-21T17:04:02","date_gmt":"2020-12-21T16:04:02","guid":{"rendered":"https:\/\/trivec.aws-staging.swace.se\/?page_id=13692"},"modified":"2023-02-09T15:57:05","modified_gmt":"2023-02-09T14:57:05","slug":"integrer-dit-pos-system-med-dit-oekonomisystem","status":"publish","type":"page","link":"https:\/\/trivec.aws-staging.swace.se\/da\/produkter\/integrer-dit-pos-system-med-dit-oekonomisystem\/","title":{"rendered":"Integrer dit POS-system med dit \u00f8konomisystem"},"content":{"rendered":"","protected":false},"excerpt":{"rendered":"","protected":false},"author":2,"featured_media":0,"parent":1141,"menu_order":0,"comment_status":"closed","ping_status":"closed","template":"","meta":{"_acf_changed":false,"content-type":"","footnotes":""},"class_list":["post-13692","page","type-page","status-publish","hentry"],"acf":[],"yoast_head":"<!-- This site is optimized with the Yoast SEO plugin v27.2 - https:\/\/yoast.com\/product\/yoast-seo-wordpress\/ -->\n<title>\u00d8konomisystem restaurant - Trivec<\/title>\n<meta name=\"description\" content=\"Integrer dit kassesystem med dit \u00f8konomisystem til restaurant. Automatisk fakturering. F\u00e5 en komplet regnskabsrapport!\" \/>\n<meta name=\"robots\" content=\"noindex, follow\" \/>\n<meta property=\"og:locale\" content=\"da_DK\" \/>\n<meta property=\"og:type\" content=\"article\" \/>\n<meta property=\"og:title\" content=\"\u00d8konomisystem restaurant - Trivec\" \/>\n<meta property=\"og:description\" content=\"Integrer dit kassesystem med dit \u00f8konomisystem til restaurant. Automatisk fakturering. F\u00e5 en komplet regnskabsrapport!\" \/>\n<meta property=\"og:url\" content=\"https:\/\/trivec.aws-staging.swace.se\/da\/produkter\/integrer-dit-pos-system-med-dit-oekonomisystem\/\" \/>\n<meta property=\"og:site_name\" content=\"Trivec\" \/>\n<meta property=\"article:modified_time\" content=\"2023-02-09T14:57:05+00:00\" \/>\n<meta name=\"twitter:card\" content=\"summary_large_image\" \/>\n<script type=\"application\/ld+json\" class=\"yoast-schema-graph\">{\"@context\":\"https:\/\/schema.org\",\"@graph\":[{\"@type\":\"WebPage\",\"@id\":\"https:\/\/trivec.aws-staging.swace.se\/da\/produkter\/integrer-dit-pos-system-med-dit-oekonomisystem\/\",\"url\":\"https:\/\/trivec.aws-staging.swace.se\/da\/produkter\/integrer-dit-pos-system-med-dit-oekonomisystem\/\",\"name\":\"\u00d8konomisystem restaurant - Trivec\",\"isPartOf\":{\"@id\":\"https:\/\/trivec.aws-staging.swace.se\/da\/#website\"},\"datePublished\":\"2020-12-21T16:04:02+00:00\",\"dateModified\":\"2023-02-09T14:57:05+00:00\",\"description\":\"Integrer dit kassesystem med dit \u00f8konomisystem til restaurant. Automatisk fakturering. F\u00e5 en komplet regnskabsrapport!\",\"breadcrumb\":{\"@id\":\"https:\/\/trivec.aws-staging.swace.se\/da\/produkter\/integrer-dit-pos-system-med-dit-oekonomisystem\/#breadcrumb\"},\"inLanguage\":\"da-DK\",\"potentialAction\":[{\"@type\":\"ReadAction\",\"target\":[\"https:\/\/trivec.aws-staging.swace.se\/da\/produkter\/integrer-dit-pos-system-med-dit-oekonomisystem\/\"]}]},{\"@type\":\"BreadcrumbList\",\"@id\":\"https:\/\/trivec.aws-staging.swace.se\/da\/produkter\/integrer-dit-pos-system-med-dit-oekonomisystem\/#breadcrumb\",\"itemListElement\":[{\"@type\":\"ListItem\",\"position\":1,\"name\":\"Home\",\"item\":\"https:\/\/trivec.aws-staging.swace.se\/da\/\"},{\"@type\":\"ListItem\",\"position\":2,\"name\":\"Produkter\",\"item\":\"https:\/\/trivec.aws-staging.swace.se\/da\/produkter\/\"},{\"@type\":\"ListItem\",\"position\":3,\"name\":\"Integrer dit POS-system med dit \u00f8konomisystem\"}]},{\"@type\":\"WebSite\",\"@id\":\"https:\/\/trivec.aws-staging.swace.se\/da\/#website\",\"url\":\"https:\/\/trivec.aws-staging.swace.se\/da\/\",\"name\":\"Trivec\",\"description\":\"Markedsledende kassesystem til restauranter, hotel og barer\",\"potentialAction\":[{\"@type\":\"SearchAction\",\"target\":{\"@type\":\"EntryPoint\",\"urlTemplate\":\"https:\/\/trivec.aws-staging.swace.se\/da\/?s={search_term_string}\"},\"query-input\":{\"@type\":\"PropertyValueSpecification\",\"valueRequired\":true,\"valueName\":\"search_term_string\"}}],\"inLanguage\":\"da-DK\"}]}<\/script>\n<!-- \/ Yoast SEO plugin. -->","yoast_head_json":{"title":"\u00d8konomisystem restaurant - Trivec","description":"Integrer dit kassesystem med dit \u00f8konomisystem til restaurant. Automatisk fakturering. F\u00e5 en komplet regnskabsrapport!","robots":{"index":"noindex","follow":"follow"},"og_locale":"da_DK","og_type":"article","og_title":"\u00d8konomisystem restaurant - Trivec","og_description":"Integrer dit kassesystem med dit \u00f8konomisystem til restaurant. Automatisk fakturering. F\u00e5 en komplet regnskabsrapport!","og_url":"https:\/\/trivec.aws-staging.swace.se\/da\/produkter\/integrer-dit-pos-system-med-dit-oekonomisystem\/","og_site_name":"Trivec","article_modified_time":"2023-02-09T14:57:05+00:00","twitter_card":"summary_large_image","schema":{"@context":"https:\/\/schema.org","@graph":[{"@type":"WebPage","@id":"https:\/\/trivec.aws-staging.swace.se\/da\/produkter\/integrer-dit-pos-system-med-dit-oekonomisystem\/","url":"https:\/\/trivec.aws-staging.swace.se\/da\/produkter\/integrer-dit-pos-system-med-dit-oekonomisystem\/","name":"\u00d8konomisystem restaurant - Trivec","isPartOf":{"@id":"https:\/\/trivec.aws-staging.swace.se\/da\/#website"},"datePublished":"2020-12-21T16:04:02+00:00","dateModified":"2023-02-09T14:57:05+00:00","description":"Integrer dit kassesystem med dit \u00f8konomisystem til restaurant. Automatisk fakturering. F\u00e5 en komplet regnskabsrapport!","breadcrumb":{"@id":"https:\/\/trivec.aws-staging.swace.se\/da\/produkter\/integrer-dit-pos-system-med-dit-oekonomisystem\/#breadcrumb"},"inLanguage":"da-DK","potentialAction":[{"@type":"ReadAction","target":["https:\/\/trivec.aws-staging.swace.se\/da\/produkter\/integrer-dit-pos-system-med-dit-oekonomisystem\/"]}]},{"@type":"BreadcrumbList","@id":"https:\/\/trivec.aws-staging.swace.se\/da\/produkter\/integrer-dit-pos-system-med-dit-oekonomisystem\/#breadcrumb","itemListElement":[{"@type":"ListItem","position":1,"name":"Home","item":"https:\/\/trivec.aws-staging.swace.se\/da\/"},{"@type":"ListItem","position":2,"name":"Produkter","item":"https:\/\/trivec.aws-staging.swace.se\/da\/produkter\/"},{"@type":"ListItem","position":3,"name":"Integrer dit POS-system med dit \u00f8konomisystem"}]},{"@type":"WebSite","@id":"https:\/\/trivec.aws-staging.swace.se\/da\/#website","url":"https:\/\/trivec.aws-staging.swace.se\/da\/","name":"Trivec","description":"Markedsledende kassesystem til restauranter, hotel og barer","potentialAction":[{"@type":"SearchAction","target":{"@type":"EntryPoint","urlTemplate":"https:\/\/trivec.aws-staging.swace.se\/da\/?s={search_term_string}"},"query-input":{"@type":"PropertyValueSpecification","valueRequired":true,"valueName":"search_term_string"}}],"inLanguage":"da-DK"}]}},"_links":{"self":[{"href":"https:\/\/trivec.aws-staging.swace.se\/da\/wp-json\/wp\/v2\/pages\/13692","targetHints":{"allow":["GET"]}}],"collection":[{"href":"https:\/\/trivec.aws-staging.swace.se\/da\/wp-json\/wp\/v2\/pages"}],"about":[{"href":"https:\/\/trivec.aws-staging.swace.se\/da\/wp-json\/wp\/v2\/types\/page"}],"author":[{"embeddable":true,"href":"https:\/\/trivec.aws-staging.swace.se\/da\/wp-json\/wp\/v2\/users\/2"}],"replies":[{"embeddable":true,"href":"https:\/\/trivec.aws-staging.swace.se\/da\/wp-json\/wp\/v2\/comments?post=13692"}],"version-history":[{"count":18,"href":"https:\/\/trivec.aws-staging.swace.se\/da\/wp-json\/wp\/v2\/pages\/13692\/revisions"}],"predecessor-version":[{"id":30643,"href":"https:\/\/trivec.aws-staging.swace.se\/da\/wp-json\/wp\/v2\/pages\/13692\/revisions\/30643"}],"up":[{"embeddable":true,"href":"https:\/\/trivec.aws-staging.swace.se\/da\/wp-json\/wp\/v2\/pages\/1141"}],"wp:attachment":[{"href":"https:\/\/trivec.aws-staging.swace.se\/da\/wp-json\/wp\/v2\/media?parent=13692"}],"curies":[{"name":"wp","href":"https:\/\/api.w.org\/{rel}","templated":true}]}}