{"id":1105,"date":"2018-12-07T07:49:46","date_gmt":"2018-12-07T07:49:46","guid":{"rendered":"https:\/\/www.trivec.se\/login\/"},"modified":"2021-05-19T13:19:28","modified_gmt":"2021-05-19T11:19:28","slug":"my-trivec","status":"publish","type":"page","link":"https:\/\/trivec.aws-staging.swace.se\/da\/my-trivec\/","title":{"rendered":"My Trivec"},"content":{"rendered":"<div class=\"wpb-content-wrapper\"><p>[vc_row use_background_image=&#8221;yes&#8221; vertical_align_center=&#8221;yes&#8221;][vc_column width=&#8221;1\/2&#8243;][vc_single_image image=&#8221;822&#8243;][\/vc_column][vc_column width=&#8221;1\/2&#8243;][vc_headline icon=&#8221;&#8221;]MyTrivec[\/vc_headline][vc_column_text]Med vores webservice My Trivec f\u00e5r du adgang til alle relevante data relateret til din restaurant. Du kan se dit salg i realtid og kan producere rapporter. Uanset hvor du er, har du kontrol over dit salg. Du kan ogs\u00e5 tilf\u00f8je tjenester til My Trivec og udvide portalen. Tjenesten er gratis i grundl\u00e6ggende udf\u00f8relse.<\/p>\n<p>Kom i gang i dag ved at oprette en konto eller log ind p\u00e5 din eksisterende konto![\/vc_column_text][vc_btn cta_text_color=&#8221;white&#8221; title=&#8221;MyTrivec&#8221; link=&#8221;url:https%3A%2F%2Fmytrivec.com%2Flogin|||&#8221;][\/vc_column][\/vc_row]<\/p>\n<\/div>","protected":false},"excerpt":{"rendered":"<p>[vc_row use_background_image=&#8221;yes&#8221; vertical_align_center=&#8221;yes&#8221;][vc_column width=&#8221;1\/2&#8243;][vc_single_image image=&#8221;822&#8243;][\/vc_column][vc_column width=&#8221;1\/2&#8243;][vc_headline icon=&#8221;&#8221;]MyTrivec[\/vc_headline][vc_column_text]Med vores webservice My Trivec f\u00e5r du adgang til alle relevante data relateret til din restaurant. Du kan se dit salg i realtid og kan producere rapporter. Uanset hvor du er, har du kontrol over dit salg. Du kan ogs\u00e5 tilf\u00f8je tjenester til My Trivec og udvide portalen. Tjenesten [&hellip;]<\/p>\n","protected":false},"author":1,"featured_media":0,"parent":0,"menu_order":14,"comment_status":"closed","ping_status":"closed","template":"","meta":{"_acf_changed":false,"content-type":"","footnotes":""},"class_list":["post-1105","page","type-page","status-publish","hentry"],"acf":[],"yoast_head":"<!-- This site is optimized with the Yoast SEO plugin v27.2 - https:\/\/yoast.com\/product\/yoast-seo-wordpress\/ -->\n<title>My Trivec - Trivec<\/title>\n<meta name=\"robots\" content=\"noindex, follow\" \/>\n<meta property=\"og:locale\" content=\"da_DK\" \/>\n<meta property=\"og:type\" content=\"article\" \/>\n<meta property=\"og:title\" content=\"My Trivec - Trivec\" \/>\n<meta property=\"og:description\" content=\"[vc_row use_background_image=&#8221;yes&#8221; vertical_align_center=&#8221;yes&#8221;][vc_column width=&#8221;1\/2&#8243;][vc_single_image image=&#8221;822&#8243;][\/vc_column][vc_column width=&#8221;1\/2&#8243;][vc_headline icon=&#8221;&#8221;]MyTrivec[\/vc_headline][vc_column_text]Med vores webservice My Trivec f\u00e5r du adgang til alle relevante data relateret til din restaurant. Du kan se dit salg i realtid og kan producere rapporter. Uanset hvor du er, har du kontrol over dit salg. Du kan ogs\u00e5 tilf\u00f8je tjenester til My Trivec og udvide portalen. Tjenesten [&hellip;]\" \/>\n<meta property=\"og:url\" content=\"https:\/\/trivec.aws-staging.swace.se\/da\/my-trivec\/\" \/>\n<meta property=\"og:site_name\" content=\"Trivec\" \/>\n<meta property=\"article:modified_time\" content=\"2021-05-19T11:19:28+00:00\" \/>\n<meta name=\"twitter:card\" content=\"summary_large_image\" \/>\n<meta name=\"twitter:label1\" content=\"Estimeret l\u00e6setid\" \/>\n\t<meta name=\"twitter:data1\" content=\"1 minut\" \/>\n<script type=\"application\/ld+json\" class=\"yoast-schema-graph\">{\"@context\":\"https:\/\/schema.org\",\"@graph\":[{\"@type\":\"WebPage\",\"@id\":\"https:\/\/trivec.aws-staging.swace.se\/da\/my-trivec\/\",\"url\":\"https:\/\/trivec.aws-staging.swace.se\/da\/my-trivec\/\",\"name\":\"My Trivec - Trivec\",\"isPartOf\":{\"@id\":\"https:\/\/trivec.aws-staging.swace.se\/da\/#website\"},\"datePublished\":\"2018-12-07T07:49:46+00:00\",\"dateModified\":\"2021-05-19T11:19:28+00:00\",\"breadcrumb\":{\"@id\":\"https:\/\/trivec.aws-staging.swace.se\/da\/my-trivec\/#breadcrumb\"},\"inLanguage\":\"da-DK\",\"potentialAction\":[{\"@type\":\"ReadAction\",\"target\":[\"https:\/\/trivec.aws-staging.swace.se\/da\/my-trivec\/\"]}]},{\"@type\":\"BreadcrumbList\",\"@id\":\"https:\/\/trivec.aws-staging.swace.se\/da\/my-trivec\/#breadcrumb\",\"itemListElement\":[{\"@type\":\"ListItem\",\"position\":1,\"name\":\"Home\",\"item\":\"https:\/\/trivec.aws-staging.swace.se\/da\/\"},{\"@type\":\"ListItem\",\"position\":2,\"name\":\"My Trivec\"}]},{\"@type\":\"WebSite\",\"@id\":\"https:\/\/trivec.aws-staging.swace.se\/da\/#website\",\"url\":\"https:\/\/trivec.aws-staging.swace.se\/da\/\",\"name\":\"Trivec\",\"description\":\"Markedsledende kassesystem til restauranter, hotel og barer\",\"potentialAction\":[{\"@type\":\"SearchAction\",\"target\":{\"@type\":\"EntryPoint\",\"urlTemplate\":\"https:\/\/trivec.aws-staging.swace.se\/da\/?s={search_term_string}\"},\"query-input\":{\"@type\":\"PropertyValueSpecification\",\"valueRequired\":true,\"valueName\":\"search_term_string\"}}],\"inLanguage\":\"da-DK\"}]}<\/script>\n<!-- \/ Yoast SEO plugin. -->","yoast_head_json":{"title":"My Trivec - Trivec","robots":{"index":"noindex","follow":"follow"},"og_locale":"da_DK","og_type":"article","og_title":"My Trivec - Trivec","og_description":"[vc_row use_background_image=&#8221;yes&#8221; vertical_align_center=&#8221;yes&#8221;][vc_column width=&#8221;1\/2&#8243;][vc_single_image image=&#8221;822&#8243;][\/vc_column][vc_column width=&#8221;1\/2&#8243;][vc_headline icon=&#8221;&#8221;]MyTrivec[\/vc_headline][vc_column_text]Med vores webservice My Trivec f\u00e5r du adgang til alle relevante data relateret til din restaurant. Du kan se dit salg i realtid og kan producere rapporter. Uanset hvor du er, har du kontrol over dit salg. Du kan ogs\u00e5 tilf\u00f8je tjenester til My Trivec og udvide portalen. Tjenesten [&hellip;]","og_url":"https:\/\/trivec.aws-staging.swace.se\/da\/my-trivec\/","og_site_name":"Trivec","article_modified_time":"2021-05-19T11:19:28+00:00","twitter_card":"summary_large_image","twitter_misc":{"Estimeret l\u00e6setid":"1 minut"},"schema":{"@context":"https:\/\/schema.org","@graph":[{"@type":"WebPage","@id":"https:\/\/trivec.aws-staging.swace.se\/da\/my-trivec\/","url":"https:\/\/trivec.aws-staging.swace.se\/da\/my-trivec\/","name":"My Trivec - Trivec","isPartOf":{"@id":"https:\/\/trivec.aws-staging.swace.se\/da\/#website"},"datePublished":"2018-12-07T07:49:46+00:00","dateModified":"2021-05-19T11:19:28+00:00","breadcrumb":{"@id":"https:\/\/trivec.aws-staging.swace.se\/da\/my-trivec\/#breadcrumb"},"inLanguage":"da-DK","potentialAction":[{"@type":"ReadAction","target":["https:\/\/trivec.aws-staging.swace.se\/da\/my-trivec\/"]}]},{"@type":"BreadcrumbList","@id":"https:\/\/trivec.aws-staging.swace.se\/da\/my-trivec\/#breadcrumb","itemListElement":[{"@type":"ListItem","position":1,"name":"Home","item":"https:\/\/trivec.aws-staging.swace.se\/da\/"},{"@type":"ListItem","position":2,"name":"My Trivec"}]},{"@type":"WebSite","@id":"https:\/\/trivec.aws-staging.swace.se\/da\/#website","url":"https:\/\/trivec.aws-staging.swace.se\/da\/","name":"Trivec","description":"Markedsledende kassesystem til restauranter, hotel og barer","potentialAction":[{"@type":"SearchAction","target":{"@type":"EntryPoint","urlTemplate":"https:\/\/trivec.aws-staging.swace.se\/da\/?s={search_term_string}"},"query-input":{"@type":"PropertyValueSpecification","valueRequired":true,"valueName":"search_term_string"}}],"inLanguage":"da-DK"}]}},"_links":{"self":[{"href":"https:\/\/trivec.aws-staging.swace.se\/da\/wp-json\/wp\/v2\/pages\/1105","targetHints":{"allow":["GET"]}}],"collection":[{"href":"https:\/\/trivec.aws-staging.swace.se\/da\/wp-json\/wp\/v2\/pages"}],"about":[{"href":"https:\/\/trivec.aws-staging.swace.se\/da\/wp-json\/wp\/v2\/types\/page"}],"author":[{"embeddable":true,"href":"https:\/\/trivec.aws-staging.swace.se\/da\/wp-json\/wp\/v2\/users\/1"}],"replies":[{"embeddable":true,"href":"https:\/\/trivec.aws-staging.swace.se\/da\/wp-json\/wp\/v2\/comments?post=1105"}],"version-history":[{"count":4,"href":"https:\/\/trivec.aws-staging.swace.se\/da\/wp-json\/wp\/v2\/pages\/1105\/revisions"}],"predecessor-version":[{"id":17338,"href":"https:\/\/trivec.aws-staging.swace.se\/da\/wp-json\/wp\/v2\/pages\/1105\/revisions\/17338"}],"wp:attachment":[{"href":"https:\/\/trivec.aws-staging.swace.se\/da\/wp-json\/wp\/v2\/media?parent=1105"}],"curies":[{"name":"wp","href":"https:\/\/api.w.org\/{rel}","templated":true}]}}