{"id":21883,"date":"2021-11-15T16:02:22","date_gmt":"2021-11-15T15:02:22","guid":{"rendered":"https:\/\/trivec.aws-staging.swace.se\/?page_id=21883"},"modified":"2023-01-20T11:31:32","modified_gmt":"2023-01-20T10:31:32","slug":"een-bar-beginnen","status":"publish","type":"page","link":"https:\/\/trivec.aws-staging.swace.se\/be-nl\/resources\/white-papers\/een-bar-beginnen\/","title":{"rendered":"Een bar beginnen"},"content":{"rendered":"<div class=\"wpb-content-wrapper\"><p>[vc_row][vc_column][vc_pillarpage headline_xl_1=&#8221;Een bar beginnen &#8211; snel winstgevend worden!&#8221; text_xl=&#8221;Wil je een bar beginnen en winstgevend worden? Als bar-eigenaar of -manager heb je je hoogstwaarschijnlijk al weleens afgevraagd hoe technologie en digitale systemen niet alleen je processen en winst kunnen verbeteren, maar ook de beleving van je bezoekers. Deze doelstellingen gaan niet altijd samen. Uiteindelijk kijkt elke succesvolle caf\u00e9-uitbater altijd met \u00e9\u00e9n oog naar de cijfers terwijl hij of zij er ook voor zorgt dat de reputatie van de zaak en goede bediening van de klant vooropstaan.<\/p>\n<p>Het kassasysteem van een succesvol caf\u00e9 is vaak het eerste moment waarop klanten in contact komen met het personeel. Het is belangrijk dat nieuwe technologie of digitale systemen niets afdoen aan de gepersonaliseerde beleving en dat het gekozen platform niet alleen een goede prijs-kwaliteitverhouding heeft, maar ook andere zaken integreert, zoals de barvoorraad, voorraadbeheer en een snel betalingsproces. Er is zeker geen one size fits all-oplossing en je zult ook je winstmarges en barbediening in overweging moeten nemen. Als u een bar wilt beginnen die winstgevend zal zijn, volg dan onze eenvoudige tips!&#8221; chapter_1=&#8221;Kapitel 1&#8243; headline_l_1=&#8221;Voordeel halen uit je investering&#8221; text_l_1=&#8221;Het management van restaurants zijn soms wat terughoudend als het op verandering aankomt, tenzij de verandering een echte meerwaarde heeft. Dat geldt voor de hele horecasector. Of je nu een nieuw caf\u00e9 hebt of juist een bestaande zaak waarvan je de systemen wilt verbeteren en\/of je wilt onderscheiden van de concurrentie, er zijn meer dan genoeg manieren waarop een investering in technologie het verschil maakt in effici\u00ebntie, rendement en klantenbeleving.<\/p>\n<p>Onlangs hebben we bij verschillende klanten in Europa slimme drankverdeelsystemen ge\u00efnstalleerd. De gegevens en cijfers die daaruit voortkwamen, weerspiegelen perfect waar we het hierboven over hebben. Ook de voordelen spreken voor zich. We hebben een aantal tips verzameld rond caf\u00e9beheer, met daarin ook advies over slimme drankverdeelsystemen om je zo te laten zien hoe je een winstgevend caf\u00e9 kunt runnen en een geweldige beleving cre\u00ebert.&#8221; chapter_2=&#8221;Kapitel 2&#8243; headline_l_2=&#8221;De beleving verder verbeteren&#8221; text_l_2=&#8221;Snelle betalingen en blije klanten staan hoog op het lijstje van elke caf\u00e9-eigenaar. Stel je voor dat je een beleving kunt cre\u00ebren waarbij je klanten zichzelf bedienen terwijl de medewerkers klaarstaan om hen te helpen waar nodig.<\/p>\n<p>Een biermuur met zelfbediening is bijvoorbeeld een van de vele drankverdeeloplossingen die door klanten in Frankrijk, Belgi\u00eb en Duitsland wordt gebruikt. Daarnaast zijn er nog slimme tappen, tapmuren, zelfbedieningstappen en dispenseroplossingen voor allerlei dranken. Zo kunnen dranken zowel door je personeel als door je bezoekers geschonken worden.<\/p>\n<p>De systemen worden ge\u00efntegreerd in ons kassasysteem, waardoor je een realtime-overzicht krijgt van de precieze cijfers, verkoop en geschonken hoeveelheden. De oplossingen zijn flexibel genoeg om aan elk van je specifieke noden te voldoen, maar hebben ook \u00e9\u00e9n ding gemeen: ze zijn slim en leveren je concrete cijfers op over allerlei aspecten van je zaak, zoals voorraadbeheer en rendement.<br \/>\nZelfbedieningspunten of geautomatiseerde oplossingen in je caf\u00e9 bieden je meer grip op je zaak en een beter beheer.&#8221; chapter_3=&#8221;Kapitel 3&#8243; headline_l_3=&#8221;Met data het rendement van je bar verhogen&#8221; text_l_3=&#8221;Onderdeel van onze slimme drankverdeelsystemen is het revolutionaire tapsysteem dat de winstmarges van onze klanten op sterke dranken keer op keer verbeterd heeft.<\/p>\n<p>Je schenkt niet langer te veel (tenzij je er zelf voor wilt betalen) en happy hours die je winstmarges niet bepaald happy maken zijn ook verleden tijd. Stel je voor dat je verdient aan elke druppel alcohol die in jouw zaak geschonken wordt. Of het nu om alcoholische of niet-alcoholische dranken gaat, oplossingen waarmee de dosering wordt gecontroleerd, zoals elektronische kleppen en doseringssoftware, garanderen nauwkeurige hoeveelheden. Zo vermijd je dat je personeel te veel inschenkt, per ongeluk drank morst of gratis drank weggeeft en word je betaald voor elke centiliter. Zo bespaar je duizenden euro\u2019s per jaar.<\/p>\n<p>En dan zijn er de data nog! Met onze rekenmachine bereken je snel hoeveel jij kunt besparen. Onze klanten hebben toegang tot informatie en rapporten die naadloos op elkaar afgesteld zijn.&#8221; chapter_4=&#8221;Kapitel 4&#8243; headline_l_4=&#8221;Een geweldige klantenervaring cre\u00ebren&#8221; text_l_4=&#8221;Caf\u00e9s maken deel uit van onze cultuur. Maar ook clubs, wijnbars en hotelbars zijn populair bij heel wat mensen, van de oudere generatie die graag voor het bekende kiest tot de millennials en Gen Z die zich door beleving laten leiden. Dat uitgaansgelegenheden een trend zijn, merk je ter plekke \u00e9n op social media. Door je klanten een toffe beleving te bezorgen, onderscheidt jouw zaak zich van de rest van de \u2013 relatief drukke \u2013 horecamarkt.<\/p>\n<p>Klanttevredenheid zorgt immers niet alleen voor meer winst, maar is ook een bijkomend voordeel van slimme drankverdeelsystemen. Het is je inmiddels waarschijnlijk wel duidelijk dat een snelle bediening en consistentie belangrijke factoren zijn van deze automatische systemen. Ja, het systeem kan ge\u00efntegreerd worden in een creatieve- of evenementenruimte voor die extra wow-factor, maar werkt in een gewoonlijke horecasetting even goed. Je klanten zullen ervan genieten.<br \/>\nStel je voor dat je over een wijnsysteem beschikt dat meerdere dranken tegelijkertijd kan inschenken, of over een drankpistool dat is aangesloten op de vaten.<\/p>\n<p>Of misschien over een van onze bierverdeelsystemen met meerdere tappen, waardoor je meerdere glazen tegelijkertijd kunt inschenken. Het zijn allemaal voorbeelden van manieren waarop je de wachttijd voor je klanten kunt inkorten en hen maximaal plezier biedt.&#8221; chapter_5=&#8221;Kapitel 5&#8243; headline_l_5=&#8221;Je personeel op de juiste manier managen en arbeidskosten verminderen&#8221; text_l_5=&#8221;Dankzij automatisering gaat er geen euro verloren. Tegelijkertijd bespaar je heel wat op je personeelskosten en maak je het werk van je personeel minder stresserend. Een geautomatiseerd systeem helpt je personeel om meerdere drankjes tegelijkertijd te serveren, waardoor niemand nog toezicht hoeft te houden op hoeveel er geschonken wordt. Je zou het inschenken zelfs aan de klant kunnen overlaten dankzij de zelfbedieningsopties. Misschien iets wat voor jou?<\/p>\n<p>Laten we eerlijk zijn, veel klanten zijn er nog niet klaar voor om een zaak binnen te stappen en daar niet bediend te worden door personeel. Je medewerkers dragen als ambassadeurs het DNA van jouw caf\u00e9 uit en dragen met hun service bij aan de klanttevredenheid. Maar Mmet een drankautomatiseringssysteem kunnen je medewerkers zich wel meer focussen op het bedienen van klanten en op belangrijkere taken.<\/p>\n<p>Een gestresseerde barmedewerker tijdens een drukke avondshift doet niemand een plezier, toch? Een geautomatiseerd drankensysteem met meerdere taps vraagt minder van je personeel, verkort de wachttijd, en bespaart je geld.&#8221; whitepaper_text=&#8221;Wat een intelligent dranksysteem voor u kan doen&#8221; download_button=&#8221;Download nu&#8221; whitepaper_image_attachment=&#8221;30025&#8243; link_button=&#8221;url:https%3A%2F%2Flp.trivec.aws-staging.swace.se%2Fnl-be%2Fdownloaden-barautomatisering|||&#8221;][vc_pillarpage_textblock headline_text=&#8221;Ga je een bar openen? Als leverancier van kassasystemen voor de horeca staan wij voor je klaar!&#8221; long_text=&#8221;Ga je een bar beginnen? Wat je ook wilt verbeteren aan je caf\u00e9 of zaak, neem contact op met leveranciers en experten om na te gaan wat de mogelijkheden zijn. Kennis is macht, zo wordt er ook wel gezegd, en weten wat er op de markt beschikbaar is kan je inspireren om die verandering in gang te zetten. In onze gids vind je eenvoudige tips die effectief zijn voor wie een bar wil beginnen.<\/p>\n<p>Benoem in zo\u2019n gesprek zeker de punten die we hier besproken hebben. Want of je nu een drukke nachtclub, een lokaal caf\u00e9 of een restaurant hebt, drankenautomatisering is een investering waarin je je zeker zou moeten verdiepen.<br \/>\nKort samengevat zijn er een aantal grote voordelen. Automatisering geeft je meer controle en overzicht, helpt verspilling en verlies te verminderen, levert meer vrije tijd op voor jou en je personeel \u00e9n zorgt voor consistentie en een hoge kwaliteit op het vlak van bediening.<\/p>\n<p>Die drankvergunning is niet zomaar een papiertje, het is een levensstijl. Het zorgt dat je klanten een geweldige ervaring hebben \u00e9n staat garant voor jouw eigen inkomen. Genoeg redenen om drank gecontroleerd en winstgevend in jouw voordeel te laten werken en een hogere klanttevredenheid te cre\u00ebren. Een bar beginnen op de juiste manier en wordt winstgevend!&#8221;][\/vc_pillarpage_textblock][vc_pillarpage_textblock headline_text=&#8221;Verhoog uw winstmarge \u2013 bereken uw potenti\u00eble inkomsten&#8221;]Een bar beginnen &#8211; snel winstgevend worden! Hoe kunt u uw barwinstmarge verhogen? Verspilling, te veel inschenken, gratis drankjes uitdelen zijn activiteiten die je in je bar wilt vermijden. Toch gebeurt het nog dagelijks. Dit helpt uw barwinstmarge niet vooruit. U zal versteld staan van de hoeveelheid u maandelijks verspilt in uw bar. Gebruik onze calculator en ontdek hoeveel geld u zou besparen als u alle verspilling, te veel inschenken enz. zou vermijden door een dranksysteem te gebruiken.<\/p>\n<p><a href=\"https:\/\/www.trivec.be\/resources\/artikels\/nachtclub-beginnen\/\">Overweeg je een winstgevende nachtclub te openen?<\/a><\/p>\n<p><a href=\"https:\/\/www.trivec.be\/producten\/barautomatisering\/winstmarge-horeca-calculator\/\">Bereken uw potenti\u00eble winstmarge<\/a>[\/vc_pillarpage_textblock][\/vc_column][\/vc_row]<\/p>\n<\/div>","protected":false},"excerpt":{"rendered":"<p>[vc_row][vc_column][vc_pillarpage headline_xl_1=&#8221;Een bar beginnen &#8211; snel winstgevend worden!&#8221; text_xl=&#8221;Wil je een bar beginnen en winstgevend worden? Als bar-eigenaar of -manager heb je je hoogstwaarschijnlijk al weleens afgevraagd hoe technologie en digitale systemen niet alleen je processen en winst kunnen verbeteren, maar ook de beleving van je bezoekers. Deze doelstellingen gaan niet altijd samen. Uiteindelijk kijkt [&hellip;]<\/p>\n","protected":false},"author":21,"featured_media":0,"parent":21278,"menu_order":0,"comment_status":"closed","ping_status":"closed","template":"","meta":{"_acf_changed":false,"content-type":"","footnotes":""},"class_list":["post-21883","page","type-page","status-publish","hentry"],"acf":[],"yoast_head":"<!-- This site is optimized with the Yoast SEO plugin v27.2 - https:\/\/yoast.com\/product\/yoast-seo-wordpress\/ -->\n<title>Een bar beginnen - Trivec<\/title>\n<meta name=\"description\" content=\"Een bar beginnen met onze geautomatiseerde dranksystemen die zijn ge\u00efntegreerd met onze restaurantkassasystemen. Afval verminderen!\" \/>\n<meta name=\"robots\" content=\"noindex, follow\" \/>\n<meta property=\"og:locale\" content=\"nl_BE\" \/>\n<meta property=\"og:type\" content=\"article\" \/>\n<meta property=\"og:title\" content=\"Een bar beginnen - Trivec\" \/>\n<meta property=\"og:description\" content=\"Een bar beginnen met onze geautomatiseerde dranksystemen die zijn ge\u00efntegreerd met onze restaurantkassasystemen. Afval verminderen!\" \/>\n<meta property=\"og:url\" content=\"https:\/\/trivec.aws-staging.swace.se\/be-nl\/resources\/white-papers\/een-bar-beginnen\/\" \/>\n<meta property=\"og:site_name\" content=\"Trivec\" \/>\n<meta property=\"article:modified_time\" content=\"2023-01-20T10:31:32+00:00\" \/>\n<meta name=\"twitter:card\" content=\"summary_large_image\" \/>\n<meta name=\"twitter:label1\" content=\"Est. reading time\" \/>\n\t<meta name=\"twitter:data1\" content=\"6 minutes\" \/>\n<script type=\"application\/ld+json\" class=\"yoast-schema-graph\">{\"@context\":\"https:\/\/schema.org\",\"@graph\":[{\"@type\":\"WebPage\",\"@id\":\"https:\/\/trivec.aws-staging.swace.se\/be-nl\/resources\/white-papers\/een-bar-beginnen\/\",\"url\":\"https:\/\/trivec.aws-staging.swace.se\/be-nl\/resources\/white-papers\/een-bar-beginnen\/\",\"name\":\"Een bar beginnen - Trivec\",\"isPartOf\":{\"@id\":\"https:\/\/trivec.aws-staging.swace.se\/be-nl\/#website\"},\"datePublished\":\"2021-11-15T15:02:22+00:00\",\"dateModified\":\"2023-01-20T10:31:32+00:00\",\"description\":\"Een bar beginnen met onze geautomatiseerde dranksystemen die zijn ge\u00efntegreerd met onze restaurantkassasystemen. Afval verminderen!\",\"breadcrumb\":{\"@id\":\"https:\/\/trivec.aws-staging.swace.se\/be-nl\/resources\/white-papers\/een-bar-beginnen\/#breadcrumb\"},\"inLanguage\":\"nl-BE\",\"potentialAction\":[{\"@type\":\"ReadAction\",\"target\":[\"https:\/\/trivec.aws-staging.swace.se\/be-nl\/resources\/white-papers\/een-bar-beginnen\/\"]}]},{\"@type\":\"BreadcrumbList\",\"@id\":\"https:\/\/trivec.aws-staging.swace.se\/be-nl\/resources\/white-papers\/een-bar-beginnen\/#breadcrumb\",\"itemListElement\":[{\"@type\":\"ListItem\",\"position\":1,\"name\":\"Home\",\"item\":\"https:\/\/trivec.aws-staging.swace.se\/be-nl\/\"},{\"@type\":\"ListItem\",\"position\":2,\"name\":\"Resources\",\"item\":\"https:\/\/trivec.aws-staging.swace.se\/be-nl\/resources\/\"},{\"@type\":\"ListItem\",\"position\":3,\"name\":\"White papers\",\"item\":\"https:\/\/trivec.aws-staging.swace.se\/be-nl\/resources\/white-papers\/\"},{\"@type\":\"ListItem\",\"position\":4,\"name\":\"Een bar beginnen\"}]},{\"@type\":\"WebSite\",\"@id\":\"https:\/\/trivec.aws-staging.swace.se\/be-nl\/#website\",\"url\":\"https:\/\/trivec.aws-staging.swace.se\/be-nl\/\",\"name\":\"Trivec\",\"description\":\"Marktleider in kassasystemen en barautomatisering voor de horeca\",\"potentialAction\":[{\"@type\":\"SearchAction\",\"target\":{\"@type\":\"EntryPoint\",\"urlTemplate\":\"https:\/\/trivec.aws-staging.swace.se\/be-nl\/?s={search_term_string}\"},\"query-input\":{\"@type\":\"PropertyValueSpecification\",\"valueRequired\":true,\"valueName\":\"search_term_string\"}}],\"inLanguage\":\"nl-BE\"}]}<\/script>\n<!-- \/ Yoast SEO plugin. -->","yoast_head_json":{"title":"Een bar beginnen - Trivec","description":"Een bar beginnen met onze geautomatiseerde dranksystemen die zijn ge\u00efntegreerd met onze restaurantkassasystemen. Afval verminderen!","robots":{"index":"noindex","follow":"follow"},"og_locale":"nl_BE","og_type":"article","og_title":"Een bar beginnen - Trivec","og_description":"Een bar beginnen met onze geautomatiseerde dranksystemen die zijn ge\u00efntegreerd met onze restaurantkassasystemen. Afval verminderen!","og_url":"https:\/\/trivec.aws-staging.swace.se\/be-nl\/resources\/white-papers\/een-bar-beginnen\/","og_site_name":"Trivec","article_modified_time":"2023-01-20T10:31:32+00:00","twitter_card":"summary_large_image","twitter_misc":{"Est. reading time":"6 minutes"},"schema":{"@context":"https:\/\/schema.org","@graph":[{"@type":"WebPage","@id":"https:\/\/trivec.aws-staging.swace.se\/be-nl\/resources\/white-papers\/een-bar-beginnen\/","url":"https:\/\/trivec.aws-staging.swace.se\/be-nl\/resources\/white-papers\/een-bar-beginnen\/","name":"Een bar beginnen - Trivec","isPartOf":{"@id":"https:\/\/trivec.aws-staging.swace.se\/be-nl\/#website"},"datePublished":"2021-11-15T15:02:22+00:00","dateModified":"2023-01-20T10:31:32+00:00","description":"Een bar beginnen met onze geautomatiseerde dranksystemen die zijn ge\u00efntegreerd met onze restaurantkassasystemen. Afval verminderen!","breadcrumb":{"@id":"https:\/\/trivec.aws-staging.swace.se\/be-nl\/resources\/white-papers\/een-bar-beginnen\/#breadcrumb"},"inLanguage":"nl-BE","potentialAction":[{"@type":"ReadAction","target":["https:\/\/trivec.aws-staging.swace.se\/be-nl\/resources\/white-papers\/een-bar-beginnen\/"]}]},{"@type":"BreadcrumbList","@id":"https:\/\/trivec.aws-staging.swace.se\/be-nl\/resources\/white-papers\/een-bar-beginnen\/#breadcrumb","itemListElement":[{"@type":"ListItem","position":1,"name":"Home","item":"https:\/\/trivec.aws-staging.swace.se\/be-nl\/"},{"@type":"ListItem","position":2,"name":"Resources","item":"https:\/\/trivec.aws-staging.swace.se\/be-nl\/resources\/"},{"@type":"ListItem","position":3,"name":"White papers","item":"https:\/\/trivec.aws-staging.swace.se\/be-nl\/resources\/white-papers\/"},{"@type":"ListItem","position":4,"name":"Een bar beginnen"}]},{"@type":"WebSite","@id":"https:\/\/trivec.aws-staging.swace.se\/be-nl\/#website","url":"https:\/\/trivec.aws-staging.swace.se\/be-nl\/","name":"Trivec","description":"Marktleider in kassasystemen en barautomatisering voor de horeca","potentialAction":[{"@type":"SearchAction","target":{"@type":"EntryPoint","urlTemplate":"https:\/\/trivec.aws-staging.swace.se\/be-nl\/?s={search_term_string}"},"query-input":{"@type":"PropertyValueSpecification","valueRequired":true,"valueName":"search_term_string"}}],"inLanguage":"nl-BE"}]}},"_links":{"self":[{"href":"https:\/\/trivec.aws-staging.swace.se\/be-nl\/wp-json\/wp\/v2\/pages\/21883","targetHints":{"allow":["GET"]}}],"collection":[{"href":"https:\/\/trivec.aws-staging.swace.se\/be-nl\/wp-json\/wp\/v2\/pages"}],"about":[{"href":"https:\/\/trivec.aws-staging.swace.se\/be-nl\/wp-json\/wp\/v2\/types\/page"}],"author":[{"embeddable":true,"href":"https:\/\/trivec.aws-staging.swace.se\/be-nl\/wp-json\/wp\/v2\/users\/21"}],"replies":[{"embeddable":true,"href":"https:\/\/trivec.aws-staging.swace.se\/be-nl\/wp-json\/wp\/v2\/comments?post=21883"}],"version-history":[{"count":18,"href":"https:\/\/trivec.aws-staging.swace.se\/be-nl\/wp-json\/wp\/v2\/pages\/21883\/revisions"}],"predecessor-version":[{"id":30033,"href":"https:\/\/trivec.aws-staging.swace.se\/be-nl\/wp-json\/wp\/v2\/pages\/21883\/revisions\/30033"}],"up":[{"embeddable":true,"href":"https:\/\/trivec.aws-staging.swace.se\/be-nl\/wp-json\/wp\/v2\/pages\/21278"}],"wp:attachment":[{"href":"https:\/\/trivec.aws-staging.swace.se\/be-nl\/wp-json\/wp\/v2\/media?parent=21883"}],"curies":[{"name":"wp","href":"https:\/\/api.w.org\/{rel}","templated":true}]}}